{"id":9782,"date":"2025-01-08T17:25:10","date_gmt":"2025-01-08T17:25:10","guid":{"rendered":"https:\/\/homeproject.fr\/fr\/?post_type=product&#038;p=9782"},"modified":"2025-01-08T17:33:01","modified_gmt":"2025-01-08T17:33:01","slug":"tapis-contemporain-a-motifs-geometriques-gabrielle-755xq13-par-sitap","status":"publish","type":"product","link":"https:\/\/homeproject.fr\/fr\/produit\/tapis-contemporain-a-motifs-geometriques-gabrielle-755xq13-par-sitap\/","title":{"rendered":"Tapis contemporain a motifs g\u00e9om\u00e9triques GABRIELLE 755XQ13 par Sitap"},"content":{"rendered":"<div class=\"flex-1 overflow-hidden @container\/thread\">\n<div class=\"h-full\">\n<div class=\"react-scroll-to-bottom--css-avwfw-79elbk h-full\">\n<div class=\"react-scroll-to-bottom--css-avwfw-1n7m0yu\">\n<div class=\"flex flex-col text-sm md:pb-9\">\n<article class=\"w-full scroll-mb-[var(--thread-trailing-height,150px)] text-token-text-primary focus-visible:outline-2 focus-visible:outline-offset-[-4px]\" dir=\"auto\" data-testid=\"conversation-turn-13\" data-scroll-anchor=\"true\">\n<div class=\"m-auto text-base py-[18px] px-3 md:px-4 w-full md:px-5 lg:px-4 xl:px-5\">\n<div class=\"mx-auto flex flex-1 gap-4 text-base md:gap-5 lg:gap-6 md:max-w-3xl lg:max-w-[40rem] xl:max-w-[48rem]\">\n<div class=\"group\/conversation-turn relative flex w-full min-w-0 flex-col agent-turn\">\n<div class=\"flex-col gap-1 md:gap-3\">\n<div class=\"flex max-w-full flex-col flex-grow\">\n<div class=\"min-h-8 text-message flex w-full flex-col items-end gap-2 whitespace-normal break-words text-start [.text-message+&]:mt-5\" dir=\"auto\" data-message-author-role=\"assistant\" data-message-id=\"dc5cab26-9697-46d2-b6fe-c8745ded277b\" data-message-model-slug=\"gpt-4o\">\n<div class=\"flex w-full flex-col gap-1 empty:hidden first:pt-[3px]\">\n<div class=\"markdown prose w-full break-words dark:prose-invert light\">\n<div class=\"flex max-w-full flex-col flex-grow\">\n<div class=\"min-h-8 text-message flex w-full flex-col items-end gap-2 whitespace-normal break-words text-start [.text-message+&]:mt-5\" dir=\"auto\" data-message-author-role=\"assistant\" data-message-id=\"2e086509-738a-440b-aa3a-0d6f593be17b\" data-message-model-slug=\"gpt-4o\">\n<div class=\"flex w-full flex-col gap-1 empty:hidden first:pt-[3px]\">\n<div class=\"markdown prose w-full break-words dark:prose-invert light\">\n<p>Fabriqu\u00e9 \u00e0 partir d\u2019un m\u00e9lange de viscose (50 %) et de polypropyl\u00e8ne (50 %), le tapis Gabrielle offre une texture luxueuse et une brillance distinctive. Avec sa palette en noir, gris et or, il s\u2019int\u00e8gre harmonieusement dans des int\u00e9rieurs modernes, qu\u2019il s\u2019agisse de salons, de chambres ou m\u00eame d\u2019espaces contractuels. Le choix audacieux du motif g\u00e9om\u00e9trique et du contraste Black & White en fait une pi\u00e8ce polyvalente, parfaite pour sublimer vos espaces de vie.<\/p>\n<h4><strong>Caract\u00e9ristiques techniques :<\/strong><\/h4>\n<ul>\n<li><strong>Ambiances<\/strong> : Living, chambre \u00e0 coucher, contract<\/li>\n<li><strong>Couleurs<\/strong> : Noir, gris, or<\/li>\n<li><strong>Mat\u00e9riaux<\/strong> : 50 % viscose, 50 % polypropyl\u00e8ne<\/li>\n<li><strong>Poids<\/strong> : 1300 g\/m\u00b2<\/li>\n<li><strong>Origine<\/strong> : \u00c9gypte<\/li>\n<li><strong>Motif<\/strong> : G\u00e9om\u00e9trique<\/li>\n<li><strong>Forme<\/strong> : Rectangulaire<\/li>\n<\/ul>\n<h3>Pourquoi choisir le tapis Gabrielle ?<\/h3>\n<p>Sa brillance et son design \u00e9l\u00e9gant en font un choix id\u00e9al pour les amateurs de d\u00e9coration raffin\u00e9e et moderne. Ce tapis est non seulement un objet fonctionnel, mais \u00e9galement une \u0153uvre d\u2019art qui apportera profondeur et caract\u00e8re \u00e0 votre int\u00e9rieur.<\/p>\n<p>Optimisez vos espaces avec le tapis Gabrielle et laissez sa beaut\u00e9 intemporelle transformer votre d\u00e9coration.<\/p>\n<p><strong style=\"font-family: inherit; font-size: 30px;\">Vous avez des questions ?<\/strong><\/p>\n<\/div>\n<\/div>\n<\/div>\n<\/div>\n<style id=\"wpforms-css-vars-3675\">\n\t\t\t\t#wpforms-3675 {\n\t\t\t\t\n\t\t\t}\n\t\t\t<\/style><div class=\"wpforms-container wpforms-container-full wpforms-render-modern\" id=\"wpforms-3675\"><form id=\"wpforms-form-3675\" class=\"wpforms-validate wpforms-form wpforms-ajax-form\" data-formid=\"3675\" method=\"post\" enctype=\"multipart\/form-data\" action=\"\/fr\/wp-json\/wp\/v2\/product\/9782\" data-token=\"d9cac57c667df8bc4c0070341ca78ed8\" data-token-time=\"1778553034\"><noscript class=\"wpforms-error-noscript\">Veuillez activer JavaScript dans votre navigateur pour remplir ce formulaire.<\/noscript><div id=\"wpforms-error-noscript\" style=\"display: none;\">Veuillez activer JavaScript dans votre navigateur pour remplir ce formulaire.<\/div><div class=\"wpforms-field-container\"><div id=\"wpforms-3675-field_3-container\" class=\"wpforms-field wpforms-field-name\" data-field-id=\"3\"><fieldset><legend class=\"wpforms-field-label\">Nom <span class=\"wpforms-required-label\" aria-hidden=\"true\">*<\/span><\/legend><div class=\"wpforms-field-row wpforms-field-medium\"><div class=\"wpforms-field-row-block wpforms-first wpforms-one-half\"><input type=\"text\" id=\"wpforms-3675-field_3\" class=\"wpforms-field-name-first wpforms-field-required\" name=\"wpforms[fields][3][first]\" aria-errormessage=\"wpforms-3675-field_3-error\" required><label for=\"wpforms-3675-field_3\" class=\"wpforms-field-sublabel after\">Pr\u00e9nom<\/label><\/div><div class=\"wpforms-field-row-block wpforms-one-half\"><input type=\"text\" id=\"wpforms-3675-field_3-last\" class=\"wpforms-field-name-last wpforms-field-required\" name=\"wpforms[fields][3][last]\" aria-errormessage=\"wpforms-3675-field_3-last-error\" required><label for=\"wpforms-3675-field_3-last\" class=\"wpforms-field-sublabel after\">Nom<\/label><\/div><\/div><\/fieldset><\/div><div id=\"wpforms-3675-field_4-container\" class=\"wpforms-field wpforms-field-email\" data-field-id=\"4\"><label class=\"wpforms-field-label\" for=\"wpforms-3675-field_4\">E-mail <span class=\"wpforms-required-label\" aria-hidden=\"true\">*<\/span><\/label><input type=\"email\" id=\"wpforms-3675-field_4\" class=\"wpforms-field-medium wpforms-field-required\" name=\"wpforms[fields][4]\" spellcheck=\"false\" aria-errormessage=\"wpforms-3675-field_4-error\" required><\/div>\t\t<div id=\"wpforms-3675-field_1-container\"\n\t\t\tclass=\"wpforms-field wpforms-field-text\"\n\t\t\tdata-field-type=\"text\"\n\t\t\tdata-field-id=\"1\"\n\t\t\t>\n\t\t\t<label class=\"wpforms-field-label\" for=\"wpforms-3675-field_1\" >Message Nom E-mail<\/label>\n\t\t\t<input type=\"text\" id=\"wpforms-3675-field_1\" class=\"wpforms-field-medium\" name=\"wpforms[fields][1]\" >\n\t\t<\/div>\n\t\t<div id=\"wpforms-3675-field_5-container\" class=\"wpforms-field wpforms-field-textarea\" data-field-id=\"5\"><label class=\"wpforms-field-label\" for=\"wpforms-3675-field_5\">Message <span class=\"wpforms-required-label\" aria-hidden=\"true\">*<\/span><\/label><textarea id=\"wpforms-3675-field_5\" class=\"wpforms-field-medium wpforms-field-required\" name=\"wpforms[fields][5]\" aria-errormessage=\"wpforms-3675-field_5-error\" required><\/textarea><\/div><script>\n\t\t\t\t( function() {\n\t\t\t\t\tconst style = document.createElement( 'style' );\n\t\t\t\t\tstyle.appendChild( document.createTextNode( '#wpforms-3675-field_1-container { position: absolute !important; overflow: hidden !important; display: inline !important; height: 1px !important; width: 1px !important; z-index: -1000 !important; padding: 0 !important; } #wpforms-3675-field_1-container input { visibility: hidden; } #wpforms-conversational-form-page #wpforms-3675-field_1-container label { counter-increment: none; }' ) );\n\t\t\t\t\tdocument.head.appendChild( style );\n\t\t\t\t\tdocument.currentScript?.remove();\n\t\t\t\t} )();\n\t\t\t<\/script><\/div><!-- .wpforms-field-container --><div class=\"wpforms-submit-container\" ><input type=\"hidden\" name=\"wpforms[id]\" value=\"3675\"><input type=\"hidden\" name=\"page_title\" value=\"\"><input type=\"hidden\" name=\"page_url\" value=\"https:\/\/homeproject.fr\/fr\/wp-json\/wp\/v2\/product\/9782\"><input type=\"hidden\" name=\"url_referer\" value=\"\"><button type=\"submit\" name=\"wpforms[submit]\" id=\"wpforms-submit-3675\" class=\"wpforms-submit\" data-alt-text=\"Envoi...\" data-submit-text=\"Envoyer\" aria-live=\"assertive\" value=\"wpforms-submit\">Envoyer<\/button><img decoding=\"async\" src=\"https:\/\/homeproject.fr\/fr\/wp-content\/plugins\/wpforms-lite\/assets\/images\/submit-spin.svg\" class=\"wpforms-submit-spinner\" style=\"display: none;\" width=\"26\" height=\"26\" alt=\"Chargement en cours\"><\/div><\/form><\/div>  <!-- .wpforms-container -->\n<\/div>\n<\/div>\n<\/div>\n<\/div>\n<\/div>\n<\/div>\n<\/div>\n<\/div>\n<\/article>\n<\/div>\n<\/div>\n<\/div>\n<\/div>\n<\/div>\n","protected":false},"excerpt":{"rendered":"<p>D\u00e9couvrez le <strong>tapis Gabrielle 755X\/Q13<\/strong>, une pi\u00e8ce phare de la collection Pr\u00eat-\u00e0-Porter par <strong>Sitap Carpet Couture Italia<\/strong>. Ce tapis de design contemporain, tiss\u00e9 \u00e0 la machine, incarne le style cube g\u00e9om\u00e9trique, un v\u00e9ritable leitmotiv de cette collection. Son motif innovant, sublim\u00e9 par des losanges entrelac\u00e9s et une bordure dor\u00e9e, cr\u00e9e un contraste saisissant avec le d\u00e9grad\u00e9 de viscose qui passe \u00e9l\u00e9gamment du gris au noir. Cette conception unique associe modernit\u00e9 et raffinement pour illuminer n\u2019importe quel espace.<\/p>\n","protected":false},"featured_media":9786,"template":"","meta":{"_uf_show_specific_survey":0,"_uf_disable_surveys":false,"iawp_total_views":20},"product_brand":[],"product_cat":[349],"product_tag":[],"class_list":{"0":"post-9782","1":"product","2":"type-product","3":"status-publish","4":"has-post-thumbnail","6":"product_cat-tapis","7":"product_shipping_class-gros-colis-messagerie","8":"pa_collection-gabrielle-par-sitap","9":"pa_marque-sitap","10":"pa_materiau-acrylique","11":"pa_materiau-viscose","13":"first","14":"instock","15":"sale","16":"taxable","17":"shipping-taxable","18":"purchasable","19":"product-type-variable"},"yoast_head":"<!-- This site is optimized with the Yoast SEO plugin v27.5 - https:\/\/yoast.com\/product\/yoast-seo-wordpress\/ -->\n<title>Tapis contemporain a motifs g\u00e9om\u00e9triques GABRIELLE 755XQ13 par Sitap - Homeproject.fr<\/title>\n<meta name=\"robots\" content=\"index, follow, max-snippet:-1, max-image-preview:large, max-video-preview:-1\" \/>\n<link rel=\"canonical\" href=\"https:\/\/homeproject.fr\/fr\/produit\/tapis-contemporain-a-motifs-geometriques-gabrielle-755xq13-par-sitap\/\" \/>\n<meta property=\"og:locale\" content=\"fr_FR\" \/>\n<meta property=\"og:type\" content=\"article\" \/>\n<meta property=\"og:title\" content=\"Tapis contemporain a motifs g\u00e9om\u00e9triques GABRIELLE 755XQ13 par Sitap - Homeproject.fr\" \/>\n<meta property=\"og:description\" content=\"D\u00e9couvrez le tapis Gabrielle 755X\/Q13, une pi\u00e8ce phare de la collection Pr\u00eat-\u00e0-Porter par Sitap Carpet Couture Italia. Ce tapis de design contemporain, tiss\u00e9 \u00e0 la machine, incarne le style cube g\u00e9om\u00e9trique, un v\u00e9ritable leitmotiv de cette collection. Son motif innovant, sublim\u00e9 par des losanges entrelac\u00e9s et une bordure dor\u00e9e, cr\u00e9e un contraste saisissant avec le d\u00e9grad\u00e9 de viscose qui passe \u00e9l\u00e9gamment du gris au noir. Cette conception unique associe modernit\u00e9 et raffinement pour illuminer n\u2019importe quel espace.\" \/>\n<meta property=\"og:url\" content=\"https:\/\/homeproject.fr\/fr\/produit\/tapis-contemporain-a-motifs-geometriques-gabrielle-755xq13-par-sitap\/\" \/>\n<meta property=\"og:site_name\" content=\"Homeproject.fr\" \/>\n<meta property=\"article:modified_time\" content=\"2025-01-08T17:33:01+00:00\" \/>\n<meta property=\"og:image\" content=\"https:\/\/homeproject.fr\/fr\/wp-content\/uploads\/2025\/01\/Tapis-contemporain-a-motifs-geometriques-noir-gris-et-or-Sitap-Gabrielle-755XQ13.jpeg\" \/>\n\t<meta property=\"og:image:width\" content=\"1500\" \/>\n\t<meta property=\"og:image:height\" content=\"1500\" \/>\n\t<meta property=\"og:image:type\" content=\"image\/jpeg\" \/>\n<meta name=\"twitter:card\" content=\"summary_large_image\" \/>\n<meta name=\"twitter:label1\" content=\"Dur\u00e9e de lecture estim\u00e9e\" \/>\n\t<meta name=\"twitter:data1\" content=\"2 minutes\" \/>\n<script type=\"application\/ld+json\" class=\"yoast-schema-graph\">{\"@context\":\"https:\\\/\\\/schema.org\",\"@graph\":[{\"@type\":\"WebPage\",\"@id\":\"https:\\\/\\\/homeproject.fr\\\/fr\\\/produit\\\/tapis-contemporain-a-motifs-geometriques-gabrielle-755xq13-par-sitap\\\/\",\"url\":\"https:\\\/\\\/homeproject.fr\\\/fr\\\/produit\\\/tapis-contemporain-a-motifs-geometriques-gabrielle-755xq13-par-sitap\\\/\",\"name\":\"Tapis contemporain a motifs g\u00e9om\u00e9triques GABRIELLE 755XQ13 par Sitap - Homeproject.fr\",\"isPartOf\":{\"@id\":\"https:\\\/\\\/homeproject.fr\\\/fr\\\/#website\"},\"primaryImageOfPage\":{\"@id\":\"https:\\\/\\\/homeproject.fr\\\/fr\\\/produit\\\/tapis-contemporain-a-motifs-geometriques-gabrielle-755xq13-par-sitap\\\/#primaryimage\"},\"image\":{\"@id\":\"https:\\\/\\\/homeproject.fr\\\/fr\\\/produit\\\/tapis-contemporain-a-motifs-geometriques-gabrielle-755xq13-par-sitap\\\/#primaryimage\"},\"thumbnailUrl\":\"https:\\\/\\\/homeproject.fr\\\/fr\\\/wp-content\\\/uploads\\\/2025\\\/01\\\/Tapis-contemporain-a-motifs-geometriques-noir-gris-et-or-Sitap-Gabrielle-755XQ13.jpeg\",\"datePublished\":\"2025-01-08T17:25:10+00:00\",\"dateModified\":\"2025-01-08T17:33:01+00:00\",\"breadcrumb\":{\"@id\":\"https:\\\/\\\/homeproject.fr\\\/fr\\\/produit\\\/tapis-contemporain-a-motifs-geometriques-gabrielle-755xq13-par-sitap\\\/#breadcrumb\"},\"inLanguage\":\"fr-FR\",\"potentialAction\":[{\"@type\":\"ReadAction\",\"target\":[\"https:\\\/\\\/homeproject.fr\\\/fr\\\/produit\\\/tapis-contemporain-a-motifs-geometriques-gabrielle-755xq13-par-sitap\\\/\"]}]},{\"@type\":\"ImageObject\",\"inLanguage\":\"fr-FR\",\"@id\":\"https:\\\/\\\/homeproject.fr\\\/fr\\\/produit\\\/tapis-contemporain-a-motifs-geometriques-gabrielle-755xq13-par-sitap\\\/#primaryimage\",\"url\":\"https:\\\/\\\/homeproject.fr\\\/fr\\\/wp-content\\\/uploads\\\/2025\\\/01\\\/Tapis-contemporain-a-motifs-geometriques-noir-gris-et-or-Sitap-Gabrielle-755XQ13.jpeg\",\"contentUrl\":\"https:\\\/\\\/homeproject.fr\\\/fr\\\/wp-content\\\/uploads\\\/2025\\\/01\\\/Tapis-contemporain-a-motifs-geometriques-noir-gris-et-or-Sitap-Gabrielle-755XQ13.jpeg\",\"width\":1500,\"height\":1500},{\"@type\":\"BreadcrumbList\",\"@id\":\"https:\\\/\\\/homeproject.fr\\\/fr\\\/produit\\\/tapis-contemporain-a-motifs-geometriques-gabrielle-755xq13-par-sitap\\\/#breadcrumb\",\"itemListElement\":[{\"@type\":\"ListItem\",\"position\":1,\"name\":\"Accueil\",\"item\":\"https:\\\/\\\/homeproject.fr\\\/fr\\\/\"},{\"@type\":\"ListItem\",\"position\":2,\"name\":\"Boutique\",\"item\":\"https:\\\/\\\/homeproject.fr\\\/fr\\\/boutique\\\/\"},{\"@type\":\"ListItem\",\"position\":3,\"name\":\"Tapis contemporain a motifs g\u00e9om\u00e9triques GABRIELLE 755XQ13 par Sitap\"}]},{\"@type\":\"WebSite\",\"@id\":\"https:\\\/\\\/homeproject.fr\\\/fr\\\/#website\",\"url\":\"https:\\\/\\\/homeproject.fr\\\/fr\\\/\",\"name\":\"Homeproject.fr\",\"description\":\"Offrez l&#039;exceptionnel \u00e0 vos espaces \u00e0 vivre\",\"publisher\":{\"@id\":\"https:\\\/\\\/homeproject.fr\\\/fr\\\/#organization\"},\"potentialAction\":[{\"@type\":\"SearchAction\",\"target\":{\"@type\":\"EntryPoint\",\"urlTemplate\":\"https:\\\/\\\/homeproject.fr\\\/fr\\\/?s={search_term_string}\"},\"query-input\":{\"@type\":\"PropertyValueSpecification\",\"valueRequired\":true,\"valueName\":\"search_term_string\"}}],\"inLanguage\":\"fr-FR\"},{\"@type\":\"Organization\",\"@id\":\"https:\\\/\\\/homeproject.fr\\\/fr\\\/#organization\",\"name\":\"Homeproject.fr\",\"url\":\"https:\\\/\\\/homeproject.fr\\\/fr\\\/\",\"logo\":{\"@type\":\"ImageObject\",\"inLanguage\":\"fr-FR\",\"@id\":\"https:\\\/\\\/homeproject.fr\\\/fr\\\/#\\\/schema\\\/logo\\\/image\\\/\",\"url\":\"https:\\\/\\\/homeproject.fr\\\/fr\\\/wp-content\\\/uploads\\\/2024\\\/12\\\/Logo_HomeProject-noir-2.png\",\"contentUrl\":\"https:\\\/\\\/homeproject.fr\\\/fr\\\/wp-content\\\/uploads\\\/2024\\\/12\\\/Logo_HomeProject-noir-2.png\",\"width\":300,\"height\":91,\"caption\":\"Homeproject.fr\"},\"image\":{\"@id\":\"https:\\\/\\\/homeproject.fr\\\/fr\\\/#\\\/schema\\\/logo\\\/image\\\/\"}}]}<\/script>\n<!-- \/ Yoast SEO plugin. -->","yoast_head_json":{"title":"Tapis contemporain a motifs g\u00e9om\u00e9triques GABRIELLE 755XQ13 par Sitap - Homeproject.fr","robots":{"index":"index","follow":"follow","max-snippet":"max-snippet:-1","max-image-preview":"max-image-preview:large","max-video-preview":"max-video-preview:-1"},"canonical":"https:\/\/homeproject.fr\/fr\/produit\/tapis-contemporain-a-motifs-geometriques-gabrielle-755xq13-par-sitap\/","og_locale":"fr_FR","og_type":"article","og_title":"Tapis contemporain a motifs g\u00e9om\u00e9triques GABRIELLE 755XQ13 par Sitap - Homeproject.fr","og_description":"D\u00e9couvrez le tapis Gabrielle 755X\/Q13, une pi\u00e8ce phare de la collection Pr\u00eat-\u00e0-Porter par Sitap Carpet Couture Italia. Ce tapis de design contemporain, tiss\u00e9 \u00e0 la machine, incarne le style cube g\u00e9om\u00e9trique, un v\u00e9ritable leitmotiv de cette collection. Son motif innovant, sublim\u00e9 par des losanges entrelac\u00e9s et une bordure dor\u00e9e, cr\u00e9e un contraste saisissant avec le d\u00e9grad\u00e9 de viscose qui passe \u00e9l\u00e9gamment du gris au noir. Cette conception unique associe modernit\u00e9 et raffinement pour illuminer n\u2019importe quel espace.","og_url":"https:\/\/homeproject.fr\/fr\/produit\/tapis-contemporain-a-motifs-geometriques-gabrielle-755xq13-par-sitap\/","og_site_name":"Homeproject.fr","article_modified_time":"2025-01-08T17:33:01+00:00","og_image":[{"width":1500,"height":1500,"url":"https:\/\/homeproject.fr\/fr\/wp-content\/uploads\/2025\/01\/Tapis-contemporain-a-motifs-geometriques-noir-gris-et-or-Sitap-Gabrielle-755XQ13.jpeg","type":"image\/jpeg"}],"twitter_card":"summary_large_image","twitter_misc":{"Dur\u00e9e de lecture estim\u00e9e":"2 minutes"},"schema":{"@context":"https:\/\/schema.org","@graph":[{"@type":"WebPage","@id":"https:\/\/homeproject.fr\/fr\/produit\/tapis-contemporain-a-motifs-geometriques-gabrielle-755xq13-par-sitap\/","url":"https:\/\/homeproject.fr\/fr\/produit\/tapis-contemporain-a-motifs-geometriques-gabrielle-755xq13-par-sitap\/","name":"Tapis contemporain a motifs g\u00e9om\u00e9triques GABRIELLE 755XQ13 par Sitap - Homeproject.fr","isPartOf":{"@id":"https:\/\/homeproject.fr\/fr\/#website"},"primaryImageOfPage":{"@id":"https:\/\/homeproject.fr\/fr\/produit\/tapis-contemporain-a-motifs-geometriques-gabrielle-755xq13-par-sitap\/#primaryimage"},"image":{"@id":"https:\/\/homeproject.fr\/fr\/produit\/tapis-contemporain-a-motifs-geometriques-gabrielle-755xq13-par-sitap\/#primaryimage"},"thumbnailUrl":"https:\/\/homeproject.fr\/fr\/wp-content\/uploads\/2025\/01\/Tapis-contemporain-a-motifs-geometriques-noir-gris-et-or-Sitap-Gabrielle-755XQ13.jpeg","datePublished":"2025-01-08T17:25:10+00:00","dateModified":"2025-01-08T17:33:01+00:00","breadcrumb":{"@id":"https:\/\/homeproject.fr\/fr\/produit\/tapis-contemporain-a-motifs-geometriques-gabrielle-755xq13-par-sitap\/#breadcrumb"},"inLanguage":"fr-FR","potentialAction":[{"@type":"ReadAction","target":["https:\/\/homeproject.fr\/fr\/produit\/tapis-contemporain-a-motifs-geometriques-gabrielle-755xq13-par-sitap\/"]}]},{"@type":"ImageObject","inLanguage":"fr-FR","@id":"https:\/\/homeproject.fr\/fr\/produit\/tapis-contemporain-a-motifs-geometriques-gabrielle-755xq13-par-sitap\/#primaryimage","url":"https:\/\/homeproject.fr\/fr\/wp-content\/uploads\/2025\/01\/Tapis-contemporain-a-motifs-geometriques-noir-gris-et-or-Sitap-Gabrielle-755XQ13.jpeg","contentUrl":"https:\/\/homeproject.fr\/fr\/wp-content\/uploads\/2025\/01\/Tapis-contemporain-a-motifs-geometriques-noir-gris-et-or-Sitap-Gabrielle-755XQ13.jpeg","width":1500,"height":1500},{"@type":"BreadcrumbList","@id":"https:\/\/homeproject.fr\/fr\/produit\/tapis-contemporain-a-motifs-geometriques-gabrielle-755xq13-par-sitap\/#breadcrumb","itemListElement":[{"@type":"ListItem","position":1,"name":"Accueil","item":"https:\/\/homeproject.fr\/fr\/"},{"@type":"ListItem","position":2,"name":"Boutique","item":"https:\/\/homeproject.fr\/fr\/boutique\/"},{"@type":"ListItem","position":3,"name":"Tapis contemporain a motifs g\u00e9om\u00e9triques GABRIELLE 755XQ13 par Sitap"}]},{"@type":"WebSite","@id":"https:\/\/homeproject.fr\/fr\/#website","url":"https:\/\/homeproject.fr\/fr\/","name":"Homeproject.fr","description":"Offrez l&#039;exceptionnel \u00e0 vos espaces \u00e0 vivre","publisher":{"@id":"https:\/\/homeproject.fr\/fr\/#organization"},"potentialAction":[{"@type":"SearchAction","target":{"@type":"EntryPoint","urlTemplate":"https:\/\/homeproject.fr\/fr\/?s={search_term_string}"},"query-input":{"@type":"PropertyValueSpecification","valueRequired":true,"valueName":"search_term_string"}}],"inLanguage":"fr-FR"},{"@type":"Organization","@id":"https:\/\/homeproject.fr\/fr\/#organization","name":"Homeproject.fr","url":"https:\/\/homeproject.fr\/fr\/","logo":{"@type":"ImageObject","inLanguage":"fr-FR","@id":"https:\/\/homeproject.fr\/fr\/#\/schema\/logo\/image\/","url":"https:\/\/homeproject.fr\/fr\/wp-content\/uploads\/2024\/12\/Logo_HomeProject-noir-2.png","contentUrl":"https:\/\/homeproject.fr\/fr\/wp-content\/uploads\/2024\/12\/Logo_HomeProject-noir-2.png","width":300,"height":91,"caption":"Homeproject.fr"},"image":{"@id":"https:\/\/homeproject.fr\/fr\/#\/schema\/logo\/image\/"}}]}},"_links":{"self":[{"href":"https:\/\/homeproject.fr\/fr\/wp-json\/wp\/v2\/product\/9782","targetHints":{"allow":["GET"]}}],"collection":[{"href":"https:\/\/homeproject.fr\/fr\/wp-json\/wp\/v2\/product"}],"about":[{"href":"https:\/\/homeproject.fr\/fr\/wp-json\/wp\/v2\/types\/product"}],"version-history":[{"count":1,"href":"https:\/\/homeproject.fr\/fr\/wp-json\/wp\/v2\/product\/9782\/revisions"}],"predecessor-version":[{"id":9789,"href":"https:\/\/homeproject.fr\/fr\/wp-json\/wp\/v2\/product\/9782\/revisions\/9789"}],"wp:featuredmedia":[{"embeddable":true,"href":"https:\/\/homeproject.fr\/fr\/wp-json\/wp\/v2\/media\/9786"}],"wp:attachment":[{"href":"https:\/\/homeproject.fr\/fr\/wp-json\/wp\/v2\/media?parent=9782"}],"wp:term":[{"taxonomy":"product_brand","embeddable":true,"href":"https:\/\/homeproject.fr\/fr\/wp-json\/wp\/v2\/product_brand?post=9782"},{"taxonomy":"product_cat","embeddable":true,"href":"https:\/\/homeproject.fr\/fr\/wp-json\/wp\/v2\/product_cat?post=9782"},{"taxonomy":"product_tag","embeddable":true,"href":"https:\/\/homeproject.fr\/fr\/wp-json\/wp\/v2\/product_tag?post=9782"}],"curies":[{"name":"wp","href":"https:\/\/api.w.org\/{rel}","templated":true}]}}