{"id":9754,"date":"2025-01-08T15:54:39","date_gmt":"2025-01-08T15:54:39","guid":{"rendered":"https:\/\/homeproject.fr\/fr\/?post_type=product&#038;p=9754"},"modified":"2025-01-08T16:01:22","modified_gmt":"2025-01-08T16:01:22","slug":"papier-peint-panoramique-sur-mesure-lizard-par-gio-pagani-pour-london-art","status":"publish","type":"product","link":"https:\/\/homeproject.fr\/fr\/produit\/papier-peint-panoramique-sur-mesure-lizard-par-gio-pagani-pour-london-art\/","title":{"rendered":"Papier peint panoramique sur mesure LIZARD par Gio Pagani pour London Art"},"content":{"rendered":"<h3><strong style=\"font-size: 16px;\"><a href=\"https:\/\/homeproject.fr\/fr\/wp-content\/uploads\/2025\/01\/Installation.pdf\" target=\"_blank\" rel=\"noopener\">T\u00e9l\u00e9charger la notice d\u2019installation<\/a><\/strong><\/h3>\n<hr \/>\n<div class=\"flex max-w-full flex-col flex-grow\">\n<div class=\"min-h-8 text-message flex w-full flex-col items-end gap-2 whitespace-normal break-words text-start [.text-message+&]:mt-5\" dir=\"auto\" data-message-author-role=\"assistant\" data-message-id=\"348e29fd-d1cf-4003-88e3-728ff09b5525\" data-message-model-slug=\"gpt-4o\">\n<div class=\"flex w-full flex-col gap-1 empty:hidden first:pt-[3px]\">\n<div class=\"markdown prose w-full break-words dark:prose-invert light\">\n<h3><strong>Caract\u00e9ristiques Techniques et Mat\u00e9riaux<\/strong><\/h3>\n<p>Le papier peint \u00ab\u00a0Lizard\u00a0\u00bb est disponible dans deux finitions, pens\u00e9es pour r\u00e9pondre \u00e0 vos besoins esth\u00e9tiques et fonctionnels :<\/p>\n<h4><strong>1. Finition Raw :<\/strong><\/h4>\n<ul>\n<li><strong>Mat\u00e9riau :<\/strong> Rev\u00eatement en vinyle avec support non-tiss\u00e9 (70 % cellulose, 20 % fibres synth\u00e9tiques, 8 % additifs), texture emboss\u00e9e.<\/li>\n<li><strong>Caract\u00e9ristiques :<\/strong>\n<ul>\n<li>Aspect tridimensionnel renfor\u00e7ant l\u2019impact visuel du motif.<\/li>\n<li>Facile d\u2019entretien avec un chiffon doux et de l\u2019eau ti\u00e8de.<\/li>\n<li>Dimensions : Rouleaux de 50 cm ajust\u00e9s \u00e0 vos murs.<\/li>\n<li><strong>Certification :<\/strong> Classement au feu Euro Class B-s2, d0 et ASTM E 84-19b Class A.<\/li>\n<\/ul>\n<\/li>\n<li><strong>Applications :<\/strong> Parfait pour les chambres (t\u00eate de lit), salons et bureaux.<\/li>\n<\/ul>\n<h4><strong>2. Finition Green Raw (PVC-Free) :<\/strong><\/h4>\n<ul>\n<li><strong>Mat\u00e9riau :<\/strong> Support non-tiss\u00e9 \u00e9cologique, sans PVC, fabriqu\u00e9 \u00e0 partir de cellulose press\u00e9e.<\/li>\n<li><strong>Caract\u00e9ristiques :<\/strong>\n<ul>\n<li>Surface lisse, finition mate pour un rendu \u00e9pur\u00e9.<\/li>\n<li>L\u00e9ger (150 g\/m\u00b2), adapt\u00e9 aux murs int\u00e9rieurs.<\/li>\n<li>Nettoyage \u00e0 sec uniquement.<\/li>\n<li>Dimensions : Rouleaux de 50 cm sur mesure.<\/li>\n<li><strong>Engagement \u00c9cologique :<\/strong> Conforme aux normes internationales VOC (Indoor Air Comfort GOLD, LEED).<\/li>\n<\/ul>\n<\/li>\n<li><strong>Applications :<\/strong> Id\u00e9al pour un design respectueux de l\u2019environnement.<\/li>\n<\/ul>\n<hr \/>\n<h3><strong>Livraison et Installation<\/strong><\/h3>\n<ul>\n<li><strong>Sur-Mesure :<\/strong> Con\u00e7u pour s\u2019ajuster parfaitement \u00e0 vos espaces.<\/li>\n<li><strong>Num\u00e9rotation des Rouleaux :<\/strong> Les panneaux sont num\u00e9rot\u00e9s pour une installation facile et pr\u00e9cise.<\/li>\n<li><strong>Colle Fournie :<\/strong> Inclus avec chaque commande pour une pose optimale.<\/li>\n<li><strong>Guide d\u2019Installation :<\/strong> Un manuel d\u00e9taill\u00e9 accompagne votre papier peint pour garantir un montage parfait.<\/li>\n<\/ul>\n<hr \/>\n<h3><strong>Un Design Graphique et \u00c9l\u00e9gant<\/strong><\/h3>\n<ul>\n<li><strong>Motif \u00ab\u00a0Lizard\u00a0\u00bb :<\/strong> Des lignes g\u00e9om\u00e9triques superpos\u00e9es cr\u00e9ant un effet hypnotique et une sensation de profondeur unique.<\/li>\n<li><strong>Ambiance Contemporaine :<\/strong> Id\u00e9al pour les espaces modernes et minimalistes.<\/li>\n<\/ul>\n<hr \/>\n<h3><strong>Entretien Simplifi\u00e9<\/strong><\/h3>\n<ul>\n<li><strong>Finition Raw :<\/strong> Lavable avec un chiffon humide et un d\u00e9tergent doux.<\/li>\n<li><strong>Finition Green Raw :<\/strong> Nettoyage \u00e0 sec recommand\u00e9.<\/li>\n<\/ul>\n<hr \/>\n<h3><strong>Pourquoi Choisir \u00ab\u00a0Lizard\u00a0\u00bb ?<\/strong><\/h3>\n<ol>\n<li><strong>Design Innovant :<\/strong> Une cr\u00e9ation artistique par Gio Pagani.<\/li>\n<li><strong>Mat\u00e9riaux Premium :<\/strong> Qualit\u00e9 et durabilit\u00e9 avec options \u00e9cologiques.<\/li>\n<li><strong>Personnalisation Totale :<\/strong> Fabriqu\u00e9 sur mesure pour r\u00e9pondre \u00e0 vos besoins sp\u00e9cifiques.<\/li>\n<li><strong>Installation Simplifi\u00e9e :<\/strong> Panneaux num\u00e9rot\u00e9s et colle incluse.<\/li>\n<li><strong>Polyvalence :<\/strong> Convient aux espaces r\u00e9sidentiels ou professionnels.<\/li>\n<\/ol>\n<hr \/>\n<p><strong>Commandez d\u00e8s maintenant le papier peint \u00ab\u00a0Lizard\u00a0\u00bb pour transformer vos murs en une v\u00e9ritable \u0153uvre d\u2019art contemporaine.<\/strong><\/p>\n<\/div>\n<\/div>\n<\/div>\n<\/div>\n<h3><strong style=\"font-family: inherit; font-size: 30px;\">Vous avez des questions ?<\/strong><\/h3>\n<style id=\"wpforms-css-vars-3675\">\n\t\t\t\t#wpforms-3675 {\n\t\t\t\t\n\t\t\t}\n\t\t\t<\/style><div class=\"wpforms-container wpforms-container-full wpforms-render-modern\" id=\"wpforms-3675\"><form id=\"wpforms-form-3675\" class=\"wpforms-validate wpforms-form wpforms-ajax-form\" data-formid=\"3675\" method=\"post\" enctype=\"multipart\/form-data\" action=\"\/fr\/wp-json\/wp\/v2\/product\/9754\" data-token=\"03cdf653ce821e1e97cc9c531d12385b\" data-token-time=\"1778531767\"><noscript class=\"wpforms-error-noscript\">Veuillez activer JavaScript dans votre navigateur pour remplir ce formulaire.<\/noscript><div id=\"wpforms-error-noscript\" style=\"display: none;\">Veuillez activer JavaScript dans votre navigateur pour remplir ce formulaire.<\/div><div class=\"wpforms-field-container\"><div id=\"wpforms-3675-field_3-container\" class=\"wpforms-field wpforms-field-name\" data-field-id=\"3\"><fieldset><legend class=\"wpforms-field-label\">Nom <span class=\"wpforms-required-label\" aria-hidden=\"true\">*<\/span><\/legend><div class=\"wpforms-field-row wpforms-field-medium\"><div class=\"wpforms-field-row-block wpforms-first wpforms-one-half\"><input type=\"text\" id=\"wpforms-3675-field_3\" class=\"wpforms-field-name-first wpforms-field-required\" name=\"wpforms[fields][3][first]\" aria-errormessage=\"wpforms-3675-field_3-error\" required><label for=\"wpforms-3675-field_3\" class=\"wpforms-field-sublabel after\">Pr\u00e9nom<\/label><\/div><div class=\"wpforms-field-row-block wpforms-one-half\"><input type=\"text\" id=\"wpforms-3675-field_3-last\" class=\"wpforms-field-name-last wpforms-field-required\" name=\"wpforms[fields][3][last]\" aria-errormessage=\"wpforms-3675-field_3-last-error\" required><label for=\"wpforms-3675-field_3-last\" class=\"wpforms-field-sublabel after\">Nom<\/label><\/div><\/div><\/fieldset><\/div>\t\t<div id=\"wpforms-3675-field_1-container\"\n\t\t\tclass=\"wpforms-field wpforms-field-text\"\n\t\t\tdata-field-type=\"text\"\n\t\t\tdata-field-id=\"1\"\n\t\t\t>\n\t\t\t<label class=\"wpforms-field-label\" for=\"wpforms-3675-field_1\" >Nom Message E-mail<\/label>\n\t\t\t<input type=\"text\" id=\"wpforms-3675-field_1\" class=\"wpforms-field-medium\" name=\"wpforms[fields][1]\" >\n\t\t<\/div>\n\t\t<div id=\"wpforms-3675-field_4-container\" class=\"wpforms-field wpforms-field-email\" data-field-id=\"4\"><label class=\"wpforms-field-label\" for=\"wpforms-3675-field_4\">E-mail <span class=\"wpforms-required-label\" aria-hidden=\"true\">*<\/span><\/label><input type=\"email\" id=\"wpforms-3675-field_4\" class=\"wpforms-field-medium wpforms-field-required\" name=\"wpforms[fields][4]\" spellcheck=\"false\" aria-errormessage=\"wpforms-3675-field_4-error\" required><\/div><div id=\"wpforms-3675-field_5-container\" class=\"wpforms-field wpforms-field-textarea\" data-field-id=\"5\"><label class=\"wpforms-field-label\" for=\"wpforms-3675-field_5\">Message <span class=\"wpforms-required-label\" aria-hidden=\"true\">*<\/span><\/label><textarea id=\"wpforms-3675-field_5\" class=\"wpforms-field-medium wpforms-field-required\" name=\"wpforms[fields][5]\" aria-errormessage=\"wpforms-3675-field_5-error\" required><\/textarea><\/div><script>\n\t\t\t\t( function() {\n\t\t\t\t\tconst style = document.createElement( 'style' );\n\t\t\t\t\tstyle.appendChild( document.createTextNode( '#wpforms-3675-field_1-container { position: absolute !important; overflow: hidden !important; display: inline !important; height: 1px !important; width: 1px !important; z-index: -1000 !important; padding: 0 !important; } #wpforms-3675-field_1-container input { visibility: hidden; } #wpforms-conversational-form-page #wpforms-3675-field_1-container label { counter-increment: none; }' ) );\n\t\t\t\t\tdocument.head.appendChild( style );\n\t\t\t\t\tdocument.currentScript?.remove();\n\t\t\t\t} )();\n\t\t\t<\/script><\/div><!-- .wpforms-field-container --><div class=\"wpforms-submit-container\" ><input type=\"hidden\" name=\"wpforms[id]\" value=\"3675\"><input type=\"hidden\" name=\"page_title\" value=\"\"><input type=\"hidden\" name=\"page_url\" value=\"https:\/\/homeproject.fr\/fr\/wp-json\/wp\/v2\/product\/9754\"><input type=\"hidden\" name=\"url_referer\" value=\"\"><button type=\"submit\" name=\"wpforms[submit]\" id=\"wpforms-submit-3675\" class=\"wpforms-submit\" data-alt-text=\"Envoi...\" data-submit-text=\"Envoyer\" aria-live=\"assertive\" value=\"wpforms-submit\">Envoyer<\/button><img decoding=\"async\" src=\"https:\/\/homeproject.fr\/fr\/wp-content\/plugins\/wpforms-lite\/assets\/images\/submit-spin.svg\" class=\"wpforms-submit-spinner\" style=\"display: none;\" width=\"26\" height=\"26\" alt=\"Chargement en cours\"><\/div><\/form><\/div>  <!-- .wpforms-container -->\n","protected":false},"excerpt":{"rendered":"<div class=\"woocommerce-product-details__short-description\">\n<p>Sublimez votre int\u00e9rieur avec le <strong>papier peint panoramique \u00ab\u00a0Lizard\u00a0\u00bb<\/strong>, une cr\u00e9ation fascinante du designer renomm\u00e9 <strong>Gio Pagani<\/strong> pour <strong>London Art<\/strong>. Ce mod\u00e8le joue sur des lignes g\u00e9om\u00e9triques dynamiques et une profondeur visuelle saisissante, id\u00e9al pour les espaces modernes et sophistiqu\u00e9s.<\/p>\n<p><strong>Un Produit Livr\u00e9 Pr\u00eat \u00e0 Poser<\/strong><\/p>\n<ul>\n<li><strong>Sur-Mesure :<\/strong> Chaque rouleau est adapt\u00e9 \u00e0 vos dimensions sp\u00e9cifiques.<\/li>\n<li><strong>Num\u00e9rotation des Panneaux :<\/strong> Les rouleaux sont num\u00e9rot\u00e9s pour garantir une installation fluide et la continuit\u00e9 parfaite du motif.<\/li>\n<li><strong>Colle Fournie :<\/strong> Une colle sp\u00e9ciale adapt\u00e9e aux finitions est incluse dans chaque commande.<\/li>\n<\/ul>\n<p><strong>Prix au m\u00b2 :<\/strong><\/p>\n<\/div>\n","protected":false},"featured_media":9761,"template":"","meta":{"_uf_show_specific_survey":0,"_uf_disable_surveys":false,"iawp_total_views":0},"product_brand":[],"product_cat":[399],"product_tag":[],"class_list":{"0":"post-9754","1":"product","2":"type-product","3":"status-publish","4":"has-post-thumbnail","6":"product_cat-papier-peint","7":"product_shipping_class-petit-colis","8":"pa_collection-exclusive-wallpapers-par-london-art","9":"pa_designer-gio-pagani","10":"pa_effet-abstrait","11":"pa_marque-london-art","12":"pa_materiau-intisse","13":"pa_materiau-vinyle","15":"first","16":"instock","17":"taxable","18":"shipping-taxable","19":"purchasable","20":"product-type-variable"},"yoast_head":"<!-- This site is optimized with the Yoast SEO plugin v27.5 - https:\/\/yoast.com\/product\/yoast-seo-wordpress\/ -->\n<title>Papier peint panoramique sur mesure LIZARD par Gio Pagani pour London Art - Homeproject.fr<\/title>\n<meta name=\"robots\" content=\"index, follow, max-snippet:-1, max-image-preview:large, max-video-preview:-1\" \/>\n<link rel=\"canonical\" href=\"https:\/\/homeproject.fr\/fr\/produit\/papier-peint-panoramique-sur-mesure-lizard-par-gio-pagani-pour-london-art\/\" \/>\n<meta property=\"og:locale\" content=\"fr_FR\" \/>\n<meta property=\"og:type\" content=\"article\" \/>\n<meta property=\"og:title\" content=\"Papier peint panoramique sur mesure LIZARD par Gio Pagani pour London Art - Homeproject.fr\" \/>\n<meta property=\"og:description\" content=\"Sublimez votre int\u00e9rieur avec le papier peint panoramique &quot;Lizard&quot;, une cr\u00e9ation fascinante du designer renomm\u00e9 Gio Pagani pour London Art. Ce mod\u00e8le joue sur des lignes g\u00e9om\u00e9triques dynamiques et une profondeur visuelle saisissante, id\u00e9al pour les espaces modernes et sophistiqu\u00e9s.  Un Produit Livr\u00e9 Pr\u00eat \u00e0 Poser   Sur-Mesure : Chaque rouleau est adapt\u00e9 \u00e0 vos dimensions sp\u00e9cifiques.  Num\u00e9rotation des Panneaux : Les rouleaux sont num\u00e9rot\u00e9s pour garantir une installation fluide et la continuit\u00e9 parfaite du motif.  Colle Fournie : Une colle sp\u00e9ciale adapt\u00e9e aux finitions est incluse dans chaque commande.  Prix au m\u00b2 :\" \/>\n<meta property=\"og:url\" content=\"https:\/\/homeproject.fr\/fr\/produit\/papier-peint-panoramique-sur-mesure-lizard-par-gio-pagani-pour-london-art\/\" \/>\n<meta property=\"og:site_name\" content=\"Homeproject.fr\" \/>\n<meta property=\"article:modified_time\" content=\"2025-01-08T16:01:22+00:00\" \/>\n<meta property=\"og:image\" content=\"https:\/\/homeproject.fr\/fr\/wp-content\/uploads\/2025\/01\/Papier-peint-panoramique-sur-mesure-geometrique-London-Art-Lizard-Par-Gio-Pagani-ambiance-tete-de-lit.jpeg\" \/>\n\t<meta property=\"og:image:width\" content=\"1500\" \/>\n\t<meta property=\"og:image:height\" content=\"1500\" \/>\n\t<meta property=\"og:image:type\" content=\"image\/jpeg\" \/>\n<meta name=\"twitter:card\" content=\"summary_large_image\" \/>\n<meta name=\"twitter:label1\" content=\"Dur\u00e9e de lecture estim\u00e9e\" \/>\n\t<meta name=\"twitter:data1\" content=\"2 minutes\" \/>\n<script type=\"application\/ld+json\" class=\"yoast-schema-graph\">{\"@context\":\"https:\\\/\\\/schema.org\",\"@graph\":[{\"@type\":\"WebPage\",\"@id\":\"https:\\\/\\\/homeproject.fr\\\/fr\\\/produit\\\/papier-peint-panoramique-sur-mesure-lizard-par-gio-pagani-pour-london-art\\\/\",\"url\":\"https:\\\/\\\/homeproject.fr\\\/fr\\\/produit\\\/papier-peint-panoramique-sur-mesure-lizard-par-gio-pagani-pour-london-art\\\/\",\"name\":\"Papier peint panoramique sur mesure LIZARD par Gio Pagani pour London Art - Homeproject.fr\",\"isPartOf\":{\"@id\":\"https:\\\/\\\/homeproject.fr\\\/fr\\\/#website\"},\"primaryImageOfPage\":{\"@id\":\"https:\\\/\\\/homeproject.fr\\\/fr\\\/produit\\\/papier-peint-panoramique-sur-mesure-lizard-par-gio-pagani-pour-london-art\\\/#primaryimage\"},\"image\":{\"@id\":\"https:\\\/\\\/homeproject.fr\\\/fr\\\/produit\\\/papier-peint-panoramique-sur-mesure-lizard-par-gio-pagani-pour-london-art\\\/#primaryimage\"},\"thumbnailUrl\":\"https:\\\/\\\/homeproject.fr\\\/fr\\\/wp-content\\\/uploads\\\/2025\\\/01\\\/Papier-peint-panoramique-sur-mesure-geometrique-London-Art-Lizard-Par-Gio-Pagani-ambiance-tete-de-lit.jpeg\",\"datePublished\":\"2025-01-08T15:54:39+00:00\",\"dateModified\":\"2025-01-08T16:01:22+00:00\",\"breadcrumb\":{\"@id\":\"https:\\\/\\\/homeproject.fr\\\/fr\\\/produit\\\/papier-peint-panoramique-sur-mesure-lizard-par-gio-pagani-pour-london-art\\\/#breadcrumb\"},\"inLanguage\":\"fr-FR\",\"potentialAction\":[{\"@type\":\"ReadAction\",\"target\":[\"https:\\\/\\\/homeproject.fr\\\/fr\\\/produit\\\/papier-peint-panoramique-sur-mesure-lizard-par-gio-pagani-pour-london-art\\\/\"]}]},{\"@type\":\"ImageObject\",\"inLanguage\":\"fr-FR\",\"@id\":\"https:\\\/\\\/homeproject.fr\\\/fr\\\/produit\\\/papier-peint-panoramique-sur-mesure-lizard-par-gio-pagani-pour-london-art\\\/#primaryimage\",\"url\":\"https:\\\/\\\/homeproject.fr\\\/fr\\\/wp-content\\\/uploads\\\/2025\\\/01\\\/Papier-peint-panoramique-sur-mesure-geometrique-London-Art-Lizard-Par-Gio-Pagani-ambiance-tete-de-lit.jpeg\",\"contentUrl\":\"https:\\\/\\\/homeproject.fr\\\/fr\\\/wp-content\\\/uploads\\\/2025\\\/01\\\/Papier-peint-panoramique-sur-mesure-geometrique-London-Art-Lizard-Par-Gio-Pagani-ambiance-tete-de-lit.jpeg\",\"width\":1500,\"height\":1500},{\"@type\":\"BreadcrumbList\",\"@id\":\"https:\\\/\\\/homeproject.fr\\\/fr\\\/produit\\\/papier-peint-panoramique-sur-mesure-lizard-par-gio-pagani-pour-london-art\\\/#breadcrumb\",\"itemListElement\":[{\"@type\":\"ListItem\",\"position\":1,\"name\":\"Accueil\",\"item\":\"https:\\\/\\\/homeproject.fr\\\/fr\\\/\"},{\"@type\":\"ListItem\",\"position\":2,\"name\":\"Boutique\",\"item\":\"https:\\\/\\\/homeproject.fr\\\/fr\\\/boutique\\\/\"},{\"@type\":\"ListItem\",\"position\":3,\"name\":\"Papier peint panoramique sur mesure LIZARD par Gio Pagani pour London Art\"}]},{\"@type\":\"WebSite\",\"@id\":\"https:\\\/\\\/homeproject.fr\\\/fr\\\/#website\",\"url\":\"https:\\\/\\\/homeproject.fr\\\/fr\\\/\",\"name\":\"Homeproject.fr\",\"description\":\"Offrez l&#039;exceptionnel \u00e0 vos espaces \u00e0 vivre\",\"publisher\":{\"@id\":\"https:\\\/\\\/homeproject.fr\\\/fr\\\/#organization\"},\"potentialAction\":[{\"@type\":\"SearchAction\",\"target\":{\"@type\":\"EntryPoint\",\"urlTemplate\":\"https:\\\/\\\/homeproject.fr\\\/fr\\\/?s={search_term_string}\"},\"query-input\":{\"@type\":\"PropertyValueSpecification\",\"valueRequired\":true,\"valueName\":\"search_term_string\"}}],\"inLanguage\":\"fr-FR\"},{\"@type\":\"Organization\",\"@id\":\"https:\\\/\\\/homeproject.fr\\\/fr\\\/#organization\",\"name\":\"Homeproject.fr\",\"url\":\"https:\\\/\\\/homeproject.fr\\\/fr\\\/\",\"logo\":{\"@type\":\"ImageObject\",\"inLanguage\":\"fr-FR\",\"@id\":\"https:\\\/\\\/homeproject.fr\\\/fr\\\/#\\\/schema\\\/logo\\\/image\\\/\",\"url\":\"https:\\\/\\\/homeproject.fr\\\/fr\\\/wp-content\\\/uploads\\\/2024\\\/12\\\/Logo_HomeProject-noir-2.png\",\"contentUrl\":\"https:\\\/\\\/homeproject.fr\\\/fr\\\/wp-content\\\/uploads\\\/2024\\\/12\\\/Logo_HomeProject-noir-2.png\",\"width\":300,\"height\":91,\"caption\":\"Homeproject.fr\"},\"image\":{\"@id\":\"https:\\\/\\\/homeproject.fr\\\/fr\\\/#\\\/schema\\\/logo\\\/image\\\/\"}}]}<\/script>\n<!-- \/ Yoast SEO plugin. -->","yoast_head_json":{"title":"Papier peint panoramique sur mesure LIZARD par Gio Pagani pour London Art - Homeproject.fr","robots":{"index":"index","follow":"follow","max-snippet":"max-snippet:-1","max-image-preview":"max-image-preview:large","max-video-preview":"max-video-preview:-1"},"canonical":"https:\/\/homeproject.fr\/fr\/produit\/papier-peint-panoramique-sur-mesure-lizard-par-gio-pagani-pour-london-art\/","og_locale":"fr_FR","og_type":"article","og_title":"Papier peint panoramique sur mesure LIZARD par Gio Pagani pour London Art - Homeproject.fr","og_description":"Sublimez votre int\u00e9rieur avec le papier peint panoramique \"Lizard\", une cr\u00e9ation fascinante du designer renomm\u00e9 Gio Pagani pour London Art. Ce mod\u00e8le joue sur des lignes g\u00e9om\u00e9triques dynamiques et une profondeur visuelle saisissante, id\u00e9al pour les espaces modernes et sophistiqu\u00e9s.  Un Produit Livr\u00e9 Pr\u00eat \u00e0 Poser   Sur-Mesure : Chaque rouleau est adapt\u00e9 \u00e0 vos dimensions sp\u00e9cifiques.  Num\u00e9rotation des Panneaux : Les rouleaux sont num\u00e9rot\u00e9s pour garantir une installation fluide et la continuit\u00e9 parfaite du motif.  Colle Fournie : Une colle sp\u00e9ciale adapt\u00e9e aux finitions est incluse dans chaque commande.  Prix au m\u00b2 :","og_url":"https:\/\/homeproject.fr\/fr\/produit\/papier-peint-panoramique-sur-mesure-lizard-par-gio-pagani-pour-london-art\/","og_site_name":"Homeproject.fr","article_modified_time":"2025-01-08T16:01:22+00:00","og_image":[{"width":1500,"height":1500,"url":"https:\/\/homeproject.fr\/fr\/wp-content\/uploads\/2025\/01\/Papier-peint-panoramique-sur-mesure-geometrique-London-Art-Lizard-Par-Gio-Pagani-ambiance-tete-de-lit.jpeg","type":"image\/jpeg"}],"twitter_card":"summary_large_image","twitter_misc":{"Dur\u00e9e de lecture estim\u00e9e":"2 minutes"},"schema":{"@context":"https:\/\/schema.org","@graph":[{"@type":"WebPage","@id":"https:\/\/homeproject.fr\/fr\/produit\/papier-peint-panoramique-sur-mesure-lizard-par-gio-pagani-pour-london-art\/","url":"https:\/\/homeproject.fr\/fr\/produit\/papier-peint-panoramique-sur-mesure-lizard-par-gio-pagani-pour-london-art\/","name":"Papier peint panoramique sur mesure LIZARD par Gio Pagani pour London Art - Homeproject.fr","isPartOf":{"@id":"https:\/\/homeproject.fr\/fr\/#website"},"primaryImageOfPage":{"@id":"https:\/\/homeproject.fr\/fr\/produit\/papier-peint-panoramique-sur-mesure-lizard-par-gio-pagani-pour-london-art\/#primaryimage"},"image":{"@id":"https:\/\/homeproject.fr\/fr\/produit\/papier-peint-panoramique-sur-mesure-lizard-par-gio-pagani-pour-london-art\/#primaryimage"},"thumbnailUrl":"https:\/\/homeproject.fr\/fr\/wp-content\/uploads\/2025\/01\/Papier-peint-panoramique-sur-mesure-geometrique-London-Art-Lizard-Par-Gio-Pagani-ambiance-tete-de-lit.jpeg","datePublished":"2025-01-08T15:54:39+00:00","dateModified":"2025-01-08T16:01:22+00:00","breadcrumb":{"@id":"https:\/\/homeproject.fr\/fr\/produit\/papier-peint-panoramique-sur-mesure-lizard-par-gio-pagani-pour-london-art\/#breadcrumb"},"inLanguage":"fr-FR","potentialAction":[{"@type":"ReadAction","target":["https:\/\/homeproject.fr\/fr\/produit\/papier-peint-panoramique-sur-mesure-lizard-par-gio-pagani-pour-london-art\/"]}]},{"@type":"ImageObject","inLanguage":"fr-FR","@id":"https:\/\/homeproject.fr\/fr\/produit\/papier-peint-panoramique-sur-mesure-lizard-par-gio-pagani-pour-london-art\/#primaryimage","url":"https:\/\/homeproject.fr\/fr\/wp-content\/uploads\/2025\/01\/Papier-peint-panoramique-sur-mesure-geometrique-London-Art-Lizard-Par-Gio-Pagani-ambiance-tete-de-lit.jpeg","contentUrl":"https:\/\/homeproject.fr\/fr\/wp-content\/uploads\/2025\/01\/Papier-peint-panoramique-sur-mesure-geometrique-London-Art-Lizard-Par-Gio-Pagani-ambiance-tete-de-lit.jpeg","width":1500,"height":1500},{"@type":"BreadcrumbList","@id":"https:\/\/homeproject.fr\/fr\/produit\/papier-peint-panoramique-sur-mesure-lizard-par-gio-pagani-pour-london-art\/#breadcrumb","itemListElement":[{"@type":"ListItem","position":1,"name":"Accueil","item":"https:\/\/homeproject.fr\/fr\/"},{"@type":"ListItem","position":2,"name":"Boutique","item":"https:\/\/homeproject.fr\/fr\/boutique\/"},{"@type":"ListItem","position":3,"name":"Papier peint panoramique sur mesure LIZARD par Gio Pagani pour London Art"}]},{"@type":"WebSite","@id":"https:\/\/homeproject.fr\/fr\/#website","url":"https:\/\/homeproject.fr\/fr\/","name":"Homeproject.fr","description":"Offrez l&#039;exceptionnel \u00e0 vos espaces \u00e0 vivre","publisher":{"@id":"https:\/\/homeproject.fr\/fr\/#organization"},"potentialAction":[{"@type":"SearchAction","target":{"@type":"EntryPoint","urlTemplate":"https:\/\/homeproject.fr\/fr\/?s={search_term_string}"},"query-input":{"@type":"PropertyValueSpecification","valueRequired":true,"valueName":"search_term_string"}}],"inLanguage":"fr-FR"},{"@type":"Organization","@id":"https:\/\/homeproject.fr\/fr\/#organization","name":"Homeproject.fr","url":"https:\/\/homeproject.fr\/fr\/","logo":{"@type":"ImageObject","inLanguage":"fr-FR","@id":"https:\/\/homeproject.fr\/fr\/#\/schema\/logo\/image\/","url":"https:\/\/homeproject.fr\/fr\/wp-content\/uploads\/2024\/12\/Logo_HomeProject-noir-2.png","contentUrl":"https:\/\/homeproject.fr\/fr\/wp-content\/uploads\/2024\/12\/Logo_HomeProject-noir-2.png","width":300,"height":91,"caption":"Homeproject.fr"},"image":{"@id":"https:\/\/homeproject.fr\/fr\/#\/schema\/logo\/image\/"}}]}},"_links":{"self":[{"href":"https:\/\/homeproject.fr\/fr\/wp-json\/wp\/v2\/product\/9754","targetHints":{"allow":["GET"]}}],"collection":[{"href":"https:\/\/homeproject.fr\/fr\/wp-json\/wp\/v2\/product"}],"about":[{"href":"https:\/\/homeproject.fr\/fr\/wp-json\/wp\/v2\/types\/product"}],"version-history":[{"count":2,"href":"https:\/\/homeproject.fr\/fr\/wp-json\/wp\/v2\/product\/9754\/revisions"}],"predecessor-version":[{"id":9767,"href":"https:\/\/homeproject.fr\/fr\/wp-json\/wp\/v2\/product\/9754\/revisions\/9767"}],"wp:featuredmedia":[{"embeddable":true,"href":"https:\/\/homeproject.fr\/fr\/wp-json\/wp\/v2\/media\/9761"}],"wp:attachment":[{"href":"https:\/\/homeproject.fr\/fr\/wp-json\/wp\/v2\/media?parent=9754"}],"wp:term":[{"taxonomy":"product_brand","embeddable":true,"href":"https:\/\/homeproject.fr\/fr\/wp-json\/wp\/v2\/product_brand?post=9754"},{"taxonomy":"product_cat","embeddable":true,"href":"https:\/\/homeproject.fr\/fr\/wp-json\/wp\/v2\/product_cat?post=9754"},{"taxonomy":"product_tag","embeddable":true,"href":"https:\/\/homeproject.fr\/fr\/wp-json\/wp\/v2\/product_tag?post=9754"}],"curies":[{"name":"wp","href":"https:\/\/api.w.org\/{rel}","templated":true}]}}