{"id":9740,"date":"2025-01-08T15:03:46","date_gmt":"2025-01-08T15:03:46","guid":{"rendered":"https:\/\/homeproject.fr\/fr\/?post_type=product&#038;p=9740"},"modified":"2025-01-08T15:43:39","modified_gmt":"2025-01-08T15:43:39","slug":"papier-peint-panoramique-sur-mesure-floral-ture-par-instabile-lab","status":"publish","type":"product","link":"https:\/\/homeproject.fr\/fr\/produit\/papier-peint-panoramique-sur-mesure-floral-ture-par-instabile-lab\/","title":{"rendered":"Papier peint panoramique sur mesure floral TURE par Instabile Lab"},"content":{"rendered":"<h3><strong style=\"font-size: 16px;\"><a href=\"https:\/\/homeproject.fr\/fr\/wp-content\/uploads\/2025\/01\/INSTALLATION-INSTRUCTIONS_2024.pdf\" target=\"_blank\" rel=\"noopener\">T\u00e9l\u00e9charger la notice d\u2019installation<\/a><\/strong><\/h3>\n<p><a href=\"https:\/\/www.youtube.com\/watch?v=26TBkrx8Hdg\" target=\"_blank\" rel=\"noopener\"><strong>Voir le tutoriel<\/strong><\/a><\/p>\n<hr \/>\n<h3><strong>Caract\u00e9ristiques et Avantages Techniques :<\/strong><\/h3>\n<h4><strong>Motifs Floraux Sublimes :<\/strong><\/h4>\n<ul>\n<li>Une composition florale douce et \u00e9l\u00e9gante, aux tons neutres et naturels, parfaite pour ajouter une touche de fra\u00eecheur et de s\u00e9r\u00e9nit\u00e9 \u00e0 vos murs.<\/li>\n<li>Conception artistique mettant en valeur des d\u00e9tails raffin\u00e9s, id\u00e9ale pour des int\u00e9rieurs chic et apaisants.<\/li>\n<\/ul>\n<h4><strong>Trois Qualit\u00e9s de Supports au Choix :<\/strong><\/h4>\n<ol>\n<li><strong>New Middle \u2013 R\u00e9sistant et Polyvalent :<\/strong>\n<ul>\n<li><strong>Composition<\/strong> : Papier peint en vinyle (76 % PVC, 24 % tissu non-tiss\u00e9).<\/li>\n<li><strong>Grammage<\/strong> : 380 g\/m\u00b2, \u00e9paisseur 0,55 mm.<\/li>\n<li><strong>Largeur des rouleaux<\/strong> : 68 cm.<\/li>\n<li><strong>Certifications<\/strong> : R\u00e9action au feu classe B-s2, d0, certifi\u00e9 Greenguard Gold.<\/li>\n<li><strong>Entretien<\/strong> : Nettoyable avec un chiffon humide et d\u00e9tergent doux.<\/li>\n<li><strong>Usage<\/strong> : Id\u00e9al pour les espaces int\u00e9rieurs n\u00e9cessitant une durabilit\u00e9 accrue, comme les salons ou les couloirs.<\/li>\n<\/ul>\n<\/li>\n<\/ol>\n<div class=\"su-custom-gallery su-custom-gallery-align-left su-custom-gallery-title-never su-lightbox-gallery\"><div class=\"su-custom-gallery-slide\" style=\"width:300px;height:300px\"><a href=\"https:\/\/homeproject.fr\/fr\/wp-content\/uploads\/2025\/01\/new-middle-1920x1280-2.jpg\" title=\"NEW MIDDLE\"><img fetchpriority=\"high\" decoding=\"async\" src=\"https:\/\/homeproject.fr\/fr\/wp-content\/uploads\/2025\/01\/new-middle-1920x1280-2-300x300.jpg\" alt=\"NEW MIDDLE\" width=\"300\" height=\"300\" \/><span class=\"su-custom-gallery-title\">NEW MIDDLE<\/span><\/a><\/div><div class=\"su-clear\"><\/div><\/div>\n<ol>\n<li><strong>Cross \u2013 Finition Textur\u00e9e Haut de Gamme :<\/strong>\n<ul>\n<li>Ajoute une texture subtile pour renforcer la profondeur visuelle du motif floral.<\/li>\n<li>Conserve toutes les propri\u00e9t\u00e9s techniques du New Middle, tout en offrant une finition sophistiqu\u00e9e pour des espaces raffin\u00e9s.<\/li>\n<\/ul>\n<\/li>\n<\/ol>\n<div class=\"su-custom-gallery su-custom-gallery-align-left su-custom-gallery-title-never su-lightbox-gallery\"><div class=\"su-custom-gallery-slide\" style=\"width:300px;height:300px\"><a href=\"https:\/\/homeproject.fr\/fr\/wp-content\/uploads\/2025\/01\/cross-1920x1280-2.jpg\" title=\"CROSS\"><img decoding=\"async\" src=\"https:\/\/homeproject.fr\/fr\/wp-content\/uploads\/2025\/01\/cross-1920x1280-2-300x300.jpg\" alt=\"CROSS\" width=\"300\" height=\"300\" \/><span class=\"su-custom-gallery-title\">CROSS<\/span><\/a><\/div><div class=\"su-clear\"><\/div><\/div>\n<ol>\n<li><strong>Green \u2013 \u00c9cologique et Naturel :<\/strong>\n<ul>\n<li><strong>Composition<\/strong> : Sans PVC, fabriqu\u00e9 \u00e0 partir de 71 % de cellulose, 21 % de fibres synth\u00e9tiques, et 8 % d\u2019additifs.<\/li>\n<li><strong>Grammage<\/strong> : 150 g\/m\u00b2, \u00e9paisseur 0,35 mm.<\/li>\n<li><strong>Largeur des rouleaux<\/strong> : 100 cm.<\/li>\n<li><strong>Certifications<\/strong> : Classe B-s2, d0 et A+ pour les \u00e9missions VOC.<\/li>\n<li><strong>Usage<\/strong> : Parfait pour les projets de d\u00e9coration respectueux de l\u2019environnement et les pi\u00e8ces o\u00f9 la sant\u00e9 est une priorit\u00e9.<\/li>\n<\/ul>\n<\/li>\n<\/ol>\n<div class=\"su-custom-gallery su-custom-gallery-align-left su-custom-gallery-title-never su-lightbox-gallery\"><div class=\"su-custom-gallery-slide\" style=\"width:300px;height:300px\"><a href=\"https:\/\/homeproject.fr\/fr\/wp-content\/uploads\/2025\/01\/green-1920x1280-1-1.jpg\" title=\"GREEN\"><img decoding=\"async\" src=\"https:\/\/homeproject.fr\/fr\/wp-content\/uploads\/2025\/01\/green-1920x1280-1-1-300x300.jpg\" alt=\"GREEN\" width=\"300\" height=\"300\" \/><span class=\"su-custom-gallery-title\">GREEN<\/span><\/a><\/div><div class=\"su-clear\"><\/div><\/div>\n<h3><strong>Inclus avec votre Commande :<\/strong><\/h3>\n<ul>\n<li><strong>Colle professionnelle TNT<\/strong> : Fournie pour garantir une adh\u00e9sion parfaite sur les murs standards (pl\u00e2tre ou plaques de pl\u00e2tre).<\/li>\n<li><strong>Rouleaux sur mesure<\/strong> : Adapt\u00e9s aux dimensions exactes de votre mur, avec un surplus de 5 cm pour compenser les irr\u00e9gularit\u00e9s.<\/li>\n<li><strong>L\u00e9s num\u00e9rot\u00e9s<\/strong> : Pour une installation rapide et pr\u00e9cise.<\/li>\n<li><strong>Guide d\u2019installation<\/strong> : Instructions d\u00e9taill\u00e9es pour une pose facile, m\u00eame pour les non-professionnels.<\/li>\n<\/ul>\n<h3><strong>Pourquoi Choisir le Mod\u00e8le Ture ?<\/strong><\/h3>\n<ul>\n<li><strong>Esth\u00e9tique intemporelle<\/strong> : Une solution d\u00e9corative qui apporte \u00e9l\u00e9gance et fra\u00eecheur \u00e0 vos murs.<\/li>\n<li><strong>Fabrication artisanale italienne<\/strong> : Garantie de qualit\u00e9 et d\u2019attention au d\u00e9tail, pour un produit haut de gamme.<\/li>\n<li><strong>S\u00e9curit\u00e9 et durabilit\u00e9<\/strong> : Conformes aux normes internationales EN 15102 et aux certifications \u00e9cologiques, garantissant un int\u00e9rieur sain et respectueux de l\u2019environnement.<\/li>\n<\/ul>\n<p>Cr\u00e9ez un espace unique avec le <strong>papier peint Ture d\u2019Instabile Lab<\/strong>, o\u00f9 la nature et le design se rencontrent pour embellir votre int\u00e9rieur. Commandez d\u00e8s maintenant et offrez une nouvelle vie \u00e0 vos murs !<\/p>\n<h3><strong style=\"font-family: inherit; font-size: 30px;\">Vous avez des questions ?<\/strong><\/h3>\n<style id=\"wpforms-css-vars-3675\">\n\t\t\t\t#wpforms-3675 {\n\t\t\t\t\n\t\t\t}\n\t\t\t<\/style><div class=\"wpforms-container wpforms-container-full wpforms-render-modern\" id=\"wpforms-3675\"><form id=\"wpforms-form-3675\" class=\"wpforms-validate wpforms-form wpforms-ajax-form\" data-formid=\"3675\" method=\"post\" enctype=\"multipart\/form-data\" action=\"\/fr\/wp-json\/wp\/v2\/product\/9740\" data-token=\"03cdf653ce821e1e97cc9c531d12385b\" data-token-time=\"1778527915\"><noscript class=\"wpforms-error-noscript\">Veuillez activer JavaScript dans votre navigateur pour remplir ce formulaire.<\/noscript><div id=\"wpforms-error-noscript\" style=\"display: none;\">Veuillez activer JavaScript dans votre navigateur pour remplir ce formulaire.<\/div><div class=\"wpforms-field-container\">\t\t<div id=\"wpforms-3675-field_1-container\"\n\t\t\tclass=\"wpforms-field wpforms-field-text\"\n\t\t\tdata-field-type=\"text\"\n\t\t\tdata-field-id=\"1\"\n\t\t\t>\n\t\t\t<label class=\"wpforms-field-label\" for=\"wpforms-3675-field_1\" >Message E-mail Nom<\/label>\n\t\t\t<input type=\"text\" id=\"wpforms-3675-field_1\" class=\"wpforms-field-medium\" name=\"wpforms[fields][1]\" >\n\t\t<\/div>\n\t\t<div id=\"wpforms-3675-field_3-container\" class=\"wpforms-field wpforms-field-name\" data-field-id=\"3\"><fieldset><legend class=\"wpforms-field-label\">Nom <span class=\"wpforms-required-label\" aria-hidden=\"true\">*<\/span><\/legend><div class=\"wpforms-field-row wpforms-field-medium\"><div class=\"wpforms-field-row-block wpforms-first wpforms-one-half\"><input type=\"text\" id=\"wpforms-3675-field_3\" class=\"wpforms-field-name-first wpforms-field-required\" name=\"wpforms[fields][3][first]\" aria-errormessage=\"wpforms-3675-field_3-error\" required><label for=\"wpforms-3675-field_3\" class=\"wpforms-field-sublabel after\">Pr\u00e9nom<\/label><\/div><div class=\"wpforms-field-row-block wpforms-one-half\"><input type=\"text\" id=\"wpforms-3675-field_3-last\" class=\"wpforms-field-name-last wpforms-field-required\" name=\"wpforms[fields][3][last]\" aria-errormessage=\"wpforms-3675-field_3-last-error\" required><label for=\"wpforms-3675-field_3-last\" class=\"wpforms-field-sublabel after\">Nom<\/label><\/div><\/div><\/fieldset><\/div><div id=\"wpforms-3675-field_4-container\" class=\"wpforms-field wpforms-field-email\" data-field-id=\"4\"><label class=\"wpforms-field-label\" for=\"wpforms-3675-field_4\">E-mail <span class=\"wpforms-required-label\" aria-hidden=\"true\">*<\/span><\/label><input type=\"email\" id=\"wpforms-3675-field_4\" class=\"wpforms-field-medium wpforms-field-required\" name=\"wpforms[fields][4]\" spellcheck=\"false\" aria-errormessage=\"wpforms-3675-field_4-error\" required><\/div><div id=\"wpforms-3675-field_5-container\" class=\"wpforms-field wpforms-field-textarea\" data-field-id=\"5\"><label class=\"wpforms-field-label\" for=\"wpforms-3675-field_5\">Message <span class=\"wpforms-required-label\" aria-hidden=\"true\">*<\/span><\/label><textarea id=\"wpforms-3675-field_5\" class=\"wpforms-field-medium wpforms-field-required\" name=\"wpforms[fields][5]\" aria-errormessage=\"wpforms-3675-field_5-error\" required><\/textarea><\/div><script>\n\t\t\t\t( function() {\n\t\t\t\t\tconst style = document.createElement( 'style' );\n\t\t\t\t\tstyle.appendChild( document.createTextNode( '#wpforms-3675-field_1-container { position: absolute !important; overflow: hidden !important; display: inline !important; height: 1px !important; width: 1px !important; z-index: -1000 !important; padding: 0 !important; } #wpforms-3675-field_1-container input { visibility: hidden; } #wpforms-conversational-form-page #wpforms-3675-field_1-container label { counter-increment: none; }' ) );\n\t\t\t\t\tdocument.head.appendChild( style );\n\t\t\t\t\tdocument.currentScript?.remove();\n\t\t\t\t} )();\n\t\t\t<\/script><\/div><!-- .wpforms-field-container --><div class=\"wpforms-submit-container\" ><input type=\"hidden\" name=\"wpforms[id]\" value=\"3675\"><input type=\"hidden\" name=\"page_title\" value=\"\"><input type=\"hidden\" name=\"page_url\" value=\"https:\/\/homeproject.fr\/fr\/wp-json\/wp\/v2\/product\/9740\"><input type=\"hidden\" name=\"url_referer\" value=\"\"><button type=\"submit\" name=\"wpforms[submit]\" id=\"wpforms-submit-3675\" class=\"wpforms-submit\" data-alt-text=\"Envoi...\" data-submit-text=\"Envoyer\" aria-live=\"assertive\" value=\"wpforms-submit\">Envoyer<\/button><img loading=\"lazy\" decoding=\"async\" src=\"https:\/\/homeproject.fr\/fr\/wp-content\/plugins\/wpforms-lite\/assets\/images\/submit-spin.svg\" class=\"wpforms-submit-spinner\" style=\"display: none;\" width=\"26\" height=\"26\" alt=\"Chargement en cours\"><\/div><\/form><\/div>  <!-- .wpforms-container -->\n","protected":false},"excerpt":{"rendered":"<div class=\"woocommerce-product-details__short-description\">\n<p>Le <strong>papier peint panoramique sur mesure Ture<\/strong> d\u2019Instabile Lab se distingue par son motif floral d\u00e9licat et intemporel. Parfait pour cr\u00e9er une atmosph\u00e8re apaisante et sophistiqu\u00e9e, ce mod\u00e8le s&rsquo;int\u00e8gre harmonieusement dans des espaces contemporains ou classiques. Disponible en trois types de supports haut de gamme, le papier peint Ture allie esth\u00e9tique et fonctionnalit\u00e9.<\/p>\n<p><strong>Un Produit Livr\u00e9 Pr\u00eat \u00e0 Poser<\/strong><\/p>\n<ul>\n<li><strong>Sur-Mesure :<\/strong> Chaque rouleau est adapt\u00e9 \u00e0 vos dimensions sp\u00e9cifiques.<\/li>\n<li><strong>Num\u00e9rotation des Panneaux :<\/strong> Les rouleaux sont num\u00e9rot\u00e9s pour garantir une installation fluide et la continuit\u00e9 parfaite du motif.<\/li>\n<li><strong>Colle Fournie :<\/strong> Une colle sp\u00e9ciale adapt\u00e9e aux finitions est incluse dans chaque commande.<\/li>\n<\/ul>\n<p><strong>Prix au m\u00b2 :<\/strong><\/p>\n<\/div>\n","protected":false},"featured_media":9747,"template":"","meta":{"_uf_show_specific_survey":0,"_uf_disable_surveys":false,"iawp_total_views":13},"product_brand":[],"product_cat":[399],"product_tag":[],"class_list":{"0":"post-9740","1":"product","2":"type-product","3":"status-publish","4":"has-post-thumbnail","6":"product_cat-papier-peint","7":"product_shipping_class-petit-colis","8":"pa_collection-avenue-par-instabile-lab","9":"pa_effet-floral","10":"pa_marque-instabile-lab","11":"pa_materiau-intisse","12":"pa_materiau-vinyle","14":"first","15":"instock","16":"taxable","17":"shipping-taxable","18":"purchasable","19":"product-type-variable"},"yoast_head":"<!-- This site is optimized with the Yoast SEO plugin v27.5 - https:\/\/yoast.com\/product\/yoast-seo-wordpress\/ -->\n<title>Papier peint panoramique sur mesure floral TURE par Instabile Lab - Homeproject.fr<\/title>\n<meta name=\"robots\" content=\"index, follow, max-snippet:-1, max-image-preview:large, max-video-preview:-1\" \/>\n<link rel=\"canonical\" href=\"https:\/\/homeproject.fr\/fr\/produit\/papier-peint-panoramique-sur-mesure-floral-ture-par-instabile-lab\/\" \/>\n<meta property=\"og:locale\" content=\"fr_FR\" \/>\n<meta property=\"og:type\" content=\"article\" \/>\n<meta property=\"og:title\" content=\"Papier peint panoramique sur mesure floral TURE par Instabile Lab - Homeproject.fr\" \/>\n<meta property=\"og:description\" content=\"Le papier peint panoramique sur mesure Ture d\u2019Instabile Lab se distingue par son motif floral d\u00e9licat et intemporel. Parfait pour cr\u00e9er une atmosph\u00e8re apaisante et sophistiqu\u00e9e, ce mod\u00e8le s&#039;int\u00e8gre harmonieusement dans des espaces contemporains ou classiques. Disponible en trois types de supports haut de gamme, le papier peint Ture allie esth\u00e9tique et fonctionnalit\u00e9.  Un Produit Livr\u00e9 Pr\u00eat \u00e0 Poser   Sur-Mesure : Chaque rouleau est adapt\u00e9 \u00e0 vos dimensions sp\u00e9cifiques.  Num\u00e9rotation des Panneaux : Les rouleaux sont num\u00e9rot\u00e9s pour garantir une installation fluide et la continuit\u00e9 parfaite du motif.  Colle Fournie : Une colle sp\u00e9ciale adapt\u00e9e aux finitions est incluse dans chaque commande.  Prix au m\u00b2 :\" \/>\n<meta property=\"og:url\" content=\"https:\/\/homeproject.fr\/fr\/produit\/papier-peint-panoramique-sur-mesure-floral-ture-par-instabile-lab\/\" \/>\n<meta property=\"og:site_name\" content=\"Homeproject.fr\" \/>\n<meta property=\"article:modified_time\" content=\"2025-01-08T15:43:39+00:00\" \/>\n<meta property=\"og:image\" content=\"https:\/\/homeproject.fr\/fr\/wp-content\/uploads\/2025\/01\/Papier-peint-panoramique-sur-mesure-a-motif-floral-Ture-Instabile-Lab-.jpeg\" \/>\n\t<meta property=\"og:image:width\" content=\"1500\" \/>\n\t<meta property=\"og:image:height\" content=\"1500\" \/>\n\t<meta property=\"og:image:type\" content=\"image\/jpeg\" \/>\n<meta name=\"twitter:card\" content=\"summary_large_image\" \/>\n<meta name=\"twitter:label1\" content=\"Dur\u00e9e de lecture estim\u00e9e\" \/>\n\t<meta name=\"twitter:data1\" content=\"3 minutes\" \/>\n<script type=\"application\/ld+json\" class=\"yoast-schema-graph\">{\"@context\":\"https:\\\/\\\/schema.org\",\"@graph\":[{\"@type\":\"WebPage\",\"@id\":\"https:\\\/\\\/homeproject.fr\\\/fr\\\/produit\\\/papier-peint-panoramique-sur-mesure-floral-ture-par-instabile-lab\\\/\",\"url\":\"https:\\\/\\\/homeproject.fr\\\/fr\\\/produit\\\/papier-peint-panoramique-sur-mesure-floral-ture-par-instabile-lab\\\/\",\"name\":\"Papier peint panoramique sur mesure floral TURE par Instabile Lab - Homeproject.fr\",\"isPartOf\":{\"@id\":\"https:\\\/\\\/homeproject.fr\\\/fr\\\/#website\"},\"primaryImageOfPage\":{\"@id\":\"https:\\\/\\\/homeproject.fr\\\/fr\\\/produit\\\/papier-peint-panoramique-sur-mesure-floral-ture-par-instabile-lab\\\/#primaryimage\"},\"image\":{\"@id\":\"https:\\\/\\\/homeproject.fr\\\/fr\\\/produit\\\/papier-peint-panoramique-sur-mesure-floral-ture-par-instabile-lab\\\/#primaryimage\"},\"thumbnailUrl\":\"https:\\\/\\\/homeproject.fr\\\/fr\\\/wp-content\\\/uploads\\\/2025\\\/01\\\/Papier-peint-panoramique-sur-mesure-a-motif-floral-Ture-Instabile-Lab-.jpeg\",\"datePublished\":\"2025-01-08T15:03:46+00:00\",\"dateModified\":\"2025-01-08T15:43:39+00:00\",\"breadcrumb\":{\"@id\":\"https:\\\/\\\/homeproject.fr\\\/fr\\\/produit\\\/papier-peint-panoramique-sur-mesure-floral-ture-par-instabile-lab\\\/#breadcrumb\"},\"inLanguage\":\"fr-FR\",\"potentialAction\":[{\"@type\":\"ReadAction\",\"target\":[\"https:\\\/\\\/homeproject.fr\\\/fr\\\/produit\\\/papier-peint-panoramique-sur-mesure-floral-ture-par-instabile-lab\\\/\"]}]},{\"@type\":\"ImageObject\",\"inLanguage\":\"fr-FR\",\"@id\":\"https:\\\/\\\/homeproject.fr\\\/fr\\\/produit\\\/papier-peint-panoramique-sur-mesure-floral-ture-par-instabile-lab\\\/#primaryimage\",\"url\":\"https:\\\/\\\/homeproject.fr\\\/fr\\\/wp-content\\\/uploads\\\/2025\\\/01\\\/Papier-peint-panoramique-sur-mesure-a-motif-floral-Ture-Instabile-Lab-.jpeg\",\"contentUrl\":\"https:\\\/\\\/homeproject.fr\\\/fr\\\/wp-content\\\/uploads\\\/2025\\\/01\\\/Papier-peint-panoramique-sur-mesure-a-motif-floral-Ture-Instabile-Lab-.jpeg\",\"width\":1500,\"height\":1500},{\"@type\":\"BreadcrumbList\",\"@id\":\"https:\\\/\\\/homeproject.fr\\\/fr\\\/produit\\\/papier-peint-panoramique-sur-mesure-floral-ture-par-instabile-lab\\\/#breadcrumb\",\"itemListElement\":[{\"@type\":\"ListItem\",\"position\":1,\"name\":\"Accueil\",\"item\":\"https:\\\/\\\/homeproject.fr\\\/fr\\\/\"},{\"@type\":\"ListItem\",\"position\":2,\"name\":\"Boutique\",\"item\":\"https:\\\/\\\/homeproject.fr\\\/fr\\\/boutique\\\/\"},{\"@type\":\"ListItem\",\"position\":3,\"name\":\"Papier peint panoramique sur mesure floral TURE par Instabile Lab\"}]},{\"@type\":\"WebSite\",\"@id\":\"https:\\\/\\\/homeproject.fr\\\/fr\\\/#website\",\"url\":\"https:\\\/\\\/homeproject.fr\\\/fr\\\/\",\"name\":\"Homeproject.fr\",\"description\":\"Offrez l&#039;exceptionnel \u00e0 vos espaces \u00e0 vivre\",\"publisher\":{\"@id\":\"https:\\\/\\\/homeproject.fr\\\/fr\\\/#organization\"},\"potentialAction\":[{\"@type\":\"SearchAction\",\"target\":{\"@type\":\"EntryPoint\",\"urlTemplate\":\"https:\\\/\\\/homeproject.fr\\\/fr\\\/?s={search_term_string}\"},\"query-input\":{\"@type\":\"PropertyValueSpecification\",\"valueRequired\":true,\"valueName\":\"search_term_string\"}}],\"inLanguage\":\"fr-FR\"},{\"@type\":\"Organization\",\"@id\":\"https:\\\/\\\/homeproject.fr\\\/fr\\\/#organization\",\"name\":\"Homeproject.fr\",\"url\":\"https:\\\/\\\/homeproject.fr\\\/fr\\\/\",\"logo\":{\"@type\":\"ImageObject\",\"inLanguage\":\"fr-FR\",\"@id\":\"https:\\\/\\\/homeproject.fr\\\/fr\\\/#\\\/schema\\\/logo\\\/image\\\/\",\"url\":\"https:\\\/\\\/homeproject.fr\\\/fr\\\/wp-content\\\/uploads\\\/2024\\\/12\\\/Logo_HomeProject-noir-2.png\",\"contentUrl\":\"https:\\\/\\\/homeproject.fr\\\/fr\\\/wp-content\\\/uploads\\\/2024\\\/12\\\/Logo_HomeProject-noir-2.png\",\"width\":300,\"height\":91,\"caption\":\"Homeproject.fr\"},\"image\":{\"@id\":\"https:\\\/\\\/homeproject.fr\\\/fr\\\/#\\\/schema\\\/logo\\\/image\\\/\"}}]}<\/script>\n<!-- \/ Yoast SEO plugin. -->","yoast_head_json":{"title":"Papier peint panoramique sur mesure floral TURE par Instabile Lab - Homeproject.fr","robots":{"index":"index","follow":"follow","max-snippet":"max-snippet:-1","max-image-preview":"max-image-preview:large","max-video-preview":"max-video-preview:-1"},"canonical":"https:\/\/homeproject.fr\/fr\/produit\/papier-peint-panoramique-sur-mesure-floral-ture-par-instabile-lab\/","og_locale":"fr_FR","og_type":"article","og_title":"Papier peint panoramique sur mesure floral TURE par Instabile Lab - Homeproject.fr","og_description":"Le papier peint panoramique sur mesure Ture d\u2019Instabile Lab se distingue par son motif floral d\u00e9licat et intemporel. Parfait pour cr\u00e9er une atmosph\u00e8re apaisante et sophistiqu\u00e9e, ce mod\u00e8le s'int\u00e8gre harmonieusement dans des espaces contemporains ou classiques. Disponible en trois types de supports haut de gamme, le papier peint Ture allie esth\u00e9tique et fonctionnalit\u00e9.  Un Produit Livr\u00e9 Pr\u00eat \u00e0 Poser   Sur-Mesure : Chaque rouleau est adapt\u00e9 \u00e0 vos dimensions sp\u00e9cifiques.  Num\u00e9rotation des Panneaux : Les rouleaux sont num\u00e9rot\u00e9s pour garantir une installation fluide et la continuit\u00e9 parfaite du motif.  Colle Fournie : Une colle sp\u00e9ciale adapt\u00e9e aux finitions est incluse dans chaque commande.  Prix au m\u00b2 :","og_url":"https:\/\/homeproject.fr\/fr\/produit\/papier-peint-panoramique-sur-mesure-floral-ture-par-instabile-lab\/","og_site_name":"Homeproject.fr","article_modified_time":"2025-01-08T15:43:39+00:00","og_image":[{"width":1500,"height":1500,"url":"https:\/\/homeproject.fr\/fr\/wp-content\/uploads\/2025\/01\/Papier-peint-panoramique-sur-mesure-a-motif-floral-Ture-Instabile-Lab-.jpeg","type":"image\/jpeg"}],"twitter_card":"summary_large_image","twitter_misc":{"Dur\u00e9e de lecture estim\u00e9e":"3 minutes"},"schema":{"@context":"https:\/\/schema.org","@graph":[{"@type":"WebPage","@id":"https:\/\/homeproject.fr\/fr\/produit\/papier-peint-panoramique-sur-mesure-floral-ture-par-instabile-lab\/","url":"https:\/\/homeproject.fr\/fr\/produit\/papier-peint-panoramique-sur-mesure-floral-ture-par-instabile-lab\/","name":"Papier peint panoramique sur mesure floral TURE par Instabile Lab - Homeproject.fr","isPartOf":{"@id":"https:\/\/homeproject.fr\/fr\/#website"},"primaryImageOfPage":{"@id":"https:\/\/homeproject.fr\/fr\/produit\/papier-peint-panoramique-sur-mesure-floral-ture-par-instabile-lab\/#primaryimage"},"image":{"@id":"https:\/\/homeproject.fr\/fr\/produit\/papier-peint-panoramique-sur-mesure-floral-ture-par-instabile-lab\/#primaryimage"},"thumbnailUrl":"https:\/\/homeproject.fr\/fr\/wp-content\/uploads\/2025\/01\/Papier-peint-panoramique-sur-mesure-a-motif-floral-Ture-Instabile-Lab-.jpeg","datePublished":"2025-01-08T15:03:46+00:00","dateModified":"2025-01-08T15:43:39+00:00","breadcrumb":{"@id":"https:\/\/homeproject.fr\/fr\/produit\/papier-peint-panoramique-sur-mesure-floral-ture-par-instabile-lab\/#breadcrumb"},"inLanguage":"fr-FR","potentialAction":[{"@type":"ReadAction","target":["https:\/\/homeproject.fr\/fr\/produit\/papier-peint-panoramique-sur-mesure-floral-ture-par-instabile-lab\/"]}]},{"@type":"ImageObject","inLanguage":"fr-FR","@id":"https:\/\/homeproject.fr\/fr\/produit\/papier-peint-panoramique-sur-mesure-floral-ture-par-instabile-lab\/#primaryimage","url":"https:\/\/homeproject.fr\/fr\/wp-content\/uploads\/2025\/01\/Papier-peint-panoramique-sur-mesure-a-motif-floral-Ture-Instabile-Lab-.jpeg","contentUrl":"https:\/\/homeproject.fr\/fr\/wp-content\/uploads\/2025\/01\/Papier-peint-panoramique-sur-mesure-a-motif-floral-Ture-Instabile-Lab-.jpeg","width":1500,"height":1500},{"@type":"BreadcrumbList","@id":"https:\/\/homeproject.fr\/fr\/produit\/papier-peint-panoramique-sur-mesure-floral-ture-par-instabile-lab\/#breadcrumb","itemListElement":[{"@type":"ListItem","position":1,"name":"Accueil","item":"https:\/\/homeproject.fr\/fr\/"},{"@type":"ListItem","position":2,"name":"Boutique","item":"https:\/\/homeproject.fr\/fr\/boutique\/"},{"@type":"ListItem","position":3,"name":"Papier peint panoramique sur mesure floral TURE par Instabile Lab"}]},{"@type":"WebSite","@id":"https:\/\/homeproject.fr\/fr\/#website","url":"https:\/\/homeproject.fr\/fr\/","name":"Homeproject.fr","description":"Offrez l&#039;exceptionnel \u00e0 vos espaces \u00e0 vivre","publisher":{"@id":"https:\/\/homeproject.fr\/fr\/#organization"},"potentialAction":[{"@type":"SearchAction","target":{"@type":"EntryPoint","urlTemplate":"https:\/\/homeproject.fr\/fr\/?s={search_term_string}"},"query-input":{"@type":"PropertyValueSpecification","valueRequired":true,"valueName":"search_term_string"}}],"inLanguage":"fr-FR"},{"@type":"Organization","@id":"https:\/\/homeproject.fr\/fr\/#organization","name":"Homeproject.fr","url":"https:\/\/homeproject.fr\/fr\/","logo":{"@type":"ImageObject","inLanguage":"fr-FR","@id":"https:\/\/homeproject.fr\/fr\/#\/schema\/logo\/image\/","url":"https:\/\/homeproject.fr\/fr\/wp-content\/uploads\/2024\/12\/Logo_HomeProject-noir-2.png","contentUrl":"https:\/\/homeproject.fr\/fr\/wp-content\/uploads\/2024\/12\/Logo_HomeProject-noir-2.png","width":300,"height":91,"caption":"Homeproject.fr"},"image":{"@id":"https:\/\/homeproject.fr\/fr\/#\/schema\/logo\/image\/"}}]}},"_links":{"self":[{"href":"https:\/\/homeproject.fr\/fr\/wp-json\/wp\/v2\/product\/9740","targetHints":{"allow":["GET"]}}],"collection":[{"href":"https:\/\/homeproject.fr\/fr\/wp-json\/wp\/v2\/product"}],"about":[{"href":"https:\/\/homeproject.fr\/fr\/wp-json\/wp\/v2\/types\/product"}],"version-history":[{"count":3,"href":"https:\/\/homeproject.fr\/fr\/wp-json\/wp\/v2\/product\/9740\/revisions"}],"predecessor-version":[{"id":9752,"href":"https:\/\/homeproject.fr\/fr\/wp-json\/wp\/v2\/product\/9740\/revisions\/9752"}],"wp:featuredmedia":[{"embeddable":true,"href":"https:\/\/homeproject.fr\/fr\/wp-json\/wp\/v2\/media\/9747"}],"wp:attachment":[{"href":"https:\/\/homeproject.fr\/fr\/wp-json\/wp\/v2\/media?parent=9740"}],"wp:term":[{"taxonomy":"product_brand","embeddable":true,"href":"https:\/\/homeproject.fr\/fr\/wp-json\/wp\/v2\/product_brand?post=9740"},{"taxonomy":"product_cat","embeddable":true,"href":"https:\/\/homeproject.fr\/fr\/wp-json\/wp\/v2\/product_cat?post=9740"},{"taxonomy":"product_tag","embeddable":true,"href":"https:\/\/homeproject.fr\/fr\/wp-json\/wp\/v2\/product_tag?post=9740"}],"curies":[{"name":"wp","href":"https:\/\/api.w.org\/{rel}","templated":true}]}}