{"id":9530,"date":"2025-01-06T16:12:37","date_gmt":"2025-01-06T16:12:37","guid":{"rendered":"https:\/\/homeproject.fr\/fr\/?post_type=product&#038;p=9530"},"modified":"2025-01-06T16:16:27","modified_gmt":"2025-01-06T16:16:27","slug":"carrelage-mural-decoratif-cevica-zellij-lila-10x10","status":"publish","type":"product","link":"https:\/\/homeproject.fr\/fr\/produit\/carrelage-mural-decoratif-cevica-zellij-lila-10x10\/","title":{"rendered":"Carrelage mural d\u00e9coratif Cevica Zellij LILA 10&#215;10"},"content":{"rendered":"<p><strong><a href=\"https:\/\/homeproject.fr\/fr\/produit\/echantillon-carrelage-cevica-zellij-lila\/\">Commander un \u00e9chantillon<\/a><\/strong><\/p>\n<h3><strong>Caract\u00e9ristiques principales :<\/strong><\/h3>\n<ul>\n<li><strong>Dimensions<\/strong> : 10\u00d710 cm<\/li>\n<li><strong>Couleur<\/strong> : Bleu lavande doux avec des variations naturelles pour un rendu authentique<\/li>\n<li><strong>Style<\/strong> : Effet zellige artisanal, finition l\u00e9g\u00e8rement brillante<\/li>\n<li><strong>Mati\u00e8re<\/strong> : C\u00e9ramique de qualit\u00e9 sup\u00e9rieure<\/li>\n<li><strong>Usage<\/strong> : Exclusivement mural, parfait pour cr\u00e9dences, murs d\u2019accent ou projets d\u00e9coratifs<\/li>\n<li><strong>Entretien<\/strong> : Surface facile \u00e0 nettoyer et durable<\/li>\n<\/ul>\n<h3><strong>Pourquoi choisir le Zellij Lila ?<\/strong><\/h3>\n<ul>\n<li><strong>Teinte apaisante<\/strong> : La couleur lavande ajoute une note de s\u00e9r\u00e9nit\u00e9 et d\u2019\u00e9l\u00e9gance \u00e0 vos espaces.<\/li>\n<li><strong>Charme artisanal<\/strong> : Chaque carreau est unique gr\u00e2ce \u00e0 ses irr\u00e9gularit\u00e9s subtiles, typiques de l\u2019effet zellige.<\/li>\n<li><strong>Polyvalence<\/strong> : Parfait pour des styles classiques, modernes ou boh\u00e8mes.<\/li>\n<\/ul>\n<h3><strong>Applications id\u00e9ales :<\/strong><\/h3>\n<ul>\n<li>Transformez votre cuisine avec une cr\u00e9dence lumineuse et originale.<\/li>\n<li>Cr\u00e9ez une salle de bain \u00e9l\u00e9gante et relaxante avec un mur d\u2019accent en lavande.<\/li>\n<li>Ajoutez une touche po\u00e9tique \u00e0 vos murs d\u00e9coratifs dans des salons ou des espaces commerciaux.<\/li>\n<\/ul>\n<p><strong>Commandez d\u00e8s aujourd\u2019hui le carrelage Zellij Lila 10\u00d710 et donnez vie \u00e0 vos murs avec une esth\u00e9tique artisanale et d\u00e9licate.<\/strong><\/p>\n<h3><strong style=\"font-family: inherit; font-size: 30px;\">Vous avez des questions ?<\/strong><\/h3>\n<style id=\"wpforms-css-vars-3675\">\n\t\t\t\t#wpforms-3675 {\n\t\t\t\t\n\t\t\t}\n\t\t\t<\/style><div class=\"wpforms-container wpforms-container-full wpforms-render-modern\" id=\"wpforms-3675\"><form id=\"wpforms-form-3675\" class=\"wpforms-validate wpforms-form wpforms-ajax-form\" data-formid=\"3675\" method=\"post\" enctype=\"multipart\/form-data\" action=\"\/fr\/wp-json\/wp\/v2\/product\/9530\" data-token=\"86cfa3cd8fc4572532d762e2357ac556\" data-token-time=\"1777848118\"><noscript class=\"wpforms-error-noscript\">Veuillez activer JavaScript dans votre navigateur pour remplir ce formulaire.<\/noscript><div id=\"wpforms-error-noscript\" style=\"display: none;\">Veuillez activer JavaScript dans votre navigateur pour remplir ce formulaire.<\/div><div class=\"wpforms-field-container\">\t\t<div id=\"wpforms-3675-field_1-container\"\n\t\t\tclass=\"wpforms-field wpforms-field-text\"\n\t\t\tdata-field-type=\"text\"\n\t\t\tdata-field-id=\"1\"\n\t\t\t>\n\t\t\t<label class=\"wpforms-field-label\" for=\"wpforms-3675-field_1\" >Message E-mail Nom<\/label>\n\t\t\t<input type=\"text\" id=\"wpforms-3675-field_1\" class=\"wpforms-field-medium\" name=\"wpforms[fields][1]\" >\n\t\t<\/div>\n\t\t<div id=\"wpforms-3675-field_3-container\" class=\"wpforms-field wpforms-field-name\" data-field-id=\"3\"><fieldset><legend class=\"wpforms-field-label\">Nom <span class=\"wpforms-required-label\" aria-hidden=\"true\">*<\/span><\/legend><div class=\"wpforms-field-row wpforms-field-medium\"><div class=\"wpforms-field-row-block wpforms-first wpforms-one-half\"><input type=\"text\" id=\"wpforms-3675-field_3\" class=\"wpforms-field-name-first wpforms-field-required\" name=\"wpforms[fields][3][first]\" aria-errormessage=\"wpforms-3675-field_3-error\" required><label for=\"wpforms-3675-field_3\" class=\"wpforms-field-sublabel after\">Pr\u00e9nom<\/label><\/div><div class=\"wpforms-field-row-block wpforms-one-half\"><input type=\"text\" id=\"wpforms-3675-field_3-last\" class=\"wpforms-field-name-last wpforms-field-required\" name=\"wpforms[fields][3][last]\" aria-errormessage=\"wpforms-3675-field_3-last-error\" required><label for=\"wpforms-3675-field_3-last\" class=\"wpforms-field-sublabel after\">Nom<\/label><\/div><\/div><\/fieldset><\/div><div id=\"wpforms-3675-field_4-container\" class=\"wpforms-field wpforms-field-email\" data-field-id=\"4\"><label class=\"wpforms-field-label\" for=\"wpforms-3675-field_4\">E-mail <span class=\"wpforms-required-label\" aria-hidden=\"true\">*<\/span><\/label><input type=\"email\" id=\"wpforms-3675-field_4\" class=\"wpforms-field-medium wpforms-field-required\" name=\"wpforms[fields][4]\" spellcheck=\"false\" aria-errormessage=\"wpforms-3675-field_4-error\" required><\/div><div id=\"wpforms-3675-field_5-container\" class=\"wpforms-field wpforms-field-textarea\" data-field-id=\"5\"><label class=\"wpforms-field-label\" for=\"wpforms-3675-field_5\">Message <span class=\"wpforms-required-label\" aria-hidden=\"true\">*<\/span><\/label><textarea id=\"wpforms-3675-field_5\" class=\"wpforms-field-medium wpforms-field-required\" name=\"wpforms[fields][5]\" aria-errormessage=\"wpforms-3675-field_5-error\" required><\/textarea><\/div><script>\n\t\t\t\t( function() {\n\t\t\t\t\tconst style = document.createElement( 'style' );\n\t\t\t\t\tstyle.appendChild( document.createTextNode( '#wpforms-3675-field_1-container { position: absolute !important; overflow: hidden !important; display: inline !important; height: 1px !important; width: 1px !important; z-index: -1000 !important; padding: 0 !important; } #wpforms-3675-field_1-container input { visibility: hidden; } #wpforms-conversational-form-page #wpforms-3675-field_1-container label { counter-increment: none; }' ) );\n\t\t\t\t\tdocument.head.appendChild( style );\n\t\t\t\t\tdocument.currentScript?.remove();\n\t\t\t\t} )();\n\t\t\t<\/script><\/div><!-- .wpforms-field-container --><div class=\"wpforms-submit-container\" ><input type=\"hidden\" name=\"wpforms[id]\" value=\"3675\"><input type=\"hidden\" name=\"page_title\" value=\"\"><input type=\"hidden\" name=\"page_url\" value=\"https:\/\/homeproject.fr\/fr\/wp-json\/wp\/v2\/product\/9530\"><input type=\"hidden\" name=\"url_referer\" value=\"\"><button type=\"submit\" name=\"wpforms[submit]\" id=\"wpforms-submit-3675\" class=\"wpforms-submit\" data-alt-text=\"Envoi...\" data-submit-text=\"Envoyer\" aria-live=\"assertive\" value=\"wpforms-submit\">Envoyer<\/button><img decoding=\"async\" src=\"https:\/\/homeproject.fr\/fr\/wp-content\/plugins\/wpforms-lite\/assets\/images\/submit-spin.svg\" class=\"wpforms-submit-spinner\" style=\"display: none;\" width=\"26\" height=\"26\" alt=\"Chargement en cours\"><\/div><\/form><\/div>  <!-- .wpforms-container -->\n","protected":false},"excerpt":{"rendered":"<p><strong>Raffinement et po\u00e9sie artisanale<\/strong><\/p>\n<p>Apportez une touche de douceur et de sophistication \u00e0 vos murs avec le carrelage mural Zellij Lila 10&#215;10. Ce carreau carr\u00e9 en c\u00e9ramique, dans une teinte subtile de bleu lavande, \u00e9voque l&rsquo;artisanat traditionnel avec ses l\u00e9g\u00e8res irr\u00e9gularit\u00e9s et son effet zellige unique. Id\u00e9al pour les espaces int\u00e9rieurs, il illumine et adoucit vos cuisines, salles de bain, ou murs d\u00e9coratifs.<\/p>\n","protected":false},"featured_media":9528,"template":"","meta":{"_uf_show_specific_survey":0,"_uf_disable_surveys":false,"iawp_total_views":25},"product_brand":[],"product_cat":[20,131],"product_tag":[],"class_list":{"0":"post-9530","1":"product","2":"type-product","3":"status-publish","4":"has-post-thumbnail","6":"product_cat-carrelage","7":"product_cat-carrelage-mural","8":"product_shipping_class-carrelage","9":"pa_collection-zellij-par-cevica","10":"pa_dimensions-nominales-10x10","11":"pa_effet-artisanal","12":"pa_effet-zellige","13":"pa_epaisseur-10mm","14":"pa_marque-cevica","15":"pa_materiau-faience","17":"first","18":"instock","19":"taxable","20":"shipping-taxable","21":"purchasable","22":"product-type-simple"},"yoast_head":"<!-- This site is optimized with the Yoast SEO plugin v27.5 - https:\/\/yoast.com\/product\/yoast-seo-wordpress\/ -->\n<title>Carrelage mural d\u00e9coratif Cevica Zellij LILA 10x10 - Homeproject.fr<\/title>\n<meta name=\"robots\" content=\"index, follow, max-snippet:-1, max-image-preview:large, max-video-preview:-1\" \/>\n<link rel=\"canonical\" href=\"https:\/\/homeproject.fr\/fr\/produit\/carrelage-mural-decoratif-cevica-zellij-lila-10x10\/\" \/>\n<meta property=\"og:locale\" content=\"fr_FR\" \/>\n<meta property=\"og:type\" content=\"article\" \/>\n<meta property=\"og:title\" content=\"Carrelage mural d\u00e9coratif Cevica Zellij LILA 10x10 - Homeproject.fr\" \/>\n<meta property=\"og:description\" content=\"Raffinement et po\u00e9sie artisanale  Apportez une touche de douceur et de sophistication \u00e0 vos murs avec le carrelage mural Zellij Lila 10x10. Ce carreau carr\u00e9 en c\u00e9ramique, dans une teinte subtile de bleu lavande, \u00e9voque l&#039;artisanat traditionnel avec ses l\u00e9g\u00e8res irr\u00e9gularit\u00e9s et son effet zellige unique. Id\u00e9al pour les espaces int\u00e9rieurs, il illumine et adoucit vos cuisines, salles de bain, ou murs d\u00e9coratifs.\" \/>\n<meta property=\"og:url\" content=\"https:\/\/homeproject.fr\/fr\/produit\/carrelage-mural-decoratif-cevica-zellij-lila-10x10\/\" \/>\n<meta property=\"og:site_name\" content=\"Homeproject.fr\" \/>\n<meta property=\"article:modified_time\" content=\"2025-01-06T16:16:27+00:00\" \/>\n<meta property=\"og:image\" content=\"https:\/\/homeproject.fr\/fr\/wp-content\/uploads\/2025\/01\/Carrelage-mural-effet-zellige-artisanal-bleu-lavande-10x10-Zellij-Lila.jpg\" \/>\n\t<meta property=\"og:image:width\" content=\"1500\" \/>\n\t<meta property=\"og:image:height\" content=\"1500\" \/>\n\t<meta property=\"og:image:type\" content=\"image\/jpeg\" \/>\n<meta name=\"twitter:card\" content=\"summary_large_image\" \/>\n<meta name=\"twitter:label1\" content=\"Dur\u00e9e de lecture estim\u00e9e\" \/>\n\t<meta name=\"twitter:data1\" content=\"2 minutes\" \/>\n<script type=\"application\/ld+json\" class=\"yoast-schema-graph\">{\"@context\":\"https:\\\/\\\/schema.org\",\"@graph\":[{\"@type\":\"WebPage\",\"@id\":\"https:\\\/\\\/homeproject.fr\\\/fr\\\/produit\\\/carrelage-mural-decoratif-cevica-zellij-lila-10x10\\\/\",\"url\":\"https:\\\/\\\/homeproject.fr\\\/fr\\\/produit\\\/carrelage-mural-decoratif-cevica-zellij-lila-10x10\\\/\",\"name\":\"Carrelage mural d\u00e9coratif Cevica Zellij LILA 10x10 - Homeproject.fr\",\"isPartOf\":{\"@id\":\"https:\\\/\\\/homeproject.fr\\\/fr\\\/#website\"},\"primaryImageOfPage\":{\"@id\":\"https:\\\/\\\/homeproject.fr\\\/fr\\\/produit\\\/carrelage-mural-decoratif-cevica-zellij-lila-10x10\\\/#primaryimage\"},\"image\":{\"@id\":\"https:\\\/\\\/homeproject.fr\\\/fr\\\/produit\\\/carrelage-mural-decoratif-cevica-zellij-lila-10x10\\\/#primaryimage\"},\"thumbnailUrl\":\"https:\\\/\\\/homeproject.fr\\\/fr\\\/wp-content\\\/uploads\\\/2025\\\/01\\\/Carrelage-mural-effet-zellige-artisanal-bleu-lavande-10x10-Zellij-Lila.jpg\",\"datePublished\":\"2025-01-06T16:12:37+00:00\",\"dateModified\":\"2025-01-06T16:16:27+00:00\",\"breadcrumb\":{\"@id\":\"https:\\\/\\\/homeproject.fr\\\/fr\\\/produit\\\/carrelage-mural-decoratif-cevica-zellij-lila-10x10\\\/#breadcrumb\"},\"inLanguage\":\"fr-FR\",\"potentialAction\":[{\"@type\":\"ReadAction\",\"target\":[\"https:\\\/\\\/homeproject.fr\\\/fr\\\/produit\\\/carrelage-mural-decoratif-cevica-zellij-lila-10x10\\\/\"]}]},{\"@type\":\"ImageObject\",\"inLanguage\":\"fr-FR\",\"@id\":\"https:\\\/\\\/homeproject.fr\\\/fr\\\/produit\\\/carrelage-mural-decoratif-cevica-zellij-lila-10x10\\\/#primaryimage\",\"url\":\"https:\\\/\\\/homeproject.fr\\\/fr\\\/wp-content\\\/uploads\\\/2025\\\/01\\\/Carrelage-mural-effet-zellige-artisanal-bleu-lavande-10x10-Zellij-Lila.jpg\",\"contentUrl\":\"https:\\\/\\\/homeproject.fr\\\/fr\\\/wp-content\\\/uploads\\\/2025\\\/01\\\/Carrelage-mural-effet-zellige-artisanal-bleu-lavande-10x10-Zellij-Lila.jpg\",\"width\":1500,\"height\":1500},{\"@type\":\"BreadcrumbList\",\"@id\":\"https:\\\/\\\/homeproject.fr\\\/fr\\\/produit\\\/carrelage-mural-decoratif-cevica-zellij-lila-10x10\\\/#breadcrumb\",\"itemListElement\":[{\"@type\":\"ListItem\",\"position\":1,\"name\":\"Accueil\",\"item\":\"https:\\\/\\\/homeproject.fr\\\/fr\\\/\"},{\"@type\":\"ListItem\",\"position\":2,\"name\":\"Boutique\",\"item\":\"https:\\\/\\\/homeproject.fr\\\/fr\\\/boutique\\\/\"},{\"@type\":\"ListItem\",\"position\":3,\"name\":\"Carrelage mural d\u00e9coratif Cevica Zellij LILA 10&#215;10\"}]},{\"@type\":\"WebSite\",\"@id\":\"https:\\\/\\\/homeproject.fr\\\/fr\\\/#website\",\"url\":\"https:\\\/\\\/homeproject.fr\\\/fr\\\/\",\"name\":\"Homeproject.fr\",\"description\":\"Offrez l&#039;exceptionnel \u00e0 vos espaces \u00e0 vivre\",\"publisher\":{\"@id\":\"https:\\\/\\\/homeproject.fr\\\/fr\\\/#organization\"},\"potentialAction\":[{\"@type\":\"SearchAction\",\"target\":{\"@type\":\"EntryPoint\",\"urlTemplate\":\"https:\\\/\\\/homeproject.fr\\\/fr\\\/?s={search_term_string}\"},\"query-input\":{\"@type\":\"PropertyValueSpecification\",\"valueRequired\":true,\"valueName\":\"search_term_string\"}}],\"inLanguage\":\"fr-FR\"},{\"@type\":\"Organization\",\"@id\":\"https:\\\/\\\/homeproject.fr\\\/fr\\\/#organization\",\"name\":\"Homeproject.fr\",\"url\":\"https:\\\/\\\/homeproject.fr\\\/fr\\\/\",\"logo\":{\"@type\":\"ImageObject\",\"inLanguage\":\"fr-FR\",\"@id\":\"https:\\\/\\\/homeproject.fr\\\/fr\\\/#\\\/schema\\\/logo\\\/image\\\/\",\"url\":\"https:\\\/\\\/homeproject.fr\\\/fr\\\/wp-content\\\/uploads\\\/2024\\\/12\\\/Logo_HomeProject-noir-2.png\",\"contentUrl\":\"https:\\\/\\\/homeproject.fr\\\/fr\\\/wp-content\\\/uploads\\\/2024\\\/12\\\/Logo_HomeProject-noir-2.png\",\"width\":300,\"height\":91,\"caption\":\"Homeproject.fr\"},\"image\":{\"@id\":\"https:\\\/\\\/homeproject.fr\\\/fr\\\/#\\\/schema\\\/logo\\\/image\\\/\"}}]}<\/script>\n<!-- \/ Yoast SEO plugin. -->","yoast_head_json":{"title":"Carrelage mural d\u00e9coratif Cevica Zellij LILA 10x10 - Homeproject.fr","robots":{"index":"index","follow":"follow","max-snippet":"max-snippet:-1","max-image-preview":"max-image-preview:large","max-video-preview":"max-video-preview:-1"},"canonical":"https:\/\/homeproject.fr\/fr\/produit\/carrelage-mural-decoratif-cevica-zellij-lila-10x10\/","og_locale":"fr_FR","og_type":"article","og_title":"Carrelage mural d\u00e9coratif Cevica Zellij LILA 10x10 - Homeproject.fr","og_description":"Raffinement et po\u00e9sie artisanale  Apportez une touche de douceur et de sophistication \u00e0 vos murs avec le carrelage mural Zellij Lila 10x10. Ce carreau carr\u00e9 en c\u00e9ramique, dans une teinte subtile de bleu lavande, \u00e9voque l'artisanat traditionnel avec ses l\u00e9g\u00e8res irr\u00e9gularit\u00e9s et son effet zellige unique. Id\u00e9al pour les espaces int\u00e9rieurs, il illumine et adoucit vos cuisines, salles de bain, ou murs d\u00e9coratifs.","og_url":"https:\/\/homeproject.fr\/fr\/produit\/carrelage-mural-decoratif-cevica-zellij-lila-10x10\/","og_site_name":"Homeproject.fr","article_modified_time":"2025-01-06T16:16:27+00:00","og_image":[{"width":1500,"height":1500,"url":"https:\/\/homeproject.fr\/fr\/wp-content\/uploads\/2025\/01\/Carrelage-mural-effet-zellige-artisanal-bleu-lavande-10x10-Zellij-Lila.jpg","type":"image\/jpeg"}],"twitter_card":"summary_large_image","twitter_misc":{"Dur\u00e9e de lecture estim\u00e9e":"2 minutes"},"schema":{"@context":"https:\/\/schema.org","@graph":[{"@type":"WebPage","@id":"https:\/\/homeproject.fr\/fr\/produit\/carrelage-mural-decoratif-cevica-zellij-lila-10x10\/","url":"https:\/\/homeproject.fr\/fr\/produit\/carrelage-mural-decoratif-cevica-zellij-lila-10x10\/","name":"Carrelage mural d\u00e9coratif Cevica Zellij LILA 10x10 - Homeproject.fr","isPartOf":{"@id":"https:\/\/homeproject.fr\/fr\/#website"},"primaryImageOfPage":{"@id":"https:\/\/homeproject.fr\/fr\/produit\/carrelage-mural-decoratif-cevica-zellij-lila-10x10\/#primaryimage"},"image":{"@id":"https:\/\/homeproject.fr\/fr\/produit\/carrelage-mural-decoratif-cevica-zellij-lila-10x10\/#primaryimage"},"thumbnailUrl":"https:\/\/homeproject.fr\/fr\/wp-content\/uploads\/2025\/01\/Carrelage-mural-effet-zellige-artisanal-bleu-lavande-10x10-Zellij-Lila.jpg","datePublished":"2025-01-06T16:12:37+00:00","dateModified":"2025-01-06T16:16:27+00:00","breadcrumb":{"@id":"https:\/\/homeproject.fr\/fr\/produit\/carrelage-mural-decoratif-cevica-zellij-lila-10x10\/#breadcrumb"},"inLanguage":"fr-FR","potentialAction":[{"@type":"ReadAction","target":["https:\/\/homeproject.fr\/fr\/produit\/carrelage-mural-decoratif-cevica-zellij-lila-10x10\/"]}]},{"@type":"ImageObject","inLanguage":"fr-FR","@id":"https:\/\/homeproject.fr\/fr\/produit\/carrelage-mural-decoratif-cevica-zellij-lila-10x10\/#primaryimage","url":"https:\/\/homeproject.fr\/fr\/wp-content\/uploads\/2025\/01\/Carrelage-mural-effet-zellige-artisanal-bleu-lavande-10x10-Zellij-Lila.jpg","contentUrl":"https:\/\/homeproject.fr\/fr\/wp-content\/uploads\/2025\/01\/Carrelage-mural-effet-zellige-artisanal-bleu-lavande-10x10-Zellij-Lila.jpg","width":1500,"height":1500},{"@type":"BreadcrumbList","@id":"https:\/\/homeproject.fr\/fr\/produit\/carrelage-mural-decoratif-cevica-zellij-lila-10x10\/#breadcrumb","itemListElement":[{"@type":"ListItem","position":1,"name":"Accueil","item":"https:\/\/homeproject.fr\/fr\/"},{"@type":"ListItem","position":2,"name":"Boutique","item":"https:\/\/homeproject.fr\/fr\/boutique\/"},{"@type":"ListItem","position":3,"name":"Carrelage mural d\u00e9coratif Cevica Zellij LILA 10&#215;10"}]},{"@type":"WebSite","@id":"https:\/\/homeproject.fr\/fr\/#website","url":"https:\/\/homeproject.fr\/fr\/","name":"Homeproject.fr","description":"Offrez l&#039;exceptionnel \u00e0 vos espaces \u00e0 vivre","publisher":{"@id":"https:\/\/homeproject.fr\/fr\/#organization"},"potentialAction":[{"@type":"SearchAction","target":{"@type":"EntryPoint","urlTemplate":"https:\/\/homeproject.fr\/fr\/?s={search_term_string}"},"query-input":{"@type":"PropertyValueSpecification","valueRequired":true,"valueName":"search_term_string"}}],"inLanguage":"fr-FR"},{"@type":"Organization","@id":"https:\/\/homeproject.fr\/fr\/#organization","name":"Homeproject.fr","url":"https:\/\/homeproject.fr\/fr\/","logo":{"@type":"ImageObject","inLanguage":"fr-FR","@id":"https:\/\/homeproject.fr\/fr\/#\/schema\/logo\/image\/","url":"https:\/\/homeproject.fr\/fr\/wp-content\/uploads\/2024\/12\/Logo_HomeProject-noir-2.png","contentUrl":"https:\/\/homeproject.fr\/fr\/wp-content\/uploads\/2024\/12\/Logo_HomeProject-noir-2.png","width":300,"height":91,"caption":"Homeproject.fr"},"image":{"@id":"https:\/\/homeproject.fr\/fr\/#\/schema\/logo\/image\/"}}]}},"_links":{"self":[{"href":"https:\/\/homeproject.fr\/fr\/wp-json\/wp\/v2\/product\/9530","targetHints":{"allow":["GET"]}}],"collection":[{"href":"https:\/\/homeproject.fr\/fr\/wp-json\/wp\/v2\/product"}],"about":[{"href":"https:\/\/homeproject.fr\/fr\/wp-json\/wp\/v2\/types\/product"}],"version-history":[{"count":1,"href":"https:\/\/homeproject.fr\/fr\/wp-json\/wp\/v2\/product\/9530\/revisions"}],"predecessor-version":[{"id":9531,"href":"https:\/\/homeproject.fr\/fr\/wp-json\/wp\/v2\/product\/9530\/revisions\/9531"}],"wp:featuredmedia":[{"embeddable":true,"href":"https:\/\/homeproject.fr\/fr\/wp-json\/wp\/v2\/media\/9528"}],"wp:attachment":[{"href":"https:\/\/homeproject.fr\/fr\/wp-json\/wp\/v2\/media?parent=9530"}],"wp:term":[{"taxonomy":"product_brand","embeddable":true,"href":"https:\/\/homeproject.fr\/fr\/wp-json\/wp\/v2\/product_brand?post=9530"},{"taxonomy":"product_cat","embeddable":true,"href":"https:\/\/homeproject.fr\/fr\/wp-json\/wp\/v2\/product_cat?post=9530"},{"taxonomy":"product_tag","embeddable":true,"href":"https:\/\/homeproject.fr\/fr\/wp-json\/wp\/v2\/product_tag?post=9530"}],"curies":[{"name":"wp","href":"https:\/\/api.w.org\/{rel}","templated":true}]}}