{"id":9484,"date":"2025-01-06T13:54:44","date_gmt":"2025-01-06T13:54:44","guid":{"rendered":"https:\/\/homeproject.fr\/fr\/?post_type=product&#038;p=9484"},"modified":"2025-01-06T13:58:36","modified_gmt":"2025-01-06T13:58:36","slug":"carrelage-mural-decoratif-cevica-zellij-azul-cobalto-10x10","status":"publish","type":"product","link":"https:\/\/homeproject.fr\/fr\/produit\/carrelage-mural-decoratif-cevica-zellij-azul-cobalto-10x10\/","title":{"rendered":"Carrelage mural d\u00e9coratif Cevica Zellij AZUL COBALTO 10&#215;10"},"content":{"rendered":"<p><strong><a href=\"https:\/\/homeproject.fr\/fr\/produit\/echantillon-carrelage-cevica-zellij-azul-cobalto\/\">Commander un \u00e9chantillon<\/a><\/strong><\/p>\n<h3><strong>Caract\u00e9ristiques principales :<\/strong><\/h3>\n<ul>\n<li><strong>Dimensions<\/strong> : 10\u00d710 cm<\/li>\n<li><strong>Couleur<\/strong> : Bleu cobalt intense, aux variations naturelles<\/li>\n<li><strong>Style<\/strong> : Effet zellige artisanal, finition brillante<\/li>\n<li><strong>Mati\u00e8re<\/strong> : C\u00e9ramique de haute qualit\u00e9<\/li>\n<li><strong>Usage<\/strong> : Exclusivement mural, id\u00e9al pour cr\u00e9dences, murs de douche, ou espaces design<\/li>\n<li><strong>Entretien<\/strong> : Simple et rapide gr\u00e2ce \u00e0 sa surface lisse<\/li>\n<\/ul>\n<h3><strong>Pourquoi choisir le Zellij Azul Cobalto ?<\/strong><\/h3>\n<ul>\n<li><strong>Design unique<\/strong> : Chaque carreau pr\u00e9sente de l\u00e9g\u00e8res irr\u00e9gularit\u00e9s qui renforcent son charme artisanal.<\/li>\n<li><strong>Couleur profonde<\/strong> : Un bleu cobalt vibrant qui cr\u00e9e un contraste saisissant et met en valeur vos espaces.<\/li>\n<li><strong>Polyvalence<\/strong> : S\u2019int\u00e8gre parfaitement \u00e0 divers environnements, qu\u2019ils soient contemporains ou plus classiques.<\/li>\n<\/ul>\n<h3><strong>Applications id\u00e9ales :<\/strong><\/h3>\n<ul>\n<li>R\u00e9alisez une cr\u00e9dence de cuisine audacieuse et \u00e9l\u00e9gante.<\/li>\n<li>Transformez votre salle de bain en un espace spa inspir\u00e9 des riads marocains.<\/li>\n<li>D\u00e9corez un comptoir de bar ou un mur d\u2019accent pour une allure chic et sophistiqu\u00e9e.<\/li>\n<\/ul>\n<p><strong>Commandez d\u00e8s aujourd\u2019hui le carrelage Zellij Azul Cobalto 10\u00d710 et donnez \u00e0 votre int\u00e9rieur une allure in\u00e9gal\u00e9e gr\u00e2ce \u00e0 son esth\u00e9tique artisanale.<\/strong><\/p>\n<h3><strong style=\"font-family: inherit; font-size: 30px;\">Vous avez des questions ?<\/strong><\/h3>\n<style id=\"wpforms-css-vars-3675\">\n\t\t\t\t#wpforms-3675 {\n\t\t\t\t\n\t\t\t}\n\t\t\t<\/style><div class=\"wpforms-container wpforms-container-full wpforms-render-modern\" id=\"wpforms-3675\"><form id=\"wpforms-form-3675\" class=\"wpforms-validate wpforms-form wpforms-ajax-form\" data-formid=\"3675\" method=\"post\" enctype=\"multipart\/form-data\" action=\"\/fr\/wp-json\/wp\/v2\/product\/9484\" data-token=\"40ada6e9151c970e4278e2da3e5409c5\" data-token-time=\"1777926495\"><noscript class=\"wpforms-error-noscript\">Veuillez activer JavaScript dans votre navigateur pour remplir ce formulaire.<\/noscript><div id=\"wpforms-error-noscript\" style=\"display: none;\">Veuillez activer JavaScript dans votre navigateur pour remplir ce formulaire.<\/div><div class=\"wpforms-field-container\"><div id=\"wpforms-3675-field_3-container\" class=\"wpforms-field wpforms-field-name\" data-field-id=\"3\"><fieldset><legend class=\"wpforms-field-label\">Nom <span class=\"wpforms-required-label\" aria-hidden=\"true\">*<\/span><\/legend><div class=\"wpforms-field-row wpforms-field-medium\"><div class=\"wpforms-field-row-block wpforms-first wpforms-one-half\"><input type=\"text\" id=\"wpforms-3675-field_3\" class=\"wpforms-field-name-first wpforms-field-required\" name=\"wpforms[fields][3][first]\" aria-errormessage=\"wpforms-3675-field_3-error\" required><label for=\"wpforms-3675-field_3\" class=\"wpforms-field-sublabel after\">Pr\u00e9nom<\/label><\/div><div class=\"wpforms-field-row-block wpforms-one-half\"><input type=\"text\" id=\"wpforms-3675-field_3-last\" class=\"wpforms-field-name-last wpforms-field-required\" name=\"wpforms[fields][3][last]\" aria-errormessage=\"wpforms-3675-field_3-last-error\" required><label for=\"wpforms-3675-field_3-last\" class=\"wpforms-field-sublabel after\">Nom<\/label><\/div><\/div><\/fieldset><\/div><div id=\"wpforms-3675-field_4-container\" class=\"wpforms-field wpforms-field-email\" data-field-id=\"4\"><label class=\"wpforms-field-label\" for=\"wpforms-3675-field_4\">E-mail <span class=\"wpforms-required-label\" aria-hidden=\"true\">*<\/span><\/label><input type=\"email\" id=\"wpforms-3675-field_4\" class=\"wpforms-field-medium wpforms-field-required\" name=\"wpforms[fields][4]\" spellcheck=\"false\" aria-errormessage=\"wpforms-3675-field_4-error\" required><\/div>\t\t<div id=\"wpforms-3675-field_1-container\"\n\t\t\tclass=\"wpforms-field wpforms-field-text\"\n\t\t\tdata-field-type=\"text\"\n\t\t\tdata-field-id=\"1\"\n\t\t\t>\n\t\t\t<label class=\"wpforms-field-label\" for=\"wpforms-3675-field_1\" >Nom Message E-mail<\/label>\n\t\t\t<input type=\"text\" id=\"wpforms-3675-field_1\" class=\"wpforms-field-medium\" name=\"wpforms[fields][1]\" >\n\t\t<\/div>\n\t\t<div id=\"wpforms-3675-field_5-container\" class=\"wpforms-field wpforms-field-textarea\" data-field-id=\"5\"><label class=\"wpforms-field-label\" for=\"wpforms-3675-field_5\">Message <span class=\"wpforms-required-label\" aria-hidden=\"true\">*<\/span><\/label><textarea id=\"wpforms-3675-field_5\" class=\"wpforms-field-medium wpforms-field-required\" name=\"wpforms[fields][5]\" aria-errormessage=\"wpforms-3675-field_5-error\" required><\/textarea><\/div><script>\n\t\t\t\t( function() {\n\t\t\t\t\tconst style = document.createElement( 'style' );\n\t\t\t\t\tstyle.appendChild( document.createTextNode( '#wpforms-3675-field_1-container { position: absolute !important; overflow: hidden !important; display: inline !important; height: 1px !important; width: 1px !important; z-index: -1000 !important; padding: 0 !important; } #wpforms-3675-field_1-container input { visibility: hidden; } #wpforms-conversational-form-page #wpforms-3675-field_1-container label { counter-increment: none; }' ) );\n\t\t\t\t\tdocument.head.appendChild( style );\n\t\t\t\t\tdocument.currentScript?.remove();\n\t\t\t\t} )();\n\t\t\t<\/script><\/div><!-- .wpforms-field-container --><div class=\"wpforms-submit-container\" ><input type=\"hidden\" name=\"wpforms[id]\" value=\"3675\"><input type=\"hidden\" name=\"page_title\" value=\"\"><input type=\"hidden\" name=\"page_url\" value=\"https:\/\/homeproject.fr\/fr\/wp-json\/wp\/v2\/product\/9484\"><input type=\"hidden\" name=\"url_referer\" value=\"\"><button type=\"submit\" name=\"wpforms[submit]\" id=\"wpforms-submit-3675\" class=\"wpforms-submit\" data-alt-text=\"Envoi...\" data-submit-text=\"Envoyer\" aria-live=\"assertive\" value=\"wpforms-submit\">Envoyer<\/button><img decoding=\"async\" src=\"https:\/\/homeproject.fr\/fr\/wp-content\/plugins\/wpforms-lite\/assets\/images\/submit-spin.svg\" class=\"wpforms-submit-spinner\" style=\"display: none;\" width=\"26\" height=\"26\" alt=\"Chargement en cours\"><\/div><\/form><\/div>  <!-- .wpforms-container -->\n","protected":false},"excerpt":{"rendered":"<p>Sublimez vos espaces avec le carrelage mural Zellij Azul Cobalto 10&#215;10. Inspir\u00e9 de l&rsquo;artisanat marocain, ce carrelage carr\u00e9 au bleu profond apporte une touche de raffinement et de caract\u00e8re \u00e0 votre int\u00e9rieur. Sa finition effet zellige artisanal refl\u00e8te subtilement la lumi\u00e8re, cr\u00e9ant une ambiance chaleureuse et authentique. Parfait pour la salle de bain, la cuisine, ou tout mur d\u00e9coratif, il s&rsquo;adapte \u00e0 tous les styles, du moderne au traditionnel.<\/p>\n","protected":false},"featured_media":9482,"template":"","meta":{"_uf_show_specific_survey":0,"_uf_disable_surveys":false,"iawp_total_views":35},"product_brand":[],"product_cat":[20,131],"product_tag":[],"class_list":{"0":"post-9484","1":"product","2":"type-product","3":"status-publish","4":"has-post-thumbnail","6":"product_cat-carrelage","7":"product_cat-carrelage-mural","8":"product_shipping_class-carrelage","9":"pa_collection-zellij-par-cevica","10":"pa_dimensions-nominales-10x10","11":"pa_effet-artisanal","12":"pa_effet-zellige","13":"pa_epaisseur-10mm","14":"pa_marque-cevica","15":"pa_materiau-faience","17":"first","18":"instock","19":"taxable","20":"shipping-taxable","21":"purchasable","22":"product-type-simple"},"yoast_head":"<!-- This site is optimized with the Yoast SEO plugin v27.5 - https:\/\/yoast.com\/product\/yoast-seo-wordpress\/ -->\n<title>Carrelage mural d\u00e9coratif Cevica Zellij AZUL COBALTO 10x10 - Homeproject.fr<\/title>\n<meta name=\"robots\" content=\"index, follow, max-snippet:-1, max-image-preview:large, max-video-preview:-1\" \/>\n<link rel=\"canonical\" href=\"https:\/\/homeproject.fr\/fr\/produit\/carrelage-mural-decoratif-cevica-zellij-azul-cobalto-10x10\/\" \/>\n<meta property=\"og:locale\" content=\"fr_FR\" \/>\n<meta property=\"og:type\" content=\"article\" \/>\n<meta property=\"og:title\" content=\"Carrelage mural d\u00e9coratif Cevica Zellij AZUL COBALTO 10x10 - Homeproject.fr\" \/>\n<meta property=\"og:description\" content=\"Sublimez vos espaces avec le carrelage mural Zellij Azul Cobalto 10x10. Inspir\u00e9 de l&#039;artisanat marocain, ce carrelage carr\u00e9 au bleu profond apporte une touche de raffinement et de caract\u00e8re \u00e0 votre int\u00e9rieur. Sa finition effet zellige artisanal refl\u00e8te subtilement la lumi\u00e8re, cr\u00e9ant une ambiance chaleureuse et authentique. Parfait pour la salle de bain, la cuisine, ou tout mur d\u00e9coratif, il s&#039;adapte \u00e0 tous les styles, du moderne au traditionnel.\" \/>\n<meta property=\"og:url\" content=\"https:\/\/homeproject.fr\/fr\/produit\/carrelage-mural-decoratif-cevica-zellij-azul-cobalto-10x10\/\" \/>\n<meta property=\"og:site_name\" content=\"Homeproject.fr\" \/>\n<meta property=\"article:modified_time\" content=\"2025-01-06T13:58:36+00:00\" \/>\n<meta property=\"og:image\" content=\"https:\/\/homeproject.fr\/fr\/wp-content\/uploads\/2025\/01\/Carrelage-mural-effet-zellige-artisanal-bleu-carre-10x10-Zellij-Azul-Cobalto.jpg\" \/>\n\t<meta property=\"og:image:width\" content=\"1500\" \/>\n\t<meta property=\"og:image:height\" content=\"1500\" \/>\n\t<meta property=\"og:image:type\" content=\"image\/jpeg\" \/>\n<meta name=\"twitter:card\" content=\"summary_large_image\" \/>\n<meta name=\"twitter:label1\" content=\"Dur\u00e9e de lecture estim\u00e9e\" \/>\n\t<meta name=\"twitter:data1\" content=\"2 minutes\" \/>\n<script type=\"application\/ld+json\" class=\"yoast-schema-graph\">{\"@context\":\"https:\\\/\\\/schema.org\",\"@graph\":[{\"@type\":\"WebPage\",\"@id\":\"https:\\\/\\\/homeproject.fr\\\/fr\\\/produit\\\/carrelage-mural-decoratif-cevica-zellij-azul-cobalto-10x10\\\/\",\"url\":\"https:\\\/\\\/homeproject.fr\\\/fr\\\/produit\\\/carrelage-mural-decoratif-cevica-zellij-azul-cobalto-10x10\\\/\",\"name\":\"Carrelage mural d\u00e9coratif Cevica Zellij AZUL COBALTO 10x10 - Homeproject.fr\",\"isPartOf\":{\"@id\":\"https:\\\/\\\/homeproject.fr\\\/fr\\\/#website\"},\"primaryImageOfPage\":{\"@id\":\"https:\\\/\\\/homeproject.fr\\\/fr\\\/produit\\\/carrelage-mural-decoratif-cevica-zellij-azul-cobalto-10x10\\\/#primaryimage\"},\"image\":{\"@id\":\"https:\\\/\\\/homeproject.fr\\\/fr\\\/produit\\\/carrelage-mural-decoratif-cevica-zellij-azul-cobalto-10x10\\\/#primaryimage\"},\"thumbnailUrl\":\"https:\\\/\\\/homeproject.fr\\\/fr\\\/wp-content\\\/uploads\\\/2025\\\/01\\\/Carrelage-mural-effet-zellige-artisanal-bleu-carre-10x10-Zellij-Azul-Cobalto.jpg\",\"datePublished\":\"2025-01-06T13:54:44+00:00\",\"dateModified\":\"2025-01-06T13:58:36+00:00\",\"breadcrumb\":{\"@id\":\"https:\\\/\\\/homeproject.fr\\\/fr\\\/produit\\\/carrelage-mural-decoratif-cevica-zellij-azul-cobalto-10x10\\\/#breadcrumb\"},\"inLanguage\":\"fr-FR\",\"potentialAction\":[{\"@type\":\"ReadAction\",\"target\":[\"https:\\\/\\\/homeproject.fr\\\/fr\\\/produit\\\/carrelage-mural-decoratif-cevica-zellij-azul-cobalto-10x10\\\/\"]}]},{\"@type\":\"ImageObject\",\"inLanguage\":\"fr-FR\",\"@id\":\"https:\\\/\\\/homeproject.fr\\\/fr\\\/produit\\\/carrelage-mural-decoratif-cevica-zellij-azul-cobalto-10x10\\\/#primaryimage\",\"url\":\"https:\\\/\\\/homeproject.fr\\\/fr\\\/wp-content\\\/uploads\\\/2025\\\/01\\\/Carrelage-mural-effet-zellige-artisanal-bleu-carre-10x10-Zellij-Azul-Cobalto.jpg\",\"contentUrl\":\"https:\\\/\\\/homeproject.fr\\\/fr\\\/wp-content\\\/uploads\\\/2025\\\/01\\\/Carrelage-mural-effet-zellige-artisanal-bleu-carre-10x10-Zellij-Azul-Cobalto.jpg\",\"width\":1500,\"height\":1500},{\"@type\":\"BreadcrumbList\",\"@id\":\"https:\\\/\\\/homeproject.fr\\\/fr\\\/produit\\\/carrelage-mural-decoratif-cevica-zellij-azul-cobalto-10x10\\\/#breadcrumb\",\"itemListElement\":[{\"@type\":\"ListItem\",\"position\":1,\"name\":\"Accueil\",\"item\":\"https:\\\/\\\/homeproject.fr\\\/fr\\\/\"},{\"@type\":\"ListItem\",\"position\":2,\"name\":\"Boutique\",\"item\":\"https:\\\/\\\/homeproject.fr\\\/fr\\\/boutique\\\/\"},{\"@type\":\"ListItem\",\"position\":3,\"name\":\"Carrelage mural d\u00e9coratif Cevica Zellij AZUL COBALTO 10&#215;10\"}]},{\"@type\":\"WebSite\",\"@id\":\"https:\\\/\\\/homeproject.fr\\\/fr\\\/#website\",\"url\":\"https:\\\/\\\/homeproject.fr\\\/fr\\\/\",\"name\":\"Homeproject.fr\",\"description\":\"Offrez l&#039;exceptionnel \u00e0 vos espaces \u00e0 vivre\",\"publisher\":{\"@id\":\"https:\\\/\\\/homeproject.fr\\\/fr\\\/#organization\"},\"potentialAction\":[{\"@type\":\"SearchAction\",\"target\":{\"@type\":\"EntryPoint\",\"urlTemplate\":\"https:\\\/\\\/homeproject.fr\\\/fr\\\/?s={search_term_string}\"},\"query-input\":{\"@type\":\"PropertyValueSpecification\",\"valueRequired\":true,\"valueName\":\"search_term_string\"}}],\"inLanguage\":\"fr-FR\"},{\"@type\":\"Organization\",\"@id\":\"https:\\\/\\\/homeproject.fr\\\/fr\\\/#organization\",\"name\":\"Homeproject.fr\",\"url\":\"https:\\\/\\\/homeproject.fr\\\/fr\\\/\",\"logo\":{\"@type\":\"ImageObject\",\"inLanguage\":\"fr-FR\",\"@id\":\"https:\\\/\\\/homeproject.fr\\\/fr\\\/#\\\/schema\\\/logo\\\/image\\\/\",\"url\":\"https:\\\/\\\/homeproject.fr\\\/fr\\\/wp-content\\\/uploads\\\/2024\\\/12\\\/Logo_HomeProject-noir-2.png\",\"contentUrl\":\"https:\\\/\\\/homeproject.fr\\\/fr\\\/wp-content\\\/uploads\\\/2024\\\/12\\\/Logo_HomeProject-noir-2.png\",\"width\":300,\"height\":91,\"caption\":\"Homeproject.fr\"},\"image\":{\"@id\":\"https:\\\/\\\/homeproject.fr\\\/fr\\\/#\\\/schema\\\/logo\\\/image\\\/\"}}]}<\/script>\n<!-- \/ Yoast SEO plugin. -->","yoast_head_json":{"title":"Carrelage mural d\u00e9coratif Cevica Zellij AZUL COBALTO 10x10 - Homeproject.fr","robots":{"index":"index","follow":"follow","max-snippet":"max-snippet:-1","max-image-preview":"max-image-preview:large","max-video-preview":"max-video-preview:-1"},"canonical":"https:\/\/homeproject.fr\/fr\/produit\/carrelage-mural-decoratif-cevica-zellij-azul-cobalto-10x10\/","og_locale":"fr_FR","og_type":"article","og_title":"Carrelage mural d\u00e9coratif Cevica Zellij AZUL COBALTO 10x10 - Homeproject.fr","og_description":"Sublimez vos espaces avec le carrelage mural Zellij Azul Cobalto 10x10. Inspir\u00e9 de l'artisanat marocain, ce carrelage carr\u00e9 au bleu profond apporte une touche de raffinement et de caract\u00e8re \u00e0 votre int\u00e9rieur. Sa finition effet zellige artisanal refl\u00e8te subtilement la lumi\u00e8re, cr\u00e9ant une ambiance chaleureuse et authentique. Parfait pour la salle de bain, la cuisine, ou tout mur d\u00e9coratif, il s'adapte \u00e0 tous les styles, du moderne au traditionnel.","og_url":"https:\/\/homeproject.fr\/fr\/produit\/carrelage-mural-decoratif-cevica-zellij-azul-cobalto-10x10\/","og_site_name":"Homeproject.fr","article_modified_time":"2025-01-06T13:58:36+00:00","og_image":[{"width":1500,"height":1500,"url":"https:\/\/homeproject.fr\/fr\/wp-content\/uploads\/2025\/01\/Carrelage-mural-effet-zellige-artisanal-bleu-carre-10x10-Zellij-Azul-Cobalto.jpg","type":"image\/jpeg"}],"twitter_card":"summary_large_image","twitter_misc":{"Dur\u00e9e de lecture estim\u00e9e":"2 minutes"},"schema":{"@context":"https:\/\/schema.org","@graph":[{"@type":"WebPage","@id":"https:\/\/homeproject.fr\/fr\/produit\/carrelage-mural-decoratif-cevica-zellij-azul-cobalto-10x10\/","url":"https:\/\/homeproject.fr\/fr\/produit\/carrelage-mural-decoratif-cevica-zellij-azul-cobalto-10x10\/","name":"Carrelage mural d\u00e9coratif Cevica Zellij AZUL COBALTO 10x10 - Homeproject.fr","isPartOf":{"@id":"https:\/\/homeproject.fr\/fr\/#website"},"primaryImageOfPage":{"@id":"https:\/\/homeproject.fr\/fr\/produit\/carrelage-mural-decoratif-cevica-zellij-azul-cobalto-10x10\/#primaryimage"},"image":{"@id":"https:\/\/homeproject.fr\/fr\/produit\/carrelage-mural-decoratif-cevica-zellij-azul-cobalto-10x10\/#primaryimage"},"thumbnailUrl":"https:\/\/homeproject.fr\/fr\/wp-content\/uploads\/2025\/01\/Carrelage-mural-effet-zellige-artisanal-bleu-carre-10x10-Zellij-Azul-Cobalto.jpg","datePublished":"2025-01-06T13:54:44+00:00","dateModified":"2025-01-06T13:58:36+00:00","breadcrumb":{"@id":"https:\/\/homeproject.fr\/fr\/produit\/carrelage-mural-decoratif-cevica-zellij-azul-cobalto-10x10\/#breadcrumb"},"inLanguage":"fr-FR","potentialAction":[{"@type":"ReadAction","target":["https:\/\/homeproject.fr\/fr\/produit\/carrelage-mural-decoratif-cevica-zellij-azul-cobalto-10x10\/"]}]},{"@type":"ImageObject","inLanguage":"fr-FR","@id":"https:\/\/homeproject.fr\/fr\/produit\/carrelage-mural-decoratif-cevica-zellij-azul-cobalto-10x10\/#primaryimage","url":"https:\/\/homeproject.fr\/fr\/wp-content\/uploads\/2025\/01\/Carrelage-mural-effet-zellige-artisanal-bleu-carre-10x10-Zellij-Azul-Cobalto.jpg","contentUrl":"https:\/\/homeproject.fr\/fr\/wp-content\/uploads\/2025\/01\/Carrelage-mural-effet-zellige-artisanal-bleu-carre-10x10-Zellij-Azul-Cobalto.jpg","width":1500,"height":1500},{"@type":"BreadcrumbList","@id":"https:\/\/homeproject.fr\/fr\/produit\/carrelage-mural-decoratif-cevica-zellij-azul-cobalto-10x10\/#breadcrumb","itemListElement":[{"@type":"ListItem","position":1,"name":"Accueil","item":"https:\/\/homeproject.fr\/fr\/"},{"@type":"ListItem","position":2,"name":"Boutique","item":"https:\/\/homeproject.fr\/fr\/boutique\/"},{"@type":"ListItem","position":3,"name":"Carrelage mural d\u00e9coratif Cevica Zellij AZUL COBALTO 10&#215;10"}]},{"@type":"WebSite","@id":"https:\/\/homeproject.fr\/fr\/#website","url":"https:\/\/homeproject.fr\/fr\/","name":"Homeproject.fr","description":"Offrez l&#039;exceptionnel \u00e0 vos espaces \u00e0 vivre","publisher":{"@id":"https:\/\/homeproject.fr\/fr\/#organization"},"potentialAction":[{"@type":"SearchAction","target":{"@type":"EntryPoint","urlTemplate":"https:\/\/homeproject.fr\/fr\/?s={search_term_string}"},"query-input":{"@type":"PropertyValueSpecification","valueRequired":true,"valueName":"search_term_string"}}],"inLanguage":"fr-FR"},{"@type":"Organization","@id":"https:\/\/homeproject.fr\/fr\/#organization","name":"Homeproject.fr","url":"https:\/\/homeproject.fr\/fr\/","logo":{"@type":"ImageObject","inLanguage":"fr-FR","@id":"https:\/\/homeproject.fr\/fr\/#\/schema\/logo\/image\/","url":"https:\/\/homeproject.fr\/fr\/wp-content\/uploads\/2024\/12\/Logo_HomeProject-noir-2.png","contentUrl":"https:\/\/homeproject.fr\/fr\/wp-content\/uploads\/2024\/12\/Logo_HomeProject-noir-2.png","width":300,"height":91,"caption":"Homeproject.fr"},"image":{"@id":"https:\/\/homeproject.fr\/fr\/#\/schema\/logo\/image\/"}}]}},"_links":{"self":[{"href":"https:\/\/homeproject.fr\/fr\/wp-json\/wp\/v2\/product\/9484","targetHints":{"allow":["GET"]}}],"collection":[{"href":"https:\/\/homeproject.fr\/fr\/wp-json\/wp\/v2\/product"}],"about":[{"href":"https:\/\/homeproject.fr\/fr\/wp-json\/wp\/v2\/types\/product"}],"version-history":[{"count":1,"href":"https:\/\/homeproject.fr\/fr\/wp-json\/wp\/v2\/product\/9484\/revisions"}],"predecessor-version":[{"id":9485,"href":"https:\/\/homeproject.fr\/fr\/wp-json\/wp\/v2\/product\/9484\/revisions\/9485"}],"wp:featuredmedia":[{"embeddable":true,"href":"https:\/\/homeproject.fr\/fr\/wp-json\/wp\/v2\/media\/9482"}],"wp:attachment":[{"href":"https:\/\/homeproject.fr\/fr\/wp-json\/wp\/v2\/media?parent=9484"}],"wp:term":[{"taxonomy":"product_brand","embeddable":true,"href":"https:\/\/homeproject.fr\/fr\/wp-json\/wp\/v2\/product_brand?post=9484"},{"taxonomy":"product_cat","embeddable":true,"href":"https:\/\/homeproject.fr\/fr\/wp-json\/wp\/v2\/product_cat?post=9484"},{"taxonomy":"product_tag","embeddable":true,"href":"https:\/\/homeproject.fr\/fr\/wp-json\/wp\/v2\/product_tag?post=9484"}],"curies":[{"name":"wp","href":"https:\/\/api.w.org\/{rel}","templated":true}]}}