{"id":9219,"date":"2025-01-04T13:21:40","date_gmt":"2025-01-04T13:21:40","guid":{"rendered":"https:\/\/homeproject.fr\/fr\/?post_type=product&#038;p=9219"},"modified":"2026-04-26T20:24:51","modified_gmt":"2026-04-26T20:24:51","slug":"table-basse-ronde-en-souche-de-teck-brut-et-verre-transparent-val-di-vara-100-cm","status":"publish","type":"product","link":"https:\/\/homeproject.fr\/fr\/produit\/table-basse-ronde-en-souche-de-teck-brut-et-verre-transparent-val-di-vara-100-cm\/","title":{"rendered":"Table basse ronde en souche de teck brut et verre transparent VAL DI VARA 100 cm"},"content":{"rendered":"<div class=\"flex-1 overflow-hidden @container\/thread\">\n<div class=\"h-full\">\n<div class=\"react-scroll-to-bottom--css-avwfw-79elbk h-full\">\n<div class=\"react-scroll-to-bottom--css-avwfw-1n7m0yu\">\n<div class=\"flex flex-col text-sm md:pb-9\">\n<article class=\"w-full scroll-mb-[var(--thread-trailing-height,150px)] text-token-text-primary focus-visible:outline-2 focus-visible:outline-offset-[-4px]\" dir=\"auto\" data-testid=\"conversation-turn-13\" data-scroll-anchor=\"true\">\n<div class=\"m-auto text-base py-[18px] px-3 md:px-4 w-full md:px-5 lg:px-4 xl:px-5\">\n<div class=\"mx-auto flex flex-1 gap-4 text-base md:gap-5 lg:gap-6 md:max-w-3xl lg:max-w-[40rem] xl:max-w-[48rem]\">\n<div class=\"group\/conversation-turn relative flex w-full min-w-0 flex-col agent-turn\">\n<div class=\"flex-col gap-1 md:gap-3\">\n<div class=\"flex max-w-full flex-col flex-grow\">\n<div class=\"min-h-8 text-message flex w-full flex-col items-end gap-2 whitespace-normal break-words text-start [.text-message+&]:mt-5\" dir=\"auto\" data-message-author-role=\"assistant\" data-message-id=\"dc5cab26-9697-46d2-b6fe-c8745ded277b\" data-message-model-slug=\"gpt-4o\">\n<div class=\"flex w-full flex-col gap-1 empty:hidden first:pt-[3px]\">\n<div class=\"markdown prose w-full break-words dark:prose-invert light\">\n<h3><strong>Caract\u00e9ristiques principales :<\/strong><\/h3>\n<ul>\n<li><strong>Dimensions :<\/strong>\n<ul>\n<li><strong>Diam\u00e8tre :<\/strong> 100 cm<\/li>\n<li><strong>Hauteur :<\/strong> 45 cm<\/li>\n<\/ul>\n<\/li>\n<li><strong>Mat\u00e9riaux :<\/strong>\n<ul>\n<li><strong>Base :<\/strong> Teck naturel recycl\u00e9, chaque pi\u00e8ce \u00e9tant unique avec ses nuances et veines singuli\u00e8res.<\/li>\n<li><strong>Plateau :<\/strong> Verre transparent pour une \u00e9l\u00e9gance \u00e9pur\u00e9e<\/li>\n<\/ul>\n<\/li>\n<\/ul>\n<h3><strong>Un design naturel et unique<\/strong><\/h3>\n<p>Le pied en teck sculpt\u00e9 met en valeur les formes organiques et les textures naturelles du bois, cr\u00e9ant une \u0153uvre d\u2019art fonctionnelle qui attire tous les regards. Le plateau en verre transparent met en lumi\u00e8re les d\u00e9tails du bois, ajoutant profondeur et l\u00e9g\u00e8ret\u00e9 \u00e0 votre d\u00e9coration.<\/p>\n<h3><strong>Pourquoi choisir la table Val di Vara ?<\/strong><\/h3>\n<ul>\n<li><strong>Durabilit\u00e9 :<\/strong> Le teck est un bois robuste et durable, parfait pour un usage quotidien.<\/li>\n<li><strong>Esth\u00e9tique intemporelle :<\/strong> Id\u00e9ale pour les int\u00e9rieurs modernes, boh\u00e8mes ou m\u00eame industriels.<\/li>\n<li><strong>\u00c9coresponsabilit\u00e9 :<\/strong> Fabriqu\u00e9e \u00e0 partir de bois recycl\u00e9, elle incarne un choix respectueux de l\u2019environnement.<\/li>\n<\/ul>\n<p>Transformez votre salon avec la <strong>table basse Val di Vara<\/strong>, o\u00f9 authenticit\u00e9 et modernit\u00e9 se rencontrent. Parfaite pour sublimer vos moments de convivialit\u00e9 ou simplement pour exposer vos objets pr\u00e9f\u00e9r\u00e9s.<\/p>\n<p><strong style=\"font-family: inherit; font-size: 30px;\">Vous avez des questions ?<\/strong><\/p>\n<\/div>\n<\/div>\n<\/div>\n<\/div>\n<\/div>\n<\/div>\n<\/div>\n<\/div>\n<\/article>\n<\/div>\n<\/div>\n<\/div>\n<\/div>\n<\/div>\n<style id=\"wpforms-css-vars-3675\">\n\t\t\t\t#wpforms-3675 {\n\t\t\t\t\n\t\t\t}\n\t\t\t<\/style><div class=\"wpforms-container wpforms-container-full wpforms-render-modern\" id=\"wpforms-3675\"><form id=\"wpforms-form-3675\" class=\"wpforms-validate wpforms-form wpforms-ajax-form\" data-formid=\"3675\" method=\"post\" enctype=\"multipart\/form-data\" action=\"\/fr\/wp-json\/wp\/v2\/product\/9219\" data-token=\"2921a7ac3408d834be151983965c4ab3\" data-token-time=\"1777993628\"><noscript class=\"wpforms-error-noscript\">Veuillez activer JavaScript dans votre navigateur pour remplir ce formulaire.<\/noscript><div id=\"wpforms-error-noscript\" style=\"display: none;\">Veuillez activer JavaScript dans votre navigateur pour remplir ce formulaire.<\/div><div class=\"wpforms-field-container\">\t\t<div id=\"wpforms-3675-field_1-container\"\n\t\t\tclass=\"wpforms-field wpforms-field-text\"\n\t\t\tdata-field-type=\"text\"\n\t\t\tdata-field-id=\"1\"\n\t\t\t>\n\t\t\t<label class=\"wpforms-field-label\" for=\"wpforms-3675-field_1\" >Message Nom E-mail<\/label>\n\t\t\t<input type=\"text\" id=\"wpforms-3675-field_1\" class=\"wpforms-field-medium\" name=\"wpforms[fields][1]\" >\n\t\t<\/div>\n\t\t<div id=\"wpforms-3675-field_3-container\" class=\"wpforms-field wpforms-field-name\" data-field-id=\"3\"><fieldset><legend class=\"wpforms-field-label\">Nom <span class=\"wpforms-required-label\" aria-hidden=\"true\">*<\/span><\/legend><div class=\"wpforms-field-row wpforms-field-medium\"><div class=\"wpforms-field-row-block wpforms-first wpforms-one-half\"><input type=\"text\" id=\"wpforms-3675-field_3\" class=\"wpforms-field-name-first wpforms-field-required\" name=\"wpforms[fields][3][first]\" aria-errormessage=\"wpforms-3675-field_3-error\" required><label for=\"wpforms-3675-field_3\" class=\"wpforms-field-sublabel after\">Pr\u00e9nom<\/label><\/div><div class=\"wpforms-field-row-block wpforms-one-half\"><input type=\"text\" id=\"wpforms-3675-field_3-last\" class=\"wpforms-field-name-last wpforms-field-required\" name=\"wpforms[fields][3][last]\" aria-errormessage=\"wpforms-3675-field_3-last-error\" required><label for=\"wpforms-3675-field_3-last\" class=\"wpforms-field-sublabel after\">Nom<\/label><\/div><\/div><\/fieldset><\/div><div id=\"wpforms-3675-field_4-container\" class=\"wpforms-field wpforms-field-email\" data-field-id=\"4\"><label class=\"wpforms-field-label\" for=\"wpforms-3675-field_4\">E-mail <span class=\"wpforms-required-label\" aria-hidden=\"true\">*<\/span><\/label><input type=\"email\" id=\"wpforms-3675-field_4\" class=\"wpforms-field-medium wpforms-field-required\" name=\"wpforms[fields][4]\" spellcheck=\"false\" aria-errormessage=\"wpforms-3675-field_4-error\" required><\/div><div id=\"wpforms-3675-field_5-container\" class=\"wpforms-field wpforms-field-textarea\" data-field-id=\"5\"><label class=\"wpforms-field-label\" for=\"wpforms-3675-field_5\">Message <span class=\"wpforms-required-label\" aria-hidden=\"true\">*<\/span><\/label><textarea id=\"wpforms-3675-field_5\" class=\"wpforms-field-medium wpforms-field-required\" name=\"wpforms[fields][5]\" aria-errormessage=\"wpforms-3675-field_5-error\" required><\/textarea><\/div><script>\n\t\t\t\t( function() {\n\t\t\t\t\tconst style = document.createElement( 'style' );\n\t\t\t\t\tstyle.appendChild( document.createTextNode( '#wpforms-3675-field_1-container { position: absolute !important; overflow: hidden !important; display: inline !important; height: 1px !important; width: 1px !important; z-index: -1000 !important; padding: 0 !important; } #wpforms-3675-field_1-container input { visibility: hidden; } #wpforms-conversational-form-page #wpforms-3675-field_1-container label { counter-increment: none; }' ) );\n\t\t\t\t\tdocument.head.appendChild( style );\n\t\t\t\t\tdocument.currentScript?.remove();\n\t\t\t\t} )();\n\t\t\t<\/script><\/div><!-- .wpforms-field-container --><div class=\"wpforms-submit-container\" ><input type=\"hidden\" name=\"wpforms[id]\" value=\"3675\"><input type=\"hidden\" name=\"page_title\" value=\"\"><input type=\"hidden\" name=\"page_url\" value=\"https:\/\/homeproject.fr\/fr\/wp-json\/wp\/v2\/product\/9219\"><input type=\"hidden\" name=\"url_referer\" value=\"\"><button type=\"submit\" name=\"wpforms[submit]\" id=\"wpforms-submit-3675\" class=\"wpforms-submit\" data-alt-text=\"Envoi...\" data-submit-text=\"Envoyer\" aria-live=\"assertive\" value=\"wpforms-submit\">Envoyer<\/button><img decoding=\"async\" src=\"https:\/\/homeproject.fr\/fr\/wp-content\/plugins\/wpforms-lite\/assets\/images\/submit-spin.svg\" class=\"wpforms-submit-spinner\" style=\"display: none;\" width=\"26\" height=\"26\" alt=\"Chargement en cours\"><\/div><\/form><\/div>  <!-- .wpforms-container -->\n","protected":false},"excerpt":{"rendered":"<p><strong>\u00c9l\u00e9gance naturelle et design intemporel<\/strong><\/p>\n<p>Ajoutez une touche d&rsquo;authenticit\u00e9 et de sophistication \u00e0 votre int\u00e9rieur avec la <strong>table basse Val di Vara<\/strong>, une pi\u00e8ce unique et artisanale. Fabriqu\u00e9e \u00e0 partir d&rsquo;une souche de teck massif et surmont\u00e9e d&rsquo;un plateau en verre transparent, cette table basse ronde combine des mat\u00e9riaux bruts et modernes pour un style \u00e0 la fois rustique et contemporain.<\/p>\n","protected":false},"featured_media":16183,"template":"","meta":{"_uf_show_specific_survey":0,"_uf_disable_surveys":false,"iawp_total_views":60},"product_brand":[],"product_cat":[151],"product_tag":[],"class_list":{"0":"post-9219","1":"product","2":"type-product","3":"status-publish","4":"has-post-thumbnail","6":"product_cat-tables-basses","7":"product_shipping_class-gros-colis-messagerie","8":"pa_collection-natura-line","9":"pa_materiau-bois","10":"pa_materiau-verre","12":"first","13":"instock","14":"taxable","15":"shipping-taxable","16":"purchasable","17":"product-type-simple"},"yoast_head":"<!-- This site is optimized with the Yoast SEO plugin v27.5 - https:\/\/yoast.com\/product\/yoast-seo-wordpress\/ -->\n<title>Table basse ronde en souche de teck brut et verre transparent VAL DI VARA 100 cm - Homeproject.fr<\/title>\n<meta name=\"robots\" content=\"index, follow, max-snippet:-1, max-image-preview:large, max-video-preview:-1\" \/>\n<link rel=\"canonical\" href=\"https:\/\/homeproject.fr\/fr\/produit\/table-basse-ronde-en-souche-de-teck-brut-et-verre-transparent-val-di-vara-100-cm\/\" \/>\n<meta property=\"og:locale\" content=\"fr_FR\" \/>\n<meta property=\"og:type\" content=\"article\" \/>\n<meta property=\"og:title\" content=\"Table basse ronde en souche de teck brut et verre transparent VAL DI VARA 100 cm - Homeproject.fr\" \/>\n<meta property=\"og:description\" content=\"\u00c9l\u00e9gance naturelle et design intemporel  Ajoutez une touche d&#039;authenticit\u00e9 et de sophistication \u00e0 votre int\u00e9rieur avec la table basse Val di Vara, une pi\u00e8ce unique et artisanale. Fabriqu\u00e9e \u00e0 partir d&#039;une souche de teck massif et surmont\u00e9e d&#039;un plateau en verre transparent, cette table basse ronde combine des mat\u00e9riaux bruts et modernes pour un style \u00e0 la fois rustique et contemporain.\" \/>\n<meta property=\"og:url\" content=\"https:\/\/homeproject.fr\/fr\/produit\/table-basse-ronde-en-souche-de-teck-brut-et-verre-transparent-val-di-vara-100-cm\/\" \/>\n<meta property=\"og:site_name\" content=\"Homeproject.fr\" \/>\n<meta property=\"article:modified_time\" content=\"2026-04-26T20:24:51+00:00\" \/>\n<meta property=\"og:image\" content=\"https:\/\/homeproject.fr\/fr\/wp-content\/uploads\/2025\/01\/Table-basse-en-souche-de-teck-et-plateau-en-verre-transparent-ronde-100-cm-Val-di-Vara-5-1024x1024.png\" \/>\n\t<meta property=\"og:image:width\" content=\"1024\" \/>\n\t<meta property=\"og:image:height\" content=\"1024\" \/>\n\t<meta property=\"og:image:type\" content=\"image\/png\" \/>\n<meta name=\"twitter:card\" content=\"summary_large_image\" \/>\n<meta name=\"twitter:label1\" content=\"Dur\u00e9e de lecture estim\u00e9e\" \/>\n\t<meta name=\"twitter:data1\" content=\"2 minutes\" \/>\n<script type=\"application\/ld+json\" class=\"yoast-schema-graph\">{\"@context\":\"https:\\\/\\\/schema.org\",\"@graph\":[{\"@type\":\"WebPage\",\"@id\":\"https:\\\/\\\/homeproject.fr\\\/fr\\\/produit\\\/table-basse-ronde-en-souche-de-teck-brut-et-verre-transparent-val-di-vara-100-cm\\\/\",\"url\":\"https:\\\/\\\/homeproject.fr\\\/fr\\\/produit\\\/table-basse-ronde-en-souche-de-teck-brut-et-verre-transparent-val-di-vara-100-cm\\\/\",\"name\":\"Table basse ronde en souche de teck brut et verre transparent VAL DI VARA 100 cm - Homeproject.fr\",\"isPartOf\":{\"@id\":\"https:\\\/\\\/homeproject.fr\\\/fr\\\/#website\"},\"primaryImageOfPage\":{\"@id\":\"https:\\\/\\\/homeproject.fr\\\/fr\\\/produit\\\/table-basse-ronde-en-souche-de-teck-brut-et-verre-transparent-val-di-vara-100-cm\\\/#primaryimage\"},\"image\":{\"@id\":\"https:\\\/\\\/homeproject.fr\\\/fr\\\/produit\\\/table-basse-ronde-en-souche-de-teck-brut-et-verre-transparent-val-di-vara-100-cm\\\/#primaryimage\"},\"thumbnailUrl\":\"https:\\\/\\\/homeproject.fr\\\/fr\\\/wp-content\\\/uploads\\\/2025\\\/01\\\/Table-basse-en-souche-de-teck-et-plateau-en-verre-transparent-ronde-100-cm-Val-di-Vara-5.png\",\"datePublished\":\"2025-01-04T13:21:40+00:00\",\"dateModified\":\"2026-04-26T20:24:51+00:00\",\"breadcrumb\":{\"@id\":\"https:\\\/\\\/homeproject.fr\\\/fr\\\/produit\\\/table-basse-ronde-en-souche-de-teck-brut-et-verre-transparent-val-di-vara-100-cm\\\/#breadcrumb\"},\"inLanguage\":\"fr-FR\",\"potentialAction\":[{\"@type\":\"ReadAction\",\"target\":[\"https:\\\/\\\/homeproject.fr\\\/fr\\\/produit\\\/table-basse-ronde-en-souche-de-teck-brut-et-verre-transparent-val-di-vara-100-cm\\\/\"]}]},{\"@type\":\"ImageObject\",\"inLanguage\":\"fr-FR\",\"@id\":\"https:\\\/\\\/homeproject.fr\\\/fr\\\/produit\\\/table-basse-ronde-en-souche-de-teck-brut-et-verre-transparent-val-di-vara-100-cm\\\/#primaryimage\",\"url\":\"https:\\\/\\\/homeproject.fr\\\/fr\\\/wp-content\\\/uploads\\\/2025\\\/01\\\/Table-basse-en-souche-de-teck-et-plateau-en-verre-transparent-ronde-100-cm-Val-di-Vara-5.png\",\"contentUrl\":\"https:\\\/\\\/homeproject.fr\\\/fr\\\/wp-content\\\/uploads\\\/2025\\\/01\\\/Table-basse-en-souche-de-teck-et-plateau-en-verre-transparent-ronde-100-cm-Val-di-Vara-5.png\",\"width\":1254,\"height\":1254},{\"@type\":\"BreadcrumbList\",\"@id\":\"https:\\\/\\\/homeproject.fr\\\/fr\\\/produit\\\/table-basse-ronde-en-souche-de-teck-brut-et-verre-transparent-val-di-vara-100-cm\\\/#breadcrumb\",\"itemListElement\":[{\"@type\":\"ListItem\",\"position\":1,\"name\":\"Accueil\",\"item\":\"https:\\\/\\\/homeproject.fr\\\/fr\\\/\"},{\"@type\":\"ListItem\",\"position\":2,\"name\":\"Boutique\",\"item\":\"https:\\\/\\\/homeproject.fr\\\/fr\\\/boutique\\\/\"},{\"@type\":\"ListItem\",\"position\":3,\"name\":\"Table basse ronde en souche de teck brut et verre transparent VAL DI VARA 100 cm\"}]},{\"@type\":\"WebSite\",\"@id\":\"https:\\\/\\\/homeproject.fr\\\/fr\\\/#website\",\"url\":\"https:\\\/\\\/homeproject.fr\\\/fr\\\/\",\"name\":\"Homeproject.fr\",\"description\":\"Offrez l&#039;exceptionnel \u00e0 vos espaces \u00e0 vivre\",\"publisher\":{\"@id\":\"https:\\\/\\\/homeproject.fr\\\/fr\\\/#organization\"},\"potentialAction\":[{\"@type\":\"SearchAction\",\"target\":{\"@type\":\"EntryPoint\",\"urlTemplate\":\"https:\\\/\\\/homeproject.fr\\\/fr\\\/?s={search_term_string}\"},\"query-input\":{\"@type\":\"PropertyValueSpecification\",\"valueRequired\":true,\"valueName\":\"search_term_string\"}}],\"inLanguage\":\"fr-FR\"},{\"@type\":\"Organization\",\"@id\":\"https:\\\/\\\/homeproject.fr\\\/fr\\\/#organization\",\"name\":\"Homeproject.fr\",\"url\":\"https:\\\/\\\/homeproject.fr\\\/fr\\\/\",\"logo\":{\"@type\":\"ImageObject\",\"inLanguage\":\"fr-FR\",\"@id\":\"https:\\\/\\\/homeproject.fr\\\/fr\\\/#\\\/schema\\\/logo\\\/image\\\/\",\"url\":\"https:\\\/\\\/homeproject.fr\\\/fr\\\/wp-content\\\/uploads\\\/2024\\\/12\\\/Logo_HomeProject-noir-2.png\",\"contentUrl\":\"https:\\\/\\\/homeproject.fr\\\/fr\\\/wp-content\\\/uploads\\\/2024\\\/12\\\/Logo_HomeProject-noir-2.png\",\"width\":300,\"height\":91,\"caption\":\"Homeproject.fr\"},\"image\":{\"@id\":\"https:\\\/\\\/homeproject.fr\\\/fr\\\/#\\\/schema\\\/logo\\\/image\\\/\"}}]}<\/script>\n<!-- \/ Yoast SEO plugin. -->","yoast_head_json":{"title":"Table basse ronde en souche de teck brut et verre transparent VAL DI VARA 100 cm - Homeproject.fr","robots":{"index":"index","follow":"follow","max-snippet":"max-snippet:-1","max-image-preview":"max-image-preview:large","max-video-preview":"max-video-preview:-1"},"canonical":"https:\/\/homeproject.fr\/fr\/produit\/table-basse-ronde-en-souche-de-teck-brut-et-verre-transparent-val-di-vara-100-cm\/","og_locale":"fr_FR","og_type":"article","og_title":"Table basse ronde en souche de teck brut et verre transparent VAL DI VARA 100 cm - Homeproject.fr","og_description":"\u00c9l\u00e9gance naturelle et design intemporel  Ajoutez une touche d'authenticit\u00e9 et de sophistication \u00e0 votre int\u00e9rieur avec la table basse Val di Vara, une pi\u00e8ce unique et artisanale. Fabriqu\u00e9e \u00e0 partir d'une souche de teck massif et surmont\u00e9e d'un plateau en verre transparent, cette table basse ronde combine des mat\u00e9riaux bruts et modernes pour un style \u00e0 la fois rustique et contemporain.","og_url":"https:\/\/homeproject.fr\/fr\/produit\/table-basse-ronde-en-souche-de-teck-brut-et-verre-transparent-val-di-vara-100-cm\/","og_site_name":"Homeproject.fr","article_modified_time":"2026-04-26T20:24:51+00:00","og_image":[{"width":1024,"height":1024,"url":"https:\/\/homeproject.fr\/fr\/wp-content\/uploads\/2025\/01\/Table-basse-en-souche-de-teck-et-plateau-en-verre-transparent-ronde-100-cm-Val-di-Vara-5-1024x1024.png","type":"image\/png"}],"twitter_card":"summary_large_image","twitter_misc":{"Dur\u00e9e de lecture estim\u00e9e":"2 minutes"},"schema":{"@context":"https:\/\/schema.org","@graph":[{"@type":"WebPage","@id":"https:\/\/homeproject.fr\/fr\/produit\/table-basse-ronde-en-souche-de-teck-brut-et-verre-transparent-val-di-vara-100-cm\/","url":"https:\/\/homeproject.fr\/fr\/produit\/table-basse-ronde-en-souche-de-teck-brut-et-verre-transparent-val-di-vara-100-cm\/","name":"Table basse ronde en souche de teck brut et verre transparent VAL DI VARA 100 cm - Homeproject.fr","isPartOf":{"@id":"https:\/\/homeproject.fr\/fr\/#website"},"primaryImageOfPage":{"@id":"https:\/\/homeproject.fr\/fr\/produit\/table-basse-ronde-en-souche-de-teck-brut-et-verre-transparent-val-di-vara-100-cm\/#primaryimage"},"image":{"@id":"https:\/\/homeproject.fr\/fr\/produit\/table-basse-ronde-en-souche-de-teck-brut-et-verre-transparent-val-di-vara-100-cm\/#primaryimage"},"thumbnailUrl":"https:\/\/homeproject.fr\/fr\/wp-content\/uploads\/2025\/01\/Table-basse-en-souche-de-teck-et-plateau-en-verre-transparent-ronde-100-cm-Val-di-Vara-5.png","datePublished":"2025-01-04T13:21:40+00:00","dateModified":"2026-04-26T20:24:51+00:00","breadcrumb":{"@id":"https:\/\/homeproject.fr\/fr\/produit\/table-basse-ronde-en-souche-de-teck-brut-et-verre-transparent-val-di-vara-100-cm\/#breadcrumb"},"inLanguage":"fr-FR","potentialAction":[{"@type":"ReadAction","target":["https:\/\/homeproject.fr\/fr\/produit\/table-basse-ronde-en-souche-de-teck-brut-et-verre-transparent-val-di-vara-100-cm\/"]}]},{"@type":"ImageObject","inLanguage":"fr-FR","@id":"https:\/\/homeproject.fr\/fr\/produit\/table-basse-ronde-en-souche-de-teck-brut-et-verre-transparent-val-di-vara-100-cm\/#primaryimage","url":"https:\/\/homeproject.fr\/fr\/wp-content\/uploads\/2025\/01\/Table-basse-en-souche-de-teck-et-plateau-en-verre-transparent-ronde-100-cm-Val-di-Vara-5.png","contentUrl":"https:\/\/homeproject.fr\/fr\/wp-content\/uploads\/2025\/01\/Table-basse-en-souche-de-teck-et-plateau-en-verre-transparent-ronde-100-cm-Val-di-Vara-5.png","width":1254,"height":1254},{"@type":"BreadcrumbList","@id":"https:\/\/homeproject.fr\/fr\/produit\/table-basse-ronde-en-souche-de-teck-brut-et-verre-transparent-val-di-vara-100-cm\/#breadcrumb","itemListElement":[{"@type":"ListItem","position":1,"name":"Accueil","item":"https:\/\/homeproject.fr\/fr\/"},{"@type":"ListItem","position":2,"name":"Boutique","item":"https:\/\/homeproject.fr\/fr\/boutique\/"},{"@type":"ListItem","position":3,"name":"Table basse ronde en souche de teck brut et verre transparent VAL DI VARA 100 cm"}]},{"@type":"WebSite","@id":"https:\/\/homeproject.fr\/fr\/#website","url":"https:\/\/homeproject.fr\/fr\/","name":"Homeproject.fr","description":"Offrez l&#039;exceptionnel \u00e0 vos espaces \u00e0 vivre","publisher":{"@id":"https:\/\/homeproject.fr\/fr\/#organization"},"potentialAction":[{"@type":"SearchAction","target":{"@type":"EntryPoint","urlTemplate":"https:\/\/homeproject.fr\/fr\/?s={search_term_string}"},"query-input":{"@type":"PropertyValueSpecification","valueRequired":true,"valueName":"search_term_string"}}],"inLanguage":"fr-FR"},{"@type":"Organization","@id":"https:\/\/homeproject.fr\/fr\/#organization","name":"Homeproject.fr","url":"https:\/\/homeproject.fr\/fr\/","logo":{"@type":"ImageObject","inLanguage":"fr-FR","@id":"https:\/\/homeproject.fr\/fr\/#\/schema\/logo\/image\/","url":"https:\/\/homeproject.fr\/fr\/wp-content\/uploads\/2024\/12\/Logo_HomeProject-noir-2.png","contentUrl":"https:\/\/homeproject.fr\/fr\/wp-content\/uploads\/2024\/12\/Logo_HomeProject-noir-2.png","width":300,"height":91,"caption":"Homeproject.fr"},"image":{"@id":"https:\/\/homeproject.fr\/fr\/#\/schema\/logo\/image\/"}}]}},"_links":{"self":[{"href":"https:\/\/homeproject.fr\/fr\/wp-json\/wp\/v2\/product\/9219","targetHints":{"allow":["GET"]}}],"collection":[{"href":"https:\/\/homeproject.fr\/fr\/wp-json\/wp\/v2\/product"}],"about":[{"href":"https:\/\/homeproject.fr\/fr\/wp-json\/wp\/v2\/types\/product"}],"version-history":[{"count":1,"href":"https:\/\/homeproject.fr\/fr\/wp-json\/wp\/v2\/product\/9219\/revisions"}],"predecessor-version":[{"id":9226,"href":"https:\/\/homeproject.fr\/fr\/wp-json\/wp\/v2\/product\/9219\/revisions\/9226"}],"wp:featuredmedia":[{"embeddable":true,"href":"https:\/\/homeproject.fr\/fr\/wp-json\/wp\/v2\/media\/16183"}],"wp:attachment":[{"href":"https:\/\/homeproject.fr\/fr\/wp-json\/wp\/v2\/media?parent=9219"}],"wp:term":[{"taxonomy":"product_brand","embeddable":true,"href":"https:\/\/homeproject.fr\/fr\/wp-json\/wp\/v2\/product_brand?post=9219"},{"taxonomy":"product_cat","embeddable":true,"href":"https:\/\/homeproject.fr\/fr\/wp-json\/wp\/v2\/product_cat?post=9219"},{"taxonomy":"product_tag","embeddable":true,"href":"https:\/\/homeproject.fr\/fr\/wp-json\/wp\/v2\/product_tag?post=9219"}],"curies":[{"name":"wp","href":"https:\/\/api.w.org\/{rel}","templated":true}]}}