{"id":9098,"date":"2025-01-02T16:42:16","date_gmt":"2025-01-02T16:42:16","guid":{"rendered":"https:\/\/homeproject.fr\/fr\/?post_type=product&#038;p=9098"},"modified":"2026-05-03T10:24:57","modified_gmt":"2026-05-03T10:24:57","slug":"chaise-en-orme-massif-blanchi-et-fibre-tressee-nagoya","status":"publish","type":"product","link":"https:\/\/homeproject.fr\/fr\/produit\/chaise-en-orme-massif-blanchi-et-fibre-tressee-nagoya\/","title":{"rendered":"Lot de 2 chaises en orme massif blanchi et fibre tress\u00e9e NAGOYA"},"content":{"rendered":"<div class=\"flex-1 overflow-hidden @container\/thread\">\n<div class=\"h-full\">\n<div class=\"react-scroll-to-bottom--css-avwfw-79elbk h-full\">\n<div class=\"react-scroll-to-bottom--css-avwfw-1n7m0yu\">\n<div class=\"flex flex-col text-sm md:pb-9\">\n<article class=\"w-full scroll-mb-[var(--thread-trailing-height,150px)] text-token-text-primary focus-visible:outline-2 focus-visible:outline-offset-[-4px]\" dir=\"auto\" data-testid=\"conversation-turn-13\" data-scroll-anchor=\"true\">\n<div class=\"m-auto text-base py-[18px] px-3 md:px-4 w-full md:px-5 lg:px-4 xl:px-5\">\n<div class=\"mx-auto flex flex-1 gap-4 text-base md:gap-5 lg:gap-6 md:max-w-3xl lg:max-w-[40rem] xl:max-w-[48rem]\">\n<div class=\"group\/conversation-turn relative flex w-full min-w-0 flex-col agent-turn\">\n<div class=\"flex-col gap-1 md:gap-3\">\n<div class=\"flex max-w-full flex-col flex-grow\">\n<div class=\"min-h-8 text-message flex w-full flex-col items-end gap-2 whitespace-normal break-words text-start [.text-message+&]:mt-5\" dir=\"auto\" data-message-author-role=\"assistant\" data-message-id=\"dc5cab26-9697-46d2-b6fe-c8745ded277b\" data-message-model-slug=\"gpt-4o\">\n<div class=\"flex w-full flex-col gap-1 empty:hidden first:pt-[3px]\">\n<div class=\"markdown prose w-full break-words dark:prose-invert light\">\n<h4><strong>Caract\u00e9ristiques principales<\/strong><\/h4>\n<ul>\n<li><strong>Dimensions<\/strong> : Largeur 57 cm | Profondeur 47 cm | Hauteur 79 cm<\/li>\n<li><strong>Mat\u00e9riaux<\/strong> : Orme massif pour une robustesse optimale | Rotin naturel tress\u00e9, apportant souplesse et confort.<\/li>\n<li><strong>Poids net<\/strong> : 5,5 kg, facile \u00e0 d\u00e9placer et parfait pour une utilisation quotidienne.<\/li>\n<\/ul>\n<hr \/>\n<h4><strong>Un style intemporel et polyvalent<\/strong><\/h4>\n<p>Le design scandinave intemporel de la chaise Nagoya s\u2019int\u00e8gre aussi bien dans des int\u00e9rieurs modernes que classiques. Ses lignes douces et son dossier incurv\u00e9 offrent un confort ergonomique, tandis que le tressage artisanal du rotin ajoute une touche d\u2019authenticit\u00e9.<\/p>\n<hr \/>\n<h4><strong>Un choix durable et esth\u00e9tique<\/strong><\/h4>\n<p>Fabriqu\u00e9e \u00e0 partir de mat\u00e9riaux nobles et naturels, la chaise Nagoya refl\u00e8te un engagement en faveur de la qualit\u00e9 et de l\u2019\u00e9cologie. L\u2019orme blanchi met en valeur les veinures uniques du bois, chaque pi\u00e8ce \u00e9tant v\u00e9ritablement unique.<\/p>\n<hr \/>\n<h4><strong>Suggestions d\u2019utilisation<\/strong><\/h4>\n<ul>\n<li><strong>Salle \u00e0 manger<\/strong> : Compl\u00e9tez votre table avec plusieurs chaises Nagoya pour une ambiance chaleureuse et \u00e9l\u00e9gante.<\/li>\n<li><strong>Coin lecture<\/strong> : Cr\u00e9ez un espace cosy en l\u2019associant \u00e0 une petite table d\u2019appoint.<\/li>\n<li><strong>D\u00e9coration<\/strong> : Parfait pour les styles boh\u00e8mes, minimalistes ou rustiques.<\/li>\n<\/ul>\n<hr \/>\n<h4><strong>Entretien<\/strong><\/h4>\n<p>Nettoyez simplement avec un chiffon humide pour pr\u00e9server la beaut\u00e9 du bois et du rotin. \u00c9vitez l\u2019exposition prolong\u00e9e \u00e0 l\u2019humidit\u00e9.<\/p>\n<hr \/>\n<p>Offrez \u00e0 votre int\u00e9rieur une touche de raffinement avec la chaise Nagoya. <strong>Commandez d\u00e8s maintenant<\/strong> et profitez d\u2019un mariage parfait entre design naturel et confort.<\/p>\n<h4><strong style=\"font-family: inherit; font-size: 30px;\">Vous avez des questions ?<\/strong><\/h4>\n<\/div>\n<\/div>\n<\/div>\n<\/div>\n<\/div>\n<\/div>\n<\/div>\n<\/div>\n<\/article>\n<\/div>\n<\/div>\n<\/div>\n<\/div>\n<\/div>\n<style id=\"wpforms-css-vars-3675\">\n\t\t\t\t#wpforms-3675 {\n\t\t\t\t\n\t\t\t}\n\t\t\t<\/style><div class=\"wpforms-container wpforms-container-full wpforms-render-modern\" id=\"wpforms-3675\"><form id=\"wpforms-form-3675\" class=\"wpforms-validate wpforms-form wpforms-ajax-form\" data-formid=\"3675\" method=\"post\" enctype=\"multipart\/form-data\" action=\"\/fr\/wp-json\/wp\/v2\/product\/9098\" data-token=\"2921a7ac3408d834be151983965c4ab3\" data-token-time=\"1777964167\"><noscript class=\"wpforms-error-noscript\">Veuillez activer JavaScript dans votre navigateur pour remplir ce formulaire.<\/noscript><div id=\"wpforms-error-noscript\" style=\"display: none;\">Veuillez activer JavaScript dans votre navigateur pour remplir ce formulaire.<\/div><div class=\"wpforms-field-container\">\t\t<div id=\"wpforms-3675-field_1-container\"\n\t\t\tclass=\"wpforms-field wpforms-field-text\"\n\t\t\tdata-field-type=\"text\"\n\t\t\tdata-field-id=\"1\"\n\t\t\t>\n\t\t\t<label class=\"wpforms-field-label\" for=\"wpforms-3675-field_1\" >E-mail Nom Message<\/label>\n\t\t\t<input type=\"text\" id=\"wpforms-3675-field_1\" class=\"wpforms-field-medium\" name=\"wpforms[fields][1]\" >\n\t\t<\/div>\n\t\t<div id=\"wpforms-3675-field_3-container\" class=\"wpforms-field wpforms-field-name\" data-field-id=\"3\"><fieldset><legend class=\"wpforms-field-label\">Nom <span class=\"wpforms-required-label\" aria-hidden=\"true\">*<\/span><\/legend><div class=\"wpforms-field-row wpforms-field-medium\"><div class=\"wpforms-field-row-block wpforms-first wpforms-one-half\"><input type=\"text\" id=\"wpforms-3675-field_3\" class=\"wpforms-field-name-first wpforms-field-required\" name=\"wpforms[fields][3][first]\" aria-errormessage=\"wpforms-3675-field_3-error\" required><label for=\"wpforms-3675-field_3\" class=\"wpforms-field-sublabel after\">Pr\u00e9nom<\/label><\/div><div class=\"wpforms-field-row-block wpforms-one-half\"><input type=\"text\" id=\"wpforms-3675-field_3-last\" class=\"wpforms-field-name-last wpforms-field-required\" name=\"wpforms[fields][3][last]\" aria-errormessage=\"wpforms-3675-field_3-last-error\" required><label for=\"wpforms-3675-field_3-last\" class=\"wpforms-field-sublabel after\">Nom<\/label><\/div><\/div><\/fieldset><\/div><div id=\"wpforms-3675-field_4-container\" class=\"wpforms-field wpforms-field-email\" data-field-id=\"4\"><label class=\"wpforms-field-label\" for=\"wpforms-3675-field_4\">E-mail <span class=\"wpforms-required-label\" aria-hidden=\"true\">*<\/span><\/label><input type=\"email\" id=\"wpforms-3675-field_4\" class=\"wpforms-field-medium wpforms-field-required\" name=\"wpforms[fields][4]\" spellcheck=\"false\" aria-errormessage=\"wpforms-3675-field_4-error\" required><\/div><div id=\"wpforms-3675-field_5-container\" class=\"wpforms-field wpforms-field-textarea\" data-field-id=\"5\"><label class=\"wpforms-field-label\" for=\"wpforms-3675-field_5\">Message <span class=\"wpforms-required-label\" aria-hidden=\"true\">*<\/span><\/label><textarea id=\"wpforms-3675-field_5\" class=\"wpforms-field-medium wpforms-field-required\" name=\"wpforms[fields][5]\" aria-errormessage=\"wpforms-3675-field_5-error\" required><\/textarea><\/div><script>\n\t\t\t\t( function() {\n\t\t\t\t\tconst style = document.createElement( 'style' );\n\t\t\t\t\tstyle.appendChild( document.createTextNode( '#wpforms-3675-field_1-container { position: absolute !important; overflow: hidden !important; display: inline !important; height: 1px !important; width: 1px !important; z-index: -1000 !important; padding: 0 !important; } #wpforms-3675-field_1-container input { visibility: hidden; } #wpforms-conversational-form-page #wpforms-3675-field_1-container label { counter-increment: none; }' ) );\n\t\t\t\t\tdocument.head.appendChild( style );\n\t\t\t\t\tdocument.currentScript?.remove();\n\t\t\t\t} )();\n\t\t\t<\/script><\/div><!-- .wpforms-field-container --><div class=\"wpforms-submit-container\" ><input type=\"hidden\" name=\"wpforms[id]\" value=\"3675\"><input type=\"hidden\" name=\"page_title\" value=\"\"><input type=\"hidden\" name=\"page_url\" value=\"https:\/\/homeproject.fr\/fr\/wp-json\/wp\/v2\/product\/9098\"><input type=\"hidden\" name=\"url_referer\" value=\"\"><button type=\"submit\" name=\"wpforms[submit]\" id=\"wpforms-submit-3675\" class=\"wpforms-submit\" data-alt-text=\"Envoi...\" data-submit-text=\"Envoyer\" aria-live=\"assertive\" value=\"wpforms-submit\">Envoyer<\/button><img decoding=\"async\" src=\"https:\/\/homeproject.fr\/fr\/wp-content\/plugins\/wpforms-lite\/assets\/images\/submit-spin.svg\" class=\"wpforms-submit-spinner\" style=\"display: none;\" width=\"26\" height=\"26\" alt=\"Chargement en cours\"><\/div><\/form><\/div>  <!-- .wpforms-container -->\n","protected":false},"excerpt":{"rendered":"<p><strong>Ajoutez une touche d&rsquo;\u00e9l\u00e9gance naturelle \u00e0 votre espace avec la chaise Nagoya<\/strong><\/p>\n<p>La chaise Nagoya associe le design \u00e9pur\u00e9 du bois massif d\u2019orme blanchi avec le charme artisanal du rotin tress\u00e9. Parfait pour une salle \u00e0 manger, un bureau ou tout espace \u00e0 la recherche de caract\u00e8re, ce mod\u00e8le allie confort, esth\u00e9tique et durabilit\u00e9.<\/p>\n","protected":false},"featured_media":16327,"template":"","meta":{"_uf_show_specific_survey":0,"_uf_disable_surveys":false,"iawp_total_views":16},"product_brand":[],"product_cat":[147],"product_tag":[],"class_list":{"0":"post-9098","1":"product","2":"type-product","3":"status-publish","4":"has-post-thumbnail","6":"product_cat-chaises","7":"product_shipping_class-gros-colis-messagerie","8":"pa_collection-natura-line","9":"pa_materiau-bois","10":"pa_materiau-osier","12":"first","13":"instock","14":"taxable","15":"shipping-taxable","16":"purchasable","17":"product-type-simple"},"yoast_head":"<!-- This site is optimized with the Yoast SEO plugin v27.5 - https:\/\/yoast.com\/product\/yoast-seo-wordpress\/ -->\n<title>Lot de 2 chaises en orme massif blanchi et fibre tress\u00e9e NAGOYA - Homeproject.fr<\/title>\n<meta name=\"robots\" content=\"index, follow, max-snippet:-1, max-image-preview:large, max-video-preview:-1\" \/>\n<link rel=\"canonical\" href=\"https:\/\/homeproject.fr\/fr\/produit\/chaise-en-orme-massif-blanchi-et-fibre-tressee-nagoya\/\" \/>\n<meta property=\"og:locale\" content=\"fr_FR\" \/>\n<meta property=\"og:type\" content=\"article\" \/>\n<meta property=\"og:title\" content=\"Lot de 2 chaises en orme massif blanchi et fibre tress\u00e9e NAGOYA - Homeproject.fr\" \/>\n<meta property=\"og:description\" content=\"Ajoutez une touche d&#039;\u00e9l\u00e9gance naturelle \u00e0 votre espace avec la chaise Nagoya  La chaise Nagoya associe le design \u00e9pur\u00e9 du bois massif d\u2019orme blanchi avec le charme artisanal du rotin tress\u00e9. Parfait pour une salle \u00e0 manger, un bureau ou tout espace \u00e0 la recherche de caract\u00e8re, ce mod\u00e8le allie confort, esth\u00e9tique et durabilit\u00e9.\" \/>\n<meta property=\"og:url\" content=\"https:\/\/homeproject.fr\/fr\/produit\/chaise-en-orme-massif-blanchi-et-fibre-tressee-nagoya\/\" \/>\n<meta property=\"og:site_name\" content=\"Homeproject.fr\" \/>\n<meta property=\"article:modified_time\" content=\"2026-05-03T10:24:57+00:00\" \/>\n<meta property=\"og:image\" content=\"https:\/\/homeproject.fr\/fr\/wp-content\/uploads\/2025\/01\/Chaise-au-design-contemporain-en-bois-massif-orme-blanchi-et-osier-Nagoya-ambiance-2-1024x1024.png\" \/>\n\t<meta property=\"og:image:width\" content=\"1024\" \/>\n\t<meta property=\"og:image:height\" content=\"1024\" \/>\n\t<meta property=\"og:image:type\" content=\"image\/png\" \/>\n<meta name=\"twitter:card\" content=\"summary_large_image\" \/>\n<meta name=\"twitter:label1\" content=\"Dur\u00e9e de lecture estim\u00e9e\" \/>\n\t<meta name=\"twitter:data1\" content=\"2 minutes\" \/>\n<script type=\"application\/ld+json\" class=\"yoast-schema-graph\">{\"@context\":\"https:\\\/\\\/schema.org\",\"@graph\":[{\"@type\":\"WebPage\",\"@id\":\"https:\\\/\\\/homeproject.fr\\\/fr\\\/produit\\\/chaise-en-orme-massif-blanchi-et-fibre-tressee-nagoya\\\/\",\"url\":\"https:\\\/\\\/homeproject.fr\\\/fr\\\/produit\\\/chaise-en-orme-massif-blanchi-et-fibre-tressee-nagoya\\\/\",\"name\":\"Lot de 2 chaises en orme massif blanchi et fibre tress\u00e9e NAGOYA - Homeproject.fr\",\"isPartOf\":{\"@id\":\"https:\\\/\\\/homeproject.fr\\\/fr\\\/#website\"},\"primaryImageOfPage\":{\"@id\":\"https:\\\/\\\/homeproject.fr\\\/fr\\\/produit\\\/chaise-en-orme-massif-blanchi-et-fibre-tressee-nagoya\\\/#primaryimage\"},\"image\":{\"@id\":\"https:\\\/\\\/homeproject.fr\\\/fr\\\/produit\\\/chaise-en-orme-massif-blanchi-et-fibre-tressee-nagoya\\\/#primaryimage\"},\"thumbnailUrl\":\"https:\\\/\\\/homeproject.fr\\\/fr\\\/wp-content\\\/uploads\\\/2025\\\/01\\\/Chaise-au-design-contemporain-en-bois-massif-orme-blanchi-et-osier-Nagoya-ambiance-2.png\",\"datePublished\":\"2025-01-02T16:42:16+00:00\",\"dateModified\":\"2026-05-03T10:24:57+00:00\",\"breadcrumb\":{\"@id\":\"https:\\\/\\\/homeproject.fr\\\/fr\\\/produit\\\/chaise-en-orme-massif-blanchi-et-fibre-tressee-nagoya\\\/#breadcrumb\"},\"inLanguage\":\"fr-FR\",\"potentialAction\":[{\"@type\":\"ReadAction\",\"target\":[\"https:\\\/\\\/homeproject.fr\\\/fr\\\/produit\\\/chaise-en-orme-massif-blanchi-et-fibre-tressee-nagoya\\\/\"]}]},{\"@type\":\"ImageObject\",\"inLanguage\":\"fr-FR\",\"@id\":\"https:\\\/\\\/homeproject.fr\\\/fr\\\/produit\\\/chaise-en-orme-massif-blanchi-et-fibre-tressee-nagoya\\\/#primaryimage\",\"url\":\"https:\\\/\\\/homeproject.fr\\\/fr\\\/wp-content\\\/uploads\\\/2025\\\/01\\\/Chaise-au-design-contemporain-en-bois-massif-orme-blanchi-et-osier-Nagoya-ambiance-2.png\",\"contentUrl\":\"https:\\\/\\\/homeproject.fr\\\/fr\\\/wp-content\\\/uploads\\\/2025\\\/01\\\/Chaise-au-design-contemporain-en-bois-massif-orme-blanchi-et-osier-Nagoya-ambiance-2.png\",\"width\":1254,\"height\":1254},{\"@type\":\"BreadcrumbList\",\"@id\":\"https:\\\/\\\/homeproject.fr\\\/fr\\\/produit\\\/chaise-en-orme-massif-blanchi-et-fibre-tressee-nagoya\\\/#breadcrumb\",\"itemListElement\":[{\"@type\":\"ListItem\",\"position\":1,\"name\":\"Accueil\",\"item\":\"https:\\\/\\\/homeproject.fr\\\/fr\\\/\"},{\"@type\":\"ListItem\",\"position\":2,\"name\":\"Boutique\",\"item\":\"https:\\\/\\\/homeproject.fr\\\/fr\\\/boutique\\\/\"},{\"@type\":\"ListItem\",\"position\":3,\"name\":\"Lot de 2 chaises en orme massif blanchi et fibre tress\u00e9e NAGOYA\"}]},{\"@type\":\"WebSite\",\"@id\":\"https:\\\/\\\/homeproject.fr\\\/fr\\\/#website\",\"url\":\"https:\\\/\\\/homeproject.fr\\\/fr\\\/\",\"name\":\"Homeproject.fr\",\"description\":\"Offrez l&#039;exceptionnel \u00e0 vos espaces \u00e0 vivre\",\"publisher\":{\"@id\":\"https:\\\/\\\/homeproject.fr\\\/fr\\\/#organization\"},\"potentialAction\":[{\"@type\":\"SearchAction\",\"target\":{\"@type\":\"EntryPoint\",\"urlTemplate\":\"https:\\\/\\\/homeproject.fr\\\/fr\\\/?s={search_term_string}\"},\"query-input\":{\"@type\":\"PropertyValueSpecification\",\"valueRequired\":true,\"valueName\":\"search_term_string\"}}],\"inLanguage\":\"fr-FR\"},{\"@type\":\"Organization\",\"@id\":\"https:\\\/\\\/homeproject.fr\\\/fr\\\/#organization\",\"name\":\"Homeproject.fr\",\"url\":\"https:\\\/\\\/homeproject.fr\\\/fr\\\/\",\"logo\":{\"@type\":\"ImageObject\",\"inLanguage\":\"fr-FR\",\"@id\":\"https:\\\/\\\/homeproject.fr\\\/fr\\\/#\\\/schema\\\/logo\\\/image\\\/\",\"url\":\"https:\\\/\\\/homeproject.fr\\\/fr\\\/wp-content\\\/uploads\\\/2024\\\/12\\\/Logo_HomeProject-noir-2.png\",\"contentUrl\":\"https:\\\/\\\/homeproject.fr\\\/fr\\\/wp-content\\\/uploads\\\/2024\\\/12\\\/Logo_HomeProject-noir-2.png\",\"width\":300,\"height\":91,\"caption\":\"Homeproject.fr\"},\"image\":{\"@id\":\"https:\\\/\\\/homeproject.fr\\\/fr\\\/#\\\/schema\\\/logo\\\/image\\\/\"}}]}<\/script>\n<!-- \/ Yoast SEO plugin. -->","yoast_head_json":{"title":"Lot de 2 chaises en orme massif blanchi et fibre tress\u00e9e NAGOYA - Homeproject.fr","robots":{"index":"index","follow":"follow","max-snippet":"max-snippet:-1","max-image-preview":"max-image-preview:large","max-video-preview":"max-video-preview:-1"},"canonical":"https:\/\/homeproject.fr\/fr\/produit\/chaise-en-orme-massif-blanchi-et-fibre-tressee-nagoya\/","og_locale":"fr_FR","og_type":"article","og_title":"Lot de 2 chaises en orme massif blanchi et fibre tress\u00e9e NAGOYA - Homeproject.fr","og_description":"Ajoutez une touche d'\u00e9l\u00e9gance naturelle \u00e0 votre espace avec la chaise Nagoya  La chaise Nagoya associe le design \u00e9pur\u00e9 du bois massif d\u2019orme blanchi avec le charme artisanal du rotin tress\u00e9. Parfait pour une salle \u00e0 manger, un bureau ou tout espace \u00e0 la recherche de caract\u00e8re, ce mod\u00e8le allie confort, esth\u00e9tique et durabilit\u00e9.","og_url":"https:\/\/homeproject.fr\/fr\/produit\/chaise-en-orme-massif-blanchi-et-fibre-tressee-nagoya\/","og_site_name":"Homeproject.fr","article_modified_time":"2026-05-03T10:24:57+00:00","og_image":[{"width":1024,"height":1024,"url":"https:\/\/homeproject.fr\/fr\/wp-content\/uploads\/2025\/01\/Chaise-au-design-contemporain-en-bois-massif-orme-blanchi-et-osier-Nagoya-ambiance-2-1024x1024.png","type":"image\/png"}],"twitter_card":"summary_large_image","twitter_misc":{"Dur\u00e9e de lecture estim\u00e9e":"2 minutes"},"schema":{"@context":"https:\/\/schema.org","@graph":[{"@type":"WebPage","@id":"https:\/\/homeproject.fr\/fr\/produit\/chaise-en-orme-massif-blanchi-et-fibre-tressee-nagoya\/","url":"https:\/\/homeproject.fr\/fr\/produit\/chaise-en-orme-massif-blanchi-et-fibre-tressee-nagoya\/","name":"Lot de 2 chaises en orme massif blanchi et fibre tress\u00e9e NAGOYA - Homeproject.fr","isPartOf":{"@id":"https:\/\/homeproject.fr\/fr\/#website"},"primaryImageOfPage":{"@id":"https:\/\/homeproject.fr\/fr\/produit\/chaise-en-orme-massif-blanchi-et-fibre-tressee-nagoya\/#primaryimage"},"image":{"@id":"https:\/\/homeproject.fr\/fr\/produit\/chaise-en-orme-massif-blanchi-et-fibre-tressee-nagoya\/#primaryimage"},"thumbnailUrl":"https:\/\/homeproject.fr\/fr\/wp-content\/uploads\/2025\/01\/Chaise-au-design-contemporain-en-bois-massif-orme-blanchi-et-osier-Nagoya-ambiance-2.png","datePublished":"2025-01-02T16:42:16+00:00","dateModified":"2026-05-03T10:24:57+00:00","breadcrumb":{"@id":"https:\/\/homeproject.fr\/fr\/produit\/chaise-en-orme-massif-blanchi-et-fibre-tressee-nagoya\/#breadcrumb"},"inLanguage":"fr-FR","potentialAction":[{"@type":"ReadAction","target":["https:\/\/homeproject.fr\/fr\/produit\/chaise-en-orme-massif-blanchi-et-fibre-tressee-nagoya\/"]}]},{"@type":"ImageObject","inLanguage":"fr-FR","@id":"https:\/\/homeproject.fr\/fr\/produit\/chaise-en-orme-massif-blanchi-et-fibre-tressee-nagoya\/#primaryimage","url":"https:\/\/homeproject.fr\/fr\/wp-content\/uploads\/2025\/01\/Chaise-au-design-contemporain-en-bois-massif-orme-blanchi-et-osier-Nagoya-ambiance-2.png","contentUrl":"https:\/\/homeproject.fr\/fr\/wp-content\/uploads\/2025\/01\/Chaise-au-design-contemporain-en-bois-massif-orme-blanchi-et-osier-Nagoya-ambiance-2.png","width":1254,"height":1254},{"@type":"BreadcrumbList","@id":"https:\/\/homeproject.fr\/fr\/produit\/chaise-en-orme-massif-blanchi-et-fibre-tressee-nagoya\/#breadcrumb","itemListElement":[{"@type":"ListItem","position":1,"name":"Accueil","item":"https:\/\/homeproject.fr\/fr\/"},{"@type":"ListItem","position":2,"name":"Boutique","item":"https:\/\/homeproject.fr\/fr\/boutique\/"},{"@type":"ListItem","position":3,"name":"Lot de 2 chaises en orme massif blanchi et fibre tress\u00e9e NAGOYA"}]},{"@type":"WebSite","@id":"https:\/\/homeproject.fr\/fr\/#website","url":"https:\/\/homeproject.fr\/fr\/","name":"Homeproject.fr","description":"Offrez l&#039;exceptionnel \u00e0 vos espaces \u00e0 vivre","publisher":{"@id":"https:\/\/homeproject.fr\/fr\/#organization"},"potentialAction":[{"@type":"SearchAction","target":{"@type":"EntryPoint","urlTemplate":"https:\/\/homeproject.fr\/fr\/?s={search_term_string}"},"query-input":{"@type":"PropertyValueSpecification","valueRequired":true,"valueName":"search_term_string"}}],"inLanguage":"fr-FR"},{"@type":"Organization","@id":"https:\/\/homeproject.fr\/fr\/#organization","name":"Homeproject.fr","url":"https:\/\/homeproject.fr\/fr\/","logo":{"@type":"ImageObject","inLanguage":"fr-FR","@id":"https:\/\/homeproject.fr\/fr\/#\/schema\/logo\/image\/","url":"https:\/\/homeproject.fr\/fr\/wp-content\/uploads\/2024\/12\/Logo_HomeProject-noir-2.png","contentUrl":"https:\/\/homeproject.fr\/fr\/wp-content\/uploads\/2024\/12\/Logo_HomeProject-noir-2.png","width":300,"height":91,"caption":"Homeproject.fr"},"image":{"@id":"https:\/\/homeproject.fr\/fr\/#\/schema\/logo\/image\/"}}]}},"_links":{"self":[{"href":"https:\/\/homeproject.fr\/fr\/wp-json\/wp\/v2\/product\/9098","targetHints":{"allow":["GET"]}}],"collection":[{"href":"https:\/\/homeproject.fr\/fr\/wp-json\/wp\/v2\/product"}],"about":[{"href":"https:\/\/homeproject.fr\/fr\/wp-json\/wp\/v2\/types\/product"}],"version-history":[{"count":3,"href":"https:\/\/homeproject.fr\/fr\/wp-json\/wp\/v2\/product\/9098\/revisions"}],"predecessor-version":[{"id":16030,"href":"https:\/\/homeproject.fr\/fr\/wp-json\/wp\/v2\/product\/9098\/revisions\/16030"}],"wp:featuredmedia":[{"embeddable":true,"href":"https:\/\/homeproject.fr\/fr\/wp-json\/wp\/v2\/media\/16327"}],"wp:attachment":[{"href":"https:\/\/homeproject.fr\/fr\/wp-json\/wp\/v2\/media?parent=9098"}],"wp:term":[{"taxonomy":"product_brand","embeddable":true,"href":"https:\/\/homeproject.fr\/fr\/wp-json\/wp\/v2\/product_brand?post=9098"},{"taxonomy":"product_cat","embeddable":true,"href":"https:\/\/homeproject.fr\/fr\/wp-json\/wp\/v2\/product_cat?post=9098"},{"taxonomy":"product_tag","embeddable":true,"href":"https:\/\/homeproject.fr\/fr\/wp-json\/wp\/v2\/product_tag?post=9098"}],"curies":[{"name":"wp","href":"https:\/\/api.w.org\/{rel}","templated":true}]}}