{"id":9090,"date":"2025-01-02T16:30:23","date_gmt":"2025-01-02T16:30:23","guid":{"rendered":"https:\/\/homeproject.fr\/fr\/?post_type=product&#038;p=9090"},"modified":"2026-05-03T12:28:28","modified_gmt":"2026-05-03T12:28:28","slug":"chaise-artisanale-en-teck-massif-et-rotin-valpolicella","status":"publish","type":"product","link":"https:\/\/homeproject.fr\/fr\/produit\/chaise-artisanale-en-teck-massif-et-rotin-valpolicella\/","title":{"rendered":"Lot de 2 chaises en teck massif et rotin VALPOLICELLA"},"content":{"rendered":"<div class=\"flex-1 overflow-hidden @container\/thread\">\n<div class=\"h-full\">\n<div class=\"react-scroll-to-bottom--css-avwfw-79elbk h-full\">\n<div class=\"react-scroll-to-bottom--css-avwfw-1n7m0yu\">\n<div class=\"flex flex-col text-sm md:pb-9\">\n<article class=\"w-full scroll-mb-[var(--thread-trailing-height,150px)] text-token-text-primary focus-visible:outline-2 focus-visible:outline-offset-[-4px]\" dir=\"auto\" data-testid=\"conversation-turn-13\" data-scroll-anchor=\"true\">\n<div class=\"m-auto text-base py-[18px] px-3 md:px-4 w-full md:px-5 lg:px-4 xl:px-5\">\n<div class=\"mx-auto flex flex-1 gap-4 text-base md:gap-5 lg:gap-6 md:max-w-3xl lg:max-w-[40rem] xl:max-w-[48rem]\">\n<div class=\"group\/conversation-turn relative flex w-full min-w-0 flex-col agent-turn\">\n<div class=\"flex-col gap-1 md:gap-3\">\n<div class=\"flex max-w-full flex-col flex-grow\">\n<div class=\"min-h-8 text-message flex w-full flex-col items-end gap-2 whitespace-normal break-words text-start [.text-message+&]:mt-5\" dir=\"auto\" data-message-author-role=\"assistant\" data-message-id=\"dc5cab26-9697-46d2-b6fe-c8745ded277b\" data-message-model-slug=\"gpt-4o\">\n<div class=\"flex w-full flex-col gap-1 empty:hidden first:pt-[3px]\">\n<div class=\"markdown prose w-full break-words dark:prose-invert light\">\n<h4><strong>Caract\u00e9ristiques principales :<\/strong><\/h4>\n<ul>\n<li><strong>Mat\u00e9riaux de qualit\u00e9 :<\/strong> Structure en teck massif pour une durabilit\u00e9 optimale et cannage en rotin naturel pour un confort et un style authentique.<\/li>\n<li><strong>Design intemporel :<\/strong> Sa silhouette g\u00e9om\u00e9trique et ses lignes \u00e9pur\u00e9es en font une pi\u00e8ce ma\u00eetresse pour une d\u00e9coration chic et chaleureuse.<\/li>\n<li><strong>Dimensions id\u00e9ales :<\/strong> Largeur 58 cm, Profondeur 56 cm, Hauteur 82 cm \u2013 un format pens\u00e9 pour s\u2019adapter parfaitement \u00e0 toutes les tables de repas.<\/li>\n<li><strong>Poids net :<\/strong> 7 kg, facile \u00e0 d\u00e9placer sans compromis sur la stabilit\u00e9.<\/li>\n<\/ul>\n<h4><strong>Pourquoi choisir la chaise Valpolicella ?<\/strong><\/h4>\n<p>Cette chaise est bien plus qu\u2019un simple meuble. Elle est une invitation \u00e0 la convivialit\u00e9 et \u00e0 l\u2019\u00e9l\u00e9gance. Le teck massif assure une r\u00e9sistance aux usages du quotidien, tandis que le rotin naturel ajoute une texture chaleureuse et a\u00e9r\u00e9e, id\u00e9ale pour des int\u00e9rieurs modernes ou boh\u00e8mes.<\/p>\n<h4><strong>Entretien :<\/strong><\/h4>\n<p>Un simple chiffon doux l\u00e9g\u00e8rement humide suffit pour nettoyer le teck et le rotin. Pour pr\u00e9server l\u2019\u00e9clat du bois, appliquez une huile adapt\u00e9e au teck une fois par an.<\/p>\n<h4><strong>Id\u00e9ale pour :<\/strong><\/h4>\n<ul>\n<li>Les espaces de repas contemporains ou rustiques.<\/li>\n<li>Compl\u00e9ter une table en bois ou en verre.<\/li>\n<li>Apporter un charme naturel \u00e0 une salle \u00e0 manger, un bureau ou un espace d\u2019accueil.<\/li>\n<\/ul>\n<p>Adoptez la chaise Valpolicella et transformez vos repas en v\u00e9ritables moments de style et de confort.<\/p>\n<p><strong style=\"font-family: inherit; font-size: 30px;\">Vous avez des questions ?<\/strong><\/p>\n<\/div>\n<\/div>\n<\/div>\n<\/div>\n<\/div>\n<\/div>\n<\/div>\n<\/div>\n<\/article>\n<\/div>\n<\/div>\n<\/div>\n<\/div>\n<\/div>\n<style id=\"wpforms-css-vars-3675\">\n\t\t\t\t#wpforms-3675 {\n\t\t\t\t\n\t\t\t}\n\t\t\t<\/style><div class=\"wpforms-container wpforms-container-full wpforms-render-modern\" id=\"wpforms-3675\"><form id=\"wpforms-form-3675\" class=\"wpforms-validate wpforms-form wpforms-ajax-form\" data-formid=\"3675\" method=\"post\" enctype=\"multipart\/form-data\" action=\"\/fr\/wp-json\/wp\/v2\/product\/9090\" data-token=\"2921a7ac3408d834be151983965c4ab3\" data-token-time=\"1778015291\"><noscript class=\"wpforms-error-noscript\">Veuillez activer JavaScript dans votre navigateur pour remplir ce formulaire.<\/noscript><div id=\"wpforms-error-noscript\" style=\"display: none;\">Veuillez activer JavaScript dans votre navigateur pour remplir ce formulaire.<\/div><div class=\"wpforms-field-container\"><div id=\"wpforms-3675-field_3-container\" class=\"wpforms-field wpforms-field-name\" data-field-id=\"3\"><fieldset><legend class=\"wpforms-field-label\">Nom <span class=\"wpforms-required-label\" aria-hidden=\"true\">*<\/span><\/legend><div class=\"wpforms-field-row wpforms-field-medium\"><div class=\"wpforms-field-row-block wpforms-first wpforms-one-half\"><input type=\"text\" id=\"wpforms-3675-field_3\" class=\"wpforms-field-name-first wpforms-field-required\" name=\"wpforms[fields][3][first]\" aria-errormessage=\"wpforms-3675-field_3-error\" required><label for=\"wpforms-3675-field_3\" class=\"wpforms-field-sublabel after\">Pr\u00e9nom<\/label><\/div><div class=\"wpforms-field-row-block wpforms-one-half\"><input type=\"text\" id=\"wpforms-3675-field_3-last\" class=\"wpforms-field-name-last wpforms-field-required\" name=\"wpforms[fields][3][last]\" aria-errormessage=\"wpforms-3675-field_3-last-error\" required><label for=\"wpforms-3675-field_3-last\" class=\"wpforms-field-sublabel after\">Nom<\/label><\/div><\/div><\/fieldset><\/div><div id=\"wpforms-3675-field_4-container\" class=\"wpforms-field wpforms-field-email\" data-field-id=\"4\"><label class=\"wpforms-field-label\" for=\"wpforms-3675-field_4\">E-mail <span class=\"wpforms-required-label\" aria-hidden=\"true\">*<\/span><\/label><input type=\"email\" id=\"wpforms-3675-field_4\" class=\"wpforms-field-medium wpforms-field-required\" name=\"wpforms[fields][4]\" spellcheck=\"false\" aria-errormessage=\"wpforms-3675-field_4-error\" required><\/div>\t\t<div id=\"wpforms-3675-field_1-container\"\n\t\t\tclass=\"wpforms-field wpforms-field-text\"\n\t\t\tdata-field-type=\"text\"\n\t\t\tdata-field-id=\"1\"\n\t\t\t>\n\t\t\t<label class=\"wpforms-field-label\" for=\"wpforms-3675-field_1\" >E-mail Nom Message<\/label>\n\t\t\t<input type=\"text\" id=\"wpforms-3675-field_1\" class=\"wpforms-field-medium\" name=\"wpforms[fields][1]\" >\n\t\t<\/div>\n\t\t<div id=\"wpforms-3675-field_5-container\" class=\"wpforms-field wpforms-field-textarea\" data-field-id=\"5\"><label class=\"wpforms-field-label\" for=\"wpforms-3675-field_5\">Message <span class=\"wpforms-required-label\" aria-hidden=\"true\">*<\/span><\/label><textarea id=\"wpforms-3675-field_5\" class=\"wpforms-field-medium wpforms-field-required\" name=\"wpforms[fields][5]\" aria-errormessage=\"wpforms-3675-field_5-error\" required><\/textarea><\/div><script>\n\t\t\t\t( function() {\n\t\t\t\t\tconst style = document.createElement( 'style' );\n\t\t\t\t\tstyle.appendChild( document.createTextNode( '#wpforms-3675-field_1-container { position: absolute !important; overflow: hidden !important; display: inline !important; height: 1px !important; width: 1px !important; z-index: -1000 !important; padding: 0 !important; } #wpforms-3675-field_1-container input { visibility: hidden; } #wpforms-conversational-form-page #wpforms-3675-field_1-container label { counter-increment: none; }' ) );\n\t\t\t\t\tdocument.head.appendChild( style );\n\t\t\t\t\tdocument.currentScript?.remove();\n\t\t\t\t} )();\n\t\t\t<\/script><\/div><!-- .wpforms-field-container --><div class=\"wpforms-submit-container\" ><input type=\"hidden\" name=\"wpforms[id]\" value=\"3675\"><input type=\"hidden\" name=\"page_title\" value=\"\"><input type=\"hidden\" name=\"page_url\" value=\"https:\/\/homeproject.fr\/fr\/wp-json\/wp\/v2\/product\/9090\"><input type=\"hidden\" name=\"url_referer\" value=\"\"><button type=\"submit\" name=\"wpforms[submit]\" id=\"wpforms-submit-3675\" class=\"wpforms-submit\" data-alt-text=\"Envoi...\" data-submit-text=\"Envoyer\" aria-live=\"assertive\" value=\"wpforms-submit\">Envoyer<\/button><img decoding=\"async\" src=\"https:\/\/homeproject.fr\/fr\/wp-content\/plugins\/wpforms-lite\/assets\/images\/submit-spin.svg\" class=\"wpforms-submit-spinner\" style=\"display: none;\" width=\"26\" height=\"26\" alt=\"Chargement en cours\"><\/div><\/form><\/div>  <!-- .wpforms-container -->\n","protected":false},"excerpt":{"rendered":"<p>Apportez une touche d&rsquo;\u00e9l\u00e9gance naturelle et artisanale \u00e0 votre salle \u00e0 manger avec la chaise de repas <strong>Valpolicella<\/strong>. Con\u00e7ue en teck massif, r\u00e9put\u00e9 pour sa robustesse et sa beaut\u00e9 intemporelle, et agr\u00e9ment\u00e9e d\u2019un cannage en rotin naturel, cette chaise marie parfaitement tradition et modernit\u00e9.<\/p>\n","protected":false},"featured_media":16347,"template":"","meta":{"_uf_show_specific_survey":0,"_uf_disable_surveys":false,"iawp_total_views":8},"product_brand":[],"product_cat":[147],"product_tag":[],"class_list":{"0":"post-9090","1":"product","2":"type-product","3":"status-publish","4":"has-post-thumbnail","6":"product_cat-chaises","7":"product_shipping_class-gros-colis-messagerie","8":"pa_collection-natura-line","9":"pa_materiau-bois","10":"pa_materiau-rotin","12":"first","13":"instock","14":"taxable","15":"shipping-taxable","16":"purchasable","17":"product-type-simple"},"yoast_head":"<!-- This site is optimized with the Yoast SEO plugin v27.5 - https:\/\/yoast.com\/product\/yoast-seo-wordpress\/ -->\n<title>Lot de 2 chaises en teck massif et rotin VALPOLICELLA - Homeproject.fr<\/title>\n<meta name=\"robots\" content=\"index, follow, max-snippet:-1, max-image-preview:large, max-video-preview:-1\" \/>\n<link rel=\"canonical\" href=\"https:\/\/homeproject.fr\/fr\/produit\/chaise-artisanale-en-teck-massif-et-rotin-valpolicella\/\" \/>\n<meta property=\"og:locale\" content=\"fr_FR\" \/>\n<meta property=\"og:type\" content=\"article\" \/>\n<meta property=\"og:title\" content=\"Lot de 2 chaises en teck massif et rotin VALPOLICELLA - Homeproject.fr\" \/>\n<meta property=\"og:description\" content=\"Apportez une touche d&#039;\u00e9l\u00e9gance naturelle et artisanale \u00e0 votre salle \u00e0 manger avec la chaise de repas Valpolicella. Con\u00e7ue en teck massif, r\u00e9put\u00e9 pour sa robustesse et sa beaut\u00e9 intemporelle, et agr\u00e9ment\u00e9e d\u2019un cannage en rotin naturel, cette chaise marie parfaitement tradition et modernit\u00e9.\" \/>\n<meta property=\"og:url\" content=\"https:\/\/homeproject.fr\/fr\/produit\/chaise-artisanale-en-teck-massif-et-rotin-valpolicella\/\" \/>\n<meta property=\"og:site_name\" content=\"Homeproject.fr\" \/>\n<meta property=\"article:modified_time\" content=\"2026-05-03T12:28:28+00:00\" \/>\n<meta property=\"og:image\" content=\"https:\/\/homeproject.fr\/fr\/wp-content\/uploads\/2025\/01\/Fauteuil-de-repas-en-teck-massif-et-rotin-naturel-Valpolicella-ambiance-2-1024x1024.png\" \/>\n\t<meta property=\"og:image:width\" content=\"1024\" \/>\n\t<meta property=\"og:image:height\" content=\"1024\" \/>\n\t<meta property=\"og:image:type\" content=\"image\/png\" \/>\n<meta name=\"twitter:card\" content=\"summary_large_image\" \/>\n<meta name=\"twitter:label1\" content=\"Dur\u00e9e de lecture estim\u00e9e\" \/>\n\t<meta name=\"twitter:data1\" content=\"2 minutes\" \/>\n<script type=\"application\/ld+json\" class=\"yoast-schema-graph\">{\"@context\":\"https:\\\/\\\/schema.org\",\"@graph\":[{\"@type\":\"WebPage\",\"@id\":\"https:\\\/\\\/homeproject.fr\\\/fr\\\/produit\\\/chaise-artisanale-en-teck-massif-et-rotin-valpolicella\\\/\",\"url\":\"https:\\\/\\\/homeproject.fr\\\/fr\\\/produit\\\/chaise-artisanale-en-teck-massif-et-rotin-valpolicella\\\/\",\"name\":\"Lot de 2 chaises en teck massif et rotin VALPOLICELLA - Homeproject.fr\",\"isPartOf\":{\"@id\":\"https:\\\/\\\/homeproject.fr\\\/fr\\\/#website\"},\"primaryImageOfPage\":{\"@id\":\"https:\\\/\\\/homeproject.fr\\\/fr\\\/produit\\\/chaise-artisanale-en-teck-massif-et-rotin-valpolicella\\\/#primaryimage\"},\"image\":{\"@id\":\"https:\\\/\\\/homeproject.fr\\\/fr\\\/produit\\\/chaise-artisanale-en-teck-massif-et-rotin-valpolicella\\\/#primaryimage\"},\"thumbnailUrl\":\"https:\\\/\\\/homeproject.fr\\\/fr\\\/wp-content\\\/uploads\\\/2025\\\/01\\\/Fauteuil-de-repas-en-teck-massif-et-rotin-naturel-Valpolicella-ambiance-2.png\",\"datePublished\":\"2025-01-02T16:30:23+00:00\",\"dateModified\":\"2026-05-03T12:28:28+00:00\",\"breadcrumb\":{\"@id\":\"https:\\\/\\\/homeproject.fr\\\/fr\\\/produit\\\/chaise-artisanale-en-teck-massif-et-rotin-valpolicella\\\/#breadcrumb\"},\"inLanguage\":\"fr-FR\",\"potentialAction\":[{\"@type\":\"ReadAction\",\"target\":[\"https:\\\/\\\/homeproject.fr\\\/fr\\\/produit\\\/chaise-artisanale-en-teck-massif-et-rotin-valpolicella\\\/\"]}]},{\"@type\":\"ImageObject\",\"inLanguage\":\"fr-FR\",\"@id\":\"https:\\\/\\\/homeproject.fr\\\/fr\\\/produit\\\/chaise-artisanale-en-teck-massif-et-rotin-valpolicella\\\/#primaryimage\",\"url\":\"https:\\\/\\\/homeproject.fr\\\/fr\\\/wp-content\\\/uploads\\\/2025\\\/01\\\/Fauteuil-de-repas-en-teck-massif-et-rotin-naturel-Valpolicella-ambiance-2.png\",\"contentUrl\":\"https:\\\/\\\/homeproject.fr\\\/fr\\\/wp-content\\\/uploads\\\/2025\\\/01\\\/Fauteuil-de-repas-en-teck-massif-et-rotin-naturel-Valpolicella-ambiance-2.png\",\"width\":1254,\"height\":1254},{\"@type\":\"BreadcrumbList\",\"@id\":\"https:\\\/\\\/homeproject.fr\\\/fr\\\/produit\\\/chaise-artisanale-en-teck-massif-et-rotin-valpolicella\\\/#breadcrumb\",\"itemListElement\":[{\"@type\":\"ListItem\",\"position\":1,\"name\":\"Accueil\",\"item\":\"https:\\\/\\\/homeproject.fr\\\/fr\\\/\"},{\"@type\":\"ListItem\",\"position\":2,\"name\":\"Boutique\",\"item\":\"https:\\\/\\\/homeproject.fr\\\/fr\\\/boutique\\\/\"},{\"@type\":\"ListItem\",\"position\":3,\"name\":\"Lot de 2 chaises en teck massif et rotin VALPOLICELLA\"}]},{\"@type\":\"WebSite\",\"@id\":\"https:\\\/\\\/homeproject.fr\\\/fr\\\/#website\",\"url\":\"https:\\\/\\\/homeproject.fr\\\/fr\\\/\",\"name\":\"Homeproject.fr\",\"description\":\"Offrez l&#039;exceptionnel \u00e0 vos espaces \u00e0 vivre\",\"publisher\":{\"@id\":\"https:\\\/\\\/homeproject.fr\\\/fr\\\/#organization\"},\"potentialAction\":[{\"@type\":\"SearchAction\",\"target\":{\"@type\":\"EntryPoint\",\"urlTemplate\":\"https:\\\/\\\/homeproject.fr\\\/fr\\\/?s={search_term_string}\"},\"query-input\":{\"@type\":\"PropertyValueSpecification\",\"valueRequired\":true,\"valueName\":\"search_term_string\"}}],\"inLanguage\":\"fr-FR\"},{\"@type\":\"Organization\",\"@id\":\"https:\\\/\\\/homeproject.fr\\\/fr\\\/#organization\",\"name\":\"Homeproject.fr\",\"url\":\"https:\\\/\\\/homeproject.fr\\\/fr\\\/\",\"logo\":{\"@type\":\"ImageObject\",\"inLanguage\":\"fr-FR\",\"@id\":\"https:\\\/\\\/homeproject.fr\\\/fr\\\/#\\\/schema\\\/logo\\\/image\\\/\",\"url\":\"https:\\\/\\\/homeproject.fr\\\/fr\\\/wp-content\\\/uploads\\\/2024\\\/12\\\/Logo_HomeProject-noir-2.png\",\"contentUrl\":\"https:\\\/\\\/homeproject.fr\\\/fr\\\/wp-content\\\/uploads\\\/2024\\\/12\\\/Logo_HomeProject-noir-2.png\",\"width\":300,\"height\":91,\"caption\":\"Homeproject.fr\"},\"image\":{\"@id\":\"https:\\\/\\\/homeproject.fr\\\/fr\\\/#\\\/schema\\\/logo\\\/image\\\/\"}}]}<\/script>\n<!-- \/ Yoast SEO plugin. -->","yoast_head_json":{"title":"Lot de 2 chaises en teck massif et rotin VALPOLICELLA - Homeproject.fr","robots":{"index":"index","follow":"follow","max-snippet":"max-snippet:-1","max-image-preview":"max-image-preview:large","max-video-preview":"max-video-preview:-1"},"canonical":"https:\/\/homeproject.fr\/fr\/produit\/chaise-artisanale-en-teck-massif-et-rotin-valpolicella\/","og_locale":"fr_FR","og_type":"article","og_title":"Lot de 2 chaises en teck massif et rotin VALPOLICELLA - Homeproject.fr","og_description":"Apportez une touche d'\u00e9l\u00e9gance naturelle et artisanale \u00e0 votre salle \u00e0 manger avec la chaise de repas Valpolicella. Con\u00e7ue en teck massif, r\u00e9put\u00e9 pour sa robustesse et sa beaut\u00e9 intemporelle, et agr\u00e9ment\u00e9e d\u2019un cannage en rotin naturel, cette chaise marie parfaitement tradition et modernit\u00e9.","og_url":"https:\/\/homeproject.fr\/fr\/produit\/chaise-artisanale-en-teck-massif-et-rotin-valpolicella\/","og_site_name":"Homeproject.fr","article_modified_time":"2026-05-03T12:28:28+00:00","og_image":[{"width":1024,"height":1024,"url":"https:\/\/homeproject.fr\/fr\/wp-content\/uploads\/2025\/01\/Fauteuil-de-repas-en-teck-massif-et-rotin-naturel-Valpolicella-ambiance-2-1024x1024.png","type":"image\/png"}],"twitter_card":"summary_large_image","twitter_misc":{"Dur\u00e9e de lecture estim\u00e9e":"2 minutes"},"schema":{"@context":"https:\/\/schema.org","@graph":[{"@type":"WebPage","@id":"https:\/\/homeproject.fr\/fr\/produit\/chaise-artisanale-en-teck-massif-et-rotin-valpolicella\/","url":"https:\/\/homeproject.fr\/fr\/produit\/chaise-artisanale-en-teck-massif-et-rotin-valpolicella\/","name":"Lot de 2 chaises en teck massif et rotin VALPOLICELLA - Homeproject.fr","isPartOf":{"@id":"https:\/\/homeproject.fr\/fr\/#website"},"primaryImageOfPage":{"@id":"https:\/\/homeproject.fr\/fr\/produit\/chaise-artisanale-en-teck-massif-et-rotin-valpolicella\/#primaryimage"},"image":{"@id":"https:\/\/homeproject.fr\/fr\/produit\/chaise-artisanale-en-teck-massif-et-rotin-valpolicella\/#primaryimage"},"thumbnailUrl":"https:\/\/homeproject.fr\/fr\/wp-content\/uploads\/2025\/01\/Fauteuil-de-repas-en-teck-massif-et-rotin-naturel-Valpolicella-ambiance-2.png","datePublished":"2025-01-02T16:30:23+00:00","dateModified":"2026-05-03T12:28:28+00:00","breadcrumb":{"@id":"https:\/\/homeproject.fr\/fr\/produit\/chaise-artisanale-en-teck-massif-et-rotin-valpolicella\/#breadcrumb"},"inLanguage":"fr-FR","potentialAction":[{"@type":"ReadAction","target":["https:\/\/homeproject.fr\/fr\/produit\/chaise-artisanale-en-teck-massif-et-rotin-valpolicella\/"]}]},{"@type":"ImageObject","inLanguage":"fr-FR","@id":"https:\/\/homeproject.fr\/fr\/produit\/chaise-artisanale-en-teck-massif-et-rotin-valpolicella\/#primaryimage","url":"https:\/\/homeproject.fr\/fr\/wp-content\/uploads\/2025\/01\/Fauteuil-de-repas-en-teck-massif-et-rotin-naturel-Valpolicella-ambiance-2.png","contentUrl":"https:\/\/homeproject.fr\/fr\/wp-content\/uploads\/2025\/01\/Fauteuil-de-repas-en-teck-massif-et-rotin-naturel-Valpolicella-ambiance-2.png","width":1254,"height":1254},{"@type":"BreadcrumbList","@id":"https:\/\/homeproject.fr\/fr\/produit\/chaise-artisanale-en-teck-massif-et-rotin-valpolicella\/#breadcrumb","itemListElement":[{"@type":"ListItem","position":1,"name":"Accueil","item":"https:\/\/homeproject.fr\/fr\/"},{"@type":"ListItem","position":2,"name":"Boutique","item":"https:\/\/homeproject.fr\/fr\/boutique\/"},{"@type":"ListItem","position":3,"name":"Lot de 2 chaises en teck massif et rotin VALPOLICELLA"}]},{"@type":"WebSite","@id":"https:\/\/homeproject.fr\/fr\/#website","url":"https:\/\/homeproject.fr\/fr\/","name":"Homeproject.fr","description":"Offrez l&#039;exceptionnel \u00e0 vos espaces \u00e0 vivre","publisher":{"@id":"https:\/\/homeproject.fr\/fr\/#organization"},"potentialAction":[{"@type":"SearchAction","target":{"@type":"EntryPoint","urlTemplate":"https:\/\/homeproject.fr\/fr\/?s={search_term_string}"},"query-input":{"@type":"PropertyValueSpecification","valueRequired":true,"valueName":"search_term_string"}}],"inLanguage":"fr-FR"},{"@type":"Organization","@id":"https:\/\/homeproject.fr\/fr\/#organization","name":"Homeproject.fr","url":"https:\/\/homeproject.fr\/fr\/","logo":{"@type":"ImageObject","inLanguage":"fr-FR","@id":"https:\/\/homeproject.fr\/fr\/#\/schema\/logo\/image\/","url":"https:\/\/homeproject.fr\/fr\/wp-content\/uploads\/2024\/12\/Logo_HomeProject-noir-2.png","contentUrl":"https:\/\/homeproject.fr\/fr\/wp-content\/uploads\/2024\/12\/Logo_HomeProject-noir-2.png","width":300,"height":91,"caption":"Homeproject.fr"},"image":{"@id":"https:\/\/homeproject.fr\/fr\/#\/schema\/logo\/image\/"}}]}},"_links":{"self":[{"href":"https:\/\/homeproject.fr\/fr\/wp-json\/wp\/v2\/product\/9090","targetHints":{"allow":["GET"]}}],"collection":[{"href":"https:\/\/homeproject.fr\/fr\/wp-json\/wp\/v2\/product"}],"about":[{"href":"https:\/\/homeproject.fr\/fr\/wp-json\/wp\/v2\/types\/product"}],"version-history":[{"count":3,"href":"https:\/\/homeproject.fr\/fr\/wp-json\/wp\/v2\/product\/9090\/revisions"}],"predecessor-version":[{"id":16007,"href":"https:\/\/homeproject.fr\/fr\/wp-json\/wp\/v2\/product\/9090\/revisions\/16007"}],"wp:featuredmedia":[{"embeddable":true,"href":"https:\/\/homeproject.fr\/fr\/wp-json\/wp\/v2\/media\/16347"}],"wp:attachment":[{"href":"https:\/\/homeproject.fr\/fr\/wp-json\/wp\/v2\/media?parent=9090"}],"wp:term":[{"taxonomy":"product_brand","embeddable":true,"href":"https:\/\/homeproject.fr\/fr\/wp-json\/wp\/v2\/product_brand?post=9090"},{"taxonomy":"product_cat","embeddable":true,"href":"https:\/\/homeproject.fr\/fr\/wp-json\/wp\/v2\/product_cat?post=9090"},{"taxonomy":"product_tag","embeddable":true,"href":"https:\/\/homeproject.fr\/fr\/wp-json\/wp\/v2\/product_tag?post=9090"}],"curies":[{"name":"wp","href":"https:\/\/api.w.org\/{rel}","templated":true}]}}