{"id":8905,"date":"2025-01-01T13:29:20","date_gmt":"2025-01-01T13:29:20","guid":{"rendered":"https:\/\/homeproject.fr\/fr\/?post_type=product&#038;p=8905"},"modified":"2025-01-01T13:36:14","modified_gmt":"2025-01-01T13:36:14","slug":"table-de-repas-ronde-en-chene-clair-pontremoli-diametre-152","status":"publish","type":"product","link":"https:\/\/homeproject.fr\/fr\/produit\/table-de-repas-ronde-en-chene-clair-pontremoli-diametre-152\/","title":{"rendered":"Table de repas ronde en ch\u00eane clair PONTREMOLI diam\u00e8tre 152"},"content":{"rendered":"<div class=\"flex-1 overflow-hidden @container\/thread\">\n<div class=\"h-full\">\n<div class=\"react-scroll-to-bottom--css-avwfw-79elbk h-full\">\n<div class=\"react-scroll-to-bottom--css-avwfw-1n7m0yu\">\n<div class=\"flex flex-col text-sm md:pb-9\">\n<article class=\"w-full scroll-mb-[var(--thread-trailing-height,150px)] text-token-text-primary focus-visible:outline-2 focus-visible:outline-offset-[-4px]\" dir=\"auto\" data-testid=\"conversation-turn-13\" data-scroll-anchor=\"true\">\n<div class=\"m-auto text-base py-[18px] px-3 md:px-4 w-full md:px-5 lg:px-4 xl:px-5\">\n<div class=\"mx-auto flex flex-1 gap-4 text-base md:gap-5 lg:gap-6 md:max-w-3xl lg:max-w-[40rem] xl:max-w-[48rem]\">\n<div class=\"group\/conversation-turn relative flex w-full min-w-0 flex-col agent-turn\">\n<div class=\"flex-col gap-1 md:gap-3\">\n<div class=\"flex max-w-full flex-col flex-grow\">\n<div class=\"min-h-8 text-message flex w-full flex-col items-end gap-2 whitespace-normal break-words text-start [.text-message+&]:mt-5\" dir=\"auto\" data-message-author-role=\"assistant\" data-message-id=\"dc5cab26-9697-46d2-b6fe-c8745ded277b\" data-message-model-slug=\"gpt-4o\">\n<div class=\"flex w-full flex-col gap-1 empty:hidden first:pt-[3px]\">\n<div class=\"markdown prose w-full break-words dark:prose-invert light\">\n<p><strong>Un design contemporain et intemporel<\/strong><\/p>\n<p>Le plateau en MDF plaqu\u00e9 ch\u00eane s\u00e9duit par ses finitions soign\u00e9es et son veinage naturel, apportant une chaleur authentique \u00e0 votre int\u00e9rieur. Son pi\u00e8tement central sculptural, robuste et esth\u00e9tique, allie modernit\u00e9 et fonctionnalit\u00e9. Ce design ing\u00e9nieux garantit une parfaite stabilit\u00e9 tout en lib\u00e9rant de l\u2019espace pour les jambes, favorisant une exp\u00e9rience conviviale et confortable.<\/p>\n<p><strong>Qualit\u00e9 et durabilit\u00e9<\/strong><\/p>\n<p>Fabriqu\u00e9e avec des mat\u00e9riaux de qualit\u00e9, cette table est pens\u00e9e pour durer. Le ch\u00eane plaqu\u00e9 assure une grande r\u00e9sistance aux usages quotidiens tout en conservant son allure \u00e9l\u00e9gante. Son entretien est simple : un chiffon doux suffit pour pr\u00e9server son \u00e9clat naturel au fil du temps.<\/p>\n<p><strong>Un atout pour tous les styles d\u2019int\u00e9rieur<\/strong><\/p>\n<p>Que votre d\u00e9coration soit contemporaine, scandinave ou m\u00eame industrielle, la table Pontremoli s\u2019int\u00e8gre harmonieusement dans diff\u00e9rents environnements gr\u00e2ce \u00e0 son design sobre et \u00e9pur\u00e9. Sa finition naturelle sublime les espaces lumineux et met en valeur votre mobilier environnant.<\/p>\n<p><strong>Caract\u00e9ristiques techniques :<\/strong><\/p>\n<p>Dimensions : 152 cm (diam\u00e8tre) x 76 cm (hauteur)<\/p>\n<p>Mat\u00e9riau : MDF plaqu\u00e9 ch\u00eane<\/p>\n<p>Finition : Ch\u00eane naturel<\/p>\n<p>Capacit\u00e9 : 6 \u00e0 8 personnes<\/p>\n<p>Entretien : Nettoyer avec un chiffon doux l\u00e9g\u00e8rement humide<\/p>\n<p>Pourquoi choisir la table Pontremoli ?<\/p>\n<p>Conviviale et spacieuse : parfaite pour les grandes tabl\u00e9es.<\/p>\n<p>Esth\u00e9tique et moderne : un design qui attire le regard tout en restant fonctionnel.<\/p>\n<p>Robuste et durable : des mat\u00e9riaux de qualit\u00e9 pour une utilisation quotidienne.<\/p>\n<p>Ajoutez d\u00e8s aujourd\u2019hui la table Pontremoli \u00e0 votre salle \u00e0 manger et profitez d\u2019un meuble aussi pratique que styl\u00e9, con\u00e7u pour sublimer vos moments partag\u00e9s.<\/p>\n<\/div>\n<\/div>\n<\/div>\n<\/div>\n<\/div>\n<\/div>\n<\/div>\n<\/div>\n<\/article>\n<\/div>\n<\/div>\n<\/div>\n<\/div>\n<\/div>\n<p><strong style=\"font-family: inherit; font-size: 30px;\">Vous avez des questions ?<\/strong><\/p>\n<style id=\"wpforms-css-vars-3675\">\n\t\t\t\t#wpforms-3675 {\n\t\t\t\t\n\t\t\t}\n\t\t\t<\/style><div class=\"wpforms-container wpforms-container-full wpforms-render-modern\" id=\"wpforms-3675\"><form id=\"wpforms-form-3675\" class=\"wpforms-validate wpforms-form wpforms-ajax-form\" data-formid=\"3675\" method=\"post\" enctype=\"multipart\/form-data\" action=\"\/fr\/wp-json\/wp\/v2\/product\/8905\" data-token=\"40ada6e9151c970e4278e2da3e5409c5\" data-token-time=\"1777856277\"><noscript class=\"wpforms-error-noscript\">Veuillez activer JavaScript dans votre navigateur pour remplir ce formulaire.<\/noscript><div id=\"wpforms-error-noscript\" style=\"display: none;\">Veuillez activer JavaScript dans votre navigateur pour remplir ce formulaire.<\/div><div class=\"wpforms-field-container\">\t\t<div id=\"wpforms-3675-field_1-container\"\n\t\t\tclass=\"wpforms-field wpforms-field-text\"\n\t\t\tdata-field-type=\"text\"\n\t\t\tdata-field-id=\"1\"\n\t\t\t>\n\t\t\t<label class=\"wpforms-field-label\" for=\"wpforms-3675-field_1\" >Message Nom E-mail<\/label>\n\t\t\t<input type=\"text\" id=\"wpforms-3675-field_1\" class=\"wpforms-field-medium\" name=\"wpforms[fields][1]\" >\n\t\t<\/div>\n\t\t<div id=\"wpforms-3675-field_3-container\" class=\"wpforms-field wpforms-field-name\" data-field-id=\"3\"><fieldset><legend class=\"wpforms-field-label\">Nom <span class=\"wpforms-required-label\" aria-hidden=\"true\">*<\/span><\/legend><div class=\"wpforms-field-row wpforms-field-medium\"><div class=\"wpforms-field-row-block wpforms-first wpforms-one-half\"><input type=\"text\" id=\"wpforms-3675-field_3\" class=\"wpforms-field-name-first wpforms-field-required\" name=\"wpforms[fields][3][first]\" aria-errormessage=\"wpforms-3675-field_3-error\" required><label for=\"wpforms-3675-field_3\" class=\"wpforms-field-sublabel after\">Pr\u00e9nom<\/label><\/div><div class=\"wpforms-field-row-block wpforms-one-half\"><input type=\"text\" id=\"wpforms-3675-field_3-last\" class=\"wpforms-field-name-last wpforms-field-required\" name=\"wpforms[fields][3][last]\" aria-errormessage=\"wpforms-3675-field_3-last-error\" required><label for=\"wpforms-3675-field_3-last\" class=\"wpforms-field-sublabel after\">Nom<\/label><\/div><\/div><\/fieldset><\/div><div id=\"wpforms-3675-field_4-container\" class=\"wpforms-field wpforms-field-email\" data-field-id=\"4\"><label class=\"wpforms-field-label\" for=\"wpforms-3675-field_4\">E-mail <span class=\"wpforms-required-label\" aria-hidden=\"true\">*<\/span><\/label><input type=\"email\" id=\"wpforms-3675-field_4\" class=\"wpforms-field-medium wpforms-field-required\" name=\"wpforms[fields][4]\" spellcheck=\"false\" aria-errormessage=\"wpforms-3675-field_4-error\" required><\/div><div id=\"wpforms-3675-field_5-container\" class=\"wpforms-field wpforms-field-textarea\" data-field-id=\"5\"><label class=\"wpforms-field-label\" for=\"wpforms-3675-field_5\">Message <span class=\"wpforms-required-label\" aria-hidden=\"true\">*<\/span><\/label><textarea id=\"wpforms-3675-field_5\" class=\"wpforms-field-medium wpforms-field-required\" name=\"wpforms[fields][5]\" aria-errormessage=\"wpforms-3675-field_5-error\" required><\/textarea><\/div><script>\n\t\t\t\t( function() {\n\t\t\t\t\tconst style = document.createElement( 'style' );\n\t\t\t\t\tstyle.appendChild( document.createTextNode( '#wpforms-3675-field_1-container { position: absolute !important; overflow: hidden !important; display: inline !important; height: 1px !important; width: 1px !important; z-index: -1000 !important; padding: 0 !important; } #wpforms-3675-field_1-container input { visibility: hidden; } #wpforms-conversational-form-page #wpforms-3675-field_1-container label { counter-increment: none; }' ) );\n\t\t\t\t\tdocument.head.appendChild( style );\n\t\t\t\t\tdocument.currentScript?.remove();\n\t\t\t\t} )();\n\t\t\t<\/script><\/div><!-- .wpforms-field-container --><div class=\"wpforms-submit-container\" ><input type=\"hidden\" name=\"wpforms[id]\" value=\"3675\"><input type=\"hidden\" name=\"page_title\" value=\"\"><input type=\"hidden\" name=\"page_url\" value=\"https:\/\/homeproject.fr\/fr\/wp-json\/wp\/v2\/product\/8905\"><input type=\"hidden\" name=\"url_referer\" value=\"\"><button type=\"submit\" name=\"wpforms[submit]\" id=\"wpforms-submit-3675\" class=\"wpforms-submit\" data-alt-text=\"Envoi...\" data-submit-text=\"Envoyer\" aria-live=\"assertive\" value=\"wpforms-submit\">Envoyer<\/button><img decoding=\"async\" src=\"https:\/\/homeproject.fr\/fr\/wp-content\/plugins\/wpforms-lite\/assets\/images\/submit-spin.svg\" class=\"wpforms-submit-spinner\" style=\"display: none;\" width=\"26\" height=\"26\" alt=\"Chargement en cours\"><\/div><\/form><\/div>  <!-- .wpforms-container -->\n","protected":false},"excerpt":{"rendered":"<p>Transformez votre salle \u00e0 manger en un espace raffin\u00e9 et accueillant gr\u00e2ce \u00e0 la table ronde Pontremoli en ch\u00eane naturel. Avec un diam\u00e8tre g\u00e9n\u00e9reux de 152 cm, elle offre une surface spacieuse, id\u00e9ale pour partager des moments conviviaux en famille ou entre amis. Sa capacit\u00e9 d\u2019accueil de 6 \u00e0 8 personnes en fait une pi\u00e8ce ma\u00eetresse pour vos repas quotidiens ou vos grandes occasions.<\/p>\n","protected":false},"featured_media":8906,"template":"","meta":{"_uf_show_specific_survey":0,"_uf_disable_surveys":false,"iawp_total_views":3},"product_brand":[],"product_cat":[148],"product_tag":[],"class_list":{"0":"post-8905","1":"product","2":"type-product","3":"status-publish","4":"has-post-thumbnail","6":"product_cat-tables","7":"product_shipping_class-gros-colis-messagerie","8":"pa_collection-natura-line","9":"pa_materiau-bois","11":"first","12":"instock","13":"taxable","14":"shipping-taxable","15":"purchasable","16":"product-type-simple"},"yoast_head":"<!-- This site is optimized with the Yoast SEO plugin v27.5 - https:\/\/yoast.com\/product\/yoast-seo-wordpress\/ -->\n<title>Table de repas ronde en ch\u00eane clair PONTREMOLI diam\u00e8tre 152 - Homeproject.fr<\/title>\n<meta name=\"robots\" content=\"index, follow, max-snippet:-1, max-image-preview:large, max-video-preview:-1\" \/>\n<link rel=\"canonical\" href=\"https:\/\/homeproject.fr\/fr\/produit\/table-de-repas-ronde-en-chene-clair-pontremoli-diametre-152\/\" \/>\n<meta property=\"og:locale\" content=\"fr_FR\" \/>\n<meta property=\"og:type\" content=\"article\" \/>\n<meta property=\"og:title\" content=\"Table de repas ronde en ch\u00eane clair PONTREMOLI diam\u00e8tre 152 - Homeproject.fr\" \/>\n<meta property=\"og:description\" content=\"Transformez votre salle \u00e0 manger en un espace raffin\u00e9 et accueillant gr\u00e2ce \u00e0 la table ronde Pontremoli en ch\u00eane naturel. Avec un diam\u00e8tre g\u00e9n\u00e9reux de 152 cm, elle offre une surface spacieuse, id\u00e9ale pour partager des moments conviviaux en famille ou entre amis. Sa capacit\u00e9 d\u2019accueil de 6 \u00e0 8 personnes en fait une pi\u00e8ce ma\u00eetresse pour vos repas quotidiens ou vos grandes occasions.\" \/>\n<meta property=\"og:url\" content=\"https:\/\/homeproject.fr\/fr\/produit\/table-de-repas-ronde-en-chene-clair-pontremoli-diametre-152\/\" \/>\n<meta property=\"og:site_name\" content=\"Homeproject.fr\" \/>\n<meta property=\"article:modified_time\" content=\"2025-01-01T13:36:14+00:00\" \/>\n<meta property=\"og:image\" content=\"https:\/\/homeproject.fr\/fr\/wp-content\/uploads\/2025\/01\/Sans-titre-10.jpeg\" \/>\n\t<meta property=\"og:image:width\" content=\"1500\" \/>\n\t<meta property=\"og:image:height\" content=\"1500\" \/>\n\t<meta property=\"og:image:type\" content=\"image\/jpeg\" \/>\n<meta name=\"twitter:card\" content=\"summary_large_image\" \/>\n<meta name=\"twitter:label1\" content=\"Dur\u00e9e de lecture estim\u00e9e\" \/>\n\t<meta name=\"twitter:data1\" content=\"2 minutes\" \/>\n<script type=\"application\/ld+json\" class=\"yoast-schema-graph\">{\"@context\":\"https:\\\/\\\/schema.org\",\"@graph\":[{\"@type\":\"WebPage\",\"@id\":\"https:\\\/\\\/homeproject.fr\\\/fr\\\/produit\\\/table-de-repas-ronde-en-chene-clair-pontremoli-diametre-152\\\/\",\"url\":\"https:\\\/\\\/homeproject.fr\\\/fr\\\/produit\\\/table-de-repas-ronde-en-chene-clair-pontremoli-diametre-152\\\/\",\"name\":\"Table de repas ronde en ch\u00eane clair PONTREMOLI diam\u00e8tre 152 - Homeproject.fr\",\"isPartOf\":{\"@id\":\"https:\\\/\\\/homeproject.fr\\\/fr\\\/#website\"},\"primaryImageOfPage\":{\"@id\":\"https:\\\/\\\/homeproject.fr\\\/fr\\\/produit\\\/table-de-repas-ronde-en-chene-clair-pontremoli-diametre-152\\\/#primaryimage\"},\"image\":{\"@id\":\"https:\\\/\\\/homeproject.fr\\\/fr\\\/produit\\\/table-de-repas-ronde-en-chene-clair-pontremoli-diametre-152\\\/#primaryimage\"},\"thumbnailUrl\":\"https:\\\/\\\/homeproject.fr\\\/fr\\\/wp-content\\\/uploads\\\/2025\\\/01\\\/Sans-titre-10.jpeg\",\"datePublished\":\"2025-01-01T13:29:20+00:00\",\"dateModified\":\"2025-01-01T13:36:14+00:00\",\"breadcrumb\":{\"@id\":\"https:\\\/\\\/homeproject.fr\\\/fr\\\/produit\\\/table-de-repas-ronde-en-chene-clair-pontremoli-diametre-152\\\/#breadcrumb\"},\"inLanguage\":\"fr-FR\",\"potentialAction\":[{\"@type\":\"ReadAction\",\"target\":[\"https:\\\/\\\/homeproject.fr\\\/fr\\\/produit\\\/table-de-repas-ronde-en-chene-clair-pontremoli-diametre-152\\\/\"]}]},{\"@type\":\"ImageObject\",\"inLanguage\":\"fr-FR\",\"@id\":\"https:\\\/\\\/homeproject.fr\\\/fr\\\/produit\\\/table-de-repas-ronde-en-chene-clair-pontremoli-diametre-152\\\/#primaryimage\",\"url\":\"https:\\\/\\\/homeproject.fr\\\/fr\\\/wp-content\\\/uploads\\\/2025\\\/01\\\/Sans-titre-10.jpeg\",\"contentUrl\":\"https:\\\/\\\/homeproject.fr\\\/fr\\\/wp-content\\\/uploads\\\/2025\\\/01\\\/Sans-titre-10.jpeg\",\"width\":1500,\"height\":1500},{\"@type\":\"BreadcrumbList\",\"@id\":\"https:\\\/\\\/homeproject.fr\\\/fr\\\/produit\\\/table-de-repas-ronde-en-chene-clair-pontremoli-diametre-152\\\/#breadcrumb\",\"itemListElement\":[{\"@type\":\"ListItem\",\"position\":1,\"name\":\"Accueil\",\"item\":\"https:\\\/\\\/homeproject.fr\\\/fr\\\/\"},{\"@type\":\"ListItem\",\"position\":2,\"name\":\"Boutique\",\"item\":\"https:\\\/\\\/homeproject.fr\\\/fr\\\/boutique\\\/\"},{\"@type\":\"ListItem\",\"position\":3,\"name\":\"Table de repas ronde en ch\u00eane clair PONTREMOLI diam\u00e8tre 152\"}]},{\"@type\":\"WebSite\",\"@id\":\"https:\\\/\\\/homeproject.fr\\\/fr\\\/#website\",\"url\":\"https:\\\/\\\/homeproject.fr\\\/fr\\\/\",\"name\":\"Homeproject.fr\",\"description\":\"Offrez l&#039;exceptionnel \u00e0 vos espaces \u00e0 vivre\",\"publisher\":{\"@id\":\"https:\\\/\\\/homeproject.fr\\\/fr\\\/#organization\"},\"potentialAction\":[{\"@type\":\"SearchAction\",\"target\":{\"@type\":\"EntryPoint\",\"urlTemplate\":\"https:\\\/\\\/homeproject.fr\\\/fr\\\/?s={search_term_string}\"},\"query-input\":{\"@type\":\"PropertyValueSpecification\",\"valueRequired\":true,\"valueName\":\"search_term_string\"}}],\"inLanguage\":\"fr-FR\"},{\"@type\":\"Organization\",\"@id\":\"https:\\\/\\\/homeproject.fr\\\/fr\\\/#organization\",\"name\":\"Homeproject.fr\",\"url\":\"https:\\\/\\\/homeproject.fr\\\/fr\\\/\",\"logo\":{\"@type\":\"ImageObject\",\"inLanguage\":\"fr-FR\",\"@id\":\"https:\\\/\\\/homeproject.fr\\\/fr\\\/#\\\/schema\\\/logo\\\/image\\\/\",\"url\":\"https:\\\/\\\/homeproject.fr\\\/fr\\\/wp-content\\\/uploads\\\/2024\\\/12\\\/Logo_HomeProject-noir-2.png\",\"contentUrl\":\"https:\\\/\\\/homeproject.fr\\\/fr\\\/wp-content\\\/uploads\\\/2024\\\/12\\\/Logo_HomeProject-noir-2.png\",\"width\":300,\"height\":91,\"caption\":\"Homeproject.fr\"},\"image\":{\"@id\":\"https:\\\/\\\/homeproject.fr\\\/fr\\\/#\\\/schema\\\/logo\\\/image\\\/\"}}]}<\/script>\n<!-- \/ Yoast SEO plugin. -->","yoast_head_json":{"title":"Table de repas ronde en ch\u00eane clair PONTREMOLI diam\u00e8tre 152 - Homeproject.fr","robots":{"index":"index","follow":"follow","max-snippet":"max-snippet:-1","max-image-preview":"max-image-preview:large","max-video-preview":"max-video-preview:-1"},"canonical":"https:\/\/homeproject.fr\/fr\/produit\/table-de-repas-ronde-en-chene-clair-pontremoli-diametre-152\/","og_locale":"fr_FR","og_type":"article","og_title":"Table de repas ronde en ch\u00eane clair PONTREMOLI diam\u00e8tre 152 - Homeproject.fr","og_description":"Transformez votre salle \u00e0 manger en un espace raffin\u00e9 et accueillant gr\u00e2ce \u00e0 la table ronde Pontremoli en ch\u00eane naturel. Avec un diam\u00e8tre g\u00e9n\u00e9reux de 152 cm, elle offre une surface spacieuse, id\u00e9ale pour partager des moments conviviaux en famille ou entre amis. Sa capacit\u00e9 d\u2019accueil de 6 \u00e0 8 personnes en fait une pi\u00e8ce ma\u00eetresse pour vos repas quotidiens ou vos grandes occasions.","og_url":"https:\/\/homeproject.fr\/fr\/produit\/table-de-repas-ronde-en-chene-clair-pontremoli-diametre-152\/","og_site_name":"Homeproject.fr","article_modified_time":"2025-01-01T13:36:14+00:00","og_image":[{"width":1500,"height":1500,"url":"https:\/\/homeproject.fr\/fr\/wp-content\/uploads\/2025\/01\/Sans-titre-10.jpeg","type":"image\/jpeg"}],"twitter_card":"summary_large_image","twitter_misc":{"Dur\u00e9e de lecture estim\u00e9e":"2 minutes"},"schema":{"@context":"https:\/\/schema.org","@graph":[{"@type":"WebPage","@id":"https:\/\/homeproject.fr\/fr\/produit\/table-de-repas-ronde-en-chene-clair-pontremoli-diametre-152\/","url":"https:\/\/homeproject.fr\/fr\/produit\/table-de-repas-ronde-en-chene-clair-pontremoli-diametre-152\/","name":"Table de repas ronde en ch\u00eane clair PONTREMOLI diam\u00e8tre 152 - Homeproject.fr","isPartOf":{"@id":"https:\/\/homeproject.fr\/fr\/#website"},"primaryImageOfPage":{"@id":"https:\/\/homeproject.fr\/fr\/produit\/table-de-repas-ronde-en-chene-clair-pontremoli-diametre-152\/#primaryimage"},"image":{"@id":"https:\/\/homeproject.fr\/fr\/produit\/table-de-repas-ronde-en-chene-clair-pontremoli-diametre-152\/#primaryimage"},"thumbnailUrl":"https:\/\/homeproject.fr\/fr\/wp-content\/uploads\/2025\/01\/Sans-titre-10.jpeg","datePublished":"2025-01-01T13:29:20+00:00","dateModified":"2025-01-01T13:36:14+00:00","breadcrumb":{"@id":"https:\/\/homeproject.fr\/fr\/produit\/table-de-repas-ronde-en-chene-clair-pontremoli-diametre-152\/#breadcrumb"},"inLanguage":"fr-FR","potentialAction":[{"@type":"ReadAction","target":["https:\/\/homeproject.fr\/fr\/produit\/table-de-repas-ronde-en-chene-clair-pontremoli-diametre-152\/"]}]},{"@type":"ImageObject","inLanguage":"fr-FR","@id":"https:\/\/homeproject.fr\/fr\/produit\/table-de-repas-ronde-en-chene-clair-pontremoli-diametre-152\/#primaryimage","url":"https:\/\/homeproject.fr\/fr\/wp-content\/uploads\/2025\/01\/Sans-titre-10.jpeg","contentUrl":"https:\/\/homeproject.fr\/fr\/wp-content\/uploads\/2025\/01\/Sans-titre-10.jpeg","width":1500,"height":1500},{"@type":"BreadcrumbList","@id":"https:\/\/homeproject.fr\/fr\/produit\/table-de-repas-ronde-en-chene-clair-pontremoli-diametre-152\/#breadcrumb","itemListElement":[{"@type":"ListItem","position":1,"name":"Accueil","item":"https:\/\/homeproject.fr\/fr\/"},{"@type":"ListItem","position":2,"name":"Boutique","item":"https:\/\/homeproject.fr\/fr\/boutique\/"},{"@type":"ListItem","position":3,"name":"Table de repas ronde en ch\u00eane clair PONTREMOLI diam\u00e8tre 152"}]},{"@type":"WebSite","@id":"https:\/\/homeproject.fr\/fr\/#website","url":"https:\/\/homeproject.fr\/fr\/","name":"Homeproject.fr","description":"Offrez l&#039;exceptionnel \u00e0 vos espaces \u00e0 vivre","publisher":{"@id":"https:\/\/homeproject.fr\/fr\/#organization"},"potentialAction":[{"@type":"SearchAction","target":{"@type":"EntryPoint","urlTemplate":"https:\/\/homeproject.fr\/fr\/?s={search_term_string}"},"query-input":{"@type":"PropertyValueSpecification","valueRequired":true,"valueName":"search_term_string"}}],"inLanguage":"fr-FR"},{"@type":"Organization","@id":"https:\/\/homeproject.fr\/fr\/#organization","name":"Homeproject.fr","url":"https:\/\/homeproject.fr\/fr\/","logo":{"@type":"ImageObject","inLanguage":"fr-FR","@id":"https:\/\/homeproject.fr\/fr\/#\/schema\/logo\/image\/","url":"https:\/\/homeproject.fr\/fr\/wp-content\/uploads\/2024\/12\/Logo_HomeProject-noir-2.png","contentUrl":"https:\/\/homeproject.fr\/fr\/wp-content\/uploads\/2024\/12\/Logo_HomeProject-noir-2.png","width":300,"height":91,"caption":"Homeproject.fr"},"image":{"@id":"https:\/\/homeproject.fr\/fr\/#\/schema\/logo\/image\/"}}]}},"_links":{"self":[{"href":"https:\/\/homeproject.fr\/fr\/wp-json\/wp\/v2\/product\/8905","targetHints":{"allow":["GET"]}}],"collection":[{"href":"https:\/\/homeproject.fr\/fr\/wp-json\/wp\/v2\/product"}],"about":[{"href":"https:\/\/homeproject.fr\/fr\/wp-json\/wp\/v2\/types\/product"}],"version-history":[{"count":1,"href":"https:\/\/homeproject.fr\/fr\/wp-json\/wp\/v2\/product\/8905\/revisions"}],"predecessor-version":[{"id":8911,"href":"https:\/\/homeproject.fr\/fr\/wp-json\/wp\/v2\/product\/8905\/revisions\/8911"}],"wp:featuredmedia":[{"embeddable":true,"href":"https:\/\/homeproject.fr\/fr\/wp-json\/wp\/v2\/media\/8906"}],"wp:attachment":[{"href":"https:\/\/homeproject.fr\/fr\/wp-json\/wp\/v2\/media?parent=8905"}],"wp:term":[{"taxonomy":"product_brand","embeddable":true,"href":"https:\/\/homeproject.fr\/fr\/wp-json\/wp\/v2\/product_brand?post=8905"},{"taxonomy":"product_cat","embeddable":true,"href":"https:\/\/homeproject.fr\/fr\/wp-json\/wp\/v2\/product_cat?post=8905"},{"taxonomy":"product_tag","embeddable":true,"href":"https:\/\/homeproject.fr\/fr\/wp-json\/wp\/v2\/product_tag?post=8905"}],"curies":[{"name":"wp","href":"https:\/\/api.w.org\/{rel}","templated":true}]}}