{"id":8854,"date":"2024-12-31T18:14:46","date_gmt":"2024-12-31T18:14:46","guid":{"rendered":"https:\/\/homeproject.fr\/fr\/?post_type=product&#038;p=8854"},"modified":"2026-05-02T20:31:35","modified_gmt":"2026-05-02T20:31:35","slug":"table-de-repas-ronde-en-acacia-et-travertin-boston-diametre-120","status":"publish","type":"product","link":"https:\/\/homeproject.fr\/fr\/produit\/table-de-repas-ronde-en-acacia-et-travertin-boston-diametre-120\/","title":{"rendered":"Table de repas ronde en manguier et travertin BOSTON diam\u00e8tre 120"},"content":{"rendered":"<div class=\"flex-1 overflow-hidden @container\/thread\">\n<div class=\"h-full\">\n<div class=\"react-scroll-to-bottom--css-avwfw-79elbk h-full\">\n<div class=\"react-scroll-to-bottom--css-avwfw-1n7m0yu\">\n<div class=\"flex flex-col text-sm md:pb-9\">\n<article class=\"w-full scroll-mb-[var(--thread-trailing-height,150px)] text-token-text-primary focus-visible:outline-2 focus-visible:outline-offset-[-4px]\" dir=\"auto\" data-testid=\"conversation-turn-13\" data-scroll-anchor=\"true\">\n<div class=\"m-auto text-base py-[18px] px-3 md:px-4 w-full md:px-5 lg:px-4 xl:px-5\">\n<div class=\"mx-auto flex flex-1 gap-4 text-base md:gap-5 lg:gap-6 md:max-w-3xl lg:max-w-[40rem] xl:max-w-[48rem]\">\n<div class=\"group\/conversation-turn relative flex w-full min-w-0 flex-col agent-turn\">\n<div class=\"flex-col gap-1 md:gap-3\">\n<div class=\"flex max-w-full flex-col flex-grow\">\n<div class=\"min-h-8 text-message flex w-full flex-col items-end gap-2 whitespace-normal break-words text-start [.text-message+&]:mt-5\" dir=\"auto\" data-message-author-role=\"assistant\" data-message-id=\"dc5cab26-9697-46d2-b6fe-c8745ded277b\" data-message-model-slug=\"gpt-4o\">\n<div class=\"flex w-full flex-col gap-1 empty:hidden first:pt-[3px]\">\n<div class=\"markdown prose w-full break-words dark:prose-invert light\">\n<h3 data-start=\"781\" data-end=\"832\">Un plateau en marbre beige, unique et \u00e9l\u00e9gant<\/h3>\n<p data-start=\"833\" data-end=\"1155\">Le plateau circulaire en <strong data-start=\"858\" data-end=\"882\">marbre beige naturel<\/strong> s\u00e9duit par sa texture min\u00e9rale d\u00e9licate et ses veinures uniques, faisant de chaque table une pi\u00e8ce singuli\u00e8re. \u00c0 la fois esth\u00e9tique et fonctionnel, le marbre offre une surface durable, facile \u00e0 entretenir, parfaitement adapt\u00e9e \u00e0 un usage quotidien dans une salle \u00e0 manger.<\/p>\n<p data-start=\"1157\" data-end=\"1286\">Sa teinte douce et lumineuse s\u2019harmonise facilement avec des int\u00e9rieurs modernes, m\u00e9diterran\u00e9ens ou d\u2019inspiration plus classique.<\/p>\n<h3 data-start=\"1288\" data-end=\"1350\">Un pied conique en bois de manguier au design sculptural<\/h3>\n<p data-start=\"1351\" data-end=\"1594\">La table Boston repose sur un <strong data-start=\"1381\" data-end=\"1430\">pi\u00e8tement central conique en bois de manguier<\/strong>, \u00e0 la finition chaleureuse et profonde. Cette base pleine apporte stabilit\u00e9 et confort d\u2019usage, tout en renfor\u00e7ant l\u2019aspect architectural et artisanal de la table.<\/p>\n<p data-start=\"1596\" data-end=\"1709\">Le contraste entre la min\u00e9ralit\u00e9 du marbre et la richesse du bois cr\u00e9e un \u00e9quilibre visuel \u00e9l\u00e9gant et intemporel.<\/p>\n<h3 data-start=\"1711\" data-end=\"1758\">Une table conviviale pour 4 \u00e0 6 personnes<\/h3>\n<p data-start=\"1759\" data-end=\"2043\">Avec son <strong data-start=\"1768\" data-end=\"1790\">diam\u00e8tre de 120 cm<\/strong>, la table ronde Boston permet d\u2019accueillir confortablement <strong data-start=\"1850\" data-end=\"1868\">4 \u00e0 6 convives<\/strong>, favorisant les \u00e9changes et la convivialit\u00e9. Sa forme ronde facilite la circulation et s\u2019int\u00e8gre aussi bien dans une salle \u00e0 manger spacieuse que dans un espace plus compact.<\/p>\n<p data-start=\"2045\" data-end=\"2232\">V\u00e9ritable pi\u00e8ce de caract\u00e8re, cette <strong data-start=\"2081\" data-end=\"2114\">table ronde en marbre et bois<\/strong> s\u2019adresse aux amateurs de mobilier int\u00e9rieur haut de gamme \u00e0 la recherche d\u2019un design durable, chaleureux et \u00e9l\u00e9gant.<\/p>\n<hr data-start=\"2234\" data-end=\"2237\" \/>\n<h2 data-start=\"2239\" data-end=\"2269\">Caract\u00e9ristiques techniques<\/h2>\n<ul data-start=\"2271\" data-end=\"2602\">\n<li data-start=\"2271\" data-end=\"2301\">\n<p data-start=\"2273\" data-end=\"2301\"><strong data-start=\"2273\" data-end=\"2292\">Nom du mod\u00e8le :<\/strong> Boston<\/p>\n<\/li>\n<li data-start=\"2302\" data-end=\"2342\">\n<p data-start=\"2304\" data-end=\"2342\"><strong data-start=\"2304\" data-end=\"2314\">Type :<\/strong> Table de repas int\u00e9rieure<\/p>\n<\/li>\n<li data-start=\"2343\" data-end=\"2364\">\n<p data-start=\"2345\" data-end=\"2364\"><strong data-start=\"2345\" data-end=\"2356\">Forme :<\/strong> Ronde<\/p>\n<\/li>\n<li data-start=\"2365\" data-end=\"2403\">\n<p data-start=\"2367\" data-end=\"2403\"><strong data-start=\"2367\" data-end=\"2380\">Plateau :<\/strong> Marbre beige naturel<\/p>\n<\/li>\n<li data-start=\"2404\" data-end=\"2440\">\n<p data-start=\"2406\" data-end=\"2440\"><strong data-start=\"2406\" data-end=\"2421\">Pi\u00e8tement :<\/strong> Bois de manguier<\/p>\n<\/li>\n<li data-start=\"2441\" data-end=\"2492\">\n<p data-start=\"2443\" data-end=\"2492\"><strong data-start=\"2443\" data-end=\"2454\">Style :<\/strong> Intemporel \/ contemporain \/ naturel<\/p>\n<\/li>\n<li data-start=\"2493\" data-end=\"2527\">\n<p data-start=\"2495\" data-end=\"2527\"><strong data-start=\"2495\" data-end=\"2509\">Capacit\u00e9 :<\/strong> 4 \u00e0 6 personnes<\/p>\n<\/li>\n<li data-start=\"2528\" data-end=\"2602\">\n<p data-start=\"2530\" data-end=\"2548\"><strong data-start=\"2530\" data-end=\"2546\">Dimensions :<\/strong><\/p>\n<ul data-start=\"2551\" data-end=\"2602\">\n<li data-start=\"2551\" data-end=\"2576\">\n<p data-start=\"2553\" data-end=\"2576\"><strong data-start=\"2553\" data-end=\"2567\">Diam\u00e8tre :<\/strong> 120 cm<\/p>\n<\/li>\n<li data-start=\"2579\" data-end=\"2602\">\n<p data-start=\"2581\" data-end=\"2602\"><strong data-start=\"2581\" data-end=\"2594\">Hauteur :<\/strong> 79 cm<\/p>\n<\/li>\n<\/ul>\n<\/li>\n<\/ul>\n<hr data-start=\"2604\" data-end=\"2607\" \/>\n<p data-start=\"2609\" data-end=\"2814\"><strong data-start=\"2612\" data-end=\"2683\">Faites de la table Boston le point central de votre salle \u00e0 manger.<\/strong><br data-start=\"2683\" data-end=\"2686\" \/>Commandez d\u00e8s maintenant et apportez \u00e0 votre int\u00e9rieur une touche d\u2019\u00e9l\u00e9gance naturelle et intemporelle, sign\u00e9e <em data-start=\"2797\" data-end=\"2813\">homeproject.fr<\/em>.<\/p>\n<p><strong style=\"font-family: inherit; font-size: 30px;\">Vous avez des questions ?<\/strong><\/p>\n<\/div>\n<\/div>\n<\/div>\n<\/div>\n<\/div>\n<\/div>\n<\/div>\n<\/div>\n<\/article>\n<\/div>\n<\/div>\n<\/div>\n<\/div>\n<\/div>\n<style id=\"wpforms-css-vars-3675\">\n\t\t\t\t#wpforms-3675 {\n\t\t\t\t\n\t\t\t}\n\t\t\t<\/style><div class=\"wpforms-container wpforms-container-full wpforms-render-modern\" id=\"wpforms-3675\"><form id=\"wpforms-form-3675\" class=\"wpforms-validate wpforms-form wpforms-ajax-form\" data-formid=\"3675\" method=\"post\" enctype=\"multipart\/form-data\" action=\"\/fr\/wp-json\/wp\/v2\/product\/8854\" data-token=\"2921a7ac3408d834be151983965c4ab3\" data-token-time=\"1777982613\"><noscript class=\"wpforms-error-noscript\">Veuillez activer JavaScript dans votre navigateur pour remplir ce formulaire.<\/noscript><div id=\"wpforms-error-noscript\" style=\"display: none;\">Veuillez activer JavaScript dans votre navigateur pour remplir ce formulaire.<\/div><div class=\"wpforms-field-container\">\t\t<div id=\"wpforms-3675-field_1-container\"\n\t\t\tclass=\"wpforms-field wpforms-field-text\"\n\t\t\tdata-field-type=\"text\"\n\t\t\tdata-field-id=\"1\"\n\t\t\t>\n\t\t\t<label class=\"wpforms-field-label\" for=\"wpforms-3675-field_1\" >Nom E-mail Message<\/label>\n\t\t\t<input type=\"text\" id=\"wpforms-3675-field_1\" class=\"wpforms-field-medium\" name=\"wpforms[fields][1]\" >\n\t\t<\/div>\n\t\t<div id=\"wpforms-3675-field_3-container\" class=\"wpforms-field wpforms-field-name\" data-field-id=\"3\"><fieldset><legend class=\"wpforms-field-label\">Nom <span class=\"wpforms-required-label\" aria-hidden=\"true\">*<\/span><\/legend><div class=\"wpforms-field-row wpforms-field-medium\"><div class=\"wpforms-field-row-block wpforms-first wpforms-one-half\"><input type=\"text\" id=\"wpforms-3675-field_3\" class=\"wpforms-field-name-first wpforms-field-required\" name=\"wpforms[fields][3][first]\" aria-errormessage=\"wpforms-3675-field_3-error\" required><label for=\"wpforms-3675-field_3\" class=\"wpforms-field-sublabel after\">Pr\u00e9nom<\/label><\/div><div class=\"wpforms-field-row-block wpforms-one-half\"><input type=\"text\" id=\"wpforms-3675-field_3-last\" class=\"wpforms-field-name-last wpforms-field-required\" name=\"wpforms[fields][3][last]\" aria-errormessage=\"wpforms-3675-field_3-last-error\" required><label for=\"wpforms-3675-field_3-last\" class=\"wpforms-field-sublabel after\">Nom<\/label><\/div><\/div><\/fieldset><\/div><div id=\"wpforms-3675-field_4-container\" class=\"wpforms-field wpforms-field-email\" data-field-id=\"4\"><label class=\"wpforms-field-label\" for=\"wpforms-3675-field_4\">E-mail <span class=\"wpforms-required-label\" aria-hidden=\"true\">*<\/span><\/label><input type=\"email\" id=\"wpforms-3675-field_4\" class=\"wpforms-field-medium wpforms-field-required\" name=\"wpforms[fields][4]\" spellcheck=\"false\" aria-errormessage=\"wpforms-3675-field_4-error\" required><\/div><div id=\"wpforms-3675-field_5-container\" class=\"wpforms-field wpforms-field-textarea\" data-field-id=\"5\"><label class=\"wpforms-field-label\" for=\"wpforms-3675-field_5\">Message <span class=\"wpforms-required-label\" aria-hidden=\"true\">*<\/span><\/label><textarea id=\"wpforms-3675-field_5\" class=\"wpforms-field-medium wpforms-field-required\" name=\"wpforms[fields][5]\" aria-errormessage=\"wpforms-3675-field_5-error\" required><\/textarea><\/div><script>\n\t\t\t\t( function() {\n\t\t\t\t\tconst style = document.createElement( 'style' );\n\t\t\t\t\tstyle.appendChild( document.createTextNode( '#wpforms-3675-field_1-container { position: absolute !important; overflow: hidden !important; display: inline !important; height: 1px !important; width: 1px !important; z-index: -1000 !important; padding: 0 !important; } #wpforms-3675-field_1-container input { visibility: hidden; } #wpforms-conversational-form-page #wpforms-3675-field_1-container label { counter-increment: none; }' ) );\n\t\t\t\t\tdocument.head.appendChild( style );\n\t\t\t\t\tdocument.currentScript?.remove();\n\t\t\t\t} )();\n\t\t\t<\/script><\/div><!-- .wpforms-field-container --><div class=\"wpforms-submit-container\" ><input type=\"hidden\" name=\"wpforms[id]\" value=\"3675\"><input type=\"hidden\" name=\"page_title\" value=\"\"><input type=\"hidden\" name=\"page_url\" value=\"https:\/\/homeproject.fr\/fr\/wp-json\/wp\/v2\/product\/8854\"><input type=\"hidden\" name=\"url_referer\" value=\"\"><button type=\"submit\" name=\"wpforms[submit]\" id=\"wpforms-submit-3675\" class=\"wpforms-submit\" data-alt-text=\"Envoi...\" data-submit-text=\"Envoyer\" aria-live=\"assertive\" value=\"wpforms-submit\">Envoyer<\/button><img decoding=\"async\" src=\"https:\/\/homeproject.fr\/fr\/wp-content\/plugins\/wpforms-lite\/assets\/images\/submit-spin.svg\" class=\"wpforms-submit-spinner\" style=\"display: none;\" width=\"26\" height=\"26\" alt=\"Chargement en cours\"><\/div><\/form><\/div>  <!-- .wpforms-container -->\n","protected":false},"excerpt":{"rendered":"<p data-start=\"271\" data-end=\"601\">La <strong data-start=\"274\" data-end=\"296\">table ronde Boston<\/strong> incarne une vision raffin\u00e9e et intemporelle de la salle \u00e0 manger contemporaine. Alliance subtile entre la noblesse du <strong data-start=\"415\" data-end=\"439\">marbre beige naturel<\/strong> et la chaleur du <strong data-start=\"457\" data-end=\"477\">bois de manguier<\/strong>, elle s\u2019impose comme une pi\u00e8ce centrale au caract\u00e8re affirm\u00e9, pens\u00e9e pour sublimer les int\u00e9rieurs \u00e9l\u00e9gants et authentiques.<\/p>\n<p data-start=\"603\" data-end=\"779\">Avec ses lignes \u00e9quilibr\u00e9es et son pi\u00e8tement sculptural, la table Boston cr\u00e9e une atmosph\u00e8re conviviale et sophistiqu\u00e9e, id\u00e9ale pour partager des moments pr\u00e9cieux au quotidien.<\/p>\n","protected":false},"featured_media":16292,"template":"","meta":{"_uf_show_specific_survey":0,"_uf_disable_surveys":false,"iawp_total_views":189},"product_brand":[],"product_cat":[148],"product_tag":[],"class_list":{"0":"post-8854","1":"product","2":"type-product","3":"status-publish","4":"has-post-thumbnail","6":"product_cat-tables","7":"product_shipping_class-gros-colis-messagerie","8":"pa_collection-natura-line","9":"pa_materiau-bois","10":"pa_materiau-marbre","12":"first","13":"instock","14":"taxable","15":"shipping-taxable","16":"purchasable","17":"product-type-simple"},"yoast_head":"<!-- This site is optimized with the Yoast SEO plugin v27.5 - https:\/\/yoast.com\/product\/yoast-seo-wordpress\/ -->\n<title>Table de repas ronde en manguier et travertin BOSTON diam\u00e8tre 120 - Homeproject.fr<\/title>\n<meta name=\"robots\" content=\"index, follow, max-snippet:-1, max-image-preview:large, max-video-preview:-1\" \/>\n<link rel=\"canonical\" href=\"https:\/\/homeproject.fr\/fr\/produit\/table-de-repas-ronde-en-acacia-et-travertin-boston-diametre-120\/\" \/>\n<meta property=\"og:locale\" content=\"fr_FR\" \/>\n<meta property=\"og:type\" content=\"article\" \/>\n<meta property=\"og:title\" content=\"Table de repas ronde en manguier et travertin BOSTON diam\u00e8tre 120 - Homeproject.fr\" \/>\n<meta property=\"og:description\" content=\"La table ronde Boston incarne une vision raffin\u00e9e et intemporelle de la salle \u00e0 manger contemporaine. Alliance subtile entre la noblesse du marbre beige naturel et la chaleur du bois de manguier, elle s\u2019impose comme une pi\u00e8ce centrale au caract\u00e8re affirm\u00e9, pens\u00e9e pour sublimer les int\u00e9rieurs \u00e9l\u00e9gants et authentiques. Avec ses lignes \u00e9quilibr\u00e9es et son pi\u00e8tement sculptural, la table Boston cr\u00e9e une atmosph\u00e8re conviviale et sophistiqu\u00e9e, id\u00e9ale pour partager des moments pr\u00e9cieux au quotidien.\" \/>\n<meta property=\"og:url\" content=\"https:\/\/homeproject.fr\/fr\/produit\/table-de-repas-ronde-en-acacia-et-travertin-boston-diametre-120\/\" \/>\n<meta property=\"og:site_name\" content=\"Homeproject.fr\" \/>\n<meta property=\"article:modified_time\" content=\"2026-05-02T20:31:35+00:00\" \/>\n<meta property=\"og:image\" content=\"https:\/\/homeproject.fr\/fr\/wp-content\/uploads\/2024\/12\/Table-de-repas-en-manguier-et-plateau-travertin-Boston-ronde-120-cm-ambiance-1024x1024.png\" \/>\n\t<meta property=\"og:image:width\" content=\"1024\" \/>\n\t<meta property=\"og:image:height\" content=\"1024\" \/>\n\t<meta property=\"og:image:type\" content=\"image\/png\" \/>\n<meta name=\"twitter:card\" content=\"summary_large_image\" \/>\n<meta name=\"twitter:label1\" content=\"Dur\u00e9e de lecture estim\u00e9e\" \/>\n\t<meta name=\"twitter:data1\" content=\"2 minutes\" \/>\n<script type=\"application\/ld+json\" class=\"yoast-schema-graph\">{\"@context\":\"https:\\\/\\\/schema.org\",\"@graph\":[{\"@type\":\"WebPage\",\"@id\":\"https:\\\/\\\/homeproject.fr\\\/fr\\\/produit\\\/table-de-repas-ronde-en-acacia-et-travertin-boston-diametre-120\\\/\",\"url\":\"https:\\\/\\\/homeproject.fr\\\/fr\\\/produit\\\/table-de-repas-ronde-en-acacia-et-travertin-boston-diametre-120\\\/\",\"name\":\"Table de repas ronde en manguier et travertin BOSTON diam\u00e8tre 120 - Homeproject.fr\",\"isPartOf\":{\"@id\":\"https:\\\/\\\/homeproject.fr\\\/fr\\\/#website\"},\"primaryImageOfPage\":{\"@id\":\"https:\\\/\\\/homeproject.fr\\\/fr\\\/produit\\\/table-de-repas-ronde-en-acacia-et-travertin-boston-diametre-120\\\/#primaryimage\"},\"image\":{\"@id\":\"https:\\\/\\\/homeproject.fr\\\/fr\\\/produit\\\/table-de-repas-ronde-en-acacia-et-travertin-boston-diametre-120\\\/#primaryimage\"},\"thumbnailUrl\":\"https:\\\/\\\/homeproject.fr\\\/fr\\\/wp-content\\\/uploads\\\/2024\\\/12\\\/Table-de-repas-en-manguier-et-plateau-travertin-Boston-ronde-120-cm-ambiance.png\",\"datePublished\":\"2024-12-31T18:14:46+00:00\",\"dateModified\":\"2026-05-02T20:31:35+00:00\",\"breadcrumb\":{\"@id\":\"https:\\\/\\\/homeproject.fr\\\/fr\\\/produit\\\/table-de-repas-ronde-en-acacia-et-travertin-boston-diametre-120\\\/#breadcrumb\"},\"inLanguage\":\"fr-FR\",\"potentialAction\":[{\"@type\":\"ReadAction\",\"target\":[\"https:\\\/\\\/homeproject.fr\\\/fr\\\/produit\\\/table-de-repas-ronde-en-acacia-et-travertin-boston-diametre-120\\\/\"]}]},{\"@type\":\"ImageObject\",\"inLanguage\":\"fr-FR\",\"@id\":\"https:\\\/\\\/homeproject.fr\\\/fr\\\/produit\\\/table-de-repas-ronde-en-acacia-et-travertin-boston-diametre-120\\\/#primaryimage\",\"url\":\"https:\\\/\\\/homeproject.fr\\\/fr\\\/wp-content\\\/uploads\\\/2024\\\/12\\\/Table-de-repas-en-manguier-et-plateau-travertin-Boston-ronde-120-cm-ambiance.png\",\"contentUrl\":\"https:\\\/\\\/homeproject.fr\\\/fr\\\/wp-content\\\/uploads\\\/2024\\\/12\\\/Table-de-repas-en-manguier-et-plateau-travertin-Boston-ronde-120-cm-ambiance.png\",\"width\":1254,\"height\":1254},{\"@type\":\"BreadcrumbList\",\"@id\":\"https:\\\/\\\/homeproject.fr\\\/fr\\\/produit\\\/table-de-repas-ronde-en-acacia-et-travertin-boston-diametre-120\\\/#breadcrumb\",\"itemListElement\":[{\"@type\":\"ListItem\",\"position\":1,\"name\":\"Accueil\",\"item\":\"https:\\\/\\\/homeproject.fr\\\/fr\\\/\"},{\"@type\":\"ListItem\",\"position\":2,\"name\":\"Boutique\",\"item\":\"https:\\\/\\\/homeproject.fr\\\/fr\\\/boutique\\\/\"},{\"@type\":\"ListItem\",\"position\":3,\"name\":\"Table de repas ronde en manguier et travertin BOSTON diam\u00e8tre 120\"}]},{\"@type\":\"WebSite\",\"@id\":\"https:\\\/\\\/homeproject.fr\\\/fr\\\/#website\",\"url\":\"https:\\\/\\\/homeproject.fr\\\/fr\\\/\",\"name\":\"Homeproject.fr\",\"description\":\"Offrez l&#039;exceptionnel \u00e0 vos espaces \u00e0 vivre\",\"publisher\":{\"@id\":\"https:\\\/\\\/homeproject.fr\\\/fr\\\/#organization\"},\"potentialAction\":[{\"@type\":\"SearchAction\",\"target\":{\"@type\":\"EntryPoint\",\"urlTemplate\":\"https:\\\/\\\/homeproject.fr\\\/fr\\\/?s={search_term_string}\"},\"query-input\":{\"@type\":\"PropertyValueSpecification\",\"valueRequired\":true,\"valueName\":\"search_term_string\"}}],\"inLanguage\":\"fr-FR\"},{\"@type\":\"Organization\",\"@id\":\"https:\\\/\\\/homeproject.fr\\\/fr\\\/#organization\",\"name\":\"Homeproject.fr\",\"url\":\"https:\\\/\\\/homeproject.fr\\\/fr\\\/\",\"logo\":{\"@type\":\"ImageObject\",\"inLanguage\":\"fr-FR\",\"@id\":\"https:\\\/\\\/homeproject.fr\\\/fr\\\/#\\\/schema\\\/logo\\\/image\\\/\",\"url\":\"https:\\\/\\\/homeproject.fr\\\/fr\\\/wp-content\\\/uploads\\\/2024\\\/12\\\/Logo_HomeProject-noir-2.png\",\"contentUrl\":\"https:\\\/\\\/homeproject.fr\\\/fr\\\/wp-content\\\/uploads\\\/2024\\\/12\\\/Logo_HomeProject-noir-2.png\",\"width\":300,\"height\":91,\"caption\":\"Homeproject.fr\"},\"image\":{\"@id\":\"https:\\\/\\\/homeproject.fr\\\/fr\\\/#\\\/schema\\\/logo\\\/image\\\/\"}}]}<\/script>\n<!-- \/ Yoast SEO plugin. -->","yoast_head_json":{"title":"Table de repas ronde en manguier et travertin BOSTON diam\u00e8tre 120 - Homeproject.fr","robots":{"index":"index","follow":"follow","max-snippet":"max-snippet:-1","max-image-preview":"max-image-preview:large","max-video-preview":"max-video-preview:-1"},"canonical":"https:\/\/homeproject.fr\/fr\/produit\/table-de-repas-ronde-en-acacia-et-travertin-boston-diametre-120\/","og_locale":"fr_FR","og_type":"article","og_title":"Table de repas ronde en manguier et travertin BOSTON diam\u00e8tre 120 - Homeproject.fr","og_description":"La table ronde Boston incarne une vision raffin\u00e9e et intemporelle de la salle \u00e0 manger contemporaine. Alliance subtile entre la noblesse du marbre beige naturel et la chaleur du bois de manguier, elle s\u2019impose comme une pi\u00e8ce centrale au caract\u00e8re affirm\u00e9, pens\u00e9e pour sublimer les int\u00e9rieurs \u00e9l\u00e9gants et authentiques. Avec ses lignes \u00e9quilibr\u00e9es et son pi\u00e8tement sculptural, la table Boston cr\u00e9e une atmosph\u00e8re conviviale et sophistiqu\u00e9e, id\u00e9ale pour partager des moments pr\u00e9cieux au quotidien.","og_url":"https:\/\/homeproject.fr\/fr\/produit\/table-de-repas-ronde-en-acacia-et-travertin-boston-diametre-120\/","og_site_name":"Homeproject.fr","article_modified_time":"2026-05-02T20:31:35+00:00","og_image":[{"width":1024,"height":1024,"url":"https:\/\/homeproject.fr\/fr\/wp-content\/uploads\/2024\/12\/Table-de-repas-en-manguier-et-plateau-travertin-Boston-ronde-120-cm-ambiance-1024x1024.png","type":"image\/png"}],"twitter_card":"summary_large_image","twitter_misc":{"Dur\u00e9e de lecture estim\u00e9e":"2 minutes"},"schema":{"@context":"https:\/\/schema.org","@graph":[{"@type":"WebPage","@id":"https:\/\/homeproject.fr\/fr\/produit\/table-de-repas-ronde-en-acacia-et-travertin-boston-diametre-120\/","url":"https:\/\/homeproject.fr\/fr\/produit\/table-de-repas-ronde-en-acacia-et-travertin-boston-diametre-120\/","name":"Table de repas ronde en manguier et travertin BOSTON diam\u00e8tre 120 - Homeproject.fr","isPartOf":{"@id":"https:\/\/homeproject.fr\/fr\/#website"},"primaryImageOfPage":{"@id":"https:\/\/homeproject.fr\/fr\/produit\/table-de-repas-ronde-en-acacia-et-travertin-boston-diametre-120\/#primaryimage"},"image":{"@id":"https:\/\/homeproject.fr\/fr\/produit\/table-de-repas-ronde-en-acacia-et-travertin-boston-diametre-120\/#primaryimage"},"thumbnailUrl":"https:\/\/homeproject.fr\/fr\/wp-content\/uploads\/2024\/12\/Table-de-repas-en-manguier-et-plateau-travertin-Boston-ronde-120-cm-ambiance.png","datePublished":"2024-12-31T18:14:46+00:00","dateModified":"2026-05-02T20:31:35+00:00","breadcrumb":{"@id":"https:\/\/homeproject.fr\/fr\/produit\/table-de-repas-ronde-en-acacia-et-travertin-boston-diametre-120\/#breadcrumb"},"inLanguage":"fr-FR","potentialAction":[{"@type":"ReadAction","target":["https:\/\/homeproject.fr\/fr\/produit\/table-de-repas-ronde-en-acacia-et-travertin-boston-diametre-120\/"]}]},{"@type":"ImageObject","inLanguage":"fr-FR","@id":"https:\/\/homeproject.fr\/fr\/produit\/table-de-repas-ronde-en-acacia-et-travertin-boston-diametre-120\/#primaryimage","url":"https:\/\/homeproject.fr\/fr\/wp-content\/uploads\/2024\/12\/Table-de-repas-en-manguier-et-plateau-travertin-Boston-ronde-120-cm-ambiance.png","contentUrl":"https:\/\/homeproject.fr\/fr\/wp-content\/uploads\/2024\/12\/Table-de-repas-en-manguier-et-plateau-travertin-Boston-ronde-120-cm-ambiance.png","width":1254,"height":1254},{"@type":"BreadcrumbList","@id":"https:\/\/homeproject.fr\/fr\/produit\/table-de-repas-ronde-en-acacia-et-travertin-boston-diametre-120\/#breadcrumb","itemListElement":[{"@type":"ListItem","position":1,"name":"Accueil","item":"https:\/\/homeproject.fr\/fr\/"},{"@type":"ListItem","position":2,"name":"Boutique","item":"https:\/\/homeproject.fr\/fr\/boutique\/"},{"@type":"ListItem","position":3,"name":"Table de repas ronde en manguier et travertin BOSTON diam\u00e8tre 120"}]},{"@type":"WebSite","@id":"https:\/\/homeproject.fr\/fr\/#website","url":"https:\/\/homeproject.fr\/fr\/","name":"Homeproject.fr","description":"Offrez l&#039;exceptionnel \u00e0 vos espaces \u00e0 vivre","publisher":{"@id":"https:\/\/homeproject.fr\/fr\/#organization"},"potentialAction":[{"@type":"SearchAction","target":{"@type":"EntryPoint","urlTemplate":"https:\/\/homeproject.fr\/fr\/?s={search_term_string}"},"query-input":{"@type":"PropertyValueSpecification","valueRequired":true,"valueName":"search_term_string"}}],"inLanguage":"fr-FR"},{"@type":"Organization","@id":"https:\/\/homeproject.fr\/fr\/#organization","name":"Homeproject.fr","url":"https:\/\/homeproject.fr\/fr\/","logo":{"@type":"ImageObject","inLanguage":"fr-FR","@id":"https:\/\/homeproject.fr\/fr\/#\/schema\/logo\/image\/","url":"https:\/\/homeproject.fr\/fr\/wp-content\/uploads\/2024\/12\/Logo_HomeProject-noir-2.png","contentUrl":"https:\/\/homeproject.fr\/fr\/wp-content\/uploads\/2024\/12\/Logo_HomeProject-noir-2.png","width":300,"height":91,"caption":"Homeproject.fr"},"image":{"@id":"https:\/\/homeproject.fr\/fr\/#\/schema\/logo\/image\/"}}]}},"_links":{"self":[{"href":"https:\/\/homeproject.fr\/fr\/wp-json\/wp\/v2\/product\/8854","targetHints":{"allow":["GET"]}}],"collection":[{"href":"https:\/\/homeproject.fr\/fr\/wp-json\/wp\/v2\/product"}],"about":[{"href":"https:\/\/homeproject.fr\/fr\/wp-json\/wp\/v2\/types\/product"}],"version-history":[{"count":8,"href":"https:\/\/homeproject.fr\/fr\/wp-json\/wp\/v2\/product\/8854\/revisions"}],"predecessor-version":[{"id":15677,"href":"https:\/\/homeproject.fr\/fr\/wp-json\/wp\/v2\/product\/8854\/revisions\/15677"}],"wp:featuredmedia":[{"embeddable":true,"href":"https:\/\/homeproject.fr\/fr\/wp-json\/wp\/v2\/media\/16292"}],"wp:attachment":[{"href":"https:\/\/homeproject.fr\/fr\/wp-json\/wp\/v2\/media?parent=8854"}],"wp:term":[{"taxonomy":"product_brand","embeddable":true,"href":"https:\/\/homeproject.fr\/fr\/wp-json\/wp\/v2\/product_brand?post=8854"},{"taxonomy":"product_cat","embeddable":true,"href":"https:\/\/homeproject.fr\/fr\/wp-json\/wp\/v2\/product_cat?post=8854"},{"taxonomy":"product_tag","embeddable":true,"href":"https:\/\/homeproject.fr\/fr\/wp-json\/wp\/v2\/product_tag?post=8854"}],"curies":[{"name":"wp","href":"https:\/\/api.w.org\/{rel}","templated":true}]}}