{"id":8460,"date":"2024-12-29T22:19:12","date_gmt":"2024-12-29T22:19:12","guid":{"rendered":"https:\/\/homeproject.fr\/fr\/?post_type=product&#038;p=8460"},"modified":"2024-12-31T10:21:47","modified_gmt":"2024-12-31T10:21:47","slug":"chaise-en-bois-de-hetre-capdell-eco-500m","status":"publish","type":"product","link":"https:\/\/homeproject.fr\/fr\/produit\/chaise-en-bois-de-hetre-capdell-eco-500m\/","title":{"rendered":"Chaise en bois de h\u00eatre Capdell ECO 500M"},"content":{"rendered":"<p>Cette chaise se pr\u00eate id\u00e9alement aux espaces modernes, qu\u2019il s\u2019agisse d\u2019une salle \u00e0 manger, d\u2019un bureau ou d\u2019un espace collaboratif. Le mod\u00e8le Eco invite \u00e0 la d\u00e9tente et refl\u00e8te un savoir-faire artisanal qui valorise les mati\u00e8res naturelles.<\/p>\n<p><strong>Mat\u00e9riaux<\/strong> : structure en bois massif (h\u00eatre), dossier et assise en contreplaqu\u00e9.<\/p>\n<p><strong>Finition de la structure bois :<\/strong><\/p>\n<div class=\"su-custom-gallery su-custom-gallery-align-left su-custom-gallery-title-always su-lightbox-gallery\"><div class=\"su-custom-gallery-slide\" style=\"width:120px;height:120px\"><a href=\"https:\/\/homeproject.fr\/fr\/wp-content\/uploads\/2024\/12\/S80-Natural-Hetre.jpg\" title=\"S80 Natural\"><img decoding=\"async\" src=\"https:\/\/homeproject.fr\/fr\/wp-content\/uploads\/2024\/12\/S80-Natural-Hetre-120x120.jpg\" alt=\"S80 Natural\" width=\"120\" height=\"120\" \/><span class=\"su-custom-gallery-title\">S80 Natural<\/span><\/a><\/div><div class=\"su-custom-gallery-slide\" style=\"width:120px;height:120px\"><a href=\"https:\/\/homeproject.fr\/fr\/wp-content\/uploads\/2024\/12\/S99-Black-Hetre.jpg\" title=\"S99 Black\"><img decoding=\"async\" src=\"https:\/\/homeproject.fr\/fr\/wp-content\/uploads\/2024\/12\/S99-Black-Hetre-120x120.jpg\" alt=\"S99 Black\" width=\"120\" height=\"120\" \/><span class=\"su-custom-gallery-title\">S99 Black<\/span><\/a><\/div><div class=\"su-clear\"><\/div><\/div>\n<p><strong>Design :<\/strong> cr\u00e9ation minimaliste et organique par Carlos T\u00edscar.<\/p>\n<p><strong>Utilisation :<\/strong> parfaite pour les int\u00e9rieurs r\u00e9sidentiels ou professionnels.<\/p>\n<p><strong>Dimensions :<\/strong> 78 cm (hauteur) x 51 cm (largeur) x 56 cm (profondeur).<\/p>\n<p>Adoptez la chaise Eco 500M, une pi\u00e8ce intemporelle qui sublime vos espaces avec simplicit\u00e9 et \u00e9l\u00e9gance, tout en garantissant un confort optimal.<\/p>\n<h3><strong>Vous avez des questions ?<\/strong><\/h3>\n<style id=\"wpforms-css-vars-3675\">\n\t\t\t\t#wpforms-3675 {\n\t\t\t\t\n\t\t\t}\n\t\t\t<\/style><div class=\"wpforms-container wpforms-container-full wpforms-render-modern\" id=\"wpforms-3675\"><form id=\"wpforms-form-3675\" class=\"wpforms-validate wpforms-form wpforms-ajax-form\" data-formid=\"3675\" method=\"post\" enctype=\"multipart\/form-data\" action=\"\/fr\/wp-json\/wp\/v2\/product\/8460\" data-token=\"afc9de651a65a54d0ab77295ba63d8ad\" data-token-time=\"1776576846\"><noscript class=\"wpforms-error-noscript\">Veuillez activer JavaScript dans votre navigateur pour remplir ce formulaire.<\/noscript><div id=\"wpforms-error-noscript\" style=\"display: none;\">Veuillez activer JavaScript dans votre navigateur pour remplir ce formulaire.<\/div><div class=\"wpforms-field-container\"><div id=\"wpforms-3675-field_3-container\" class=\"wpforms-field wpforms-field-name\" data-field-id=\"3\"><fieldset><legend class=\"wpforms-field-label\">Nom <span class=\"wpforms-required-label\" aria-hidden=\"true\">*<\/span><\/legend><div class=\"wpforms-field-row wpforms-field-medium\"><div class=\"wpforms-field-row-block wpforms-first wpforms-one-half\"><input type=\"text\" id=\"wpforms-3675-field_3\" class=\"wpforms-field-name-first wpforms-field-required\" name=\"wpforms[fields][3][first]\" aria-errormessage=\"wpforms-3675-field_3-error\" required><label for=\"wpforms-3675-field_3\" class=\"wpforms-field-sublabel after\">Pr\u00e9nom<\/label><\/div><div class=\"wpforms-field-row-block wpforms-one-half\"><input type=\"text\" id=\"wpforms-3675-field_3-last\" class=\"wpforms-field-name-last wpforms-field-required\" name=\"wpforms[fields][3][last]\" aria-errormessage=\"wpforms-3675-field_3-last-error\" required><label for=\"wpforms-3675-field_3-last\" class=\"wpforms-field-sublabel after\">Nom<\/label><\/div><\/div><\/fieldset><\/div>\t\t<div id=\"wpforms-3675-field_1-container\"\n\t\t\tclass=\"wpforms-field wpforms-field-text\"\n\t\t\tdata-field-type=\"text\"\n\t\t\tdata-field-id=\"1\"\n\t\t\t>\n\t\t\t<label class=\"wpforms-field-label\" for=\"wpforms-3675-field_1\" >Nom Message E-mail<\/label>\n\t\t\t<input type=\"text\" id=\"wpforms-3675-field_1\" class=\"wpforms-field-medium\" name=\"wpforms[fields][1]\" >\n\t\t<\/div>\n\t\t<div id=\"wpforms-3675-field_4-container\" class=\"wpforms-field wpforms-field-email\" data-field-id=\"4\"><label class=\"wpforms-field-label\" for=\"wpforms-3675-field_4\">E-mail <span class=\"wpforms-required-label\" aria-hidden=\"true\">*<\/span><\/label><input type=\"email\" id=\"wpforms-3675-field_4\" class=\"wpforms-field-medium wpforms-field-required\" name=\"wpforms[fields][4]\" spellcheck=\"false\" aria-errormessage=\"wpforms-3675-field_4-error\" required><\/div><div id=\"wpforms-3675-field_5-container\" class=\"wpforms-field wpforms-field-textarea\" data-field-id=\"5\"><label class=\"wpforms-field-label\" for=\"wpforms-3675-field_5\">Message <span class=\"wpforms-required-label\" aria-hidden=\"true\">*<\/span><\/label><textarea id=\"wpforms-3675-field_5\" class=\"wpforms-field-medium wpforms-field-required\" name=\"wpforms[fields][5]\" aria-errormessage=\"wpforms-3675-field_5-error\" required><\/textarea><\/div><script>\n\t\t\t\t( function() {\n\t\t\t\t\tconst style = document.createElement( 'style' );\n\t\t\t\t\tstyle.appendChild( document.createTextNode( '#wpforms-3675-field_1-container { position: absolute !important; overflow: hidden !important; display: inline !important; height: 1px !important; width: 1px !important; z-index: -1000 !important; padding: 0 !important; } #wpforms-3675-field_1-container input { visibility: hidden; } #wpforms-conversational-form-page #wpforms-3675-field_1-container label { counter-increment: none; }' ) );\n\t\t\t\t\tdocument.head.appendChild( style );\n\t\t\t\t\tdocument.currentScript?.remove();\n\t\t\t\t} )();\n\t\t\t<\/script><\/div><!-- .wpforms-field-container --><div class=\"wpforms-submit-container\" ><input type=\"hidden\" name=\"wpforms[id]\" value=\"3675\"><input type=\"hidden\" name=\"page_title\" value=\"\"><input type=\"hidden\" name=\"page_url\" value=\"https:\/\/homeproject.fr\/fr\/wp-json\/wp\/v2\/product\/8460\"><input type=\"hidden\" name=\"url_referer\" value=\"\"><button type=\"submit\" name=\"wpforms[submit]\" id=\"wpforms-submit-3675\" class=\"wpforms-submit\" data-alt-text=\"Envoi...\" data-submit-text=\"Envoyer\" aria-live=\"assertive\" value=\"wpforms-submit\">Envoyer<\/button><img decoding=\"async\" src=\"https:\/\/homeproject.fr\/fr\/wp-content\/plugins\/wpforms-lite\/assets\/images\/submit-spin.svg\" class=\"wpforms-submit-spinner\" style=\"display: none;\" width=\"26\" height=\"26\" alt=\"Chargement en cours\"><\/div><\/form><\/div>  <!-- .wpforms-container -->\n","protected":false},"excerpt":{"rendered":"<p>La chaise Eco 500M, sign\u00e9e Carlos T\u00edscar pour Capdell, est une \u0153uvre d\u2019art fonctionnelle con\u00e7ue pour offrir confort et esth\u00e9tisme. Sa structure en bois massif de h\u00eatre, associ\u00e9e \u00e0 un dossier et une assise en contreplaqu\u00e9 assortis, en fait un meuble \u00e0 la fois robuste et l\u00e9ger. Son design sculptural aux courbes organiques transmet une impression de douceur et de s\u00e9r\u00e9nit\u00e9, tout en garantissant une stabilit\u00e9 parfaite.<\/p>\n","protected":false},"featured_media":8464,"template":"","meta":{"_uf_show_specific_survey":0,"_uf_disable_surveys":false,"iawp_total_views":11},"product_brand":[],"product_cat":[147],"product_tag":[],"class_list":{"0":"post-8460","1":"product","2":"type-product","3":"status-publish","4":"has-post-thumbnail","6":"product_cat-chaises","7":"product_shipping_class-gros-colis-messagerie","8":"pa_collection-eco-par-capdell","9":"pa_designer-carlos-tiscar","10":"pa_marque-capdell","11":"pa_materiau-bois","13":"first","14":"instock","15":"taxable","16":"shipping-taxable","17":"purchasable","18":"product-type-variable"},"yoast_head":"<!-- This site is optimized with the Yoast SEO plugin v27.4 - https:\/\/yoast.com\/product\/yoast-seo-wordpress\/ -->\n<title>Chaise en bois de h\u00eatre Capdell ECO 500M - Homeproject.fr<\/title>\n<meta name=\"robots\" content=\"index, follow, max-snippet:-1, max-image-preview:large, max-video-preview:-1\" \/>\n<link rel=\"canonical\" href=\"https:\/\/homeproject.fr\/fr\/produit\/chaise-en-bois-de-hetre-capdell-eco-500m\/\" \/>\n<meta property=\"og:locale\" content=\"fr_FR\" \/>\n<meta property=\"og:type\" content=\"article\" \/>\n<meta property=\"og:title\" content=\"Chaise en bois de h\u00eatre Capdell ECO 500M - Homeproject.fr\" \/>\n<meta property=\"og:description\" content=\"La chaise Eco 500M, sign\u00e9e Carlos T\u00edscar pour Capdell, est une \u0153uvre d\u2019art fonctionnelle con\u00e7ue pour offrir confort et esth\u00e9tisme. Sa structure en bois massif de h\u00eatre, associ\u00e9e \u00e0 un dossier et une assise en contreplaqu\u00e9 assortis, en fait un meuble \u00e0 la fois robuste et l\u00e9ger. Son design sculptural aux courbes organiques transmet une impression de douceur et de s\u00e9r\u00e9nit\u00e9, tout en garantissant une stabilit\u00e9 parfaite.\" \/>\n<meta property=\"og:url\" content=\"https:\/\/homeproject.fr\/fr\/produit\/chaise-en-bois-de-hetre-capdell-eco-500m\/\" \/>\n<meta property=\"og:site_name\" content=\"Homeproject.fr\" \/>\n<meta property=\"article:modified_time\" content=\"2024-12-31T10:21:47+00:00\" \/>\n<meta property=\"og:image\" content=\"https:\/\/homeproject.fr\/fr\/wp-content\/uploads\/2024\/12\/IMG_9204.webp\" \/>\n\t<meta property=\"og:image:width\" content=\"800\" \/>\n\t<meta property=\"og:image:height\" content=\"831\" \/>\n\t<meta property=\"og:image:type\" content=\"image\/webp\" \/>\n<meta name=\"twitter:card\" content=\"summary_large_image\" \/>\n<meta name=\"twitter:label1\" content=\"Dur\u00e9e de lecture estim\u00e9e\" \/>\n\t<meta name=\"twitter:data1\" content=\"1 minute\" \/>\n<script type=\"application\/ld+json\" class=\"yoast-schema-graph\">{\"@context\":\"https:\\\/\\\/schema.org\",\"@graph\":[{\"@type\":\"WebPage\",\"@id\":\"https:\\\/\\\/homeproject.fr\\\/fr\\\/produit\\\/chaise-en-bois-de-hetre-capdell-eco-500m\\\/\",\"url\":\"https:\\\/\\\/homeproject.fr\\\/fr\\\/produit\\\/chaise-en-bois-de-hetre-capdell-eco-500m\\\/\",\"name\":\"Chaise en bois de h\u00eatre Capdell ECO 500M - Homeproject.fr\",\"isPartOf\":{\"@id\":\"https:\\\/\\\/homeproject.fr\\\/fr\\\/#website\"},\"primaryImageOfPage\":{\"@id\":\"https:\\\/\\\/homeproject.fr\\\/fr\\\/produit\\\/chaise-en-bois-de-hetre-capdell-eco-500m\\\/#primaryimage\"},\"image\":{\"@id\":\"https:\\\/\\\/homeproject.fr\\\/fr\\\/produit\\\/chaise-en-bois-de-hetre-capdell-eco-500m\\\/#primaryimage\"},\"thumbnailUrl\":\"https:\\\/\\\/homeproject.fr\\\/fr\\\/wp-content\\\/uploads\\\/2024\\\/12\\\/IMG_9204.webp\",\"datePublished\":\"2024-12-29T22:19:12+00:00\",\"dateModified\":\"2024-12-31T10:21:47+00:00\",\"breadcrumb\":{\"@id\":\"https:\\\/\\\/homeproject.fr\\\/fr\\\/produit\\\/chaise-en-bois-de-hetre-capdell-eco-500m\\\/#breadcrumb\"},\"inLanguage\":\"fr-FR\",\"potentialAction\":[{\"@type\":\"ReadAction\",\"target\":[\"https:\\\/\\\/homeproject.fr\\\/fr\\\/produit\\\/chaise-en-bois-de-hetre-capdell-eco-500m\\\/\"]}]},{\"@type\":\"ImageObject\",\"inLanguage\":\"fr-FR\",\"@id\":\"https:\\\/\\\/homeproject.fr\\\/fr\\\/produit\\\/chaise-en-bois-de-hetre-capdell-eco-500m\\\/#primaryimage\",\"url\":\"https:\\\/\\\/homeproject.fr\\\/fr\\\/wp-content\\\/uploads\\\/2024\\\/12\\\/IMG_9204.webp\",\"contentUrl\":\"https:\\\/\\\/homeproject.fr\\\/fr\\\/wp-content\\\/uploads\\\/2024\\\/12\\\/IMG_9204.webp\",\"width\":800,\"height\":831},{\"@type\":\"BreadcrumbList\",\"@id\":\"https:\\\/\\\/homeproject.fr\\\/fr\\\/produit\\\/chaise-en-bois-de-hetre-capdell-eco-500m\\\/#breadcrumb\",\"itemListElement\":[{\"@type\":\"ListItem\",\"position\":1,\"name\":\"Accueil\",\"item\":\"https:\\\/\\\/homeproject.fr\\\/fr\\\/\"},{\"@type\":\"ListItem\",\"position\":2,\"name\":\"Boutique\",\"item\":\"https:\\\/\\\/homeproject.fr\\\/fr\\\/boutique\\\/\"},{\"@type\":\"ListItem\",\"position\":3,\"name\":\"Chaise en bois de h\u00eatre Capdell ECO 500M\"}]},{\"@type\":\"WebSite\",\"@id\":\"https:\\\/\\\/homeproject.fr\\\/fr\\\/#website\",\"url\":\"https:\\\/\\\/homeproject.fr\\\/fr\\\/\",\"name\":\"Homeproject.fr\",\"description\":\"Offrez l&#039;exceptionnel \u00e0 vos espaces \u00e0 vivre\",\"publisher\":{\"@id\":\"https:\\\/\\\/homeproject.fr\\\/fr\\\/#organization\"},\"potentialAction\":[{\"@type\":\"SearchAction\",\"target\":{\"@type\":\"EntryPoint\",\"urlTemplate\":\"https:\\\/\\\/homeproject.fr\\\/fr\\\/?s={search_term_string}\"},\"query-input\":{\"@type\":\"PropertyValueSpecification\",\"valueRequired\":true,\"valueName\":\"search_term_string\"}}],\"inLanguage\":\"fr-FR\"},{\"@type\":\"Organization\",\"@id\":\"https:\\\/\\\/homeproject.fr\\\/fr\\\/#organization\",\"name\":\"Homeproject.fr\",\"url\":\"https:\\\/\\\/homeproject.fr\\\/fr\\\/\",\"logo\":{\"@type\":\"ImageObject\",\"inLanguage\":\"fr-FR\",\"@id\":\"https:\\\/\\\/homeproject.fr\\\/fr\\\/#\\\/schema\\\/logo\\\/image\\\/\",\"url\":\"https:\\\/\\\/homeproject.fr\\\/fr\\\/wp-content\\\/uploads\\\/2024\\\/12\\\/Logo_HomeProject-noir-2.png\",\"contentUrl\":\"https:\\\/\\\/homeproject.fr\\\/fr\\\/wp-content\\\/uploads\\\/2024\\\/12\\\/Logo_HomeProject-noir-2.png\",\"width\":300,\"height\":91,\"caption\":\"Homeproject.fr\"},\"image\":{\"@id\":\"https:\\\/\\\/homeproject.fr\\\/fr\\\/#\\\/schema\\\/logo\\\/image\\\/\"}}]}<\/script>\n<!-- \/ Yoast SEO plugin. -->","yoast_head_json":{"title":"Chaise en bois de h\u00eatre Capdell ECO 500M - Homeproject.fr","robots":{"index":"index","follow":"follow","max-snippet":"max-snippet:-1","max-image-preview":"max-image-preview:large","max-video-preview":"max-video-preview:-1"},"canonical":"https:\/\/homeproject.fr\/fr\/produit\/chaise-en-bois-de-hetre-capdell-eco-500m\/","og_locale":"fr_FR","og_type":"article","og_title":"Chaise en bois de h\u00eatre Capdell ECO 500M - Homeproject.fr","og_description":"La chaise Eco 500M, sign\u00e9e Carlos T\u00edscar pour Capdell, est une \u0153uvre d\u2019art fonctionnelle con\u00e7ue pour offrir confort et esth\u00e9tisme. Sa structure en bois massif de h\u00eatre, associ\u00e9e \u00e0 un dossier et une assise en contreplaqu\u00e9 assortis, en fait un meuble \u00e0 la fois robuste et l\u00e9ger. Son design sculptural aux courbes organiques transmet une impression de douceur et de s\u00e9r\u00e9nit\u00e9, tout en garantissant une stabilit\u00e9 parfaite.","og_url":"https:\/\/homeproject.fr\/fr\/produit\/chaise-en-bois-de-hetre-capdell-eco-500m\/","og_site_name":"Homeproject.fr","article_modified_time":"2024-12-31T10:21:47+00:00","og_image":[{"width":800,"height":831,"url":"https:\/\/homeproject.fr\/fr\/wp-content\/uploads\/2024\/12\/IMG_9204.webp","type":"image\/webp"}],"twitter_card":"summary_large_image","twitter_misc":{"Dur\u00e9e de lecture estim\u00e9e":"1 minute"},"schema":{"@context":"https:\/\/schema.org","@graph":[{"@type":"WebPage","@id":"https:\/\/homeproject.fr\/fr\/produit\/chaise-en-bois-de-hetre-capdell-eco-500m\/","url":"https:\/\/homeproject.fr\/fr\/produit\/chaise-en-bois-de-hetre-capdell-eco-500m\/","name":"Chaise en bois de h\u00eatre Capdell ECO 500M - Homeproject.fr","isPartOf":{"@id":"https:\/\/homeproject.fr\/fr\/#website"},"primaryImageOfPage":{"@id":"https:\/\/homeproject.fr\/fr\/produit\/chaise-en-bois-de-hetre-capdell-eco-500m\/#primaryimage"},"image":{"@id":"https:\/\/homeproject.fr\/fr\/produit\/chaise-en-bois-de-hetre-capdell-eco-500m\/#primaryimage"},"thumbnailUrl":"https:\/\/homeproject.fr\/fr\/wp-content\/uploads\/2024\/12\/IMG_9204.webp","datePublished":"2024-12-29T22:19:12+00:00","dateModified":"2024-12-31T10:21:47+00:00","breadcrumb":{"@id":"https:\/\/homeproject.fr\/fr\/produit\/chaise-en-bois-de-hetre-capdell-eco-500m\/#breadcrumb"},"inLanguage":"fr-FR","potentialAction":[{"@type":"ReadAction","target":["https:\/\/homeproject.fr\/fr\/produit\/chaise-en-bois-de-hetre-capdell-eco-500m\/"]}]},{"@type":"ImageObject","inLanguage":"fr-FR","@id":"https:\/\/homeproject.fr\/fr\/produit\/chaise-en-bois-de-hetre-capdell-eco-500m\/#primaryimage","url":"https:\/\/homeproject.fr\/fr\/wp-content\/uploads\/2024\/12\/IMG_9204.webp","contentUrl":"https:\/\/homeproject.fr\/fr\/wp-content\/uploads\/2024\/12\/IMG_9204.webp","width":800,"height":831},{"@type":"BreadcrumbList","@id":"https:\/\/homeproject.fr\/fr\/produit\/chaise-en-bois-de-hetre-capdell-eco-500m\/#breadcrumb","itemListElement":[{"@type":"ListItem","position":1,"name":"Accueil","item":"https:\/\/homeproject.fr\/fr\/"},{"@type":"ListItem","position":2,"name":"Boutique","item":"https:\/\/homeproject.fr\/fr\/boutique\/"},{"@type":"ListItem","position":3,"name":"Chaise en bois de h\u00eatre Capdell ECO 500M"}]},{"@type":"WebSite","@id":"https:\/\/homeproject.fr\/fr\/#website","url":"https:\/\/homeproject.fr\/fr\/","name":"Homeproject.fr","description":"Offrez l&#039;exceptionnel \u00e0 vos espaces \u00e0 vivre","publisher":{"@id":"https:\/\/homeproject.fr\/fr\/#organization"},"potentialAction":[{"@type":"SearchAction","target":{"@type":"EntryPoint","urlTemplate":"https:\/\/homeproject.fr\/fr\/?s={search_term_string}"},"query-input":{"@type":"PropertyValueSpecification","valueRequired":true,"valueName":"search_term_string"}}],"inLanguage":"fr-FR"},{"@type":"Organization","@id":"https:\/\/homeproject.fr\/fr\/#organization","name":"Homeproject.fr","url":"https:\/\/homeproject.fr\/fr\/","logo":{"@type":"ImageObject","inLanguage":"fr-FR","@id":"https:\/\/homeproject.fr\/fr\/#\/schema\/logo\/image\/","url":"https:\/\/homeproject.fr\/fr\/wp-content\/uploads\/2024\/12\/Logo_HomeProject-noir-2.png","contentUrl":"https:\/\/homeproject.fr\/fr\/wp-content\/uploads\/2024\/12\/Logo_HomeProject-noir-2.png","width":300,"height":91,"caption":"Homeproject.fr"},"image":{"@id":"https:\/\/homeproject.fr\/fr\/#\/schema\/logo\/image\/"}}]}},"_links":{"self":[{"href":"https:\/\/homeproject.fr\/fr\/wp-json\/wp\/v2\/product\/8460","targetHints":{"allow":["GET"]}}],"collection":[{"href":"https:\/\/homeproject.fr\/fr\/wp-json\/wp\/v2\/product"}],"about":[{"href":"https:\/\/homeproject.fr\/fr\/wp-json\/wp\/v2\/types\/product"}],"version-history":[{"count":4,"href":"https:\/\/homeproject.fr\/fr\/wp-json\/wp\/v2\/product\/8460\/revisions"}],"predecessor-version":[{"id":8471,"href":"https:\/\/homeproject.fr\/fr\/wp-json\/wp\/v2\/product\/8460\/revisions\/8471"}],"wp:featuredmedia":[{"embeddable":true,"href":"https:\/\/homeproject.fr\/fr\/wp-json\/wp\/v2\/media\/8464"}],"wp:attachment":[{"href":"https:\/\/homeproject.fr\/fr\/wp-json\/wp\/v2\/media?parent=8460"}],"wp:term":[{"taxonomy":"product_brand","embeddable":true,"href":"https:\/\/homeproject.fr\/fr\/wp-json\/wp\/v2\/product_brand?post=8460"},{"taxonomy":"product_cat","embeddable":true,"href":"https:\/\/homeproject.fr\/fr\/wp-json\/wp\/v2\/product_cat?post=8460"},{"taxonomy":"product_tag","embeddable":true,"href":"https:\/\/homeproject.fr\/fr\/wp-json\/wp\/v2\/product_tag?post=8460"}],"curies":[{"name":"wp","href":"https:\/\/api.w.org\/{rel}","templated":true}]}}