{"id":7747,"date":"2024-12-29T13:22:04","date_gmt":"2024-12-29T13:22:04","guid":{"rendered":"https:\/\/homeproject.fr\/fr\/?post_type=product&#038;p=7747"},"modified":"2024-12-29T14:09:21","modified_gmt":"2024-12-29T14:09:21","slug":"tabouret-en-bois-de-frene-capdell-cecile-2349sm","status":"publish","type":"product","link":"https:\/\/homeproject.fr\/fr\/produit\/tabouret-en-bois-de-frene-capdell-cecile-2349sm\/","title":{"rendered":"Tabouret en bois de fr\u00eane massif Capdell CECILE 2349SM"},"content":{"rendered":"<p><strong>Caract\u00e9ristiques principales :<\/strong><\/p>\n<p><strong>Mat\u00e9riaux :<\/strong><\/p>\n<p>\u2022Structure : Bois massif de fr\u00eane, offrant robustesse et \u00e9l\u00e9gance naturelle.<\/p>\n<p>\u2022Assise : En bois plaqu\u00e9 fr\u00eane, ajoutant une finition harmonieuse et durable.<\/p>\n<p><strong>Coloris disponibles :<\/strong><\/p>\n<div class=\"su-custom-gallery su-custom-gallery-align-left su-custom-gallery-title-always su-lightbox-gallery\"><div class=\"su-custom-gallery-slide\" style=\"width:120px;height:120px\"><a href=\"https:\/\/homeproject.fr\/fr\/wp-content\/uploads\/2024\/12\/S80-Natural-Hetre.jpg\" title=\"S80 Natural\"><img decoding=\"async\" src=\"https:\/\/homeproject.fr\/fr\/wp-content\/uploads\/2024\/12\/S80-Natural-Hetre-120x120.jpg\" alt=\"S80 Natural\" width=\"120\" height=\"120\" \/><span class=\"su-custom-gallery-title\">S80 Natural<\/span><\/a><\/div><div class=\"su-custom-gallery-slide\" style=\"width:120px;height:120px\"><a href=\"https:\/\/homeproject.fr\/fr\/wp-content\/uploads\/2024\/12\/S82-Dark-Natural-Hetre.jpg\" title=\"S82 Dark Natural\"><img decoding=\"async\" src=\"https:\/\/homeproject.fr\/fr\/wp-content\/uploads\/2024\/12\/S82-Dark-Natural-Hetre-120x120.jpg\" alt=\"S82 Dark Natural\" width=\"120\" height=\"120\" \/><span class=\"su-custom-gallery-title\">S82 Dark Natural<\/span><\/a><\/div><div class=\"su-custom-gallery-slide\" style=\"width:120px;height:120px\"><a href=\"https:\/\/homeproject.fr\/fr\/wp-content\/uploads\/2024\/12\/S85-Dark-Natural-Chene.jpg\" title=\"S85 Dark Brown\"><img decoding=\"async\" src=\"https:\/\/homeproject.fr\/fr\/wp-content\/uploads\/2024\/12\/S85-Dark-Natural-Chene-120x120.jpg\" alt=\"S85 Dark Brown\" width=\"120\" height=\"120\" \/><span class=\"su-custom-gallery-title\">S85 Dark Brown<\/span><\/a><\/div><div class=\"su-custom-gallery-slide\" style=\"width:120px;height:120px\"><a href=\"https:\/\/homeproject.fr\/fr\/wp-content\/uploads\/2024\/12\/S90-Gris-Hetre.jpg\" title=\"S90 Gris\"><img loading=\"lazy\" decoding=\"async\" src=\"https:\/\/homeproject.fr\/fr\/wp-content\/uploads\/2024\/12\/S90-Gris-Hetre-120x120.jpg\" alt=\"S90 Gris\" width=\"120\" height=\"120\" \/><span class=\"su-custom-gallery-title\">S90 Gris<\/span><\/a><\/div><div class=\"su-custom-gallery-slide\" style=\"width:120px;height:120px\"><a href=\"https:\/\/homeproject.fr\/fr\/wp-content\/uploads\/2024\/12\/S99-Black-Hetre.jpg\" title=\"S99 Black\"><img loading=\"lazy\" decoding=\"async\" src=\"https:\/\/homeproject.fr\/fr\/wp-content\/uploads\/2024\/12\/S99-Black-Hetre-120x120.jpg\" alt=\"S99 Black\" width=\"120\" height=\"120\" \/><span class=\"su-custom-gallery-title\">S99 Black<\/span><\/a><\/div><div class=\"su-custom-gallery-slide\" style=\"width:120px;height:120px\"><a href=\"https:\/\/homeproject.fr\/fr\/wp-content\/uploads\/2024\/12\/S3011-Red-Hetre.jpg\" title=\"S3011 Red\"><img loading=\"lazy\" decoding=\"async\" src=\"https:\/\/homeproject.fr\/fr\/wp-content\/uploads\/2024\/12\/S3011-Red-Hetre-120x120.jpg\" alt=\"S3011 Red\" width=\"120\" height=\"120\" \/><span class=\"su-custom-gallery-title\">S3011 Red<\/span><\/a><\/div><div class=\"su-custom-gallery-slide\" style=\"width:120px;height:120px\"><a href=\"https:\/\/homeproject.fr\/fr\/wp-content\/uploads\/2024\/12\/S5022-Dark-Blue-Hetre.jpg\" title=\"S5022 Dark Blue\"><img loading=\"lazy\" decoding=\"async\" src=\"https:\/\/homeproject.fr\/fr\/wp-content\/uploads\/2024\/12\/S5022-Dark-Blue-Hetre-120x120.jpg\" alt=\"S5022 Dark Blue\" width=\"120\" height=\"120\" \/><span class=\"su-custom-gallery-title\">S5022 Dark Blue<\/span><\/a><\/div><div class=\"su-custom-gallery-slide\" style=\"width:120px;height:120px\"><a href=\"https:\/\/homeproject.fr\/fr\/wp-content\/uploads\/2024\/12\/S6020-Green-Hetre.jpg\" title=\"S6020 Green\"><img loading=\"lazy\" decoding=\"async\" src=\"https:\/\/homeproject.fr\/fr\/wp-content\/uploads\/2024\/12\/S6020-Green-Hetre-120x120.jpg\" alt=\"S6020 Green\" width=\"120\" height=\"120\" \/><span class=\"su-custom-gallery-title\">S6020 Green<\/span><\/a><\/div><div class=\"su-custom-gallery-slide\" style=\"width:120px;height:120px\"><a href=\"https:\/\/homeproject.fr\/fr\/wp-content\/uploads\/2024\/12\/S10-White-Hetre.jpg\" title=\"S10 White\"><img loading=\"lazy\" decoding=\"async\" src=\"https:\/\/homeproject.fr\/fr\/wp-content\/uploads\/2024\/12\/S10-White-Hetre-120x120.jpg\" alt=\"S10 White\" width=\"120\" height=\"120\" \/><span class=\"su-custom-gallery-title\">S10 White<\/span><\/a><\/div><div class=\"su-clear\"><\/div><\/div>\n<p><strong>Dimensions :<\/strong><\/p>\n<p>\u2022Hauteur totale : 103,5 cm.<\/p>\n<p>\u2022Largeur : 43,5 cm.<\/p>\n<p>\u2022Hauteur d\u2019assise : 77,5 cm, id\u00e9ale pour bars, comptoirs et 67,5 cm pour les \u00eelots de cuisine.<\/p>\n<p>\u2022Design : Une silhouette minimaliste avec des lignes courbes et des finitions impeccables.<\/p>\n<p><strong>Pourquoi choisir le tabouret C\u00e9cile ?<\/strong><\/p>\n<p>\u2022Conception ergonomique : Une assise bien \u00e9tudi\u00e9e et un dossier incurv\u00e9 garantissent un confort optimal.<\/p>\n<p>\u2022Esth\u00e9tique intemporelle : Sa construction en bois naturel et son design minimaliste s\u2019harmonisent avec une vari\u00e9t\u00e9 de styles d\u2019int\u00e9rieurs.<\/p>\n<p>\u2022Polyvalence : Convient aussi bien aux espaces r\u00e9sidentiels (cuisine, bar) qu\u2019aux espaces professionnels (bars, restaurants).<\/p>\n<p><strong>Une cr\u00e9ation sign\u00e9e Mario Ruiz<\/strong><\/p>\n<p>Mario Ruiz, designer prim\u00e9, apporte sa vision \u00e9pur\u00e9e et fonctionnelle au tabouret C\u00e9cile, combinant design contemporain et artisanat de qualit\u00e9 pour cr\u00e9er une pi\u00e8ce durable et \u00e9l\u00e9gante.<\/p>\n<p>Ajoutez une touche de sophistication \u00e0 vos espaces avec le tabouret C\u00e9cile 2349SM de Capdell, disponible d\u00e8s maintenant. Une pi\u00e8ce parfaite pour allier confort et design.<\/p>\n<h3><strong>Vous avez des questions ?<\/strong><\/h3>\n<style id=\"wpforms-css-vars-3675\">\n\t\t\t\t#wpforms-3675 {\n\t\t\t\t\n\t\t\t}\n\t\t\t<\/style><div class=\"wpforms-container wpforms-container-full wpforms-render-modern\" id=\"wpforms-3675\"><form id=\"wpforms-form-3675\" class=\"wpforms-validate wpforms-form wpforms-ajax-form\" data-formid=\"3675\" method=\"post\" enctype=\"multipart\/form-data\" action=\"\/fr\/wp-json\/wp\/v2\/product\/7747\" data-token=\"2921a7ac3408d834be151983965c4ab3\" data-token-time=\"1777976395\"><noscript class=\"wpforms-error-noscript\">Veuillez activer JavaScript dans votre navigateur pour remplir ce formulaire.<\/noscript><div id=\"wpforms-error-noscript\" style=\"display: none;\">Veuillez activer JavaScript dans votre navigateur pour remplir ce formulaire.<\/div><div class=\"wpforms-field-container\"><div id=\"wpforms-3675-field_3-container\" class=\"wpforms-field wpforms-field-name\" data-field-id=\"3\"><fieldset><legend class=\"wpforms-field-label\">Nom <span class=\"wpforms-required-label\" aria-hidden=\"true\">*<\/span><\/legend><div class=\"wpforms-field-row wpforms-field-medium\"><div class=\"wpforms-field-row-block wpforms-first wpforms-one-half\"><input type=\"text\" id=\"wpforms-3675-field_3\" class=\"wpforms-field-name-first wpforms-field-required\" name=\"wpforms[fields][3][first]\" aria-errormessage=\"wpforms-3675-field_3-error\" required><label for=\"wpforms-3675-field_3\" class=\"wpforms-field-sublabel after\">Pr\u00e9nom<\/label><\/div><div class=\"wpforms-field-row-block wpforms-one-half\"><input type=\"text\" id=\"wpforms-3675-field_3-last\" class=\"wpforms-field-name-last wpforms-field-required\" name=\"wpforms[fields][3][last]\" aria-errormessage=\"wpforms-3675-field_3-last-error\" required><label for=\"wpforms-3675-field_3-last\" class=\"wpforms-field-sublabel after\">Nom<\/label><\/div><\/div><\/fieldset><\/div><div id=\"wpforms-3675-field_4-container\" class=\"wpforms-field wpforms-field-email\" data-field-id=\"4\"><label class=\"wpforms-field-label\" for=\"wpforms-3675-field_4\">E-mail <span class=\"wpforms-required-label\" aria-hidden=\"true\">*<\/span><\/label><input type=\"email\" id=\"wpforms-3675-field_4\" class=\"wpforms-field-medium wpforms-field-required\" name=\"wpforms[fields][4]\" spellcheck=\"false\" aria-errormessage=\"wpforms-3675-field_4-error\" required><\/div>\t\t<div id=\"wpforms-3675-field_1-container\"\n\t\t\tclass=\"wpforms-field wpforms-field-text\"\n\t\t\tdata-field-type=\"text\"\n\t\t\tdata-field-id=\"1\"\n\t\t\t>\n\t\t\t<label class=\"wpforms-field-label\" for=\"wpforms-3675-field_1\" >E-mail Nom Message<\/label>\n\t\t\t<input type=\"text\" id=\"wpforms-3675-field_1\" class=\"wpforms-field-medium\" name=\"wpforms[fields][1]\" >\n\t\t<\/div>\n\t\t<div id=\"wpforms-3675-field_5-container\" class=\"wpforms-field wpforms-field-textarea\" data-field-id=\"5\"><label class=\"wpforms-field-label\" for=\"wpforms-3675-field_5\">Message <span class=\"wpforms-required-label\" aria-hidden=\"true\">*<\/span><\/label><textarea id=\"wpforms-3675-field_5\" class=\"wpforms-field-medium wpforms-field-required\" name=\"wpforms[fields][5]\" aria-errormessage=\"wpforms-3675-field_5-error\" required><\/textarea><\/div><script>\n\t\t\t\t( function() {\n\t\t\t\t\tconst style = document.createElement( 'style' );\n\t\t\t\t\tstyle.appendChild( document.createTextNode( '#wpforms-3675-field_1-container { position: absolute !important; overflow: hidden !important; display: inline !important; height: 1px !important; width: 1px !important; z-index: -1000 !important; padding: 0 !important; } #wpforms-3675-field_1-container input { visibility: hidden; } #wpforms-conversational-form-page #wpforms-3675-field_1-container label { counter-increment: none; }' ) );\n\t\t\t\t\tdocument.head.appendChild( style );\n\t\t\t\t\tdocument.currentScript?.remove();\n\t\t\t\t} )();\n\t\t\t<\/script><\/div><!-- .wpforms-field-container --><div class=\"wpforms-submit-container\" ><input type=\"hidden\" name=\"wpforms[id]\" value=\"3675\"><input type=\"hidden\" name=\"page_title\" value=\"\"><input type=\"hidden\" name=\"page_url\" value=\"https:\/\/homeproject.fr\/fr\/wp-json\/wp\/v2\/product\/7747\"><input type=\"hidden\" name=\"url_referer\" value=\"\"><button type=\"submit\" name=\"wpforms[submit]\" id=\"wpforms-submit-3675\" class=\"wpforms-submit\" data-alt-text=\"Envoi...\" data-submit-text=\"Envoyer\" aria-live=\"assertive\" value=\"wpforms-submit\">Envoyer<\/button><img loading=\"lazy\" decoding=\"async\" src=\"https:\/\/homeproject.fr\/fr\/wp-content\/plugins\/wpforms-lite\/assets\/images\/submit-spin.svg\" class=\"wpforms-submit-spinner\" style=\"display: none;\" width=\"26\" height=\"26\" alt=\"Chargement en cours\"><\/div><\/form><\/div>  <!-- .wpforms-container -->\n","protected":false},"excerpt":{"rendered":"<p>Le tabouret C\u00e9cile 2349SM, con\u00e7u par Mario Ruiz pour Capdell, est une pi\u00e8ce intemporelle et \u00e9l\u00e9gante qui allie simplicit\u00e9 et sophistication. Fabriqu\u00e9 en bois massif de fr\u00eane, ce tabouret au design \u00e9pur\u00e9 s\u2019int\u00e8gre parfaitement dans des espaces modernes ou classiques, que ce soit pour un usage r\u00e9sidentiel ou professionnel.<\/p>\n","protected":false},"featured_media":7750,"template":"","meta":{"_uf_show_specific_survey":0,"_uf_disable_surveys":false,"iawp_total_views":2},"product_brand":[],"product_cat":[149],"product_tag":[],"class_list":{"0":"post-7747","1":"product","2":"type-product","3":"status-publish","4":"has-post-thumbnail","6":"product_cat-tabourets","7":"product_shipping_class-petit-colis","8":"pa_collection-cecile-par-capdell","9":"pa_designer-mario-ruiz","10":"pa_marque-capdell","11":"pa_materiau-bois","13":"first","14":"instock","15":"taxable","16":"shipping-taxable","17":"purchasable","18":"product-type-variable"},"yoast_head":"<!-- This site is optimized with the Yoast SEO plugin v27.5 - https:\/\/yoast.com\/product\/yoast-seo-wordpress\/ -->\n<title>Tabouret en bois de fr\u00eane massif Capdell CECILE 2349SM - Homeproject.fr<\/title>\n<meta name=\"robots\" content=\"index, follow, max-snippet:-1, max-image-preview:large, max-video-preview:-1\" \/>\n<link rel=\"canonical\" href=\"https:\/\/homeproject.fr\/fr\/produit\/tabouret-en-bois-de-frene-capdell-cecile-2349sm\/\" \/>\n<meta property=\"og:locale\" content=\"fr_FR\" \/>\n<meta property=\"og:type\" content=\"article\" \/>\n<meta property=\"og:title\" content=\"Tabouret en bois de fr\u00eane massif Capdell CECILE 2349SM - Homeproject.fr\" \/>\n<meta property=\"og:description\" content=\"Le tabouret C\u00e9cile 2349SM, con\u00e7u par Mario Ruiz pour Capdell, est une pi\u00e8ce intemporelle et \u00e9l\u00e9gante qui allie simplicit\u00e9 et sophistication. Fabriqu\u00e9 en bois massif de fr\u00eane, ce tabouret au design \u00e9pur\u00e9 s\u2019int\u00e8gre parfaitement dans des espaces modernes ou classiques, que ce soit pour un usage r\u00e9sidentiel ou professionnel.\" \/>\n<meta property=\"og:url\" content=\"https:\/\/homeproject.fr\/fr\/produit\/tabouret-en-bois-de-frene-capdell-cecile-2349sm\/\" \/>\n<meta property=\"og:site_name\" content=\"Homeproject.fr\" \/>\n<meta property=\"article:modified_time\" content=\"2024-12-29T14:09:21+00:00\" \/>\n<meta property=\"og:image\" content=\"https:\/\/homeproject.fr\/fr\/wp-content\/uploads\/2024\/12\/IMG_9172.webp\" \/>\n\t<meta property=\"og:image:width\" content=\"1067\" \/>\n\t<meta property=\"og:image:height\" content=\"1067\" \/>\n\t<meta property=\"og:image:type\" content=\"image\/webp\" \/>\n<meta name=\"twitter:card\" content=\"summary_large_image\" \/>\n<meta name=\"twitter:label1\" content=\"Dur\u00e9e de lecture estim\u00e9e\" \/>\n\t<meta name=\"twitter:data1\" content=\"2 minutes\" \/>\n<script type=\"application\/ld+json\" class=\"yoast-schema-graph\">{\"@context\":\"https:\\\/\\\/schema.org\",\"@graph\":[{\"@type\":\"WebPage\",\"@id\":\"https:\\\/\\\/homeproject.fr\\\/fr\\\/produit\\\/tabouret-en-bois-de-frene-capdell-cecile-2349sm\\\/\",\"url\":\"https:\\\/\\\/homeproject.fr\\\/fr\\\/produit\\\/tabouret-en-bois-de-frene-capdell-cecile-2349sm\\\/\",\"name\":\"Tabouret en bois de fr\u00eane massif Capdell CECILE 2349SM - Homeproject.fr\",\"isPartOf\":{\"@id\":\"https:\\\/\\\/homeproject.fr\\\/fr\\\/#website\"},\"primaryImageOfPage\":{\"@id\":\"https:\\\/\\\/homeproject.fr\\\/fr\\\/produit\\\/tabouret-en-bois-de-frene-capdell-cecile-2349sm\\\/#primaryimage\"},\"image\":{\"@id\":\"https:\\\/\\\/homeproject.fr\\\/fr\\\/produit\\\/tabouret-en-bois-de-frene-capdell-cecile-2349sm\\\/#primaryimage\"},\"thumbnailUrl\":\"https:\\\/\\\/homeproject.fr\\\/fr\\\/wp-content\\\/uploads\\\/2024\\\/12\\\/IMG_9172.webp\",\"datePublished\":\"2024-12-29T13:22:04+00:00\",\"dateModified\":\"2024-12-29T14:09:21+00:00\",\"breadcrumb\":{\"@id\":\"https:\\\/\\\/homeproject.fr\\\/fr\\\/produit\\\/tabouret-en-bois-de-frene-capdell-cecile-2349sm\\\/#breadcrumb\"},\"inLanguage\":\"fr-FR\",\"potentialAction\":[{\"@type\":\"ReadAction\",\"target\":[\"https:\\\/\\\/homeproject.fr\\\/fr\\\/produit\\\/tabouret-en-bois-de-frene-capdell-cecile-2349sm\\\/\"]}]},{\"@type\":\"ImageObject\",\"inLanguage\":\"fr-FR\",\"@id\":\"https:\\\/\\\/homeproject.fr\\\/fr\\\/produit\\\/tabouret-en-bois-de-frene-capdell-cecile-2349sm\\\/#primaryimage\",\"url\":\"https:\\\/\\\/homeproject.fr\\\/fr\\\/wp-content\\\/uploads\\\/2024\\\/12\\\/IMG_9172.webp\",\"contentUrl\":\"https:\\\/\\\/homeproject.fr\\\/fr\\\/wp-content\\\/uploads\\\/2024\\\/12\\\/IMG_9172.webp\",\"width\":1067,\"height\":1067},{\"@type\":\"BreadcrumbList\",\"@id\":\"https:\\\/\\\/homeproject.fr\\\/fr\\\/produit\\\/tabouret-en-bois-de-frene-capdell-cecile-2349sm\\\/#breadcrumb\",\"itemListElement\":[{\"@type\":\"ListItem\",\"position\":1,\"name\":\"Accueil\",\"item\":\"https:\\\/\\\/homeproject.fr\\\/fr\\\/\"},{\"@type\":\"ListItem\",\"position\":2,\"name\":\"Boutique\",\"item\":\"https:\\\/\\\/homeproject.fr\\\/fr\\\/boutique\\\/\"},{\"@type\":\"ListItem\",\"position\":3,\"name\":\"Tabouret en bois de fr\u00eane massif Capdell CECILE 2349SM\"}]},{\"@type\":\"WebSite\",\"@id\":\"https:\\\/\\\/homeproject.fr\\\/fr\\\/#website\",\"url\":\"https:\\\/\\\/homeproject.fr\\\/fr\\\/\",\"name\":\"Homeproject.fr\",\"description\":\"Offrez l&#039;exceptionnel \u00e0 vos espaces \u00e0 vivre\",\"publisher\":{\"@id\":\"https:\\\/\\\/homeproject.fr\\\/fr\\\/#organization\"},\"potentialAction\":[{\"@type\":\"SearchAction\",\"target\":{\"@type\":\"EntryPoint\",\"urlTemplate\":\"https:\\\/\\\/homeproject.fr\\\/fr\\\/?s={search_term_string}\"},\"query-input\":{\"@type\":\"PropertyValueSpecification\",\"valueRequired\":true,\"valueName\":\"search_term_string\"}}],\"inLanguage\":\"fr-FR\"},{\"@type\":\"Organization\",\"@id\":\"https:\\\/\\\/homeproject.fr\\\/fr\\\/#organization\",\"name\":\"Homeproject.fr\",\"url\":\"https:\\\/\\\/homeproject.fr\\\/fr\\\/\",\"logo\":{\"@type\":\"ImageObject\",\"inLanguage\":\"fr-FR\",\"@id\":\"https:\\\/\\\/homeproject.fr\\\/fr\\\/#\\\/schema\\\/logo\\\/image\\\/\",\"url\":\"https:\\\/\\\/homeproject.fr\\\/fr\\\/wp-content\\\/uploads\\\/2024\\\/12\\\/Logo_HomeProject-noir-2.png\",\"contentUrl\":\"https:\\\/\\\/homeproject.fr\\\/fr\\\/wp-content\\\/uploads\\\/2024\\\/12\\\/Logo_HomeProject-noir-2.png\",\"width\":300,\"height\":91,\"caption\":\"Homeproject.fr\"},\"image\":{\"@id\":\"https:\\\/\\\/homeproject.fr\\\/fr\\\/#\\\/schema\\\/logo\\\/image\\\/\"}}]}<\/script>\n<!-- \/ Yoast SEO plugin. -->","yoast_head_json":{"title":"Tabouret en bois de fr\u00eane massif Capdell CECILE 2349SM - Homeproject.fr","robots":{"index":"index","follow":"follow","max-snippet":"max-snippet:-1","max-image-preview":"max-image-preview:large","max-video-preview":"max-video-preview:-1"},"canonical":"https:\/\/homeproject.fr\/fr\/produit\/tabouret-en-bois-de-frene-capdell-cecile-2349sm\/","og_locale":"fr_FR","og_type":"article","og_title":"Tabouret en bois de fr\u00eane massif Capdell CECILE 2349SM - Homeproject.fr","og_description":"Le tabouret C\u00e9cile 2349SM, con\u00e7u par Mario Ruiz pour Capdell, est une pi\u00e8ce intemporelle et \u00e9l\u00e9gante qui allie simplicit\u00e9 et sophistication. Fabriqu\u00e9 en bois massif de fr\u00eane, ce tabouret au design \u00e9pur\u00e9 s\u2019int\u00e8gre parfaitement dans des espaces modernes ou classiques, que ce soit pour un usage r\u00e9sidentiel ou professionnel.","og_url":"https:\/\/homeproject.fr\/fr\/produit\/tabouret-en-bois-de-frene-capdell-cecile-2349sm\/","og_site_name":"Homeproject.fr","article_modified_time":"2024-12-29T14:09:21+00:00","og_image":[{"width":1067,"height":1067,"url":"https:\/\/homeproject.fr\/fr\/wp-content\/uploads\/2024\/12\/IMG_9172.webp","type":"image\/webp"}],"twitter_card":"summary_large_image","twitter_misc":{"Dur\u00e9e de lecture estim\u00e9e":"2 minutes"},"schema":{"@context":"https:\/\/schema.org","@graph":[{"@type":"WebPage","@id":"https:\/\/homeproject.fr\/fr\/produit\/tabouret-en-bois-de-frene-capdell-cecile-2349sm\/","url":"https:\/\/homeproject.fr\/fr\/produit\/tabouret-en-bois-de-frene-capdell-cecile-2349sm\/","name":"Tabouret en bois de fr\u00eane massif Capdell CECILE 2349SM - Homeproject.fr","isPartOf":{"@id":"https:\/\/homeproject.fr\/fr\/#website"},"primaryImageOfPage":{"@id":"https:\/\/homeproject.fr\/fr\/produit\/tabouret-en-bois-de-frene-capdell-cecile-2349sm\/#primaryimage"},"image":{"@id":"https:\/\/homeproject.fr\/fr\/produit\/tabouret-en-bois-de-frene-capdell-cecile-2349sm\/#primaryimage"},"thumbnailUrl":"https:\/\/homeproject.fr\/fr\/wp-content\/uploads\/2024\/12\/IMG_9172.webp","datePublished":"2024-12-29T13:22:04+00:00","dateModified":"2024-12-29T14:09:21+00:00","breadcrumb":{"@id":"https:\/\/homeproject.fr\/fr\/produit\/tabouret-en-bois-de-frene-capdell-cecile-2349sm\/#breadcrumb"},"inLanguage":"fr-FR","potentialAction":[{"@type":"ReadAction","target":["https:\/\/homeproject.fr\/fr\/produit\/tabouret-en-bois-de-frene-capdell-cecile-2349sm\/"]}]},{"@type":"ImageObject","inLanguage":"fr-FR","@id":"https:\/\/homeproject.fr\/fr\/produit\/tabouret-en-bois-de-frene-capdell-cecile-2349sm\/#primaryimage","url":"https:\/\/homeproject.fr\/fr\/wp-content\/uploads\/2024\/12\/IMG_9172.webp","contentUrl":"https:\/\/homeproject.fr\/fr\/wp-content\/uploads\/2024\/12\/IMG_9172.webp","width":1067,"height":1067},{"@type":"BreadcrumbList","@id":"https:\/\/homeproject.fr\/fr\/produit\/tabouret-en-bois-de-frene-capdell-cecile-2349sm\/#breadcrumb","itemListElement":[{"@type":"ListItem","position":1,"name":"Accueil","item":"https:\/\/homeproject.fr\/fr\/"},{"@type":"ListItem","position":2,"name":"Boutique","item":"https:\/\/homeproject.fr\/fr\/boutique\/"},{"@type":"ListItem","position":3,"name":"Tabouret en bois de fr\u00eane massif Capdell CECILE 2349SM"}]},{"@type":"WebSite","@id":"https:\/\/homeproject.fr\/fr\/#website","url":"https:\/\/homeproject.fr\/fr\/","name":"Homeproject.fr","description":"Offrez l&#039;exceptionnel \u00e0 vos espaces \u00e0 vivre","publisher":{"@id":"https:\/\/homeproject.fr\/fr\/#organization"},"potentialAction":[{"@type":"SearchAction","target":{"@type":"EntryPoint","urlTemplate":"https:\/\/homeproject.fr\/fr\/?s={search_term_string}"},"query-input":{"@type":"PropertyValueSpecification","valueRequired":true,"valueName":"search_term_string"}}],"inLanguage":"fr-FR"},{"@type":"Organization","@id":"https:\/\/homeproject.fr\/fr\/#organization","name":"Homeproject.fr","url":"https:\/\/homeproject.fr\/fr\/","logo":{"@type":"ImageObject","inLanguage":"fr-FR","@id":"https:\/\/homeproject.fr\/fr\/#\/schema\/logo\/image\/","url":"https:\/\/homeproject.fr\/fr\/wp-content\/uploads\/2024\/12\/Logo_HomeProject-noir-2.png","contentUrl":"https:\/\/homeproject.fr\/fr\/wp-content\/uploads\/2024\/12\/Logo_HomeProject-noir-2.png","width":300,"height":91,"caption":"Homeproject.fr"},"image":{"@id":"https:\/\/homeproject.fr\/fr\/#\/schema\/logo\/image\/"}}]}},"_links":{"self":[{"href":"https:\/\/homeproject.fr\/fr\/wp-json\/wp\/v2\/product\/7747","targetHints":{"allow":["GET"]}}],"collection":[{"href":"https:\/\/homeproject.fr\/fr\/wp-json\/wp\/v2\/product"}],"about":[{"href":"https:\/\/homeproject.fr\/fr\/wp-json\/wp\/v2\/types\/product"}],"version-history":[{"count":4,"href":"https:\/\/homeproject.fr\/fr\/wp-json\/wp\/v2\/product\/7747\/revisions"}],"predecessor-version":[{"id":7825,"href":"https:\/\/homeproject.fr\/fr\/wp-json\/wp\/v2\/product\/7747\/revisions\/7825"}],"wp:featuredmedia":[{"embeddable":true,"href":"https:\/\/homeproject.fr\/fr\/wp-json\/wp\/v2\/media\/7750"}],"wp:attachment":[{"href":"https:\/\/homeproject.fr\/fr\/wp-json\/wp\/v2\/media?parent=7747"}],"wp:term":[{"taxonomy":"product_brand","embeddable":true,"href":"https:\/\/homeproject.fr\/fr\/wp-json\/wp\/v2\/product_brand?post=7747"},{"taxonomy":"product_cat","embeddable":true,"href":"https:\/\/homeproject.fr\/fr\/wp-json\/wp\/v2\/product_cat?post=7747"},{"taxonomy":"product_tag","embeddable":true,"href":"https:\/\/homeproject.fr\/fr\/wp-json\/wp\/v2\/product_tag?post=7747"}],"curies":[{"name":"wp","href":"https:\/\/api.w.org\/{rel}","templated":true}]}}