{"id":7675,"date":"2024-12-29T11:42:01","date_gmt":"2024-12-29T11:42:01","guid":{"rendered":"https:\/\/homeproject.fr\/fr\/?post_type=product&#038;p=7675"},"modified":"2024-12-31T10:25:30","modified_gmt":"2024-12-31T10:25:30","slug":"tabouret-en-frene-teinte-noir-et-cuir-capdell-leizu-2419wp","status":"publish","type":"product","link":"https:\/\/homeproject.fr\/fr\/produit\/tabouret-en-frene-teinte-noir-et-cuir-capdell-leizu-2419wp\/","title":{"rendered":"Tabouret en fr\u00eane teint\u00e9 noir et cuir Capdell LEIZU 2419WP"},"content":{"rendered":"<p><strong>Caract\u00e9ristiques principales :<\/strong><\/p>\n<p>Mat\u00e9riaux :<\/p>\n<p>\u2022Structure : Bois de fr\u00eane massif teint\u00e9 noir, offrant robustesse et une finition \u00e9l\u00e9gante.<\/p>\n<p>\u2022Assise et dossier : Rev\u00eatement en cuir, garantissant confort et durabilit\u00e9.<\/p>\n<p>\u2022Dos : Coque en bois de fr\u00eane massif, apportant une touche de sophistication naturelle.<\/p>\n<p><strong>Dimensions :<\/strong><\/p>\n<p>\u2022Hauteur d\u2019assise disponible : 65 cm ou 75 cm, parfaite pour bars, \u00eelots de cuisine ou tables hautes.<\/p>\n<p>\u2022Largeur : 47,5 cm.<\/p>\n<p>\u2022Hauteur totale : 105 ou 95 cm.<\/p>\n<p>\u2022Design : Une esth\u00e9tique \u00e9pur\u00e9e et moderne qui s\u2019int\u00e8gre dans des espaces contemporains, minimalistes ou chaleureux.<\/p>\n<p><strong>Rev\u00eatement en cuir Elmosoft :<\/strong><\/p>\n<div class=\"su-custom-gallery su-custom-gallery-align-left su-custom-gallery-title-always su-lightbox-gallery\"><div class=\"su-custom-gallery-slide\" style=\"width:120px;height:120px\"><a href=\"https:\/\/homeproject.fr\/fr\/wp-content\/uploads\/2024\/12\/IMG_9135.jpeg\" title=\"Cuir Elmosoft 99999\"><img decoding=\"async\" src=\"https:\/\/homeproject.fr\/fr\/wp-content\/uploads\/2024\/12\/IMG_9135-120x120.jpeg\" alt=\"Cuir Elmosoft 99999\" width=\"120\" height=\"120\" \/><span class=\"su-custom-gallery-title\">Cuir Elmosoft 99999<\/span><\/a><\/div><div class=\"su-custom-gallery-slide\" style=\"width:120px;height:120px\"><a href=\"https:\/\/homeproject.fr\/fr\/wp-content\/uploads\/2024\/12\/IMG_9136.jpeg\" title=\"Cuir Elmosoft 13048\"><img decoding=\"async\" src=\"https:\/\/homeproject.fr\/fr\/wp-content\/uploads\/2024\/12\/IMG_9136-120x120.jpeg\" alt=\"Cuir Elmosoft 13048\" width=\"120\" height=\"120\" \/><span class=\"su-custom-gallery-title\">Cuir Elmosoft 13048<\/span><\/a><\/div><div class=\"su-custom-gallery-slide\" style=\"width:120px;height:120px\"><a href=\"https:\/\/homeproject.fr\/fr\/wp-content\/uploads\/2024\/12\/IMG_9137.jpeg\" title=\"Cuir Elmosoft 11033\"><img decoding=\"async\" src=\"https:\/\/homeproject.fr\/fr\/wp-content\/uploads\/2024\/12\/IMG_9137-120x120.jpeg\" alt=\"Cuir Elmosoft 11033\" width=\"120\" height=\"120\" \/><span class=\"su-custom-gallery-title\">Cuir Elmosoft 11033<\/span><\/a><\/div><div class=\"su-custom-gallery-slide\" style=\"width:120px;height:120px\"><a href=\"https:\/\/homeproject.fr\/fr\/wp-content\/uploads\/2024\/12\/IMG_9138.jpeg\" title=\"Cuir Elmosoft 93129\"><img loading=\"lazy\" decoding=\"async\" src=\"https:\/\/homeproject.fr\/fr\/wp-content\/uploads\/2024\/12\/IMG_9138-120x120.jpeg\" alt=\"Cuir Elmosoft 93129\" width=\"120\" height=\"120\" \/><span class=\"su-custom-gallery-title\">Cuir Elmosoft 93129<\/span><\/a><\/div><div class=\"su-custom-gallery-slide\" style=\"width:120px;height:120px\"><a href=\"https:\/\/homeproject.fr\/fr\/wp-content\/uploads\/2024\/12\/IMG_9139.jpeg\" title=\"Cuir Elmosoft 13072\"><img loading=\"lazy\" decoding=\"async\" src=\"https:\/\/homeproject.fr\/fr\/wp-content\/uploads\/2024\/12\/IMG_9139-120x120.jpeg\" alt=\"Cuir Elmosoft 13072\" width=\"120\" height=\"120\" \/><span class=\"su-custom-gallery-title\">Cuir Elmosoft 13072<\/span><\/a><\/div><div class=\"su-custom-gallery-slide\" style=\"width:120px;height:120px\"><a href=\"https:\/\/homeproject.fr\/fr\/wp-content\/uploads\/2024\/12\/IMG_9140.jpeg\" title=\"Cuir Elmosoft 33001\"><img loading=\"lazy\" decoding=\"async\" src=\"https:\/\/homeproject.fr\/fr\/wp-content\/uploads\/2024\/12\/IMG_9140-120x120.jpeg\" alt=\"Cuir Elmosoft 33001\" width=\"120\" height=\"120\" \/><span class=\"su-custom-gallery-title\">Cuir Elmosoft 33001<\/span><\/a><\/div><div class=\"su-custom-gallery-slide\" style=\"width:120px;height:120px\"><a href=\"https:\/\/homeproject.fr\/fr\/wp-content\/uploads\/2024\/12\/IMG_9141.jpeg\" title=\"Cuir Elmosoft 33004\"><img loading=\"lazy\" decoding=\"async\" src=\"https:\/\/homeproject.fr\/fr\/wp-content\/uploads\/2024\/12\/IMG_9141-120x120.jpeg\" alt=\"Cuir Elmosoft 33004\" width=\"120\" height=\"120\" \/><span class=\"su-custom-gallery-title\">Cuir Elmosoft 33004<\/span><\/a><\/div><div class=\"su-custom-gallery-slide\" style=\"width:120px;height:120px\"><a href=\"https:\/\/homeproject.fr\/fr\/wp-content\/uploads\/2024\/12\/IMG_9142.jpeg\" title=\"Cuir Elmosoft 43054\"><img loading=\"lazy\" decoding=\"async\" src=\"https:\/\/homeproject.fr\/fr\/wp-content\/uploads\/2024\/12\/IMG_9142-120x120.jpeg\" alt=\"Cuir Elmosoft 43054\" width=\"120\" height=\"120\" \/><span class=\"su-custom-gallery-title\">Cuir Elmosoft 43054<\/span><\/a><\/div><div class=\"su-custom-gallery-slide\" style=\"width:120px;height:120px\"><a href=\"https:\/\/homeproject.fr\/fr\/wp-content\/uploads\/2024\/12\/IMG_9143.jpeg\" title=\"Cuir Elmosoft 02119\"><img loading=\"lazy\" decoding=\"async\" src=\"https:\/\/homeproject.fr\/fr\/wp-content\/uploads\/2024\/12\/IMG_9143-120x120.jpeg\" alt=\"Cuir Elmosoft 02119\" width=\"120\" height=\"120\" \/><span class=\"su-custom-gallery-title\">Cuir Elmosoft 02119<\/span><\/a><\/div><div class=\"su-custom-gallery-slide\" style=\"width:120px;height:120px\"><a href=\"https:\/\/homeproject.fr\/fr\/wp-content\/uploads\/2024\/12\/IMG_9144.jpeg\" title=\"Cuir Elmosoft 98015\"><img loading=\"lazy\" decoding=\"async\" src=\"https:\/\/homeproject.fr\/fr\/wp-content\/uploads\/2024\/12\/IMG_9144-120x120.jpeg\" alt=\"Cuir Elmosoft 98015\" width=\"120\" height=\"120\" \/><span class=\"su-custom-gallery-title\">Cuir Elmosoft 98015<\/span><\/a><\/div><div class=\"su-custom-gallery-slide\" style=\"width:120px;height:120px\"><a href=\"https:\/\/homeproject.fr\/fr\/wp-content\/uploads\/2024\/12\/IMG_9145.jpeg\" title=\"Cuir Elmosoft 48027\"><img loading=\"lazy\" decoding=\"async\" src=\"https:\/\/homeproject.fr\/fr\/wp-content\/uploads\/2024\/12\/IMG_9145-120x120.jpeg\" alt=\"Cuir Elmosoft 48027\" width=\"120\" height=\"120\" \/><span class=\"su-custom-gallery-title\">Cuir Elmosoft 48027<\/span><\/a><\/div><div class=\"su-custom-gallery-slide\" style=\"width:120px;height:120px\"><a href=\"https:\/\/homeproject.fr\/fr\/wp-content\/uploads\/2024\/12\/IMG_9146.jpeg\" title=\"Cuir Elmosoft 77127\"><img loading=\"lazy\" decoding=\"async\" src=\"https:\/\/homeproject.fr\/fr\/wp-content\/uploads\/2024\/12\/IMG_9146-120x120.jpeg\" alt=\"Cuir Elmosoft 77127\" width=\"120\" height=\"120\" \/><span class=\"su-custom-gallery-title\">Cuir Elmosoft 77127<\/span><\/a><\/div><div class=\"su-custom-gallery-slide\" style=\"width:120px;height:120px\"><a href=\"https:\/\/homeproject.fr\/fr\/wp-content\/uploads\/2024\/12\/IMG_9147.jpeg\" title=\"Cuir Elmosoft 45065\"><img loading=\"lazy\" decoding=\"async\" src=\"https:\/\/homeproject.fr\/fr\/wp-content\/uploads\/2024\/12\/IMG_9147-120x120.jpeg\" alt=\"Cuir Elmosoft 45065\" width=\"120\" height=\"120\" \/><span class=\"su-custom-gallery-title\">Cuir Elmosoft 45065<\/span><\/a><\/div><div class=\"su-clear\"><\/div><\/div>\n<p>Elmosoft est un cuir semi-aniline sans chrome, doux et pliable. Un confort exceptionnel combin\u00e9 \u00e0 une excellente durabilit\u00e9 et \u00e0 une vaste gamme de teintes le rend tr\u00e8s appropri\u00e9 pour l\u2019environnement public. Les piq\u00fbres d\u2019insectes visibles et les cicatrices des plaies cicatris\u00e9es ajoutent \u00e0 la qualit\u00e9 \u00e9l\u00e9gante du cuir.<\/p>\n<p><strong>Les atouts du tabouret Leizu :<\/strong><\/p>\n<p>\u2022Confort optimal : Gr\u00e2ce \u00e0 une assise ergonomique et un rev\u00eatement en cuir de qualit\u00e9, ce tabouret allie style et bien-\u00eatre.<\/p>\n<p>\u2022Esth\u00e9tique contemporaine : L\u2019association du bois teint\u00e9 noir et du cuir conf\u00e8re une \u00e9l\u00e9gance sobre et polyvalente.<\/p>\n<p>\u2022Polyvalence : Disponible en deux hauteurs, il s\u2019adapte aussi bien aux cuisines modernes qu\u2019aux espaces professionnels comme les bars ou bureaux.<\/p>\n<p>Une cr\u00e9ation sign\u00e9e Estudi{H}ac<\/p>\n<p>La collection Leizu refl\u00e8te l\u2019approche de Estudi{H}ac, mettant en avant la finesse et la qualit\u00e9 artisanale. Chaque pi\u00e8ce est pens\u00e9e pour offrir une exp\u00e9rience esth\u00e9tique et fonctionnelle.<\/p>\n<p>Offrez \u00e0 vos espaces une touche de raffinement avec le tabouret Leizu de Capdell, disponible d\u00e8s maintenant dans ses deux hauteurs et finitions \u00e9l\u00e9gantes. Un choix parfait pour un int\u00e9rieur sophistiqu\u00e9 et accueillant.<\/p>\n<h3><strong>Vous avez des questions ?<\/strong><\/h3>\n<style id=\"wpforms-css-vars-3675\">\n\t\t\t\t#wpforms-3675 {\n\t\t\t\t\n\t\t\t}\n\t\t\t<\/style><div class=\"wpforms-container wpforms-container-full wpforms-render-modern\" id=\"wpforms-3675\"><form id=\"wpforms-form-3675\" class=\"wpforms-validate wpforms-form wpforms-ajax-form\" data-formid=\"3675\" method=\"post\" enctype=\"multipart\/form-data\" action=\"\/fr\/wp-json\/wp\/v2\/product\/7675\" data-token=\"2921a7ac3408d834be151983965c4ab3\" data-token-time=\"1777954718\"><noscript class=\"wpforms-error-noscript\">Veuillez activer JavaScript dans votre navigateur pour remplir ce formulaire.<\/noscript><div id=\"wpforms-error-noscript\" style=\"display: none;\">Veuillez activer JavaScript dans votre navigateur pour remplir ce formulaire.<\/div><div class=\"wpforms-field-container\">\t\t<div id=\"wpforms-3675-field_1-container\"\n\t\t\tclass=\"wpforms-field wpforms-field-text\"\n\t\t\tdata-field-type=\"text\"\n\t\t\tdata-field-id=\"1\"\n\t\t\t>\n\t\t\t<label class=\"wpforms-field-label\" for=\"wpforms-3675-field_1\" >Message E-mail Nom<\/label>\n\t\t\t<input type=\"text\" id=\"wpforms-3675-field_1\" class=\"wpforms-field-medium\" name=\"wpforms[fields][1]\" >\n\t\t<\/div>\n\t\t<div id=\"wpforms-3675-field_3-container\" class=\"wpforms-field wpforms-field-name\" data-field-id=\"3\"><fieldset><legend class=\"wpforms-field-label\">Nom <span class=\"wpforms-required-label\" aria-hidden=\"true\">*<\/span><\/legend><div class=\"wpforms-field-row wpforms-field-medium\"><div class=\"wpforms-field-row-block wpforms-first wpforms-one-half\"><input type=\"text\" id=\"wpforms-3675-field_3\" class=\"wpforms-field-name-first wpforms-field-required\" name=\"wpforms[fields][3][first]\" aria-errormessage=\"wpforms-3675-field_3-error\" required><label for=\"wpforms-3675-field_3\" class=\"wpforms-field-sublabel after\">Pr\u00e9nom<\/label><\/div><div class=\"wpforms-field-row-block wpforms-one-half\"><input type=\"text\" id=\"wpforms-3675-field_3-last\" class=\"wpforms-field-name-last wpforms-field-required\" name=\"wpforms[fields][3][last]\" aria-errormessage=\"wpforms-3675-field_3-last-error\" required><label for=\"wpforms-3675-field_3-last\" class=\"wpforms-field-sublabel after\">Nom<\/label><\/div><\/div><\/fieldset><\/div><div id=\"wpforms-3675-field_4-container\" class=\"wpforms-field wpforms-field-email\" data-field-id=\"4\"><label class=\"wpforms-field-label\" for=\"wpforms-3675-field_4\">E-mail <span class=\"wpforms-required-label\" aria-hidden=\"true\">*<\/span><\/label><input type=\"email\" id=\"wpforms-3675-field_4\" class=\"wpforms-field-medium wpforms-field-required\" name=\"wpforms[fields][4]\" spellcheck=\"false\" aria-errormessage=\"wpforms-3675-field_4-error\" required><\/div><div id=\"wpforms-3675-field_5-container\" class=\"wpforms-field wpforms-field-textarea\" data-field-id=\"5\"><label class=\"wpforms-field-label\" for=\"wpforms-3675-field_5\">Message <span class=\"wpforms-required-label\" aria-hidden=\"true\">*<\/span><\/label><textarea id=\"wpforms-3675-field_5\" class=\"wpforms-field-medium wpforms-field-required\" name=\"wpforms[fields][5]\" aria-errormessage=\"wpforms-3675-field_5-error\" required><\/textarea><\/div><script>\n\t\t\t\t( function() {\n\t\t\t\t\tconst style = document.createElement( 'style' );\n\t\t\t\t\tstyle.appendChild( document.createTextNode( '#wpforms-3675-field_1-container { position: absolute !important; overflow: hidden !important; display: inline !important; height: 1px !important; width: 1px !important; z-index: -1000 !important; padding: 0 !important; } #wpforms-3675-field_1-container input { visibility: hidden; } #wpforms-conversational-form-page #wpforms-3675-field_1-container label { counter-increment: none; }' ) );\n\t\t\t\t\tdocument.head.appendChild( style );\n\t\t\t\t\tdocument.currentScript?.remove();\n\t\t\t\t} )();\n\t\t\t<\/script><\/div><!-- .wpforms-field-container --><div class=\"wpforms-submit-container\" ><input type=\"hidden\" name=\"wpforms[id]\" value=\"3675\"><input type=\"hidden\" name=\"page_title\" value=\"\"><input type=\"hidden\" name=\"page_url\" value=\"https:\/\/homeproject.fr\/fr\/wp-json\/wp\/v2\/product\/7675\"><input type=\"hidden\" name=\"url_referer\" value=\"\"><button type=\"submit\" name=\"wpforms[submit]\" id=\"wpforms-submit-3675\" class=\"wpforms-submit\" data-alt-text=\"Envoi...\" data-submit-text=\"Envoyer\" aria-live=\"assertive\" value=\"wpforms-submit\">Envoyer<\/button><img loading=\"lazy\" decoding=\"async\" src=\"https:\/\/homeproject.fr\/fr\/wp-content\/plugins\/wpforms-lite\/assets\/images\/submit-spin.svg\" class=\"wpforms-submit-spinner\" style=\"display: none;\" width=\"26\" height=\"26\" alt=\"Chargement en cours\"><\/div><\/form><\/div>  <!-- .wpforms-container -->\n","protected":false},"excerpt":{"rendered":"<p>Le tabouret Leizu, con\u00e7u par Estudi{H}ac pour Capdell, allie design raffin\u00e9 et mat\u00e9riaux nobles. Inspir\u00e9 par la douceur et la chaleur des fibres naturelles, ce tabouret est une fusion parfaite entre confort et sophistication. Disponible en deux hauteurs d\u2019assise (65 cm et 75 cm), il est id\u00e9al pour sublimer vos espaces int\u00e9rieurs, qu\u2019ils soient r\u00e9sidentiels ou professionnels.<\/p>\n","protected":false},"featured_media":7702,"template":"","meta":{"_uf_show_specific_survey":0,"_uf_disable_surveys":false,"iawp_total_views":53},"product_brand":[],"product_cat":[149],"product_tag":[],"class_list":{"0":"post-7675","1":"product","2":"type-product","3":"status-publish","4":"has-post-thumbnail","6":"product_cat-tabourets","7":"product_shipping_class-gros-colis-messagerie","8":"pa_collection-leizu-par-capdell","9":"pa_designer-estudihac","10":"pa_marque-capdell","11":"pa_materiau-bois","12":"pa_materiau-cuir","14":"first","15":"instock","16":"taxable","17":"shipping-taxable","18":"purchasable","19":"product-type-variable"},"yoast_head":"<!-- This site is optimized with the Yoast SEO plugin v27.5 - https:\/\/yoast.com\/product\/yoast-seo-wordpress\/ -->\n<title>Tabouret en fr\u00eane teint\u00e9 noir et cuir Capdell LEIZU 2419WP - Homeproject.fr<\/title>\n<meta name=\"robots\" content=\"index, follow, max-snippet:-1, max-image-preview:large, max-video-preview:-1\" \/>\n<link rel=\"canonical\" href=\"https:\/\/homeproject.fr\/fr\/produit\/tabouret-en-frene-teinte-noir-et-cuir-capdell-leizu-2419wp\/\" \/>\n<meta property=\"og:locale\" content=\"fr_FR\" \/>\n<meta property=\"og:type\" content=\"article\" \/>\n<meta property=\"og:title\" content=\"Tabouret en fr\u00eane teint\u00e9 noir et cuir Capdell LEIZU 2419WP - Homeproject.fr\" \/>\n<meta property=\"og:description\" content=\"Le tabouret Leizu, con\u00e7u par Estudi{H}ac pour Capdell, allie design raffin\u00e9 et mat\u00e9riaux nobles. Inspir\u00e9 par la douceur et la chaleur des fibres naturelles, ce tabouret est une fusion parfaite entre confort et sophistication. Disponible en deux hauteurs d\u2019assise (65 cm et 75 cm), il est id\u00e9al pour sublimer vos espaces int\u00e9rieurs, qu\u2019ils soient r\u00e9sidentiels ou professionnels.\" \/>\n<meta property=\"og:url\" content=\"https:\/\/homeproject.fr\/fr\/produit\/tabouret-en-frene-teinte-noir-et-cuir-capdell-leizu-2419wp\/\" \/>\n<meta property=\"og:site_name\" content=\"Homeproject.fr\" \/>\n<meta property=\"article:modified_time\" content=\"2024-12-31T10:25:30+00:00\" \/>\n<meta property=\"og:image\" content=\"https:\/\/homeproject.fr\/fr\/wp-content\/uploads\/2024\/12\/IMG_9156.webp\" \/>\n\t<meta property=\"og:image:width\" content=\"1667\" \/>\n\t<meta property=\"og:image:height\" content=\"1667\" \/>\n\t<meta property=\"og:image:type\" content=\"image\/webp\" \/>\n<meta name=\"twitter:card\" content=\"summary_large_image\" \/>\n<meta name=\"twitter:label1\" content=\"Dur\u00e9e de lecture estim\u00e9e\" \/>\n\t<meta name=\"twitter:data1\" content=\"2 minutes\" \/>\n<script type=\"application\/ld+json\" class=\"yoast-schema-graph\">{\"@context\":\"https:\\\/\\\/schema.org\",\"@graph\":[{\"@type\":\"WebPage\",\"@id\":\"https:\\\/\\\/homeproject.fr\\\/fr\\\/produit\\\/tabouret-en-frene-teinte-noir-et-cuir-capdell-leizu-2419wp\\\/\",\"url\":\"https:\\\/\\\/homeproject.fr\\\/fr\\\/produit\\\/tabouret-en-frene-teinte-noir-et-cuir-capdell-leizu-2419wp\\\/\",\"name\":\"Tabouret en fr\u00eane teint\u00e9 noir et cuir Capdell LEIZU 2419WP - Homeproject.fr\",\"isPartOf\":{\"@id\":\"https:\\\/\\\/homeproject.fr\\\/fr\\\/#website\"},\"primaryImageOfPage\":{\"@id\":\"https:\\\/\\\/homeproject.fr\\\/fr\\\/produit\\\/tabouret-en-frene-teinte-noir-et-cuir-capdell-leizu-2419wp\\\/#primaryimage\"},\"image\":{\"@id\":\"https:\\\/\\\/homeproject.fr\\\/fr\\\/produit\\\/tabouret-en-frene-teinte-noir-et-cuir-capdell-leizu-2419wp\\\/#primaryimage\"},\"thumbnailUrl\":\"https:\\\/\\\/homeproject.fr\\\/fr\\\/wp-content\\\/uploads\\\/2024\\\/12\\\/IMG_9156.webp\",\"datePublished\":\"2024-12-29T11:42:01+00:00\",\"dateModified\":\"2024-12-31T10:25:30+00:00\",\"breadcrumb\":{\"@id\":\"https:\\\/\\\/homeproject.fr\\\/fr\\\/produit\\\/tabouret-en-frene-teinte-noir-et-cuir-capdell-leizu-2419wp\\\/#breadcrumb\"},\"inLanguage\":\"fr-FR\",\"potentialAction\":[{\"@type\":\"ReadAction\",\"target\":[\"https:\\\/\\\/homeproject.fr\\\/fr\\\/produit\\\/tabouret-en-frene-teinte-noir-et-cuir-capdell-leizu-2419wp\\\/\"]}]},{\"@type\":\"ImageObject\",\"inLanguage\":\"fr-FR\",\"@id\":\"https:\\\/\\\/homeproject.fr\\\/fr\\\/produit\\\/tabouret-en-frene-teinte-noir-et-cuir-capdell-leizu-2419wp\\\/#primaryimage\",\"url\":\"https:\\\/\\\/homeproject.fr\\\/fr\\\/wp-content\\\/uploads\\\/2024\\\/12\\\/IMG_9156.webp\",\"contentUrl\":\"https:\\\/\\\/homeproject.fr\\\/fr\\\/wp-content\\\/uploads\\\/2024\\\/12\\\/IMG_9156.webp\",\"width\":1667,\"height\":1667},{\"@type\":\"BreadcrumbList\",\"@id\":\"https:\\\/\\\/homeproject.fr\\\/fr\\\/produit\\\/tabouret-en-frene-teinte-noir-et-cuir-capdell-leizu-2419wp\\\/#breadcrumb\",\"itemListElement\":[{\"@type\":\"ListItem\",\"position\":1,\"name\":\"Accueil\",\"item\":\"https:\\\/\\\/homeproject.fr\\\/fr\\\/\"},{\"@type\":\"ListItem\",\"position\":2,\"name\":\"Boutique\",\"item\":\"https:\\\/\\\/homeproject.fr\\\/fr\\\/boutique\\\/\"},{\"@type\":\"ListItem\",\"position\":3,\"name\":\"Tabouret en fr\u00eane teint\u00e9 noir et cuir Capdell LEIZU 2419WP\"}]},{\"@type\":\"WebSite\",\"@id\":\"https:\\\/\\\/homeproject.fr\\\/fr\\\/#website\",\"url\":\"https:\\\/\\\/homeproject.fr\\\/fr\\\/\",\"name\":\"Homeproject.fr\",\"description\":\"Offrez l&#039;exceptionnel \u00e0 vos espaces \u00e0 vivre\",\"publisher\":{\"@id\":\"https:\\\/\\\/homeproject.fr\\\/fr\\\/#organization\"},\"potentialAction\":[{\"@type\":\"SearchAction\",\"target\":{\"@type\":\"EntryPoint\",\"urlTemplate\":\"https:\\\/\\\/homeproject.fr\\\/fr\\\/?s={search_term_string}\"},\"query-input\":{\"@type\":\"PropertyValueSpecification\",\"valueRequired\":true,\"valueName\":\"search_term_string\"}}],\"inLanguage\":\"fr-FR\"},{\"@type\":\"Organization\",\"@id\":\"https:\\\/\\\/homeproject.fr\\\/fr\\\/#organization\",\"name\":\"Homeproject.fr\",\"url\":\"https:\\\/\\\/homeproject.fr\\\/fr\\\/\",\"logo\":{\"@type\":\"ImageObject\",\"inLanguage\":\"fr-FR\",\"@id\":\"https:\\\/\\\/homeproject.fr\\\/fr\\\/#\\\/schema\\\/logo\\\/image\\\/\",\"url\":\"https:\\\/\\\/homeproject.fr\\\/fr\\\/wp-content\\\/uploads\\\/2024\\\/12\\\/Logo_HomeProject-noir-2.png\",\"contentUrl\":\"https:\\\/\\\/homeproject.fr\\\/fr\\\/wp-content\\\/uploads\\\/2024\\\/12\\\/Logo_HomeProject-noir-2.png\",\"width\":300,\"height\":91,\"caption\":\"Homeproject.fr\"},\"image\":{\"@id\":\"https:\\\/\\\/homeproject.fr\\\/fr\\\/#\\\/schema\\\/logo\\\/image\\\/\"}}]}<\/script>\n<!-- \/ Yoast SEO plugin. -->","yoast_head_json":{"title":"Tabouret en fr\u00eane teint\u00e9 noir et cuir Capdell LEIZU 2419WP - Homeproject.fr","robots":{"index":"index","follow":"follow","max-snippet":"max-snippet:-1","max-image-preview":"max-image-preview:large","max-video-preview":"max-video-preview:-1"},"canonical":"https:\/\/homeproject.fr\/fr\/produit\/tabouret-en-frene-teinte-noir-et-cuir-capdell-leizu-2419wp\/","og_locale":"fr_FR","og_type":"article","og_title":"Tabouret en fr\u00eane teint\u00e9 noir et cuir Capdell LEIZU 2419WP - Homeproject.fr","og_description":"Le tabouret Leizu, con\u00e7u par Estudi{H}ac pour Capdell, allie design raffin\u00e9 et mat\u00e9riaux nobles. Inspir\u00e9 par la douceur et la chaleur des fibres naturelles, ce tabouret est une fusion parfaite entre confort et sophistication. Disponible en deux hauteurs d\u2019assise (65 cm et 75 cm), il est id\u00e9al pour sublimer vos espaces int\u00e9rieurs, qu\u2019ils soient r\u00e9sidentiels ou professionnels.","og_url":"https:\/\/homeproject.fr\/fr\/produit\/tabouret-en-frene-teinte-noir-et-cuir-capdell-leizu-2419wp\/","og_site_name":"Homeproject.fr","article_modified_time":"2024-12-31T10:25:30+00:00","og_image":[{"width":1667,"height":1667,"url":"https:\/\/homeproject.fr\/fr\/wp-content\/uploads\/2024\/12\/IMG_9156.webp","type":"image\/webp"}],"twitter_card":"summary_large_image","twitter_misc":{"Dur\u00e9e de lecture estim\u00e9e":"2 minutes"},"schema":{"@context":"https:\/\/schema.org","@graph":[{"@type":"WebPage","@id":"https:\/\/homeproject.fr\/fr\/produit\/tabouret-en-frene-teinte-noir-et-cuir-capdell-leizu-2419wp\/","url":"https:\/\/homeproject.fr\/fr\/produit\/tabouret-en-frene-teinte-noir-et-cuir-capdell-leizu-2419wp\/","name":"Tabouret en fr\u00eane teint\u00e9 noir et cuir Capdell LEIZU 2419WP - Homeproject.fr","isPartOf":{"@id":"https:\/\/homeproject.fr\/fr\/#website"},"primaryImageOfPage":{"@id":"https:\/\/homeproject.fr\/fr\/produit\/tabouret-en-frene-teinte-noir-et-cuir-capdell-leizu-2419wp\/#primaryimage"},"image":{"@id":"https:\/\/homeproject.fr\/fr\/produit\/tabouret-en-frene-teinte-noir-et-cuir-capdell-leizu-2419wp\/#primaryimage"},"thumbnailUrl":"https:\/\/homeproject.fr\/fr\/wp-content\/uploads\/2024\/12\/IMG_9156.webp","datePublished":"2024-12-29T11:42:01+00:00","dateModified":"2024-12-31T10:25:30+00:00","breadcrumb":{"@id":"https:\/\/homeproject.fr\/fr\/produit\/tabouret-en-frene-teinte-noir-et-cuir-capdell-leizu-2419wp\/#breadcrumb"},"inLanguage":"fr-FR","potentialAction":[{"@type":"ReadAction","target":["https:\/\/homeproject.fr\/fr\/produit\/tabouret-en-frene-teinte-noir-et-cuir-capdell-leizu-2419wp\/"]}]},{"@type":"ImageObject","inLanguage":"fr-FR","@id":"https:\/\/homeproject.fr\/fr\/produit\/tabouret-en-frene-teinte-noir-et-cuir-capdell-leizu-2419wp\/#primaryimage","url":"https:\/\/homeproject.fr\/fr\/wp-content\/uploads\/2024\/12\/IMG_9156.webp","contentUrl":"https:\/\/homeproject.fr\/fr\/wp-content\/uploads\/2024\/12\/IMG_9156.webp","width":1667,"height":1667},{"@type":"BreadcrumbList","@id":"https:\/\/homeproject.fr\/fr\/produit\/tabouret-en-frene-teinte-noir-et-cuir-capdell-leizu-2419wp\/#breadcrumb","itemListElement":[{"@type":"ListItem","position":1,"name":"Accueil","item":"https:\/\/homeproject.fr\/fr\/"},{"@type":"ListItem","position":2,"name":"Boutique","item":"https:\/\/homeproject.fr\/fr\/boutique\/"},{"@type":"ListItem","position":3,"name":"Tabouret en fr\u00eane teint\u00e9 noir et cuir Capdell LEIZU 2419WP"}]},{"@type":"WebSite","@id":"https:\/\/homeproject.fr\/fr\/#website","url":"https:\/\/homeproject.fr\/fr\/","name":"Homeproject.fr","description":"Offrez l&#039;exceptionnel \u00e0 vos espaces \u00e0 vivre","publisher":{"@id":"https:\/\/homeproject.fr\/fr\/#organization"},"potentialAction":[{"@type":"SearchAction","target":{"@type":"EntryPoint","urlTemplate":"https:\/\/homeproject.fr\/fr\/?s={search_term_string}"},"query-input":{"@type":"PropertyValueSpecification","valueRequired":true,"valueName":"search_term_string"}}],"inLanguage":"fr-FR"},{"@type":"Organization","@id":"https:\/\/homeproject.fr\/fr\/#organization","name":"Homeproject.fr","url":"https:\/\/homeproject.fr\/fr\/","logo":{"@type":"ImageObject","inLanguage":"fr-FR","@id":"https:\/\/homeproject.fr\/fr\/#\/schema\/logo\/image\/","url":"https:\/\/homeproject.fr\/fr\/wp-content\/uploads\/2024\/12\/Logo_HomeProject-noir-2.png","contentUrl":"https:\/\/homeproject.fr\/fr\/wp-content\/uploads\/2024\/12\/Logo_HomeProject-noir-2.png","width":300,"height":91,"caption":"Homeproject.fr"},"image":{"@id":"https:\/\/homeproject.fr\/fr\/#\/schema\/logo\/image\/"}}]}},"_links":{"self":[{"href":"https:\/\/homeproject.fr\/fr\/wp-json\/wp\/v2\/product\/7675","targetHints":{"allow":["GET"]}}],"collection":[{"href":"https:\/\/homeproject.fr\/fr\/wp-json\/wp\/v2\/product"}],"about":[{"href":"https:\/\/homeproject.fr\/fr\/wp-json\/wp\/v2\/types\/product"}],"version-history":[{"count":1,"href":"https:\/\/homeproject.fr\/fr\/wp-json\/wp\/v2\/product\/7675\/revisions"}],"predecessor-version":[{"id":7710,"href":"https:\/\/homeproject.fr\/fr\/wp-json\/wp\/v2\/product\/7675\/revisions\/7710"}],"wp:featuredmedia":[{"embeddable":true,"href":"https:\/\/homeproject.fr\/fr\/wp-json\/wp\/v2\/media\/7702"}],"wp:attachment":[{"href":"https:\/\/homeproject.fr\/fr\/wp-json\/wp\/v2\/media?parent=7675"}],"wp:term":[{"taxonomy":"product_brand","embeddable":true,"href":"https:\/\/homeproject.fr\/fr\/wp-json\/wp\/v2\/product_brand?post=7675"},{"taxonomy":"product_cat","embeddable":true,"href":"https:\/\/homeproject.fr\/fr\/wp-json\/wp\/v2\/product_cat?post=7675"},{"taxonomy":"product_tag","embeddable":true,"href":"https:\/\/homeproject.fr\/fr\/wp-json\/wp\/v2\/product_tag?post=7675"}],"curies":[{"name":"wp","href":"https:\/\/api.w.org\/{rel}","templated":true}]}}