{"id":7490,"date":"2024-12-28T19:55:57","date_gmt":"2024-12-28T19:55:57","guid":{"rendered":"https:\/\/homeproject.fr\/fr\/?post_type=product&#038;p=7490"},"modified":"2024-12-29T14:49:25","modified_gmt":"2024-12-29T14:49:25","slug":"chaise-en-bois-de-frene-teinte-brun-et-tissu-bouclette-capdell-leizu","status":"publish","type":"product","link":"https:\/\/homeproject.fr\/fr\/produit\/chaise-en-bois-de-frene-teinte-brun-et-tissu-bouclette-capdell-leizu\/","title":{"rendered":"Chaise en bois de fr\u00eane teint\u00e9 et tissu bouclette Capdell LEIZU 2411WP"},"content":{"rendered":"<p><strong>Design et Conception de Qualit\u00e9<\/strong><\/p>\n<p>Gr\u00e2ce \u00e0 ses lignes \u00e9pur\u00e9es et \u00e0 son design intemporel, la Leizu Chair s\u2019int\u00e8gre harmonieusement dans n\u2019importe quel style d\u2019int\u00e9rieur, du contemporain au scandinave.<\/p>\n<p><strong>Mat\u00e9riaux :<\/strong><\/p>\n<p>Structure en bois massif de fr\u00eane teint\u00e9, offrant robustesse et raffinement.<\/p>\n<p>Coloris disponibles :<\/p>\n<div class=\"su-custom-gallery su-custom-gallery-align-left su-custom-gallery-title-always su-lightbox-gallery\"><div class=\"su-custom-gallery-slide\" style=\"width:120px;height:120px\"><a href=\"https:\/\/homeproject.fr\/fr\/wp-content\/uploads\/2024\/12\/S80-Natural-Hetre.jpg\" title=\"S80 Natural\"><img decoding=\"async\" src=\"https:\/\/homeproject.fr\/fr\/wp-content\/uploads\/2024\/12\/S80-Natural-Hetre-120x120.jpg\" alt=\"S80 Natural\" width=\"120\" height=\"120\" \/><span class=\"su-custom-gallery-title\">S80 Natural<\/span><\/a><\/div><div class=\"su-custom-gallery-slide\" style=\"width:120px;height:120px\"><a href=\"https:\/\/homeproject.fr\/fr\/wp-content\/uploads\/2024\/12\/S82-Dark-Natural-Hetre.jpg\" title=\"S82 Dark Natural\"><img decoding=\"async\" src=\"https:\/\/homeproject.fr\/fr\/wp-content\/uploads\/2024\/12\/S82-Dark-Natural-Hetre-120x120.jpg\" alt=\"S82 Dark Natural\" width=\"120\" height=\"120\" \/><span class=\"su-custom-gallery-title\">S82 Dark Natural<\/span><\/a><\/div><div class=\"su-custom-gallery-slide\" style=\"width:120px;height:120px\"><a href=\"https:\/\/homeproject.fr\/fr\/wp-content\/uploads\/2024\/12\/S85-Dark-Natural-Chene.jpg\" title=\"S85 Dark Brown\"><img decoding=\"async\" src=\"https:\/\/homeproject.fr\/fr\/wp-content\/uploads\/2024\/12\/S85-Dark-Natural-Chene-120x120.jpg\" alt=\"S85 Dark Brown\" width=\"120\" height=\"120\" \/><span class=\"su-custom-gallery-title\">S85 Dark Brown<\/span><\/a><\/div><div class=\"su-custom-gallery-slide\" style=\"width:120px;height:120px\"><a href=\"https:\/\/homeproject.fr\/fr\/wp-content\/uploads\/2024\/12\/S90-Gris-Hetre.jpg\" title=\"S90 Gris\"><img loading=\"lazy\" decoding=\"async\" src=\"https:\/\/homeproject.fr\/fr\/wp-content\/uploads\/2024\/12\/S90-Gris-Hetre-120x120.jpg\" alt=\"S90 Gris\" width=\"120\" height=\"120\" \/><span class=\"su-custom-gallery-title\">S90 Gris<\/span><\/a><\/div><div class=\"su-custom-gallery-slide\" style=\"width:120px;height:120px\"><a href=\"https:\/\/homeproject.fr\/fr\/wp-content\/uploads\/2024\/12\/S99-Black-Hetre.jpg\" title=\"S99 Black\"><img loading=\"lazy\" decoding=\"async\" src=\"https:\/\/homeproject.fr\/fr\/wp-content\/uploads\/2024\/12\/S99-Black-Hetre-120x120.jpg\" alt=\"S99 Black\" width=\"120\" height=\"120\" \/><span class=\"su-custom-gallery-title\">S99 Black<\/span><\/a><\/div><div class=\"su-custom-gallery-slide\" style=\"width:120px;height:120px\"><a href=\"https:\/\/homeproject.fr\/fr\/wp-content\/uploads\/2024\/12\/S3011-Red-Hetre.jpg\" title=\"S3011 Red\"><img loading=\"lazy\" decoding=\"async\" src=\"https:\/\/homeproject.fr\/fr\/wp-content\/uploads\/2024\/12\/S3011-Red-Hetre-120x120.jpg\" alt=\"S3011 Red\" width=\"120\" height=\"120\" \/><span class=\"su-custom-gallery-title\">S3011 Red<\/span><\/a><\/div><div class=\"su-custom-gallery-slide\" style=\"width:120px;height:120px\"><a href=\"https:\/\/homeproject.fr\/fr\/wp-content\/uploads\/2024\/12\/S5022-Dark-Blue-Hetre.jpg\" title=\"S5022 Dark Blue\"><img loading=\"lazy\" decoding=\"async\" src=\"https:\/\/homeproject.fr\/fr\/wp-content\/uploads\/2024\/12\/S5022-Dark-Blue-Hetre-120x120.jpg\" alt=\"S5022 Dark Blue\" width=\"120\" height=\"120\" \/><span class=\"su-custom-gallery-title\">S5022 Dark Blue<\/span><\/a><\/div><div class=\"su-custom-gallery-slide\" style=\"width:120px;height:120px\"><a href=\"https:\/\/homeproject.fr\/fr\/wp-content\/uploads\/2024\/12\/S6020-Green-Hetre.jpg\" title=\"S6020 Green\"><img loading=\"lazy\" decoding=\"async\" src=\"https:\/\/homeproject.fr\/fr\/wp-content\/uploads\/2024\/12\/S6020-Green-Hetre-120x120.jpg\" alt=\"S6020 Green\" width=\"120\" height=\"120\" \/><span class=\"su-custom-gallery-title\">S6020 Green<\/span><\/a><\/div><div class=\"su-custom-gallery-slide\" style=\"width:120px;height:120px\"><a href=\"https:\/\/homeproject.fr\/fr\/wp-content\/uploads\/2024\/12\/S10-White-Hetre.jpg\" title=\"S10 White\"><img loading=\"lazy\" decoding=\"async\" src=\"https:\/\/homeproject.fr\/fr\/wp-content\/uploads\/2024\/12\/S10-White-Hetre-120x120.jpg\" alt=\"S10 White\" width=\"120\" height=\"120\" \/><span class=\"su-custom-gallery-title\">S10 White<\/span><\/a><\/div><div class=\"su-clear\"><\/div><\/div>\n<p><strong>Dimensions<\/strong><\/p>\n<p>\u2022Hauteur : 83 cm<\/p>\n<p>\u2022Largeur : 50 cm<\/p>\n<p>\u2022Profondeur : 54 cm<\/p>\n<p><strong>Pourquoi Choisir la chaise Leizu \u00a0?<\/strong><\/p>\n<p>1.Un confort in\u00e9gal\u00e9 : Son assise ergonomique et son dossier rembourr\u00e9 offrent un soutien optimal.<\/p>\n<p>2.Un design exclusif : Con\u00e7ue par le c\u00e9l\u00e8bre studio Estudi{H}ac, elle est id\u00e9ale pour sublimer votre salon, salle \u00e0 manger ou bureau.<\/p>\n<p>3.Un mobilier \u00e9coresponsable : Fabriqu\u00e9e avec du bois de fr\u00eane massif, une ressource naturelle et durable.<\/p>\n<p><strong>Rev\u00eatement personnalisable en tissu bouclette Allana :<\/strong><\/p>\n<div class=\"su-custom-gallery su-custom-gallery-align-left su-custom-gallery-title-always su-lightbox-gallery\"><div class=\"su-custom-gallery-slide\" style=\"width:120px;height:120px\"><a href=\"https:\/\/homeproject.fr\/fr\/wp-content\/uploads\/2024\/12\/IMG_9120.jpeg\" title=\"001\"><img loading=\"lazy\" decoding=\"async\" src=\"https:\/\/homeproject.fr\/fr\/wp-content\/uploads\/2024\/12\/IMG_9120-120x120.jpeg\" alt=\"001\" width=\"120\" height=\"120\" \/><span class=\"su-custom-gallery-title\">001<\/span><\/a><\/div><div class=\"su-custom-gallery-slide\" style=\"width:120px;height:120px\"><a href=\"https:\/\/homeproject.fr\/fr\/wp-content\/uploads\/2024\/12\/IMG_9121.jpeg\" title=\"002\"><img loading=\"lazy\" decoding=\"async\" src=\"https:\/\/homeproject.fr\/fr\/wp-content\/uploads\/2024\/12\/IMG_9121-120x120.jpeg\" alt=\"002\" width=\"120\" height=\"120\" \/><span class=\"su-custom-gallery-title\">002<\/span><\/a><\/div><div class=\"su-custom-gallery-slide\" style=\"width:120px;height:120px\"><a href=\"https:\/\/homeproject.fr\/fr\/wp-content\/uploads\/2024\/12\/IMG_9122.jpeg\" title=\"003\"><img loading=\"lazy\" decoding=\"async\" src=\"https:\/\/homeproject.fr\/fr\/wp-content\/uploads\/2024\/12\/IMG_9122-120x120.jpeg\" alt=\"003\" width=\"120\" height=\"120\" \/><span class=\"su-custom-gallery-title\">003<\/span><\/a><\/div><div class=\"su-custom-gallery-slide\" style=\"width:120px;height:120px\"><a href=\"https:\/\/homeproject.fr\/fr\/wp-content\/uploads\/2024\/12\/IMG_9123.jpeg\" title=\"004\"><img loading=\"lazy\" decoding=\"async\" src=\"https:\/\/homeproject.fr\/fr\/wp-content\/uploads\/2024\/12\/IMG_9123-120x120.jpeg\" alt=\"004\" width=\"120\" height=\"120\" \/><span class=\"su-custom-gallery-title\">004<\/span><\/a><\/div><div class=\"su-custom-gallery-slide\" style=\"width:120px;height:120px\"><a href=\"https:\/\/homeproject.fr\/fr\/wp-content\/uploads\/2024\/12\/IMG_9124.jpeg\" title=\"005\"><img loading=\"lazy\" decoding=\"async\" src=\"https:\/\/homeproject.fr\/fr\/wp-content\/uploads\/2024\/12\/IMG_9124-120x120.jpeg\" alt=\"005\" width=\"120\" height=\"120\" \/><span class=\"su-custom-gallery-title\">005<\/span><\/a><\/div><div class=\"su-custom-gallery-slide\" style=\"width:120px;height:120px\"><a href=\"https:\/\/homeproject.fr\/fr\/wp-content\/uploads\/2024\/12\/IMG_9125.jpeg\" title=\"006\"><img loading=\"lazy\" decoding=\"async\" src=\"https:\/\/homeproject.fr\/fr\/wp-content\/uploads\/2024\/12\/IMG_9125-120x120.jpeg\" alt=\"006\" width=\"120\" height=\"120\" \/><span class=\"su-custom-gallery-title\">006<\/span><\/a><\/div><div class=\"su-clear\"><\/div><\/div>\n<p>Caract\u00e9ristiques principales :<\/p>\n<p>\u2022Style : Bouclette ultra-moelleuse au look brut et raffin\u00e9.<\/p>\n<p>\u2022Palette de couleurs : Tons naturels \u00e9l\u00e9gants.<\/p>\n<p>\u2022Mat\u00e9riau : Fil bouclette en polyol\u00e9fine avec un effet laineux.<\/p>\n<p><strong>Performance :<\/strong><\/p>\n<p>\u2022R\u00e9sistance : Excellente r\u00e9sistance \u00e0 l\u2019abrasion, au boulochage et \u00e0 la lumi\u00e8re.<\/p>\n<p>\u2022Entretien facile<\/p>\n<p><strong>Caract\u00e9ristiques techniques :<\/strong><\/p>\n<p>\u2022R\u00e9sistance \u00e0 l\u2019abrasion (Martindale) : 40 000 cycles.<\/p>\n<p>\u2022R\u00e9sistance au boulochage : Note 5 (excellente).<\/p>\n<p>\u2022R\u00e9sistance \u00e0 la lumi\u00e8re : Note 7 (exceptionnelle).<\/p>\n<p>Commandez d\u00e8s maintenant sur HomeProject.fr<\/p>\n<h3><strong>Vous avez des questions ?<\/strong><\/h3>\n<style id=\"wpforms-css-vars-3675\">\n\t\t\t\t#wpforms-3675 {\n\t\t\t\t\n\t\t\t}\n\t\t\t<\/style><div class=\"wpforms-container wpforms-container-full wpforms-render-modern\" id=\"wpforms-3675\"><form id=\"wpforms-form-3675\" class=\"wpforms-validate wpforms-form wpforms-ajax-form\" data-formid=\"3675\" method=\"post\" enctype=\"multipart\/form-data\" action=\"\/fr\/wp-json\/wp\/v2\/product\/7490\" data-token=\"afc9de651a65a54d0ab77295ba63d8ad\" data-token-time=\"1776576848\"><noscript class=\"wpforms-error-noscript\">Veuillez activer JavaScript dans votre navigateur pour remplir ce formulaire.<\/noscript><div id=\"wpforms-error-noscript\" style=\"display: none;\">Veuillez activer JavaScript dans votre navigateur pour remplir ce formulaire.<\/div><div class=\"wpforms-field-container\"><div id=\"wpforms-3675-field_3-container\" class=\"wpforms-field wpforms-field-name\" data-field-id=\"3\"><fieldset><legend class=\"wpforms-field-label\">Nom <span class=\"wpforms-required-label\" aria-hidden=\"true\">*<\/span><\/legend><div class=\"wpforms-field-row wpforms-field-medium\"><div class=\"wpforms-field-row-block wpforms-first wpforms-one-half\"><input type=\"text\" id=\"wpforms-3675-field_3\" class=\"wpforms-field-name-first wpforms-field-required\" name=\"wpforms[fields][3][first]\" aria-errormessage=\"wpforms-3675-field_3-error\" required><label for=\"wpforms-3675-field_3\" class=\"wpforms-field-sublabel after\">Pr\u00e9nom<\/label><\/div><div class=\"wpforms-field-row-block wpforms-one-half\"><input type=\"text\" id=\"wpforms-3675-field_3-last\" class=\"wpforms-field-name-last wpforms-field-required\" name=\"wpforms[fields][3][last]\" aria-errormessage=\"wpforms-3675-field_3-last-error\" required><label for=\"wpforms-3675-field_3-last\" class=\"wpforms-field-sublabel after\">Nom<\/label><\/div><\/div><\/fieldset><\/div><div id=\"wpforms-3675-field_4-container\" class=\"wpforms-field wpforms-field-email\" data-field-id=\"4\"><label class=\"wpforms-field-label\" for=\"wpforms-3675-field_4\">E-mail <span class=\"wpforms-required-label\" aria-hidden=\"true\">*<\/span><\/label><input type=\"email\" id=\"wpforms-3675-field_4\" class=\"wpforms-field-medium wpforms-field-required\" name=\"wpforms[fields][4]\" spellcheck=\"false\" aria-errormessage=\"wpforms-3675-field_4-error\" required><\/div>\t\t<div id=\"wpforms-3675-field_1-container\"\n\t\t\tclass=\"wpforms-field wpforms-field-text\"\n\t\t\tdata-field-type=\"text\"\n\t\t\tdata-field-id=\"1\"\n\t\t\t>\n\t\t\t<label class=\"wpforms-field-label\" for=\"wpforms-3675-field_1\" >Nom E-mail Message<\/label>\n\t\t\t<input type=\"text\" id=\"wpforms-3675-field_1\" class=\"wpforms-field-medium\" name=\"wpforms[fields][1]\" >\n\t\t<\/div>\n\t\t<div id=\"wpforms-3675-field_5-container\" class=\"wpforms-field wpforms-field-textarea\" data-field-id=\"5\"><label class=\"wpforms-field-label\" for=\"wpforms-3675-field_5\">Message <span class=\"wpforms-required-label\" aria-hidden=\"true\">*<\/span><\/label><textarea id=\"wpforms-3675-field_5\" class=\"wpforms-field-medium wpforms-field-required\" name=\"wpforms[fields][5]\" aria-errormessage=\"wpforms-3675-field_5-error\" required><\/textarea><\/div><script>\n\t\t\t\t( function() {\n\t\t\t\t\tconst style = document.createElement( 'style' );\n\t\t\t\t\tstyle.appendChild( document.createTextNode( '#wpforms-3675-field_1-container { position: absolute !important; overflow: hidden !important; display: inline !important; height: 1px !important; width: 1px !important; z-index: -1000 !important; padding: 0 !important; } #wpforms-3675-field_1-container input { visibility: hidden; } #wpforms-conversational-form-page #wpforms-3675-field_1-container label { counter-increment: none; }' ) );\n\t\t\t\t\tdocument.head.appendChild( style );\n\t\t\t\t\tdocument.currentScript?.remove();\n\t\t\t\t} )();\n\t\t\t<\/script><\/div><!-- .wpforms-field-container --><div class=\"wpforms-submit-container\" ><input type=\"hidden\" name=\"wpforms[id]\" value=\"3675\"><input type=\"hidden\" name=\"page_title\" value=\"\"><input type=\"hidden\" name=\"page_url\" value=\"https:\/\/homeproject.fr\/fr\/wp-json\/wp\/v2\/product\/7490\"><input type=\"hidden\" name=\"url_referer\" value=\"\"><button type=\"submit\" name=\"wpforms[submit]\" id=\"wpforms-submit-3675\" class=\"wpforms-submit\" data-alt-text=\"Envoi...\" data-submit-text=\"Envoyer\" aria-live=\"assertive\" value=\"wpforms-submit\">Envoyer<\/button><img loading=\"lazy\" decoding=\"async\" src=\"https:\/\/homeproject.fr\/fr\/wp-content\/plugins\/wpforms-lite\/assets\/images\/submit-spin.svg\" class=\"wpforms-submit-spinner\" style=\"display: none;\" width=\"26\" height=\"26\" alt=\"Chargement en cours\"><\/div><\/form><\/div>  <!-- .wpforms-container -->\n","protected":false},"excerpt":{"rendered":"<p>D\u00e9couvrez la chaise Leizu, une pi\u00e8ce unique de mobilier design sign\u00e9e Estudi{H}ac, disponible exclusivement sur HomeProject.fr. Inspir\u00e9e par la d\u00e9licatesse et la chaleur des pelotes de laine, cette chaise allie confort, esth\u00e9tique et raffinement.<\/p>\n<p>Tr\u00e8s confortable et polyvalente, elle s\u2019int\u00e8gre parfaitement dans un salon, une chambre ou une v\u00e9randa, s\u2019adaptant \u00e0 toutes les ambiances avec style et simplicit\u00e9.<\/p>\n","protected":false},"featured_media":7505,"template":"","meta":{"_uf_show_specific_survey":0,"_uf_disable_surveys":false,"iawp_total_views":0},"product_brand":[],"product_cat":[147],"product_tag":[],"class_list":{"0":"post-7490","1":"product","2":"type-product","3":"status-publish","4":"has-post-thumbnail","6":"product_cat-chaises","7":"product_shipping_class-petit-colis","8":"pa_collection-leizu-par-capdell","9":"pa_designer-estudihac","10":"pa_marque-capdell","11":"pa_materiau-bois","12":"pa_materiau-tissu","14":"first","15":"instock","16":"taxable","17":"shipping-taxable","18":"purchasable","19":"product-type-variable"},"yoast_head":"<!-- This site is optimized with the Yoast SEO plugin v27.4 - https:\/\/yoast.com\/product\/yoast-seo-wordpress\/ -->\n<title>Chaise en bois de fr\u00eane teint\u00e9 et tissu bouclette Capdell LEIZU 2411WP - Homeproject.fr<\/title>\n<meta name=\"robots\" content=\"index, follow, max-snippet:-1, max-image-preview:large, max-video-preview:-1\" \/>\n<link rel=\"canonical\" href=\"https:\/\/homeproject.fr\/fr\/produit\/chaise-en-bois-de-frene-teinte-brun-et-tissu-bouclette-capdell-leizu\/\" \/>\n<meta property=\"og:locale\" content=\"fr_FR\" \/>\n<meta property=\"og:type\" content=\"article\" \/>\n<meta property=\"og:title\" content=\"Chaise en bois de fr\u00eane teint\u00e9 et tissu bouclette Capdell LEIZU 2411WP - Homeproject.fr\" \/>\n<meta property=\"og:description\" content=\"D\u00e9couvrez la chaise Leizu, une pi\u00e8ce unique de mobilier design sign\u00e9e Estudi{H}ac, disponible exclusivement sur HomeProject.fr. Inspir\u00e9e par la d\u00e9licatesse et la chaleur des pelotes de laine, cette chaise allie confort, esth\u00e9tique et raffinement.  Tr\u00e8s confortable et polyvalente, elle s\u2019int\u00e8gre parfaitement dans un salon, une chambre ou une v\u00e9randa, s\u2019adaptant \u00e0 toutes les ambiances avec style et simplicit\u00e9.\" \/>\n<meta property=\"og:url\" content=\"https:\/\/homeproject.fr\/fr\/produit\/chaise-en-bois-de-frene-teinte-brun-et-tissu-bouclette-capdell-leizu\/\" \/>\n<meta property=\"og:site_name\" content=\"Homeproject.fr\" \/>\n<meta property=\"article:modified_time\" content=\"2024-12-29T14:49:25+00:00\" \/>\n<meta property=\"og:image\" content=\"https:\/\/homeproject.fr\/fr\/wp-content\/uploads\/2024\/12\/IMG_9115.webp\" \/>\n\t<meta property=\"og:image:width\" content=\"800\" \/>\n\t<meta property=\"og:image:height\" content=\"831\" \/>\n\t<meta property=\"og:image:type\" content=\"image\/webp\" \/>\n<meta name=\"twitter:card\" content=\"summary_large_image\" \/>\n<meta name=\"twitter:label1\" content=\"Dur\u00e9e de lecture estim\u00e9e\" \/>\n\t<meta name=\"twitter:data1\" content=\"2 minutes\" \/>\n<script type=\"application\/ld+json\" class=\"yoast-schema-graph\">{\"@context\":\"https:\\\/\\\/schema.org\",\"@graph\":[{\"@type\":\"WebPage\",\"@id\":\"https:\\\/\\\/homeproject.fr\\\/fr\\\/produit\\\/chaise-en-bois-de-frene-teinte-brun-et-tissu-bouclette-capdell-leizu\\\/\",\"url\":\"https:\\\/\\\/homeproject.fr\\\/fr\\\/produit\\\/chaise-en-bois-de-frene-teinte-brun-et-tissu-bouclette-capdell-leizu\\\/\",\"name\":\"Chaise en bois de fr\u00eane teint\u00e9 et tissu bouclette Capdell LEIZU 2411WP - Homeproject.fr\",\"isPartOf\":{\"@id\":\"https:\\\/\\\/homeproject.fr\\\/fr\\\/#website\"},\"primaryImageOfPage\":{\"@id\":\"https:\\\/\\\/homeproject.fr\\\/fr\\\/produit\\\/chaise-en-bois-de-frene-teinte-brun-et-tissu-bouclette-capdell-leizu\\\/#primaryimage\"},\"image\":{\"@id\":\"https:\\\/\\\/homeproject.fr\\\/fr\\\/produit\\\/chaise-en-bois-de-frene-teinte-brun-et-tissu-bouclette-capdell-leizu\\\/#primaryimage\"},\"thumbnailUrl\":\"https:\\\/\\\/homeproject.fr\\\/fr\\\/wp-content\\\/uploads\\\/2024\\\/12\\\/IMG_9115.webp\",\"datePublished\":\"2024-12-28T19:55:57+00:00\",\"dateModified\":\"2024-12-29T14:49:25+00:00\",\"breadcrumb\":{\"@id\":\"https:\\\/\\\/homeproject.fr\\\/fr\\\/produit\\\/chaise-en-bois-de-frene-teinte-brun-et-tissu-bouclette-capdell-leizu\\\/#breadcrumb\"},\"inLanguage\":\"fr-FR\",\"potentialAction\":[{\"@type\":\"ReadAction\",\"target\":[\"https:\\\/\\\/homeproject.fr\\\/fr\\\/produit\\\/chaise-en-bois-de-frene-teinte-brun-et-tissu-bouclette-capdell-leizu\\\/\"]}]},{\"@type\":\"ImageObject\",\"inLanguage\":\"fr-FR\",\"@id\":\"https:\\\/\\\/homeproject.fr\\\/fr\\\/produit\\\/chaise-en-bois-de-frene-teinte-brun-et-tissu-bouclette-capdell-leizu\\\/#primaryimage\",\"url\":\"https:\\\/\\\/homeproject.fr\\\/fr\\\/wp-content\\\/uploads\\\/2024\\\/12\\\/IMG_9115.webp\",\"contentUrl\":\"https:\\\/\\\/homeproject.fr\\\/fr\\\/wp-content\\\/uploads\\\/2024\\\/12\\\/IMG_9115.webp\",\"width\":800,\"height\":831},{\"@type\":\"BreadcrumbList\",\"@id\":\"https:\\\/\\\/homeproject.fr\\\/fr\\\/produit\\\/chaise-en-bois-de-frene-teinte-brun-et-tissu-bouclette-capdell-leizu\\\/#breadcrumb\",\"itemListElement\":[{\"@type\":\"ListItem\",\"position\":1,\"name\":\"Accueil\",\"item\":\"https:\\\/\\\/homeproject.fr\\\/fr\\\/\"},{\"@type\":\"ListItem\",\"position\":2,\"name\":\"Boutique\",\"item\":\"https:\\\/\\\/homeproject.fr\\\/fr\\\/boutique\\\/\"},{\"@type\":\"ListItem\",\"position\":3,\"name\":\"Chaise en bois de fr\u00eane teint\u00e9 et tissu bouclette Capdell LEIZU 2411WP\"}]},{\"@type\":\"WebSite\",\"@id\":\"https:\\\/\\\/homeproject.fr\\\/fr\\\/#website\",\"url\":\"https:\\\/\\\/homeproject.fr\\\/fr\\\/\",\"name\":\"Homeproject.fr\",\"description\":\"Offrez l&#039;exceptionnel \u00e0 vos espaces \u00e0 vivre\",\"publisher\":{\"@id\":\"https:\\\/\\\/homeproject.fr\\\/fr\\\/#organization\"},\"potentialAction\":[{\"@type\":\"SearchAction\",\"target\":{\"@type\":\"EntryPoint\",\"urlTemplate\":\"https:\\\/\\\/homeproject.fr\\\/fr\\\/?s={search_term_string}\"},\"query-input\":{\"@type\":\"PropertyValueSpecification\",\"valueRequired\":true,\"valueName\":\"search_term_string\"}}],\"inLanguage\":\"fr-FR\"},{\"@type\":\"Organization\",\"@id\":\"https:\\\/\\\/homeproject.fr\\\/fr\\\/#organization\",\"name\":\"Homeproject.fr\",\"url\":\"https:\\\/\\\/homeproject.fr\\\/fr\\\/\",\"logo\":{\"@type\":\"ImageObject\",\"inLanguage\":\"fr-FR\",\"@id\":\"https:\\\/\\\/homeproject.fr\\\/fr\\\/#\\\/schema\\\/logo\\\/image\\\/\",\"url\":\"https:\\\/\\\/homeproject.fr\\\/fr\\\/wp-content\\\/uploads\\\/2024\\\/12\\\/Logo_HomeProject-noir-2.png\",\"contentUrl\":\"https:\\\/\\\/homeproject.fr\\\/fr\\\/wp-content\\\/uploads\\\/2024\\\/12\\\/Logo_HomeProject-noir-2.png\",\"width\":300,\"height\":91,\"caption\":\"Homeproject.fr\"},\"image\":{\"@id\":\"https:\\\/\\\/homeproject.fr\\\/fr\\\/#\\\/schema\\\/logo\\\/image\\\/\"}}]}<\/script>\n<!-- \/ Yoast SEO plugin. -->","yoast_head_json":{"title":"Chaise en bois de fr\u00eane teint\u00e9 et tissu bouclette Capdell LEIZU 2411WP - Homeproject.fr","robots":{"index":"index","follow":"follow","max-snippet":"max-snippet:-1","max-image-preview":"max-image-preview:large","max-video-preview":"max-video-preview:-1"},"canonical":"https:\/\/homeproject.fr\/fr\/produit\/chaise-en-bois-de-frene-teinte-brun-et-tissu-bouclette-capdell-leizu\/","og_locale":"fr_FR","og_type":"article","og_title":"Chaise en bois de fr\u00eane teint\u00e9 et tissu bouclette Capdell LEIZU 2411WP - Homeproject.fr","og_description":"D\u00e9couvrez la chaise Leizu, une pi\u00e8ce unique de mobilier design sign\u00e9e Estudi{H}ac, disponible exclusivement sur HomeProject.fr. Inspir\u00e9e par la d\u00e9licatesse et la chaleur des pelotes de laine, cette chaise allie confort, esth\u00e9tique et raffinement.  Tr\u00e8s confortable et polyvalente, elle s\u2019int\u00e8gre parfaitement dans un salon, une chambre ou une v\u00e9randa, s\u2019adaptant \u00e0 toutes les ambiances avec style et simplicit\u00e9.","og_url":"https:\/\/homeproject.fr\/fr\/produit\/chaise-en-bois-de-frene-teinte-brun-et-tissu-bouclette-capdell-leizu\/","og_site_name":"Homeproject.fr","article_modified_time":"2024-12-29T14:49:25+00:00","og_image":[{"width":800,"height":831,"url":"https:\/\/homeproject.fr\/fr\/wp-content\/uploads\/2024\/12\/IMG_9115.webp","type":"image\/webp"}],"twitter_card":"summary_large_image","twitter_misc":{"Dur\u00e9e de lecture estim\u00e9e":"2 minutes"},"schema":{"@context":"https:\/\/schema.org","@graph":[{"@type":"WebPage","@id":"https:\/\/homeproject.fr\/fr\/produit\/chaise-en-bois-de-frene-teinte-brun-et-tissu-bouclette-capdell-leizu\/","url":"https:\/\/homeproject.fr\/fr\/produit\/chaise-en-bois-de-frene-teinte-brun-et-tissu-bouclette-capdell-leizu\/","name":"Chaise en bois de fr\u00eane teint\u00e9 et tissu bouclette Capdell LEIZU 2411WP - Homeproject.fr","isPartOf":{"@id":"https:\/\/homeproject.fr\/fr\/#website"},"primaryImageOfPage":{"@id":"https:\/\/homeproject.fr\/fr\/produit\/chaise-en-bois-de-frene-teinte-brun-et-tissu-bouclette-capdell-leizu\/#primaryimage"},"image":{"@id":"https:\/\/homeproject.fr\/fr\/produit\/chaise-en-bois-de-frene-teinte-brun-et-tissu-bouclette-capdell-leizu\/#primaryimage"},"thumbnailUrl":"https:\/\/homeproject.fr\/fr\/wp-content\/uploads\/2024\/12\/IMG_9115.webp","datePublished":"2024-12-28T19:55:57+00:00","dateModified":"2024-12-29T14:49:25+00:00","breadcrumb":{"@id":"https:\/\/homeproject.fr\/fr\/produit\/chaise-en-bois-de-frene-teinte-brun-et-tissu-bouclette-capdell-leizu\/#breadcrumb"},"inLanguage":"fr-FR","potentialAction":[{"@type":"ReadAction","target":["https:\/\/homeproject.fr\/fr\/produit\/chaise-en-bois-de-frene-teinte-brun-et-tissu-bouclette-capdell-leizu\/"]}]},{"@type":"ImageObject","inLanguage":"fr-FR","@id":"https:\/\/homeproject.fr\/fr\/produit\/chaise-en-bois-de-frene-teinte-brun-et-tissu-bouclette-capdell-leizu\/#primaryimage","url":"https:\/\/homeproject.fr\/fr\/wp-content\/uploads\/2024\/12\/IMG_9115.webp","contentUrl":"https:\/\/homeproject.fr\/fr\/wp-content\/uploads\/2024\/12\/IMG_9115.webp","width":800,"height":831},{"@type":"BreadcrumbList","@id":"https:\/\/homeproject.fr\/fr\/produit\/chaise-en-bois-de-frene-teinte-brun-et-tissu-bouclette-capdell-leizu\/#breadcrumb","itemListElement":[{"@type":"ListItem","position":1,"name":"Accueil","item":"https:\/\/homeproject.fr\/fr\/"},{"@type":"ListItem","position":2,"name":"Boutique","item":"https:\/\/homeproject.fr\/fr\/boutique\/"},{"@type":"ListItem","position":3,"name":"Chaise en bois de fr\u00eane teint\u00e9 et tissu bouclette Capdell LEIZU 2411WP"}]},{"@type":"WebSite","@id":"https:\/\/homeproject.fr\/fr\/#website","url":"https:\/\/homeproject.fr\/fr\/","name":"Homeproject.fr","description":"Offrez l&#039;exceptionnel \u00e0 vos espaces \u00e0 vivre","publisher":{"@id":"https:\/\/homeproject.fr\/fr\/#organization"},"potentialAction":[{"@type":"SearchAction","target":{"@type":"EntryPoint","urlTemplate":"https:\/\/homeproject.fr\/fr\/?s={search_term_string}"},"query-input":{"@type":"PropertyValueSpecification","valueRequired":true,"valueName":"search_term_string"}}],"inLanguage":"fr-FR"},{"@type":"Organization","@id":"https:\/\/homeproject.fr\/fr\/#organization","name":"Homeproject.fr","url":"https:\/\/homeproject.fr\/fr\/","logo":{"@type":"ImageObject","inLanguage":"fr-FR","@id":"https:\/\/homeproject.fr\/fr\/#\/schema\/logo\/image\/","url":"https:\/\/homeproject.fr\/fr\/wp-content\/uploads\/2024\/12\/Logo_HomeProject-noir-2.png","contentUrl":"https:\/\/homeproject.fr\/fr\/wp-content\/uploads\/2024\/12\/Logo_HomeProject-noir-2.png","width":300,"height":91,"caption":"Homeproject.fr"},"image":{"@id":"https:\/\/homeproject.fr\/fr\/#\/schema\/logo\/image\/"}}]}},"_links":{"self":[{"href":"https:\/\/homeproject.fr\/fr\/wp-json\/wp\/v2\/product\/7490","targetHints":{"allow":["GET"]}}],"collection":[{"href":"https:\/\/homeproject.fr\/fr\/wp-json\/wp\/v2\/product"}],"about":[{"href":"https:\/\/homeproject.fr\/fr\/wp-json\/wp\/v2\/types\/product"}],"version-history":[{"count":6,"href":"https:\/\/homeproject.fr\/fr\/wp-json\/wp\/v2\/product\/7490\/revisions"}],"predecessor-version":[{"id":8213,"href":"https:\/\/homeproject.fr\/fr\/wp-json\/wp\/v2\/product\/7490\/revisions\/8213"}],"wp:featuredmedia":[{"embeddable":true,"href":"https:\/\/homeproject.fr\/fr\/wp-json\/wp\/v2\/media\/7505"}],"wp:attachment":[{"href":"https:\/\/homeproject.fr\/fr\/wp-json\/wp\/v2\/media?parent=7490"}],"wp:term":[{"taxonomy":"product_brand","embeddable":true,"href":"https:\/\/homeproject.fr\/fr\/wp-json\/wp\/v2\/product_brand?post=7490"},{"taxonomy":"product_cat","embeddable":true,"href":"https:\/\/homeproject.fr\/fr\/wp-json\/wp\/v2\/product_cat?post=7490"},{"taxonomy":"product_tag","embeddable":true,"href":"https:\/\/homeproject.fr\/fr\/wp-json\/wp\/v2\/product_tag?post=7490"}],"curies":[{"name":"wp","href":"https:\/\/api.w.org\/{rel}","templated":true}]}}