{"id":7441,"date":"2024-12-28T18:17:17","date_gmt":"2024-12-28T18:17:17","guid":{"rendered":"https:\/\/homeproject.fr\/fr\/?post_type=product&#038;p=7441"},"modified":"2024-12-28T20:49:55","modified_gmt":"2024-12-28T20:49:55","slug":"chaise-en-bois-de-frene-et-tissu-capdell-leizu","status":"publish","type":"product","link":"https:\/\/homeproject.fr\/fr\/produit\/chaise-en-bois-de-frene-et-tissu-capdell-leizu\/","title":{"rendered":"Chaise en bois de fr\u00eane naturel et tissu Capdell LEIZU 2411WT"},"content":{"rendered":"<p><strong>Design et Conception de Qualit\u00e9<\/strong><\/p>\n<p>Structure en bois de fr\u00eane massif : robustesse et durabilit\u00e9.<\/p>\n<p>Gr\u00e2ce \u00e0 ses lignes \u00e9pur\u00e9es et \u00e0 son design intemporel, la Leizu Chair s\u2019int\u00e8gre harmonieusement dans n\u2019importe quel style d\u2019int\u00e9rieur, du contemporain au scandinave.<\/p>\n<p><strong>Dimensions<\/strong><\/p>\n<p>\u2022Hauteur : 83 cm<\/p>\n<p>\u2022Largeur : 50 cm<\/p>\n<p>\u2022Profondeur : 54 cm<\/p>\n<p><strong>Pourquoi Choisir la chaise Leizu \u00a0?<\/strong><\/p>\n<p>1.Un confort in\u00e9gal\u00e9 : Son assise ergonomique et son dossier rembourr\u00e9 offrent un soutien optimal.<\/p>\n<p>2.Un design exclusif : Con\u00e7ue par le c\u00e9l\u00e8bre studio Estudi{H}ac, elle est id\u00e9ale pour sublimer votre salon, salle \u00e0 manger ou bureau.<\/p>\n<p>3.Un mobilier \u00e9coresponsable : Fabriqu\u00e9e avec du bois de fr\u00eane massif, une ressource naturelle et durable.<\/p>\n<p><strong>Rev\u00eatement personnalisable en tissu Moss :<\/strong><\/p>\n<div class=\"su-custom-gallery su-custom-gallery-align-left su-custom-gallery-title-always su-lightbox-gallery\"><div class=\"su-custom-gallery-slide\" style=\"width:120px;height:120px\"><a href=\"https:\/\/homeproject.fr\/fr\/wp-content\/uploads\/2024\/12\/IMG_9114.jpeg\" title=\"Moss 45\"><img decoding=\"async\" src=\"https:\/\/homeproject.fr\/fr\/wp-content\/uploads\/2024\/12\/IMG_9114-120x120.jpeg\" alt=\"Moss 45\" width=\"120\" height=\"120\" \/><span class=\"su-custom-gallery-title\">Moss 45<\/span><\/a><\/div><div class=\"su-custom-gallery-slide\" style=\"width:120px;height:120px\"><a href=\"https:\/\/homeproject.fr\/fr\/wp-content\/uploads\/2024\/12\/IMG_9113.jpeg\" title=\"Moss 40\"><img decoding=\"async\" src=\"https:\/\/homeproject.fr\/fr\/wp-content\/uploads\/2024\/12\/IMG_9113-120x120.jpeg\" alt=\"Moss 40\" width=\"120\" height=\"120\" \/><span class=\"su-custom-gallery-title\">Moss 40<\/span><\/a><\/div><div class=\"su-custom-gallery-slide\" style=\"width:120px;height:120px\"><a href=\"https:\/\/homeproject.fr\/fr\/wp-content\/uploads\/2024\/12\/IMG_9112.jpeg\" title=\"Moss 32\"><img decoding=\"async\" src=\"https:\/\/homeproject.fr\/fr\/wp-content\/uploads\/2024\/12\/IMG_9112-120x120.jpeg\" alt=\"Moss 32\" width=\"120\" height=\"120\" \/><span class=\"su-custom-gallery-title\">Moss 32<\/span><\/a><\/div><div class=\"su-custom-gallery-slide\" style=\"width:120px;height:120px\"><a href=\"https:\/\/homeproject.fr\/fr\/wp-content\/uploads\/2024\/12\/IMG_9111.jpeg\" title=\"Moss 30\"><img loading=\"lazy\" decoding=\"async\" src=\"https:\/\/homeproject.fr\/fr\/wp-content\/uploads\/2024\/12\/IMG_9111-120x120.jpeg\" alt=\"Moss 30\" width=\"120\" height=\"120\" \/><span class=\"su-custom-gallery-title\">Moss 30<\/span><\/a><\/div><div class=\"su-custom-gallery-slide\" style=\"width:120px;height:120px\"><a href=\"https:\/\/homeproject.fr\/fr\/wp-content\/uploads\/2024\/12\/IMG_9110.jpeg\" title=\"Moss 53\"><img loading=\"lazy\" decoding=\"async\" src=\"https:\/\/homeproject.fr\/fr\/wp-content\/uploads\/2024\/12\/IMG_9110-120x120.jpeg\" alt=\"Moss 53\" width=\"120\" height=\"120\" \/><span class=\"su-custom-gallery-title\">Moss 53<\/span><\/a><\/div><div class=\"su-custom-gallery-slide\" style=\"width:120px;height:120px\"><a href=\"https:\/\/homeproject.fr\/fr\/wp-content\/uploads\/2024\/12\/IMG_9109.jpeg\" title=\"Moss 51\"><img loading=\"lazy\" decoding=\"async\" src=\"https:\/\/homeproject.fr\/fr\/wp-content\/uploads\/2024\/12\/IMG_9109-120x120.jpeg\" alt=\"Moss 51\" width=\"120\" height=\"120\" \/><span class=\"su-custom-gallery-title\">Moss 51<\/span><\/a><\/div><div class=\"su-custom-gallery-slide\" style=\"width:120px;height:120px\"><a href=\"https:\/\/homeproject.fr\/fr\/wp-content\/uploads\/2024\/12\/IMG_9108.jpeg\" title=\"Moss 50\"><img loading=\"lazy\" decoding=\"async\" src=\"https:\/\/homeproject.fr\/fr\/wp-content\/uploads\/2024\/12\/IMG_9108-120x120.jpeg\" alt=\"Moss 50\" width=\"120\" height=\"120\" \/><span class=\"su-custom-gallery-title\">Moss 50<\/span><\/a><\/div><div class=\"su-custom-gallery-slide\" style=\"width:120px;height:120px\"><a href=\"https:\/\/homeproject.fr\/fr\/wp-content\/uploads\/2024\/12\/IMG_9107.jpeg\" title=\"Moss 11\"><img loading=\"lazy\" decoding=\"async\" src=\"https:\/\/homeproject.fr\/fr\/wp-content\/uploads\/2024\/12\/IMG_9107-120x120.jpeg\" alt=\"Moss 11\" width=\"120\" height=\"120\" \/><span class=\"su-custom-gallery-title\">Moss 11<\/span><\/a><\/div><div class=\"su-custom-gallery-slide\" style=\"width:120px;height:120px\"><a href=\"https:\/\/homeproject.fr\/fr\/wp-content\/uploads\/2024\/12\/IMG_9106.jpeg\" title=\"Moss 07\"><img loading=\"lazy\" decoding=\"async\" src=\"https:\/\/homeproject.fr\/fr\/wp-content\/uploads\/2024\/12\/IMG_9106-120x120.jpeg\" alt=\"Moss 07\" width=\"120\" height=\"120\" \/><span class=\"su-custom-gallery-title\">Moss 07<\/span><\/a><\/div><div class=\"su-custom-gallery-slide\" style=\"width:120px;height:120px\"><a href=\"https:\/\/homeproject.fr\/fr\/wp-content\/uploads\/2024\/12\/IMG_9105.jpeg\" title=\"Moss 61\"><img loading=\"lazy\" decoding=\"async\" src=\"https:\/\/homeproject.fr\/fr\/wp-content\/uploads\/2024\/12\/IMG_9105-120x120.jpeg\" alt=\"Moss 61\" width=\"120\" height=\"120\" \/><span class=\"su-custom-gallery-title\">Moss 61<\/span><\/a><\/div><div class=\"su-custom-gallery-slide\" style=\"width:120px;height:120px\"><a href=\"https:\/\/homeproject.fr\/fr\/wp-content\/uploads\/2024\/12\/IMG_9104.jpeg\" title=\"Moss 65\"><img loading=\"lazy\" decoding=\"async\" src=\"https:\/\/homeproject.fr\/fr\/wp-content\/uploads\/2024\/12\/IMG_9104-120x120.jpeg\" alt=\"Moss 65\" width=\"120\" height=\"120\" \/><span class=\"su-custom-gallery-title\">Moss 65<\/span><\/a><\/div><div class=\"su-custom-gallery-slide\" style=\"width:120px;height:120px\"><a href=\"https:\/\/homeproject.fr\/fr\/wp-content\/uploads\/2024\/12\/IMG_9103.jpeg\" title=\"Moss 21\"><img loading=\"lazy\" decoding=\"async\" src=\"https:\/\/homeproject.fr\/fr\/wp-content\/uploads\/2024\/12\/IMG_9103-120x120.jpeg\" alt=\"Moss 21\" width=\"120\" height=\"120\" \/><span class=\"su-custom-gallery-title\">Moss 21<\/span><\/a><\/div><div class=\"su-custom-gallery-slide\" style=\"width:120px;height:120px\"><a href=\"https:\/\/homeproject.fr\/fr\/wp-content\/uploads\/2024\/12\/IMG_9101.jpeg\" title=\"Moss 16\"><img loading=\"lazy\" decoding=\"async\" src=\"https:\/\/homeproject.fr\/fr\/wp-content\/uploads\/2024\/12\/IMG_9101-120x120.jpeg\" alt=\"Moss 16\" width=\"120\" height=\"120\" \/><span class=\"su-custom-gallery-title\">Moss 16<\/span><\/a><\/div><div class=\"su-clear\"><\/div><\/div>\n<p>Le tissu MOSS se distingue par son engagement envers l\u2019environnement :<\/p>\n<p>\u2022Composition : 100% polyester recycl\u00e9 post-consommation.<\/p>\n<p>\u2022Durabilit\u00e9 : Fabriqu\u00e9 dans une optique de r\u00e9duction des d\u00e9chets, avec une empreinte carbone optimis\u00e9e gr\u00e2ce \u00e0 un processus de production responsable.<\/p>\n<p>\u2022Cycle de vie optimis\u00e9 : Analyse de l\u2019impact environnemental depuis l\u2019extraction des mati\u00e8res premi\u00e8res jusqu\u2019au produit final, selon la norme ISO 14040.<\/p>\n<p><strong>Caract\u00e9ristiques principales :<\/strong><\/p>\n<p>\u2022Composition : 100% polyester ignifug\u00e9 (PES FR).<\/p>\n<p>\u2022R\u00e9sistance \u00e0 l\u2019abrasion : 50 000 cycles (EN ISO 12947-2).<\/p>\n<p>\u2022R\u00e9sistance au boulochage : Note 4-5 (EN ISO 12945-2).<\/p>\n<p>\u2022Solidit\u00e9 des couleurs :<\/p>\n<p>\u2022Lumi\u00e8re : Note 6-7 (EN ISO 105-B02).<\/p>\n<p>\u2022Frottement sec : Note 5, frottement humide : Note 4-5 (EN ISO 105-X12).<\/p>\n<p><strong>Entretien et durabilit\u00e9 :<\/strong><\/p>\n<p>\u2022 Facilit\u00e9 de nettoyage : Le tissu est con\u00e7u pour r\u00e9sister aux taches et permettre un entretien facile, id\u00e9al pour un usage quotidien.<\/p>\n<p>\u2022R\u00e9sistance au feu : Conforme aux normes internationales, garantissant une s\u00e9curit\u00e9 optimale pour les environnements domestiques et professionnels.<\/p>\n<p>Commandez d\u00e8s maintenant sur HomeProject.fr<\/p>\n<h3><strong>Vous avez des questions ?<\/strong><\/h3>\n<style id=\"wpforms-css-vars-3675\">\n\t\t\t\t#wpforms-3675 {\n\t\t\t\t\n\t\t\t}\n\t\t\t<\/style><div class=\"wpforms-container wpforms-container-full wpforms-render-modern\" id=\"wpforms-3675\"><form id=\"wpforms-form-3675\" class=\"wpforms-validate wpforms-form wpforms-ajax-form\" data-formid=\"3675\" method=\"post\" enctype=\"multipart\/form-data\" action=\"\/fr\/wp-json\/wp\/v2\/product\/7441\" data-token=\"afc9de651a65a54d0ab77295ba63d8ad\" data-token-time=\"1776576849\"><noscript class=\"wpforms-error-noscript\">Veuillez activer JavaScript dans votre navigateur pour remplir ce formulaire.<\/noscript><div id=\"wpforms-error-noscript\" style=\"display: none;\">Veuillez activer JavaScript dans votre navigateur pour remplir ce formulaire.<\/div><div class=\"wpforms-field-container\"><div id=\"wpforms-3675-field_3-container\" class=\"wpforms-field wpforms-field-name\" data-field-id=\"3\"><fieldset><legend class=\"wpforms-field-label\">Nom <span class=\"wpforms-required-label\" aria-hidden=\"true\">*<\/span><\/legend><div class=\"wpforms-field-row wpforms-field-medium\"><div class=\"wpforms-field-row-block wpforms-first wpforms-one-half\"><input type=\"text\" id=\"wpforms-3675-field_3\" class=\"wpforms-field-name-first wpforms-field-required\" name=\"wpforms[fields][3][first]\" aria-errormessage=\"wpforms-3675-field_3-error\" required><label for=\"wpforms-3675-field_3\" class=\"wpforms-field-sublabel after\">Pr\u00e9nom<\/label><\/div><div class=\"wpforms-field-row-block wpforms-one-half\"><input type=\"text\" id=\"wpforms-3675-field_3-last\" class=\"wpforms-field-name-last wpforms-field-required\" name=\"wpforms[fields][3][last]\" aria-errormessage=\"wpforms-3675-field_3-last-error\" required><label for=\"wpforms-3675-field_3-last\" class=\"wpforms-field-sublabel after\">Nom<\/label><\/div><\/div><\/fieldset><\/div><div id=\"wpforms-3675-field_4-container\" class=\"wpforms-field wpforms-field-email\" data-field-id=\"4\"><label class=\"wpforms-field-label\" for=\"wpforms-3675-field_4\">E-mail <span class=\"wpforms-required-label\" aria-hidden=\"true\">*<\/span><\/label><input type=\"email\" id=\"wpforms-3675-field_4\" class=\"wpforms-field-medium wpforms-field-required\" name=\"wpforms[fields][4]\" spellcheck=\"false\" aria-errormessage=\"wpforms-3675-field_4-error\" required><\/div>\t\t<div id=\"wpforms-3675-field_1-container\"\n\t\t\tclass=\"wpforms-field wpforms-field-text\"\n\t\t\tdata-field-type=\"text\"\n\t\t\tdata-field-id=\"1\"\n\t\t\t>\n\t\t\t<label class=\"wpforms-field-label\" for=\"wpforms-3675-field_1\" >E-mail Nom Message<\/label>\n\t\t\t<input type=\"text\" id=\"wpforms-3675-field_1\" class=\"wpforms-field-medium\" name=\"wpforms[fields][1]\" >\n\t\t<\/div>\n\t\t<div id=\"wpforms-3675-field_5-container\" class=\"wpforms-field wpforms-field-textarea\" data-field-id=\"5\"><label class=\"wpforms-field-label\" for=\"wpforms-3675-field_5\">Message <span class=\"wpforms-required-label\" aria-hidden=\"true\">*<\/span><\/label><textarea id=\"wpforms-3675-field_5\" class=\"wpforms-field-medium wpforms-field-required\" name=\"wpforms[fields][5]\" aria-errormessage=\"wpforms-3675-field_5-error\" required><\/textarea><\/div><script>\n\t\t\t\t( function() {\n\t\t\t\t\tconst style = document.createElement( 'style' );\n\t\t\t\t\tstyle.appendChild( document.createTextNode( '#wpforms-3675-field_1-container { position: absolute !important; overflow: hidden !important; display: inline !important; height: 1px !important; width: 1px !important; z-index: -1000 !important; padding: 0 !important; } #wpforms-3675-field_1-container input { visibility: hidden; } #wpforms-conversational-form-page #wpforms-3675-field_1-container label { counter-increment: none; }' ) );\n\t\t\t\t\tdocument.head.appendChild( style );\n\t\t\t\t\tdocument.currentScript?.remove();\n\t\t\t\t} )();\n\t\t\t<\/script><\/div><!-- .wpforms-field-container --><div class=\"wpforms-submit-container\" ><input type=\"hidden\" name=\"wpforms[id]\" value=\"3675\"><input type=\"hidden\" name=\"page_title\" value=\"\"><input type=\"hidden\" name=\"page_url\" value=\"https:\/\/homeproject.fr\/fr\/wp-json\/wp\/v2\/product\/7441\"><input type=\"hidden\" name=\"url_referer\" value=\"\"><button type=\"submit\" name=\"wpforms[submit]\" id=\"wpforms-submit-3675\" class=\"wpforms-submit\" data-alt-text=\"Envoi...\" data-submit-text=\"Envoyer\" aria-live=\"assertive\" value=\"wpforms-submit\">Envoyer<\/button><img loading=\"lazy\" decoding=\"async\" src=\"https:\/\/homeproject.fr\/fr\/wp-content\/plugins\/wpforms-lite\/assets\/images\/submit-spin.svg\" class=\"wpforms-submit-spinner\" style=\"display: none;\" width=\"26\" height=\"26\" alt=\"Chargement en cours\"><\/div><\/form><\/div>  <!-- .wpforms-container -->\n","protected":false},"excerpt":{"rendered":"<p>D\u00e9couvrez la chaise Leizu, une pi\u00e8ce unique de mobilier design sign\u00e9e Estudi{H}ac, disponible exclusivement sur HomeProject.fr. Inspir\u00e9e par la d\u00e9licatesse et la chaleur des pelotes de laine, cette chaise allie confort, esth\u00e9tique et raffinement.<\/p>\n<p>Tr\u00e8s confortable et polyvalente, elle s\u2019int\u00e8gre parfaitement dans un salon, une chambre ou une v\u00e9randa, s\u2019adaptant \u00e0 toutes les ambiances avec style et simplicit\u00e9.<\/p>\n","protected":false},"featured_media":7447,"template":"","meta":{"_uf_show_specific_survey":0,"_uf_disable_surveys":false,"iawp_total_views":25},"product_brand":[],"product_cat":[147],"product_tag":[],"class_list":{"0":"post-7441","1":"product","2":"type-product","3":"status-publish","4":"has-post-thumbnail","6":"product_cat-chaises","7":"product_shipping_class-petit-colis","8":"pa_collection-leizu-par-capdell","9":"pa_designer-estudihac","10":"pa_marque-capdell","11":"pa_materiau-bois","12":"pa_materiau-tissu","14":"first","15":"instock","16":"taxable","17":"shipping-taxable","18":"purchasable","19":"product-type-variable"},"yoast_head":"<!-- This site is optimized with the Yoast SEO plugin v27.4 - https:\/\/yoast.com\/product\/yoast-seo-wordpress\/ -->\n<title>Chaise en bois de fr\u00eane naturel et tissu Capdell LEIZU 2411WT - Homeproject.fr<\/title>\n<meta name=\"robots\" content=\"index, follow, max-snippet:-1, max-image-preview:large, max-video-preview:-1\" \/>\n<link rel=\"canonical\" href=\"https:\/\/homeproject.fr\/fr\/produit\/chaise-en-bois-de-frene-et-tissu-capdell-leizu\/\" \/>\n<meta property=\"og:locale\" content=\"fr_FR\" \/>\n<meta property=\"og:type\" content=\"article\" \/>\n<meta property=\"og:title\" content=\"Chaise en bois de fr\u00eane naturel et tissu Capdell LEIZU 2411WT - Homeproject.fr\" \/>\n<meta property=\"og:description\" content=\"D\u00e9couvrez la chaise Leizu, une pi\u00e8ce unique de mobilier design sign\u00e9e Estudi{H}ac, disponible exclusivement sur HomeProject.fr. Inspir\u00e9e par la d\u00e9licatesse et la chaleur des pelotes de laine, cette chaise allie confort, esth\u00e9tique et raffinement.  Tr\u00e8s confortable et polyvalente, elle s\u2019int\u00e8gre parfaitement dans un salon, une chambre ou une v\u00e9randa, s\u2019adaptant \u00e0 toutes les ambiances avec style et simplicit\u00e9.\" \/>\n<meta property=\"og:url\" content=\"https:\/\/homeproject.fr\/fr\/produit\/chaise-en-bois-de-frene-et-tissu-capdell-leizu\/\" \/>\n<meta property=\"og:site_name\" content=\"Homeproject.fr\" \/>\n<meta property=\"article:modified_time\" content=\"2024-12-28T20:49:55+00:00\" \/>\n<meta property=\"og:image\" content=\"https:\/\/homeproject.fr\/fr\/wp-content\/uploads\/2024\/12\/IMG_9094.webp\" \/>\n\t<meta property=\"og:image:width\" content=\"1667\" \/>\n\t<meta property=\"og:image:height\" content=\"1667\" \/>\n\t<meta property=\"og:image:type\" content=\"image\/webp\" \/>\n<meta name=\"twitter:card\" content=\"summary_large_image\" \/>\n<meta name=\"twitter:label1\" content=\"Dur\u00e9e de lecture estim\u00e9e\" \/>\n\t<meta name=\"twitter:data1\" content=\"2 minutes\" \/>\n<script type=\"application\/ld+json\" class=\"yoast-schema-graph\">{\"@context\":\"https:\\\/\\\/schema.org\",\"@graph\":[{\"@type\":\"WebPage\",\"@id\":\"https:\\\/\\\/homeproject.fr\\\/fr\\\/produit\\\/chaise-en-bois-de-frene-et-tissu-capdell-leizu\\\/\",\"url\":\"https:\\\/\\\/homeproject.fr\\\/fr\\\/produit\\\/chaise-en-bois-de-frene-et-tissu-capdell-leizu\\\/\",\"name\":\"Chaise en bois de fr\u00eane naturel et tissu Capdell LEIZU 2411WT - Homeproject.fr\",\"isPartOf\":{\"@id\":\"https:\\\/\\\/homeproject.fr\\\/fr\\\/#website\"},\"primaryImageOfPage\":{\"@id\":\"https:\\\/\\\/homeproject.fr\\\/fr\\\/produit\\\/chaise-en-bois-de-frene-et-tissu-capdell-leizu\\\/#primaryimage\"},\"image\":{\"@id\":\"https:\\\/\\\/homeproject.fr\\\/fr\\\/produit\\\/chaise-en-bois-de-frene-et-tissu-capdell-leizu\\\/#primaryimage\"},\"thumbnailUrl\":\"https:\\\/\\\/homeproject.fr\\\/fr\\\/wp-content\\\/uploads\\\/2024\\\/12\\\/IMG_9094.webp\",\"datePublished\":\"2024-12-28T18:17:17+00:00\",\"dateModified\":\"2024-12-28T20:49:55+00:00\",\"breadcrumb\":{\"@id\":\"https:\\\/\\\/homeproject.fr\\\/fr\\\/produit\\\/chaise-en-bois-de-frene-et-tissu-capdell-leizu\\\/#breadcrumb\"},\"inLanguage\":\"fr-FR\",\"potentialAction\":[{\"@type\":\"ReadAction\",\"target\":[\"https:\\\/\\\/homeproject.fr\\\/fr\\\/produit\\\/chaise-en-bois-de-frene-et-tissu-capdell-leizu\\\/\"]}]},{\"@type\":\"ImageObject\",\"inLanguage\":\"fr-FR\",\"@id\":\"https:\\\/\\\/homeproject.fr\\\/fr\\\/produit\\\/chaise-en-bois-de-frene-et-tissu-capdell-leizu\\\/#primaryimage\",\"url\":\"https:\\\/\\\/homeproject.fr\\\/fr\\\/wp-content\\\/uploads\\\/2024\\\/12\\\/IMG_9094.webp\",\"contentUrl\":\"https:\\\/\\\/homeproject.fr\\\/fr\\\/wp-content\\\/uploads\\\/2024\\\/12\\\/IMG_9094.webp\",\"width\":1667,\"height\":1667},{\"@type\":\"BreadcrumbList\",\"@id\":\"https:\\\/\\\/homeproject.fr\\\/fr\\\/produit\\\/chaise-en-bois-de-frene-et-tissu-capdell-leizu\\\/#breadcrumb\",\"itemListElement\":[{\"@type\":\"ListItem\",\"position\":1,\"name\":\"Accueil\",\"item\":\"https:\\\/\\\/homeproject.fr\\\/fr\\\/\"},{\"@type\":\"ListItem\",\"position\":2,\"name\":\"Boutique\",\"item\":\"https:\\\/\\\/homeproject.fr\\\/fr\\\/boutique\\\/\"},{\"@type\":\"ListItem\",\"position\":3,\"name\":\"Chaise en bois de fr\u00eane naturel et tissu Capdell LEIZU 2411WT\"}]},{\"@type\":\"WebSite\",\"@id\":\"https:\\\/\\\/homeproject.fr\\\/fr\\\/#website\",\"url\":\"https:\\\/\\\/homeproject.fr\\\/fr\\\/\",\"name\":\"Homeproject.fr\",\"description\":\"Offrez l&#039;exceptionnel \u00e0 vos espaces \u00e0 vivre\",\"publisher\":{\"@id\":\"https:\\\/\\\/homeproject.fr\\\/fr\\\/#organization\"},\"potentialAction\":[{\"@type\":\"SearchAction\",\"target\":{\"@type\":\"EntryPoint\",\"urlTemplate\":\"https:\\\/\\\/homeproject.fr\\\/fr\\\/?s={search_term_string}\"},\"query-input\":{\"@type\":\"PropertyValueSpecification\",\"valueRequired\":true,\"valueName\":\"search_term_string\"}}],\"inLanguage\":\"fr-FR\"},{\"@type\":\"Organization\",\"@id\":\"https:\\\/\\\/homeproject.fr\\\/fr\\\/#organization\",\"name\":\"Homeproject.fr\",\"url\":\"https:\\\/\\\/homeproject.fr\\\/fr\\\/\",\"logo\":{\"@type\":\"ImageObject\",\"inLanguage\":\"fr-FR\",\"@id\":\"https:\\\/\\\/homeproject.fr\\\/fr\\\/#\\\/schema\\\/logo\\\/image\\\/\",\"url\":\"https:\\\/\\\/homeproject.fr\\\/fr\\\/wp-content\\\/uploads\\\/2024\\\/12\\\/Logo_HomeProject-noir-2.png\",\"contentUrl\":\"https:\\\/\\\/homeproject.fr\\\/fr\\\/wp-content\\\/uploads\\\/2024\\\/12\\\/Logo_HomeProject-noir-2.png\",\"width\":300,\"height\":91,\"caption\":\"Homeproject.fr\"},\"image\":{\"@id\":\"https:\\\/\\\/homeproject.fr\\\/fr\\\/#\\\/schema\\\/logo\\\/image\\\/\"}}]}<\/script>\n<!-- \/ Yoast SEO plugin. -->","yoast_head_json":{"title":"Chaise en bois de fr\u00eane naturel et tissu Capdell LEIZU 2411WT - Homeproject.fr","robots":{"index":"index","follow":"follow","max-snippet":"max-snippet:-1","max-image-preview":"max-image-preview:large","max-video-preview":"max-video-preview:-1"},"canonical":"https:\/\/homeproject.fr\/fr\/produit\/chaise-en-bois-de-frene-et-tissu-capdell-leizu\/","og_locale":"fr_FR","og_type":"article","og_title":"Chaise en bois de fr\u00eane naturel et tissu Capdell LEIZU 2411WT - Homeproject.fr","og_description":"D\u00e9couvrez la chaise Leizu, une pi\u00e8ce unique de mobilier design sign\u00e9e Estudi{H}ac, disponible exclusivement sur HomeProject.fr. Inspir\u00e9e par la d\u00e9licatesse et la chaleur des pelotes de laine, cette chaise allie confort, esth\u00e9tique et raffinement.  Tr\u00e8s confortable et polyvalente, elle s\u2019int\u00e8gre parfaitement dans un salon, une chambre ou une v\u00e9randa, s\u2019adaptant \u00e0 toutes les ambiances avec style et simplicit\u00e9.","og_url":"https:\/\/homeproject.fr\/fr\/produit\/chaise-en-bois-de-frene-et-tissu-capdell-leizu\/","og_site_name":"Homeproject.fr","article_modified_time":"2024-12-28T20:49:55+00:00","og_image":[{"width":1667,"height":1667,"url":"https:\/\/homeproject.fr\/fr\/wp-content\/uploads\/2024\/12\/IMG_9094.webp","type":"image\/webp"}],"twitter_card":"summary_large_image","twitter_misc":{"Dur\u00e9e de lecture estim\u00e9e":"2 minutes"},"schema":{"@context":"https:\/\/schema.org","@graph":[{"@type":"WebPage","@id":"https:\/\/homeproject.fr\/fr\/produit\/chaise-en-bois-de-frene-et-tissu-capdell-leizu\/","url":"https:\/\/homeproject.fr\/fr\/produit\/chaise-en-bois-de-frene-et-tissu-capdell-leizu\/","name":"Chaise en bois de fr\u00eane naturel et tissu Capdell LEIZU 2411WT - Homeproject.fr","isPartOf":{"@id":"https:\/\/homeproject.fr\/fr\/#website"},"primaryImageOfPage":{"@id":"https:\/\/homeproject.fr\/fr\/produit\/chaise-en-bois-de-frene-et-tissu-capdell-leizu\/#primaryimage"},"image":{"@id":"https:\/\/homeproject.fr\/fr\/produit\/chaise-en-bois-de-frene-et-tissu-capdell-leizu\/#primaryimage"},"thumbnailUrl":"https:\/\/homeproject.fr\/fr\/wp-content\/uploads\/2024\/12\/IMG_9094.webp","datePublished":"2024-12-28T18:17:17+00:00","dateModified":"2024-12-28T20:49:55+00:00","breadcrumb":{"@id":"https:\/\/homeproject.fr\/fr\/produit\/chaise-en-bois-de-frene-et-tissu-capdell-leizu\/#breadcrumb"},"inLanguage":"fr-FR","potentialAction":[{"@type":"ReadAction","target":["https:\/\/homeproject.fr\/fr\/produit\/chaise-en-bois-de-frene-et-tissu-capdell-leizu\/"]}]},{"@type":"ImageObject","inLanguage":"fr-FR","@id":"https:\/\/homeproject.fr\/fr\/produit\/chaise-en-bois-de-frene-et-tissu-capdell-leizu\/#primaryimage","url":"https:\/\/homeproject.fr\/fr\/wp-content\/uploads\/2024\/12\/IMG_9094.webp","contentUrl":"https:\/\/homeproject.fr\/fr\/wp-content\/uploads\/2024\/12\/IMG_9094.webp","width":1667,"height":1667},{"@type":"BreadcrumbList","@id":"https:\/\/homeproject.fr\/fr\/produit\/chaise-en-bois-de-frene-et-tissu-capdell-leizu\/#breadcrumb","itemListElement":[{"@type":"ListItem","position":1,"name":"Accueil","item":"https:\/\/homeproject.fr\/fr\/"},{"@type":"ListItem","position":2,"name":"Boutique","item":"https:\/\/homeproject.fr\/fr\/boutique\/"},{"@type":"ListItem","position":3,"name":"Chaise en bois de fr\u00eane naturel et tissu Capdell LEIZU 2411WT"}]},{"@type":"WebSite","@id":"https:\/\/homeproject.fr\/fr\/#website","url":"https:\/\/homeproject.fr\/fr\/","name":"Homeproject.fr","description":"Offrez l&#039;exceptionnel \u00e0 vos espaces \u00e0 vivre","publisher":{"@id":"https:\/\/homeproject.fr\/fr\/#organization"},"potentialAction":[{"@type":"SearchAction","target":{"@type":"EntryPoint","urlTemplate":"https:\/\/homeproject.fr\/fr\/?s={search_term_string}"},"query-input":{"@type":"PropertyValueSpecification","valueRequired":true,"valueName":"search_term_string"}}],"inLanguage":"fr-FR"},{"@type":"Organization","@id":"https:\/\/homeproject.fr\/fr\/#organization","name":"Homeproject.fr","url":"https:\/\/homeproject.fr\/fr\/","logo":{"@type":"ImageObject","inLanguage":"fr-FR","@id":"https:\/\/homeproject.fr\/fr\/#\/schema\/logo\/image\/","url":"https:\/\/homeproject.fr\/fr\/wp-content\/uploads\/2024\/12\/Logo_HomeProject-noir-2.png","contentUrl":"https:\/\/homeproject.fr\/fr\/wp-content\/uploads\/2024\/12\/Logo_HomeProject-noir-2.png","width":300,"height":91,"caption":"Homeproject.fr"},"image":{"@id":"https:\/\/homeproject.fr\/fr\/#\/schema\/logo\/image\/"}}]}},"_links":{"self":[{"href":"https:\/\/homeproject.fr\/fr\/wp-json\/wp\/v2\/product\/7441","targetHints":{"allow":["GET"]}}],"collection":[{"href":"https:\/\/homeproject.fr\/fr\/wp-json\/wp\/v2\/product"}],"about":[{"href":"https:\/\/homeproject.fr\/fr\/wp-json\/wp\/v2\/types\/product"}],"version-history":[{"count":8,"href":"https:\/\/homeproject.fr\/fr\/wp-json\/wp\/v2\/product\/7441\/revisions"}],"predecessor-version":[{"id":7527,"href":"https:\/\/homeproject.fr\/fr\/wp-json\/wp\/v2\/product\/7441\/revisions\/7527"}],"wp:featuredmedia":[{"embeddable":true,"href":"https:\/\/homeproject.fr\/fr\/wp-json\/wp\/v2\/media\/7447"}],"wp:attachment":[{"href":"https:\/\/homeproject.fr\/fr\/wp-json\/wp\/v2\/media?parent=7441"}],"wp:term":[{"taxonomy":"product_brand","embeddable":true,"href":"https:\/\/homeproject.fr\/fr\/wp-json\/wp\/v2\/product_brand?post=7441"},{"taxonomy":"product_cat","embeddable":true,"href":"https:\/\/homeproject.fr\/fr\/wp-json\/wp\/v2\/product_cat?post=7441"},{"taxonomy":"product_tag","embeddable":true,"href":"https:\/\/homeproject.fr\/fr\/wp-json\/wp\/v2\/product_tag?post=7441"}],"curies":[{"name":"wp","href":"https:\/\/api.w.org\/{rel}","templated":true}]}}