{"id":7393,"date":"2024-12-28T06:39:16","date_gmt":"2024-12-28T06:39:16","guid":{"rendered":"https:\/\/homeproject.fr\/fr\/?post_type=product&#038;p=7393"},"modified":"2024-12-28T13:57:59","modified_gmt":"2024-12-28T13:57:59","slug":"carrelage-sol-decoratif-hexagonal-blanc-casse-mutina-dechirer-decor-bianco-60x60","status":"publish","type":"product","link":"https:\/\/homeproject.fr\/fr\/produit\/carrelage-sol-decoratif-hexagonal-blanc-casse-mutina-dechirer-decor-bianco-60x60\/","title":{"rendered":"Carrelage sol d\u00e9coratif hexagonal blanc cass\u00e9 Mutina D\u00e9chirer D\u00c9COR BIANCO 60&#215;60"},"content":{"rendered":"<p><strong><a href=\"https:\/\/homeproject.fr\/fr\/produit\/echantillon-carrelage-mutina-dechirer-decor-bianco\/\">Commander un \u00e9chantillon<\/a><\/strong><\/p>\n<p><strong>Caract\u00e9ristiques cl\u00e9s :<\/strong><\/p>\n<p>\u2022Forme : Hexagonale pour un design g\u00e9om\u00e9trique moderne et audacieux.<\/p>\n<p>\u2022Couleur : Blanc cass\u00e9, id\u00e9ale pour illuminer vos pi\u00e8ces.<\/p>\n<p>\u2022Dimensions : 60\u00d760 cm, parfait pour cr\u00e9er des effets de perspective et agrandir visuellement l\u2019espace.<\/p>\n<p>\u2022Finition : Texture en relief avec des motifs \u00e9l\u00e9gants et originaux.<\/p>\n<p>\u2022Usage : Convient pour les sols des pi\u00e8ces \u00e0 vivre, chambres, salles de bains ou espaces commerciaux haut de gamme.<\/p>\n<p><strong>Les avantages du Mutina D\u00e9chirer D\u00e9cor Bianco :<\/strong><\/p>\n<p>Ce carrelage allie design sophistiqu\u00e9 et qualit\u00e9 exceptionnelle. Sa surface textur\u00e9e capte subtilement la lumi\u00e8re pour cr\u00e9er un effet visuel dynamique, tout en offrant une durabilit\u00e9 et une facilit\u00e9 d\u2019entretien id\u00e9ales pour un usage quotidien.<\/p>\n<p>Ajoutez une touche de sophistication \u00e0 vos int\u00e9rieurs d\u00e8s maintenant avec le Mutina D\u00e9chirer D\u00e9cor Bianco hexagonal, disponible sur <a href=\"https:\/\/www.homeproject.fr\">HomeProject.fr<\/a>. Transformez vos espaces en v\u00e9ritables \u0153uvres d\u2019art design.<\/p>\n<p><span style=\"font-family: inherit; font-size: 30px;\">Design par Patricia Urquiola<\/span><\/p>\n<p>Patricia Urquiola est une designer et architecte espagnole mondialement reconnue pour son approche innovante, po\u00e9tique et polyvalente du design contemporain. N\u00e9e \u00e0 Oviedo, en Espagne, en 1961, elle a \u00e9tudi\u00e9 l\u2019architecture \u00e0 l\u2019\u00c9cole polytechnique de Madrid avant de poursuivre sa formation \u00e0 l\u2019\u00c9cole polytechnique de Milan, o\u00f9 elle a obtenu son dipl\u00f4me sous la direction du c\u00e9l\u00e8bre designer Achille Castiglioni.<\/p>\n<p><strong>Un style unique et une approche multidisciplinaire<\/strong><\/p>\n<p>Le travail de Patricia Urquiola se distingue par un m\u00e9lange audacieux de modernit\u00e9 et de tradition, associant des influences culturelles vari\u00e9es \u00e0 une recherche constante d\u2019innovation technique. Ses cr\u00e9ations se caract\u00e9risent par des formes organiques, des textures riches et des couleurs chaleureuses, souvent inspir\u00e9es par la nature et l\u2019artisanat.<\/p>\n<p>Urquiola excelle dans plusieurs disciplines, allant du design de meubles \u00e0 l\u2019architecture d\u2019int\u00e9rieur, en passant par les objets du quotidien, les textiles, et m\u00eame les carrelages, comme ceux qu\u2019elle a r\u00e9alis\u00e9s pour la marque italienne Mutina.<\/p>\n<p><strong style=\"font-family: inherit; font-size: 30px;\">Vous avez des questions ?<\/strong><\/p>\n<style id=\"wpforms-css-vars-3675\">\n\t\t\t\t#wpforms-3675 {\n\t\t\t\t\n\t\t\t}\n\t\t\t<\/style><div class=\"wpforms-container wpforms-container-full wpforms-render-modern\" id=\"wpforms-3675\"><form id=\"wpforms-form-3675\" class=\"wpforms-validate wpforms-form wpforms-ajax-form\" data-formid=\"3675\" method=\"post\" enctype=\"multipart\/form-data\" action=\"\/fr\/wp-json\/wp\/v2\/product\/7393\" data-token=\"40ada6e9151c970e4278e2da3e5409c5\" data-token-time=\"1777861842\"><noscript class=\"wpforms-error-noscript\">Veuillez activer JavaScript dans votre navigateur pour remplir ce formulaire.<\/noscript><div id=\"wpforms-error-noscript\" style=\"display: none;\">Veuillez activer JavaScript dans votre navigateur pour remplir ce formulaire.<\/div><div class=\"wpforms-field-container\"><div id=\"wpforms-3675-field_3-container\" class=\"wpforms-field wpforms-field-name\" data-field-id=\"3\"><fieldset><legend class=\"wpforms-field-label\">Nom <span class=\"wpforms-required-label\" aria-hidden=\"true\">*<\/span><\/legend><div class=\"wpforms-field-row wpforms-field-medium\"><div class=\"wpforms-field-row-block wpforms-first wpforms-one-half\"><input type=\"text\" id=\"wpforms-3675-field_3\" class=\"wpforms-field-name-first wpforms-field-required\" name=\"wpforms[fields][3][first]\" aria-errormessage=\"wpforms-3675-field_3-error\" required><label for=\"wpforms-3675-field_3\" class=\"wpforms-field-sublabel after\">Pr\u00e9nom<\/label><\/div><div class=\"wpforms-field-row-block wpforms-one-half\"><input type=\"text\" id=\"wpforms-3675-field_3-last\" class=\"wpforms-field-name-last wpforms-field-required\" name=\"wpforms[fields][3][last]\" aria-errormessage=\"wpforms-3675-field_3-last-error\" required><label for=\"wpforms-3675-field_3-last\" class=\"wpforms-field-sublabel after\">Nom<\/label><\/div><\/div><\/fieldset><\/div><div id=\"wpforms-3675-field_4-container\" class=\"wpforms-field wpforms-field-email\" data-field-id=\"4\"><label class=\"wpforms-field-label\" for=\"wpforms-3675-field_4\">E-mail <span class=\"wpforms-required-label\" aria-hidden=\"true\">*<\/span><\/label><input type=\"email\" id=\"wpforms-3675-field_4\" class=\"wpforms-field-medium wpforms-field-required\" name=\"wpforms[fields][4]\" spellcheck=\"false\" aria-errormessage=\"wpforms-3675-field_4-error\" required><\/div>\t\t<div id=\"wpforms-3675-field_1-container\"\n\t\t\tclass=\"wpforms-field wpforms-field-text\"\n\t\t\tdata-field-type=\"text\"\n\t\t\tdata-field-id=\"1\"\n\t\t\t>\n\t\t\t<label class=\"wpforms-field-label\" for=\"wpforms-3675-field_1\" >Nom E-mail Message<\/label>\n\t\t\t<input type=\"text\" id=\"wpforms-3675-field_1\" class=\"wpforms-field-medium\" name=\"wpforms[fields][1]\" >\n\t\t<\/div>\n\t\t<div id=\"wpforms-3675-field_5-container\" class=\"wpforms-field wpforms-field-textarea\" data-field-id=\"5\"><label class=\"wpforms-field-label\" for=\"wpforms-3675-field_5\">Message <span class=\"wpforms-required-label\" aria-hidden=\"true\">*<\/span><\/label><textarea id=\"wpforms-3675-field_5\" class=\"wpforms-field-medium wpforms-field-required\" name=\"wpforms[fields][5]\" aria-errormessage=\"wpforms-3675-field_5-error\" required><\/textarea><\/div><script>\n\t\t\t\t( function() {\n\t\t\t\t\tconst style = document.createElement( 'style' );\n\t\t\t\t\tstyle.appendChild( document.createTextNode( '#wpforms-3675-field_1-container { position: absolute !important; overflow: hidden !important; display: inline !important; height: 1px !important; width: 1px !important; z-index: -1000 !important; padding: 0 !important; } #wpforms-3675-field_1-container input { visibility: hidden; } #wpforms-conversational-form-page #wpforms-3675-field_1-container label { counter-increment: none; }' ) );\n\t\t\t\t\tdocument.head.appendChild( style );\n\t\t\t\t\tdocument.currentScript?.remove();\n\t\t\t\t} )();\n\t\t\t<\/script><\/div><!-- .wpforms-field-container --><div class=\"wpforms-submit-container\" ><input type=\"hidden\" name=\"wpforms[id]\" value=\"3675\"><input type=\"hidden\" name=\"page_title\" value=\"\"><input type=\"hidden\" name=\"page_url\" value=\"https:\/\/homeproject.fr\/fr\/wp-json\/wp\/v2\/product\/7393\"><input type=\"hidden\" name=\"url_referer\" value=\"\"><button type=\"submit\" name=\"wpforms[submit]\" id=\"wpforms-submit-3675\" class=\"wpforms-submit\" data-alt-text=\"Envoi...\" data-submit-text=\"Envoyer\" aria-live=\"assertive\" value=\"wpforms-submit\">Envoyer<\/button><img decoding=\"async\" src=\"https:\/\/homeproject.fr\/fr\/wp-content\/plugins\/wpforms-lite\/assets\/images\/submit-spin.svg\" class=\"wpforms-submit-spinner\" style=\"display: none;\" width=\"26\" height=\"26\" alt=\"Chargement en cours\"><\/div><\/form><\/div>  <!-- .wpforms-container -->\n","protected":false},"excerpt":{"rendered":"<p><strong>\u00c9l\u00e9gance et originalit\u00e9 intemporelle<\/strong><\/p>\n<p>Sublimez vos sols avec le carrelage d\u00e9coratif Mutina <strong>D\u00e9chirer D\u00e9cor Bianco<\/strong> au format hexagonal 60&#215;60 cm. Avec sa teinte blanc cass\u00e9 raffin\u00e9e et ses reliefs subtils, ce mod\u00e8le unique sign\u00e9 par la designer renomm\u00e9e Patricia Urquiola apporte une touche artistique et contemporaine \u00e0 vos espaces int\u00e9rieurs.<\/p>\n<p>Il s\u00e9duit par sa finition blanc cass\u00e9 subtilement textur\u00e9e, qui cr\u00e9e un jeu de reliefs captivant. Id\u00e9al pour sublimer les sols de votre int\u00e9rieur, il s\u2019int\u00e8gre parfaitement dans les ambiances contemporaines, minimalistes ou design.<\/p>\n","protected":false},"featured_media":7391,"template":"","meta":{"_uf_show_specific_survey":0,"_uf_disable_surveys":false,"iawp_total_views":7},"product_brand":[],"product_cat":[20,125,130],"product_tag":[],"class_list":{"0":"post-7393","1":"product","2":"type-product","3":"status-publish","4":"has-post-thumbnail","6":"product_cat-carrelage","7":"product_cat-motifs","8":"product_cat-relief","9":"product_shipping_class-carrelage","10":"pa_collection-dechirer-par-mutina","11":"pa_designer-patricia-urquiola","12":"pa_dimensions-nominales-hexagonal-60","13":"pa_effet-motifs","14":"pa_effet-relief","15":"pa_epaisseur-12-mm","16":"pa_marque-mutina","17":"pa_materiau-gres-cerame-non-emaille","19":"first","20":"instock","21":"sale","22":"taxable","23":"shipping-taxable","24":"purchasable","25":"product-type-simple"},"yoast_head":"<!-- This site is optimized with the Yoast SEO plugin v27.5 - https:\/\/yoast.com\/product\/yoast-seo-wordpress\/ -->\n<title>Carrelage sol d\u00e9coratif hexagonal blanc cass\u00e9 Mutina D\u00e9chirer D\u00c9COR BIANCO 60x60 - Homeproject.fr<\/title>\n<meta name=\"robots\" content=\"index, follow, max-snippet:-1, max-image-preview:large, max-video-preview:-1\" \/>\n<link rel=\"canonical\" href=\"https:\/\/homeproject.fr\/fr\/produit\/carrelage-sol-decoratif-hexagonal-blanc-casse-mutina-dechirer-decor-bianco-60x60\/\" \/>\n<meta property=\"og:locale\" content=\"fr_FR\" \/>\n<meta property=\"og:type\" content=\"article\" \/>\n<meta property=\"og:title\" content=\"Carrelage sol d\u00e9coratif hexagonal blanc cass\u00e9 Mutina D\u00e9chirer D\u00c9COR BIANCO 60x60 - Homeproject.fr\" \/>\n<meta property=\"og:description\" content=\"\u00c9l\u00e9gance et originalit\u00e9 intemporelle  Sublimez vos sols avec le carrelage d\u00e9coratif Mutina D\u00e9chirer D\u00e9cor Bianco au format hexagonal 60x60 cm. Avec sa teinte blanc cass\u00e9 raffin\u00e9e et ses reliefs subtils, ce mod\u00e8le unique sign\u00e9 par la designer renomm\u00e9e Patricia Urquiola apporte une touche artistique et contemporaine \u00e0 vos espaces int\u00e9rieurs.  Il s\u00e9duit par sa finition blanc cass\u00e9 subtilement textur\u00e9e, qui cr\u00e9e un jeu de reliefs captivant. Id\u00e9al pour sublimer les sols de votre int\u00e9rieur, il s\u2019int\u00e8gre parfaitement dans les ambiances contemporaines, minimalistes ou design.\" \/>\n<meta property=\"og:url\" content=\"https:\/\/homeproject.fr\/fr\/produit\/carrelage-sol-decoratif-hexagonal-blanc-casse-mutina-dechirer-decor-bianco-60x60\/\" \/>\n<meta property=\"og:site_name\" content=\"Homeproject.fr\" \/>\n<meta property=\"article:modified_time\" content=\"2024-12-28T13:57:59+00:00\" \/>\n<meta property=\"og:image\" content=\"https:\/\/homeproject.fr\/fr\/wp-content\/uploads\/2024\/12\/Carrelage-sol-decoratif-blanc-casse-Mutina-Dechirer-Decor-Bianco-Hexagone.jpeg\" \/>\n\t<meta property=\"og:image:width\" content=\"1500\" \/>\n\t<meta property=\"og:image:height\" content=\"1500\" \/>\n\t<meta property=\"og:image:type\" content=\"image\/jpeg\" \/>\n<meta name=\"twitter:card\" content=\"summary_large_image\" \/>\n<meta name=\"twitter:label1\" content=\"Dur\u00e9e de lecture estim\u00e9e\" \/>\n\t<meta name=\"twitter:data1\" content=\"2 minutes\" \/>\n<script type=\"application\/ld+json\" class=\"yoast-schema-graph\">{\"@context\":\"https:\\\/\\\/schema.org\",\"@graph\":[{\"@type\":\"WebPage\",\"@id\":\"https:\\\/\\\/homeproject.fr\\\/fr\\\/produit\\\/carrelage-sol-decoratif-hexagonal-blanc-casse-mutina-dechirer-decor-bianco-60x60\\\/\",\"url\":\"https:\\\/\\\/homeproject.fr\\\/fr\\\/produit\\\/carrelage-sol-decoratif-hexagonal-blanc-casse-mutina-dechirer-decor-bianco-60x60\\\/\",\"name\":\"Carrelage sol d\u00e9coratif hexagonal blanc cass\u00e9 Mutina D\u00e9chirer D\u00c9COR BIANCO 60x60 - Homeproject.fr\",\"isPartOf\":{\"@id\":\"https:\\\/\\\/homeproject.fr\\\/fr\\\/#website\"},\"primaryImageOfPage\":{\"@id\":\"https:\\\/\\\/homeproject.fr\\\/fr\\\/produit\\\/carrelage-sol-decoratif-hexagonal-blanc-casse-mutina-dechirer-decor-bianco-60x60\\\/#primaryimage\"},\"image\":{\"@id\":\"https:\\\/\\\/homeproject.fr\\\/fr\\\/produit\\\/carrelage-sol-decoratif-hexagonal-blanc-casse-mutina-dechirer-decor-bianco-60x60\\\/#primaryimage\"},\"thumbnailUrl\":\"https:\\\/\\\/homeproject.fr\\\/fr\\\/wp-content\\\/uploads\\\/2024\\\/12\\\/Carrelage-sol-decoratif-blanc-casse-Mutina-Dechirer-Decor-Bianco-Hexagone.jpeg\",\"datePublished\":\"2024-12-28T06:39:16+00:00\",\"dateModified\":\"2024-12-28T13:57:59+00:00\",\"breadcrumb\":{\"@id\":\"https:\\\/\\\/homeproject.fr\\\/fr\\\/produit\\\/carrelage-sol-decoratif-hexagonal-blanc-casse-mutina-dechirer-decor-bianco-60x60\\\/#breadcrumb\"},\"inLanguage\":\"fr-FR\",\"potentialAction\":[{\"@type\":\"ReadAction\",\"target\":[\"https:\\\/\\\/homeproject.fr\\\/fr\\\/produit\\\/carrelage-sol-decoratif-hexagonal-blanc-casse-mutina-dechirer-decor-bianco-60x60\\\/\"]}]},{\"@type\":\"ImageObject\",\"inLanguage\":\"fr-FR\",\"@id\":\"https:\\\/\\\/homeproject.fr\\\/fr\\\/produit\\\/carrelage-sol-decoratif-hexagonal-blanc-casse-mutina-dechirer-decor-bianco-60x60\\\/#primaryimage\",\"url\":\"https:\\\/\\\/homeproject.fr\\\/fr\\\/wp-content\\\/uploads\\\/2024\\\/12\\\/Carrelage-sol-decoratif-blanc-casse-Mutina-Dechirer-Decor-Bianco-Hexagone.jpeg\",\"contentUrl\":\"https:\\\/\\\/homeproject.fr\\\/fr\\\/wp-content\\\/uploads\\\/2024\\\/12\\\/Carrelage-sol-decoratif-blanc-casse-Mutina-Dechirer-Decor-Bianco-Hexagone.jpeg\",\"width\":1500,\"height\":1500},{\"@type\":\"BreadcrumbList\",\"@id\":\"https:\\\/\\\/homeproject.fr\\\/fr\\\/produit\\\/carrelage-sol-decoratif-hexagonal-blanc-casse-mutina-dechirer-decor-bianco-60x60\\\/#breadcrumb\",\"itemListElement\":[{\"@type\":\"ListItem\",\"position\":1,\"name\":\"Accueil\",\"item\":\"https:\\\/\\\/homeproject.fr\\\/fr\\\/\"},{\"@type\":\"ListItem\",\"position\":2,\"name\":\"Boutique\",\"item\":\"https:\\\/\\\/homeproject.fr\\\/fr\\\/boutique\\\/\"},{\"@type\":\"ListItem\",\"position\":3,\"name\":\"Carrelage sol d\u00e9coratif hexagonal blanc cass\u00e9 Mutina D\u00e9chirer D\u00c9COR BIANCO 60&#215;60\"}]},{\"@type\":\"WebSite\",\"@id\":\"https:\\\/\\\/homeproject.fr\\\/fr\\\/#website\",\"url\":\"https:\\\/\\\/homeproject.fr\\\/fr\\\/\",\"name\":\"Homeproject.fr\",\"description\":\"Offrez l&#039;exceptionnel \u00e0 vos espaces \u00e0 vivre\",\"publisher\":{\"@id\":\"https:\\\/\\\/homeproject.fr\\\/fr\\\/#organization\"},\"potentialAction\":[{\"@type\":\"SearchAction\",\"target\":{\"@type\":\"EntryPoint\",\"urlTemplate\":\"https:\\\/\\\/homeproject.fr\\\/fr\\\/?s={search_term_string}\"},\"query-input\":{\"@type\":\"PropertyValueSpecification\",\"valueRequired\":true,\"valueName\":\"search_term_string\"}}],\"inLanguage\":\"fr-FR\"},{\"@type\":\"Organization\",\"@id\":\"https:\\\/\\\/homeproject.fr\\\/fr\\\/#organization\",\"name\":\"Homeproject.fr\",\"url\":\"https:\\\/\\\/homeproject.fr\\\/fr\\\/\",\"logo\":{\"@type\":\"ImageObject\",\"inLanguage\":\"fr-FR\",\"@id\":\"https:\\\/\\\/homeproject.fr\\\/fr\\\/#\\\/schema\\\/logo\\\/image\\\/\",\"url\":\"https:\\\/\\\/homeproject.fr\\\/fr\\\/wp-content\\\/uploads\\\/2024\\\/12\\\/Logo_HomeProject-noir-2.png\",\"contentUrl\":\"https:\\\/\\\/homeproject.fr\\\/fr\\\/wp-content\\\/uploads\\\/2024\\\/12\\\/Logo_HomeProject-noir-2.png\",\"width\":300,\"height\":91,\"caption\":\"Homeproject.fr\"},\"image\":{\"@id\":\"https:\\\/\\\/homeproject.fr\\\/fr\\\/#\\\/schema\\\/logo\\\/image\\\/\"}}]}<\/script>\n<!-- \/ Yoast SEO plugin. -->","yoast_head_json":{"title":"Carrelage sol d\u00e9coratif hexagonal blanc cass\u00e9 Mutina D\u00e9chirer D\u00c9COR BIANCO 60x60 - Homeproject.fr","robots":{"index":"index","follow":"follow","max-snippet":"max-snippet:-1","max-image-preview":"max-image-preview:large","max-video-preview":"max-video-preview:-1"},"canonical":"https:\/\/homeproject.fr\/fr\/produit\/carrelage-sol-decoratif-hexagonal-blanc-casse-mutina-dechirer-decor-bianco-60x60\/","og_locale":"fr_FR","og_type":"article","og_title":"Carrelage sol d\u00e9coratif hexagonal blanc cass\u00e9 Mutina D\u00e9chirer D\u00c9COR BIANCO 60x60 - Homeproject.fr","og_description":"\u00c9l\u00e9gance et originalit\u00e9 intemporelle  Sublimez vos sols avec le carrelage d\u00e9coratif Mutina D\u00e9chirer D\u00e9cor Bianco au format hexagonal 60x60 cm. Avec sa teinte blanc cass\u00e9 raffin\u00e9e et ses reliefs subtils, ce mod\u00e8le unique sign\u00e9 par la designer renomm\u00e9e Patricia Urquiola apporte une touche artistique et contemporaine \u00e0 vos espaces int\u00e9rieurs.  Il s\u00e9duit par sa finition blanc cass\u00e9 subtilement textur\u00e9e, qui cr\u00e9e un jeu de reliefs captivant. Id\u00e9al pour sublimer les sols de votre int\u00e9rieur, il s\u2019int\u00e8gre parfaitement dans les ambiances contemporaines, minimalistes ou design.","og_url":"https:\/\/homeproject.fr\/fr\/produit\/carrelage-sol-decoratif-hexagonal-blanc-casse-mutina-dechirer-decor-bianco-60x60\/","og_site_name":"Homeproject.fr","article_modified_time":"2024-12-28T13:57:59+00:00","og_image":[{"width":1500,"height":1500,"url":"https:\/\/homeproject.fr\/fr\/wp-content\/uploads\/2024\/12\/Carrelage-sol-decoratif-blanc-casse-Mutina-Dechirer-Decor-Bianco-Hexagone.jpeg","type":"image\/jpeg"}],"twitter_card":"summary_large_image","twitter_misc":{"Dur\u00e9e de lecture estim\u00e9e":"2 minutes"},"schema":{"@context":"https:\/\/schema.org","@graph":[{"@type":"WebPage","@id":"https:\/\/homeproject.fr\/fr\/produit\/carrelage-sol-decoratif-hexagonal-blanc-casse-mutina-dechirer-decor-bianco-60x60\/","url":"https:\/\/homeproject.fr\/fr\/produit\/carrelage-sol-decoratif-hexagonal-blanc-casse-mutina-dechirer-decor-bianco-60x60\/","name":"Carrelage sol d\u00e9coratif hexagonal blanc cass\u00e9 Mutina D\u00e9chirer D\u00c9COR BIANCO 60x60 - Homeproject.fr","isPartOf":{"@id":"https:\/\/homeproject.fr\/fr\/#website"},"primaryImageOfPage":{"@id":"https:\/\/homeproject.fr\/fr\/produit\/carrelage-sol-decoratif-hexagonal-blanc-casse-mutina-dechirer-decor-bianco-60x60\/#primaryimage"},"image":{"@id":"https:\/\/homeproject.fr\/fr\/produit\/carrelage-sol-decoratif-hexagonal-blanc-casse-mutina-dechirer-decor-bianco-60x60\/#primaryimage"},"thumbnailUrl":"https:\/\/homeproject.fr\/fr\/wp-content\/uploads\/2024\/12\/Carrelage-sol-decoratif-blanc-casse-Mutina-Dechirer-Decor-Bianco-Hexagone.jpeg","datePublished":"2024-12-28T06:39:16+00:00","dateModified":"2024-12-28T13:57:59+00:00","breadcrumb":{"@id":"https:\/\/homeproject.fr\/fr\/produit\/carrelage-sol-decoratif-hexagonal-blanc-casse-mutina-dechirer-decor-bianco-60x60\/#breadcrumb"},"inLanguage":"fr-FR","potentialAction":[{"@type":"ReadAction","target":["https:\/\/homeproject.fr\/fr\/produit\/carrelage-sol-decoratif-hexagonal-blanc-casse-mutina-dechirer-decor-bianco-60x60\/"]}]},{"@type":"ImageObject","inLanguage":"fr-FR","@id":"https:\/\/homeproject.fr\/fr\/produit\/carrelage-sol-decoratif-hexagonal-blanc-casse-mutina-dechirer-decor-bianco-60x60\/#primaryimage","url":"https:\/\/homeproject.fr\/fr\/wp-content\/uploads\/2024\/12\/Carrelage-sol-decoratif-blanc-casse-Mutina-Dechirer-Decor-Bianco-Hexagone.jpeg","contentUrl":"https:\/\/homeproject.fr\/fr\/wp-content\/uploads\/2024\/12\/Carrelage-sol-decoratif-blanc-casse-Mutina-Dechirer-Decor-Bianco-Hexagone.jpeg","width":1500,"height":1500},{"@type":"BreadcrumbList","@id":"https:\/\/homeproject.fr\/fr\/produit\/carrelage-sol-decoratif-hexagonal-blanc-casse-mutina-dechirer-decor-bianco-60x60\/#breadcrumb","itemListElement":[{"@type":"ListItem","position":1,"name":"Accueil","item":"https:\/\/homeproject.fr\/fr\/"},{"@type":"ListItem","position":2,"name":"Boutique","item":"https:\/\/homeproject.fr\/fr\/boutique\/"},{"@type":"ListItem","position":3,"name":"Carrelage sol d\u00e9coratif hexagonal blanc cass\u00e9 Mutina D\u00e9chirer D\u00c9COR BIANCO 60&#215;60"}]},{"@type":"WebSite","@id":"https:\/\/homeproject.fr\/fr\/#website","url":"https:\/\/homeproject.fr\/fr\/","name":"Homeproject.fr","description":"Offrez l&#039;exceptionnel \u00e0 vos espaces \u00e0 vivre","publisher":{"@id":"https:\/\/homeproject.fr\/fr\/#organization"},"potentialAction":[{"@type":"SearchAction","target":{"@type":"EntryPoint","urlTemplate":"https:\/\/homeproject.fr\/fr\/?s={search_term_string}"},"query-input":{"@type":"PropertyValueSpecification","valueRequired":true,"valueName":"search_term_string"}}],"inLanguage":"fr-FR"},{"@type":"Organization","@id":"https:\/\/homeproject.fr\/fr\/#organization","name":"Homeproject.fr","url":"https:\/\/homeproject.fr\/fr\/","logo":{"@type":"ImageObject","inLanguage":"fr-FR","@id":"https:\/\/homeproject.fr\/fr\/#\/schema\/logo\/image\/","url":"https:\/\/homeproject.fr\/fr\/wp-content\/uploads\/2024\/12\/Logo_HomeProject-noir-2.png","contentUrl":"https:\/\/homeproject.fr\/fr\/wp-content\/uploads\/2024\/12\/Logo_HomeProject-noir-2.png","width":300,"height":91,"caption":"Homeproject.fr"},"image":{"@id":"https:\/\/homeproject.fr\/fr\/#\/schema\/logo\/image\/"}}]}},"_links":{"self":[{"href":"https:\/\/homeproject.fr\/fr\/wp-json\/wp\/v2\/product\/7393","targetHints":{"allow":["GET"]}}],"collection":[{"href":"https:\/\/homeproject.fr\/fr\/wp-json\/wp\/v2\/product"}],"about":[{"href":"https:\/\/homeproject.fr\/fr\/wp-json\/wp\/v2\/types\/product"}],"version-history":[{"count":1,"href":"https:\/\/homeproject.fr\/fr\/wp-json\/wp\/v2\/product\/7393\/revisions"}],"predecessor-version":[{"id":7394,"href":"https:\/\/homeproject.fr\/fr\/wp-json\/wp\/v2\/product\/7393\/revisions\/7394"}],"wp:featuredmedia":[{"embeddable":true,"href":"https:\/\/homeproject.fr\/fr\/wp-json\/wp\/v2\/media\/7391"}],"wp:attachment":[{"href":"https:\/\/homeproject.fr\/fr\/wp-json\/wp\/v2\/media?parent=7393"}],"wp:term":[{"taxonomy":"product_brand","embeddable":true,"href":"https:\/\/homeproject.fr\/fr\/wp-json\/wp\/v2\/product_brand?post=7393"},{"taxonomy":"product_cat","embeddable":true,"href":"https:\/\/homeproject.fr\/fr\/wp-json\/wp\/v2\/product_cat?post=7393"},{"taxonomy":"product_tag","embeddable":true,"href":"https:\/\/homeproject.fr\/fr\/wp-json\/wp\/v2\/product_tag?post=7393"}],"curies":[{"name":"wp","href":"https:\/\/api.w.org\/{rel}","templated":true}]}}