{"id":7255,"date":"2024-12-27T13:09:47","date_gmt":"2024-12-27T13:09:47","guid":{"rendered":"https:\/\/homeproject.fr\/fr\/?post_type=product&#038;p=7255"},"modified":"2024-12-28T13:02:31","modified_gmt":"2024-12-28T13:02:31","slug":"carrelage-sol-et-mur-mutina-puzzle-aland-25x25","status":"publish","type":"product","link":"https:\/\/homeproject.fr\/fr\/produit\/carrelage-sol-et-mur-mutina-puzzle-aland-25x25\/","title":{"rendered":"Carrelage  sol et mur Mutina Puzzle ALAND 25&#215;25"},"content":{"rendered":"<p><strong><a href=\"https:\/\/homeproject.fr\/fr\/produit\/echantillon-carrelage-mutina-puzzle-aland\/\">Commander un \u00e9chantillon<\/a><\/strong><\/p>\n<p><strong>Caract\u00e9ristiques principales du Puzzle ALAND :<\/strong><\/p>\n<p>\u2022Design modulable : Composez des motifs uniques en alternant les carreaux pour un r\u00e9sultat personnalis\u00e9.<\/p>\n<p>\u2022Palette lumineuse : Les teintes claires cr\u00e9ent une ambiance douce et agrandissent visuellement vos espaces.<\/p>\n<p>\u2022Finition raffin\u00e9e : Surface mate, id\u00e9ale pour un style moderne ou scandinave.<\/p>\n<p>\u2022Polyvalence : Convient pour les murs et sols, dans des pi\u00e8ces comme la salle de bains, la cuisine ou les espaces de vie.<\/p>\n<p><strong>D\u00e9tails techniques :<\/strong><\/p>\n<p>\u2022Mat\u00e9riau : C\u00e9ramique haut de gamme, durable et r\u00e9sistante.<\/p>\n<p>\u2022Dimensions : Carreaux carr\u00e9s 25\u00d725 pour une pose facile.<\/p>\n<p>\u2022Utilisation : Adapt\u00e9 pour un usage int\u00e9rieur.<\/p>\n<p>Pourquoi choisir le Puzzle ALAND ?<\/p>\n<p>Le carrelage ALAND refl\u00e8te l\u2019expertise de Mutina dans le design contemporain. Il est id\u00e9al pour ceux qui recherchent un \u00e9quilibre entre esth\u00e9tisme, fonctionnalit\u00e9 et personnalisation.<\/p>\n<p>Transformez votre int\u00e9rieur avec ce mod\u00e8le intemporel et retrouvez-le d\u00e8s aujourd\u2019hui sur HomeProject.fr pour un design unique et harmonieux.<\/p>\n<h3>Design par Edward Barber et Jay Osgerby<\/h3>\n<p>Barber et Osgerby s\u2019int\u00e9ressent particuli\u00e8rement aux relations entre les objets, les personnes et les espaces. Leur objectif est de cr\u00e9er des designs qui enrichissent l\u2019exp\u00e9rience humaine en mariant beaut\u00e9 et utilit\u00e9.<\/p>\n<p><strong>\u0152uvres et collaborations marquantes<\/strong><\/p>\n<p>\u2022Mobilier : Ils ont collabor\u00e9 avec des marques de design prestigieuses telles que Vitra, Knoll, B&B Italia, et Mutina.<\/p>\n<p>\u2022Projets publics : Ils sont les cr\u00e9ateurs de la torche olympique des Jeux de Londres 2012, salu\u00e9e pour son \u00e9l\u00e9gance et son conception technique.<\/p>\n<p>\u2022Expositions : Leur \u0153uvre a \u00e9t\u00e9 expos\u00e9e dans des mus\u00e9es c\u00e9l\u00e8bres, tels que le Victoria & Albert Museum de Londres, le Metropolitan Museum of Art \u00e0 New York, et le Design Museum de Londres.<\/p>\n<p><strong>Prix et distinctions<\/strong><\/p>\n<p>Leur travail leur a valu de nombreux prix internationaux, dont le Prix du Design de la Reine en 2007. En 2013, Edward Barber et Jay Osgerby ont \u00e9t\u00e9 nomm\u00e9s Officiers de l\u2019Ordre de l\u2019Empire britannique (OBE) pour leur contribution au design.<\/p>\n<p>Barber & Osgerby continuent d\u2019influencer le design mondial avec leur vision avant-gardiste, collaborant avec les plus grands noms et r\u00e9imaginant les objets du quotidien avec une touche intemporelle.<\/p>\n<p><strong style=\"font-family: inherit; font-size: 30px;\">Vous avez des questions ?<\/strong><\/p>\n<style id=\"wpforms-css-vars-3675\">\n\t\t\t\t#wpforms-3675 {\n\t\t\t\t\n\t\t\t}\n\t\t\t<\/style><div class=\"wpforms-container wpforms-container-full wpforms-render-modern\" id=\"wpforms-3675\"><form id=\"wpforms-form-3675\" class=\"wpforms-validate wpforms-form wpforms-ajax-form\" data-formid=\"3675\" method=\"post\" enctype=\"multipart\/form-data\" action=\"\/fr\/wp-json\/wp\/v2\/product\/7255\" data-token=\"40ada6e9151c970e4278e2da3e5409c5\" data-token-time=\"1777925830\"><noscript class=\"wpforms-error-noscript\">Veuillez activer JavaScript dans votre navigateur pour remplir ce formulaire.<\/noscript><div id=\"wpforms-error-noscript\" style=\"display: none;\">Veuillez activer JavaScript dans votre navigateur pour remplir ce formulaire.<\/div><div class=\"wpforms-field-container\">\t\t<div id=\"wpforms-3675-field_1-container\"\n\t\t\tclass=\"wpforms-field wpforms-field-text\"\n\t\t\tdata-field-type=\"text\"\n\t\t\tdata-field-id=\"1\"\n\t\t\t>\n\t\t\t<label class=\"wpforms-field-label\" for=\"wpforms-3675-field_1\" >Message E-mail Nom<\/label>\n\t\t\t<input type=\"text\" id=\"wpforms-3675-field_1\" class=\"wpforms-field-medium\" name=\"wpforms[fields][1]\" >\n\t\t<\/div>\n\t\t<div id=\"wpforms-3675-field_3-container\" class=\"wpforms-field wpforms-field-name\" data-field-id=\"3\"><fieldset><legend class=\"wpforms-field-label\">Nom <span class=\"wpforms-required-label\" aria-hidden=\"true\">*<\/span><\/legend><div class=\"wpforms-field-row wpforms-field-medium\"><div class=\"wpforms-field-row-block wpforms-first wpforms-one-half\"><input type=\"text\" id=\"wpforms-3675-field_3\" class=\"wpforms-field-name-first wpforms-field-required\" name=\"wpforms[fields][3][first]\" aria-errormessage=\"wpforms-3675-field_3-error\" required><label for=\"wpforms-3675-field_3\" class=\"wpforms-field-sublabel after\">Pr\u00e9nom<\/label><\/div><div class=\"wpforms-field-row-block wpforms-one-half\"><input type=\"text\" id=\"wpforms-3675-field_3-last\" class=\"wpforms-field-name-last wpforms-field-required\" name=\"wpforms[fields][3][last]\" aria-errormessage=\"wpforms-3675-field_3-last-error\" required><label for=\"wpforms-3675-field_3-last\" class=\"wpforms-field-sublabel after\">Nom<\/label><\/div><\/div><\/fieldset><\/div><div id=\"wpforms-3675-field_4-container\" class=\"wpforms-field wpforms-field-email\" data-field-id=\"4\"><label class=\"wpforms-field-label\" for=\"wpforms-3675-field_4\">E-mail <span class=\"wpforms-required-label\" aria-hidden=\"true\">*<\/span><\/label><input type=\"email\" id=\"wpforms-3675-field_4\" class=\"wpforms-field-medium wpforms-field-required\" name=\"wpforms[fields][4]\" spellcheck=\"false\" aria-errormessage=\"wpforms-3675-field_4-error\" required><\/div><div id=\"wpforms-3675-field_5-container\" class=\"wpforms-field wpforms-field-textarea\" data-field-id=\"5\"><label class=\"wpforms-field-label\" for=\"wpforms-3675-field_5\">Message <span class=\"wpforms-required-label\" aria-hidden=\"true\">*<\/span><\/label><textarea id=\"wpforms-3675-field_5\" class=\"wpforms-field-medium wpforms-field-required\" name=\"wpforms[fields][5]\" aria-errormessage=\"wpforms-3675-field_5-error\" required><\/textarea><\/div><script>\n\t\t\t\t( function() {\n\t\t\t\t\tconst style = document.createElement( 'style' );\n\t\t\t\t\tstyle.appendChild( document.createTextNode( '#wpforms-3675-field_1-container { position: absolute !important; overflow: hidden !important; display: inline !important; height: 1px !important; width: 1px !important; z-index: -1000 !important; padding: 0 !important; } #wpforms-3675-field_1-container input { visibility: hidden; } #wpforms-conversational-form-page #wpforms-3675-field_1-container label { counter-increment: none; }' ) );\n\t\t\t\t\tdocument.head.appendChild( style );\n\t\t\t\t\tdocument.currentScript?.remove();\n\t\t\t\t} )();\n\t\t\t<\/script><\/div><!-- .wpforms-field-container --><div class=\"wpforms-submit-container\" ><input type=\"hidden\" name=\"wpforms[id]\" value=\"3675\"><input type=\"hidden\" name=\"page_title\" value=\"\"><input type=\"hidden\" name=\"page_url\" value=\"https:\/\/homeproject.fr\/fr\/wp-json\/wp\/v2\/product\/7255\"><input type=\"hidden\" name=\"url_referer\" value=\"\"><button type=\"submit\" name=\"wpforms[submit]\" id=\"wpforms-submit-3675\" class=\"wpforms-submit\" data-alt-text=\"Envoi...\" data-submit-text=\"Envoyer\" aria-live=\"assertive\" value=\"wpforms-submit\">Envoyer<\/button><img decoding=\"async\" src=\"https:\/\/homeproject.fr\/fr\/wp-content\/plugins\/wpforms-lite\/assets\/images\/submit-spin.svg\" class=\"wpforms-submit-spinner\" style=\"display: none;\" width=\"26\" height=\"26\" alt=\"Chargement en cours\"><\/div><\/form><\/div>  <!-- .wpforms-container -->\n","protected":false},"excerpt":{"rendered":"<p>Cr\u00e9ez des espaces lumineux et contemporains avec le carrelage Puzzle ALAND de Mutina, disponible sur HomeProject.fr. Ce mod\u00e8le s\u2019inscrit dans une esth\u00e9tique minimaliste, m\u00ealant des tons clairs et apaisants (blancs et gris doux) \u00e0 des motifs g\u00e9om\u00e9triques subtils. Id\u00e9al pour transformer vos murs et sols, ce carrelage incarne l\u2019\u00e9l\u00e9gance et la modularit\u00e9.<\/p>\n","protected":false},"featured_media":7253,"template":"","meta":{"_uf_show_specific_survey":0,"_uf_disable_surveys":false,"iawp_total_views":45},"product_brand":[],"product_cat":[20,124,125],"product_tag":[],"class_list":{"0":"post-7255","1":"product","2":"type-product","3":"status-publish","4":"has-post-thumbnail","6":"product_cat-carrelage","7":"product_cat-effet-carreau-ciment","8":"product_cat-motifs","9":"product_shipping_class-carrelage","10":"pa_collection-puzzle-par-mutina","11":"pa_designer-edward-barber-jay-osgerby","12":"pa_dimensions-nominales-25x25","13":"pa_effet-carreau-ciment","14":"pa_effet-motifs","15":"pa_epaisseur-14-mm","16":"pa_marque-mutina","18":"first","19":"instock","20":"sale","21":"taxable","22":"shipping-taxable","23":"purchasable","24":"product-type-simple"},"yoast_head":"<!-- This site is optimized with the Yoast SEO plugin v27.5 - https:\/\/yoast.com\/product\/yoast-seo-wordpress\/ -->\n<title>Carrelage sol et mur Mutina Puzzle ALAND 25x25 - Homeproject.fr<\/title>\n<meta name=\"robots\" content=\"index, follow, max-snippet:-1, max-image-preview:large, max-video-preview:-1\" \/>\n<link rel=\"canonical\" href=\"https:\/\/homeproject.fr\/fr\/produit\/carrelage-sol-et-mur-mutina-puzzle-aland-25x25\/\" \/>\n<meta property=\"og:locale\" content=\"fr_FR\" \/>\n<meta property=\"og:type\" content=\"article\" \/>\n<meta property=\"og:title\" content=\"Carrelage sol et mur Mutina Puzzle ALAND 25x25 - Homeproject.fr\" \/>\n<meta property=\"og:description\" content=\"Cr\u00e9ez des espaces lumineux et contemporains avec le carrelage Puzzle ALAND de Mutina, disponible sur HomeProject.fr. Ce mod\u00e8le s\u2019inscrit dans une esth\u00e9tique minimaliste, m\u00ealant des tons clairs et apaisants (blancs et gris doux) \u00e0 des motifs g\u00e9om\u00e9triques subtils. Id\u00e9al pour transformer vos murs et sols, ce carrelage incarne l\u2019\u00e9l\u00e9gance et la modularit\u00e9.\" \/>\n<meta property=\"og:url\" content=\"https:\/\/homeproject.fr\/fr\/produit\/carrelage-sol-et-mur-mutina-puzzle-aland-25x25\/\" \/>\n<meta property=\"og:site_name\" content=\"Homeproject.fr\" \/>\n<meta property=\"article:modified_time\" content=\"2024-12-28T13:02:31+00:00\" \/>\n<meta property=\"og:image\" content=\"https:\/\/homeproject.fr\/fr\/wp-content\/uploads\/2024\/12\/Carrelage-sol-et-mur-en-gres-cerame-effet-carreau-ciment-beige-et-taupe-Puzzle-Aland-25x25-1.jpeg\" \/>\n\t<meta property=\"og:image:width\" content=\"1500\" \/>\n\t<meta property=\"og:image:height\" content=\"1500\" \/>\n\t<meta property=\"og:image:type\" content=\"image\/jpeg\" \/>\n<meta name=\"twitter:card\" content=\"summary_large_image\" \/>\n<meta name=\"twitter:label1\" content=\"Dur\u00e9e de lecture estim\u00e9e\" \/>\n\t<meta name=\"twitter:data1\" content=\"2 minutes\" \/>\n<script type=\"application\/ld+json\" class=\"yoast-schema-graph\">{\"@context\":\"https:\\\/\\\/schema.org\",\"@graph\":[{\"@type\":\"WebPage\",\"@id\":\"https:\\\/\\\/homeproject.fr\\\/fr\\\/produit\\\/carrelage-sol-et-mur-mutina-puzzle-aland-25x25\\\/\",\"url\":\"https:\\\/\\\/homeproject.fr\\\/fr\\\/produit\\\/carrelage-sol-et-mur-mutina-puzzle-aland-25x25\\\/\",\"name\":\"Carrelage sol et mur Mutina Puzzle ALAND 25x25 - Homeproject.fr\",\"isPartOf\":{\"@id\":\"https:\\\/\\\/homeproject.fr\\\/fr\\\/#website\"},\"primaryImageOfPage\":{\"@id\":\"https:\\\/\\\/homeproject.fr\\\/fr\\\/produit\\\/carrelage-sol-et-mur-mutina-puzzle-aland-25x25\\\/#primaryimage\"},\"image\":{\"@id\":\"https:\\\/\\\/homeproject.fr\\\/fr\\\/produit\\\/carrelage-sol-et-mur-mutina-puzzle-aland-25x25\\\/#primaryimage\"},\"thumbnailUrl\":\"https:\\\/\\\/homeproject.fr\\\/fr\\\/wp-content\\\/uploads\\\/2024\\\/12\\\/Carrelage-sol-et-mur-en-gres-cerame-effet-carreau-ciment-beige-et-taupe-Puzzle-Aland-25x25-1.jpeg\",\"datePublished\":\"2024-12-27T13:09:47+00:00\",\"dateModified\":\"2024-12-28T13:02:31+00:00\",\"breadcrumb\":{\"@id\":\"https:\\\/\\\/homeproject.fr\\\/fr\\\/produit\\\/carrelage-sol-et-mur-mutina-puzzle-aland-25x25\\\/#breadcrumb\"},\"inLanguage\":\"fr-FR\",\"potentialAction\":[{\"@type\":\"ReadAction\",\"target\":[\"https:\\\/\\\/homeproject.fr\\\/fr\\\/produit\\\/carrelage-sol-et-mur-mutina-puzzle-aland-25x25\\\/\"]}]},{\"@type\":\"ImageObject\",\"inLanguage\":\"fr-FR\",\"@id\":\"https:\\\/\\\/homeproject.fr\\\/fr\\\/produit\\\/carrelage-sol-et-mur-mutina-puzzle-aland-25x25\\\/#primaryimage\",\"url\":\"https:\\\/\\\/homeproject.fr\\\/fr\\\/wp-content\\\/uploads\\\/2024\\\/12\\\/Carrelage-sol-et-mur-en-gres-cerame-effet-carreau-ciment-beige-et-taupe-Puzzle-Aland-25x25-1.jpeg\",\"contentUrl\":\"https:\\\/\\\/homeproject.fr\\\/fr\\\/wp-content\\\/uploads\\\/2024\\\/12\\\/Carrelage-sol-et-mur-en-gres-cerame-effet-carreau-ciment-beige-et-taupe-Puzzle-Aland-25x25-1.jpeg\",\"width\":1500,\"height\":1500},{\"@type\":\"BreadcrumbList\",\"@id\":\"https:\\\/\\\/homeproject.fr\\\/fr\\\/produit\\\/carrelage-sol-et-mur-mutina-puzzle-aland-25x25\\\/#breadcrumb\",\"itemListElement\":[{\"@type\":\"ListItem\",\"position\":1,\"name\":\"Accueil\",\"item\":\"https:\\\/\\\/homeproject.fr\\\/fr\\\/\"},{\"@type\":\"ListItem\",\"position\":2,\"name\":\"Boutique\",\"item\":\"https:\\\/\\\/homeproject.fr\\\/fr\\\/boutique\\\/\"},{\"@type\":\"ListItem\",\"position\":3,\"name\":\"Carrelage sol et mur Mutina Puzzle ALAND 25&#215;25\"}]},{\"@type\":\"WebSite\",\"@id\":\"https:\\\/\\\/homeproject.fr\\\/fr\\\/#website\",\"url\":\"https:\\\/\\\/homeproject.fr\\\/fr\\\/\",\"name\":\"Homeproject.fr\",\"description\":\"Offrez l&#039;exceptionnel \u00e0 vos espaces \u00e0 vivre\",\"publisher\":{\"@id\":\"https:\\\/\\\/homeproject.fr\\\/fr\\\/#organization\"},\"potentialAction\":[{\"@type\":\"SearchAction\",\"target\":{\"@type\":\"EntryPoint\",\"urlTemplate\":\"https:\\\/\\\/homeproject.fr\\\/fr\\\/?s={search_term_string}\"},\"query-input\":{\"@type\":\"PropertyValueSpecification\",\"valueRequired\":true,\"valueName\":\"search_term_string\"}}],\"inLanguage\":\"fr-FR\"},{\"@type\":\"Organization\",\"@id\":\"https:\\\/\\\/homeproject.fr\\\/fr\\\/#organization\",\"name\":\"Homeproject.fr\",\"url\":\"https:\\\/\\\/homeproject.fr\\\/fr\\\/\",\"logo\":{\"@type\":\"ImageObject\",\"inLanguage\":\"fr-FR\",\"@id\":\"https:\\\/\\\/homeproject.fr\\\/fr\\\/#\\\/schema\\\/logo\\\/image\\\/\",\"url\":\"https:\\\/\\\/homeproject.fr\\\/fr\\\/wp-content\\\/uploads\\\/2024\\\/12\\\/Logo_HomeProject-noir-2.png\",\"contentUrl\":\"https:\\\/\\\/homeproject.fr\\\/fr\\\/wp-content\\\/uploads\\\/2024\\\/12\\\/Logo_HomeProject-noir-2.png\",\"width\":300,\"height\":91,\"caption\":\"Homeproject.fr\"},\"image\":{\"@id\":\"https:\\\/\\\/homeproject.fr\\\/fr\\\/#\\\/schema\\\/logo\\\/image\\\/\"}}]}<\/script>\n<!-- \/ Yoast SEO plugin. -->","yoast_head_json":{"title":"Carrelage sol et mur Mutina Puzzle ALAND 25x25 - Homeproject.fr","robots":{"index":"index","follow":"follow","max-snippet":"max-snippet:-1","max-image-preview":"max-image-preview:large","max-video-preview":"max-video-preview:-1"},"canonical":"https:\/\/homeproject.fr\/fr\/produit\/carrelage-sol-et-mur-mutina-puzzle-aland-25x25\/","og_locale":"fr_FR","og_type":"article","og_title":"Carrelage sol et mur Mutina Puzzle ALAND 25x25 - Homeproject.fr","og_description":"Cr\u00e9ez des espaces lumineux et contemporains avec le carrelage Puzzle ALAND de Mutina, disponible sur HomeProject.fr. Ce mod\u00e8le s\u2019inscrit dans une esth\u00e9tique minimaliste, m\u00ealant des tons clairs et apaisants (blancs et gris doux) \u00e0 des motifs g\u00e9om\u00e9triques subtils. Id\u00e9al pour transformer vos murs et sols, ce carrelage incarne l\u2019\u00e9l\u00e9gance et la modularit\u00e9.","og_url":"https:\/\/homeproject.fr\/fr\/produit\/carrelage-sol-et-mur-mutina-puzzle-aland-25x25\/","og_site_name":"Homeproject.fr","article_modified_time":"2024-12-28T13:02:31+00:00","og_image":[{"width":1500,"height":1500,"url":"https:\/\/homeproject.fr\/fr\/wp-content\/uploads\/2024\/12\/Carrelage-sol-et-mur-en-gres-cerame-effet-carreau-ciment-beige-et-taupe-Puzzle-Aland-25x25-1.jpeg","type":"image\/jpeg"}],"twitter_card":"summary_large_image","twitter_misc":{"Dur\u00e9e de lecture estim\u00e9e":"2 minutes"},"schema":{"@context":"https:\/\/schema.org","@graph":[{"@type":"WebPage","@id":"https:\/\/homeproject.fr\/fr\/produit\/carrelage-sol-et-mur-mutina-puzzle-aland-25x25\/","url":"https:\/\/homeproject.fr\/fr\/produit\/carrelage-sol-et-mur-mutina-puzzle-aland-25x25\/","name":"Carrelage sol et mur Mutina Puzzle ALAND 25x25 - Homeproject.fr","isPartOf":{"@id":"https:\/\/homeproject.fr\/fr\/#website"},"primaryImageOfPage":{"@id":"https:\/\/homeproject.fr\/fr\/produit\/carrelage-sol-et-mur-mutina-puzzle-aland-25x25\/#primaryimage"},"image":{"@id":"https:\/\/homeproject.fr\/fr\/produit\/carrelage-sol-et-mur-mutina-puzzle-aland-25x25\/#primaryimage"},"thumbnailUrl":"https:\/\/homeproject.fr\/fr\/wp-content\/uploads\/2024\/12\/Carrelage-sol-et-mur-en-gres-cerame-effet-carreau-ciment-beige-et-taupe-Puzzle-Aland-25x25-1.jpeg","datePublished":"2024-12-27T13:09:47+00:00","dateModified":"2024-12-28T13:02:31+00:00","breadcrumb":{"@id":"https:\/\/homeproject.fr\/fr\/produit\/carrelage-sol-et-mur-mutina-puzzle-aland-25x25\/#breadcrumb"},"inLanguage":"fr-FR","potentialAction":[{"@type":"ReadAction","target":["https:\/\/homeproject.fr\/fr\/produit\/carrelage-sol-et-mur-mutina-puzzle-aland-25x25\/"]}]},{"@type":"ImageObject","inLanguage":"fr-FR","@id":"https:\/\/homeproject.fr\/fr\/produit\/carrelage-sol-et-mur-mutina-puzzle-aland-25x25\/#primaryimage","url":"https:\/\/homeproject.fr\/fr\/wp-content\/uploads\/2024\/12\/Carrelage-sol-et-mur-en-gres-cerame-effet-carreau-ciment-beige-et-taupe-Puzzle-Aland-25x25-1.jpeg","contentUrl":"https:\/\/homeproject.fr\/fr\/wp-content\/uploads\/2024\/12\/Carrelage-sol-et-mur-en-gres-cerame-effet-carreau-ciment-beige-et-taupe-Puzzle-Aland-25x25-1.jpeg","width":1500,"height":1500},{"@type":"BreadcrumbList","@id":"https:\/\/homeproject.fr\/fr\/produit\/carrelage-sol-et-mur-mutina-puzzle-aland-25x25\/#breadcrumb","itemListElement":[{"@type":"ListItem","position":1,"name":"Accueil","item":"https:\/\/homeproject.fr\/fr\/"},{"@type":"ListItem","position":2,"name":"Boutique","item":"https:\/\/homeproject.fr\/fr\/boutique\/"},{"@type":"ListItem","position":3,"name":"Carrelage sol et mur Mutina Puzzle ALAND 25&#215;25"}]},{"@type":"WebSite","@id":"https:\/\/homeproject.fr\/fr\/#website","url":"https:\/\/homeproject.fr\/fr\/","name":"Homeproject.fr","description":"Offrez l&#039;exceptionnel \u00e0 vos espaces \u00e0 vivre","publisher":{"@id":"https:\/\/homeproject.fr\/fr\/#organization"},"potentialAction":[{"@type":"SearchAction","target":{"@type":"EntryPoint","urlTemplate":"https:\/\/homeproject.fr\/fr\/?s={search_term_string}"},"query-input":{"@type":"PropertyValueSpecification","valueRequired":true,"valueName":"search_term_string"}}],"inLanguage":"fr-FR"},{"@type":"Organization","@id":"https:\/\/homeproject.fr\/fr\/#organization","name":"Homeproject.fr","url":"https:\/\/homeproject.fr\/fr\/","logo":{"@type":"ImageObject","inLanguage":"fr-FR","@id":"https:\/\/homeproject.fr\/fr\/#\/schema\/logo\/image\/","url":"https:\/\/homeproject.fr\/fr\/wp-content\/uploads\/2024\/12\/Logo_HomeProject-noir-2.png","contentUrl":"https:\/\/homeproject.fr\/fr\/wp-content\/uploads\/2024\/12\/Logo_HomeProject-noir-2.png","width":300,"height":91,"caption":"Homeproject.fr"},"image":{"@id":"https:\/\/homeproject.fr\/fr\/#\/schema\/logo\/image\/"}}]}},"_links":{"self":[{"href":"https:\/\/homeproject.fr\/fr\/wp-json\/wp\/v2\/product\/7255","targetHints":{"allow":["GET"]}}],"collection":[{"href":"https:\/\/homeproject.fr\/fr\/wp-json\/wp\/v2\/product"}],"about":[{"href":"https:\/\/homeproject.fr\/fr\/wp-json\/wp\/v2\/types\/product"}],"version-history":[{"count":2,"href":"https:\/\/homeproject.fr\/fr\/wp-json\/wp\/v2\/product\/7255\/revisions"}],"predecessor-version":[{"id":7266,"href":"https:\/\/homeproject.fr\/fr\/wp-json\/wp\/v2\/product\/7255\/revisions\/7266"}],"wp:featuredmedia":[{"embeddable":true,"href":"https:\/\/homeproject.fr\/fr\/wp-json\/wp\/v2\/media\/7253"}],"wp:attachment":[{"href":"https:\/\/homeproject.fr\/fr\/wp-json\/wp\/v2\/media?parent=7255"}],"wp:term":[{"taxonomy":"product_brand","embeddable":true,"href":"https:\/\/homeproject.fr\/fr\/wp-json\/wp\/v2\/product_brand?post=7255"},{"taxonomy":"product_cat","embeddable":true,"href":"https:\/\/homeproject.fr\/fr\/wp-json\/wp\/v2\/product_cat?post=7255"},{"taxonomy":"product_tag","embeddable":true,"href":"https:\/\/homeproject.fr\/fr\/wp-json\/wp\/v2\/product_tag?post=7255"}],"curies":[{"name":"wp","href":"https:\/\/api.w.org\/{rel}","templated":true}]}}