{"id":7192,"date":"2024-12-24T06:51:39","date_gmt":"2024-12-24T06:51:39","guid":{"rendered":"https:\/\/homeproject.fr\/fr\/?post_type=product&#038;p=7192"},"modified":"2024-12-24T06:57:46","modified_gmt":"2024-12-24T06:57:46","slug":"carrelage-mural-en-faience-wow-aquarelle-greige-gloss-75-x-30-rectangulaire","status":"publish","type":"product","link":"https:\/\/homeproject.fr\/fr\/produit\/carrelage-mural-en-faience-wow-aquarelle-greige-gloss-75-x-30-rectangulaire\/","title":{"rendered":"Carrelage mural en fa\u00efence Wow Aquarelle GREIGE GLOSS 7,5 x 30 rectangulaire"},"content":{"rendered":"<p><strong><a href=\"https:\/\/homeproject.fr\/fr\/produit\/echantillon-faience-wow-aquarelle-greige-gloss-rectangulaire\/\">Commander un \u00e9chantillon<\/a><\/strong><\/p>\n<p><strong>Points forts :<\/strong><\/p>\n<p>\u2022Design \u00e9pur\u00e9 : Une teinte Greige sophistiqu\u00e9e et une finition brillante pour un effet visuel unique.<\/p>\n<p>\u2022Polyvalence : Parfait pour les murs int\u00e9rieurs, des cuisines et salles de bains aux espaces de vie \u00e9l\u00e9gants.<\/p>\n<p>\u2022Facilit\u00e9 d\u2019entretien : R\u00e9sistant aux taches et simple \u00e0 nettoyer, id\u00e9al pour un usage quotidien.<\/p>\n<p><strong>Caract\u00e9ristiques techniques :<\/strong><\/p>\n<p>\u2022Dimensions : 7,5 x 30 cm (3\u201d x 12\u201d)<\/p>\n<p>\u2022\u00c9paisseur : 8,5 mm<\/p>\n<p>\u2022Mat\u00e9riau : C\u00e9ramique \u00e0 base blanche<\/p>\n<p>\u2022Finition : Gloss (brillante)<\/p>\n<p>\u2022Durabilit\u00e9 : Conforme aux normes techniques (UNE-EN ISO 10545), assurant robustesse et long\u00e9vit\u00e9.<\/p>\n<p>Les carreaux Wow Aquarelle Greige Gloss sont la solution id\u00e9ale pour cr\u00e9er des espaces modernes et accueillants. Leur esth\u00e9tique intemporelle et leur brillance subtile apporteront une touche de sophistication \u00e0 vos projets de d\u00e9coration int\u00e9rieure.<\/p>\n<p><strong style=\"font-family: inherit; font-size: 30px;\">Vous avez des questions ?<\/strong><\/p>\n<style id=\"wpforms-css-vars-3675\">\n\t\t\t\t#wpforms-3675 {\n\t\t\t\t\n\t\t\t}\n\t\t\t<\/style><div class=\"wpforms-container wpforms-container-full wpforms-render-modern\" id=\"wpforms-3675\"><form id=\"wpforms-form-3675\" class=\"wpforms-validate wpforms-form wpforms-ajax-form\" data-formid=\"3675\" method=\"post\" enctype=\"multipart\/form-data\" action=\"\/fr\/wp-json\/wp\/v2\/product\/7192\" data-token=\"40ada6e9151c970e4278e2da3e5409c5\" data-token-time=\"1777916222\"><noscript class=\"wpforms-error-noscript\">Veuillez activer JavaScript dans votre navigateur pour remplir ce formulaire.<\/noscript><div id=\"wpforms-error-noscript\" style=\"display: none;\">Veuillez activer JavaScript dans votre navigateur pour remplir ce formulaire.<\/div><div class=\"wpforms-field-container\"><div id=\"wpforms-3675-field_3-container\" class=\"wpforms-field wpforms-field-name\" data-field-id=\"3\"><fieldset><legend class=\"wpforms-field-label\">Nom <span class=\"wpforms-required-label\" aria-hidden=\"true\">*<\/span><\/legend><div class=\"wpforms-field-row wpforms-field-medium\"><div class=\"wpforms-field-row-block wpforms-first wpforms-one-half\"><input type=\"text\" id=\"wpforms-3675-field_3\" class=\"wpforms-field-name-first wpforms-field-required\" name=\"wpforms[fields][3][first]\" aria-errormessage=\"wpforms-3675-field_3-error\" required><label for=\"wpforms-3675-field_3\" class=\"wpforms-field-sublabel after\">Pr\u00e9nom<\/label><\/div><div class=\"wpforms-field-row-block wpforms-one-half\"><input type=\"text\" id=\"wpforms-3675-field_3-last\" class=\"wpforms-field-name-last wpforms-field-required\" name=\"wpforms[fields][3][last]\" aria-errormessage=\"wpforms-3675-field_3-last-error\" required><label for=\"wpforms-3675-field_3-last\" class=\"wpforms-field-sublabel after\">Nom<\/label><\/div><\/div><\/fieldset><\/div>\t\t<div id=\"wpforms-3675-field_1-container\"\n\t\t\tclass=\"wpforms-field wpforms-field-text\"\n\t\t\tdata-field-type=\"text\"\n\t\t\tdata-field-id=\"1\"\n\t\t\t>\n\t\t\t<label class=\"wpforms-field-label\" for=\"wpforms-3675-field_1\" >E-mail Message Nom<\/label>\n\t\t\t<input type=\"text\" id=\"wpforms-3675-field_1\" class=\"wpforms-field-medium\" name=\"wpforms[fields][1]\" >\n\t\t<\/div>\n\t\t<div id=\"wpforms-3675-field_4-container\" class=\"wpforms-field wpforms-field-email\" data-field-id=\"4\"><label class=\"wpforms-field-label\" for=\"wpforms-3675-field_4\">E-mail <span class=\"wpforms-required-label\" aria-hidden=\"true\">*<\/span><\/label><input type=\"email\" id=\"wpforms-3675-field_4\" class=\"wpforms-field-medium wpforms-field-required\" name=\"wpforms[fields][4]\" spellcheck=\"false\" aria-errormessage=\"wpforms-3675-field_4-error\" required><\/div><div id=\"wpforms-3675-field_5-container\" class=\"wpforms-field wpforms-field-textarea\" data-field-id=\"5\"><label class=\"wpforms-field-label\" for=\"wpforms-3675-field_5\">Message <span class=\"wpforms-required-label\" aria-hidden=\"true\">*<\/span><\/label><textarea id=\"wpforms-3675-field_5\" class=\"wpforms-field-medium wpforms-field-required\" name=\"wpforms[fields][5]\" aria-errormessage=\"wpforms-3675-field_5-error\" required><\/textarea><\/div><script>\n\t\t\t\t( function() {\n\t\t\t\t\tconst style = document.createElement( 'style' );\n\t\t\t\t\tstyle.appendChild( document.createTextNode( '#wpforms-3675-field_1-container { position: absolute !important; overflow: hidden !important; display: inline !important; height: 1px !important; width: 1px !important; z-index: -1000 !important; padding: 0 !important; } #wpforms-3675-field_1-container input { visibility: hidden; } #wpforms-conversational-form-page #wpforms-3675-field_1-container label { counter-increment: none; }' ) );\n\t\t\t\t\tdocument.head.appendChild( style );\n\t\t\t\t\tdocument.currentScript?.remove();\n\t\t\t\t} )();\n\t\t\t<\/script><\/div><!-- .wpforms-field-container --><div class=\"wpforms-submit-container\" ><input type=\"hidden\" name=\"wpforms[id]\" value=\"3675\"><input type=\"hidden\" name=\"page_title\" value=\"\"><input type=\"hidden\" name=\"page_url\" value=\"https:\/\/homeproject.fr\/fr\/wp-json\/wp\/v2\/product\/7192\"><input type=\"hidden\" name=\"url_referer\" value=\"\"><button type=\"submit\" name=\"wpforms[submit]\" id=\"wpforms-submit-3675\" class=\"wpforms-submit\" data-alt-text=\"Envoi...\" data-submit-text=\"Envoyer\" aria-live=\"assertive\" value=\"wpforms-submit\">Envoyer<\/button><img decoding=\"async\" src=\"https:\/\/homeproject.fr\/fr\/wp-content\/plugins\/wpforms-lite\/assets\/images\/submit-spin.svg\" class=\"wpforms-submit-spinner\" style=\"display: none;\" width=\"26\" height=\"26\" alt=\"Chargement en cours\"><\/div><\/form><\/div>  <!-- .wpforms-container -->\n","protected":false},"excerpt":{"rendered":"<p>Apportez \u00e9l\u00e9gance et sobri\u00e9t\u00e9 \u00e0 vos int\u00e9rieurs avec les carreaux Wow Aquarelle Greige Gloss. Ces carreaux rectangulaires (7,5 x 30 cm) associent une finition brillante \u00e0 une teinte Greige intemporelle, un subtil m\u00e9lange de gris et de beige. Inspir\u00e9s par l\u2019art de l\u2019aquarelle, ils refl\u00e8tent la lumi\u00e8re pour cr\u00e9er des espaces modernes, lumineux et chaleureux.<\/p>\n","protected":false},"featured_media":7111,"template":"","meta":{"_uf_show_specific_survey":0,"_uf_disable_surveys":false,"iawp_total_views":19},"product_brand":[],"product_cat":[20,131],"product_tag":[],"class_list":{"0":"post-7192","1":"product","2":"type-product","3":"status-publish","4":"has-post-thumbnail","6":"product_cat-carrelage","7":"product_cat-carrelage-mural","8":"product_shipping_class-carrelage","9":"pa_collection-aquarelle-par-wow","10":"pa_dimensions-nominales-75x30","11":"pa_effet-artisanal","12":"pa_effet-uni","13":"pa_epaisseur-85-mm","14":"pa_marque-wow","16":"first","17":"instock","18":"sale","19":"taxable","20":"shipping-taxable","21":"purchasable","22":"product-type-simple"},"yoast_head":"<!-- This site is optimized with the Yoast SEO plugin v27.5 - https:\/\/yoast.com\/product\/yoast-seo-wordpress\/ -->\n<title>Carrelage mural en fa\u00efence Wow Aquarelle GREIGE GLOSS 7,5 x 30 rectangulaire - Homeproject.fr<\/title>\n<meta name=\"robots\" content=\"index, follow, max-snippet:-1, max-image-preview:large, max-video-preview:-1\" \/>\n<link rel=\"canonical\" href=\"https:\/\/homeproject.fr\/fr\/produit\/carrelage-mural-en-faience-wow-aquarelle-greige-gloss-75-x-30-rectangulaire\/\" \/>\n<meta property=\"og:locale\" content=\"fr_FR\" \/>\n<meta property=\"og:type\" content=\"article\" \/>\n<meta property=\"og:title\" content=\"Carrelage mural en fa\u00efence Wow Aquarelle GREIGE GLOSS 7,5 x 30 rectangulaire - Homeproject.fr\" \/>\n<meta property=\"og:description\" content=\"Apportez \u00e9l\u00e9gance et sobri\u00e9t\u00e9 \u00e0 vos int\u00e9rieurs avec les carreaux Wow Aquarelle Greige Gloss. Ces carreaux rectangulaires (7,5 x 30 cm) associent une finition brillante \u00e0 une teinte Greige intemporelle, un subtil m\u00e9lange de gris et de beige. Inspir\u00e9s par l\u2019art de l\u2019aquarelle, ils refl\u00e8tent la lumi\u00e8re pour cr\u00e9er des espaces modernes, lumineux et chaleureux.\" \/>\n<meta property=\"og:url\" content=\"https:\/\/homeproject.fr\/fr\/produit\/carrelage-mural-en-faience-wow-aquarelle-greige-gloss-75-x-30-rectangulaire\/\" \/>\n<meta property=\"og:site_name\" content=\"Homeproject.fr\" \/>\n<meta property=\"article:modified_time\" content=\"2024-12-24T06:57:46+00:00\" \/>\n<meta property=\"og:image\" content=\"https:\/\/homeproject.fr\/fr\/wp-content\/uploads\/2024\/12\/Faience-murale-rectangulaire-effet-artisanal-taupe-Wow-Aquarelle-Greige-Gloss-7-5x30-2.jpeg\" \/>\n\t<meta property=\"og:image:width\" content=\"800\" \/>\n\t<meta property=\"og:image:height\" content=\"800\" \/>\n\t<meta property=\"og:image:type\" content=\"image\/jpeg\" \/>\n<meta name=\"twitter:card\" content=\"summary_large_image\" \/>\n<meta name=\"twitter:label1\" content=\"Dur\u00e9e de lecture estim\u00e9e\" \/>\n\t<meta name=\"twitter:data1\" content=\"1 minute\" \/>\n<script type=\"application\/ld+json\" class=\"yoast-schema-graph\">{\"@context\":\"https:\\\/\\\/schema.org\",\"@graph\":[{\"@type\":\"WebPage\",\"@id\":\"https:\\\/\\\/homeproject.fr\\\/fr\\\/produit\\\/carrelage-mural-en-faience-wow-aquarelle-greige-gloss-75-x-30-rectangulaire\\\/\",\"url\":\"https:\\\/\\\/homeproject.fr\\\/fr\\\/produit\\\/carrelage-mural-en-faience-wow-aquarelle-greige-gloss-75-x-30-rectangulaire\\\/\",\"name\":\"Carrelage mural en fa\u00efence Wow Aquarelle GREIGE GLOSS 7,5 x 30 rectangulaire - Homeproject.fr\",\"isPartOf\":{\"@id\":\"https:\\\/\\\/homeproject.fr\\\/fr\\\/#website\"},\"primaryImageOfPage\":{\"@id\":\"https:\\\/\\\/homeproject.fr\\\/fr\\\/produit\\\/carrelage-mural-en-faience-wow-aquarelle-greige-gloss-75-x-30-rectangulaire\\\/#primaryimage\"},\"image\":{\"@id\":\"https:\\\/\\\/homeproject.fr\\\/fr\\\/produit\\\/carrelage-mural-en-faience-wow-aquarelle-greige-gloss-75-x-30-rectangulaire\\\/#primaryimage\"},\"thumbnailUrl\":\"https:\\\/\\\/homeproject.fr\\\/fr\\\/wp-content\\\/uploads\\\/2024\\\/12\\\/Faience-murale-rectangulaire-effet-artisanal-taupe-Wow-Aquarelle-Greige-Gloss-7-5x30-2.jpeg\",\"datePublished\":\"2024-12-24T06:51:39+00:00\",\"dateModified\":\"2024-12-24T06:57:46+00:00\",\"breadcrumb\":{\"@id\":\"https:\\\/\\\/homeproject.fr\\\/fr\\\/produit\\\/carrelage-mural-en-faience-wow-aquarelle-greige-gloss-75-x-30-rectangulaire\\\/#breadcrumb\"},\"inLanguage\":\"fr-FR\",\"potentialAction\":[{\"@type\":\"ReadAction\",\"target\":[\"https:\\\/\\\/homeproject.fr\\\/fr\\\/produit\\\/carrelage-mural-en-faience-wow-aquarelle-greige-gloss-75-x-30-rectangulaire\\\/\"]}]},{\"@type\":\"ImageObject\",\"inLanguage\":\"fr-FR\",\"@id\":\"https:\\\/\\\/homeproject.fr\\\/fr\\\/produit\\\/carrelage-mural-en-faience-wow-aquarelle-greige-gloss-75-x-30-rectangulaire\\\/#primaryimage\",\"url\":\"https:\\\/\\\/homeproject.fr\\\/fr\\\/wp-content\\\/uploads\\\/2024\\\/12\\\/Faience-murale-rectangulaire-effet-artisanal-taupe-Wow-Aquarelle-Greige-Gloss-7-5x30-2.jpeg\",\"contentUrl\":\"https:\\\/\\\/homeproject.fr\\\/fr\\\/wp-content\\\/uploads\\\/2024\\\/12\\\/Faience-murale-rectangulaire-effet-artisanal-taupe-Wow-Aquarelle-Greige-Gloss-7-5x30-2.jpeg\",\"width\":800,\"height\":800},{\"@type\":\"BreadcrumbList\",\"@id\":\"https:\\\/\\\/homeproject.fr\\\/fr\\\/produit\\\/carrelage-mural-en-faience-wow-aquarelle-greige-gloss-75-x-30-rectangulaire\\\/#breadcrumb\",\"itemListElement\":[{\"@type\":\"ListItem\",\"position\":1,\"name\":\"Accueil\",\"item\":\"https:\\\/\\\/homeproject.fr\\\/fr\\\/\"},{\"@type\":\"ListItem\",\"position\":2,\"name\":\"Boutique\",\"item\":\"https:\\\/\\\/homeproject.fr\\\/fr\\\/boutique\\\/\"},{\"@type\":\"ListItem\",\"position\":3,\"name\":\"Carrelage mural en fa\u00efence Wow Aquarelle GREIGE GLOSS 7,5 x 30 rectangulaire\"}]},{\"@type\":\"WebSite\",\"@id\":\"https:\\\/\\\/homeproject.fr\\\/fr\\\/#website\",\"url\":\"https:\\\/\\\/homeproject.fr\\\/fr\\\/\",\"name\":\"Homeproject.fr\",\"description\":\"Offrez l&#039;exceptionnel \u00e0 vos espaces \u00e0 vivre\",\"publisher\":{\"@id\":\"https:\\\/\\\/homeproject.fr\\\/fr\\\/#organization\"},\"potentialAction\":[{\"@type\":\"SearchAction\",\"target\":{\"@type\":\"EntryPoint\",\"urlTemplate\":\"https:\\\/\\\/homeproject.fr\\\/fr\\\/?s={search_term_string}\"},\"query-input\":{\"@type\":\"PropertyValueSpecification\",\"valueRequired\":true,\"valueName\":\"search_term_string\"}}],\"inLanguage\":\"fr-FR\"},{\"@type\":\"Organization\",\"@id\":\"https:\\\/\\\/homeproject.fr\\\/fr\\\/#organization\",\"name\":\"Homeproject.fr\",\"url\":\"https:\\\/\\\/homeproject.fr\\\/fr\\\/\",\"logo\":{\"@type\":\"ImageObject\",\"inLanguage\":\"fr-FR\",\"@id\":\"https:\\\/\\\/homeproject.fr\\\/fr\\\/#\\\/schema\\\/logo\\\/image\\\/\",\"url\":\"https:\\\/\\\/homeproject.fr\\\/fr\\\/wp-content\\\/uploads\\\/2024\\\/12\\\/Logo_HomeProject-noir-2.png\",\"contentUrl\":\"https:\\\/\\\/homeproject.fr\\\/fr\\\/wp-content\\\/uploads\\\/2024\\\/12\\\/Logo_HomeProject-noir-2.png\",\"width\":300,\"height\":91,\"caption\":\"Homeproject.fr\"},\"image\":{\"@id\":\"https:\\\/\\\/homeproject.fr\\\/fr\\\/#\\\/schema\\\/logo\\\/image\\\/\"}}]}<\/script>\n<!-- \/ Yoast SEO plugin. -->","yoast_head_json":{"title":"Carrelage mural en fa\u00efence Wow Aquarelle GREIGE GLOSS 7,5 x 30 rectangulaire - Homeproject.fr","robots":{"index":"index","follow":"follow","max-snippet":"max-snippet:-1","max-image-preview":"max-image-preview:large","max-video-preview":"max-video-preview:-1"},"canonical":"https:\/\/homeproject.fr\/fr\/produit\/carrelage-mural-en-faience-wow-aquarelle-greige-gloss-75-x-30-rectangulaire\/","og_locale":"fr_FR","og_type":"article","og_title":"Carrelage mural en fa\u00efence Wow Aquarelle GREIGE GLOSS 7,5 x 30 rectangulaire - Homeproject.fr","og_description":"Apportez \u00e9l\u00e9gance et sobri\u00e9t\u00e9 \u00e0 vos int\u00e9rieurs avec les carreaux Wow Aquarelle Greige Gloss. Ces carreaux rectangulaires (7,5 x 30 cm) associent une finition brillante \u00e0 une teinte Greige intemporelle, un subtil m\u00e9lange de gris et de beige. Inspir\u00e9s par l\u2019art de l\u2019aquarelle, ils refl\u00e8tent la lumi\u00e8re pour cr\u00e9er des espaces modernes, lumineux et chaleureux.","og_url":"https:\/\/homeproject.fr\/fr\/produit\/carrelage-mural-en-faience-wow-aquarelle-greige-gloss-75-x-30-rectangulaire\/","og_site_name":"Homeproject.fr","article_modified_time":"2024-12-24T06:57:46+00:00","og_image":[{"width":800,"height":800,"url":"https:\/\/homeproject.fr\/fr\/wp-content\/uploads\/2024\/12\/Faience-murale-rectangulaire-effet-artisanal-taupe-Wow-Aquarelle-Greige-Gloss-7-5x30-2.jpeg","type":"image\/jpeg"}],"twitter_card":"summary_large_image","twitter_misc":{"Dur\u00e9e de lecture estim\u00e9e":"1 minute"},"schema":{"@context":"https:\/\/schema.org","@graph":[{"@type":"WebPage","@id":"https:\/\/homeproject.fr\/fr\/produit\/carrelage-mural-en-faience-wow-aquarelle-greige-gloss-75-x-30-rectangulaire\/","url":"https:\/\/homeproject.fr\/fr\/produit\/carrelage-mural-en-faience-wow-aquarelle-greige-gloss-75-x-30-rectangulaire\/","name":"Carrelage mural en fa\u00efence Wow Aquarelle GREIGE GLOSS 7,5 x 30 rectangulaire - Homeproject.fr","isPartOf":{"@id":"https:\/\/homeproject.fr\/fr\/#website"},"primaryImageOfPage":{"@id":"https:\/\/homeproject.fr\/fr\/produit\/carrelage-mural-en-faience-wow-aquarelle-greige-gloss-75-x-30-rectangulaire\/#primaryimage"},"image":{"@id":"https:\/\/homeproject.fr\/fr\/produit\/carrelage-mural-en-faience-wow-aquarelle-greige-gloss-75-x-30-rectangulaire\/#primaryimage"},"thumbnailUrl":"https:\/\/homeproject.fr\/fr\/wp-content\/uploads\/2024\/12\/Faience-murale-rectangulaire-effet-artisanal-taupe-Wow-Aquarelle-Greige-Gloss-7-5x30-2.jpeg","datePublished":"2024-12-24T06:51:39+00:00","dateModified":"2024-12-24T06:57:46+00:00","breadcrumb":{"@id":"https:\/\/homeproject.fr\/fr\/produit\/carrelage-mural-en-faience-wow-aquarelle-greige-gloss-75-x-30-rectangulaire\/#breadcrumb"},"inLanguage":"fr-FR","potentialAction":[{"@type":"ReadAction","target":["https:\/\/homeproject.fr\/fr\/produit\/carrelage-mural-en-faience-wow-aquarelle-greige-gloss-75-x-30-rectangulaire\/"]}]},{"@type":"ImageObject","inLanguage":"fr-FR","@id":"https:\/\/homeproject.fr\/fr\/produit\/carrelage-mural-en-faience-wow-aquarelle-greige-gloss-75-x-30-rectangulaire\/#primaryimage","url":"https:\/\/homeproject.fr\/fr\/wp-content\/uploads\/2024\/12\/Faience-murale-rectangulaire-effet-artisanal-taupe-Wow-Aquarelle-Greige-Gloss-7-5x30-2.jpeg","contentUrl":"https:\/\/homeproject.fr\/fr\/wp-content\/uploads\/2024\/12\/Faience-murale-rectangulaire-effet-artisanal-taupe-Wow-Aquarelle-Greige-Gloss-7-5x30-2.jpeg","width":800,"height":800},{"@type":"BreadcrumbList","@id":"https:\/\/homeproject.fr\/fr\/produit\/carrelage-mural-en-faience-wow-aquarelle-greige-gloss-75-x-30-rectangulaire\/#breadcrumb","itemListElement":[{"@type":"ListItem","position":1,"name":"Accueil","item":"https:\/\/homeproject.fr\/fr\/"},{"@type":"ListItem","position":2,"name":"Boutique","item":"https:\/\/homeproject.fr\/fr\/boutique\/"},{"@type":"ListItem","position":3,"name":"Carrelage mural en fa\u00efence Wow Aquarelle GREIGE GLOSS 7,5 x 30 rectangulaire"}]},{"@type":"WebSite","@id":"https:\/\/homeproject.fr\/fr\/#website","url":"https:\/\/homeproject.fr\/fr\/","name":"Homeproject.fr","description":"Offrez l&#039;exceptionnel \u00e0 vos espaces \u00e0 vivre","publisher":{"@id":"https:\/\/homeproject.fr\/fr\/#organization"},"potentialAction":[{"@type":"SearchAction","target":{"@type":"EntryPoint","urlTemplate":"https:\/\/homeproject.fr\/fr\/?s={search_term_string}"},"query-input":{"@type":"PropertyValueSpecification","valueRequired":true,"valueName":"search_term_string"}}],"inLanguage":"fr-FR"},{"@type":"Organization","@id":"https:\/\/homeproject.fr\/fr\/#organization","name":"Homeproject.fr","url":"https:\/\/homeproject.fr\/fr\/","logo":{"@type":"ImageObject","inLanguage":"fr-FR","@id":"https:\/\/homeproject.fr\/fr\/#\/schema\/logo\/image\/","url":"https:\/\/homeproject.fr\/fr\/wp-content\/uploads\/2024\/12\/Logo_HomeProject-noir-2.png","contentUrl":"https:\/\/homeproject.fr\/fr\/wp-content\/uploads\/2024\/12\/Logo_HomeProject-noir-2.png","width":300,"height":91,"caption":"Homeproject.fr"},"image":{"@id":"https:\/\/homeproject.fr\/fr\/#\/schema\/logo\/image\/"}}]}},"_links":{"self":[{"href":"https:\/\/homeproject.fr\/fr\/wp-json\/wp\/v2\/product\/7192","targetHints":{"allow":["GET"]}}],"collection":[{"href":"https:\/\/homeproject.fr\/fr\/wp-json\/wp\/v2\/product"}],"about":[{"href":"https:\/\/homeproject.fr\/fr\/wp-json\/wp\/v2\/types\/product"}],"version-history":[{"count":1,"href":"https:\/\/homeproject.fr\/fr\/wp-json\/wp\/v2\/product\/7192\/revisions"}],"predecessor-version":[{"id":7193,"href":"https:\/\/homeproject.fr\/fr\/wp-json\/wp\/v2\/product\/7192\/revisions\/7193"}],"wp:featuredmedia":[{"embeddable":true,"href":"https:\/\/homeproject.fr\/fr\/wp-json\/wp\/v2\/media\/7111"}],"wp:attachment":[{"href":"https:\/\/homeproject.fr\/fr\/wp-json\/wp\/v2\/media?parent=7192"}],"wp:term":[{"taxonomy":"product_brand","embeddable":true,"href":"https:\/\/homeproject.fr\/fr\/wp-json\/wp\/v2\/product_brand?post=7192"},{"taxonomy":"product_cat","embeddable":true,"href":"https:\/\/homeproject.fr\/fr\/wp-json\/wp\/v2\/product_cat?post=7192"},{"taxonomy":"product_tag","embeddable":true,"href":"https:\/\/homeproject.fr\/fr\/wp-json\/wp\/v2\/product_tag?post=7192"}],"curies":[{"name":"wp","href":"https:\/\/api.w.org\/{rel}","templated":true}]}}