{"id":7149,"date":"2024-12-23T19:09:39","date_gmt":"2024-12-23T19:09:39","guid":{"rendered":"https:\/\/homeproject.fr\/fr\/?post_type=product&#038;p=7149"},"modified":"2024-12-23T19:54:21","modified_gmt":"2024-12-23T19:54:21","slug":"carrelage-mural-en-faience-wow-aquarelle-titanium-blue-o-gloss-75-x-30-ovale","status":"publish","type":"product","link":"https:\/\/homeproject.fr\/fr\/produit\/carrelage-mural-en-faience-wow-aquarelle-titanium-blue-o-gloss-75-x-30-ovale\/","title":{"rendered":"Carrelage mural en fa\u00efence Wow Aquarelle TITANIUM BLUE O GLOSS 7,5 x 30 ovale"},"content":{"rendered":"<p><strong><a href=\"https:\/\/homeproject.fr\/fr\/produit\/echantillon-faience-wow-aquarelle-titanium-o-gloss\/\">Commander un \u00e9chantillon<\/a><\/strong><\/p>\n<p><strong>Points forts :<\/strong><\/p>\n<p>\u2022Design raffin\u00e9 : Une esth\u00e9tique translucide qui capte la lumi\u00e8re et apporte profondeur et \u00e9clat.<\/p>\n<p>\u2022Polyvalence : Id\u00e9al pour murs et surfaces verticales dans cuisines, salles de bains ou espaces commerciaux.<\/p>\n<p>\u2022Installation simplifi\u00e9e : Compatible avec des adh\u00e9sifs pour surfaces poreuses ou non poreuses.<\/p>\n<p>\u2022Entretien facile : R\u00e9sistant aux taches et \u00e0 l\u2019eau, ce produit n\u00e9cessite peu d\u2019entretien.<\/p>\n<p><strong>Caract\u00e9ristiques techniques :<\/strong><\/p>\n<p>\u2022Dimensions : 7,5 x 30 cm (3\u201d x 12\u201d)<\/p>\n<p>\u2022\u00c9paisseur : 8,5 mm<\/p>\n<p>\u2022Mat\u00e9riau : C\u00e9ramique \u00e0 base blanche<\/p>\n<p>\u2022Finition : Gloss<\/p>\n<p>\u2022R\u00e9sistance : Haute r\u00e9sistance aux produits chimiques et aux t\u00e2ches (conforme \u00e0 UNE-EN ISO 10545-14).<\/p>\n<p>Optez pour les carreaux Wow Aquarelle Titanium O Gloss et transformez vos espaces avec une touche d\u2019art moderne et intemporel.<\/p>\n<p><strong style=\"font-family: inherit; font-size: 30px;\">Vous avez des questions ?<\/strong><\/p>\n<style id=\"wpforms-css-vars-3675\">\n\t\t\t\t#wpforms-3675 {\n\t\t\t\t\n\t\t\t}\n\t\t\t<\/style><div class=\"wpforms-container wpforms-container-full wpforms-render-modern\" id=\"wpforms-3675\"><form id=\"wpforms-form-3675\" class=\"wpforms-validate wpforms-form wpforms-ajax-form\" data-formid=\"3675\" method=\"post\" enctype=\"multipart\/form-data\" action=\"\/fr\/wp-json\/wp\/v2\/product\/7149\" data-token=\"2921a7ac3408d834be151983965c4ab3\" data-token-time=\"1777993630\"><noscript class=\"wpforms-error-noscript\">Veuillez activer JavaScript dans votre navigateur pour remplir ce formulaire.<\/noscript><div id=\"wpforms-error-noscript\" style=\"display: none;\">Veuillez activer JavaScript dans votre navigateur pour remplir ce formulaire.<\/div><div class=\"wpforms-field-container\">\t\t<div id=\"wpforms-3675-field_1-container\"\n\t\t\tclass=\"wpforms-field wpforms-field-text\"\n\t\t\tdata-field-type=\"text\"\n\t\t\tdata-field-id=\"1\"\n\t\t\t>\n\t\t\t<label class=\"wpforms-field-label\" for=\"wpforms-3675-field_1\" >Nom E-mail Message<\/label>\n\t\t\t<input type=\"text\" id=\"wpforms-3675-field_1\" class=\"wpforms-field-medium\" name=\"wpforms[fields][1]\" >\n\t\t<\/div>\n\t\t<div id=\"wpforms-3675-field_3-container\" class=\"wpforms-field wpforms-field-name\" data-field-id=\"3\"><fieldset><legend class=\"wpforms-field-label\">Nom <span class=\"wpforms-required-label\" aria-hidden=\"true\">*<\/span><\/legend><div class=\"wpforms-field-row wpforms-field-medium\"><div class=\"wpforms-field-row-block wpforms-first wpforms-one-half\"><input type=\"text\" id=\"wpforms-3675-field_3\" class=\"wpforms-field-name-first wpforms-field-required\" name=\"wpforms[fields][3][first]\" aria-errormessage=\"wpforms-3675-field_3-error\" required><label for=\"wpforms-3675-field_3\" class=\"wpforms-field-sublabel after\">Pr\u00e9nom<\/label><\/div><div class=\"wpforms-field-row-block wpforms-one-half\"><input type=\"text\" id=\"wpforms-3675-field_3-last\" class=\"wpforms-field-name-last wpforms-field-required\" name=\"wpforms[fields][3][last]\" aria-errormessage=\"wpforms-3675-field_3-last-error\" required><label for=\"wpforms-3675-field_3-last\" class=\"wpforms-field-sublabel after\">Nom<\/label><\/div><\/div><\/fieldset><\/div><div id=\"wpforms-3675-field_4-container\" class=\"wpforms-field wpforms-field-email\" data-field-id=\"4\"><label class=\"wpforms-field-label\" for=\"wpforms-3675-field_4\">E-mail <span class=\"wpforms-required-label\" aria-hidden=\"true\">*<\/span><\/label><input type=\"email\" id=\"wpforms-3675-field_4\" class=\"wpforms-field-medium wpforms-field-required\" name=\"wpforms[fields][4]\" spellcheck=\"false\" aria-errormessage=\"wpforms-3675-field_4-error\" required><\/div><div id=\"wpforms-3675-field_5-container\" class=\"wpforms-field wpforms-field-textarea\" data-field-id=\"5\"><label class=\"wpforms-field-label\" for=\"wpforms-3675-field_5\">Message <span class=\"wpforms-required-label\" aria-hidden=\"true\">*<\/span><\/label><textarea id=\"wpforms-3675-field_5\" class=\"wpforms-field-medium wpforms-field-required\" name=\"wpforms[fields][5]\" aria-errormessage=\"wpforms-3675-field_5-error\" required><\/textarea><\/div><script>\n\t\t\t\t( function() {\n\t\t\t\t\tconst style = document.createElement( 'style' );\n\t\t\t\t\tstyle.appendChild( document.createTextNode( '#wpforms-3675-field_1-container { position: absolute !important; overflow: hidden !important; display: inline !important; height: 1px !important; width: 1px !important; z-index: -1000 !important; padding: 0 !important; } #wpforms-3675-field_1-container input { visibility: hidden; } #wpforms-conversational-form-page #wpforms-3675-field_1-container label { counter-increment: none; }' ) );\n\t\t\t\t\tdocument.head.appendChild( style );\n\t\t\t\t\tdocument.currentScript?.remove();\n\t\t\t\t} )();\n\t\t\t<\/script><\/div><!-- .wpforms-field-container --><div class=\"wpforms-submit-container\" ><input type=\"hidden\" name=\"wpforms[id]\" value=\"3675\"><input type=\"hidden\" name=\"page_title\" value=\"\"><input type=\"hidden\" name=\"page_url\" value=\"https:\/\/homeproject.fr\/fr\/wp-json\/wp\/v2\/product\/7149\"><input type=\"hidden\" name=\"url_referer\" value=\"\"><button type=\"submit\" name=\"wpforms[submit]\" id=\"wpforms-submit-3675\" class=\"wpforms-submit\" data-alt-text=\"Envoi...\" data-submit-text=\"Envoyer\" aria-live=\"assertive\" value=\"wpforms-submit\">Envoyer<\/button><img decoding=\"async\" src=\"https:\/\/homeproject.fr\/fr\/wp-content\/plugins\/wpforms-lite\/assets\/images\/submit-spin.svg\" class=\"wpforms-submit-spinner\" style=\"display: none;\" width=\"26\" height=\"26\" alt=\"Chargement en cours\"><\/div><\/form><\/div>  <!-- .wpforms-container -->\n","protected":false},"excerpt":{"rendered":"<p>Ajoutez une touche de sophistication \u00e0 vos espaces avec les carreaux Wow Aquarelle Titanium O Gloss. Inspir\u00e9e par l\u2019art de l\u2019aquarelle, cette gamme de carreaux reproduit la fluidit\u00e9 et la transparence des couleurs dilu\u00e9es dans l\u2019eau. Avec leur finition brillante et leur teinte unique Titanium Blue, ces carreaux rectangulaires (7,5 x 30 cm) sont parfaits pour cr\u00e9er des int\u00e9rieurs \u00e9l\u00e9gants et modernes.<\/p>\n","protected":false},"featured_media":7146,"template":"","meta":{"_uf_show_specific_survey":0,"_uf_disable_surveys":false,"iawp_total_views":37},"product_brand":[],"product_cat":[20,131],"product_tag":[],"class_list":{"0":"post-7149","1":"product","2":"type-product","3":"status-publish","4":"has-post-thumbnail","6":"product_cat-carrelage","7":"product_cat-carrelage-mural","8":"product_shipping_class-carrelage","9":"pa_collection-aquarelle-par-wow","10":"pa_dimensions-nominales-75x30","11":"pa_effet-artisanal","12":"pa_effet-uni","13":"pa_epaisseur-85-mm","14":"pa_marque-wow","16":"first","17":"instock","18":"sale","19":"taxable","20":"shipping-taxable","21":"purchasable","22":"product-type-simple"},"yoast_head":"<!-- This site is optimized with the Yoast SEO plugin v27.5 - https:\/\/yoast.com\/product\/yoast-seo-wordpress\/ -->\n<title>Carrelage mural en fa\u00efence Wow Aquarelle TITANIUM BLUE O GLOSS 7,5 x 30 ovale - Homeproject.fr<\/title>\n<meta name=\"robots\" content=\"index, follow, max-snippet:-1, max-image-preview:large, max-video-preview:-1\" \/>\n<link rel=\"canonical\" href=\"https:\/\/homeproject.fr\/fr\/produit\/carrelage-mural-en-faience-wow-aquarelle-titanium-blue-o-gloss-75-x-30-ovale\/\" \/>\n<meta property=\"og:locale\" content=\"fr_FR\" \/>\n<meta property=\"og:type\" content=\"article\" \/>\n<meta property=\"og:title\" content=\"Carrelage mural en fa\u00efence Wow Aquarelle TITANIUM BLUE O GLOSS 7,5 x 30 ovale - Homeproject.fr\" \/>\n<meta property=\"og:description\" content=\"Ajoutez une touche de sophistication \u00e0 vos espaces avec les carreaux Wow Aquarelle Titanium O Gloss. Inspir\u00e9e par l\u2019art de l\u2019aquarelle, cette gamme de carreaux reproduit la fluidit\u00e9 et la transparence des couleurs dilu\u00e9es dans l\u2019eau. Avec leur finition brillante et leur teinte unique Titanium Blue, ces carreaux rectangulaires (7,5 x 30 cm) sont parfaits pour cr\u00e9er des int\u00e9rieurs \u00e9l\u00e9gants et modernes.\" \/>\n<meta property=\"og:url\" content=\"https:\/\/homeproject.fr\/fr\/produit\/carrelage-mural-en-faience-wow-aquarelle-titanium-blue-o-gloss-75-x-30-ovale\/\" \/>\n<meta property=\"og:site_name\" content=\"Homeproject.fr\" \/>\n<meta property=\"article:modified_time\" content=\"2024-12-23T19:54:21+00:00\" \/>\n<meta property=\"og:image\" content=\"https:\/\/homeproject.fr\/fr\/wp-content\/uploads\/2024\/12\/Faience-murale-ovale-effet-artisanal-bleu-brillant-Wow-Aquarelle-Titanium-Blue-O-Gloss-7-5x30-1.jpeg\" \/>\n\t<meta property=\"og:image:width\" content=\"800\" \/>\n\t<meta property=\"og:image:height\" content=\"800\" \/>\n\t<meta property=\"og:image:type\" content=\"image\/jpeg\" \/>\n<meta name=\"twitter:card\" content=\"summary_large_image\" \/>\n<meta name=\"twitter:label1\" content=\"Dur\u00e9e de lecture estim\u00e9e\" \/>\n\t<meta name=\"twitter:data1\" content=\"1 minute\" \/>\n<script type=\"application\/ld+json\" class=\"yoast-schema-graph\">{\"@context\":\"https:\\\/\\\/schema.org\",\"@graph\":[{\"@type\":\"WebPage\",\"@id\":\"https:\\\/\\\/homeproject.fr\\\/fr\\\/produit\\\/carrelage-mural-en-faience-wow-aquarelle-titanium-blue-o-gloss-75-x-30-ovale\\\/\",\"url\":\"https:\\\/\\\/homeproject.fr\\\/fr\\\/produit\\\/carrelage-mural-en-faience-wow-aquarelle-titanium-blue-o-gloss-75-x-30-ovale\\\/\",\"name\":\"Carrelage mural en fa\u00efence Wow Aquarelle TITANIUM BLUE O GLOSS 7,5 x 30 ovale - Homeproject.fr\",\"isPartOf\":{\"@id\":\"https:\\\/\\\/homeproject.fr\\\/fr\\\/#website\"},\"primaryImageOfPage\":{\"@id\":\"https:\\\/\\\/homeproject.fr\\\/fr\\\/produit\\\/carrelage-mural-en-faience-wow-aquarelle-titanium-blue-o-gloss-75-x-30-ovale\\\/#primaryimage\"},\"image\":{\"@id\":\"https:\\\/\\\/homeproject.fr\\\/fr\\\/produit\\\/carrelage-mural-en-faience-wow-aquarelle-titanium-blue-o-gloss-75-x-30-ovale\\\/#primaryimage\"},\"thumbnailUrl\":\"https:\\\/\\\/homeproject.fr\\\/fr\\\/wp-content\\\/uploads\\\/2024\\\/12\\\/Faience-murale-ovale-effet-artisanal-bleu-brillant-Wow-Aquarelle-Titanium-Blue-O-Gloss-7-5x30-1.jpeg\",\"datePublished\":\"2024-12-23T19:09:39+00:00\",\"dateModified\":\"2024-12-23T19:54:21+00:00\",\"breadcrumb\":{\"@id\":\"https:\\\/\\\/homeproject.fr\\\/fr\\\/produit\\\/carrelage-mural-en-faience-wow-aquarelle-titanium-blue-o-gloss-75-x-30-ovale\\\/#breadcrumb\"},\"inLanguage\":\"fr-FR\",\"potentialAction\":[{\"@type\":\"ReadAction\",\"target\":[\"https:\\\/\\\/homeproject.fr\\\/fr\\\/produit\\\/carrelage-mural-en-faience-wow-aquarelle-titanium-blue-o-gloss-75-x-30-ovale\\\/\"]}]},{\"@type\":\"ImageObject\",\"inLanguage\":\"fr-FR\",\"@id\":\"https:\\\/\\\/homeproject.fr\\\/fr\\\/produit\\\/carrelage-mural-en-faience-wow-aquarelle-titanium-blue-o-gloss-75-x-30-ovale\\\/#primaryimage\",\"url\":\"https:\\\/\\\/homeproject.fr\\\/fr\\\/wp-content\\\/uploads\\\/2024\\\/12\\\/Faience-murale-ovale-effet-artisanal-bleu-brillant-Wow-Aquarelle-Titanium-Blue-O-Gloss-7-5x30-1.jpeg\",\"contentUrl\":\"https:\\\/\\\/homeproject.fr\\\/fr\\\/wp-content\\\/uploads\\\/2024\\\/12\\\/Faience-murale-ovale-effet-artisanal-bleu-brillant-Wow-Aquarelle-Titanium-Blue-O-Gloss-7-5x30-1.jpeg\",\"width\":800,\"height\":800},{\"@type\":\"BreadcrumbList\",\"@id\":\"https:\\\/\\\/homeproject.fr\\\/fr\\\/produit\\\/carrelage-mural-en-faience-wow-aquarelle-titanium-blue-o-gloss-75-x-30-ovale\\\/#breadcrumb\",\"itemListElement\":[{\"@type\":\"ListItem\",\"position\":1,\"name\":\"Accueil\",\"item\":\"https:\\\/\\\/homeproject.fr\\\/fr\\\/\"},{\"@type\":\"ListItem\",\"position\":2,\"name\":\"Boutique\",\"item\":\"https:\\\/\\\/homeproject.fr\\\/fr\\\/boutique\\\/\"},{\"@type\":\"ListItem\",\"position\":3,\"name\":\"Carrelage mural en fa\u00efence Wow Aquarelle TITANIUM BLUE O GLOSS 7,5 x 30 ovale\"}]},{\"@type\":\"WebSite\",\"@id\":\"https:\\\/\\\/homeproject.fr\\\/fr\\\/#website\",\"url\":\"https:\\\/\\\/homeproject.fr\\\/fr\\\/\",\"name\":\"Homeproject.fr\",\"description\":\"Offrez l&#039;exceptionnel \u00e0 vos espaces \u00e0 vivre\",\"publisher\":{\"@id\":\"https:\\\/\\\/homeproject.fr\\\/fr\\\/#organization\"},\"potentialAction\":[{\"@type\":\"SearchAction\",\"target\":{\"@type\":\"EntryPoint\",\"urlTemplate\":\"https:\\\/\\\/homeproject.fr\\\/fr\\\/?s={search_term_string}\"},\"query-input\":{\"@type\":\"PropertyValueSpecification\",\"valueRequired\":true,\"valueName\":\"search_term_string\"}}],\"inLanguage\":\"fr-FR\"},{\"@type\":\"Organization\",\"@id\":\"https:\\\/\\\/homeproject.fr\\\/fr\\\/#organization\",\"name\":\"Homeproject.fr\",\"url\":\"https:\\\/\\\/homeproject.fr\\\/fr\\\/\",\"logo\":{\"@type\":\"ImageObject\",\"inLanguage\":\"fr-FR\",\"@id\":\"https:\\\/\\\/homeproject.fr\\\/fr\\\/#\\\/schema\\\/logo\\\/image\\\/\",\"url\":\"https:\\\/\\\/homeproject.fr\\\/fr\\\/wp-content\\\/uploads\\\/2024\\\/12\\\/Logo_HomeProject-noir-2.png\",\"contentUrl\":\"https:\\\/\\\/homeproject.fr\\\/fr\\\/wp-content\\\/uploads\\\/2024\\\/12\\\/Logo_HomeProject-noir-2.png\",\"width\":300,\"height\":91,\"caption\":\"Homeproject.fr\"},\"image\":{\"@id\":\"https:\\\/\\\/homeproject.fr\\\/fr\\\/#\\\/schema\\\/logo\\\/image\\\/\"}}]}<\/script>\n<!-- \/ Yoast SEO plugin. -->","yoast_head_json":{"title":"Carrelage mural en fa\u00efence Wow Aquarelle TITANIUM BLUE O GLOSS 7,5 x 30 ovale - Homeproject.fr","robots":{"index":"index","follow":"follow","max-snippet":"max-snippet:-1","max-image-preview":"max-image-preview:large","max-video-preview":"max-video-preview:-1"},"canonical":"https:\/\/homeproject.fr\/fr\/produit\/carrelage-mural-en-faience-wow-aquarelle-titanium-blue-o-gloss-75-x-30-ovale\/","og_locale":"fr_FR","og_type":"article","og_title":"Carrelage mural en fa\u00efence Wow Aquarelle TITANIUM BLUE O GLOSS 7,5 x 30 ovale - Homeproject.fr","og_description":"Ajoutez une touche de sophistication \u00e0 vos espaces avec les carreaux Wow Aquarelle Titanium O Gloss. Inspir\u00e9e par l\u2019art de l\u2019aquarelle, cette gamme de carreaux reproduit la fluidit\u00e9 et la transparence des couleurs dilu\u00e9es dans l\u2019eau. Avec leur finition brillante et leur teinte unique Titanium Blue, ces carreaux rectangulaires (7,5 x 30 cm) sont parfaits pour cr\u00e9er des int\u00e9rieurs \u00e9l\u00e9gants et modernes.","og_url":"https:\/\/homeproject.fr\/fr\/produit\/carrelage-mural-en-faience-wow-aquarelle-titanium-blue-o-gloss-75-x-30-ovale\/","og_site_name":"Homeproject.fr","article_modified_time":"2024-12-23T19:54:21+00:00","og_image":[{"width":800,"height":800,"url":"https:\/\/homeproject.fr\/fr\/wp-content\/uploads\/2024\/12\/Faience-murale-ovale-effet-artisanal-bleu-brillant-Wow-Aquarelle-Titanium-Blue-O-Gloss-7-5x30-1.jpeg","type":"image\/jpeg"}],"twitter_card":"summary_large_image","twitter_misc":{"Dur\u00e9e de lecture estim\u00e9e":"1 minute"},"schema":{"@context":"https:\/\/schema.org","@graph":[{"@type":"WebPage","@id":"https:\/\/homeproject.fr\/fr\/produit\/carrelage-mural-en-faience-wow-aquarelle-titanium-blue-o-gloss-75-x-30-ovale\/","url":"https:\/\/homeproject.fr\/fr\/produit\/carrelage-mural-en-faience-wow-aquarelle-titanium-blue-o-gloss-75-x-30-ovale\/","name":"Carrelage mural en fa\u00efence Wow Aquarelle TITANIUM BLUE O GLOSS 7,5 x 30 ovale - Homeproject.fr","isPartOf":{"@id":"https:\/\/homeproject.fr\/fr\/#website"},"primaryImageOfPage":{"@id":"https:\/\/homeproject.fr\/fr\/produit\/carrelage-mural-en-faience-wow-aquarelle-titanium-blue-o-gloss-75-x-30-ovale\/#primaryimage"},"image":{"@id":"https:\/\/homeproject.fr\/fr\/produit\/carrelage-mural-en-faience-wow-aquarelle-titanium-blue-o-gloss-75-x-30-ovale\/#primaryimage"},"thumbnailUrl":"https:\/\/homeproject.fr\/fr\/wp-content\/uploads\/2024\/12\/Faience-murale-ovale-effet-artisanal-bleu-brillant-Wow-Aquarelle-Titanium-Blue-O-Gloss-7-5x30-1.jpeg","datePublished":"2024-12-23T19:09:39+00:00","dateModified":"2024-12-23T19:54:21+00:00","breadcrumb":{"@id":"https:\/\/homeproject.fr\/fr\/produit\/carrelage-mural-en-faience-wow-aquarelle-titanium-blue-o-gloss-75-x-30-ovale\/#breadcrumb"},"inLanguage":"fr-FR","potentialAction":[{"@type":"ReadAction","target":["https:\/\/homeproject.fr\/fr\/produit\/carrelage-mural-en-faience-wow-aquarelle-titanium-blue-o-gloss-75-x-30-ovale\/"]}]},{"@type":"ImageObject","inLanguage":"fr-FR","@id":"https:\/\/homeproject.fr\/fr\/produit\/carrelage-mural-en-faience-wow-aquarelle-titanium-blue-o-gloss-75-x-30-ovale\/#primaryimage","url":"https:\/\/homeproject.fr\/fr\/wp-content\/uploads\/2024\/12\/Faience-murale-ovale-effet-artisanal-bleu-brillant-Wow-Aquarelle-Titanium-Blue-O-Gloss-7-5x30-1.jpeg","contentUrl":"https:\/\/homeproject.fr\/fr\/wp-content\/uploads\/2024\/12\/Faience-murale-ovale-effet-artisanal-bleu-brillant-Wow-Aquarelle-Titanium-Blue-O-Gloss-7-5x30-1.jpeg","width":800,"height":800},{"@type":"BreadcrumbList","@id":"https:\/\/homeproject.fr\/fr\/produit\/carrelage-mural-en-faience-wow-aquarelle-titanium-blue-o-gloss-75-x-30-ovale\/#breadcrumb","itemListElement":[{"@type":"ListItem","position":1,"name":"Accueil","item":"https:\/\/homeproject.fr\/fr\/"},{"@type":"ListItem","position":2,"name":"Boutique","item":"https:\/\/homeproject.fr\/fr\/boutique\/"},{"@type":"ListItem","position":3,"name":"Carrelage mural en fa\u00efence Wow Aquarelle TITANIUM BLUE O GLOSS 7,5 x 30 ovale"}]},{"@type":"WebSite","@id":"https:\/\/homeproject.fr\/fr\/#website","url":"https:\/\/homeproject.fr\/fr\/","name":"Homeproject.fr","description":"Offrez l&#039;exceptionnel \u00e0 vos espaces \u00e0 vivre","publisher":{"@id":"https:\/\/homeproject.fr\/fr\/#organization"},"potentialAction":[{"@type":"SearchAction","target":{"@type":"EntryPoint","urlTemplate":"https:\/\/homeproject.fr\/fr\/?s={search_term_string}"},"query-input":{"@type":"PropertyValueSpecification","valueRequired":true,"valueName":"search_term_string"}}],"inLanguage":"fr-FR"},{"@type":"Organization","@id":"https:\/\/homeproject.fr\/fr\/#organization","name":"Homeproject.fr","url":"https:\/\/homeproject.fr\/fr\/","logo":{"@type":"ImageObject","inLanguage":"fr-FR","@id":"https:\/\/homeproject.fr\/fr\/#\/schema\/logo\/image\/","url":"https:\/\/homeproject.fr\/fr\/wp-content\/uploads\/2024\/12\/Logo_HomeProject-noir-2.png","contentUrl":"https:\/\/homeproject.fr\/fr\/wp-content\/uploads\/2024\/12\/Logo_HomeProject-noir-2.png","width":300,"height":91,"caption":"Homeproject.fr"},"image":{"@id":"https:\/\/homeproject.fr\/fr\/#\/schema\/logo\/image\/"}}]}},"_links":{"self":[{"href":"https:\/\/homeproject.fr\/fr\/wp-json\/wp\/v2\/product\/7149","targetHints":{"allow":["GET"]}}],"collection":[{"href":"https:\/\/homeproject.fr\/fr\/wp-json\/wp\/v2\/product"}],"about":[{"href":"https:\/\/homeproject.fr\/fr\/wp-json\/wp\/v2\/types\/product"}],"version-history":[{"count":2,"href":"https:\/\/homeproject.fr\/fr\/wp-json\/wp\/v2\/product\/7149\/revisions"}],"predecessor-version":[{"id":7160,"href":"https:\/\/homeproject.fr\/fr\/wp-json\/wp\/v2\/product\/7149\/revisions\/7160"}],"wp:featuredmedia":[{"embeddable":true,"href":"https:\/\/homeproject.fr\/fr\/wp-json\/wp\/v2\/media\/7146"}],"wp:attachment":[{"href":"https:\/\/homeproject.fr\/fr\/wp-json\/wp\/v2\/media?parent=7149"}],"wp:term":[{"taxonomy":"product_brand","embeddable":true,"href":"https:\/\/homeproject.fr\/fr\/wp-json\/wp\/v2\/product_brand?post=7149"},{"taxonomy":"product_cat","embeddable":true,"href":"https:\/\/homeproject.fr\/fr\/wp-json\/wp\/v2\/product_cat?post=7149"},{"taxonomy":"product_tag","embeddable":true,"href":"https:\/\/homeproject.fr\/fr\/wp-json\/wp\/v2\/product_tag?post=7149"}],"curies":[{"name":"wp","href":"https:\/\/api.w.org\/{rel}","templated":true}]}}