{"id":7045,"date":"2024-12-23T11:41:51","date_gmt":"2024-12-23T11:41:51","guid":{"rendered":"https:\/\/homeproject.fr\/fr\/?post_type=product&#038;p=7045"},"modified":"2024-12-23T11:47:07","modified_gmt":"2024-12-23T11:47:07","slug":"carrelage-decoratif-mattonelle-margherita-street-101x205-par-mutina","status":"publish","type":"product","link":"https:\/\/homeproject.fr\/fr\/produit\/carrelage-decoratif-mattonelle-margherita-street-101x205-par-mutina\/","title":{"rendered":"Carrelage d\u00e9coratif Mattonelle Margherita STREET 10,1&#215;20,5 par Mutina"},"content":{"rendered":"<p><strong><a href=\"https:\/\/homeproject.fr\/fr\/produit\/echantillon-carrelage-mutina-mattonelle-margherita-street\/\">Commander un \u00e9chantillon<\/a><\/strong><\/p>\n<p><strong>Caract\u00e9ristiques :<\/strong><\/p>\n<p>\u2022Mat\u00e9riau : Gr\u00e8s c\u00e9rame durable et r\u00e9sistant.<\/p>\n<p>\u2022Design intemporel : Un motif \u00e9pur\u00e9 et graphique avec une large bande noire contrastant sur un fond blanc.<\/p>\n<p>\u2022Polyvalence : Id\u00e9al pour les sols et murs, adapt\u00e9 aux cuisines, salles de bain ou espaces de vie contemporains.<\/p>\n<p>\u2022Durabilit\u00e9 : Con\u00e7u pour r\u00e9sister aux chocs, \u00e0 l\u2019humidit\u00e9 et \u00e0 l\u2019usure quotidienne.<\/p>\n<p>Disponible sur HomeProject.fr, le Street est une solution esth\u00e9tique et durable pour vos projets de r\u00e9novation ou de d\u00e9coration int\u00e9rieure. Offrez \u00e0 votre int\u00e9rieur une ambiance raffin\u00e9e et moderne gr\u00e2ce \u00e0 ce carrelage d\u2019exception.<\/p>\n<p><span style=\"font-family: inherit; font-size: 30px;\">Design par Nathalie du Pasquier<\/span><\/p>\n<p>Nathalie du Pasquier est une designer, artiste et peintre fran\u00e7aise n\u00e9e en 1957 \u00e0 Bordeaux. Elle est mondialement reconnue pour son r\u00f4le majeur au sein du groupe Memphis, mouvement de design italien fond\u00e9 \u00e0 Milan en 1981 par Ettore Sottsass.<\/p>\n<p>Ses cr\u00e9ations pour Memphis se distinguent par leur audace graphique, leurs motifs g\u00e9om\u00e9triques et l\u2019utilisation de couleurs vives, rompant avec les conventions du design minimaliste des ann\u00e9es 1970. Elle a d\u2019abord travaill\u00e9 sur des objets, des textiles, des tapis et des surfaces d\u00e9coratives, apportant une esth\u00e9tique joyeuse et d\u00e9cal\u00e9e au mobilier et aux int\u00e9rieurs.<\/p>\n<p>\u00c0 partir de 1987, Nathalie du Pasquier se consacre principalement \u00e0 la peinture, o\u00f9 elle explore la composition abstraite et le jeu des formes. Ses \u0153uvres continuent de refl\u00e9ter sa passion pour le graphisme, les motifs et les jeux visuels, cr\u00e9ant un langage visuel singulier et imm\u00e9diatement reconnaissable.<\/p>\n<p>Aujourd\u2019hui, Nathalie du Pasquier est une figure incontournable du design et de l\u2019art contemporain, collaborant r\u00e9guli\u00e8rement avec des marques et institutions prestigieuses comme Mutina pour des projets de carrelages d\u00e9coratifs ou encore HAY. Son travail incarne une fusion parfaite entre art, design et architecture, toujours port\u00e9 par une libert\u00e9 cr\u00e9ative et un esprit ludique.<\/p>\n<p>\u00a0<\/p>\n<p><strong style=\"font-family: inherit; font-size: 30px;\">Vous avez des questions ?<\/strong><\/p>\n<style id=\"wpforms-css-vars-3675\">\n\t\t\t\t#wpforms-3675 {\n\t\t\t\t\n\t\t\t}\n\t\t\t<\/style><div class=\"wpforms-container wpforms-container-full wpforms-render-modern\" id=\"wpforms-3675\"><form id=\"wpforms-form-3675\" class=\"wpforms-validate wpforms-form wpforms-ajax-form\" data-formid=\"3675\" method=\"post\" enctype=\"multipart\/form-data\" action=\"\/fr\/wp-json\/wp\/v2\/product\/7045\" data-token=\"40ada6e9151c970e4278e2da3e5409c5\" data-token-time=\"1777916410\"><noscript class=\"wpforms-error-noscript\">Veuillez activer JavaScript dans votre navigateur pour remplir ce formulaire.<\/noscript><div id=\"wpforms-error-noscript\" style=\"display: none;\">Veuillez activer JavaScript dans votre navigateur pour remplir ce formulaire.<\/div><div class=\"wpforms-field-container\">\t\t<div id=\"wpforms-3675-field_1-container\"\n\t\t\tclass=\"wpforms-field wpforms-field-text\"\n\t\t\tdata-field-type=\"text\"\n\t\t\tdata-field-id=\"1\"\n\t\t\t>\n\t\t\t<label class=\"wpforms-field-label\" for=\"wpforms-3675-field_1\" >Message E-mail Nom<\/label>\n\t\t\t<input type=\"text\" id=\"wpforms-3675-field_1\" class=\"wpforms-field-medium\" name=\"wpforms[fields][1]\" >\n\t\t<\/div>\n\t\t<div id=\"wpforms-3675-field_3-container\" class=\"wpforms-field wpforms-field-name\" data-field-id=\"3\"><fieldset><legend class=\"wpforms-field-label\">Nom <span class=\"wpforms-required-label\" aria-hidden=\"true\">*<\/span><\/legend><div class=\"wpforms-field-row wpforms-field-medium\"><div class=\"wpforms-field-row-block wpforms-first wpforms-one-half\"><input type=\"text\" id=\"wpforms-3675-field_3\" class=\"wpforms-field-name-first wpforms-field-required\" name=\"wpforms[fields][3][first]\" aria-errormessage=\"wpforms-3675-field_3-error\" required><label for=\"wpforms-3675-field_3\" class=\"wpforms-field-sublabel after\">Pr\u00e9nom<\/label><\/div><div class=\"wpforms-field-row-block wpforms-one-half\"><input type=\"text\" id=\"wpforms-3675-field_3-last\" class=\"wpforms-field-name-last wpforms-field-required\" name=\"wpforms[fields][3][last]\" aria-errormessage=\"wpforms-3675-field_3-last-error\" required><label for=\"wpforms-3675-field_3-last\" class=\"wpforms-field-sublabel after\">Nom<\/label><\/div><\/div><\/fieldset><\/div><div id=\"wpforms-3675-field_4-container\" class=\"wpforms-field wpforms-field-email\" data-field-id=\"4\"><label class=\"wpforms-field-label\" for=\"wpforms-3675-field_4\">E-mail <span class=\"wpforms-required-label\" aria-hidden=\"true\">*<\/span><\/label><input type=\"email\" id=\"wpforms-3675-field_4\" class=\"wpforms-field-medium wpforms-field-required\" name=\"wpforms[fields][4]\" spellcheck=\"false\" aria-errormessage=\"wpforms-3675-field_4-error\" required><\/div><div id=\"wpforms-3675-field_5-container\" class=\"wpforms-field wpforms-field-textarea\" data-field-id=\"5\"><label class=\"wpforms-field-label\" for=\"wpforms-3675-field_5\">Message <span class=\"wpforms-required-label\" aria-hidden=\"true\">*<\/span><\/label><textarea id=\"wpforms-3675-field_5\" class=\"wpforms-field-medium wpforms-field-required\" name=\"wpforms[fields][5]\" aria-errormessage=\"wpforms-3675-field_5-error\" required><\/textarea><\/div><script>\n\t\t\t\t( function() {\n\t\t\t\t\tconst style = document.createElement( 'style' );\n\t\t\t\t\tstyle.appendChild( document.createTextNode( '#wpforms-3675-field_1-container { position: absolute !important; overflow: hidden !important; display: inline !important; height: 1px !important; width: 1px !important; z-index: -1000 !important; padding: 0 !important; } #wpforms-3675-field_1-container input { visibility: hidden; } #wpforms-conversational-form-page #wpforms-3675-field_1-container label { counter-increment: none; }' ) );\n\t\t\t\t\tdocument.head.appendChild( style );\n\t\t\t\t\tdocument.currentScript?.remove();\n\t\t\t\t} )();\n\t\t\t<\/script><\/div><!-- .wpforms-field-container --><div class=\"wpforms-submit-container\" ><input type=\"hidden\" name=\"wpforms[id]\" value=\"3675\"><input type=\"hidden\" name=\"page_title\" value=\"\"><input type=\"hidden\" name=\"page_url\" value=\"https:\/\/homeproject.fr\/fr\/wp-json\/wp\/v2\/product\/7045\"><input type=\"hidden\" name=\"url_referer\" value=\"\"><button type=\"submit\" name=\"wpforms[submit]\" id=\"wpforms-submit-3675\" class=\"wpforms-submit\" data-alt-text=\"Envoi...\" data-submit-text=\"Envoyer\" aria-live=\"assertive\" value=\"wpforms-submit\">Envoyer<\/button><img decoding=\"async\" src=\"https:\/\/homeproject.fr\/fr\/wp-content\/plugins\/wpforms-lite\/assets\/images\/submit-spin.svg\" class=\"wpforms-submit-spinner\" style=\"display: none;\" width=\"26\" height=\"26\" alt=\"Chargement en cours\"><\/div><\/form><\/div>  <!-- .wpforms-container -->\n","protected":false},"excerpt":{"rendered":"<p>Apportez une touche \u00e9l\u00e9gante et contemporaine \u00e0 vos espaces gr\u00e2ce au carrelage Street, sign\u00e9 par la designer visionnaire Nathalie Du Pasquier pour la collection Mattonelle Margherita de Mutina. Ce carrelage en gr\u00e8s c\u00e9rame, avec sa bande noire horizontale sur un fond blanc immacul\u00e9, est parfait pour cr\u00e9er des int\u00e9rieurs minimalistes et modernes.<\/p>\n","protected":false},"featured_media":6999,"template":"","meta":{"_uf_show_specific_survey":0,"_uf_disable_surveys":false,"iawp_total_views":2},"product_brand":[],"product_cat":[20,124,125],"product_tag":[],"class_list":{"0":"post-7045","1":"product","2":"type-product","3":"status-publish","4":"has-post-thumbnail","6":"product_cat-carrelage","7":"product_cat-effet-carreau-ciment","8":"product_cat-motifs","9":"product_shipping_class-carrelage","10":"pa_collection-mattonelle-margherita","11":"pa_designer-nathalie-du-pasquier","12":"pa_dimensions-nominales-10x20","13":"pa_effet-geometrique","14":"pa_epaisseur-10mm","15":"pa_marque-mutina","17":"first","18":"instock","19":"sale","20":"taxable","21":"shipping-taxable","22":"purchasable","23":"product-type-simple"},"yoast_head":"<!-- This site is optimized with the Yoast SEO plugin v27.5 - https:\/\/yoast.com\/product\/yoast-seo-wordpress\/ -->\n<title>Carrelage d\u00e9coratif Mattonelle Margherita STREET 10,1x20,5 par Mutina - Homeproject.fr<\/title>\n<meta name=\"robots\" content=\"index, follow, max-snippet:-1, max-image-preview:large, max-video-preview:-1\" \/>\n<link rel=\"canonical\" href=\"https:\/\/homeproject.fr\/fr\/produit\/carrelage-decoratif-mattonelle-margherita-street-101x205-par-mutina\/\" \/>\n<meta property=\"og:locale\" content=\"fr_FR\" \/>\n<meta property=\"og:type\" content=\"article\" \/>\n<meta property=\"og:title\" content=\"Carrelage d\u00e9coratif Mattonelle Margherita STREET 10,1x20,5 par Mutina - Homeproject.fr\" \/>\n<meta property=\"og:description\" content=\"Apportez une touche \u00e9l\u00e9gante et contemporaine \u00e0 vos espaces gr\u00e2ce au carrelage Street, sign\u00e9 par la designer visionnaire Nathalie Du Pasquier pour la collection Mattonelle Margherita de Mutina. Ce carrelage en gr\u00e8s c\u00e9rame, avec sa bande noire horizontale sur un fond blanc immacul\u00e9, est parfait pour cr\u00e9er des int\u00e9rieurs minimalistes et modernes.\" \/>\n<meta property=\"og:url\" content=\"https:\/\/homeproject.fr\/fr\/produit\/carrelage-decoratif-mattonelle-margherita-street-101x205-par-mutina\/\" \/>\n<meta property=\"og:site_name\" content=\"Homeproject.fr\" \/>\n<meta property=\"article:modified_time\" content=\"2024-12-23T11:47:07+00:00\" \/>\n<meta property=\"og:image\" content=\"https:\/\/homeproject.fr\/fr\/wp-content\/uploads\/2024\/12\/Carrelage-sol-et-mur-en-gres-cerame-effet-carreau-ciment-dessine-par-Nathalie-du-Pasquier-pour-Mutina-Mattonelle-Margherita-Street.jpg\" \/>\n\t<meta property=\"og:image:width\" content=\"845\" \/>\n\t<meta property=\"og:image:height\" content=\"845\" \/>\n\t<meta property=\"og:image:type\" content=\"image\/jpeg\" \/>\n<meta name=\"twitter:card\" content=\"summary_large_image\" \/>\n<meta name=\"twitter:label1\" content=\"Dur\u00e9e de lecture estim\u00e9e\" \/>\n\t<meta name=\"twitter:data1\" content=\"2 minutes\" \/>\n<script type=\"application\/ld+json\" class=\"yoast-schema-graph\">{\"@context\":\"https:\\\/\\\/schema.org\",\"@graph\":[{\"@type\":\"WebPage\",\"@id\":\"https:\\\/\\\/homeproject.fr\\\/fr\\\/produit\\\/carrelage-decoratif-mattonelle-margherita-street-101x205-par-mutina\\\/\",\"url\":\"https:\\\/\\\/homeproject.fr\\\/fr\\\/produit\\\/carrelage-decoratif-mattonelle-margherita-street-101x205-par-mutina\\\/\",\"name\":\"Carrelage d\u00e9coratif Mattonelle Margherita STREET 10,1x20,5 par Mutina - Homeproject.fr\",\"isPartOf\":{\"@id\":\"https:\\\/\\\/homeproject.fr\\\/fr\\\/#website\"},\"primaryImageOfPage\":{\"@id\":\"https:\\\/\\\/homeproject.fr\\\/fr\\\/produit\\\/carrelage-decoratif-mattonelle-margherita-street-101x205-par-mutina\\\/#primaryimage\"},\"image\":{\"@id\":\"https:\\\/\\\/homeproject.fr\\\/fr\\\/produit\\\/carrelage-decoratif-mattonelle-margherita-street-101x205-par-mutina\\\/#primaryimage\"},\"thumbnailUrl\":\"https:\\\/\\\/homeproject.fr\\\/fr\\\/wp-content\\\/uploads\\\/2024\\\/12\\\/Carrelage-sol-et-mur-en-gres-cerame-effet-carreau-ciment-dessine-par-Nathalie-du-Pasquier-pour-Mutina-Mattonelle-Margherita-Street.jpg\",\"datePublished\":\"2024-12-23T11:41:51+00:00\",\"dateModified\":\"2024-12-23T11:47:07+00:00\",\"breadcrumb\":{\"@id\":\"https:\\\/\\\/homeproject.fr\\\/fr\\\/produit\\\/carrelage-decoratif-mattonelle-margherita-street-101x205-par-mutina\\\/#breadcrumb\"},\"inLanguage\":\"fr-FR\",\"potentialAction\":[{\"@type\":\"ReadAction\",\"target\":[\"https:\\\/\\\/homeproject.fr\\\/fr\\\/produit\\\/carrelage-decoratif-mattonelle-margherita-street-101x205-par-mutina\\\/\"]}]},{\"@type\":\"ImageObject\",\"inLanguage\":\"fr-FR\",\"@id\":\"https:\\\/\\\/homeproject.fr\\\/fr\\\/produit\\\/carrelage-decoratif-mattonelle-margherita-street-101x205-par-mutina\\\/#primaryimage\",\"url\":\"https:\\\/\\\/homeproject.fr\\\/fr\\\/wp-content\\\/uploads\\\/2024\\\/12\\\/Carrelage-sol-et-mur-en-gres-cerame-effet-carreau-ciment-dessine-par-Nathalie-du-Pasquier-pour-Mutina-Mattonelle-Margherita-Street.jpg\",\"contentUrl\":\"https:\\\/\\\/homeproject.fr\\\/fr\\\/wp-content\\\/uploads\\\/2024\\\/12\\\/Carrelage-sol-et-mur-en-gres-cerame-effet-carreau-ciment-dessine-par-Nathalie-du-Pasquier-pour-Mutina-Mattonelle-Margherita-Street.jpg\",\"width\":845,\"height\":845},{\"@type\":\"BreadcrumbList\",\"@id\":\"https:\\\/\\\/homeproject.fr\\\/fr\\\/produit\\\/carrelage-decoratif-mattonelle-margherita-street-101x205-par-mutina\\\/#breadcrumb\",\"itemListElement\":[{\"@type\":\"ListItem\",\"position\":1,\"name\":\"Accueil\",\"item\":\"https:\\\/\\\/homeproject.fr\\\/fr\\\/\"},{\"@type\":\"ListItem\",\"position\":2,\"name\":\"Boutique\",\"item\":\"https:\\\/\\\/homeproject.fr\\\/fr\\\/boutique\\\/\"},{\"@type\":\"ListItem\",\"position\":3,\"name\":\"Carrelage d\u00e9coratif Mattonelle Margherita STREET 10,1&#215;20,5 par Mutina\"}]},{\"@type\":\"WebSite\",\"@id\":\"https:\\\/\\\/homeproject.fr\\\/fr\\\/#website\",\"url\":\"https:\\\/\\\/homeproject.fr\\\/fr\\\/\",\"name\":\"Homeproject.fr\",\"description\":\"Offrez l&#039;exceptionnel \u00e0 vos espaces \u00e0 vivre\",\"publisher\":{\"@id\":\"https:\\\/\\\/homeproject.fr\\\/fr\\\/#organization\"},\"potentialAction\":[{\"@type\":\"SearchAction\",\"target\":{\"@type\":\"EntryPoint\",\"urlTemplate\":\"https:\\\/\\\/homeproject.fr\\\/fr\\\/?s={search_term_string}\"},\"query-input\":{\"@type\":\"PropertyValueSpecification\",\"valueRequired\":true,\"valueName\":\"search_term_string\"}}],\"inLanguage\":\"fr-FR\"},{\"@type\":\"Organization\",\"@id\":\"https:\\\/\\\/homeproject.fr\\\/fr\\\/#organization\",\"name\":\"Homeproject.fr\",\"url\":\"https:\\\/\\\/homeproject.fr\\\/fr\\\/\",\"logo\":{\"@type\":\"ImageObject\",\"inLanguage\":\"fr-FR\",\"@id\":\"https:\\\/\\\/homeproject.fr\\\/fr\\\/#\\\/schema\\\/logo\\\/image\\\/\",\"url\":\"https:\\\/\\\/homeproject.fr\\\/fr\\\/wp-content\\\/uploads\\\/2024\\\/12\\\/Logo_HomeProject-noir-2.png\",\"contentUrl\":\"https:\\\/\\\/homeproject.fr\\\/fr\\\/wp-content\\\/uploads\\\/2024\\\/12\\\/Logo_HomeProject-noir-2.png\",\"width\":300,\"height\":91,\"caption\":\"Homeproject.fr\"},\"image\":{\"@id\":\"https:\\\/\\\/homeproject.fr\\\/fr\\\/#\\\/schema\\\/logo\\\/image\\\/\"}}]}<\/script>\n<!-- \/ Yoast SEO plugin. -->","yoast_head_json":{"title":"Carrelage d\u00e9coratif Mattonelle Margherita STREET 10,1x20,5 par Mutina - Homeproject.fr","robots":{"index":"index","follow":"follow","max-snippet":"max-snippet:-1","max-image-preview":"max-image-preview:large","max-video-preview":"max-video-preview:-1"},"canonical":"https:\/\/homeproject.fr\/fr\/produit\/carrelage-decoratif-mattonelle-margherita-street-101x205-par-mutina\/","og_locale":"fr_FR","og_type":"article","og_title":"Carrelage d\u00e9coratif Mattonelle Margherita STREET 10,1x20,5 par Mutina - Homeproject.fr","og_description":"Apportez une touche \u00e9l\u00e9gante et contemporaine \u00e0 vos espaces gr\u00e2ce au carrelage Street, sign\u00e9 par la designer visionnaire Nathalie Du Pasquier pour la collection Mattonelle Margherita de Mutina. Ce carrelage en gr\u00e8s c\u00e9rame, avec sa bande noire horizontale sur un fond blanc immacul\u00e9, est parfait pour cr\u00e9er des int\u00e9rieurs minimalistes et modernes.","og_url":"https:\/\/homeproject.fr\/fr\/produit\/carrelage-decoratif-mattonelle-margherita-street-101x205-par-mutina\/","og_site_name":"Homeproject.fr","article_modified_time":"2024-12-23T11:47:07+00:00","og_image":[{"width":845,"height":845,"url":"https:\/\/homeproject.fr\/fr\/wp-content\/uploads\/2024\/12\/Carrelage-sol-et-mur-en-gres-cerame-effet-carreau-ciment-dessine-par-Nathalie-du-Pasquier-pour-Mutina-Mattonelle-Margherita-Street.jpg","type":"image\/jpeg"}],"twitter_card":"summary_large_image","twitter_misc":{"Dur\u00e9e de lecture estim\u00e9e":"2 minutes"},"schema":{"@context":"https:\/\/schema.org","@graph":[{"@type":"WebPage","@id":"https:\/\/homeproject.fr\/fr\/produit\/carrelage-decoratif-mattonelle-margherita-street-101x205-par-mutina\/","url":"https:\/\/homeproject.fr\/fr\/produit\/carrelage-decoratif-mattonelle-margherita-street-101x205-par-mutina\/","name":"Carrelage d\u00e9coratif Mattonelle Margherita STREET 10,1x20,5 par Mutina - Homeproject.fr","isPartOf":{"@id":"https:\/\/homeproject.fr\/fr\/#website"},"primaryImageOfPage":{"@id":"https:\/\/homeproject.fr\/fr\/produit\/carrelage-decoratif-mattonelle-margherita-street-101x205-par-mutina\/#primaryimage"},"image":{"@id":"https:\/\/homeproject.fr\/fr\/produit\/carrelage-decoratif-mattonelle-margherita-street-101x205-par-mutina\/#primaryimage"},"thumbnailUrl":"https:\/\/homeproject.fr\/fr\/wp-content\/uploads\/2024\/12\/Carrelage-sol-et-mur-en-gres-cerame-effet-carreau-ciment-dessine-par-Nathalie-du-Pasquier-pour-Mutina-Mattonelle-Margherita-Street.jpg","datePublished":"2024-12-23T11:41:51+00:00","dateModified":"2024-12-23T11:47:07+00:00","breadcrumb":{"@id":"https:\/\/homeproject.fr\/fr\/produit\/carrelage-decoratif-mattonelle-margherita-street-101x205-par-mutina\/#breadcrumb"},"inLanguage":"fr-FR","potentialAction":[{"@type":"ReadAction","target":["https:\/\/homeproject.fr\/fr\/produit\/carrelage-decoratif-mattonelle-margherita-street-101x205-par-mutina\/"]}]},{"@type":"ImageObject","inLanguage":"fr-FR","@id":"https:\/\/homeproject.fr\/fr\/produit\/carrelage-decoratif-mattonelle-margherita-street-101x205-par-mutina\/#primaryimage","url":"https:\/\/homeproject.fr\/fr\/wp-content\/uploads\/2024\/12\/Carrelage-sol-et-mur-en-gres-cerame-effet-carreau-ciment-dessine-par-Nathalie-du-Pasquier-pour-Mutina-Mattonelle-Margherita-Street.jpg","contentUrl":"https:\/\/homeproject.fr\/fr\/wp-content\/uploads\/2024\/12\/Carrelage-sol-et-mur-en-gres-cerame-effet-carreau-ciment-dessine-par-Nathalie-du-Pasquier-pour-Mutina-Mattonelle-Margherita-Street.jpg","width":845,"height":845},{"@type":"BreadcrumbList","@id":"https:\/\/homeproject.fr\/fr\/produit\/carrelage-decoratif-mattonelle-margherita-street-101x205-par-mutina\/#breadcrumb","itemListElement":[{"@type":"ListItem","position":1,"name":"Accueil","item":"https:\/\/homeproject.fr\/fr\/"},{"@type":"ListItem","position":2,"name":"Boutique","item":"https:\/\/homeproject.fr\/fr\/boutique\/"},{"@type":"ListItem","position":3,"name":"Carrelage d\u00e9coratif Mattonelle Margherita STREET 10,1&#215;20,5 par Mutina"}]},{"@type":"WebSite","@id":"https:\/\/homeproject.fr\/fr\/#website","url":"https:\/\/homeproject.fr\/fr\/","name":"Homeproject.fr","description":"Offrez l&#039;exceptionnel \u00e0 vos espaces \u00e0 vivre","publisher":{"@id":"https:\/\/homeproject.fr\/fr\/#organization"},"potentialAction":[{"@type":"SearchAction","target":{"@type":"EntryPoint","urlTemplate":"https:\/\/homeproject.fr\/fr\/?s={search_term_string}"},"query-input":{"@type":"PropertyValueSpecification","valueRequired":true,"valueName":"search_term_string"}}],"inLanguage":"fr-FR"},{"@type":"Organization","@id":"https:\/\/homeproject.fr\/fr\/#organization","name":"Homeproject.fr","url":"https:\/\/homeproject.fr\/fr\/","logo":{"@type":"ImageObject","inLanguage":"fr-FR","@id":"https:\/\/homeproject.fr\/fr\/#\/schema\/logo\/image\/","url":"https:\/\/homeproject.fr\/fr\/wp-content\/uploads\/2024\/12\/Logo_HomeProject-noir-2.png","contentUrl":"https:\/\/homeproject.fr\/fr\/wp-content\/uploads\/2024\/12\/Logo_HomeProject-noir-2.png","width":300,"height":91,"caption":"Homeproject.fr"},"image":{"@id":"https:\/\/homeproject.fr\/fr\/#\/schema\/logo\/image\/"}}]}},"_links":{"self":[{"href":"https:\/\/homeproject.fr\/fr\/wp-json\/wp\/v2\/product\/7045","targetHints":{"allow":["GET"]}}],"collection":[{"href":"https:\/\/homeproject.fr\/fr\/wp-json\/wp\/v2\/product"}],"about":[{"href":"https:\/\/homeproject.fr\/fr\/wp-json\/wp\/v2\/types\/product"}],"version-history":[{"count":1,"href":"https:\/\/homeproject.fr\/fr\/wp-json\/wp\/v2\/product\/7045\/revisions"}],"predecessor-version":[{"id":7046,"href":"https:\/\/homeproject.fr\/fr\/wp-json\/wp\/v2\/product\/7045\/revisions\/7046"}],"wp:featuredmedia":[{"embeddable":true,"href":"https:\/\/homeproject.fr\/fr\/wp-json\/wp\/v2\/media\/6999"}],"wp:attachment":[{"href":"https:\/\/homeproject.fr\/fr\/wp-json\/wp\/v2\/media?parent=7045"}],"wp:term":[{"taxonomy":"product_brand","embeddable":true,"href":"https:\/\/homeproject.fr\/fr\/wp-json\/wp\/v2\/product_brand?post=7045"},{"taxonomy":"product_cat","embeddable":true,"href":"https:\/\/homeproject.fr\/fr\/wp-json\/wp\/v2\/product_cat?post=7045"},{"taxonomy":"product_tag","embeddable":true,"href":"https:\/\/homeproject.fr\/fr\/wp-json\/wp\/v2\/product_tag?post=7045"}],"curies":[{"name":"wp","href":"https:\/\/api.w.org\/{rel}","templated":true}]}}