{"id":6695,"date":"2024-12-21T13:07:48","date_gmt":"2024-12-21T13:07:48","guid":{"rendered":"https:\/\/homeproject.fr\/fr\/?post_type=product&#038;p=6695"},"modified":"2024-12-21T13:11:55","modified_gmt":"2024-12-21T13:11:55","slug":"orac-decor-w110-2600-hill-panneau-mural-3d-purotouch","status":"publish","type":"product","link":"https:\/\/homeproject.fr\/fr\/produit\/orac-decor-w110-2600-hill-panneau-mural-3d-purotouch\/","title":{"rendered":"Orac D\u00e9cor W110-2600 Hill- Panneau Mural 3D Purotouch\u00ae"},"content":{"rendered":"<p><strong>Transformez vos murs avec le panneau mural 3D W110-2600 Hill : \u00e9l\u00e9gance et modernit\u00e9 au service de vos espaces.<\/strong><\/p>\n<h4><strong>Caract\u00e9ristiques principales<\/strong> :<\/h4>\n<ul>\n<li><strong>Dimensions :<\/strong> Longueur 260 cm x Hauteur 25 cm x Largeur 1,6 cm<\/li>\n<\/ul>\n<p><img decoding=\"async\" class=\"alignnone size-full wp-image-6696\" src=\"https:\/\/homeproject.fr\/fr\/wp-content\/uploads\/2024\/12\/Panneau-mural-en-relief-a-peindre-en-purotouch-W112-2600-HILL-schema.jpg\" alt=\"\" width=\"172\" height=\"78\" srcset=\"https:\/\/homeproject.fr\/fr\/wp-content\/uploads\/2024\/12\/Panneau-mural-en-relief-a-peindre-en-purotouch-W112-2600-HILL-schema.jpg 172w, https:\/\/homeproject.fr\/fr\/wp-content\/uploads\/2024\/12\/Panneau-mural-en-relief-a-peindre-en-purotouch-W112-2600-HILL-schema-18x8.jpg 18w\" sizes=\"(max-width: 172px) 100vw, 172px\" \/><\/p>\n<ul>\n<li><strong>Mat\u00e9riau :<\/strong> Purotouch\u00ae \u2013 robuste, durable et l\u00e9ger<\/li>\n<li><strong>Design :<\/strong> Motifs en relief avec r\u00e9p\u00e9tition fluide pour un effet visuel harmonieux<\/li>\n<li><strong>Cr\u00e9ateur :<\/strong> Design sign\u00e9 Orio Tonini<\/li>\n<\/ul>\n<hr \/>\n<h4><strong>Avantages<\/strong> :<\/h4>\n<ul>\n<li><strong>Peut \u00eatre peint :<\/strong> Personnalisez-le avec les couleurs de votre choix pour une int\u00e9gration parfaite \u00e0 votre d\u00e9coration.<\/li>\n<li><strong>Propri\u00e9t\u00e9s acoustiques et thermiques :<\/strong> Am\u00e9liorez le confort sonore et thermique de vos espaces.<\/li>\n<li><strong>R\u00e9sistant :<\/strong> Con\u00e7u pour durer, avec une haute r\u00e9sistance \u00e0 l\u2019eau, aux chocs et aux termites.<\/li>\n<li><strong>Installation facile :<\/strong> Convient \u00e0 tous, du bricoleur amateur au professionnel.<\/li>\n<\/ul>\n<hr \/>\n<h3><strong>Pourquoi Choisir le Panneau W110 Hill ?<\/strong><\/h3>\n<ul>\n<li><strong>Polyvalence esth\u00e9tique :<\/strong> Avec ses motifs \u00e9pur\u00e9s, le panneau Hill s\u2019int\u00e8gre parfaitement aux int\u00e9rieurs modernes, scandinaves ou minimalistes.<\/li>\n<li><strong>Cr\u00e9ativit\u00e9 illimit\u00e9e :<\/strong> Combinez plusieurs panneaux pour cr\u00e9er des murs personnalis\u00e9s, adapt\u00e9s \u00e0 vos envies et besoins.<\/li>\n<li><strong>Durabilit\u00e9 :<\/strong> Fabriqu\u00e9 en Purotouch\u00ae, un mat\u00e9riau de haute qualit\u00e9, respectueux de l\u2019environnement et ultra-r\u00e9sistant.<\/li>\n<\/ul>\n<hr \/>\n<h3><strong>Applications Id\u00e9ales<\/strong><\/h3>\n<p>Le <strong>panneau mural W110 Hill<\/strong> est parfait pour habiller les murs de vos salons, chambres, bureaux, halls d\u2019entr\u00e9e ou espaces commerciaux. Cr\u00e9ez un point focal unique ou harmonisez vos espaces avec un design qui allie \u00e9l\u00e9gance et fonctionnalit\u00e9.<\/p>\n<hr \/>\n<h3><strong>Commandez d\u00e8s aujourd\u2019hui sur HomeProject.fr<\/strong><\/h3>\n<p>Disponible sur <strong>HomeProject.fr<\/strong>, votre site de r\u00e9f\u00e9rence pour des rev\u00eatements muraux haut de gamme, le panneau <strong>W110-2600 Hill<\/strong> vous permet de r\u00e9inventer vos espaces avec style. Profitez de notre service client expert, de descriptions d\u00e9taill\u00e9es et d\u2019une livraison rapide pour concr\u00e9tiser vos projets en toute s\u00e9r\u00e9nit\u00e9.<\/p>\n<hr \/>\n<p><strong>Avec le W110-2600 Hill, transformez vos murs en v\u00e9ritables \u0153uvres d\u2019art fonctionnelles et modernes.<\/strong><\/p>\n<p><strong style=\"font-family: inherit; font-size: 30px;\">Vous avez des questions ?<\/strong><\/p>\n<style id=\"wpforms-css-vars-3675\">\n\t\t\t\t#wpforms-3675 {\n\t\t\t\t\n\t\t\t}\n\t\t\t<\/style><div class=\"wpforms-container wpforms-container-full wpforms-render-modern\" id=\"wpforms-3675\"><form id=\"wpforms-form-3675\" class=\"wpforms-validate wpforms-form wpforms-ajax-form\" data-formid=\"3675\" method=\"post\" enctype=\"multipart\/form-data\" action=\"\/fr\/wp-json\/wp\/v2\/product\/6695\" data-token=\"2921a7ac3408d834be151983965c4ab3\" data-token-time=\"1778004704\"><noscript class=\"wpforms-error-noscript\">Veuillez activer JavaScript dans votre navigateur pour remplir ce formulaire.<\/noscript><div id=\"wpforms-error-noscript\" style=\"display: none;\">Veuillez activer JavaScript dans votre navigateur pour remplir ce formulaire.<\/div><div class=\"wpforms-field-container\"><div id=\"wpforms-3675-field_3-container\" class=\"wpforms-field wpforms-field-name\" data-field-id=\"3\"><fieldset><legend class=\"wpforms-field-label\">Nom <span class=\"wpforms-required-label\" aria-hidden=\"true\">*<\/span><\/legend><div class=\"wpforms-field-row wpforms-field-medium\"><div class=\"wpforms-field-row-block wpforms-first wpforms-one-half\"><input type=\"text\" id=\"wpforms-3675-field_3\" class=\"wpforms-field-name-first wpforms-field-required\" name=\"wpforms[fields][3][first]\" aria-errormessage=\"wpforms-3675-field_3-error\" required><label for=\"wpforms-3675-field_3\" class=\"wpforms-field-sublabel after\">Pr\u00e9nom<\/label><\/div><div class=\"wpforms-field-row-block wpforms-one-half\"><input type=\"text\" id=\"wpforms-3675-field_3-last\" class=\"wpforms-field-name-last wpforms-field-required\" name=\"wpforms[fields][3][last]\" aria-errormessage=\"wpforms-3675-field_3-last-error\" required><label for=\"wpforms-3675-field_3-last\" class=\"wpforms-field-sublabel after\">Nom<\/label><\/div><\/div><\/fieldset><\/div>\t\t<div id=\"wpforms-3675-field_1-container\"\n\t\t\tclass=\"wpforms-field wpforms-field-text\"\n\t\t\tdata-field-type=\"text\"\n\t\t\tdata-field-id=\"1\"\n\t\t\t>\n\t\t\t<label class=\"wpforms-field-label\" for=\"wpforms-3675-field_1\" >Message E-mail Nom<\/label>\n\t\t\t<input type=\"text\" id=\"wpforms-3675-field_1\" class=\"wpforms-field-medium\" name=\"wpforms[fields][1]\" >\n\t\t<\/div>\n\t\t<div id=\"wpforms-3675-field_4-container\" class=\"wpforms-field wpforms-field-email\" data-field-id=\"4\"><label class=\"wpforms-field-label\" for=\"wpforms-3675-field_4\">E-mail <span class=\"wpforms-required-label\" aria-hidden=\"true\">*<\/span><\/label><input type=\"email\" id=\"wpforms-3675-field_4\" class=\"wpforms-field-medium wpforms-field-required\" name=\"wpforms[fields][4]\" spellcheck=\"false\" aria-errormessage=\"wpforms-3675-field_4-error\" required><\/div><div id=\"wpforms-3675-field_5-container\" class=\"wpforms-field wpforms-field-textarea\" data-field-id=\"5\"><label class=\"wpforms-field-label\" for=\"wpforms-3675-field_5\">Message <span class=\"wpforms-required-label\" aria-hidden=\"true\">*<\/span><\/label><textarea id=\"wpforms-3675-field_5\" class=\"wpforms-field-medium wpforms-field-required\" name=\"wpforms[fields][5]\" aria-errormessage=\"wpforms-3675-field_5-error\" required><\/textarea><\/div><script>\n\t\t\t\t( function() {\n\t\t\t\t\tconst style = document.createElement( 'style' );\n\t\t\t\t\tstyle.appendChild( document.createTextNode( '#wpforms-3675-field_1-container { position: absolute !important; overflow: hidden !important; display: inline !important; height: 1px !important; width: 1px !important; z-index: -1000 !important; padding: 0 !important; } #wpforms-3675-field_1-container input { visibility: hidden; } #wpforms-conversational-form-page #wpforms-3675-field_1-container label { counter-increment: none; }' ) );\n\t\t\t\t\tdocument.head.appendChild( style );\n\t\t\t\t\tdocument.currentScript?.remove();\n\t\t\t\t} )();\n\t\t\t<\/script><\/div><!-- .wpforms-field-container --><div class=\"wpforms-submit-container\" ><input type=\"hidden\" name=\"wpforms[id]\" value=\"3675\"><input type=\"hidden\" name=\"page_title\" value=\"\"><input type=\"hidden\" name=\"page_url\" value=\"https:\/\/homeproject.fr\/fr\/wp-json\/wp\/v2\/product\/6695\"><input type=\"hidden\" name=\"url_referer\" value=\"\"><button type=\"submit\" name=\"wpforms[submit]\" id=\"wpforms-submit-3675\" class=\"wpforms-submit\" data-alt-text=\"Envoi...\" data-submit-text=\"Envoyer\" aria-live=\"assertive\" value=\"wpforms-submit\">Envoyer<\/button><img decoding=\"async\" src=\"https:\/\/homeproject.fr\/fr\/wp-content\/plugins\/wpforms-lite\/assets\/images\/submit-spin.svg\" class=\"wpforms-submit-spinner\" style=\"display: none;\" width=\"26\" height=\"26\" alt=\"Chargement en cours\"><\/div><\/form><\/div>  <!-- .wpforms-container -->\n","protected":false},"excerpt":{"rendered":"<p><strong>Un Design Qui Sublime Vos Espaces<\/strong><\/p>\n<p>Le mod\u00e8le <strong>Hill<\/strong> de la collection de panneaux muraux 3D Orac est con\u00e7u pour apporter une touche moderne et \u00e9l\u00e9gante \u00e0 vos int\u00e9rieurs. Ses motifs r\u00e9p\u00e9titifs et minimalistes ajoutent de la profondeur \u00e0 vos murs, tout en offrant une apparence plus spacieuse et raffin\u00e9e. Avec sa nouvelle longueur de 260 cm, le panneau W110 Hill s&rsquo;adapte parfaitement \u00e0 de grands murs pour un rendu spectaculaire.<\/p>\n","protected":false},"featured_media":6697,"template":"","meta":{"_uf_show_specific_survey":0,"_uf_disable_surveys":false,"iawp_total_views":74},"product_brand":[],"product_cat":[140],"product_tag":[],"class_list":{"0":"post-6695","1":"product","2":"type-product","3":"status-publish","4":"has-post-thumbnail","6":"product_cat-panneaux-3d-a-peindre-orac","7":"product_shipping_class-petit-colis","8":"pa_designer-orio-tonini","9":"pa_dimensions-nominales-25x260-cm","10":"pa_effet-relief","11":"pa_epaisseur-16-mm","12":"pa_marque-orac-decor","14":"first","15":"instock","16":"sale","17":"taxable","18":"shipping-taxable","19":"purchasable","20":"product-type-simple"},"yoast_head":"<!-- This site is optimized with the Yoast SEO plugin v27.5 - https:\/\/yoast.com\/product\/yoast-seo-wordpress\/ -->\n<title>Orac D\u00e9cor W110-2600 Hill- Panneau Mural 3D Purotouch\u00ae - Homeproject.fr<\/title>\n<meta name=\"robots\" content=\"index, follow, max-snippet:-1, max-image-preview:large, max-video-preview:-1\" \/>\n<link rel=\"canonical\" href=\"https:\/\/homeproject.fr\/fr\/produit\/orac-decor-w110-2600-hill-panneau-mural-3d-purotouch\/\" \/>\n<meta property=\"og:locale\" content=\"fr_FR\" \/>\n<meta property=\"og:type\" content=\"article\" \/>\n<meta property=\"og:title\" content=\"Orac D\u00e9cor W110-2600 Hill- Panneau Mural 3D Purotouch\u00ae - Homeproject.fr\" \/>\n<meta property=\"og:description\" content=\"Un Design Qui Sublime Vos Espaces  Le mod\u00e8le Hill de la collection de panneaux muraux 3D Orac est con\u00e7u pour apporter une touche moderne et \u00e9l\u00e9gante \u00e0 vos int\u00e9rieurs. Ses motifs r\u00e9p\u00e9titifs et minimalistes ajoutent de la profondeur \u00e0 vos murs, tout en offrant une apparence plus spacieuse et raffin\u00e9e. Avec sa nouvelle longueur de 260 cm, le panneau W110 Hill s&#039;adapte parfaitement \u00e0 de grands murs pour un rendu spectaculaire.\" \/>\n<meta property=\"og:url\" content=\"https:\/\/homeproject.fr\/fr\/produit\/orac-decor-w110-2600-hill-panneau-mural-3d-purotouch\/\" \/>\n<meta property=\"og:site_name\" content=\"Homeproject.fr\" \/>\n<meta property=\"article:modified_time\" content=\"2024-12-21T13:11:55+00:00\" \/>\n<meta property=\"og:image\" content=\"https:\/\/homeproject.fr\/fr\/wp-content\/uploads\/2024\/12\/Panneau-mural-en-relief-a-peindre-en-purotouch-W112-2600-HILL.jpg\" \/>\n\t<meta property=\"og:image:width\" content=\"1500\" \/>\n\t<meta property=\"og:image:height\" content=\"1500\" \/>\n\t<meta property=\"og:image:type\" content=\"image\/jpeg\" \/>\n<meta name=\"twitter:card\" content=\"summary_large_image\" \/>\n<meta name=\"twitter:label1\" content=\"Dur\u00e9e de lecture estim\u00e9e\" \/>\n\t<meta name=\"twitter:data1\" content=\"2 minutes\" \/>\n<script type=\"application\/ld+json\" class=\"yoast-schema-graph\">{\"@context\":\"https:\\\/\\\/schema.org\",\"@graph\":[{\"@type\":\"WebPage\",\"@id\":\"https:\\\/\\\/homeproject.fr\\\/fr\\\/produit\\\/orac-decor-w110-2600-hill-panneau-mural-3d-purotouch\\\/\",\"url\":\"https:\\\/\\\/homeproject.fr\\\/fr\\\/produit\\\/orac-decor-w110-2600-hill-panneau-mural-3d-purotouch\\\/\",\"name\":\"Orac D\u00e9cor W110-2600 Hill- Panneau Mural 3D Purotouch\u00ae - Homeproject.fr\",\"isPartOf\":{\"@id\":\"https:\\\/\\\/homeproject.fr\\\/fr\\\/#website\"},\"primaryImageOfPage\":{\"@id\":\"https:\\\/\\\/homeproject.fr\\\/fr\\\/produit\\\/orac-decor-w110-2600-hill-panneau-mural-3d-purotouch\\\/#primaryimage\"},\"image\":{\"@id\":\"https:\\\/\\\/homeproject.fr\\\/fr\\\/produit\\\/orac-decor-w110-2600-hill-panneau-mural-3d-purotouch\\\/#primaryimage\"},\"thumbnailUrl\":\"https:\\\/\\\/homeproject.fr\\\/fr\\\/wp-content\\\/uploads\\\/2024\\\/12\\\/Panneau-mural-en-relief-a-peindre-en-purotouch-W112-2600-HILL.jpg\",\"datePublished\":\"2024-12-21T13:07:48+00:00\",\"dateModified\":\"2024-12-21T13:11:55+00:00\",\"breadcrumb\":{\"@id\":\"https:\\\/\\\/homeproject.fr\\\/fr\\\/produit\\\/orac-decor-w110-2600-hill-panneau-mural-3d-purotouch\\\/#breadcrumb\"},\"inLanguage\":\"fr-FR\",\"potentialAction\":[{\"@type\":\"ReadAction\",\"target\":[\"https:\\\/\\\/homeproject.fr\\\/fr\\\/produit\\\/orac-decor-w110-2600-hill-panneau-mural-3d-purotouch\\\/\"]}]},{\"@type\":\"ImageObject\",\"inLanguage\":\"fr-FR\",\"@id\":\"https:\\\/\\\/homeproject.fr\\\/fr\\\/produit\\\/orac-decor-w110-2600-hill-panneau-mural-3d-purotouch\\\/#primaryimage\",\"url\":\"https:\\\/\\\/homeproject.fr\\\/fr\\\/wp-content\\\/uploads\\\/2024\\\/12\\\/Panneau-mural-en-relief-a-peindre-en-purotouch-W112-2600-HILL.jpg\",\"contentUrl\":\"https:\\\/\\\/homeproject.fr\\\/fr\\\/wp-content\\\/uploads\\\/2024\\\/12\\\/Panneau-mural-en-relief-a-peindre-en-purotouch-W112-2600-HILL.jpg\",\"width\":1500,\"height\":1500},{\"@type\":\"BreadcrumbList\",\"@id\":\"https:\\\/\\\/homeproject.fr\\\/fr\\\/produit\\\/orac-decor-w110-2600-hill-panneau-mural-3d-purotouch\\\/#breadcrumb\",\"itemListElement\":[{\"@type\":\"ListItem\",\"position\":1,\"name\":\"Accueil\",\"item\":\"https:\\\/\\\/homeproject.fr\\\/fr\\\/\"},{\"@type\":\"ListItem\",\"position\":2,\"name\":\"Boutique\",\"item\":\"https:\\\/\\\/homeproject.fr\\\/fr\\\/boutique\\\/\"},{\"@type\":\"ListItem\",\"position\":3,\"name\":\"Orac D\u00e9cor W110-2600 Hill- Panneau Mural 3D Purotouch\u00ae\"}]},{\"@type\":\"WebSite\",\"@id\":\"https:\\\/\\\/homeproject.fr\\\/fr\\\/#website\",\"url\":\"https:\\\/\\\/homeproject.fr\\\/fr\\\/\",\"name\":\"Homeproject.fr\",\"description\":\"Offrez l&#039;exceptionnel \u00e0 vos espaces \u00e0 vivre\",\"publisher\":{\"@id\":\"https:\\\/\\\/homeproject.fr\\\/fr\\\/#organization\"},\"potentialAction\":[{\"@type\":\"SearchAction\",\"target\":{\"@type\":\"EntryPoint\",\"urlTemplate\":\"https:\\\/\\\/homeproject.fr\\\/fr\\\/?s={search_term_string}\"},\"query-input\":{\"@type\":\"PropertyValueSpecification\",\"valueRequired\":true,\"valueName\":\"search_term_string\"}}],\"inLanguage\":\"fr-FR\"},{\"@type\":\"Organization\",\"@id\":\"https:\\\/\\\/homeproject.fr\\\/fr\\\/#organization\",\"name\":\"Homeproject.fr\",\"url\":\"https:\\\/\\\/homeproject.fr\\\/fr\\\/\",\"logo\":{\"@type\":\"ImageObject\",\"inLanguage\":\"fr-FR\",\"@id\":\"https:\\\/\\\/homeproject.fr\\\/fr\\\/#\\\/schema\\\/logo\\\/image\\\/\",\"url\":\"https:\\\/\\\/homeproject.fr\\\/fr\\\/wp-content\\\/uploads\\\/2024\\\/12\\\/Logo_HomeProject-noir-2.png\",\"contentUrl\":\"https:\\\/\\\/homeproject.fr\\\/fr\\\/wp-content\\\/uploads\\\/2024\\\/12\\\/Logo_HomeProject-noir-2.png\",\"width\":300,\"height\":91,\"caption\":\"Homeproject.fr\"},\"image\":{\"@id\":\"https:\\\/\\\/homeproject.fr\\\/fr\\\/#\\\/schema\\\/logo\\\/image\\\/\"}}]}<\/script>\n<!-- \/ Yoast SEO plugin. -->","yoast_head_json":{"title":"Orac D\u00e9cor W110-2600 Hill- Panneau Mural 3D Purotouch\u00ae - Homeproject.fr","robots":{"index":"index","follow":"follow","max-snippet":"max-snippet:-1","max-image-preview":"max-image-preview:large","max-video-preview":"max-video-preview:-1"},"canonical":"https:\/\/homeproject.fr\/fr\/produit\/orac-decor-w110-2600-hill-panneau-mural-3d-purotouch\/","og_locale":"fr_FR","og_type":"article","og_title":"Orac D\u00e9cor W110-2600 Hill- Panneau Mural 3D Purotouch\u00ae - Homeproject.fr","og_description":"Un Design Qui Sublime Vos Espaces  Le mod\u00e8le Hill de la collection de panneaux muraux 3D Orac est con\u00e7u pour apporter une touche moderne et \u00e9l\u00e9gante \u00e0 vos int\u00e9rieurs. Ses motifs r\u00e9p\u00e9titifs et minimalistes ajoutent de la profondeur \u00e0 vos murs, tout en offrant une apparence plus spacieuse et raffin\u00e9e. Avec sa nouvelle longueur de 260 cm, le panneau W110 Hill s'adapte parfaitement \u00e0 de grands murs pour un rendu spectaculaire.","og_url":"https:\/\/homeproject.fr\/fr\/produit\/orac-decor-w110-2600-hill-panneau-mural-3d-purotouch\/","og_site_name":"Homeproject.fr","article_modified_time":"2024-12-21T13:11:55+00:00","og_image":[{"width":1500,"height":1500,"url":"https:\/\/homeproject.fr\/fr\/wp-content\/uploads\/2024\/12\/Panneau-mural-en-relief-a-peindre-en-purotouch-W112-2600-HILL.jpg","type":"image\/jpeg"}],"twitter_card":"summary_large_image","twitter_misc":{"Dur\u00e9e de lecture estim\u00e9e":"2 minutes"},"schema":{"@context":"https:\/\/schema.org","@graph":[{"@type":"WebPage","@id":"https:\/\/homeproject.fr\/fr\/produit\/orac-decor-w110-2600-hill-panneau-mural-3d-purotouch\/","url":"https:\/\/homeproject.fr\/fr\/produit\/orac-decor-w110-2600-hill-panneau-mural-3d-purotouch\/","name":"Orac D\u00e9cor W110-2600 Hill- Panneau Mural 3D Purotouch\u00ae - Homeproject.fr","isPartOf":{"@id":"https:\/\/homeproject.fr\/fr\/#website"},"primaryImageOfPage":{"@id":"https:\/\/homeproject.fr\/fr\/produit\/orac-decor-w110-2600-hill-panneau-mural-3d-purotouch\/#primaryimage"},"image":{"@id":"https:\/\/homeproject.fr\/fr\/produit\/orac-decor-w110-2600-hill-panneau-mural-3d-purotouch\/#primaryimage"},"thumbnailUrl":"https:\/\/homeproject.fr\/fr\/wp-content\/uploads\/2024\/12\/Panneau-mural-en-relief-a-peindre-en-purotouch-W112-2600-HILL.jpg","datePublished":"2024-12-21T13:07:48+00:00","dateModified":"2024-12-21T13:11:55+00:00","breadcrumb":{"@id":"https:\/\/homeproject.fr\/fr\/produit\/orac-decor-w110-2600-hill-panneau-mural-3d-purotouch\/#breadcrumb"},"inLanguage":"fr-FR","potentialAction":[{"@type":"ReadAction","target":["https:\/\/homeproject.fr\/fr\/produit\/orac-decor-w110-2600-hill-panneau-mural-3d-purotouch\/"]}]},{"@type":"ImageObject","inLanguage":"fr-FR","@id":"https:\/\/homeproject.fr\/fr\/produit\/orac-decor-w110-2600-hill-panneau-mural-3d-purotouch\/#primaryimage","url":"https:\/\/homeproject.fr\/fr\/wp-content\/uploads\/2024\/12\/Panneau-mural-en-relief-a-peindre-en-purotouch-W112-2600-HILL.jpg","contentUrl":"https:\/\/homeproject.fr\/fr\/wp-content\/uploads\/2024\/12\/Panneau-mural-en-relief-a-peindre-en-purotouch-W112-2600-HILL.jpg","width":1500,"height":1500},{"@type":"BreadcrumbList","@id":"https:\/\/homeproject.fr\/fr\/produit\/orac-decor-w110-2600-hill-panneau-mural-3d-purotouch\/#breadcrumb","itemListElement":[{"@type":"ListItem","position":1,"name":"Accueil","item":"https:\/\/homeproject.fr\/fr\/"},{"@type":"ListItem","position":2,"name":"Boutique","item":"https:\/\/homeproject.fr\/fr\/boutique\/"},{"@type":"ListItem","position":3,"name":"Orac D\u00e9cor W110-2600 Hill- Panneau Mural 3D Purotouch\u00ae"}]},{"@type":"WebSite","@id":"https:\/\/homeproject.fr\/fr\/#website","url":"https:\/\/homeproject.fr\/fr\/","name":"Homeproject.fr","description":"Offrez l&#039;exceptionnel \u00e0 vos espaces \u00e0 vivre","publisher":{"@id":"https:\/\/homeproject.fr\/fr\/#organization"},"potentialAction":[{"@type":"SearchAction","target":{"@type":"EntryPoint","urlTemplate":"https:\/\/homeproject.fr\/fr\/?s={search_term_string}"},"query-input":{"@type":"PropertyValueSpecification","valueRequired":true,"valueName":"search_term_string"}}],"inLanguage":"fr-FR"},{"@type":"Organization","@id":"https:\/\/homeproject.fr\/fr\/#organization","name":"Homeproject.fr","url":"https:\/\/homeproject.fr\/fr\/","logo":{"@type":"ImageObject","inLanguage":"fr-FR","@id":"https:\/\/homeproject.fr\/fr\/#\/schema\/logo\/image\/","url":"https:\/\/homeproject.fr\/fr\/wp-content\/uploads\/2024\/12\/Logo_HomeProject-noir-2.png","contentUrl":"https:\/\/homeproject.fr\/fr\/wp-content\/uploads\/2024\/12\/Logo_HomeProject-noir-2.png","width":300,"height":91,"caption":"Homeproject.fr"},"image":{"@id":"https:\/\/homeproject.fr\/fr\/#\/schema\/logo\/image\/"}}]}},"_links":{"self":[{"href":"https:\/\/homeproject.fr\/fr\/wp-json\/wp\/v2\/product\/6695","targetHints":{"allow":["GET"]}}],"collection":[{"href":"https:\/\/homeproject.fr\/fr\/wp-json\/wp\/v2\/product"}],"about":[{"href":"https:\/\/homeproject.fr\/fr\/wp-json\/wp\/v2\/types\/product"}],"version-history":[{"count":1,"href":"https:\/\/homeproject.fr\/fr\/wp-json\/wp\/v2\/product\/6695\/revisions"}],"predecessor-version":[{"id":6699,"href":"https:\/\/homeproject.fr\/fr\/wp-json\/wp\/v2\/product\/6695\/revisions\/6699"}],"wp:featuredmedia":[{"embeddable":true,"href":"https:\/\/homeproject.fr\/fr\/wp-json\/wp\/v2\/media\/6697"}],"wp:attachment":[{"href":"https:\/\/homeproject.fr\/fr\/wp-json\/wp\/v2\/media?parent=6695"}],"wp:term":[{"taxonomy":"product_brand","embeddable":true,"href":"https:\/\/homeproject.fr\/fr\/wp-json\/wp\/v2\/product_brand?post=6695"},{"taxonomy":"product_cat","embeddable":true,"href":"https:\/\/homeproject.fr\/fr\/wp-json\/wp\/v2\/product_cat?post=6695"},{"taxonomy":"product_tag","embeddable":true,"href":"https:\/\/homeproject.fr\/fr\/wp-json\/wp\/v2\/product_tag?post=6695"}],"curies":[{"name":"wp","href":"https:\/\/api.w.org\/{rel}","templated":true}]}}