{"id":6687,"date":"2024-12-21T11:28:04","date_gmt":"2024-12-21T11:28:04","guid":{"rendered":"https:\/\/homeproject.fr\/fr\/?post_type=product&#038;p=6687"},"modified":"2024-12-21T13:00:38","modified_gmt":"2024-12-21T13:00:38","slug":"orac-decor-w109-2600-valley-panneau-mural-3d-purotouch","status":"publish","type":"product","link":"https:\/\/homeproject.fr\/fr\/produit\/orac-decor-w109-2600-valley-panneau-mural-3d-purotouch\/","title":{"rendered":"Orac D\u00e9cor W109-2600 Valley &#8211; Panneau Mural 3D Purotouch\u00ae"},"content":{"rendered":"<p><strong>Sublimez vos murs avec le panneau mural 3D W109-2600 Valley : \u00e9l\u00e9gance et modularit\u00e9.<\/strong><\/p>\n<h4><strong>Caract\u00e9ristiques principales<\/strong> :<\/h4>\n<ul>\n<li><strong>Dimensions :<\/strong> Longueur 260 cm x Hauteur 25 cm x Largeur 1,2 cm<\/li>\n<\/ul>\n<p><img decoding=\"async\" class=\"alignnone size-full wp-image-6691\" src=\"https:\/\/homeproject.fr\/fr\/wp-content\/uploads\/2024\/12\/Panneau-mural-en-relief-a-peindre-en-purotouch-W109-2600-VALLEY-schema.jpg\" alt=\"\" width=\"169\" height=\"62\" srcset=\"https:\/\/homeproject.fr\/fr\/wp-content\/uploads\/2024\/12\/Panneau-mural-en-relief-a-peindre-en-purotouch-W109-2600-VALLEY-schema.jpg 169w, https:\/\/homeproject.fr\/fr\/wp-content\/uploads\/2024\/12\/Panneau-mural-en-relief-a-peindre-en-purotouch-W109-2600-VALLEY-schema-18x7.jpg 18w\" sizes=\"(max-width: 169px) 100vw, 169px\" \/><\/p>\n<ul>\n<li><strong>Mat\u00e9riau :<\/strong> Purotouch\u00ae \u2013 robuste et durable<\/li>\n<li><strong>Design intemporel :<\/strong> Motifs r\u00e9p\u00e9titifs pour un rendu \u00e9l\u00e9gant et harmonieux<\/li>\n<li><strong>Cr\u00e9ateur :<\/strong> Conception sign\u00e9e Orio Tonini<\/li>\n<\/ul>\n<h4><strong>Avantages<\/strong> :<\/h4>\n<ul>\n<li><strong>Peut \u00eatre peint :<\/strong> Adaptez-le aux couleurs de votre int\u00e9rieur pour un style unique.<\/li>\n<li><strong>Propri\u00e9t\u00e9s thermiques et acoustiques :<\/strong> Id\u00e9al pour am\u00e9liorer le confort sonore et la gestion thermique de vos espaces.<\/li>\n<li><strong>R\u00e9sistant \u00e0 l\u2019eau :<\/strong> Convient aux pi\u00e8ces humides comme les salles de bains.<\/li>\n<li><strong>R\u00e9sistant aux chocs et aux termites :<\/strong> Parfait pour une durabilit\u00e9 \u00e0 long terme.<\/li>\n<li><strong>Installation facile :<\/strong> Adapt\u00e9 aux bricoleurs comme aux professionnels.<\/li>\n<\/ul>\n<h3><strong>Pourquoi Opter pour W109-2600 Valley ?<\/strong><\/h3>\n<ul>\n<li><strong>Esth\u00e9tique et polyvalence :<\/strong> Le motif Valley s\u2019int\u00e8gre harmonieusement \u00e0 tous les styles d\u2019int\u00e9rieurs, qu\u2019ils soient modernes ou classiques.<\/li>\n<li><strong>Personnalisation illimit\u00e9e :<\/strong> Combinez plusieurs panneaux pour des cr\u00e9ations sur-mesure et adapt\u00e9es \u00e0 votre espace.<\/li>\n<li><strong>Mat\u00e9riaux de qualit\u00e9 sup\u00e9rieure :<\/strong> Fabriqu\u00e9 en Purotouch\u00ae, un mat\u00e9riau respectueux de l\u2019environnement et con\u00e7u pour durer.<\/li>\n<\/ul>\n<h3><strong>Transformez Vos Espaces avec Style<\/strong><\/h3>\n<p>Avec le <strong>panneau mural W109-2600 Valley<\/strong>, cr\u00e9ez un int\u00e9rieur qui allie esth\u00e9tique, confort et fonctionnalit\u00e9. Parfait pour les salons, chambres, espaces de travail ou m\u00eame les \u00e9tablissements commerciaux, il offre une solution moderne et \u00e9l\u00e9gante pour vos murs.<\/p>\n<p><strong>Ajoutez le W109-2600 Valley \u00e0 votre panier d\u00e8s aujourd\u2019hui et laissez parler votre cr\u00e9ativit\u00e9 pour concevoir des murs qui vous ressemblent.<\/strong><\/p>\n<p>\u00a0<\/p>\n<p><strong style=\"font-family: inherit; font-size: 30px;\">Vous avez des questions ?<\/strong><\/p>\n<style id=\"wpforms-css-vars-3675\">\n\t\t\t\t#wpforms-3675 {\n\t\t\t\t\n\t\t\t}\n\t\t\t<\/style><div class=\"wpforms-container wpforms-container-full wpforms-render-modern\" id=\"wpforms-3675\"><form id=\"wpforms-form-3675\" class=\"wpforms-validate wpforms-form wpforms-ajax-form\" data-formid=\"3675\" method=\"post\" enctype=\"multipart\/form-data\" action=\"\/fr\/wp-json\/wp\/v2\/product\/6687\" data-token=\"86cfa3cd8fc4572532d762e2357ac556\" data-token-time=\"1777844465\"><noscript class=\"wpforms-error-noscript\">Veuillez activer JavaScript dans votre navigateur pour remplir ce formulaire.<\/noscript><div id=\"wpforms-error-noscript\" style=\"display: none;\">Veuillez activer JavaScript dans votre navigateur pour remplir ce formulaire.<\/div><div class=\"wpforms-field-container\">\t\t<div id=\"wpforms-3675-field_1-container\"\n\t\t\tclass=\"wpforms-field wpforms-field-text\"\n\t\t\tdata-field-type=\"text\"\n\t\t\tdata-field-id=\"1\"\n\t\t\t>\n\t\t\t<label class=\"wpforms-field-label\" for=\"wpforms-3675-field_1\" >Nom E-mail Message<\/label>\n\t\t\t<input type=\"text\" id=\"wpforms-3675-field_1\" class=\"wpforms-field-medium\" name=\"wpforms[fields][1]\" >\n\t\t<\/div>\n\t\t<div id=\"wpforms-3675-field_3-container\" class=\"wpforms-field wpforms-field-name\" data-field-id=\"3\"><fieldset><legend class=\"wpforms-field-label\">Nom <span class=\"wpforms-required-label\" aria-hidden=\"true\">*<\/span><\/legend><div class=\"wpforms-field-row wpforms-field-medium\"><div class=\"wpforms-field-row-block wpforms-first wpforms-one-half\"><input type=\"text\" id=\"wpforms-3675-field_3\" class=\"wpforms-field-name-first wpforms-field-required\" name=\"wpforms[fields][3][first]\" aria-errormessage=\"wpforms-3675-field_3-error\" required><label for=\"wpforms-3675-field_3\" class=\"wpforms-field-sublabel after\">Pr\u00e9nom<\/label><\/div><div class=\"wpforms-field-row-block wpforms-one-half\"><input type=\"text\" id=\"wpforms-3675-field_3-last\" class=\"wpforms-field-name-last wpforms-field-required\" name=\"wpforms[fields][3][last]\" aria-errormessage=\"wpforms-3675-field_3-last-error\" required><label for=\"wpforms-3675-field_3-last\" class=\"wpforms-field-sublabel after\">Nom<\/label><\/div><\/div><\/fieldset><\/div><div id=\"wpforms-3675-field_4-container\" class=\"wpforms-field wpforms-field-email\" data-field-id=\"4\"><label class=\"wpforms-field-label\" for=\"wpforms-3675-field_4\">E-mail <span class=\"wpforms-required-label\" aria-hidden=\"true\">*<\/span><\/label><input type=\"email\" id=\"wpforms-3675-field_4\" class=\"wpforms-field-medium wpforms-field-required\" name=\"wpforms[fields][4]\" spellcheck=\"false\" aria-errormessage=\"wpforms-3675-field_4-error\" required><\/div><div id=\"wpforms-3675-field_5-container\" class=\"wpforms-field wpforms-field-textarea\" data-field-id=\"5\"><label class=\"wpforms-field-label\" for=\"wpforms-3675-field_5\">Message <span class=\"wpforms-required-label\" aria-hidden=\"true\">*<\/span><\/label><textarea id=\"wpforms-3675-field_5\" class=\"wpforms-field-medium wpforms-field-required\" name=\"wpforms[fields][5]\" aria-errormessage=\"wpforms-3675-field_5-error\" required><\/textarea><\/div><script>\n\t\t\t\t( function() {\n\t\t\t\t\tconst style = document.createElement( 'style' );\n\t\t\t\t\tstyle.appendChild( document.createTextNode( '#wpforms-3675-field_1-container { position: absolute !important; overflow: hidden !important; display: inline !important; height: 1px !important; width: 1px !important; z-index: -1000 !important; padding: 0 !important; } #wpforms-3675-field_1-container input { visibility: hidden; } #wpforms-conversational-form-page #wpforms-3675-field_1-container label { counter-increment: none; }' ) );\n\t\t\t\t\tdocument.head.appendChild( style );\n\t\t\t\t\tdocument.currentScript?.remove();\n\t\t\t\t} )();\n\t\t\t<\/script><\/div><!-- .wpforms-field-container --><div class=\"wpforms-submit-container\" ><input type=\"hidden\" name=\"wpforms[id]\" value=\"3675\"><input type=\"hidden\" name=\"page_title\" value=\"\"><input type=\"hidden\" name=\"page_url\" value=\"https:\/\/homeproject.fr\/fr\/wp-json\/wp\/v2\/product\/6687\"><input type=\"hidden\" name=\"url_referer\" value=\"\"><button type=\"submit\" name=\"wpforms[submit]\" id=\"wpforms-submit-3675\" class=\"wpforms-submit\" data-alt-text=\"Envoi...\" data-submit-text=\"Envoyer\" aria-live=\"assertive\" value=\"wpforms-submit\">Envoyer<\/button><img decoding=\"async\" src=\"https:\/\/homeproject.fr\/fr\/wp-content\/plugins\/wpforms-lite\/assets\/images\/submit-spin.svg\" class=\"wpforms-submit-spinner\" style=\"display: none;\" width=\"26\" height=\"26\" alt=\"Chargement en cours\"><\/div><\/form><\/div>  <!-- .wpforms-container -->\n","protected":false},"excerpt":{"rendered":"<p><strong>Un Design \u00c9l\u00e9gant et Fonctionnel<\/strong><\/p>\n<p>Le mod\u00e8le <strong>Valley<\/strong> appartient \u00e0 la collection de panneaux muraux 3D, pens\u00e9e pour apporter du relief et de la profondeur \u00e0 vos int\u00e9rieurs. Ses motifs r\u00e9p\u00e9titifs cr\u00e9ent un effet visuel sophistiqu\u00e9, tout en donnant une sensation d\u2019espace et de fluidit\u00e9 \u00e0 vos pi\u00e8ces. Avec une nouvelle longueur de 260 cm, il s&rsquo;adapte facilement aux murs de toutes dimensions, pour un r\u00e9sultat spectaculaire et moderne.<\/p>\n","protected":false},"featured_media":6688,"template":"","meta":{"_uf_show_specific_survey":0,"_uf_disable_surveys":false,"iawp_total_views":82},"product_brand":[],"product_cat":[140],"product_tag":[],"class_list":{"0":"post-6687","1":"product","2":"type-product","3":"status-publish","4":"has-post-thumbnail","6":"product_cat-panneaux-3d-a-peindre-orac","7":"product_shipping_class-petit-colis","8":"pa_designer-orio-tonini","9":"pa_dimensions-nominales-25x260-cm","10":"pa_effet-relief","11":"pa_epaisseur-12-mm","12":"pa_marque-orac-decor","14":"first","15":"instock","16":"sale","17":"taxable","18":"shipping-taxable","19":"purchasable","20":"product-type-simple"},"yoast_head":"<!-- This site is optimized with the Yoast SEO plugin v27.5 - https:\/\/yoast.com\/product\/yoast-seo-wordpress\/ -->\n<title>Orac D\u00e9cor W109-2600 Valley - Panneau Mural 3D Purotouch\u00ae - Homeproject.fr<\/title>\n<meta name=\"robots\" content=\"index, follow, max-snippet:-1, max-image-preview:large, max-video-preview:-1\" \/>\n<link rel=\"canonical\" href=\"https:\/\/homeproject.fr\/fr\/produit\/orac-decor-w109-2600-valley-panneau-mural-3d-purotouch\/\" \/>\n<meta property=\"og:locale\" content=\"fr_FR\" \/>\n<meta property=\"og:type\" content=\"article\" \/>\n<meta property=\"og:title\" content=\"Orac D\u00e9cor W109-2600 Valley - Panneau Mural 3D Purotouch\u00ae - Homeproject.fr\" \/>\n<meta property=\"og:description\" content=\"Un Design \u00c9l\u00e9gant et Fonctionnel  Le mod\u00e8le Valley appartient \u00e0 la collection de panneaux muraux 3D, pens\u00e9e pour apporter du relief et de la profondeur \u00e0 vos int\u00e9rieurs. Ses motifs r\u00e9p\u00e9titifs cr\u00e9ent un effet visuel sophistiqu\u00e9, tout en donnant une sensation d\u2019espace et de fluidit\u00e9 \u00e0 vos pi\u00e8ces. Avec une nouvelle longueur de 260 cm, il s&#039;adapte facilement aux murs de toutes dimensions, pour un r\u00e9sultat spectaculaire et moderne.\" \/>\n<meta property=\"og:url\" content=\"https:\/\/homeproject.fr\/fr\/produit\/orac-decor-w109-2600-valley-panneau-mural-3d-purotouch\/\" \/>\n<meta property=\"og:site_name\" content=\"Homeproject.fr\" \/>\n<meta property=\"article:modified_time\" content=\"2024-12-21T13:00:38+00:00\" \/>\n<meta property=\"og:image\" content=\"https:\/\/homeproject.fr\/fr\/wp-content\/uploads\/2024\/12\/Panneau-mural-en-relief-a-peindre-en-purotouch-W109-2600-VALLEY.jpg\" \/>\n\t<meta property=\"og:image:width\" content=\"1500\" \/>\n\t<meta property=\"og:image:height\" content=\"1500\" \/>\n\t<meta property=\"og:image:type\" content=\"image\/jpeg\" \/>\n<meta name=\"twitter:card\" content=\"summary_large_image\" \/>\n<meta name=\"twitter:label1\" content=\"Dur\u00e9e de lecture estim\u00e9e\" \/>\n\t<meta name=\"twitter:data1\" content=\"2 minutes\" \/>\n<script type=\"application\/ld+json\" class=\"yoast-schema-graph\">{\"@context\":\"https:\\\/\\\/schema.org\",\"@graph\":[{\"@type\":\"WebPage\",\"@id\":\"https:\\\/\\\/homeproject.fr\\\/fr\\\/produit\\\/orac-decor-w109-2600-valley-panneau-mural-3d-purotouch\\\/\",\"url\":\"https:\\\/\\\/homeproject.fr\\\/fr\\\/produit\\\/orac-decor-w109-2600-valley-panneau-mural-3d-purotouch\\\/\",\"name\":\"Orac D\u00e9cor W109-2600 Valley - Panneau Mural 3D Purotouch\u00ae - Homeproject.fr\",\"isPartOf\":{\"@id\":\"https:\\\/\\\/homeproject.fr\\\/fr\\\/#website\"},\"primaryImageOfPage\":{\"@id\":\"https:\\\/\\\/homeproject.fr\\\/fr\\\/produit\\\/orac-decor-w109-2600-valley-panneau-mural-3d-purotouch\\\/#primaryimage\"},\"image\":{\"@id\":\"https:\\\/\\\/homeproject.fr\\\/fr\\\/produit\\\/orac-decor-w109-2600-valley-panneau-mural-3d-purotouch\\\/#primaryimage\"},\"thumbnailUrl\":\"https:\\\/\\\/homeproject.fr\\\/fr\\\/wp-content\\\/uploads\\\/2024\\\/12\\\/Panneau-mural-en-relief-a-peindre-en-purotouch-W109-2600-VALLEY.jpg\",\"datePublished\":\"2024-12-21T11:28:04+00:00\",\"dateModified\":\"2024-12-21T13:00:38+00:00\",\"breadcrumb\":{\"@id\":\"https:\\\/\\\/homeproject.fr\\\/fr\\\/produit\\\/orac-decor-w109-2600-valley-panneau-mural-3d-purotouch\\\/#breadcrumb\"},\"inLanguage\":\"fr-FR\",\"potentialAction\":[{\"@type\":\"ReadAction\",\"target\":[\"https:\\\/\\\/homeproject.fr\\\/fr\\\/produit\\\/orac-decor-w109-2600-valley-panneau-mural-3d-purotouch\\\/\"]}]},{\"@type\":\"ImageObject\",\"inLanguage\":\"fr-FR\",\"@id\":\"https:\\\/\\\/homeproject.fr\\\/fr\\\/produit\\\/orac-decor-w109-2600-valley-panneau-mural-3d-purotouch\\\/#primaryimage\",\"url\":\"https:\\\/\\\/homeproject.fr\\\/fr\\\/wp-content\\\/uploads\\\/2024\\\/12\\\/Panneau-mural-en-relief-a-peindre-en-purotouch-W109-2600-VALLEY.jpg\",\"contentUrl\":\"https:\\\/\\\/homeproject.fr\\\/fr\\\/wp-content\\\/uploads\\\/2024\\\/12\\\/Panneau-mural-en-relief-a-peindre-en-purotouch-W109-2600-VALLEY.jpg\",\"width\":1500,\"height\":1500},{\"@type\":\"BreadcrumbList\",\"@id\":\"https:\\\/\\\/homeproject.fr\\\/fr\\\/produit\\\/orac-decor-w109-2600-valley-panneau-mural-3d-purotouch\\\/#breadcrumb\",\"itemListElement\":[{\"@type\":\"ListItem\",\"position\":1,\"name\":\"Accueil\",\"item\":\"https:\\\/\\\/homeproject.fr\\\/fr\\\/\"},{\"@type\":\"ListItem\",\"position\":2,\"name\":\"Boutique\",\"item\":\"https:\\\/\\\/homeproject.fr\\\/fr\\\/boutique\\\/\"},{\"@type\":\"ListItem\",\"position\":3,\"name\":\"Orac D\u00e9cor W109-2600 Valley &#8211; Panneau Mural 3D Purotouch\u00ae\"}]},{\"@type\":\"WebSite\",\"@id\":\"https:\\\/\\\/homeproject.fr\\\/fr\\\/#website\",\"url\":\"https:\\\/\\\/homeproject.fr\\\/fr\\\/\",\"name\":\"Homeproject.fr\",\"description\":\"Offrez l&#039;exceptionnel \u00e0 vos espaces \u00e0 vivre\",\"publisher\":{\"@id\":\"https:\\\/\\\/homeproject.fr\\\/fr\\\/#organization\"},\"potentialAction\":[{\"@type\":\"SearchAction\",\"target\":{\"@type\":\"EntryPoint\",\"urlTemplate\":\"https:\\\/\\\/homeproject.fr\\\/fr\\\/?s={search_term_string}\"},\"query-input\":{\"@type\":\"PropertyValueSpecification\",\"valueRequired\":true,\"valueName\":\"search_term_string\"}}],\"inLanguage\":\"fr-FR\"},{\"@type\":\"Organization\",\"@id\":\"https:\\\/\\\/homeproject.fr\\\/fr\\\/#organization\",\"name\":\"Homeproject.fr\",\"url\":\"https:\\\/\\\/homeproject.fr\\\/fr\\\/\",\"logo\":{\"@type\":\"ImageObject\",\"inLanguage\":\"fr-FR\",\"@id\":\"https:\\\/\\\/homeproject.fr\\\/fr\\\/#\\\/schema\\\/logo\\\/image\\\/\",\"url\":\"https:\\\/\\\/homeproject.fr\\\/fr\\\/wp-content\\\/uploads\\\/2024\\\/12\\\/Logo_HomeProject-noir-2.png\",\"contentUrl\":\"https:\\\/\\\/homeproject.fr\\\/fr\\\/wp-content\\\/uploads\\\/2024\\\/12\\\/Logo_HomeProject-noir-2.png\",\"width\":300,\"height\":91,\"caption\":\"Homeproject.fr\"},\"image\":{\"@id\":\"https:\\\/\\\/homeproject.fr\\\/fr\\\/#\\\/schema\\\/logo\\\/image\\\/\"}}]}<\/script>\n<!-- \/ Yoast SEO plugin. -->","yoast_head_json":{"title":"Orac D\u00e9cor W109-2600 Valley - Panneau Mural 3D Purotouch\u00ae - Homeproject.fr","robots":{"index":"index","follow":"follow","max-snippet":"max-snippet:-1","max-image-preview":"max-image-preview:large","max-video-preview":"max-video-preview:-1"},"canonical":"https:\/\/homeproject.fr\/fr\/produit\/orac-decor-w109-2600-valley-panneau-mural-3d-purotouch\/","og_locale":"fr_FR","og_type":"article","og_title":"Orac D\u00e9cor W109-2600 Valley - Panneau Mural 3D Purotouch\u00ae - Homeproject.fr","og_description":"Un Design \u00c9l\u00e9gant et Fonctionnel  Le mod\u00e8le Valley appartient \u00e0 la collection de panneaux muraux 3D, pens\u00e9e pour apporter du relief et de la profondeur \u00e0 vos int\u00e9rieurs. Ses motifs r\u00e9p\u00e9titifs cr\u00e9ent un effet visuel sophistiqu\u00e9, tout en donnant une sensation d\u2019espace et de fluidit\u00e9 \u00e0 vos pi\u00e8ces. Avec une nouvelle longueur de 260 cm, il s'adapte facilement aux murs de toutes dimensions, pour un r\u00e9sultat spectaculaire et moderne.","og_url":"https:\/\/homeproject.fr\/fr\/produit\/orac-decor-w109-2600-valley-panneau-mural-3d-purotouch\/","og_site_name":"Homeproject.fr","article_modified_time":"2024-12-21T13:00:38+00:00","og_image":[{"width":1500,"height":1500,"url":"https:\/\/homeproject.fr\/fr\/wp-content\/uploads\/2024\/12\/Panneau-mural-en-relief-a-peindre-en-purotouch-W109-2600-VALLEY.jpg","type":"image\/jpeg"}],"twitter_card":"summary_large_image","twitter_misc":{"Dur\u00e9e de lecture estim\u00e9e":"2 minutes"},"schema":{"@context":"https:\/\/schema.org","@graph":[{"@type":"WebPage","@id":"https:\/\/homeproject.fr\/fr\/produit\/orac-decor-w109-2600-valley-panneau-mural-3d-purotouch\/","url":"https:\/\/homeproject.fr\/fr\/produit\/orac-decor-w109-2600-valley-panneau-mural-3d-purotouch\/","name":"Orac D\u00e9cor W109-2600 Valley - Panneau Mural 3D Purotouch\u00ae - Homeproject.fr","isPartOf":{"@id":"https:\/\/homeproject.fr\/fr\/#website"},"primaryImageOfPage":{"@id":"https:\/\/homeproject.fr\/fr\/produit\/orac-decor-w109-2600-valley-panneau-mural-3d-purotouch\/#primaryimage"},"image":{"@id":"https:\/\/homeproject.fr\/fr\/produit\/orac-decor-w109-2600-valley-panneau-mural-3d-purotouch\/#primaryimage"},"thumbnailUrl":"https:\/\/homeproject.fr\/fr\/wp-content\/uploads\/2024\/12\/Panneau-mural-en-relief-a-peindre-en-purotouch-W109-2600-VALLEY.jpg","datePublished":"2024-12-21T11:28:04+00:00","dateModified":"2024-12-21T13:00:38+00:00","breadcrumb":{"@id":"https:\/\/homeproject.fr\/fr\/produit\/orac-decor-w109-2600-valley-panneau-mural-3d-purotouch\/#breadcrumb"},"inLanguage":"fr-FR","potentialAction":[{"@type":"ReadAction","target":["https:\/\/homeproject.fr\/fr\/produit\/orac-decor-w109-2600-valley-panneau-mural-3d-purotouch\/"]}]},{"@type":"ImageObject","inLanguage":"fr-FR","@id":"https:\/\/homeproject.fr\/fr\/produit\/orac-decor-w109-2600-valley-panneau-mural-3d-purotouch\/#primaryimage","url":"https:\/\/homeproject.fr\/fr\/wp-content\/uploads\/2024\/12\/Panneau-mural-en-relief-a-peindre-en-purotouch-W109-2600-VALLEY.jpg","contentUrl":"https:\/\/homeproject.fr\/fr\/wp-content\/uploads\/2024\/12\/Panneau-mural-en-relief-a-peindre-en-purotouch-W109-2600-VALLEY.jpg","width":1500,"height":1500},{"@type":"BreadcrumbList","@id":"https:\/\/homeproject.fr\/fr\/produit\/orac-decor-w109-2600-valley-panneau-mural-3d-purotouch\/#breadcrumb","itemListElement":[{"@type":"ListItem","position":1,"name":"Accueil","item":"https:\/\/homeproject.fr\/fr\/"},{"@type":"ListItem","position":2,"name":"Boutique","item":"https:\/\/homeproject.fr\/fr\/boutique\/"},{"@type":"ListItem","position":3,"name":"Orac D\u00e9cor W109-2600 Valley &#8211; Panneau Mural 3D Purotouch\u00ae"}]},{"@type":"WebSite","@id":"https:\/\/homeproject.fr\/fr\/#website","url":"https:\/\/homeproject.fr\/fr\/","name":"Homeproject.fr","description":"Offrez l&#039;exceptionnel \u00e0 vos espaces \u00e0 vivre","publisher":{"@id":"https:\/\/homeproject.fr\/fr\/#organization"},"potentialAction":[{"@type":"SearchAction","target":{"@type":"EntryPoint","urlTemplate":"https:\/\/homeproject.fr\/fr\/?s={search_term_string}"},"query-input":{"@type":"PropertyValueSpecification","valueRequired":true,"valueName":"search_term_string"}}],"inLanguage":"fr-FR"},{"@type":"Organization","@id":"https:\/\/homeproject.fr\/fr\/#organization","name":"Homeproject.fr","url":"https:\/\/homeproject.fr\/fr\/","logo":{"@type":"ImageObject","inLanguage":"fr-FR","@id":"https:\/\/homeproject.fr\/fr\/#\/schema\/logo\/image\/","url":"https:\/\/homeproject.fr\/fr\/wp-content\/uploads\/2024\/12\/Logo_HomeProject-noir-2.png","contentUrl":"https:\/\/homeproject.fr\/fr\/wp-content\/uploads\/2024\/12\/Logo_HomeProject-noir-2.png","width":300,"height":91,"caption":"Homeproject.fr"},"image":{"@id":"https:\/\/homeproject.fr\/fr\/#\/schema\/logo\/image\/"}}]}},"_links":{"self":[{"href":"https:\/\/homeproject.fr\/fr\/wp-json\/wp\/v2\/product\/6687","targetHints":{"allow":["GET"]}}],"collection":[{"href":"https:\/\/homeproject.fr\/fr\/wp-json\/wp\/v2\/product"}],"about":[{"href":"https:\/\/homeproject.fr\/fr\/wp-json\/wp\/v2\/types\/product"}],"version-history":[{"count":1,"href":"https:\/\/homeproject.fr\/fr\/wp-json\/wp\/v2\/product\/6687\/revisions"}],"predecessor-version":[{"id":6692,"href":"https:\/\/homeproject.fr\/fr\/wp-json\/wp\/v2\/product\/6687\/revisions\/6692"}],"wp:featuredmedia":[{"embeddable":true,"href":"https:\/\/homeproject.fr\/fr\/wp-json\/wp\/v2\/media\/6688"}],"wp:attachment":[{"href":"https:\/\/homeproject.fr\/fr\/wp-json\/wp\/v2\/media?parent=6687"}],"wp:term":[{"taxonomy":"product_brand","embeddable":true,"href":"https:\/\/homeproject.fr\/fr\/wp-json\/wp\/v2\/product_brand?post=6687"},{"taxonomy":"product_cat","embeddable":true,"href":"https:\/\/homeproject.fr\/fr\/wp-json\/wp\/v2\/product_cat?post=6687"},{"taxonomy":"product_tag","embeddable":true,"href":"https:\/\/homeproject.fr\/fr\/wp-json\/wp\/v2\/product_tag?post=6687"}],"curies":[{"name":"wp","href":"https:\/\/api.w.org\/{rel}","templated":true}]}}