{"id":6547,"date":"2024-12-19T16:48:07","date_gmt":"2024-12-19T16:48:07","guid":{"rendered":"https:\/\/homeproject.fr\/fr\/?post_type=product&#038;p=6547"},"modified":"2024-12-19T20:42:57","modified_gmt":"2024-12-19T20:42:57","slug":"suspension-glo-medium-par-penta-light","status":"publish","type":"product","link":"https:\/\/homeproject.fr\/fr\/produit\/suspension-glo-medium-par-penta-light\/","title":{"rendered":"Suspension Glo Medium par Penta Light"},"content":{"rendered":"<div class=\"flex max-w-full flex-col flex-grow\">\n<div class=\"min-h-8 text-message flex w-full flex-col items-end gap-2 whitespace-normal break-words text-start [.text-message+&]:mt-5\" dir=\"auto\" data-message-author-role=\"assistant\" data-message-id=\"bd1d06f9-cee5-4c61-b004-0f717c50c769\" data-message-model-slug=\"gpt-4o\">\n<div class=\"flex w-full flex-col gap-1 empty:hidden first:pt-[3px]\">\n<div class=\"markdown prose w-full break-words dark:prose-invert light\">\n<p><strong>Caract\u00e9ristiques techniques :<\/strong><\/p>\n<ul>\n<li><strong>Design :<\/strong> Carlo Colombo<\/li>\n<li><strong>Mat\u00e9riaux :<\/strong>\n<ul>\n<li>Globe ext\u00e9rieur en <strong>verre souffl\u00e9<\/strong> avec finitions brillantes<\/li>\n<li>Diffuseur int\u00e9rieur en <strong>verre sabl\u00e9<\/strong><\/li>\n<\/ul>\n<\/li>\n<li><strong>Source lumineuse :<\/strong> 1 x LED E14 5W (ampoule non incluse)<\/li>\n<li><strong>Luminosit\u00e9 :<\/strong> Jusqu\u2019\u00e0 625 lumens selon la finition<\/li>\n<li><strong>Dimensions :<\/strong> \u00d8 25 cm x H 38 cm<\/li>\n<li><strong>Hauteur maximale :<\/strong> 215 cm<\/li>\n<\/ul>\n<p><img fetchpriority=\"high\" decoding=\"async\" class=\"alignnone size-full wp-image-6572\" src=\"https:\/\/homeproject.fr\/fr\/wp-content\/uploads\/2024\/12\/Glo-Medium-schema.jpg\" alt=\"\" width=\"371\" height=\"335\" srcset=\"https:\/\/homeproject.fr\/fr\/wp-content\/uploads\/2024\/12\/Glo-Medium-schema.jpg 371w, https:\/\/homeproject.fr\/fr\/wp-content\/uploads\/2024\/12\/Glo-Medium-schema-300x271.jpg 300w, https:\/\/homeproject.fr\/fr\/wp-content\/uploads\/2024\/12\/Glo-Medium-schema-13x12.jpg 13w\" sizes=\"(max-width: 371px) 100vw, 371px\" \/><\/p>\n<ul>\n<li><strong>Indice de protection :<\/strong> IP20 (usage int\u00e9rieur)<\/li>\n<\/ul>\n<hr \/>\n<p><strong>Finitions disponibles :<\/strong><\/p>\n<ul>\n<li>Or<\/li>\n<li>Argent<\/li>\n<li>Bronze<\/li>\n<li>Noir<\/li>\n<li>Or rose<\/li>\n<li>Vert<\/li>\n<li>Transparent<\/li>\n<li>Finition exclusive \u00ab\u00a04ever\u00a0\u00bb (effet miroir)<\/li>\n<\/ul>\n<hr \/>\n<p><strong>Applications et configurations :<\/strong><\/p>\n<ul>\n<li><strong>\u00c9clairage solo :<\/strong> Id\u00e9al pour un coin salon, une chambre ou un espace de travail.<\/li>\n<li><strong>Cluster lumineux :<\/strong> Combinez plusieurs suspensions pour un effet d\u00e9coratif spectaculaire au-dessus d\u2019une table ou dans un hall.<\/li>\n<li><strong>Polyvalence :<\/strong> Parfait pour des espaces r\u00e9sidentiels ou professionnels, gr\u00e2ce \u00e0 son design intemporel.<\/li>\n<\/ul>\n<hr \/>\n<p><strong>Pourquoi choisir Glo Medium ?<\/strong><\/p>\n<ul>\n<li><strong>Taille polyvalente :<\/strong> Id\u00e9al pour les espaces interm\u00e9diaires.<\/li>\n<li><strong>Effet visuel unique :<\/strong> Les finitions brillantes du verre souffl\u00e9 jouent avec la lumi\u00e8re et les reflets.<\/li>\n<li><strong>Un design moderne et raffin\u00e9 :<\/strong> Adapt\u00e9 \u00e0 tous les styles d\u2019int\u00e9rieur.<\/li>\n<\/ul>\n<p><strong>Ajoutez une note de sophistication lumineuse \u00e0 vos espaces avec la suspension Glo Medium de Penta Light.<\/strong><\/p>\n<\/div>\n<\/div>\n<\/div>\n<\/div>\n<h3><strong>Vous avez des questions ?<\/strong><\/h3>\n<style id=\"wpforms-css-vars-3675\">\n\t\t\t\t#wpforms-3675 {\n\t\t\t\t\n\t\t\t}\n\t\t\t<\/style><div class=\"wpforms-container wpforms-container-full wpforms-render-modern\" id=\"wpforms-3675\"><form id=\"wpforms-form-3675\" class=\"wpforms-validate wpforms-form wpforms-ajax-form\" data-formid=\"3675\" method=\"post\" enctype=\"multipart\/form-data\" action=\"\/fr\/wp-json\/wp\/v2\/product\/6547\" data-token=\"3b32cced719d701d46405c3d9600b33b\" data-token-time=\"1778077154\"><noscript class=\"wpforms-error-noscript\">Veuillez activer JavaScript dans votre navigateur pour remplir ce formulaire.<\/noscript><div id=\"wpforms-error-noscript\" style=\"display: none;\">Veuillez activer JavaScript dans votre navigateur pour remplir ce formulaire.<\/div><div class=\"wpforms-field-container\"><div id=\"wpforms-3675-field_3-container\" class=\"wpforms-field wpforms-field-name\" data-field-id=\"3\"><fieldset><legend class=\"wpforms-field-label\">Nom <span class=\"wpforms-required-label\" aria-hidden=\"true\">*<\/span><\/legend><div class=\"wpforms-field-row wpforms-field-medium\"><div class=\"wpforms-field-row-block wpforms-first wpforms-one-half\"><input type=\"text\" id=\"wpforms-3675-field_3\" class=\"wpforms-field-name-first wpforms-field-required\" name=\"wpforms[fields][3][first]\" aria-errormessage=\"wpforms-3675-field_3-error\" required><label for=\"wpforms-3675-field_3\" class=\"wpforms-field-sublabel after\">Pr\u00e9nom<\/label><\/div><div class=\"wpforms-field-row-block wpforms-one-half\"><input type=\"text\" id=\"wpforms-3675-field_3-last\" class=\"wpforms-field-name-last wpforms-field-required\" name=\"wpforms[fields][3][last]\" aria-errormessage=\"wpforms-3675-field_3-last-error\" required><label for=\"wpforms-3675-field_3-last\" class=\"wpforms-field-sublabel after\">Nom<\/label><\/div><\/div><\/fieldset><\/div>\t\t<div id=\"wpforms-3675-field_1-container\"\n\t\t\tclass=\"wpforms-field wpforms-field-text\"\n\t\t\tdata-field-type=\"text\"\n\t\t\tdata-field-id=\"1\"\n\t\t\t>\n\t\t\t<label class=\"wpforms-field-label\" for=\"wpforms-3675-field_1\" >Nom Message E-mail<\/label>\n\t\t\t<input type=\"text\" id=\"wpforms-3675-field_1\" class=\"wpforms-field-medium\" name=\"wpforms[fields][1]\" >\n\t\t<\/div>\n\t\t<div id=\"wpforms-3675-field_4-container\" class=\"wpforms-field wpforms-field-email\" data-field-id=\"4\"><label class=\"wpforms-field-label\" for=\"wpforms-3675-field_4\">E-mail <span class=\"wpforms-required-label\" aria-hidden=\"true\">*<\/span><\/label><input type=\"email\" id=\"wpforms-3675-field_4\" class=\"wpforms-field-medium wpforms-field-required\" name=\"wpforms[fields][4]\" spellcheck=\"false\" aria-errormessage=\"wpforms-3675-field_4-error\" required><\/div><div id=\"wpforms-3675-field_5-container\" class=\"wpforms-field wpforms-field-textarea\" data-field-id=\"5\"><label class=\"wpforms-field-label\" for=\"wpforms-3675-field_5\">Message <span class=\"wpforms-required-label\" aria-hidden=\"true\">*<\/span><\/label><textarea id=\"wpforms-3675-field_5\" class=\"wpforms-field-medium wpforms-field-required\" name=\"wpforms[fields][5]\" aria-errormessage=\"wpforms-3675-field_5-error\" required><\/textarea><\/div><script>\n\t\t\t\t( function() {\n\t\t\t\t\tconst style = document.createElement( 'style' );\n\t\t\t\t\tstyle.appendChild( document.createTextNode( '#wpforms-3675-field_1-container { position: absolute !important; overflow: hidden !important; display: inline !important; height: 1px !important; width: 1px !important; z-index: -1000 !important; padding: 0 !important; } #wpforms-3675-field_1-container input { visibility: hidden; } #wpforms-conversational-form-page #wpforms-3675-field_1-container label { counter-increment: none; }' ) );\n\t\t\t\t\tdocument.head.appendChild( style );\n\t\t\t\t\tdocument.currentScript?.remove();\n\t\t\t\t} )();\n\t\t\t<\/script><\/div><!-- .wpforms-field-container --><div class=\"wpforms-submit-container\" ><input type=\"hidden\" name=\"wpforms[id]\" value=\"3675\"><input type=\"hidden\" name=\"page_title\" value=\"\"><input type=\"hidden\" name=\"page_url\" value=\"https:\/\/homeproject.fr\/fr\/wp-json\/wp\/v2\/product\/6547\"><input type=\"hidden\" name=\"url_referer\" value=\"\"><button type=\"submit\" name=\"wpforms[submit]\" id=\"wpforms-submit-3675\" class=\"wpforms-submit\" data-alt-text=\"Envoi...\" data-submit-text=\"Envoyer\" aria-live=\"assertive\" value=\"wpforms-submit\">Envoyer<\/button><img decoding=\"async\" src=\"https:\/\/homeproject.fr\/fr\/wp-content\/plugins\/wpforms-lite\/assets\/images\/submit-spin.svg\" class=\"wpforms-submit-spinner\" style=\"display: none;\" width=\"26\" height=\"26\" alt=\"Chargement en cours\"><\/div><\/form><\/div>  <!-- .wpforms-container -->\n","protected":false},"excerpt":{"rendered":"<p><strong>Un design \u00e9l\u00e9gant et \u00e9quilibr\u00e9<\/strong><\/p>\n<p>La suspension <strong>Glo Medium<\/strong>, con\u00e7ue par <strong>Carlo Colombo<\/strong> pour <strong>Penta Light<\/strong>, incarne l\u2019\u00e9l\u00e9gance intemporelle de la collection Glo dans une taille interm\u00e9diaire. Son globe en verre souffl\u00e9 et ses finitions raffin\u00e9es offrent une lumi\u00e8re douce et diffuse, id\u00e9ale pour sublimer tous les espaces modernes. Avec ses multiples options de finition et sa luminosit\u00e9 optimale, <strong>Glo Medium<\/strong> s\u2019impose comme un incontournable du design contemporain.<\/p>\n","protected":false},"featured_media":6539,"template":"","meta":{"_uf_show_specific_survey":0,"_uf_disable_surveys":false,"iawp_total_views":27},"product_brand":[],"product_cat":[172],"product_tag":[],"class_list":{"0":"post-6547","1":"product","2":"type-product","3":"status-publish","4":"has-post-thumbnail","6":"product_cat-suspensions","7":"product_shipping_class-petit-colis","8":"pa_collection-glo-par-penta-light","9":"pa_designer-carlo-colombo","10":"pa_marque-penta-light","11":"pa_materiau-metal","13":"first","14":"instock","15":"sale","16":"taxable","17":"shipping-taxable","18":"purchasable","19":"product-type-variable"},"yoast_head":"<!-- This site is optimized with the Yoast SEO plugin v27.5 - https:\/\/yoast.com\/product\/yoast-seo-wordpress\/ -->\n<title>Suspension Glo Medium par Penta Light - Homeproject.fr<\/title>\n<meta name=\"robots\" content=\"index, follow, max-snippet:-1, max-image-preview:large, max-video-preview:-1\" \/>\n<link rel=\"canonical\" href=\"https:\/\/homeproject.fr\/fr\/produit\/suspension-glo-medium-par-penta-light\/\" \/>\n<meta property=\"og:locale\" content=\"fr_FR\" \/>\n<meta property=\"og:type\" content=\"article\" \/>\n<meta property=\"og:title\" content=\"Suspension Glo Medium par Penta Light - Homeproject.fr\" \/>\n<meta property=\"og:description\" content=\"Un design \u00e9l\u00e9gant et \u00e9quilibr\u00e9  La suspension Glo Medium, con\u00e7ue par Carlo Colombo pour Penta Light, incarne l\u2019\u00e9l\u00e9gance intemporelle de la collection Glo dans une taille interm\u00e9diaire. Son globe en verre souffl\u00e9 et ses finitions raffin\u00e9es offrent une lumi\u00e8re douce et diffuse, id\u00e9ale pour sublimer tous les espaces modernes. Avec ses multiples options de finition et sa luminosit\u00e9 optimale, Glo Medium s\u2019impose comme un incontournable du design contemporain.\" \/>\n<meta property=\"og:url\" content=\"https:\/\/homeproject.fr\/fr\/produit\/suspension-glo-medium-par-penta-light\/\" \/>\n<meta property=\"og:site_name\" content=\"Homeproject.fr\" \/>\n<meta property=\"article:modified_time\" content=\"2024-12-19T20:42:57+00:00\" \/>\n<meta property=\"og:image\" content=\"https:\/\/homeproject.fr\/fr\/wp-content\/uploads\/2024\/12\/Suspension-en-verre-fume-miroitant-Penta-Glo-Mini-4-Ever.jpg\" \/>\n\t<meta property=\"og:image:width\" content=\"800\" \/>\n\t<meta property=\"og:image:height\" content=\"800\" \/>\n\t<meta property=\"og:image:type\" content=\"image\/jpeg\" \/>\n<meta name=\"twitter:card\" content=\"summary_large_image\" \/>\n<meta name=\"twitter:label1\" content=\"Dur\u00e9e de lecture estim\u00e9e\" \/>\n\t<meta name=\"twitter:data1\" content=\"2 minutes\" \/>\n<script type=\"application\/ld+json\" class=\"yoast-schema-graph\">{\"@context\":\"https:\\\/\\\/schema.org\",\"@graph\":[{\"@type\":\"WebPage\",\"@id\":\"https:\\\/\\\/homeproject.fr\\\/fr\\\/produit\\\/suspension-glo-medium-par-penta-light\\\/\",\"url\":\"https:\\\/\\\/homeproject.fr\\\/fr\\\/produit\\\/suspension-glo-medium-par-penta-light\\\/\",\"name\":\"Suspension Glo Medium par Penta Light - Homeproject.fr\",\"isPartOf\":{\"@id\":\"https:\\\/\\\/homeproject.fr\\\/fr\\\/#website\"},\"primaryImageOfPage\":{\"@id\":\"https:\\\/\\\/homeproject.fr\\\/fr\\\/produit\\\/suspension-glo-medium-par-penta-light\\\/#primaryimage\"},\"image\":{\"@id\":\"https:\\\/\\\/homeproject.fr\\\/fr\\\/produit\\\/suspension-glo-medium-par-penta-light\\\/#primaryimage\"},\"thumbnailUrl\":\"https:\\\/\\\/homeproject.fr\\\/fr\\\/wp-content\\\/uploads\\\/2024\\\/12\\\/Suspension-en-verre-fume-miroitant-Penta-Glo-Mini-4-Ever.jpg\",\"datePublished\":\"2024-12-19T16:48:07+00:00\",\"dateModified\":\"2024-12-19T20:42:57+00:00\",\"breadcrumb\":{\"@id\":\"https:\\\/\\\/homeproject.fr\\\/fr\\\/produit\\\/suspension-glo-medium-par-penta-light\\\/#breadcrumb\"},\"inLanguage\":\"fr-FR\",\"potentialAction\":[{\"@type\":\"ReadAction\",\"target\":[\"https:\\\/\\\/homeproject.fr\\\/fr\\\/produit\\\/suspension-glo-medium-par-penta-light\\\/\"]}]},{\"@type\":\"ImageObject\",\"inLanguage\":\"fr-FR\",\"@id\":\"https:\\\/\\\/homeproject.fr\\\/fr\\\/produit\\\/suspension-glo-medium-par-penta-light\\\/#primaryimage\",\"url\":\"https:\\\/\\\/homeproject.fr\\\/fr\\\/wp-content\\\/uploads\\\/2024\\\/12\\\/Suspension-en-verre-fume-miroitant-Penta-Glo-Mini-4-Ever.jpg\",\"contentUrl\":\"https:\\\/\\\/homeproject.fr\\\/fr\\\/wp-content\\\/uploads\\\/2024\\\/12\\\/Suspension-en-verre-fume-miroitant-Penta-Glo-Mini-4-Ever.jpg\",\"width\":800,\"height\":800},{\"@type\":\"BreadcrumbList\",\"@id\":\"https:\\\/\\\/homeproject.fr\\\/fr\\\/produit\\\/suspension-glo-medium-par-penta-light\\\/#breadcrumb\",\"itemListElement\":[{\"@type\":\"ListItem\",\"position\":1,\"name\":\"Accueil\",\"item\":\"https:\\\/\\\/homeproject.fr\\\/fr\\\/\"},{\"@type\":\"ListItem\",\"position\":2,\"name\":\"Boutique\",\"item\":\"https:\\\/\\\/homeproject.fr\\\/fr\\\/boutique\\\/\"},{\"@type\":\"ListItem\",\"position\":3,\"name\":\"Suspension Glo Medium par Penta Light\"}]},{\"@type\":\"WebSite\",\"@id\":\"https:\\\/\\\/homeproject.fr\\\/fr\\\/#website\",\"url\":\"https:\\\/\\\/homeproject.fr\\\/fr\\\/\",\"name\":\"Homeproject.fr\",\"description\":\"Offrez l&#039;exceptionnel \u00e0 vos espaces \u00e0 vivre\",\"publisher\":{\"@id\":\"https:\\\/\\\/homeproject.fr\\\/fr\\\/#organization\"},\"potentialAction\":[{\"@type\":\"SearchAction\",\"target\":{\"@type\":\"EntryPoint\",\"urlTemplate\":\"https:\\\/\\\/homeproject.fr\\\/fr\\\/?s={search_term_string}\"},\"query-input\":{\"@type\":\"PropertyValueSpecification\",\"valueRequired\":true,\"valueName\":\"search_term_string\"}}],\"inLanguage\":\"fr-FR\"},{\"@type\":\"Organization\",\"@id\":\"https:\\\/\\\/homeproject.fr\\\/fr\\\/#organization\",\"name\":\"Homeproject.fr\",\"url\":\"https:\\\/\\\/homeproject.fr\\\/fr\\\/\",\"logo\":{\"@type\":\"ImageObject\",\"inLanguage\":\"fr-FR\",\"@id\":\"https:\\\/\\\/homeproject.fr\\\/fr\\\/#\\\/schema\\\/logo\\\/image\\\/\",\"url\":\"https:\\\/\\\/homeproject.fr\\\/fr\\\/wp-content\\\/uploads\\\/2024\\\/12\\\/Logo_HomeProject-noir-2.png\",\"contentUrl\":\"https:\\\/\\\/homeproject.fr\\\/fr\\\/wp-content\\\/uploads\\\/2024\\\/12\\\/Logo_HomeProject-noir-2.png\",\"width\":300,\"height\":91,\"caption\":\"Homeproject.fr\"},\"image\":{\"@id\":\"https:\\\/\\\/homeproject.fr\\\/fr\\\/#\\\/schema\\\/logo\\\/image\\\/\"}}]}<\/script>\n<!-- \/ Yoast SEO plugin. -->","yoast_head_json":{"title":"Suspension Glo Medium par Penta Light - Homeproject.fr","robots":{"index":"index","follow":"follow","max-snippet":"max-snippet:-1","max-image-preview":"max-image-preview:large","max-video-preview":"max-video-preview:-1"},"canonical":"https:\/\/homeproject.fr\/fr\/produit\/suspension-glo-medium-par-penta-light\/","og_locale":"fr_FR","og_type":"article","og_title":"Suspension Glo Medium par Penta Light - Homeproject.fr","og_description":"Un design \u00e9l\u00e9gant et \u00e9quilibr\u00e9  La suspension Glo Medium, con\u00e7ue par Carlo Colombo pour Penta Light, incarne l\u2019\u00e9l\u00e9gance intemporelle de la collection Glo dans une taille interm\u00e9diaire. Son globe en verre souffl\u00e9 et ses finitions raffin\u00e9es offrent une lumi\u00e8re douce et diffuse, id\u00e9ale pour sublimer tous les espaces modernes. Avec ses multiples options de finition et sa luminosit\u00e9 optimale, Glo Medium s\u2019impose comme un incontournable du design contemporain.","og_url":"https:\/\/homeproject.fr\/fr\/produit\/suspension-glo-medium-par-penta-light\/","og_site_name":"Homeproject.fr","article_modified_time":"2024-12-19T20:42:57+00:00","og_image":[{"width":800,"height":800,"url":"https:\/\/homeproject.fr\/fr\/wp-content\/uploads\/2024\/12\/Suspension-en-verre-fume-miroitant-Penta-Glo-Mini-4-Ever.jpg","type":"image\/jpeg"}],"twitter_card":"summary_large_image","twitter_misc":{"Dur\u00e9e de lecture estim\u00e9e":"2 minutes"},"schema":{"@context":"https:\/\/schema.org","@graph":[{"@type":"WebPage","@id":"https:\/\/homeproject.fr\/fr\/produit\/suspension-glo-medium-par-penta-light\/","url":"https:\/\/homeproject.fr\/fr\/produit\/suspension-glo-medium-par-penta-light\/","name":"Suspension Glo Medium par Penta Light - Homeproject.fr","isPartOf":{"@id":"https:\/\/homeproject.fr\/fr\/#website"},"primaryImageOfPage":{"@id":"https:\/\/homeproject.fr\/fr\/produit\/suspension-glo-medium-par-penta-light\/#primaryimage"},"image":{"@id":"https:\/\/homeproject.fr\/fr\/produit\/suspension-glo-medium-par-penta-light\/#primaryimage"},"thumbnailUrl":"https:\/\/homeproject.fr\/fr\/wp-content\/uploads\/2024\/12\/Suspension-en-verre-fume-miroitant-Penta-Glo-Mini-4-Ever.jpg","datePublished":"2024-12-19T16:48:07+00:00","dateModified":"2024-12-19T20:42:57+00:00","breadcrumb":{"@id":"https:\/\/homeproject.fr\/fr\/produit\/suspension-glo-medium-par-penta-light\/#breadcrumb"},"inLanguage":"fr-FR","potentialAction":[{"@type":"ReadAction","target":["https:\/\/homeproject.fr\/fr\/produit\/suspension-glo-medium-par-penta-light\/"]}]},{"@type":"ImageObject","inLanguage":"fr-FR","@id":"https:\/\/homeproject.fr\/fr\/produit\/suspension-glo-medium-par-penta-light\/#primaryimage","url":"https:\/\/homeproject.fr\/fr\/wp-content\/uploads\/2024\/12\/Suspension-en-verre-fume-miroitant-Penta-Glo-Mini-4-Ever.jpg","contentUrl":"https:\/\/homeproject.fr\/fr\/wp-content\/uploads\/2024\/12\/Suspension-en-verre-fume-miroitant-Penta-Glo-Mini-4-Ever.jpg","width":800,"height":800},{"@type":"BreadcrumbList","@id":"https:\/\/homeproject.fr\/fr\/produit\/suspension-glo-medium-par-penta-light\/#breadcrumb","itemListElement":[{"@type":"ListItem","position":1,"name":"Accueil","item":"https:\/\/homeproject.fr\/fr\/"},{"@type":"ListItem","position":2,"name":"Boutique","item":"https:\/\/homeproject.fr\/fr\/boutique\/"},{"@type":"ListItem","position":3,"name":"Suspension Glo Medium par Penta Light"}]},{"@type":"WebSite","@id":"https:\/\/homeproject.fr\/fr\/#website","url":"https:\/\/homeproject.fr\/fr\/","name":"Homeproject.fr","description":"Offrez l&#039;exceptionnel \u00e0 vos espaces \u00e0 vivre","publisher":{"@id":"https:\/\/homeproject.fr\/fr\/#organization"},"potentialAction":[{"@type":"SearchAction","target":{"@type":"EntryPoint","urlTemplate":"https:\/\/homeproject.fr\/fr\/?s={search_term_string}"},"query-input":{"@type":"PropertyValueSpecification","valueRequired":true,"valueName":"search_term_string"}}],"inLanguage":"fr-FR"},{"@type":"Organization","@id":"https:\/\/homeproject.fr\/fr\/#organization","name":"Homeproject.fr","url":"https:\/\/homeproject.fr\/fr\/","logo":{"@type":"ImageObject","inLanguage":"fr-FR","@id":"https:\/\/homeproject.fr\/fr\/#\/schema\/logo\/image\/","url":"https:\/\/homeproject.fr\/fr\/wp-content\/uploads\/2024\/12\/Logo_HomeProject-noir-2.png","contentUrl":"https:\/\/homeproject.fr\/fr\/wp-content\/uploads\/2024\/12\/Logo_HomeProject-noir-2.png","width":300,"height":91,"caption":"Homeproject.fr"},"image":{"@id":"https:\/\/homeproject.fr\/fr\/#\/schema\/logo\/image\/"}}]}},"_links":{"self":[{"href":"https:\/\/homeproject.fr\/fr\/wp-json\/wp\/v2\/product\/6547","targetHints":{"allow":["GET"]}}],"collection":[{"href":"https:\/\/homeproject.fr\/fr\/wp-json\/wp\/v2\/product"}],"about":[{"href":"https:\/\/homeproject.fr\/fr\/wp-json\/wp\/v2\/types\/product"}],"version-history":[{"count":1,"href":"https:\/\/homeproject.fr\/fr\/wp-json\/wp\/v2\/product\/6547\/revisions"}],"predecessor-version":[{"id":6573,"href":"https:\/\/homeproject.fr\/fr\/wp-json\/wp\/v2\/product\/6547\/revisions\/6573"}],"wp:featuredmedia":[{"embeddable":true,"href":"https:\/\/homeproject.fr\/fr\/wp-json\/wp\/v2\/media\/6539"}],"wp:attachment":[{"href":"https:\/\/homeproject.fr\/fr\/wp-json\/wp\/v2\/media?parent=6547"}],"wp:term":[{"taxonomy":"product_brand","embeddable":true,"href":"https:\/\/homeproject.fr\/fr\/wp-json\/wp\/v2\/product_brand?post=6547"},{"taxonomy":"product_cat","embeddable":true,"href":"https:\/\/homeproject.fr\/fr\/wp-json\/wp\/v2\/product_cat?post=6547"},{"taxonomy":"product_tag","embeddable":true,"href":"https:\/\/homeproject.fr\/fr\/wp-json\/wp\/v2\/product_tag?post=6547"}],"curies":[{"name":"wp","href":"https:\/\/api.w.org\/{rel}","templated":true}]}}