{"id":6351,"date":"2024-12-18T15:42:26","date_gmt":"2024-12-18T15:42:26","guid":{"rendered":"https:\/\/homeproject.fr\/fr\/?post_type=product&#038;p=6351"},"modified":"2024-12-18T16:09:29","modified_gmt":"2024-12-18T16:09:29","slug":"suspension-clip-par-penta-light","status":"publish","type":"product","link":"https:\/\/homeproject.fr\/fr\/produit\/suspension-clip-par-penta-light\/","title":{"rendered":"Suspension Clip par Penta Light"},"content":{"rendered":"<div class=\"flex max-w-full flex-col flex-grow\">\n<div class=\"min-h-8 text-message flex w-full flex-col items-end gap-2 whitespace-normal break-words text-start [.text-message+&]:mt-5\" dir=\"auto\" data-message-author-role=\"assistant\" data-message-id=\"bd1d06f9-cee5-4c61-b004-0f717c50c769\" data-message-model-slug=\"gpt-4o\">\n<div class=\"flex w-full flex-col gap-1 empty:hidden first:pt-[3px]\">\n<div class=\"markdown prose w-full break-words dark:prose-invert light\">\n<p><strong>Caract\u00e9ristiques techniques :<\/strong><\/p>\n<ul>\n<li><strong>Design :<\/strong> Daniel De Biasi & Federico Sandri (2017)<\/li>\n<li><strong>Mat\u00e9riaux :<\/strong> M\u00e9tal<\/li>\n<li><strong>Source lumineuse :<\/strong>\n<ul>\n<li><strong>Clip Large :<\/strong> LED 19W (int\u00e9gr\u00e9e)<\/li>\n<li><strong>Clip Mini :<\/strong> LED 8W (int\u00e9gr\u00e9e)<\/li>\n<\/ul>\n<\/li>\n<li><strong>Temp\u00e9rature de couleur :<\/strong> 3000K (blanc chaud) ou 2700K (lumi\u00e8re douce ambr\u00e9e)<\/li>\n<li><strong>Contr\u00f4le :<\/strong> Dimmable (0-10V)<\/li>\n<li><strong>Alimentation :<\/strong> 24V<\/li>\n<li><strong>Hauteur maximale :<\/strong> 200 cm<\/li>\n<li><strong>Dimensions :<\/strong>\n<ul>\n<li><strong>Clip Large :<\/strong> \u00d8 40 cm x H 28 cm<\/li>\n<li><strong>Clip Mini :<\/strong> \u00d8 18 cm x H 19 cm<\/li>\n<\/ul>\n<\/li>\n<\/ul>\n<p><img fetchpriority=\"high\" decoding=\"async\" class=\"alignnone size-full wp-image-6375\" src=\"https:\/\/homeproject.fr\/fr\/wp-content\/uploads\/2024\/12\/Clip-Schema.png\" alt=\"\" width=\"529\" height=\"355\" srcset=\"https:\/\/homeproject.fr\/fr\/wp-content\/uploads\/2024\/12\/Clip-Schema.png 529w, https:\/\/homeproject.fr\/fr\/wp-content\/uploads\/2024\/12\/Clip-Schema-300x201.png 300w, https:\/\/homeproject.fr\/fr\/wp-content\/uploads\/2024\/12\/Clip-Schema-18x12.png 18w, https:\/\/homeproject.fr\/fr\/wp-content\/uploads\/2024\/12\/Clip-Schema-100x68.png 100w\" sizes=\"(max-width: 529px) 100vw, 529px\" \/><\/p>\n<hr \/>\n<p><strong>Finitions disponibles :<\/strong><\/p>\n<ul>\n<li>Noir mat<\/li>\n<li>Bronze mat<\/li>\n<li>Or mat<\/li>\n<\/ul>\n<div class=\"su-custom-gallery su-custom-gallery-align-left su-custom-gallery-title-always\"><div class=\"su-custom-gallery-slide\" style=\"width:120px;height:120px\"><a><img decoding=\"async\" src=\"https:\/\/homeproject.fr\/fr\/wp-content\/uploads\/2024\/12\/Noir-Mat-120x120.jpg\" alt=\"Noir Mat\" width=\"120\" height=\"120\" \/><span class=\"su-custom-gallery-title\">Noir Mat<\/span><\/a><\/div><div class=\"su-custom-gallery-slide\" style=\"width:120px;height:120px\"><a><img decoding=\"async\" src=\"https:\/\/homeproject.fr\/fr\/wp-content\/uploads\/2024\/12\/Bronze-Mat-120x120.jpg\" alt=\"Bronze Mat\" width=\"120\" height=\"120\" \/><span class=\"su-custom-gallery-title\">Bronze Mat<\/span><\/a><\/div><div class=\"su-custom-gallery-slide\" style=\"width:120px;height:120px\"><a><img loading=\"lazy\" decoding=\"async\" src=\"https:\/\/homeproject.fr\/fr\/wp-content\/uploads\/2024\/12\/Or-Mat-120x120.jpg\" alt=\"Or Mat\" width=\"120\" height=\"120\" \/><span class=\"su-custom-gallery-title\">Or Mat<\/span><\/a><\/div><div class=\"su-clear\"><\/div><\/div>\n<hr \/>\n<p><strong>Un luminaire aux multiples usages :<\/strong> La suspension <strong>Clip<\/strong> s\u2019adapte \u00e0 divers environnements :<\/p>\n<ul>\n<li><strong>Salles \u00e0 manger et salons :<\/strong> Ajoutez une touche design audacieuse.<\/li>\n<li><strong>Espaces professionnels et caf\u00e9s :<\/strong> Cr\u00e9ez une ambiance unique et contemporaine.<\/li>\n<li><strong>Espaces minimalistes :<\/strong> Gr\u00e2ce \u00e0 sa forme \u00e9pur\u00e9e, elle sublime tout espace avec discr\u00e9tion et style.<\/li>\n<\/ul>\n<hr \/>\n<p><strong>\u00c9quilibre entre lumi\u00e8re et design :<\/strong> La lumi\u00e8re diffuse et homog\u00e8ne de <strong>Clip<\/strong> met en valeur son design g\u00e9om\u00e9trique et minimaliste, tout en assurant un \u00e9clairage fonctionnel et chaleureux.<\/p>\n<p><strong>Offrez un caract\u00e8re unique \u00e0 vos int\u00e9rieurs avec la suspension Clip : une v\u00e9ritable ic\u00f4ne du design contemporain.<\/strong><\/p>\n<\/div>\n<\/div>\n<\/div>\n<\/div>\n<h3><strong>Vous avez des questions ?<\/strong><\/h3>\n<style id=\"wpforms-css-vars-3675\">\n\t\t\t\t#wpforms-3675 {\n\t\t\t\t\n\t\t\t}\n\t\t\t<\/style><div class=\"wpforms-container wpforms-container-full wpforms-render-modern\" id=\"wpforms-3675\"><form id=\"wpforms-form-3675\" class=\"wpforms-validate wpforms-form wpforms-ajax-form\" data-formid=\"3675\" method=\"post\" enctype=\"multipart\/form-data\" action=\"\/fr\/wp-json\/wp\/v2\/product\/6351\" data-token=\"40ada6e9151c970e4278e2da3e5409c5\" data-token-time=\"1777934942\"><noscript class=\"wpforms-error-noscript\">Veuillez activer JavaScript dans votre navigateur pour remplir ce formulaire.<\/noscript><div id=\"wpforms-error-noscript\" style=\"display: none;\">Veuillez activer JavaScript dans votre navigateur pour remplir ce formulaire.<\/div><div class=\"wpforms-field-container\"><div id=\"wpforms-3675-field_3-container\" class=\"wpforms-field wpforms-field-name\" data-field-id=\"3\"><fieldset><legend class=\"wpforms-field-label\">Nom <span class=\"wpforms-required-label\" aria-hidden=\"true\">*<\/span><\/legend><div class=\"wpforms-field-row wpforms-field-medium\"><div class=\"wpforms-field-row-block wpforms-first wpforms-one-half\"><input type=\"text\" id=\"wpforms-3675-field_3\" class=\"wpforms-field-name-first wpforms-field-required\" name=\"wpforms[fields][3][first]\" aria-errormessage=\"wpforms-3675-field_3-error\" required><label for=\"wpforms-3675-field_3\" class=\"wpforms-field-sublabel after\">Pr\u00e9nom<\/label><\/div><div class=\"wpforms-field-row-block wpforms-one-half\"><input type=\"text\" id=\"wpforms-3675-field_3-last\" class=\"wpforms-field-name-last wpforms-field-required\" name=\"wpforms[fields][3][last]\" aria-errormessage=\"wpforms-3675-field_3-last-error\" required><label for=\"wpforms-3675-field_3-last\" class=\"wpforms-field-sublabel after\">Nom<\/label><\/div><\/div><\/fieldset><\/div>\t\t<div id=\"wpforms-3675-field_1-container\"\n\t\t\tclass=\"wpforms-field wpforms-field-text\"\n\t\t\tdata-field-type=\"text\"\n\t\t\tdata-field-id=\"1\"\n\t\t\t>\n\t\t\t<label class=\"wpforms-field-label\" for=\"wpforms-3675-field_1\" >Nom E-mail Message<\/label>\n\t\t\t<input type=\"text\" id=\"wpforms-3675-field_1\" class=\"wpforms-field-medium\" name=\"wpforms[fields][1]\" >\n\t\t<\/div>\n\t\t<div id=\"wpforms-3675-field_4-container\" class=\"wpforms-field wpforms-field-email\" data-field-id=\"4\"><label class=\"wpforms-field-label\" for=\"wpforms-3675-field_4\">E-mail <span class=\"wpforms-required-label\" aria-hidden=\"true\">*<\/span><\/label><input type=\"email\" id=\"wpforms-3675-field_4\" class=\"wpforms-field-medium wpforms-field-required\" name=\"wpforms[fields][4]\" spellcheck=\"false\" aria-errormessage=\"wpforms-3675-field_4-error\" required><\/div><div id=\"wpforms-3675-field_5-container\" class=\"wpforms-field wpforms-field-textarea\" data-field-id=\"5\"><label class=\"wpforms-field-label\" for=\"wpforms-3675-field_5\">Message <span class=\"wpforms-required-label\" aria-hidden=\"true\">*<\/span><\/label><textarea id=\"wpforms-3675-field_5\" class=\"wpforms-field-medium wpforms-field-required\" name=\"wpforms[fields][5]\" aria-errormessage=\"wpforms-3675-field_5-error\" required><\/textarea><\/div><script>\n\t\t\t\t( function() {\n\t\t\t\t\tconst style = document.createElement( 'style' );\n\t\t\t\t\tstyle.appendChild( document.createTextNode( '#wpforms-3675-field_1-container { position: absolute !important; overflow: hidden !important; display: inline !important; height: 1px !important; width: 1px !important; z-index: -1000 !important; padding: 0 !important; } #wpforms-3675-field_1-container input { visibility: hidden; } #wpforms-conversational-form-page #wpforms-3675-field_1-container label { counter-increment: none; }' ) );\n\t\t\t\t\tdocument.head.appendChild( style );\n\t\t\t\t\tdocument.currentScript?.remove();\n\t\t\t\t} )();\n\t\t\t<\/script><\/div><!-- .wpforms-field-container --><div class=\"wpforms-submit-container\" ><input type=\"hidden\" name=\"wpforms[id]\" value=\"3675\"><input type=\"hidden\" name=\"page_title\" value=\"\"><input type=\"hidden\" name=\"page_url\" value=\"https:\/\/homeproject.fr\/fr\/wp-json\/wp\/v2\/product\/6351\"><input type=\"hidden\" name=\"url_referer\" value=\"\"><button type=\"submit\" name=\"wpforms[submit]\" id=\"wpforms-submit-3675\" class=\"wpforms-submit\" data-alt-text=\"Envoi...\" data-submit-text=\"Envoyer\" aria-live=\"assertive\" value=\"wpforms-submit\">Envoyer<\/button><img loading=\"lazy\" decoding=\"async\" src=\"https:\/\/homeproject.fr\/fr\/wp-content\/plugins\/wpforms-lite\/assets\/images\/submit-spin.svg\" class=\"wpforms-submit-spinner\" style=\"display: none;\" width=\"26\" height=\"26\" alt=\"Chargement en cours\"><\/div><\/form><\/div>  <!-- .wpforms-container -->\n","protected":false},"excerpt":{"rendered":"<p><strong>Un design contemporain audacieux<\/strong><\/p>\n<p>Imagin\u00e9e par <strong>Daniel De Biasi &amp; Federico Sandri<\/strong> pour <strong>Penta Light<\/strong>, la suspension <strong>Clip<\/strong> s\u00e9duit par son design minimaliste inspir\u00e9 de la forme d\u2019un trombone. Sa silhouette \u00e9pur\u00e9e et son \u00e9quilibre parfait entre fonction et esth\u00e9tique en font un v\u00e9ritable objet de d\u00e9coration moderne pour les int\u00e9rieurs \u00e9l\u00e9gants.<\/p>\n","protected":false},"featured_media":6370,"template":"","meta":{"_uf_show_specific_survey":0,"_uf_disable_surveys":false,"iawp_total_views":14},"product_brand":[],"product_cat":[172],"product_tag":[],"class_list":{"0":"post-6351","1":"product","2":"type-product","3":"status-publish","4":"has-post-thumbnail","6":"product_cat-suspensions","7":"product_shipping_class-petit-colis","8":"pa_designer-daniel-debiasi-federico-sandri","9":"pa_marque-penta-light","10":"pa_materiau-metal","12":"first","13":"instock","14":"sale","15":"taxable","16":"shipping-taxable","17":"purchasable","18":"product-type-variable"},"yoast_head":"<!-- This site is optimized with the Yoast SEO plugin v27.5 - https:\/\/yoast.com\/product\/yoast-seo-wordpress\/ -->\n<title>Suspension Clip par Penta Light - Homeproject.fr<\/title>\n<meta name=\"robots\" content=\"index, follow, max-snippet:-1, max-image-preview:large, max-video-preview:-1\" \/>\n<link rel=\"canonical\" href=\"https:\/\/homeproject.fr\/fr\/produit\/suspension-clip-par-penta-light\/\" \/>\n<meta property=\"og:locale\" content=\"fr_FR\" \/>\n<meta property=\"og:type\" content=\"article\" \/>\n<meta property=\"og:title\" content=\"Suspension Clip par Penta Light - Homeproject.fr\" \/>\n<meta property=\"og:description\" content=\"Un design contemporain audacieux  Imagin\u00e9e par Daniel De Biasi &amp; Federico Sandri pour Penta Light, la suspension Clip s\u00e9duit par son design minimaliste inspir\u00e9 de la forme d\u2019un trombone. Sa silhouette \u00e9pur\u00e9e et son \u00e9quilibre parfait entre fonction et esth\u00e9tique en font un v\u00e9ritable objet de d\u00e9coration moderne pour les int\u00e9rieurs \u00e9l\u00e9gants.\" \/>\n<meta property=\"og:url\" content=\"https:\/\/homeproject.fr\/fr\/produit\/suspension-clip-par-penta-light\/\" \/>\n<meta property=\"og:site_name\" content=\"Homeproject.fr\" \/>\n<meta property=\"article:modified_time\" content=\"2024-12-18T16:09:29+00:00\" \/>\n<meta property=\"og:image\" content=\"https:\/\/homeproject.fr\/fr\/wp-content\/uploads\/2024\/12\/Suspension-design-contemporain-aspect-trombone-Clip-par-Penta-Light-2-.jpeg\" \/>\n\t<meta property=\"og:image:width\" content=\"1500\" \/>\n\t<meta property=\"og:image:height\" content=\"1500\" \/>\n\t<meta property=\"og:image:type\" content=\"image\/jpeg\" \/>\n<meta name=\"twitter:card\" content=\"summary_large_image\" \/>\n<meta name=\"twitter:label1\" content=\"Dur\u00e9e de lecture estim\u00e9e\" \/>\n\t<meta name=\"twitter:data1\" content=\"2 minutes\" \/>\n<script type=\"application\/ld+json\" class=\"yoast-schema-graph\">{\"@context\":\"https:\\\/\\\/schema.org\",\"@graph\":[{\"@type\":\"WebPage\",\"@id\":\"https:\\\/\\\/homeproject.fr\\\/fr\\\/produit\\\/suspension-clip-par-penta-light\\\/\",\"url\":\"https:\\\/\\\/homeproject.fr\\\/fr\\\/produit\\\/suspension-clip-par-penta-light\\\/\",\"name\":\"Suspension Clip par Penta Light - Homeproject.fr\",\"isPartOf\":{\"@id\":\"https:\\\/\\\/homeproject.fr\\\/fr\\\/#website\"},\"primaryImageOfPage\":{\"@id\":\"https:\\\/\\\/homeproject.fr\\\/fr\\\/produit\\\/suspension-clip-par-penta-light\\\/#primaryimage\"},\"image\":{\"@id\":\"https:\\\/\\\/homeproject.fr\\\/fr\\\/produit\\\/suspension-clip-par-penta-light\\\/#primaryimage\"},\"thumbnailUrl\":\"https:\\\/\\\/homeproject.fr\\\/fr\\\/wp-content\\\/uploads\\\/2024\\\/12\\\/Suspension-design-contemporain-aspect-trombone-Clip-par-Penta-Light-2-.jpeg\",\"datePublished\":\"2024-12-18T15:42:26+00:00\",\"dateModified\":\"2024-12-18T16:09:29+00:00\",\"breadcrumb\":{\"@id\":\"https:\\\/\\\/homeproject.fr\\\/fr\\\/produit\\\/suspension-clip-par-penta-light\\\/#breadcrumb\"},\"inLanguage\":\"fr-FR\",\"potentialAction\":[{\"@type\":\"ReadAction\",\"target\":[\"https:\\\/\\\/homeproject.fr\\\/fr\\\/produit\\\/suspension-clip-par-penta-light\\\/\"]}]},{\"@type\":\"ImageObject\",\"inLanguage\":\"fr-FR\",\"@id\":\"https:\\\/\\\/homeproject.fr\\\/fr\\\/produit\\\/suspension-clip-par-penta-light\\\/#primaryimage\",\"url\":\"https:\\\/\\\/homeproject.fr\\\/fr\\\/wp-content\\\/uploads\\\/2024\\\/12\\\/Suspension-design-contemporain-aspect-trombone-Clip-par-Penta-Light-2-.jpeg\",\"contentUrl\":\"https:\\\/\\\/homeproject.fr\\\/fr\\\/wp-content\\\/uploads\\\/2024\\\/12\\\/Suspension-design-contemporain-aspect-trombone-Clip-par-Penta-Light-2-.jpeg\",\"width\":1500,\"height\":1500},{\"@type\":\"BreadcrumbList\",\"@id\":\"https:\\\/\\\/homeproject.fr\\\/fr\\\/produit\\\/suspension-clip-par-penta-light\\\/#breadcrumb\",\"itemListElement\":[{\"@type\":\"ListItem\",\"position\":1,\"name\":\"Accueil\",\"item\":\"https:\\\/\\\/homeproject.fr\\\/fr\\\/\"},{\"@type\":\"ListItem\",\"position\":2,\"name\":\"Boutique\",\"item\":\"https:\\\/\\\/homeproject.fr\\\/fr\\\/boutique\\\/\"},{\"@type\":\"ListItem\",\"position\":3,\"name\":\"Suspension Clip par Penta Light\"}]},{\"@type\":\"WebSite\",\"@id\":\"https:\\\/\\\/homeproject.fr\\\/fr\\\/#website\",\"url\":\"https:\\\/\\\/homeproject.fr\\\/fr\\\/\",\"name\":\"Homeproject.fr\",\"description\":\"Offrez l&#039;exceptionnel \u00e0 vos espaces \u00e0 vivre\",\"publisher\":{\"@id\":\"https:\\\/\\\/homeproject.fr\\\/fr\\\/#organization\"},\"potentialAction\":[{\"@type\":\"SearchAction\",\"target\":{\"@type\":\"EntryPoint\",\"urlTemplate\":\"https:\\\/\\\/homeproject.fr\\\/fr\\\/?s={search_term_string}\"},\"query-input\":{\"@type\":\"PropertyValueSpecification\",\"valueRequired\":true,\"valueName\":\"search_term_string\"}}],\"inLanguage\":\"fr-FR\"},{\"@type\":\"Organization\",\"@id\":\"https:\\\/\\\/homeproject.fr\\\/fr\\\/#organization\",\"name\":\"Homeproject.fr\",\"url\":\"https:\\\/\\\/homeproject.fr\\\/fr\\\/\",\"logo\":{\"@type\":\"ImageObject\",\"inLanguage\":\"fr-FR\",\"@id\":\"https:\\\/\\\/homeproject.fr\\\/fr\\\/#\\\/schema\\\/logo\\\/image\\\/\",\"url\":\"https:\\\/\\\/homeproject.fr\\\/fr\\\/wp-content\\\/uploads\\\/2024\\\/12\\\/Logo_HomeProject-noir-2.png\",\"contentUrl\":\"https:\\\/\\\/homeproject.fr\\\/fr\\\/wp-content\\\/uploads\\\/2024\\\/12\\\/Logo_HomeProject-noir-2.png\",\"width\":300,\"height\":91,\"caption\":\"Homeproject.fr\"},\"image\":{\"@id\":\"https:\\\/\\\/homeproject.fr\\\/fr\\\/#\\\/schema\\\/logo\\\/image\\\/\"}}]}<\/script>\n<!-- \/ Yoast SEO plugin. -->","yoast_head_json":{"title":"Suspension Clip par Penta Light - Homeproject.fr","robots":{"index":"index","follow":"follow","max-snippet":"max-snippet:-1","max-image-preview":"max-image-preview:large","max-video-preview":"max-video-preview:-1"},"canonical":"https:\/\/homeproject.fr\/fr\/produit\/suspension-clip-par-penta-light\/","og_locale":"fr_FR","og_type":"article","og_title":"Suspension Clip par Penta Light - Homeproject.fr","og_description":"Un design contemporain audacieux  Imagin\u00e9e par Daniel De Biasi &amp; Federico Sandri pour Penta Light, la suspension Clip s\u00e9duit par son design minimaliste inspir\u00e9 de la forme d\u2019un trombone. Sa silhouette \u00e9pur\u00e9e et son \u00e9quilibre parfait entre fonction et esth\u00e9tique en font un v\u00e9ritable objet de d\u00e9coration moderne pour les int\u00e9rieurs \u00e9l\u00e9gants.","og_url":"https:\/\/homeproject.fr\/fr\/produit\/suspension-clip-par-penta-light\/","og_site_name":"Homeproject.fr","article_modified_time":"2024-12-18T16:09:29+00:00","og_image":[{"width":1500,"height":1500,"url":"https:\/\/homeproject.fr\/fr\/wp-content\/uploads\/2024\/12\/Suspension-design-contemporain-aspect-trombone-Clip-par-Penta-Light-2-.jpeg","type":"image\/jpeg"}],"twitter_card":"summary_large_image","twitter_misc":{"Dur\u00e9e de lecture estim\u00e9e":"2 minutes"},"schema":{"@context":"https:\/\/schema.org","@graph":[{"@type":"WebPage","@id":"https:\/\/homeproject.fr\/fr\/produit\/suspension-clip-par-penta-light\/","url":"https:\/\/homeproject.fr\/fr\/produit\/suspension-clip-par-penta-light\/","name":"Suspension Clip par Penta Light - Homeproject.fr","isPartOf":{"@id":"https:\/\/homeproject.fr\/fr\/#website"},"primaryImageOfPage":{"@id":"https:\/\/homeproject.fr\/fr\/produit\/suspension-clip-par-penta-light\/#primaryimage"},"image":{"@id":"https:\/\/homeproject.fr\/fr\/produit\/suspension-clip-par-penta-light\/#primaryimage"},"thumbnailUrl":"https:\/\/homeproject.fr\/fr\/wp-content\/uploads\/2024\/12\/Suspension-design-contemporain-aspect-trombone-Clip-par-Penta-Light-2-.jpeg","datePublished":"2024-12-18T15:42:26+00:00","dateModified":"2024-12-18T16:09:29+00:00","breadcrumb":{"@id":"https:\/\/homeproject.fr\/fr\/produit\/suspension-clip-par-penta-light\/#breadcrumb"},"inLanguage":"fr-FR","potentialAction":[{"@type":"ReadAction","target":["https:\/\/homeproject.fr\/fr\/produit\/suspension-clip-par-penta-light\/"]}]},{"@type":"ImageObject","inLanguage":"fr-FR","@id":"https:\/\/homeproject.fr\/fr\/produit\/suspension-clip-par-penta-light\/#primaryimage","url":"https:\/\/homeproject.fr\/fr\/wp-content\/uploads\/2024\/12\/Suspension-design-contemporain-aspect-trombone-Clip-par-Penta-Light-2-.jpeg","contentUrl":"https:\/\/homeproject.fr\/fr\/wp-content\/uploads\/2024\/12\/Suspension-design-contemporain-aspect-trombone-Clip-par-Penta-Light-2-.jpeg","width":1500,"height":1500},{"@type":"BreadcrumbList","@id":"https:\/\/homeproject.fr\/fr\/produit\/suspension-clip-par-penta-light\/#breadcrumb","itemListElement":[{"@type":"ListItem","position":1,"name":"Accueil","item":"https:\/\/homeproject.fr\/fr\/"},{"@type":"ListItem","position":2,"name":"Boutique","item":"https:\/\/homeproject.fr\/fr\/boutique\/"},{"@type":"ListItem","position":3,"name":"Suspension Clip par Penta Light"}]},{"@type":"WebSite","@id":"https:\/\/homeproject.fr\/fr\/#website","url":"https:\/\/homeproject.fr\/fr\/","name":"Homeproject.fr","description":"Offrez l&#039;exceptionnel \u00e0 vos espaces \u00e0 vivre","publisher":{"@id":"https:\/\/homeproject.fr\/fr\/#organization"},"potentialAction":[{"@type":"SearchAction","target":{"@type":"EntryPoint","urlTemplate":"https:\/\/homeproject.fr\/fr\/?s={search_term_string}"},"query-input":{"@type":"PropertyValueSpecification","valueRequired":true,"valueName":"search_term_string"}}],"inLanguage":"fr-FR"},{"@type":"Organization","@id":"https:\/\/homeproject.fr\/fr\/#organization","name":"Homeproject.fr","url":"https:\/\/homeproject.fr\/fr\/","logo":{"@type":"ImageObject","inLanguage":"fr-FR","@id":"https:\/\/homeproject.fr\/fr\/#\/schema\/logo\/image\/","url":"https:\/\/homeproject.fr\/fr\/wp-content\/uploads\/2024\/12\/Logo_HomeProject-noir-2.png","contentUrl":"https:\/\/homeproject.fr\/fr\/wp-content\/uploads\/2024\/12\/Logo_HomeProject-noir-2.png","width":300,"height":91,"caption":"Homeproject.fr"},"image":{"@id":"https:\/\/homeproject.fr\/fr\/#\/schema\/logo\/image\/"}}]}},"_links":{"self":[{"href":"https:\/\/homeproject.fr\/fr\/wp-json\/wp\/v2\/product\/6351","targetHints":{"allow":["GET"]}}],"collection":[{"href":"https:\/\/homeproject.fr\/fr\/wp-json\/wp\/v2\/product"}],"about":[{"href":"https:\/\/homeproject.fr\/fr\/wp-json\/wp\/v2\/types\/product"}],"version-history":[{"count":1,"href":"https:\/\/homeproject.fr\/fr\/wp-json\/wp\/v2\/product\/6351\/revisions"}],"predecessor-version":[{"id":6412,"href":"https:\/\/homeproject.fr\/fr\/wp-json\/wp\/v2\/product\/6351\/revisions\/6412"}],"wp:featuredmedia":[{"embeddable":true,"href":"https:\/\/homeproject.fr\/fr\/wp-json\/wp\/v2\/media\/6370"}],"wp:attachment":[{"href":"https:\/\/homeproject.fr\/fr\/wp-json\/wp\/v2\/media?parent=6351"}],"wp:term":[{"taxonomy":"product_brand","embeddable":true,"href":"https:\/\/homeproject.fr\/fr\/wp-json\/wp\/v2\/product_brand?post=6351"},{"taxonomy":"product_cat","embeddable":true,"href":"https:\/\/homeproject.fr\/fr\/wp-json\/wp\/v2\/product_cat?post=6351"},{"taxonomy":"product_tag","embeddable":true,"href":"https:\/\/homeproject.fr\/fr\/wp-json\/wp\/v2\/product_tag?post=6351"}],"curies":[{"name":"wp","href":"https:\/\/api.w.org\/{rel}","templated":true}]}}