{"id":6173,"date":"2024-12-16T21:29:22","date_gmt":"2024-12-16T21:29:22","guid":{"rendered":"https:\/\/homeproject.fr\/fr\/?post_type=product&#038;p=6173"},"modified":"2024-12-16T21:40:30","modified_gmt":"2024-12-16T21:40:30","slug":"fauteuil-en-acier-inoxydable-poli-et-cuir-pleine-fleur-paulistano-copie","status":"publish","type":"product","link":"https:\/\/homeproject.fr\/fr\/produit\/fauteuil-en-acier-inoxydable-poli-et-cuir-pleine-fleur-paulistano-copie\/","title":{"rendered":"Fauteuil en acier inoxydable poli et cuir pleine fleur PAULISTANO"},"content":{"rendered":"<p>Pens\u00e9 pour s\u2019int\u00e9grer \u00e0 tous les int\u00e9rieurs, le Paulistano trouve sa place aussi bien dans un salon que dans une chambre, offrant une pr\u00e9sence discr\u00e8te mais remarquable. Son design \u00e9pur\u00e9, n\u00e9 d\u2019un concept constructiviste audacieux, marie l\u00e9g\u00e8ret\u00e9 visuelle et robustesse structurelle.<\/p>\n<p>R\u00e9\u00e9dit\u00e9 par Objekto en collaboration avec Paulo Mendes da Rocha, ce fauteuil l\u00e9gendaire est aujourd\u2019hui accessible \u00e0 un plus large public, tout en restant fid\u00e8le \u00e0 l\u2019esprit artisanal de ses origines. Sa renomm\u00e9e est telle qu\u2019il fait partie de la collection permanente du prestigieux Mus\u00e9e d\u2019Art Moderne de New York (MoMA).<\/p>\n<p>Dimensions : H 82 cm x L 70 cm x P 70 cm.<\/p>\n<p>\u2022Hauteur d\u2019assise : 38 cm, id\u00e9ale pour les moments de d\u00e9tente.<\/p>\n<p><img fetchpriority=\"high\" decoding=\"async\" class=\"alignnone size-full wp-image-3715\" src=\"https:\/\/homeproject.fr\/fr\/wp-content\/uploads\/2024\/12\/IMG_8539.jpeg\" alt=\"\" width=\"800\" height=\"800\" srcset=\"https:\/\/homeproject.fr\/fr\/wp-content\/uploads\/2024\/12\/IMG_8539.jpeg 800w, https:\/\/homeproject.fr\/fr\/wp-content\/uploads\/2024\/12\/IMG_8539-680x680.jpeg 680w, https:\/\/homeproject.fr\/fr\/wp-content\/uploads\/2024\/12\/IMG_8539-300x300.jpeg 300w, https:\/\/homeproject.fr\/fr\/wp-content\/uploads\/2024\/12\/IMG_8539-150x150.jpeg 150w, https:\/\/homeproject.fr\/fr\/wp-content\/uploads\/2024\/12\/IMG_8539-768x768.jpeg 768w, https:\/\/homeproject.fr\/fr\/wp-content\/uploads\/2024\/12\/IMG_8539-12x12.jpeg 12w\" sizes=\"(max-width: 800px) 100vw, 800px\" \/><\/p>\n<p>Points forts :<\/p>\n<p>\u2022Mat\u00e9riaux d\u2019exception : structure en acier inoxydable poli, assise en cuir pleine fleur v\u00e9g\u00e9tal.<\/p>\n<p>\u2022Design intemporel : une cr\u00e9ation moderniste \u00e9l\u00e9gante et minimaliste.<\/p>\n<p>\u2022Confort incomparable : une assise enveloppante et ergonomique.<\/p>\n<p>\u2022Patine unique : le cuir \u00e9volue avec le temps pour devenir encore plus sublime.<\/p>\n<p>\u2022Ic\u00f4ne reconnue : expos\u00e9e au MoMA et \u00e9dit\u00e9e par Objekto.<\/p>\n<p>Un chef-d\u2019\u0153uvre du design qui transforme chaque espace en une \u0153uvre d\u2019art vivante.<\/p>\n<h3><strong>Vous avez des questions ?<\/strong><\/h3>\n<style id=\"wpforms-css-vars-3675\">\n\t\t\t\t#wpforms-3675 {\n\t\t\t\t\n\t\t\t}\n\t\t\t<\/style><div class=\"wpforms-container wpforms-container-full wpforms-render-modern\" id=\"wpforms-3675\"><form id=\"wpforms-form-3675\" class=\"wpforms-validate wpforms-form wpforms-ajax-form\" data-formid=\"3675\" method=\"post\" enctype=\"multipart\/form-data\" action=\"\/fr\/wp-json\/wp\/v2\/product\/6173\" data-token=\"2921a7ac3408d834be151983965c4ab3\" data-token-time=\"1777948658\"><noscript class=\"wpforms-error-noscript\">Veuillez activer JavaScript dans votre navigateur pour remplir ce formulaire.<\/noscript><div id=\"wpforms-error-noscript\" style=\"display: none;\">Veuillez activer JavaScript dans votre navigateur pour remplir ce formulaire.<\/div><div class=\"wpforms-field-container\"><div id=\"wpforms-3675-field_3-container\" class=\"wpforms-field wpforms-field-name\" data-field-id=\"3\"><fieldset><legend class=\"wpforms-field-label\">Nom <span class=\"wpforms-required-label\" aria-hidden=\"true\">*<\/span><\/legend><div class=\"wpforms-field-row wpforms-field-medium\"><div class=\"wpforms-field-row-block wpforms-first wpforms-one-half\"><input type=\"text\" id=\"wpforms-3675-field_3\" class=\"wpforms-field-name-first wpforms-field-required\" name=\"wpforms[fields][3][first]\" aria-errormessage=\"wpforms-3675-field_3-error\" required><label for=\"wpforms-3675-field_3\" class=\"wpforms-field-sublabel after\">Pr\u00e9nom<\/label><\/div><div class=\"wpforms-field-row-block wpforms-one-half\"><input type=\"text\" id=\"wpforms-3675-field_3-last\" class=\"wpforms-field-name-last wpforms-field-required\" name=\"wpforms[fields][3][last]\" aria-errormessage=\"wpforms-3675-field_3-last-error\" required><label for=\"wpforms-3675-field_3-last\" class=\"wpforms-field-sublabel after\">Nom<\/label><\/div><\/div><\/fieldset><\/div>\t\t<div id=\"wpforms-3675-field_1-container\"\n\t\t\tclass=\"wpforms-field wpforms-field-text\"\n\t\t\tdata-field-type=\"text\"\n\t\t\tdata-field-id=\"1\"\n\t\t\t>\n\t\t\t<label class=\"wpforms-field-label\" for=\"wpforms-3675-field_1\" >E-mail Message Nom<\/label>\n\t\t\t<input type=\"text\" id=\"wpforms-3675-field_1\" class=\"wpforms-field-medium\" name=\"wpforms[fields][1]\" >\n\t\t<\/div>\n\t\t<div id=\"wpforms-3675-field_4-container\" class=\"wpforms-field wpforms-field-email\" data-field-id=\"4\"><label class=\"wpforms-field-label\" for=\"wpforms-3675-field_4\">E-mail <span class=\"wpforms-required-label\" aria-hidden=\"true\">*<\/span><\/label><input type=\"email\" id=\"wpforms-3675-field_4\" class=\"wpforms-field-medium wpforms-field-required\" name=\"wpforms[fields][4]\" spellcheck=\"false\" aria-errormessage=\"wpforms-3675-field_4-error\" required><\/div><div id=\"wpforms-3675-field_5-container\" class=\"wpforms-field wpforms-field-textarea\" data-field-id=\"5\"><label class=\"wpforms-field-label\" for=\"wpforms-3675-field_5\">Message <span class=\"wpforms-required-label\" aria-hidden=\"true\">*<\/span><\/label><textarea id=\"wpforms-3675-field_5\" class=\"wpforms-field-medium wpforms-field-required\" name=\"wpforms[fields][5]\" aria-errormessage=\"wpforms-3675-field_5-error\" required><\/textarea><\/div><script>\n\t\t\t\t( function() {\n\t\t\t\t\tconst style = document.createElement( 'style' );\n\t\t\t\t\tstyle.appendChild( document.createTextNode( '#wpforms-3675-field_1-container { position: absolute !important; overflow: hidden !important; display: inline !important; height: 1px !important; width: 1px !important; z-index: -1000 !important; padding: 0 !important; } #wpforms-3675-field_1-container input { visibility: hidden; } #wpforms-conversational-form-page #wpforms-3675-field_1-container label { counter-increment: none; }' ) );\n\t\t\t\t\tdocument.head.appendChild( style );\n\t\t\t\t\tdocument.currentScript?.remove();\n\t\t\t\t} )();\n\t\t\t<\/script><\/div><!-- .wpforms-field-container --><div class=\"wpforms-submit-container\" ><input type=\"hidden\" name=\"wpforms[id]\" value=\"3675\"><input type=\"hidden\" name=\"page_title\" value=\"\"><input type=\"hidden\" name=\"page_url\" value=\"https:\/\/homeproject.fr\/fr\/wp-json\/wp\/v2\/product\/6173\"><input type=\"hidden\" name=\"url_referer\" value=\"\"><button type=\"submit\" name=\"wpforms[submit]\" id=\"wpforms-submit-3675\" class=\"wpforms-submit\" data-alt-text=\"Envoi...\" data-submit-text=\"Envoyer\" aria-live=\"assertive\" value=\"wpforms-submit\">Envoyer<\/button><img decoding=\"async\" src=\"https:\/\/homeproject.fr\/fr\/wp-content\/plugins\/wpforms-lite\/assets\/images\/submit-spin.svg\" class=\"wpforms-submit-spinner\" style=\"display: none;\" width=\"26\" height=\"26\" alt=\"Chargement en cours\"><\/div><\/form><\/div>  <!-- .wpforms-container -->\n","protected":false},"excerpt":{"rendered":"<p>Ic\u00f4ne du design moderniste, le fauteuil Paulistano est une \u0153uvre magistrale de l\u2019architecte et designer br\u00e9silien Paulo Mendes da Rocha. Dessin\u00e9 en 1957 pour les salons du Club d\u2019Athl\u00e9tisme de S\u00e3o Paulo, il incarne une \u00e9l\u00e9gance intemporelle et un confort absolu.<\/p>\n<p>Sa structure minimaliste, r\u00e9alis\u00e9e en acier ressort pli\u00e9, est ici propos\u00e9e dans une finition authentique en acier carbone phosphat\u00e9, qui lui conf\u00e8re une esth\u00e9tique brute et raffin\u00e9e. L\u2019assise, en cuir pleine fleur v\u00e9g\u00e9tal, ajoute une sensualit\u00e9 et une profondeur uniques. Ce cuir noble d\u00e9veloppe, au fil des ann\u00e9es, une patine exceptionnelle, enrichissant son caract\u00e8re.<\/p>\n","protected":false},"featured_media":6182,"template":"","meta":{"_uf_show_specific_survey":0,"_uf_disable_surveys":false,"iawp_total_views":13},"product_brand":[],"product_cat":[150],"product_tag":[],"class_list":{"0":"post-6173","1":"product","2":"type-product","3":"status-publish","4":"has-post-thumbnail","6":"product_cat-fauteuils","7":"product_shipping_class-petit-colis","8":"pa_designer-paulo-mendes-da-rocha","9":"pa_marque-objekto","10":"pa_materiau-acier","11":"pa_materiau-cuir","13":"first","14":"instock","15":"taxable","16":"shipping-taxable","17":"purchasable","18":"product-type-variable"},"yoast_head":"<!-- This site is optimized with the Yoast SEO plugin v27.5 - https:\/\/yoast.com\/product\/yoast-seo-wordpress\/ -->\n<title>Fauteuil en acier inoxydable poli et cuir pleine fleur PAULISTANO - Homeproject.fr<\/title>\n<meta name=\"robots\" content=\"index, follow, max-snippet:-1, max-image-preview:large, max-video-preview:-1\" \/>\n<link rel=\"canonical\" href=\"https:\/\/homeproject.fr\/fr\/produit\/fauteuil-en-acier-inoxydable-poli-et-cuir-pleine-fleur-paulistano-copie\/\" \/>\n<meta property=\"og:locale\" content=\"fr_FR\" \/>\n<meta property=\"og:type\" content=\"article\" \/>\n<meta property=\"og:title\" content=\"Fauteuil en acier inoxydable poli et cuir pleine fleur PAULISTANO - Homeproject.fr\" \/>\n<meta property=\"og:description\" content=\"Ic\u00f4ne du design moderniste, le fauteuil Paulistano est une \u0153uvre magistrale de l\u2019architecte et designer br\u00e9silien Paulo Mendes da Rocha. Dessin\u00e9 en 1957 pour les salons du Club d\u2019Athl\u00e9tisme de S\u00e3o Paulo, il incarne une \u00e9l\u00e9gance intemporelle et un confort absolu.  Sa structure minimaliste, r\u00e9alis\u00e9e en acier ressort pli\u00e9, est ici propos\u00e9e dans une finition authentique en acier carbone phosphat\u00e9, qui lui conf\u00e8re une esth\u00e9tique brute et raffin\u00e9e. L\u2019assise, en cuir pleine fleur v\u00e9g\u00e9tal, ajoute une sensualit\u00e9 et une profondeur uniques. Ce cuir noble d\u00e9veloppe, au fil des ann\u00e9es, une patine exceptionnelle, enrichissant son caract\u00e8re.\" \/>\n<meta property=\"og:url\" content=\"https:\/\/homeproject.fr\/fr\/produit\/fauteuil-en-acier-inoxydable-poli-et-cuir-pleine-fleur-paulistano-copie\/\" \/>\n<meta property=\"og:site_name\" content=\"Homeproject.fr\" \/>\n<meta property=\"article:modified_time\" content=\"2024-12-16T21:40:30+00:00\" \/>\n<meta property=\"og:image\" content=\"https:\/\/homeproject.fr\/fr\/wp-content\/uploads\/2024\/12\/IMG_8616.jpeg\" \/>\n\t<meta property=\"og:image:width\" content=\"800\" \/>\n\t<meta property=\"og:image:height\" content=\"800\" \/>\n\t<meta property=\"og:image:type\" content=\"image\/jpeg\" \/>\n<meta name=\"twitter:card\" content=\"summary_large_image\" \/>\n<meta name=\"twitter:label1\" content=\"Dur\u00e9e de lecture estim\u00e9e\" \/>\n\t<meta name=\"twitter:data1\" content=\"2 minutes\" \/>\n<script type=\"application\/ld+json\" class=\"yoast-schema-graph\">{\"@context\":\"https:\\\/\\\/schema.org\",\"@graph\":[{\"@type\":\"WebPage\",\"@id\":\"https:\\\/\\\/homeproject.fr\\\/fr\\\/produit\\\/fauteuil-en-acier-inoxydable-poli-et-cuir-pleine-fleur-paulistano-copie\\\/\",\"url\":\"https:\\\/\\\/homeproject.fr\\\/fr\\\/produit\\\/fauteuil-en-acier-inoxydable-poli-et-cuir-pleine-fleur-paulistano-copie\\\/\",\"name\":\"Fauteuil en acier inoxydable poli et cuir pleine fleur PAULISTANO - Homeproject.fr\",\"isPartOf\":{\"@id\":\"https:\\\/\\\/homeproject.fr\\\/fr\\\/#website\"},\"primaryImageOfPage\":{\"@id\":\"https:\\\/\\\/homeproject.fr\\\/fr\\\/produit\\\/fauteuil-en-acier-inoxydable-poli-et-cuir-pleine-fleur-paulistano-copie\\\/#primaryimage\"},\"image\":{\"@id\":\"https:\\\/\\\/homeproject.fr\\\/fr\\\/produit\\\/fauteuil-en-acier-inoxydable-poli-et-cuir-pleine-fleur-paulistano-copie\\\/#primaryimage\"},\"thumbnailUrl\":\"https:\\\/\\\/homeproject.fr\\\/fr\\\/wp-content\\\/uploads\\\/2024\\\/12\\\/IMG_8616.jpeg\",\"datePublished\":\"2024-12-16T21:29:22+00:00\",\"dateModified\":\"2024-12-16T21:40:30+00:00\",\"breadcrumb\":{\"@id\":\"https:\\\/\\\/homeproject.fr\\\/fr\\\/produit\\\/fauteuil-en-acier-inoxydable-poli-et-cuir-pleine-fleur-paulistano-copie\\\/#breadcrumb\"},\"inLanguage\":\"fr-FR\",\"potentialAction\":[{\"@type\":\"ReadAction\",\"target\":[\"https:\\\/\\\/homeproject.fr\\\/fr\\\/produit\\\/fauteuil-en-acier-inoxydable-poli-et-cuir-pleine-fleur-paulistano-copie\\\/\"]}]},{\"@type\":\"ImageObject\",\"inLanguage\":\"fr-FR\",\"@id\":\"https:\\\/\\\/homeproject.fr\\\/fr\\\/produit\\\/fauteuil-en-acier-inoxydable-poli-et-cuir-pleine-fleur-paulistano-copie\\\/#primaryimage\",\"url\":\"https:\\\/\\\/homeproject.fr\\\/fr\\\/wp-content\\\/uploads\\\/2024\\\/12\\\/IMG_8616.jpeg\",\"contentUrl\":\"https:\\\/\\\/homeproject.fr\\\/fr\\\/wp-content\\\/uploads\\\/2024\\\/12\\\/IMG_8616.jpeg\",\"width\":800,\"height\":800},{\"@type\":\"BreadcrumbList\",\"@id\":\"https:\\\/\\\/homeproject.fr\\\/fr\\\/produit\\\/fauteuil-en-acier-inoxydable-poli-et-cuir-pleine-fleur-paulistano-copie\\\/#breadcrumb\",\"itemListElement\":[{\"@type\":\"ListItem\",\"position\":1,\"name\":\"Accueil\",\"item\":\"https:\\\/\\\/homeproject.fr\\\/fr\\\/\"},{\"@type\":\"ListItem\",\"position\":2,\"name\":\"Boutique\",\"item\":\"https:\\\/\\\/homeproject.fr\\\/fr\\\/boutique\\\/\"},{\"@type\":\"ListItem\",\"position\":3,\"name\":\"Fauteuil en acier inoxydable poli et cuir pleine fleur PAULISTANO\"}]},{\"@type\":\"WebSite\",\"@id\":\"https:\\\/\\\/homeproject.fr\\\/fr\\\/#website\",\"url\":\"https:\\\/\\\/homeproject.fr\\\/fr\\\/\",\"name\":\"Homeproject.fr\",\"description\":\"Offrez l&#039;exceptionnel \u00e0 vos espaces \u00e0 vivre\",\"publisher\":{\"@id\":\"https:\\\/\\\/homeproject.fr\\\/fr\\\/#organization\"},\"potentialAction\":[{\"@type\":\"SearchAction\",\"target\":{\"@type\":\"EntryPoint\",\"urlTemplate\":\"https:\\\/\\\/homeproject.fr\\\/fr\\\/?s={search_term_string}\"},\"query-input\":{\"@type\":\"PropertyValueSpecification\",\"valueRequired\":true,\"valueName\":\"search_term_string\"}}],\"inLanguage\":\"fr-FR\"},{\"@type\":\"Organization\",\"@id\":\"https:\\\/\\\/homeproject.fr\\\/fr\\\/#organization\",\"name\":\"Homeproject.fr\",\"url\":\"https:\\\/\\\/homeproject.fr\\\/fr\\\/\",\"logo\":{\"@type\":\"ImageObject\",\"inLanguage\":\"fr-FR\",\"@id\":\"https:\\\/\\\/homeproject.fr\\\/fr\\\/#\\\/schema\\\/logo\\\/image\\\/\",\"url\":\"https:\\\/\\\/homeproject.fr\\\/fr\\\/wp-content\\\/uploads\\\/2024\\\/12\\\/Logo_HomeProject-noir-2.png\",\"contentUrl\":\"https:\\\/\\\/homeproject.fr\\\/fr\\\/wp-content\\\/uploads\\\/2024\\\/12\\\/Logo_HomeProject-noir-2.png\",\"width\":300,\"height\":91,\"caption\":\"Homeproject.fr\"},\"image\":{\"@id\":\"https:\\\/\\\/homeproject.fr\\\/fr\\\/#\\\/schema\\\/logo\\\/image\\\/\"}}]}<\/script>\n<!-- \/ Yoast SEO plugin. -->","yoast_head_json":{"title":"Fauteuil en acier inoxydable poli et cuir pleine fleur PAULISTANO - Homeproject.fr","robots":{"index":"index","follow":"follow","max-snippet":"max-snippet:-1","max-image-preview":"max-image-preview:large","max-video-preview":"max-video-preview:-1"},"canonical":"https:\/\/homeproject.fr\/fr\/produit\/fauteuil-en-acier-inoxydable-poli-et-cuir-pleine-fleur-paulistano-copie\/","og_locale":"fr_FR","og_type":"article","og_title":"Fauteuil en acier inoxydable poli et cuir pleine fleur PAULISTANO - Homeproject.fr","og_description":"Ic\u00f4ne du design moderniste, le fauteuil Paulistano est une \u0153uvre magistrale de l\u2019architecte et designer br\u00e9silien Paulo Mendes da Rocha. Dessin\u00e9 en 1957 pour les salons du Club d\u2019Athl\u00e9tisme de S\u00e3o Paulo, il incarne une \u00e9l\u00e9gance intemporelle et un confort absolu.  Sa structure minimaliste, r\u00e9alis\u00e9e en acier ressort pli\u00e9, est ici propos\u00e9e dans une finition authentique en acier carbone phosphat\u00e9, qui lui conf\u00e8re une esth\u00e9tique brute et raffin\u00e9e. L\u2019assise, en cuir pleine fleur v\u00e9g\u00e9tal, ajoute une sensualit\u00e9 et une profondeur uniques. Ce cuir noble d\u00e9veloppe, au fil des ann\u00e9es, une patine exceptionnelle, enrichissant son caract\u00e8re.","og_url":"https:\/\/homeproject.fr\/fr\/produit\/fauteuil-en-acier-inoxydable-poli-et-cuir-pleine-fleur-paulistano-copie\/","og_site_name":"Homeproject.fr","article_modified_time":"2024-12-16T21:40:30+00:00","og_image":[{"width":800,"height":800,"url":"https:\/\/homeproject.fr\/fr\/wp-content\/uploads\/2024\/12\/IMG_8616.jpeg","type":"image\/jpeg"}],"twitter_card":"summary_large_image","twitter_misc":{"Dur\u00e9e de lecture estim\u00e9e":"2 minutes"},"schema":{"@context":"https:\/\/schema.org","@graph":[{"@type":"WebPage","@id":"https:\/\/homeproject.fr\/fr\/produit\/fauteuil-en-acier-inoxydable-poli-et-cuir-pleine-fleur-paulistano-copie\/","url":"https:\/\/homeproject.fr\/fr\/produit\/fauteuil-en-acier-inoxydable-poli-et-cuir-pleine-fleur-paulistano-copie\/","name":"Fauteuil en acier inoxydable poli et cuir pleine fleur PAULISTANO - Homeproject.fr","isPartOf":{"@id":"https:\/\/homeproject.fr\/fr\/#website"},"primaryImageOfPage":{"@id":"https:\/\/homeproject.fr\/fr\/produit\/fauteuil-en-acier-inoxydable-poli-et-cuir-pleine-fleur-paulistano-copie\/#primaryimage"},"image":{"@id":"https:\/\/homeproject.fr\/fr\/produit\/fauteuil-en-acier-inoxydable-poli-et-cuir-pleine-fleur-paulistano-copie\/#primaryimage"},"thumbnailUrl":"https:\/\/homeproject.fr\/fr\/wp-content\/uploads\/2024\/12\/IMG_8616.jpeg","datePublished":"2024-12-16T21:29:22+00:00","dateModified":"2024-12-16T21:40:30+00:00","breadcrumb":{"@id":"https:\/\/homeproject.fr\/fr\/produit\/fauteuil-en-acier-inoxydable-poli-et-cuir-pleine-fleur-paulistano-copie\/#breadcrumb"},"inLanguage":"fr-FR","potentialAction":[{"@type":"ReadAction","target":["https:\/\/homeproject.fr\/fr\/produit\/fauteuil-en-acier-inoxydable-poli-et-cuir-pleine-fleur-paulistano-copie\/"]}]},{"@type":"ImageObject","inLanguage":"fr-FR","@id":"https:\/\/homeproject.fr\/fr\/produit\/fauteuil-en-acier-inoxydable-poli-et-cuir-pleine-fleur-paulistano-copie\/#primaryimage","url":"https:\/\/homeproject.fr\/fr\/wp-content\/uploads\/2024\/12\/IMG_8616.jpeg","contentUrl":"https:\/\/homeproject.fr\/fr\/wp-content\/uploads\/2024\/12\/IMG_8616.jpeg","width":800,"height":800},{"@type":"BreadcrumbList","@id":"https:\/\/homeproject.fr\/fr\/produit\/fauteuil-en-acier-inoxydable-poli-et-cuir-pleine-fleur-paulistano-copie\/#breadcrumb","itemListElement":[{"@type":"ListItem","position":1,"name":"Accueil","item":"https:\/\/homeproject.fr\/fr\/"},{"@type":"ListItem","position":2,"name":"Boutique","item":"https:\/\/homeproject.fr\/fr\/boutique\/"},{"@type":"ListItem","position":3,"name":"Fauteuil en acier inoxydable poli et cuir pleine fleur PAULISTANO"}]},{"@type":"WebSite","@id":"https:\/\/homeproject.fr\/fr\/#website","url":"https:\/\/homeproject.fr\/fr\/","name":"Homeproject.fr","description":"Offrez l&#039;exceptionnel \u00e0 vos espaces \u00e0 vivre","publisher":{"@id":"https:\/\/homeproject.fr\/fr\/#organization"},"potentialAction":[{"@type":"SearchAction","target":{"@type":"EntryPoint","urlTemplate":"https:\/\/homeproject.fr\/fr\/?s={search_term_string}"},"query-input":{"@type":"PropertyValueSpecification","valueRequired":true,"valueName":"search_term_string"}}],"inLanguage":"fr-FR"},{"@type":"Organization","@id":"https:\/\/homeproject.fr\/fr\/#organization","name":"Homeproject.fr","url":"https:\/\/homeproject.fr\/fr\/","logo":{"@type":"ImageObject","inLanguage":"fr-FR","@id":"https:\/\/homeproject.fr\/fr\/#\/schema\/logo\/image\/","url":"https:\/\/homeproject.fr\/fr\/wp-content\/uploads\/2024\/12\/Logo_HomeProject-noir-2.png","contentUrl":"https:\/\/homeproject.fr\/fr\/wp-content\/uploads\/2024\/12\/Logo_HomeProject-noir-2.png","width":300,"height":91,"caption":"Homeproject.fr"},"image":{"@id":"https:\/\/homeproject.fr\/fr\/#\/schema\/logo\/image\/"}}]}},"_links":{"self":[{"href":"https:\/\/homeproject.fr\/fr\/wp-json\/wp\/v2\/product\/6173","targetHints":{"allow":["GET"]}}],"collection":[{"href":"https:\/\/homeproject.fr\/fr\/wp-json\/wp\/v2\/product"}],"about":[{"href":"https:\/\/homeproject.fr\/fr\/wp-json\/wp\/v2\/types\/product"}],"version-history":[{"count":2,"href":"https:\/\/homeproject.fr\/fr\/wp-json\/wp\/v2\/product\/6173\/revisions"}],"predecessor-version":[{"id":6199,"href":"https:\/\/homeproject.fr\/fr\/wp-json\/wp\/v2\/product\/6173\/revisions\/6199"}],"wp:featuredmedia":[{"embeddable":true,"href":"https:\/\/homeproject.fr\/fr\/wp-json\/wp\/v2\/media\/6182"}],"wp:attachment":[{"href":"https:\/\/homeproject.fr\/fr\/wp-json\/wp\/v2\/media?parent=6173"}],"wp:term":[{"taxonomy":"product_brand","embeddable":true,"href":"https:\/\/homeproject.fr\/fr\/wp-json\/wp\/v2\/product_brand?post=6173"},{"taxonomy":"product_cat","embeddable":true,"href":"https:\/\/homeproject.fr\/fr\/wp-json\/wp\/v2\/product_cat?post=6173"},{"taxonomy":"product_tag","embeddable":true,"href":"https:\/\/homeproject.fr\/fr\/wp-json\/wp\/v2\/product_tag?post=6173"}],"curies":[{"name":"wp","href":"https:\/\/api.w.org\/{rel}","templated":true}]}}