{"id":3651,"date":"2024-12-14T12:53:25","date_gmt":"2024-12-14T12:53:25","guid":{"rendered":"https:\/\/homeproject.fr\/fr\/?post_type=product&#038;p=3651"},"modified":"2024-12-30T10:38:30","modified_gmt":"2024-12-30T10:38:30","slug":"carrelage-en-gres-cerame-fluid-mixology-186-x-186-par-quintessenza","status":"publish","type":"product","link":"https:\/\/homeproject.fr\/fr\/produit\/carrelage-en-gres-cerame-fluid-mixology-186-x-186-par-quintessenza\/","title":{"rendered":"Carrelage en gr\u00e8s c\u00e9rame FLUID MIXOLOGY 18,6 x 18,6 par Quintessenza"},"content":{"rendered":"<p><strong><a href=\"https:\/\/homeproject.fr\/fr\/produit\/echantillon-carrelage-quintessenza-fluid-matcha-tea\/\">Commander un \u00e9chantillon<\/a><\/strong><\/p>\n<ul>\n<li><strong>Dimensions<\/strong> : 18,6 x 18,6 cm.<\/li>\n<li><strong>Mat\u00e9riau<\/strong> : Gr\u00e8s c\u00e9rame \u00e9maill\u00e9, robuste et durable.<\/li>\n<li><strong>\u00c9paisseur<\/strong> : 8 mm.<\/li>\n<li><strong>Finition<\/strong> : Texture satin\u00e9e, variation de ton l\u00e9g\u00e8re (V1).<\/li>\n<li><strong>Couleurs<\/strong> : M\u00e9lange harmonieux de teintes bleue, verte, rose et blanc avec des motifs fluides et organiques.<\/li>\n<li><strong>Caract\u00e9ristiques techniques<\/strong> :\n<ul>\n<li>R\u00e9sistance \u00e0 l\u2019eau (<0,5% d\u2019absorption).<\/li>\n<li>R\u00e9sistant aux taches (classe 5) et au gel.<\/li>\n<li>Norme PEI 2 pour les teintes sombres.<\/li>\n<li>Convient pour un usage sur sols et murs.<\/li>\n<\/ul>\n<\/li>\n<\/ul>\n<p>Ce carrelage s\u2019int\u00e8gre parfaitement dans des styles modernes, minimalistes ou industriels, et peut \u00eatre combin\u00e9 avec d\u2019autres carreaux de la collection <strong>Fluid<\/strong> pour cr\u00e9er des compositions uniques. Sa conception polyvalente le rend id\u00e9al pour les salons, cuisines, salles de bain, ou espaces commerciaux.<\/p>\n<p><strong>Ajoutez une touche d\u2019art contemporain \u00e0 vos surfaces avec Fluid<\/strong><\/p>\n<h3><strong>Vous avez des questions ?<\/strong><\/h3>\n<style id=\"wpforms-css-vars-3675\">\n\t\t\t\t#wpforms-3675 {\n\t\t\t\t\n\t\t\t}\n\t\t\t<\/style><div class=\"wpforms-container wpforms-container-full wpforms-render-modern\" id=\"wpforms-3675\"><form id=\"wpforms-form-3675\" class=\"wpforms-validate wpforms-form wpforms-ajax-form\" data-formid=\"3675\" method=\"post\" enctype=\"multipart\/form-data\" action=\"\/fr\/wp-json\/wp\/v2\/product\/3651\" data-token=\"86cfa3cd8fc4572532d762e2357ac556\" data-token-time=\"1777846709\"><noscript class=\"wpforms-error-noscript\">Veuillez activer JavaScript dans votre navigateur pour remplir ce formulaire.<\/noscript><div id=\"wpforms-error-noscript\" style=\"display: none;\">Veuillez activer JavaScript dans votre navigateur pour remplir ce formulaire.<\/div><div class=\"wpforms-field-container\"><div id=\"wpforms-3675-field_3-container\" class=\"wpforms-field wpforms-field-name\" data-field-id=\"3\"><fieldset><legend class=\"wpforms-field-label\">Nom <span class=\"wpforms-required-label\" aria-hidden=\"true\">*<\/span><\/legend><div class=\"wpforms-field-row wpforms-field-medium\"><div class=\"wpforms-field-row-block wpforms-first wpforms-one-half\"><input type=\"text\" id=\"wpforms-3675-field_3\" class=\"wpforms-field-name-first wpforms-field-required\" name=\"wpforms[fields][3][first]\" aria-errormessage=\"wpforms-3675-field_3-error\" required><label for=\"wpforms-3675-field_3\" class=\"wpforms-field-sublabel after\">Pr\u00e9nom<\/label><\/div><div class=\"wpforms-field-row-block wpforms-one-half\"><input type=\"text\" id=\"wpforms-3675-field_3-last\" class=\"wpforms-field-name-last wpforms-field-required\" name=\"wpforms[fields][3][last]\" aria-errormessage=\"wpforms-3675-field_3-last-error\" required><label for=\"wpforms-3675-field_3-last\" class=\"wpforms-field-sublabel after\">Nom<\/label><\/div><\/div><\/fieldset><\/div>\t\t<div id=\"wpforms-3675-field_1-container\"\n\t\t\tclass=\"wpforms-field wpforms-field-text\"\n\t\t\tdata-field-type=\"text\"\n\t\t\tdata-field-id=\"1\"\n\t\t\t>\n\t\t\t<label class=\"wpforms-field-label\" for=\"wpforms-3675-field_1\" >E-mail Nom Message<\/label>\n\t\t\t<input type=\"text\" id=\"wpforms-3675-field_1\" class=\"wpforms-field-medium\" name=\"wpforms[fields][1]\" >\n\t\t<\/div>\n\t\t<div id=\"wpforms-3675-field_4-container\" class=\"wpforms-field wpforms-field-email\" data-field-id=\"4\"><label class=\"wpforms-field-label\" for=\"wpforms-3675-field_4\">E-mail <span class=\"wpforms-required-label\" aria-hidden=\"true\">*<\/span><\/label><input type=\"email\" id=\"wpforms-3675-field_4\" class=\"wpforms-field-medium wpforms-field-required\" name=\"wpforms[fields][4]\" spellcheck=\"false\" aria-errormessage=\"wpforms-3675-field_4-error\" required><\/div><div id=\"wpforms-3675-field_5-container\" class=\"wpforms-field wpforms-field-textarea\" data-field-id=\"5\"><label class=\"wpforms-field-label\" for=\"wpforms-3675-field_5\">Message <span class=\"wpforms-required-label\" aria-hidden=\"true\">*<\/span><\/label><textarea id=\"wpforms-3675-field_5\" class=\"wpforms-field-medium wpforms-field-required\" name=\"wpforms[fields][5]\" aria-errormessage=\"wpforms-3675-field_5-error\" required><\/textarea><\/div><script>\n\t\t\t\t( function() {\n\t\t\t\t\tconst style = document.createElement( 'style' );\n\t\t\t\t\tstyle.appendChild( document.createTextNode( '#wpforms-3675-field_1-container { position: absolute !important; overflow: hidden !important; display: inline !important; height: 1px !important; width: 1px !important; z-index: -1000 !important; padding: 0 !important; } #wpforms-3675-field_1-container input { visibility: hidden; } #wpforms-conversational-form-page #wpforms-3675-field_1-container label { counter-increment: none; }' ) );\n\t\t\t\t\tdocument.head.appendChild( style );\n\t\t\t\t\tdocument.currentScript?.remove();\n\t\t\t\t} )();\n\t\t\t<\/script><\/div><!-- .wpforms-field-container --><div class=\"wpforms-submit-container\" ><input type=\"hidden\" name=\"wpforms[id]\" value=\"3675\"><input type=\"hidden\" name=\"page_title\" value=\"\"><input type=\"hidden\" name=\"page_url\" value=\"https:\/\/homeproject.fr\/fr\/wp-json\/wp\/v2\/product\/3651\"><input type=\"hidden\" name=\"url_referer\" value=\"\"><button type=\"submit\" name=\"wpforms[submit]\" id=\"wpforms-submit-3675\" class=\"wpforms-submit\" data-alt-text=\"Envoi...\" data-submit-text=\"Envoyer\" aria-live=\"assertive\" value=\"wpforms-submit\">Envoyer<\/button><img decoding=\"async\" src=\"https:\/\/homeproject.fr\/fr\/wp-content\/plugins\/wpforms-lite\/assets\/images\/submit-spin.svg\" class=\"wpforms-submit-spinner\" style=\"display: none;\" width=\"26\" height=\"26\" alt=\"Chargement en cours\"><\/div><\/form><\/div>  <!-- .wpforms-container -->\n","protected":false},"excerpt":{"rendered":"<p>D\u00e9couvrez le <strong>carrelage Fluid Mixology<\/strong>, une v\u00e9ritable \u0153uvre d\u2019art c\u00e9ramique qui transforme vos espaces en v\u00e9ritables tableaux modernes. Fabriqu\u00e9 en gr\u00e8s c\u00e9rame \u00e9maill\u00e9, ce carreau est con\u00e7u pour sublimer les int\u00e9rieurs r\u00e9sidentiels et commerciaux avec son effet visuel contemporain et audacieux. Inspir\u00e9e des flux pigmentaires naturels, cette collection combine \u00e9l\u00e9gance et cr\u00e9ativit\u00e9 pour un impact unique.<\/p>\n","protected":false},"featured_media":3653,"template":"","meta":{"_uf_show_specific_survey":0,"_uf_disable_surveys":false,"iawp_total_views":46},"product_brand":[],"product_cat":[20,124,125],"product_tag":[],"class_list":{"0":"post-3651","1":"product","2":"type-product","3":"status-publish","4":"has-post-thumbnail","6":"product_cat-carrelage","7":"product_cat-effet-carreau-ciment","8":"product_cat-motifs","9":"product_shipping_class-carrelage","10":"pa_collection-fluid-par-quintessenza","11":"pa_dimensions-nominales-186x186","12":"pa_effet-motifs","13":"pa_epaisseur-8mm","14":"pa_marque-quintessenza","15":"pa_materiau-gres-cerame-emaille","17":"first","18":"instock","19":"sale","20":"taxable","21":"shipping-taxable","22":"purchasable","23":"product-type-simple"},"yoast_head":"<!-- This site is optimized with the Yoast SEO plugin v27.5 - https:\/\/yoast.com\/product\/yoast-seo-wordpress\/ -->\n<title>Carrelage en gr\u00e8s c\u00e9rame FLUID MIXOLOGY 18,6 x 18,6 par Quintessenza - Homeproject.fr<\/title>\n<meta name=\"robots\" content=\"index, follow, max-snippet:-1, max-image-preview:large, max-video-preview:-1\" \/>\n<link rel=\"canonical\" href=\"https:\/\/homeproject.fr\/fr\/produit\/carrelage-en-gres-cerame-fluid-mixology-186-x-186-par-quintessenza\/\" \/>\n<meta property=\"og:locale\" content=\"fr_FR\" \/>\n<meta property=\"og:type\" content=\"article\" \/>\n<meta property=\"og:title\" content=\"Carrelage en gr\u00e8s c\u00e9rame FLUID MIXOLOGY 18,6 x 18,6 par Quintessenza - Homeproject.fr\" \/>\n<meta property=\"og:description\" content=\"D\u00e9couvrez le carrelage Fluid Mixology, une v\u00e9ritable \u0153uvre d\u2019art c\u00e9ramique qui transforme vos espaces en v\u00e9ritables tableaux modernes. Fabriqu\u00e9 en gr\u00e8s c\u00e9rame \u00e9maill\u00e9, ce carreau est con\u00e7u pour sublimer les int\u00e9rieurs r\u00e9sidentiels et commerciaux avec son effet visuel contemporain et audacieux. Inspir\u00e9e des flux pigmentaires naturels, cette collection combine \u00e9l\u00e9gance et cr\u00e9ativit\u00e9 pour un impact unique.\" \/>\n<meta property=\"og:url\" content=\"https:\/\/homeproject.fr\/fr\/produit\/carrelage-en-gres-cerame-fluid-mixology-186-x-186-par-quintessenza\/\" \/>\n<meta property=\"og:site_name\" content=\"Homeproject.fr\" \/>\n<meta property=\"article:modified_time\" content=\"2024-12-30T10:38:30+00:00\" \/>\n<meta property=\"og:image\" content=\"https:\/\/homeproject.fr\/fr\/wp-content\/uploads\/2024\/12\/Carrelage-sol-et-mur-en-gres-cerame-colore-bleu-rose-vert-et-blanc-Quintessenza-Fluid-Mixology.jpg\" \/>\n\t<meta property=\"og:image:width\" content=\"1500\" \/>\n\t<meta property=\"og:image:height\" content=\"1500\" \/>\n\t<meta property=\"og:image:type\" content=\"image\/jpeg\" \/>\n<meta name=\"twitter:card\" content=\"summary_large_image\" \/>\n<meta name=\"twitter:label1\" content=\"Dur\u00e9e de lecture estim\u00e9e\" \/>\n\t<meta name=\"twitter:data1\" content=\"1 minute\" \/>\n<script type=\"application\/ld+json\" class=\"yoast-schema-graph\">{\"@context\":\"https:\\\/\\\/schema.org\",\"@graph\":[{\"@type\":\"WebPage\",\"@id\":\"https:\\\/\\\/homeproject.fr\\\/fr\\\/produit\\\/carrelage-en-gres-cerame-fluid-mixology-186-x-186-par-quintessenza\\\/\",\"url\":\"https:\\\/\\\/homeproject.fr\\\/fr\\\/produit\\\/carrelage-en-gres-cerame-fluid-mixology-186-x-186-par-quintessenza\\\/\",\"name\":\"Carrelage en gr\u00e8s c\u00e9rame FLUID MIXOLOGY 18,6 x 18,6 par Quintessenza - Homeproject.fr\",\"isPartOf\":{\"@id\":\"https:\\\/\\\/homeproject.fr\\\/fr\\\/#website\"},\"primaryImageOfPage\":{\"@id\":\"https:\\\/\\\/homeproject.fr\\\/fr\\\/produit\\\/carrelage-en-gres-cerame-fluid-mixology-186-x-186-par-quintessenza\\\/#primaryimage\"},\"image\":{\"@id\":\"https:\\\/\\\/homeproject.fr\\\/fr\\\/produit\\\/carrelage-en-gres-cerame-fluid-mixology-186-x-186-par-quintessenza\\\/#primaryimage\"},\"thumbnailUrl\":\"https:\\\/\\\/homeproject.fr\\\/fr\\\/wp-content\\\/uploads\\\/2024\\\/12\\\/Carrelage-sol-et-mur-en-gres-cerame-colore-bleu-rose-vert-et-blanc-Quintessenza-Fluid-Mixology.jpg\",\"datePublished\":\"2024-12-14T12:53:25+00:00\",\"dateModified\":\"2024-12-30T10:38:30+00:00\",\"breadcrumb\":{\"@id\":\"https:\\\/\\\/homeproject.fr\\\/fr\\\/produit\\\/carrelage-en-gres-cerame-fluid-mixology-186-x-186-par-quintessenza\\\/#breadcrumb\"},\"inLanguage\":\"fr-FR\",\"potentialAction\":[{\"@type\":\"ReadAction\",\"target\":[\"https:\\\/\\\/homeproject.fr\\\/fr\\\/produit\\\/carrelage-en-gres-cerame-fluid-mixology-186-x-186-par-quintessenza\\\/\"]}]},{\"@type\":\"ImageObject\",\"inLanguage\":\"fr-FR\",\"@id\":\"https:\\\/\\\/homeproject.fr\\\/fr\\\/produit\\\/carrelage-en-gres-cerame-fluid-mixology-186-x-186-par-quintessenza\\\/#primaryimage\",\"url\":\"https:\\\/\\\/homeproject.fr\\\/fr\\\/wp-content\\\/uploads\\\/2024\\\/12\\\/Carrelage-sol-et-mur-en-gres-cerame-colore-bleu-rose-vert-et-blanc-Quintessenza-Fluid-Mixology.jpg\",\"contentUrl\":\"https:\\\/\\\/homeproject.fr\\\/fr\\\/wp-content\\\/uploads\\\/2024\\\/12\\\/Carrelage-sol-et-mur-en-gres-cerame-colore-bleu-rose-vert-et-blanc-Quintessenza-Fluid-Mixology.jpg\",\"width\":1500,\"height\":1500},{\"@type\":\"BreadcrumbList\",\"@id\":\"https:\\\/\\\/homeproject.fr\\\/fr\\\/produit\\\/carrelage-en-gres-cerame-fluid-mixology-186-x-186-par-quintessenza\\\/#breadcrumb\",\"itemListElement\":[{\"@type\":\"ListItem\",\"position\":1,\"name\":\"Accueil\",\"item\":\"https:\\\/\\\/homeproject.fr\\\/fr\\\/\"},{\"@type\":\"ListItem\",\"position\":2,\"name\":\"Boutique\",\"item\":\"https:\\\/\\\/homeproject.fr\\\/fr\\\/boutique\\\/\"},{\"@type\":\"ListItem\",\"position\":3,\"name\":\"Carrelage en gr\u00e8s c\u00e9rame FLUID MIXOLOGY 18,6 x 18,6 par Quintessenza\"}]},{\"@type\":\"WebSite\",\"@id\":\"https:\\\/\\\/homeproject.fr\\\/fr\\\/#website\",\"url\":\"https:\\\/\\\/homeproject.fr\\\/fr\\\/\",\"name\":\"Homeproject.fr\",\"description\":\"Offrez l&#039;exceptionnel \u00e0 vos espaces \u00e0 vivre\",\"publisher\":{\"@id\":\"https:\\\/\\\/homeproject.fr\\\/fr\\\/#organization\"},\"potentialAction\":[{\"@type\":\"SearchAction\",\"target\":{\"@type\":\"EntryPoint\",\"urlTemplate\":\"https:\\\/\\\/homeproject.fr\\\/fr\\\/?s={search_term_string}\"},\"query-input\":{\"@type\":\"PropertyValueSpecification\",\"valueRequired\":true,\"valueName\":\"search_term_string\"}}],\"inLanguage\":\"fr-FR\"},{\"@type\":\"Organization\",\"@id\":\"https:\\\/\\\/homeproject.fr\\\/fr\\\/#organization\",\"name\":\"Homeproject.fr\",\"url\":\"https:\\\/\\\/homeproject.fr\\\/fr\\\/\",\"logo\":{\"@type\":\"ImageObject\",\"inLanguage\":\"fr-FR\",\"@id\":\"https:\\\/\\\/homeproject.fr\\\/fr\\\/#\\\/schema\\\/logo\\\/image\\\/\",\"url\":\"https:\\\/\\\/homeproject.fr\\\/fr\\\/wp-content\\\/uploads\\\/2024\\\/12\\\/Logo_HomeProject-noir-2.png\",\"contentUrl\":\"https:\\\/\\\/homeproject.fr\\\/fr\\\/wp-content\\\/uploads\\\/2024\\\/12\\\/Logo_HomeProject-noir-2.png\",\"width\":300,\"height\":91,\"caption\":\"Homeproject.fr\"},\"image\":{\"@id\":\"https:\\\/\\\/homeproject.fr\\\/fr\\\/#\\\/schema\\\/logo\\\/image\\\/\"}}]}<\/script>\n<!-- \/ Yoast SEO plugin. -->","yoast_head_json":{"title":"Carrelage en gr\u00e8s c\u00e9rame FLUID MIXOLOGY 18,6 x 18,6 par Quintessenza - Homeproject.fr","robots":{"index":"index","follow":"follow","max-snippet":"max-snippet:-1","max-image-preview":"max-image-preview:large","max-video-preview":"max-video-preview:-1"},"canonical":"https:\/\/homeproject.fr\/fr\/produit\/carrelage-en-gres-cerame-fluid-mixology-186-x-186-par-quintessenza\/","og_locale":"fr_FR","og_type":"article","og_title":"Carrelage en gr\u00e8s c\u00e9rame FLUID MIXOLOGY 18,6 x 18,6 par Quintessenza - Homeproject.fr","og_description":"D\u00e9couvrez le carrelage Fluid Mixology, une v\u00e9ritable \u0153uvre d\u2019art c\u00e9ramique qui transforme vos espaces en v\u00e9ritables tableaux modernes. Fabriqu\u00e9 en gr\u00e8s c\u00e9rame \u00e9maill\u00e9, ce carreau est con\u00e7u pour sublimer les int\u00e9rieurs r\u00e9sidentiels et commerciaux avec son effet visuel contemporain et audacieux. Inspir\u00e9e des flux pigmentaires naturels, cette collection combine \u00e9l\u00e9gance et cr\u00e9ativit\u00e9 pour un impact unique.","og_url":"https:\/\/homeproject.fr\/fr\/produit\/carrelage-en-gres-cerame-fluid-mixology-186-x-186-par-quintessenza\/","og_site_name":"Homeproject.fr","article_modified_time":"2024-12-30T10:38:30+00:00","og_image":[{"width":1500,"height":1500,"url":"https:\/\/homeproject.fr\/fr\/wp-content\/uploads\/2024\/12\/Carrelage-sol-et-mur-en-gres-cerame-colore-bleu-rose-vert-et-blanc-Quintessenza-Fluid-Mixology.jpg","type":"image\/jpeg"}],"twitter_card":"summary_large_image","twitter_misc":{"Dur\u00e9e de lecture estim\u00e9e":"1 minute"},"schema":{"@context":"https:\/\/schema.org","@graph":[{"@type":"WebPage","@id":"https:\/\/homeproject.fr\/fr\/produit\/carrelage-en-gres-cerame-fluid-mixology-186-x-186-par-quintessenza\/","url":"https:\/\/homeproject.fr\/fr\/produit\/carrelage-en-gres-cerame-fluid-mixology-186-x-186-par-quintessenza\/","name":"Carrelage en gr\u00e8s c\u00e9rame FLUID MIXOLOGY 18,6 x 18,6 par Quintessenza - Homeproject.fr","isPartOf":{"@id":"https:\/\/homeproject.fr\/fr\/#website"},"primaryImageOfPage":{"@id":"https:\/\/homeproject.fr\/fr\/produit\/carrelage-en-gres-cerame-fluid-mixology-186-x-186-par-quintessenza\/#primaryimage"},"image":{"@id":"https:\/\/homeproject.fr\/fr\/produit\/carrelage-en-gres-cerame-fluid-mixology-186-x-186-par-quintessenza\/#primaryimage"},"thumbnailUrl":"https:\/\/homeproject.fr\/fr\/wp-content\/uploads\/2024\/12\/Carrelage-sol-et-mur-en-gres-cerame-colore-bleu-rose-vert-et-blanc-Quintessenza-Fluid-Mixology.jpg","datePublished":"2024-12-14T12:53:25+00:00","dateModified":"2024-12-30T10:38:30+00:00","breadcrumb":{"@id":"https:\/\/homeproject.fr\/fr\/produit\/carrelage-en-gres-cerame-fluid-mixology-186-x-186-par-quintessenza\/#breadcrumb"},"inLanguage":"fr-FR","potentialAction":[{"@type":"ReadAction","target":["https:\/\/homeproject.fr\/fr\/produit\/carrelage-en-gres-cerame-fluid-mixology-186-x-186-par-quintessenza\/"]}]},{"@type":"ImageObject","inLanguage":"fr-FR","@id":"https:\/\/homeproject.fr\/fr\/produit\/carrelage-en-gres-cerame-fluid-mixology-186-x-186-par-quintessenza\/#primaryimage","url":"https:\/\/homeproject.fr\/fr\/wp-content\/uploads\/2024\/12\/Carrelage-sol-et-mur-en-gres-cerame-colore-bleu-rose-vert-et-blanc-Quintessenza-Fluid-Mixology.jpg","contentUrl":"https:\/\/homeproject.fr\/fr\/wp-content\/uploads\/2024\/12\/Carrelage-sol-et-mur-en-gres-cerame-colore-bleu-rose-vert-et-blanc-Quintessenza-Fluid-Mixology.jpg","width":1500,"height":1500},{"@type":"BreadcrumbList","@id":"https:\/\/homeproject.fr\/fr\/produit\/carrelage-en-gres-cerame-fluid-mixology-186-x-186-par-quintessenza\/#breadcrumb","itemListElement":[{"@type":"ListItem","position":1,"name":"Accueil","item":"https:\/\/homeproject.fr\/fr\/"},{"@type":"ListItem","position":2,"name":"Boutique","item":"https:\/\/homeproject.fr\/fr\/boutique\/"},{"@type":"ListItem","position":3,"name":"Carrelage en gr\u00e8s c\u00e9rame FLUID MIXOLOGY 18,6 x 18,6 par Quintessenza"}]},{"@type":"WebSite","@id":"https:\/\/homeproject.fr\/fr\/#website","url":"https:\/\/homeproject.fr\/fr\/","name":"Homeproject.fr","description":"Offrez l&#039;exceptionnel \u00e0 vos espaces \u00e0 vivre","publisher":{"@id":"https:\/\/homeproject.fr\/fr\/#organization"},"potentialAction":[{"@type":"SearchAction","target":{"@type":"EntryPoint","urlTemplate":"https:\/\/homeproject.fr\/fr\/?s={search_term_string}"},"query-input":{"@type":"PropertyValueSpecification","valueRequired":true,"valueName":"search_term_string"}}],"inLanguage":"fr-FR"},{"@type":"Organization","@id":"https:\/\/homeproject.fr\/fr\/#organization","name":"Homeproject.fr","url":"https:\/\/homeproject.fr\/fr\/","logo":{"@type":"ImageObject","inLanguage":"fr-FR","@id":"https:\/\/homeproject.fr\/fr\/#\/schema\/logo\/image\/","url":"https:\/\/homeproject.fr\/fr\/wp-content\/uploads\/2024\/12\/Logo_HomeProject-noir-2.png","contentUrl":"https:\/\/homeproject.fr\/fr\/wp-content\/uploads\/2024\/12\/Logo_HomeProject-noir-2.png","width":300,"height":91,"caption":"Homeproject.fr"},"image":{"@id":"https:\/\/homeproject.fr\/fr\/#\/schema\/logo\/image\/"}}]}},"_links":{"self":[{"href":"https:\/\/homeproject.fr\/fr\/wp-json\/wp\/v2\/product\/3651","targetHints":{"allow":["GET"]}}],"collection":[{"href":"https:\/\/homeproject.fr\/fr\/wp-json\/wp\/v2\/product"}],"about":[{"href":"https:\/\/homeproject.fr\/fr\/wp-json\/wp\/v2\/types\/product"}],"version-history":[{"count":2,"href":"https:\/\/homeproject.fr\/fr\/wp-json\/wp\/v2\/product\/3651\/revisions"}],"predecessor-version":[{"id":3708,"href":"https:\/\/homeproject.fr\/fr\/wp-json\/wp\/v2\/product\/3651\/revisions\/3708"}],"wp:featuredmedia":[{"embeddable":true,"href":"https:\/\/homeproject.fr\/fr\/wp-json\/wp\/v2\/media\/3653"}],"wp:attachment":[{"href":"https:\/\/homeproject.fr\/fr\/wp-json\/wp\/v2\/media?parent=3651"}],"wp:term":[{"taxonomy":"product_brand","embeddable":true,"href":"https:\/\/homeproject.fr\/fr\/wp-json\/wp\/v2\/product_brand?post=3651"},{"taxonomy":"product_cat","embeddable":true,"href":"https:\/\/homeproject.fr\/fr\/wp-json\/wp\/v2\/product_cat?post=3651"},{"taxonomy":"product_tag","embeddable":true,"href":"https:\/\/homeproject.fr\/fr\/wp-json\/wp\/v2\/product_tag?post=3651"}],"curies":[{"name":"wp","href":"https:\/\/api.w.org\/{rel}","templated":true}]}}