{"id":3544,"date":"2024-12-14T08:43:07","date_gmt":"2024-12-14T08:43:07","guid":{"rendered":"https:\/\/homeproject.fr\/fr\/?post_type=product&#038;p=3544"},"modified":"2025-01-08T11:08:56","modified_gmt":"2025-01-08T11:08:56","slug":"carrelage-aspect-carreau-de-ciment-vintage-style-andalou-nanda-tiles-sylvania-20x20","status":"publish","type":"product","link":"https:\/\/homeproject.fr\/fr\/produit\/carrelage-aspect-carreau-de-ciment-vintage-style-andalou-nanda-tiles-sylvania-20x20\/","title":{"rendered":"Carrelage aspect carreau de ciment vintage Nanda Tiles Loft Floor SYLVANIA 20&#215;20"},"content":{"rendered":"<p><strong><a href=\"https:\/\/homeproject.fr\/fr\/produit\/echantillon-carrelage-nanda-tiles-sylvania\/\">Commander un \u00e9chantillon<\/a><\/strong><\/p>\n<p>Id\u00e9al pour habiller les sols ou murs, ce carrelage est parfait dans une cuisine, une salle de bain ou m\u00eame un s\u00e9jour au style boh\u00e8me ou industriel. Fabriqu\u00e9 avec soin, il allie esth\u00e9tique et durabilit\u00e9, tout en offrant un entretien facile.<\/p>\n<ul>\n<li><strong>Dimensions<\/strong> : Format classique pour un assemblage homog\u00e8ne.<\/li>\n<li><strong>Utilisation<\/strong> : Sols et murs int\u00e9rieurs.<\/li>\n<li><strong>Style<\/strong> : Vintage, andalou, carreau de ciment.<\/li>\n<li><strong>Avantages<\/strong> : R\u00e9sistant, facile \u00e0 nettoyer, esth\u00e9tique unique.<\/li>\n<li><strong>Dimensions<\/strong> : 20\u00d720<\/li>\n<li><strong>Mat\u00e9riau<\/strong> : gr\u00e8s c\u00e9rame \u00e9maill\u00e9<\/li>\n<li><strong>Finition<\/strong> : mate<\/li>\n<li><strong>\u00c9paisseur<\/strong> : 8mm.<\/li>\n<li><strong>Utilisation recommand\u00e9e<\/strong> : sols et murs int\u00e9rieurs<\/li>\n<\/ul>\n<p>Transformez vos pi\u00e8ces en v\u00e9ritables \u0153uvres d\u2019art avec le charme du style andalou.<\/p>\n<h3><strong>Vous avez des questions ?<\/strong><\/h3>\n<style id=\"wpforms-css-vars-3675\">\n\t\t\t\t#wpforms-3675 {\n\t\t\t\t\n\t\t\t}\n\t\t\t<\/style><div class=\"wpforms-container wpforms-container-full wpforms-render-modern\" id=\"wpforms-3675\"><form id=\"wpforms-form-3675\" class=\"wpforms-validate wpforms-form wpforms-ajax-form\" data-formid=\"3675\" method=\"post\" enctype=\"multipart\/form-data\" action=\"\/fr\/wp-json\/wp\/v2\/product\/3544\" data-token=\"2921a7ac3408d834be151983965c4ab3\" data-token-time=\"1778018225\"><noscript class=\"wpforms-error-noscript\">Veuillez activer JavaScript dans votre navigateur pour remplir ce formulaire.<\/noscript><div id=\"wpforms-error-noscript\" style=\"display: none;\">Veuillez activer JavaScript dans votre navigateur pour remplir ce formulaire.<\/div><div class=\"wpforms-field-container\">\t\t<div id=\"wpforms-3675-field_1-container\"\n\t\t\tclass=\"wpforms-field wpforms-field-text\"\n\t\t\tdata-field-type=\"text\"\n\t\t\tdata-field-id=\"1\"\n\t\t\t>\n\t\t\t<label class=\"wpforms-field-label\" for=\"wpforms-3675-field_1\" >E-mail Message Nom<\/label>\n\t\t\t<input type=\"text\" id=\"wpforms-3675-field_1\" class=\"wpforms-field-medium\" name=\"wpforms[fields][1]\" >\n\t\t<\/div>\n\t\t<div id=\"wpforms-3675-field_3-container\" class=\"wpforms-field wpforms-field-name\" data-field-id=\"3\"><fieldset><legend class=\"wpforms-field-label\">Nom <span class=\"wpforms-required-label\" aria-hidden=\"true\">*<\/span><\/legend><div class=\"wpforms-field-row wpforms-field-medium\"><div class=\"wpforms-field-row-block wpforms-first wpforms-one-half\"><input type=\"text\" id=\"wpforms-3675-field_3\" class=\"wpforms-field-name-first wpforms-field-required\" name=\"wpforms[fields][3][first]\" aria-errormessage=\"wpforms-3675-field_3-error\" required><label for=\"wpforms-3675-field_3\" class=\"wpforms-field-sublabel after\">Pr\u00e9nom<\/label><\/div><div class=\"wpforms-field-row-block wpforms-one-half\"><input type=\"text\" id=\"wpforms-3675-field_3-last\" class=\"wpforms-field-name-last wpforms-field-required\" name=\"wpforms[fields][3][last]\" aria-errormessage=\"wpforms-3675-field_3-last-error\" required><label for=\"wpforms-3675-field_3-last\" class=\"wpforms-field-sublabel after\">Nom<\/label><\/div><\/div><\/fieldset><\/div><div id=\"wpforms-3675-field_4-container\" class=\"wpforms-field wpforms-field-email\" data-field-id=\"4\"><label class=\"wpforms-field-label\" for=\"wpforms-3675-field_4\">E-mail <span class=\"wpforms-required-label\" aria-hidden=\"true\">*<\/span><\/label><input type=\"email\" id=\"wpforms-3675-field_4\" class=\"wpforms-field-medium wpforms-field-required\" name=\"wpforms[fields][4]\" spellcheck=\"false\" aria-errormessage=\"wpforms-3675-field_4-error\" required><\/div><div id=\"wpforms-3675-field_5-container\" class=\"wpforms-field wpforms-field-textarea\" data-field-id=\"5\"><label class=\"wpforms-field-label\" for=\"wpforms-3675-field_5\">Message <span class=\"wpforms-required-label\" aria-hidden=\"true\">*<\/span><\/label><textarea id=\"wpforms-3675-field_5\" class=\"wpforms-field-medium wpforms-field-required\" name=\"wpforms[fields][5]\" aria-errormessage=\"wpforms-3675-field_5-error\" required><\/textarea><\/div><script>\n\t\t\t\t( function() {\n\t\t\t\t\tconst style = document.createElement( 'style' );\n\t\t\t\t\tstyle.appendChild( document.createTextNode( '#wpforms-3675-field_1-container { position: absolute !important; overflow: hidden !important; display: inline !important; height: 1px !important; width: 1px !important; z-index: -1000 !important; padding: 0 !important; } #wpforms-3675-field_1-container input { visibility: hidden; } #wpforms-conversational-form-page #wpforms-3675-field_1-container label { counter-increment: none; }' ) );\n\t\t\t\t\tdocument.head.appendChild( style );\n\t\t\t\t\tdocument.currentScript?.remove();\n\t\t\t\t} )();\n\t\t\t<\/script><\/div><!-- .wpforms-field-container --><div class=\"wpforms-submit-container\" ><input type=\"hidden\" name=\"wpforms[id]\" value=\"3675\"><input type=\"hidden\" name=\"page_title\" value=\"\"><input type=\"hidden\" name=\"page_url\" value=\"https:\/\/homeproject.fr\/fr\/wp-json\/wp\/v2\/product\/3544\"><input type=\"hidden\" name=\"url_referer\" value=\"\"><button type=\"submit\" name=\"wpforms[submit]\" id=\"wpforms-submit-3675\" class=\"wpforms-submit\" data-alt-text=\"Envoi...\" data-submit-text=\"Envoyer\" aria-live=\"assertive\" value=\"wpforms-submit\">Envoyer<\/button><img decoding=\"async\" src=\"https:\/\/homeproject.fr\/fr\/wp-content\/plugins\/wpforms-lite\/assets\/images\/submit-spin.svg\" class=\"wpforms-submit-spinner\" style=\"display: none;\" width=\"26\" height=\"26\" alt=\"Chargement en cours\"><\/div><\/form><\/div>  <!-- .wpforms-container -->\n","protected":false},"excerpt":{"rendered":"<p>Apportez une touche authentique et chaleureuse \u00e0 vos espaces avec le carrelage \u00ab\u00a0Nanda Tiles Sylvania\u00a0\u00bb. Inspir\u00e9 des motifs traditionnels andalous, ce carreau recr\u00e9e l&rsquo;\u00e9l\u00e9gance intemporelle des carreaux de ciment vintage. Ses nuances d\u00e9licates de terracotta, vert d&rsquo;eau et noir s&rsquo;harmonisent parfaitement pour cr\u00e9er des motifs g\u00e9om\u00e9triques raffin\u00e9s.<\/p>\n","protected":false},"featured_media":3545,"template":"","meta":{"_uf_show_specific_survey":0,"_uf_disable_surveys":false,"iawp_total_views":405},"product_brand":[],"product_cat":[20,124,125],"product_tag":[],"class_list":{"0":"post-3544","1":"product","2":"type-product","3":"status-publish","4":"has-post-thumbnail","6":"product_cat-carrelage","7":"product_cat-effet-carreau-ciment","8":"product_cat-motifs","9":"product_shipping_class-carrelage","10":"pa_collection-loft-floor-par-nanda-tiles","11":"pa_dimensions-nominales-20x20","12":"pa_effet-carreau-ciment","13":"pa_effet-motifs","14":"pa_effet-vintage","15":"pa_epaisseur-8mm","16":"pa_marque-nanda-tiles","17":"pa_materiau-gres-cerame-emaille","19":"first","20":"instock","21":"sale","22":"taxable","23":"shipping-taxable","24":"purchasable","25":"product-type-simple"},"yoast_head":"<!-- This site is optimized with the Yoast SEO plugin v27.5 - https:\/\/yoast.com\/product\/yoast-seo-wordpress\/ -->\n<title>Carrelage aspect carreau de ciment vintage Nanda Tiles Loft Floor SYLVANIA 20x20 - Homeproject.fr<\/title>\n<meta name=\"robots\" content=\"index, follow, max-snippet:-1, max-image-preview:large, max-video-preview:-1\" \/>\n<link rel=\"canonical\" href=\"https:\/\/homeproject.fr\/fr\/produit\/carrelage-aspect-carreau-de-ciment-vintage-style-andalou-nanda-tiles-sylvania-20x20\/\" \/>\n<meta property=\"og:locale\" content=\"fr_FR\" \/>\n<meta property=\"og:type\" content=\"article\" \/>\n<meta property=\"og:title\" content=\"Carrelage aspect carreau de ciment vintage Nanda Tiles Loft Floor SYLVANIA 20x20 - Homeproject.fr\" \/>\n<meta property=\"og:description\" content=\"Apportez une touche authentique et chaleureuse \u00e0 vos espaces avec le carrelage &quot;Nanda Tiles Sylvania&quot;. Inspir\u00e9 des motifs traditionnels andalous, ce carreau recr\u00e9e l&#039;\u00e9l\u00e9gance intemporelle des carreaux de ciment vintage. Ses nuances d\u00e9licates de terracotta, vert d&#039;eau et noir s&#039;harmonisent parfaitement pour cr\u00e9er des motifs g\u00e9om\u00e9triques raffin\u00e9s.\" \/>\n<meta property=\"og:url\" content=\"https:\/\/homeproject.fr\/fr\/produit\/carrelage-aspect-carreau-de-ciment-vintage-style-andalou-nanda-tiles-sylvania-20x20\/\" \/>\n<meta property=\"og:site_name\" content=\"Homeproject.fr\" \/>\n<meta property=\"article:modified_time\" content=\"2025-01-08T11:08:56+00:00\" \/>\n<meta property=\"og:image\" content=\"https:\/\/homeproject.fr\/fr\/wp-content\/uploads\/2024\/12\/Carrelage-aspect-carreau-ciment-vintage-style-andalou-Nanda-Tiles-Sylvania-2.jpeg.webp\" \/>\n\t<meta property=\"og:image:width\" content=\"1500\" \/>\n\t<meta property=\"og:image:height\" content=\"1500\" \/>\n\t<meta property=\"og:image:type\" content=\"image\/webp\" \/>\n<meta name=\"twitter:card\" content=\"summary_large_image\" \/>\n<meta name=\"twitter:label1\" content=\"Dur\u00e9e de lecture estim\u00e9e\" \/>\n\t<meta name=\"twitter:data1\" content=\"1 minute\" \/>\n<script type=\"application\/ld+json\" class=\"yoast-schema-graph\">{\"@context\":\"https:\\\/\\\/schema.org\",\"@graph\":[{\"@type\":\"WebPage\",\"@id\":\"https:\\\/\\\/homeproject.fr\\\/fr\\\/produit\\\/carrelage-aspect-carreau-de-ciment-vintage-style-andalou-nanda-tiles-sylvania-20x20\\\/\",\"url\":\"https:\\\/\\\/homeproject.fr\\\/fr\\\/produit\\\/carrelage-aspect-carreau-de-ciment-vintage-style-andalou-nanda-tiles-sylvania-20x20\\\/\",\"name\":\"Carrelage aspect carreau de ciment vintage Nanda Tiles Loft Floor SYLVANIA 20x20 - Homeproject.fr\",\"isPartOf\":{\"@id\":\"https:\\\/\\\/homeproject.fr\\\/fr\\\/#website\"},\"primaryImageOfPage\":{\"@id\":\"https:\\\/\\\/homeproject.fr\\\/fr\\\/produit\\\/carrelage-aspect-carreau-de-ciment-vintage-style-andalou-nanda-tiles-sylvania-20x20\\\/#primaryimage\"},\"image\":{\"@id\":\"https:\\\/\\\/homeproject.fr\\\/fr\\\/produit\\\/carrelage-aspect-carreau-de-ciment-vintage-style-andalou-nanda-tiles-sylvania-20x20\\\/#primaryimage\"},\"thumbnailUrl\":\"https:\\\/\\\/homeproject.fr\\\/fr\\\/wp-content\\\/uploads\\\/2024\\\/12\\\/Carrelage-aspect-carreau-ciment-vintage-style-andalou-Nanda-Tiles-Sylvania-2.jpeg.webp\",\"datePublished\":\"2024-12-14T08:43:07+00:00\",\"dateModified\":\"2025-01-08T11:08:56+00:00\",\"breadcrumb\":{\"@id\":\"https:\\\/\\\/homeproject.fr\\\/fr\\\/produit\\\/carrelage-aspect-carreau-de-ciment-vintage-style-andalou-nanda-tiles-sylvania-20x20\\\/#breadcrumb\"},\"inLanguage\":\"fr-FR\",\"potentialAction\":[{\"@type\":\"ReadAction\",\"target\":[\"https:\\\/\\\/homeproject.fr\\\/fr\\\/produit\\\/carrelage-aspect-carreau-de-ciment-vintage-style-andalou-nanda-tiles-sylvania-20x20\\\/\"]}]},{\"@type\":\"ImageObject\",\"inLanguage\":\"fr-FR\",\"@id\":\"https:\\\/\\\/homeproject.fr\\\/fr\\\/produit\\\/carrelage-aspect-carreau-de-ciment-vintage-style-andalou-nanda-tiles-sylvania-20x20\\\/#primaryimage\",\"url\":\"https:\\\/\\\/homeproject.fr\\\/fr\\\/wp-content\\\/uploads\\\/2024\\\/12\\\/Carrelage-aspect-carreau-ciment-vintage-style-andalou-Nanda-Tiles-Sylvania-2.jpeg.webp\",\"contentUrl\":\"https:\\\/\\\/homeproject.fr\\\/fr\\\/wp-content\\\/uploads\\\/2024\\\/12\\\/Carrelage-aspect-carreau-ciment-vintage-style-andalou-Nanda-Tiles-Sylvania-2.jpeg.webp\",\"width\":1500,\"height\":1500},{\"@type\":\"BreadcrumbList\",\"@id\":\"https:\\\/\\\/homeproject.fr\\\/fr\\\/produit\\\/carrelage-aspect-carreau-de-ciment-vintage-style-andalou-nanda-tiles-sylvania-20x20\\\/#breadcrumb\",\"itemListElement\":[{\"@type\":\"ListItem\",\"position\":1,\"name\":\"Accueil\",\"item\":\"https:\\\/\\\/homeproject.fr\\\/fr\\\/\"},{\"@type\":\"ListItem\",\"position\":2,\"name\":\"Boutique\",\"item\":\"https:\\\/\\\/homeproject.fr\\\/fr\\\/boutique\\\/\"},{\"@type\":\"ListItem\",\"position\":3,\"name\":\"Carrelage aspect carreau de ciment vintage Nanda Tiles Loft Floor SYLVANIA 20&#215;20\"}]},{\"@type\":\"WebSite\",\"@id\":\"https:\\\/\\\/homeproject.fr\\\/fr\\\/#website\",\"url\":\"https:\\\/\\\/homeproject.fr\\\/fr\\\/\",\"name\":\"Homeproject.fr\",\"description\":\"Offrez l&#039;exceptionnel \u00e0 vos espaces \u00e0 vivre\",\"publisher\":{\"@id\":\"https:\\\/\\\/homeproject.fr\\\/fr\\\/#organization\"},\"potentialAction\":[{\"@type\":\"SearchAction\",\"target\":{\"@type\":\"EntryPoint\",\"urlTemplate\":\"https:\\\/\\\/homeproject.fr\\\/fr\\\/?s={search_term_string}\"},\"query-input\":{\"@type\":\"PropertyValueSpecification\",\"valueRequired\":true,\"valueName\":\"search_term_string\"}}],\"inLanguage\":\"fr-FR\"},{\"@type\":\"Organization\",\"@id\":\"https:\\\/\\\/homeproject.fr\\\/fr\\\/#organization\",\"name\":\"Homeproject.fr\",\"url\":\"https:\\\/\\\/homeproject.fr\\\/fr\\\/\",\"logo\":{\"@type\":\"ImageObject\",\"inLanguage\":\"fr-FR\",\"@id\":\"https:\\\/\\\/homeproject.fr\\\/fr\\\/#\\\/schema\\\/logo\\\/image\\\/\",\"url\":\"https:\\\/\\\/homeproject.fr\\\/fr\\\/wp-content\\\/uploads\\\/2024\\\/12\\\/Logo_HomeProject-noir-2.png\",\"contentUrl\":\"https:\\\/\\\/homeproject.fr\\\/fr\\\/wp-content\\\/uploads\\\/2024\\\/12\\\/Logo_HomeProject-noir-2.png\",\"width\":300,\"height\":91,\"caption\":\"Homeproject.fr\"},\"image\":{\"@id\":\"https:\\\/\\\/homeproject.fr\\\/fr\\\/#\\\/schema\\\/logo\\\/image\\\/\"}}]}<\/script>\n<!-- \/ Yoast SEO plugin. -->","yoast_head_json":{"title":"Carrelage aspect carreau de ciment vintage Nanda Tiles Loft Floor SYLVANIA 20x20 - Homeproject.fr","robots":{"index":"index","follow":"follow","max-snippet":"max-snippet:-1","max-image-preview":"max-image-preview:large","max-video-preview":"max-video-preview:-1"},"canonical":"https:\/\/homeproject.fr\/fr\/produit\/carrelage-aspect-carreau-de-ciment-vintage-style-andalou-nanda-tiles-sylvania-20x20\/","og_locale":"fr_FR","og_type":"article","og_title":"Carrelage aspect carreau de ciment vintage Nanda Tiles Loft Floor SYLVANIA 20x20 - Homeproject.fr","og_description":"Apportez une touche authentique et chaleureuse \u00e0 vos espaces avec le carrelage \"Nanda Tiles Sylvania\". Inspir\u00e9 des motifs traditionnels andalous, ce carreau recr\u00e9e l'\u00e9l\u00e9gance intemporelle des carreaux de ciment vintage. Ses nuances d\u00e9licates de terracotta, vert d'eau et noir s'harmonisent parfaitement pour cr\u00e9er des motifs g\u00e9om\u00e9triques raffin\u00e9s.","og_url":"https:\/\/homeproject.fr\/fr\/produit\/carrelage-aspect-carreau-de-ciment-vintage-style-andalou-nanda-tiles-sylvania-20x20\/","og_site_name":"Homeproject.fr","article_modified_time":"2025-01-08T11:08:56+00:00","og_image":[{"width":1500,"height":1500,"url":"https:\/\/homeproject.fr\/fr\/wp-content\/uploads\/2024\/12\/Carrelage-aspect-carreau-ciment-vintage-style-andalou-Nanda-Tiles-Sylvania-2.jpeg.webp","type":"image\/webp"}],"twitter_card":"summary_large_image","twitter_misc":{"Dur\u00e9e de lecture estim\u00e9e":"1 minute"},"schema":{"@context":"https:\/\/schema.org","@graph":[{"@type":"WebPage","@id":"https:\/\/homeproject.fr\/fr\/produit\/carrelage-aspect-carreau-de-ciment-vintage-style-andalou-nanda-tiles-sylvania-20x20\/","url":"https:\/\/homeproject.fr\/fr\/produit\/carrelage-aspect-carreau-de-ciment-vintage-style-andalou-nanda-tiles-sylvania-20x20\/","name":"Carrelage aspect carreau de ciment vintage Nanda Tiles Loft Floor SYLVANIA 20x20 - Homeproject.fr","isPartOf":{"@id":"https:\/\/homeproject.fr\/fr\/#website"},"primaryImageOfPage":{"@id":"https:\/\/homeproject.fr\/fr\/produit\/carrelage-aspect-carreau-de-ciment-vintage-style-andalou-nanda-tiles-sylvania-20x20\/#primaryimage"},"image":{"@id":"https:\/\/homeproject.fr\/fr\/produit\/carrelage-aspect-carreau-de-ciment-vintage-style-andalou-nanda-tiles-sylvania-20x20\/#primaryimage"},"thumbnailUrl":"https:\/\/homeproject.fr\/fr\/wp-content\/uploads\/2024\/12\/Carrelage-aspect-carreau-ciment-vintage-style-andalou-Nanda-Tiles-Sylvania-2.jpeg.webp","datePublished":"2024-12-14T08:43:07+00:00","dateModified":"2025-01-08T11:08:56+00:00","breadcrumb":{"@id":"https:\/\/homeproject.fr\/fr\/produit\/carrelage-aspect-carreau-de-ciment-vintage-style-andalou-nanda-tiles-sylvania-20x20\/#breadcrumb"},"inLanguage":"fr-FR","potentialAction":[{"@type":"ReadAction","target":["https:\/\/homeproject.fr\/fr\/produit\/carrelage-aspect-carreau-de-ciment-vintage-style-andalou-nanda-tiles-sylvania-20x20\/"]}]},{"@type":"ImageObject","inLanguage":"fr-FR","@id":"https:\/\/homeproject.fr\/fr\/produit\/carrelage-aspect-carreau-de-ciment-vintage-style-andalou-nanda-tiles-sylvania-20x20\/#primaryimage","url":"https:\/\/homeproject.fr\/fr\/wp-content\/uploads\/2024\/12\/Carrelage-aspect-carreau-ciment-vintage-style-andalou-Nanda-Tiles-Sylvania-2.jpeg.webp","contentUrl":"https:\/\/homeproject.fr\/fr\/wp-content\/uploads\/2024\/12\/Carrelage-aspect-carreau-ciment-vintage-style-andalou-Nanda-Tiles-Sylvania-2.jpeg.webp","width":1500,"height":1500},{"@type":"BreadcrumbList","@id":"https:\/\/homeproject.fr\/fr\/produit\/carrelage-aspect-carreau-de-ciment-vintage-style-andalou-nanda-tiles-sylvania-20x20\/#breadcrumb","itemListElement":[{"@type":"ListItem","position":1,"name":"Accueil","item":"https:\/\/homeproject.fr\/fr\/"},{"@type":"ListItem","position":2,"name":"Boutique","item":"https:\/\/homeproject.fr\/fr\/boutique\/"},{"@type":"ListItem","position":3,"name":"Carrelage aspect carreau de ciment vintage Nanda Tiles Loft Floor SYLVANIA 20&#215;20"}]},{"@type":"WebSite","@id":"https:\/\/homeproject.fr\/fr\/#website","url":"https:\/\/homeproject.fr\/fr\/","name":"Homeproject.fr","description":"Offrez l&#039;exceptionnel \u00e0 vos espaces \u00e0 vivre","publisher":{"@id":"https:\/\/homeproject.fr\/fr\/#organization"},"potentialAction":[{"@type":"SearchAction","target":{"@type":"EntryPoint","urlTemplate":"https:\/\/homeproject.fr\/fr\/?s={search_term_string}"},"query-input":{"@type":"PropertyValueSpecification","valueRequired":true,"valueName":"search_term_string"}}],"inLanguage":"fr-FR"},{"@type":"Organization","@id":"https:\/\/homeproject.fr\/fr\/#organization","name":"Homeproject.fr","url":"https:\/\/homeproject.fr\/fr\/","logo":{"@type":"ImageObject","inLanguage":"fr-FR","@id":"https:\/\/homeproject.fr\/fr\/#\/schema\/logo\/image\/","url":"https:\/\/homeproject.fr\/fr\/wp-content\/uploads\/2024\/12\/Logo_HomeProject-noir-2.png","contentUrl":"https:\/\/homeproject.fr\/fr\/wp-content\/uploads\/2024\/12\/Logo_HomeProject-noir-2.png","width":300,"height":91,"caption":"Homeproject.fr"},"image":{"@id":"https:\/\/homeproject.fr\/fr\/#\/schema\/logo\/image\/"}}]}},"_links":{"self":[{"href":"https:\/\/homeproject.fr\/fr\/wp-json\/wp\/v2\/product\/3544","targetHints":{"allow":["GET"]}}],"collection":[{"href":"https:\/\/homeproject.fr\/fr\/wp-json\/wp\/v2\/product"}],"about":[{"href":"https:\/\/homeproject.fr\/fr\/wp-json\/wp\/v2\/types\/product"}],"version-history":[{"count":5,"href":"https:\/\/homeproject.fr\/fr\/wp-json\/wp\/v2\/product\/3544\/revisions"}],"predecessor-version":[{"id":9702,"href":"https:\/\/homeproject.fr\/fr\/wp-json\/wp\/v2\/product\/3544\/revisions\/9702"}],"wp:featuredmedia":[{"embeddable":true,"href":"https:\/\/homeproject.fr\/fr\/wp-json\/wp\/v2\/media\/3545"}],"wp:attachment":[{"href":"https:\/\/homeproject.fr\/fr\/wp-json\/wp\/v2\/media?parent=3544"}],"wp:term":[{"taxonomy":"product_brand","embeddable":true,"href":"https:\/\/homeproject.fr\/fr\/wp-json\/wp\/v2\/product_brand?post=3544"},{"taxonomy":"product_cat","embeddable":true,"href":"https:\/\/homeproject.fr\/fr\/wp-json\/wp\/v2\/product_cat?post=3544"},{"taxonomy":"product_tag","embeddable":true,"href":"https:\/\/homeproject.fr\/fr\/wp-json\/wp\/v2\/product_tag?post=3544"}],"curies":[{"name":"wp","href":"https:\/\/api.w.org\/{rel}","templated":true}]}}