{"id":16584,"date":"2026-05-11T09:39:11","date_gmt":"2026-05-11T09:39:11","guid":{"rendered":"https:\/\/homeproject.fr\/fr\/?post_type=product&#038;p=16584"},"modified":"2026-05-11T09:40:58","modified_gmt":"2026-05-11T09:40:58","slug":"carrelage-rectangulaire-wow-terre-white-gloss-7x28-cm","status":"publish","type":"product","link":"https:\/\/homeproject.fr\/fr\/produit\/carrelage-rectangulaire-wow-terre-white-gloss-7x28-cm\/","title":{"rendered":"Carrelage rectangulaire Wow TERRE White Gloss 7&#215;28 cm"},"content":{"rendered":"<p><strong><a href=\"https:\/\/homeproject.fr\/fr\/produit\/echantillon-carrelage-wow-terre-white-gloss\/\">Commander un \u00e9chantillon<\/a><\/strong><\/p>\n<div class=\"flex max-w-full flex-col gap-4 grow\">\n<div class=\"min-h-8 text-message relative flex w-full flex-col items-end gap-2 text-start break-words whitespace-normal outline-none keyboard-focused:focus-ring [.text-message+&]:mt-1\" dir=\"auto\" tabindex=\"0\" data-message-author-role=\"assistant\" data-message-id=\"c0c866e2-92d8-48b3-ad4d-6fee4917fecb\" data-message-model-slug=\"gpt-5-5\" data-turn-start-message=\"true\">\n<div class=\"flex w-full flex-col gap-1 empty:hidden\">\n<div class=\"markdown prose dark:prose-invert wrap-break-word w-full light markdown-new-styling\">\n<div class=\"qMYqUG_convSearchResultHighlightRoot\">\n<div class=\"\" data-turn-id-container=\"request-WEB:39c9e9c4-36ec-489d-ab77-259e5848165a-2\" data-is-intersecting=\"true\">\n<div class=\"relative w-full overflow-visible\">\n<section class=\"text-token-text-primary w-full focus:outline-none [--shadow-height:45px] has-data-writing-block:pointer-events-none has-data-writing-block:-mt-(--shadow-height) has-data-writing-block:pt-(--shadow-height) [&:has([data-writing-block])>*]:pointer-events-auto R6Vx5W_threadScrollVars scroll-mb-[calc(var(--scroll-root-safe-area-inset-bottom,0px)+var(--thread-response-height))] scroll-mt-[calc(var(--header-height)+min(200px,max(70px,20svh)))]\" dir=\"auto\" data-turn-id=\"request-WEB:39c9e9c4-36ec-489d-ab77-259e5848165a-2\" data-turn-id-container=\"request-WEB:39c9e9c4-36ec-489d-ab77-259e5848165a-2\" data-testid=\"conversation-turn-6\" data-scroll-anchor=\"false\" data-turn=\"assistant\">\n<div class=\"text-base my-auto mx-auto pb-10 [--thread-content-margin:var(--thread-content-margin-xs,calc(var(--spacing)*4))] @w-sm\/main:[--thread-content-margin:var(--thread-content-margin-sm,calc(var(--spacing)*6))] @w-lg\/main:[--thread-content-margin:var(--thread-content-margin-lg,calc(var(--spacing)*16))] px-(--thread-content-margin)\">\n<div class=\"[--thread-content-max-width:40rem] @w-lg\/main:[--thread-content-max-width:48rem] mx-auto max-w-(--thread-content-max-width) flex-1 group\/turn-messages focus-visible:outline-hidden relative flex w-full min-w-0 flex-col agent-turn\">\n<div class=\"flex max-w-full flex-col gap-4 grow\">\n<div class=\"min-h-8 text-message relative flex w-full flex-col items-end gap-2 text-start break-words whitespace-normal outline-none keyboard-focused:focus-ring [.text-message+&]:mt-1\" dir=\"auto\" tabindex=\"0\" data-message-author-role=\"assistant\" data-message-id=\"cb267585-693f-4093-a4da-f425b860b817\" data-message-model-slug=\"gpt-5-5\" data-turn-start-message=\"true\">\n<div class=\"flex w-full flex-col gap-1 empty:hidden\">\n<div class=\"markdown prose dark:prose-invert wrap-break-word w-full light markdown-new-styling\">\n<div class=\"qMYqUG_convSearchResultHighlightRoot\">\n<div class=\"\" data-turn-id-container=\"request-WEB:39c9e9c4-36ec-489d-ab77-259e5848165a-3\" data-is-intersecting=\"true\">\n<div class=\"relative w-full overflow-visible\">\n<section class=\"text-token-text-primary w-full focus:outline-none [--shadow-height:45px] has-data-writing-block:pointer-events-none has-data-writing-block:-mt-(--shadow-height) has-data-writing-block:pt-(--shadow-height) [&:has([data-writing-block])>*]:pointer-events-auto R6Vx5W_threadScrollVars scroll-mb-[calc(var(--scroll-root-safe-area-inset-bottom,0px)+var(--thread-response-height))] scroll-mt-[calc(var(--header-height)+min(200px,max(70px,20svh)))]\" dir=\"auto\" data-turn-id=\"request-WEB:39c9e9c4-36ec-489d-ab77-259e5848165a-3\" data-turn-id-container=\"request-WEB:39c9e9c4-36ec-489d-ab77-259e5848165a-3\" data-testid=\"conversation-turn-8\" data-scroll-anchor=\"false\" data-turn=\"assistant\">\n<div class=\"text-base my-auto mx-auto pb-10 [--thread-content-margin:var(--thread-content-margin-xs,calc(var(--spacing)*4))] @w-sm\/main:[--thread-content-margin:var(--thread-content-margin-sm,calc(var(--spacing)*6))] @w-lg\/main:[--thread-content-margin:var(--thread-content-margin-lg,calc(var(--spacing)*16))] px-(--thread-content-margin)\">\n<div class=\"[--thread-content-max-width:40rem] @w-lg\/main:[--thread-content-max-width:48rem] mx-auto max-w-(--thread-content-max-width) flex-1 group\/turn-messages focus-visible:outline-hidden relative flex w-full min-w-0 flex-col agent-turn\">\n<div class=\"flex max-w-full flex-col gap-4 grow\">\n<div class=\"min-h-8 text-message relative flex w-full flex-col items-end gap-2 text-start break-words whitespace-normal outline-none keyboard-focused:focus-ring [.text-message+&]:mt-1\" dir=\"auto\" tabindex=\"0\" data-message-author-role=\"assistant\" data-message-id=\"1d3cdbd4-fc63-45ea-9a9c-9e733066810e\" data-message-model-slug=\"gpt-5-5\" data-turn-start-message=\"true\">\n<div class=\"flex w-full flex-col gap-1 empty:hidden\">\n<div class=\"markdown prose dark:prose-invert wrap-break-word w-full light markdown-new-styling\">\n<p data-start=\"932\" data-end=\"1280\">Le Wow Terre White Gloss s\u2019int\u00e8gre parfaitement dans des univers minimalistes, m\u00e9diterran\u00e9ens ou contemporains et s\u2019associe harmonieusement avec des mat\u00e9riaux naturels comme le bois clair, le travertin ou la pierre. Son aspect artisanal et ses reflets brillants offrent une profondeur subtile qui sublime les espaces r\u00e9sidentiels comme commerciaux.<\/p>\n<p data-start=\"1282\" data-end=\"1483\">Fabriqu\u00e9 en gr\u00e8s c\u00e9rame avec une absorption d\u2019eau \u2264 0,5 %, ce carrelage allie esth\u00e9tique et performance pour une utilisation durable au mur et au sol en int\u00e9rieur.<\/p>\n<h3 data-section-id=\"u3csm9\" data-start=\"1485\" data-end=\"1516\">Caract\u00e9ristiques techniques<\/h3>\n<ul data-start=\"1517\" data-end=\"1804\" data-is-last-node=\"\" data-is-only-node=\"\">\n<li data-section-id=\"18gtbve\" data-start=\"1517\" data-end=\"1535\">Format : 7\u00d728 cm<\/li>\n<li data-section-id=\"163pjcm\" data-start=\"1536\" data-end=\"1559\">Coloris : White Gloss<\/li>\n<li data-section-id=\"bddsw1\" data-start=\"1560\" data-end=\"1582\">Finition : brillante<\/li>\n<li data-section-id=\"prswqr\" data-start=\"1583\" data-end=\"1606\">Mati\u00e8re : gr\u00e8s c\u00e9rame<\/li>\n<li data-section-id=\"htm69s\" data-start=\"1607\" data-end=\"1627\">\u00c9paisseur : 8,5 mm<\/li>\n<li data-section-id=\"fjcsu7\" data-start=\"1628\" data-end=\"1658\">Usage : mur et sol int\u00e9rieur<\/li>\n<li data-section-id=\"1jehy13\" data-start=\"1659\" data-end=\"1705\">Style : minimaliste, contemporain, artisanal<\/li>\n<li data-section-id=\"1akmx42\" data-start=\"1706\" data-end=\"1732\">Variation de teinte : V1<\/li>\n<li data-section-id=\"1ivczxf\" data-start=\"1733\" data-end=\"1804\" data-is-last-node=\"\">Collection : Terre \u2013 WOW Design<\/li>\n<\/ul>\n<p data-start=\"977\" data-end=\"1304\"><strong style=\"font-family: inherit; font-size: 30px;\">Vous avez des questions ?<\/strong><\/p>\n<\/div>\n<\/div>\n<\/div>\n<\/div>\n<\/div>\n<\/div>\n<\/section>\n<\/div>\n<\/div>\n<\/div>\n<\/div>\n<\/div>\n<\/div>\n<\/div>\n<\/div>\n<\/div>\n<\/section>\n<\/div>\n<\/div>\n<\/div>\n<\/div>\n<\/div>\n<\/div>\n<\/div>\n<style id=\"wpforms-css-vars-3675\">\n\t\t\t\t#wpforms-3675 {\n\t\t\t\t\n\t\t\t}\n\t\t\t<\/style><div class=\"wpforms-container wpforms-container-full wpforms-render-modern\" id=\"wpforms-3675\"><form id=\"wpforms-form-3675\" class=\"wpforms-validate wpforms-form wpforms-ajax-form\" data-formid=\"3675\" method=\"post\" enctype=\"multipart\/form-data\" action=\"\/fr\/wp-json\/wp\/v2\/product\/16584\" data-token=\"03cdf653ce821e1e97cc9c531d12385b\" data-token-time=\"1778505269\"><noscript class=\"wpforms-error-noscript\">Veuillez activer JavaScript dans votre navigateur pour remplir ce formulaire.<\/noscript><div id=\"wpforms-error-noscript\" style=\"display: none;\">Veuillez activer JavaScript dans votre navigateur pour remplir ce formulaire.<\/div><div class=\"wpforms-field-container\"><div id=\"wpforms-3675-field_3-container\" class=\"wpforms-field wpforms-field-name\" data-field-id=\"3\"><fieldset><legend class=\"wpforms-field-label\">Nom <span class=\"wpforms-required-label\" aria-hidden=\"true\">*<\/span><\/legend><div class=\"wpforms-field-row wpforms-field-medium\"><div class=\"wpforms-field-row-block wpforms-first wpforms-one-half\"><input type=\"text\" id=\"wpforms-3675-field_3\" class=\"wpforms-field-name-first wpforms-field-required\" name=\"wpforms[fields][3][first]\" aria-errormessage=\"wpforms-3675-field_3-error\" required><label for=\"wpforms-3675-field_3\" class=\"wpforms-field-sublabel after\">Pr\u00e9nom<\/label><\/div><div class=\"wpforms-field-row-block wpforms-one-half\"><input type=\"text\" id=\"wpforms-3675-field_3-last\" class=\"wpforms-field-name-last wpforms-field-required\" name=\"wpforms[fields][3][last]\" aria-errormessage=\"wpforms-3675-field_3-last-error\" required><label for=\"wpforms-3675-field_3-last\" class=\"wpforms-field-sublabel after\">Nom<\/label><\/div><\/div><\/fieldset><\/div>\t\t<div id=\"wpforms-3675-field_1-container\"\n\t\t\tclass=\"wpforms-field wpforms-field-text\"\n\t\t\tdata-field-type=\"text\"\n\t\t\tdata-field-id=\"1\"\n\t\t\t>\n\t\t\t<label class=\"wpforms-field-label\" for=\"wpforms-3675-field_1\" >Message Nom E-mail<\/label>\n\t\t\t<input type=\"text\" id=\"wpforms-3675-field_1\" class=\"wpforms-field-medium\" name=\"wpforms[fields][1]\" >\n\t\t<\/div>\n\t\t<div id=\"wpforms-3675-field_4-container\" class=\"wpforms-field wpforms-field-email\" data-field-id=\"4\"><label class=\"wpforms-field-label\" for=\"wpforms-3675-field_4\">E-mail <span class=\"wpforms-required-label\" aria-hidden=\"true\">*<\/span><\/label><input type=\"email\" id=\"wpforms-3675-field_4\" class=\"wpforms-field-medium wpforms-field-required\" name=\"wpforms[fields][4]\" spellcheck=\"false\" aria-errormessage=\"wpforms-3675-field_4-error\" required><\/div><div id=\"wpforms-3675-field_5-container\" class=\"wpforms-field wpforms-field-textarea\" data-field-id=\"5\"><label class=\"wpforms-field-label\" for=\"wpforms-3675-field_5\">Message <span class=\"wpforms-required-label\" aria-hidden=\"true\">*<\/span><\/label><textarea id=\"wpforms-3675-field_5\" class=\"wpforms-field-medium wpforms-field-required\" name=\"wpforms[fields][5]\" aria-errormessage=\"wpforms-3675-field_5-error\" required><\/textarea><\/div><script>\n\t\t\t\t( function() {\n\t\t\t\t\tconst style = document.createElement( 'style' );\n\t\t\t\t\tstyle.appendChild( document.createTextNode( '#wpforms-3675-field_1-container { position: absolute !important; overflow: hidden !important; display: inline !important; height: 1px !important; width: 1px !important; z-index: -1000 !important; padding: 0 !important; } #wpforms-3675-field_1-container input { visibility: hidden; } #wpforms-conversational-form-page #wpforms-3675-field_1-container label { counter-increment: none; }' ) );\n\t\t\t\t\tdocument.head.appendChild( style );\n\t\t\t\t\tdocument.currentScript?.remove();\n\t\t\t\t} )();\n\t\t\t<\/script><\/div><!-- .wpforms-field-container --><div class=\"wpforms-submit-container\" ><input type=\"hidden\" name=\"wpforms[id]\" value=\"3675\"><input type=\"hidden\" name=\"page_title\" value=\"\"><input type=\"hidden\" name=\"page_url\" value=\"https:\/\/homeproject.fr\/fr\/wp-json\/wp\/v2\/product\/16584\"><input type=\"hidden\" name=\"url_referer\" value=\"\"><button type=\"submit\" name=\"wpforms[submit]\" id=\"wpforms-submit-3675\" class=\"wpforms-submit\" data-alt-text=\"Envoi...\" data-submit-text=\"Envoyer\" aria-live=\"assertive\" value=\"wpforms-submit\">Envoyer<\/button><img decoding=\"async\" src=\"https:\/\/homeproject.fr\/fr\/wp-content\/plugins\/wpforms-lite\/assets\/images\/submit-spin.svg\" class=\"wpforms-submit-spinner\" style=\"display: none;\" width=\"26\" height=\"26\" alt=\"Chargement en cours\"><\/div><\/form><\/div>  <!-- .wpforms-container -->\n","protected":false},"excerpt":{"rendered":"<p data-start=\"0\" data-end=\"393\">Le carrelage <strong data-start=\"13\" data-end=\"46\">Wow Terre White Gloss 7&#215;28 cm<\/strong> s\u00e9duit par son \u00e9l\u00e9gance minimaliste et sa finition brillante d\u00e9licatement textur\u00e9e. Inspir\u00e9e des couches min\u00e9rales naturelles et du travail artisanal de la c\u00e9ramique, la collection Terre r\u00e9v\u00e8le une approche contemporaine de la mati\u00e8re o\u00f9 reliefs, lumi\u00e8re et nuances cr\u00e9ent des surfaces vivantes et raffin\u00e9es.<\/p>\n<p data-start=\"395\" data-end=\"930\">Gr\u00e2ce \u00e0 son format rectangulaire 7&#215;28 cm, ce carrelage en gr\u00e8s c\u00e9rame permet de composer des d\u00e9cors modernes et graphiques : pose verticale, horizontale, en chevrons ou en motifs rythmiques. Sa finition Gloss capte subtilement la lumi\u00e8re et met en valeur les irr\u00e9gularit\u00e9s de surface pour un rendu authentique et sophistiqu\u00e9. Le coloris White apporte luminosit\u00e9 et sensation d\u2019espace, id\u00e9al pour une salle de bain contemporaine, une cr\u00e9dence de cuisine \u00e9l\u00e9gante ou un mur d\u00e9coratif au style \u00e9pur\u00e9.<\/p>\n","protected":false},"featured_media":16582,"template":"","meta":{"_uf_show_specific_survey":0,"_uf_disable_surveys":false,"iawp_total_views":2},"product_brand":[696],"product_cat":[20,131],"product_tag":[],"class_list":{"0":"post-16584","1":"product","2":"type-product","3":"status-publish","4":"has-post-thumbnail","6":"product_brand-wow","7":"product_cat-carrelage","8":"product_cat-carrelage-mural","9":"product_shipping_class-carrelage","10":"pa_collection-terre-par-wow","11":"pa_dimensions-nominales-7x28","12":"pa_effet-artisanal","13":"pa_effet-uni","14":"pa_epaisseur-85-mm","15":"pa_marque-wow","16":"pa_materiau-gres-cerame-emaille","18":"first","19":"instock","20":"sale","21":"taxable","22":"shipping-taxable","23":"purchasable","24":"product-type-simple"},"yoast_head":"<!-- This site is optimized with the Yoast SEO plugin v27.5 - https:\/\/yoast.com\/product\/yoast-seo-wordpress\/ -->\n<title>Carrelage rectangulaire Wow TERRE White Gloss 7x28 cm - Homeproject.fr<\/title>\n<meta name=\"robots\" content=\"index, follow, max-snippet:-1, max-image-preview:large, max-video-preview:-1\" \/>\n<link rel=\"canonical\" href=\"https:\/\/homeproject.fr\/fr\/produit\/carrelage-rectangulaire-wow-terre-white-gloss-7x28-cm\/\" \/>\n<meta property=\"og:locale\" content=\"fr_FR\" \/>\n<meta property=\"og:type\" content=\"article\" \/>\n<meta property=\"og:title\" content=\"Carrelage rectangulaire Wow TERRE White Gloss 7x28 cm - Homeproject.fr\" \/>\n<meta property=\"og:description\" content=\"Le carrelage Wow Terre White Gloss 7x28 cm s\u00e9duit par son \u00e9l\u00e9gance minimaliste et sa finition brillante d\u00e9licatement textur\u00e9e. Inspir\u00e9e des couches min\u00e9rales naturelles et du travail artisanal de la c\u00e9ramique, la collection Terre r\u00e9v\u00e8le une approche contemporaine de la mati\u00e8re o\u00f9 reliefs, lumi\u00e8re et nuances cr\u00e9ent des surfaces vivantes et raffin\u00e9es. Gr\u00e2ce \u00e0 son format rectangulaire 7x28 cm, ce carrelage en gr\u00e8s c\u00e9rame permet de composer des d\u00e9cors modernes et graphiques : pose verticale, horizontale, en chevrons ou en motifs rythmiques. Sa finition Gloss capte subtilement la lumi\u00e8re et met en valeur les irr\u00e9gularit\u00e9s de surface pour un rendu authentique et sophistiqu\u00e9. Le coloris White apporte luminosit\u00e9 et sensation d\u2019espace, id\u00e9al pour une salle de bain contemporaine, une cr\u00e9dence de cuisine \u00e9l\u00e9gante ou un mur d\u00e9coratif au style \u00e9pur\u00e9.\" \/>\n<meta property=\"og:url\" content=\"https:\/\/homeproject.fr\/fr\/produit\/carrelage-rectangulaire-wow-terre-white-gloss-7x28-cm\/\" \/>\n<meta property=\"og:site_name\" content=\"Homeproject.fr\" \/>\n<meta property=\"article:modified_time\" content=\"2026-05-11T09:40:58+00:00\" \/>\n<meta property=\"og:image\" content=\"https:\/\/homeproject.fr\/fr\/wp-content\/uploads\/2026\/05\/Carrelage-Wow-Terre-White-7x28-cm.png\" \/>\n\t<meta property=\"og:image:width\" content=\"1500\" \/>\n\t<meta property=\"og:image:height\" content=\"1500\" \/>\n\t<meta property=\"og:image:type\" content=\"image\/png\" \/>\n<meta name=\"twitter:card\" content=\"summary_large_image\" \/>\n<meta name=\"twitter:label1\" content=\"Dur\u00e9e de lecture estim\u00e9e\" \/>\n\t<meta name=\"twitter:data1\" content=\"1 minute\" \/>\n<script type=\"application\/ld+json\" class=\"yoast-schema-graph\">{\"@context\":\"https:\\\/\\\/schema.org\",\"@graph\":[{\"@type\":\"WebPage\",\"@id\":\"https:\\\/\\\/homeproject.fr\\\/fr\\\/produit\\\/carrelage-rectangulaire-wow-terre-white-gloss-7x28-cm\\\/\",\"url\":\"https:\\\/\\\/homeproject.fr\\\/fr\\\/produit\\\/carrelage-rectangulaire-wow-terre-white-gloss-7x28-cm\\\/\",\"name\":\"Carrelage rectangulaire Wow TERRE White Gloss 7x28 cm - Homeproject.fr\",\"isPartOf\":{\"@id\":\"https:\\\/\\\/homeproject.fr\\\/fr\\\/#website\"},\"primaryImageOfPage\":{\"@id\":\"https:\\\/\\\/homeproject.fr\\\/fr\\\/produit\\\/carrelage-rectangulaire-wow-terre-white-gloss-7x28-cm\\\/#primaryimage\"},\"image\":{\"@id\":\"https:\\\/\\\/homeproject.fr\\\/fr\\\/produit\\\/carrelage-rectangulaire-wow-terre-white-gloss-7x28-cm\\\/#primaryimage\"},\"thumbnailUrl\":\"https:\\\/\\\/homeproject.fr\\\/fr\\\/wp-content\\\/uploads\\\/2026\\\/05\\\/Carrelage-Wow-Terre-White-7x28-cm.png\",\"datePublished\":\"2026-05-11T09:39:11+00:00\",\"dateModified\":\"2026-05-11T09:40:58+00:00\",\"breadcrumb\":{\"@id\":\"https:\\\/\\\/homeproject.fr\\\/fr\\\/produit\\\/carrelage-rectangulaire-wow-terre-white-gloss-7x28-cm\\\/#breadcrumb\"},\"inLanguage\":\"fr-FR\",\"potentialAction\":[{\"@type\":\"ReadAction\",\"target\":[\"https:\\\/\\\/homeproject.fr\\\/fr\\\/produit\\\/carrelage-rectangulaire-wow-terre-white-gloss-7x28-cm\\\/\"]}]},{\"@type\":\"ImageObject\",\"inLanguage\":\"fr-FR\",\"@id\":\"https:\\\/\\\/homeproject.fr\\\/fr\\\/produit\\\/carrelage-rectangulaire-wow-terre-white-gloss-7x28-cm\\\/#primaryimage\",\"url\":\"https:\\\/\\\/homeproject.fr\\\/fr\\\/wp-content\\\/uploads\\\/2026\\\/05\\\/Carrelage-Wow-Terre-White-7x28-cm.png\",\"contentUrl\":\"https:\\\/\\\/homeproject.fr\\\/fr\\\/wp-content\\\/uploads\\\/2026\\\/05\\\/Carrelage-Wow-Terre-White-7x28-cm.png\",\"width\":1500,\"height\":1500},{\"@type\":\"BreadcrumbList\",\"@id\":\"https:\\\/\\\/homeproject.fr\\\/fr\\\/produit\\\/carrelage-rectangulaire-wow-terre-white-gloss-7x28-cm\\\/#breadcrumb\",\"itemListElement\":[{\"@type\":\"ListItem\",\"position\":1,\"name\":\"Accueil\",\"item\":\"https:\\\/\\\/homeproject.fr\\\/fr\\\/\"},{\"@type\":\"ListItem\",\"position\":2,\"name\":\"Boutique\",\"item\":\"https:\\\/\\\/homeproject.fr\\\/fr\\\/boutique\\\/\"},{\"@type\":\"ListItem\",\"position\":3,\"name\":\"Carrelage rectangulaire Wow TERRE White Gloss 7&#215;28 cm\"}]},{\"@type\":\"WebSite\",\"@id\":\"https:\\\/\\\/homeproject.fr\\\/fr\\\/#website\",\"url\":\"https:\\\/\\\/homeproject.fr\\\/fr\\\/\",\"name\":\"Homeproject.fr\",\"description\":\"Offrez l&#039;exceptionnel \u00e0 vos espaces \u00e0 vivre\",\"publisher\":{\"@id\":\"https:\\\/\\\/homeproject.fr\\\/fr\\\/#organization\"},\"potentialAction\":[{\"@type\":\"SearchAction\",\"target\":{\"@type\":\"EntryPoint\",\"urlTemplate\":\"https:\\\/\\\/homeproject.fr\\\/fr\\\/?s={search_term_string}\"},\"query-input\":{\"@type\":\"PropertyValueSpecification\",\"valueRequired\":true,\"valueName\":\"search_term_string\"}}],\"inLanguage\":\"fr-FR\"},{\"@type\":\"Organization\",\"@id\":\"https:\\\/\\\/homeproject.fr\\\/fr\\\/#organization\",\"name\":\"Homeproject.fr\",\"url\":\"https:\\\/\\\/homeproject.fr\\\/fr\\\/\",\"logo\":{\"@type\":\"ImageObject\",\"inLanguage\":\"fr-FR\",\"@id\":\"https:\\\/\\\/homeproject.fr\\\/fr\\\/#\\\/schema\\\/logo\\\/image\\\/\",\"url\":\"https:\\\/\\\/homeproject.fr\\\/fr\\\/wp-content\\\/uploads\\\/2024\\\/12\\\/Logo_HomeProject-noir-2.png\",\"contentUrl\":\"https:\\\/\\\/homeproject.fr\\\/fr\\\/wp-content\\\/uploads\\\/2024\\\/12\\\/Logo_HomeProject-noir-2.png\",\"width\":300,\"height\":91,\"caption\":\"Homeproject.fr\"},\"image\":{\"@id\":\"https:\\\/\\\/homeproject.fr\\\/fr\\\/#\\\/schema\\\/logo\\\/image\\\/\"}}]}<\/script>\n<!-- \/ Yoast SEO plugin. -->","yoast_head_json":{"title":"Carrelage rectangulaire Wow TERRE White Gloss 7x28 cm - Homeproject.fr","robots":{"index":"index","follow":"follow","max-snippet":"max-snippet:-1","max-image-preview":"max-image-preview:large","max-video-preview":"max-video-preview:-1"},"canonical":"https:\/\/homeproject.fr\/fr\/produit\/carrelage-rectangulaire-wow-terre-white-gloss-7x28-cm\/","og_locale":"fr_FR","og_type":"article","og_title":"Carrelage rectangulaire Wow TERRE White Gloss 7x28 cm - Homeproject.fr","og_description":"Le carrelage Wow Terre White Gloss 7x28 cm s\u00e9duit par son \u00e9l\u00e9gance minimaliste et sa finition brillante d\u00e9licatement textur\u00e9e. Inspir\u00e9e des couches min\u00e9rales naturelles et du travail artisanal de la c\u00e9ramique, la collection Terre r\u00e9v\u00e8le une approche contemporaine de la mati\u00e8re o\u00f9 reliefs, lumi\u00e8re et nuances cr\u00e9ent des surfaces vivantes et raffin\u00e9es. Gr\u00e2ce \u00e0 son format rectangulaire 7x28 cm, ce carrelage en gr\u00e8s c\u00e9rame permet de composer des d\u00e9cors modernes et graphiques : pose verticale, horizontale, en chevrons ou en motifs rythmiques. Sa finition Gloss capte subtilement la lumi\u00e8re et met en valeur les irr\u00e9gularit\u00e9s de surface pour un rendu authentique et sophistiqu\u00e9. Le coloris White apporte luminosit\u00e9 et sensation d\u2019espace, id\u00e9al pour une salle de bain contemporaine, une cr\u00e9dence de cuisine \u00e9l\u00e9gante ou un mur d\u00e9coratif au style \u00e9pur\u00e9.","og_url":"https:\/\/homeproject.fr\/fr\/produit\/carrelage-rectangulaire-wow-terre-white-gloss-7x28-cm\/","og_site_name":"Homeproject.fr","article_modified_time":"2026-05-11T09:40:58+00:00","og_image":[{"width":1500,"height":1500,"url":"https:\/\/homeproject.fr\/fr\/wp-content\/uploads\/2026\/05\/Carrelage-Wow-Terre-White-7x28-cm.png","type":"image\/png"}],"twitter_card":"summary_large_image","twitter_misc":{"Dur\u00e9e de lecture estim\u00e9e":"1 minute"},"schema":{"@context":"https:\/\/schema.org","@graph":[{"@type":"WebPage","@id":"https:\/\/homeproject.fr\/fr\/produit\/carrelage-rectangulaire-wow-terre-white-gloss-7x28-cm\/","url":"https:\/\/homeproject.fr\/fr\/produit\/carrelage-rectangulaire-wow-terre-white-gloss-7x28-cm\/","name":"Carrelage rectangulaire Wow TERRE White Gloss 7x28 cm - Homeproject.fr","isPartOf":{"@id":"https:\/\/homeproject.fr\/fr\/#website"},"primaryImageOfPage":{"@id":"https:\/\/homeproject.fr\/fr\/produit\/carrelage-rectangulaire-wow-terre-white-gloss-7x28-cm\/#primaryimage"},"image":{"@id":"https:\/\/homeproject.fr\/fr\/produit\/carrelage-rectangulaire-wow-terre-white-gloss-7x28-cm\/#primaryimage"},"thumbnailUrl":"https:\/\/homeproject.fr\/fr\/wp-content\/uploads\/2026\/05\/Carrelage-Wow-Terre-White-7x28-cm.png","datePublished":"2026-05-11T09:39:11+00:00","dateModified":"2026-05-11T09:40:58+00:00","breadcrumb":{"@id":"https:\/\/homeproject.fr\/fr\/produit\/carrelage-rectangulaire-wow-terre-white-gloss-7x28-cm\/#breadcrumb"},"inLanguage":"fr-FR","potentialAction":[{"@type":"ReadAction","target":["https:\/\/homeproject.fr\/fr\/produit\/carrelage-rectangulaire-wow-terre-white-gloss-7x28-cm\/"]}]},{"@type":"ImageObject","inLanguage":"fr-FR","@id":"https:\/\/homeproject.fr\/fr\/produit\/carrelage-rectangulaire-wow-terre-white-gloss-7x28-cm\/#primaryimage","url":"https:\/\/homeproject.fr\/fr\/wp-content\/uploads\/2026\/05\/Carrelage-Wow-Terre-White-7x28-cm.png","contentUrl":"https:\/\/homeproject.fr\/fr\/wp-content\/uploads\/2026\/05\/Carrelage-Wow-Terre-White-7x28-cm.png","width":1500,"height":1500},{"@type":"BreadcrumbList","@id":"https:\/\/homeproject.fr\/fr\/produit\/carrelage-rectangulaire-wow-terre-white-gloss-7x28-cm\/#breadcrumb","itemListElement":[{"@type":"ListItem","position":1,"name":"Accueil","item":"https:\/\/homeproject.fr\/fr\/"},{"@type":"ListItem","position":2,"name":"Boutique","item":"https:\/\/homeproject.fr\/fr\/boutique\/"},{"@type":"ListItem","position":3,"name":"Carrelage rectangulaire Wow TERRE White Gloss 7&#215;28 cm"}]},{"@type":"WebSite","@id":"https:\/\/homeproject.fr\/fr\/#website","url":"https:\/\/homeproject.fr\/fr\/","name":"Homeproject.fr","description":"Offrez l&#039;exceptionnel \u00e0 vos espaces \u00e0 vivre","publisher":{"@id":"https:\/\/homeproject.fr\/fr\/#organization"},"potentialAction":[{"@type":"SearchAction","target":{"@type":"EntryPoint","urlTemplate":"https:\/\/homeproject.fr\/fr\/?s={search_term_string}"},"query-input":{"@type":"PropertyValueSpecification","valueRequired":true,"valueName":"search_term_string"}}],"inLanguage":"fr-FR"},{"@type":"Organization","@id":"https:\/\/homeproject.fr\/fr\/#organization","name":"Homeproject.fr","url":"https:\/\/homeproject.fr\/fr\/","logo":{"@type":"ImageObject","inLanguage":"fr-FR","@id":"https:\/\/homeproject.fr\/fr\/#\/schema\/logo\/image\/","url":"https:\/\/homeproject.fr\/fr\/wp-content\/uploads\/2024\/12\/Logo_HomeProject-noir-2.png","contentUrl":"https:\/\/homeproject.fr\/fr\/wp-content\/uploads\/2024\/12\/Logo_HomeProject-noir-2.png","width":300,"height":91,"caption":"Homeproject.fr"},"image":{"@id":"https:\/\/homeproject.fr\/fr\/#\/schema\/logo\/image\/"}}]}},"_links":{"self":[{"href":"https:\/\/homeproject.fr\/fr\/wp-json\/wp\/v2\/product\/16584","targetHints":{"allow":["GET"]}}],"collection":[{"href":"https:\/\/homeproject.fr\/fr\/wp-json\/wp\/v2\/product"}],"about":[{"href":"https:\/\/homeproject.fr\/fr\/wp-json\/wp\/v2\/types\/product"}],"version-history":[{"count":1,"href":"https:\/\/homeproject.fr\/fr\/wp-json\/wp\/v2\/product\/16584\/revisions"}],"predecessor-version":[{"id":16585,"href":"https:\/\/homeproject.fr\/fr\/wp-json\/wp\/v2\/product\/16584\/revisions\/16585"}],"wp:featuredmedia":[{"embeddable":true,"href":"https:\/\/homeproject.fr\/fr\/wp-json\/wp\/v2\/media\/16582"}],"wp:attachment":[{"href":"https:\/\/homeproject.fr\/fr\/wp-json\/wp\/v2\/media?parent=16584"}],"wp:term":[{"taxonomy":"product_brand","embeddable":true,"href":"https:\/\/homeproject.fr\/fr\/wp-json\/wp\/v2\/product_brand?post=16584"},{"taxonomy":"product_cat","embeddable":true,"href":"https:\/\/homeproject.fr\/fr\/wp-json\/wp\/v2\/product_cat?post=16584"},{"taxonomy":"product_tag","embeddable":true,"href":"https:\/\/homeproject.fr\/fr\/wp-json\/wp\/v2\/product_tag?post=16584"}],"curies":[{"name":"wp","href":"https:\/\/api.w.org\/{rel}","templated":true}]}}