{"id":16539,"date":"2026-05-11T07:41:18","date_gmt":"2026-05-11T07:41:18","guid":{"rendered":"https:\/\/homeproject.fr\/fr\/?post_type=product&#038;p=16539"},"modified":"2026-05-11T09:16:46","modified_gmt":"2026-05-11T09:16:46","slug":"carrelage-rectangulaire-wow-terre-chestnut-gloss-7x28-cm","status":"publish","type":"product","link":"https:\/\/homeproject.fr\/fr\/produit\/carrelage-rectangulaire-wow-terre-chestnut-gloss-7x28-cm\/","title":{"rendered":"Carrelage rectangulaire Wow TERRE Chestnut Gloss 7&#215;28 cm"},"content":{"rendered":"<p><strong><a href=\"https:\/\/homeproject.fr\/fr\/produit\/echantillon-carrelage-wow-terre-chestnut-gloss\/\">Commander un \u00e9chantillon<\/a><\/strong><\/p>\n<p data-start=\"842\" data-end=\"1180\">Parfait pour une cr\u00e9dence de cuisine, une salle de bain contemporaine, un mur d\u00e9coratif ou un espace commercial haut de gamme, le Wow Terre Chestnut Gloss cr\u00e9e une ambiance chaleureuse et raffin\u00e9e inspir\u00e9e de l\u2019artisanat m\u00e9diterran\u00e9en. Son aspect l\u00e9g\u00e8rement textur\u00e9 et ses variations de nuances renforcent son rendu authentique et vivant.<\/p>\n<p data-start=\"1182\" data-end=\"1409\">Fabriqu\u00e9 en gr\u00e8s c\u00e9rame avec une absorption d\u2019eau \u2264 0,5 %, ce carrelage b\u00e9n\u00e9ficie d\u2019excellentes performances techniques pour une utilisation durable en int\u00e9rieur comme en ext\u00e9rieur couvert.<\/p>\n<h3 data-section-id=\"u3csm9\" data-start=\"1411\" data-end=\"1442\">Caract\u00e9ristiques techniques<\/h3>\n<ul data-start=\"1443\" data-end=\"1735\" data-is-last-node=\"\" data-is-only-node=\"\">\n<li data-section-id=\"18gtbve\" data-start=\"1443\" data-end=\"1461\">Format : 7\u00d728 cm<\/li>\n<li data-section-id=\"sqdjh3\" data-start=\"1462\" data-end=\"1488\">Coloris : Chestnut Gloss<\/li>\n<li data-section-id=\"bddsw1\" data-start=\"1489\" data-end=\"1511\">Finition : brillante<\/li>\n<li data-section-id=\"prswqr\" data-start=\"1512\" data-end=\"1535\">Mati\u00e8re : gr\u00e8s c\u00e9rame<\/li>\n<li data-section-id=\"htm69s\" data-start=\"1536\" data-end=\"1556\">\u00c9paisseur : 8,5 mm<\/li>\n<li data-section-id=\"fjcsu7\" data-start=\"1557\" data-end=\"1587\">Usage : mur et sol int\u00e9rieur<\/li>\n<li data-section-id=\"u03nui\" data-start=\"1588\" data-end=\"1636\">Style : artisanal, contemporain, m\u00e9diterran\u00e9en<\/li>\n<li data-section-id=\"1akmx40\" data-start=\"1637\" data-end=\"1663\">Variation de teinte : V3<\/li>\n<li data-section-id=\"1ivczxf\" data-start=\"1664\" data-end=\"1735\" data-is-last-node=\"\">Collection : Terre \u2013 WOW Design<\/li>\n<\/ul>\n<p><strong style=\"font-family: inherit; font-size: 30px;\">Vous avez des questions ?<\/strong><\/p>\n<style id=\"wpforms-css-vars-3675\">\n\t\t\t\t#wpforms-3675 {\n\t\t\t\t\n\t\t\t}\n\t\t\t<\/style><div class=\"wpforms-container wpforms-container-full wpforms-render-modern\" id=\"wpforms-3675\"><form id=\"wpforms-form-3675\" class=\"wpforms-validate wpforms-form wpforms-ajax-form\" data-formid=\"3675\" method=\"post\" enctype=\"multipart\/form-data\" action=\"\/fr\/wp-json\/wp\/v2\/product\/16539\" data-token=\"03cdf653ce821e1e97cc9c531d12385b\" data-token-time=\"1778505241\"><noscript class=\"wpforms-error-noscript\">Veuillez activer JavaScript dans votre navigateur pour remplir ce formulaire.<\/noscript><div id=\"wpforms-error-noscript\" style=\"display: none;\">Veuillez activer JavaScript dans votre navigateur pour remplir ce formulaire.<\/div><div class=\"wpforms-field-container\"><div id=\"wpforms-3675-field_3-container\" class=\"wpforms-field wpforms-field-name\" data-field-id=\"3\"><fieldset><legend class=\"wpforms-field-label\">Nom <span class=\"wpforms-required-label\" aria-hidden=\"true\">*<\/span><\/legend><div class=\"wpforms-field-row wpforms-field-medium\"><div class=\"wpforms-field-row-block wpforms-first wpforms-one-half\"><input type=\"text\" id=\"wpforms-3675-field_3\" class=\"wpforms-field-name-first wpforms-field-required\" name=\"wpforms[fields][3][first]\" aria-errormessage=\"wpforms-3675-field_3-error\" required><label for=\"wpforms-3675-field_3\" class=\"wpforms-field-sublabel after\">Pr\u00e9nom<\/label><\/div><div class=\"wpforms-field-row-block wpforms-one-half\"><input type=\"text\" id=\"wpforms-3675-field_3-last\" class=\"wpforms-field-name-last wpforms-field-required\" name=\"wpforms[fields][3][last]\" aria-errormessage=\"wpforms-3675-field_3-last-error\" required><label for=\"wpforms-3675-field_3-last\" class=\"wpforms-field-sublabel after\">Nom<\/label><\/div><\/div><\/fieldset><\/div>\t\t<div id=\"wpforms-3675-field_1-container\"\n\t\t\tclass=\"wpforms-field wpforms-field-text\"\n\t\t\tdata-field-type=\"text\"\n\t\t\tdata-field-id=\"1\"\n\t\t\t>\n\t\t\t<label class=\"wpforms-field-label\" for=\"wpforms-3675-field_1\" >E-mail Message Nom<\/label>\n\t\t\t<input type=\"text\" id=\"wpforms-3675-field_1\" class=\"wpforms-field-medium\" name=\"wpforms[fields][1]\" >\n\t\t<\/div>\n\t\t<div id=\"wpforms-3675-field_4-container\" class=\"wpforms-field wpforms-field-email\" data-field-id=\"4\"><label class=\"wpforms-field-label\" for=\"wpforms-3675-field_4\">E-mail <span class=\"wpforms-required-label\" aria-hidden=\"true\">*<\/span><\/label><input type=\"email\" id=\"wpforms-3675-field_4\" class=\"wpforms-field-medium wpforms-field-required\" name=\"wpforms[fields][4]\" spellcheck=\"false\" aria-errormessage=\"wpforms-3675-field_4-error\" required><\/div><div id=\"wpforms-3675-field_5-container\" class=\"wpforms-field wpforms-field-textarea\" data-field-id=\"5\"><label class=\"wpforms-field-label\" for=\"wpforms-3675-field_5\">Message <span class=\"wpforms-required-label\" aria-hidden=\"true\">*<\/span><\/label><textarea id=\"wpforms-3675-field_5\" class=\"wpforms-field-medium wpforms-field-required\" name=\"wpforms[fields][5]\" aria-errormessage=\"wpforms-3675-field_5-error\" required><\/textarea><\/div><script>\n\t\t\t\t( function() {\n\t\t\t\t\tconst style = document.createElement( 'style' );\n\t\t\t\t\tstyle.appendChild( document.createTextNode( '#wpforms-3675-field_1-container { position: absolute !important; overflow: hidden !important; display: inline !important; height: 1px !important; width: 1px !important; z-index: -1000 !important; padding: 0 !important; } #wpforms-3675-field_1-container input { visibility: hidden; } #wpforms-conversational-form-page #wpforms-3675-field_1-container label { counter-increment: none; }' ) );\n\t\t\t\t\tdocument.head.appendChild( style );\n\t\t\t\t\tdocument.currentScript?.remove();\n\t\t\t\t} )();\n\t\t\t<\/script><\/div><!-- .wpforms-field-container --><div class=\"wpforms-submit-container\" ><input type=\"hidden\" name=\"wpforms[id]\" value=\"3675\"><input type=\"hidden\" name=\"page_title\" value=\"\"><input type=\"hidden\" name=\"page_url\" value=\"https:\/\/homeproject.fr\/fr\/wp-json\/wp\/v2\/product\/16539\"><input type=\"hidden\" name=\"url_referer\" value=\"\"><button type=\"submit\" name=\"wpforms[submit]\" id=\"wpforms-submit-3675\" class=\"wpforms-submit\" data-alt-text=\"Envoi...\" data-submit-text=\"Envoyer\" aria-live=\"assertive\" value=\"wpforms-submit\">Envoyer<\/button><img decoding=\"async\" src=\"https:\/\/homeproject.fr\/fr\/wp-content\/plugins\/wpforms-lite\/assets\/images\/submit-spin.svg\" class=\"wpforms-submit-spinner\" style=\"display: none;\" width=\"26\" height=\"26\" alt=\"Chargement en cours\"><\/div><\/form><\/div>  <!-- .wpforms-container -->\n","protected":false},"excerpt":{"rendered":"<p data-start=\"0\" data-end=\"393\">Le carrelage <strong data-start=\"13\" data-end=\"49\">Wow Terre Chestnut Gloss 7&#215;28 cm<\/strong> s\u00e9duit par son esth\u00e9tique artisanale et sa finition brillante aux nuances chaleureuses. Inspir\u00e9e des strates min\u00e9rales et des textures naturelles de l\u2019argile, la collection Terre joue sur les contrastes entre mati\u00e8re brute et reflets \u00e9maill\u00e9s pour cr\u00e9er des espaces contemporains au caract\u00e8re authentique.<\/p>\n<p data-start=\"395\" data-end=\"840\">Avec son format rectangulaire allong\u00e9 7&#215;28 cm, ce carrelage mural et sol en gr\u00e8s c\u00e9rame permet de r\u00e9aliser des compositions graphiques \u00e9l\u00e9gantes : pose verticale, horizontale, en chevrons ou en opus al\u00e9atoire. Sa teinte Chestnut Gloss r\u00e9v\u00e8le un brun terre cuite profond sublim\u00e9 par une surface brillante et irr\u00e9guli\u00e8re qui capte d\u00e9licatement la lumi\u00e8re pour apporter relief et sophistication aux int\u00e9rieurs.<\/p>\n","protected":false},"featured_media":16537,"template":"","meta":{"_uf_show_specific_survey":0,"_uf_disable_surveys":false,"iawp_total_views":77},"product_brand":[696],"product_cat":[20,131],"product_tag":[],"class_list":{"0":"post-16539","1":"product","2":"type-product","3":"status-publish","4":"has-post-thumbnail","6":"product_brand-wow","7":"product_cat-carrelage","8":"product_cat-carrelage-mural","9":"product_shipping_class-carrelage","10":"pa_collection-terre-par-wow","11":"pa_dimensions-nominales-7x28","12":"pa_effet-artisanal","13":"pa_effet-uni","14":"pa_epaisseur-85-mm","15":"pa_marque-wow","16":"pa_materiau-gres-cerame-emaille","18":"first","19":"instock","20":"sale","21":"taxable","22":"shipping-taxable","23":"purchasable","24":"product-type-simple"},"yoast_head":"<!-- This site is optimized with the Yoast SEO plugin v27.5 - https:\/\/yoast.com\/product\/yoast-seo-wordpress\/ -->\n<title>Carrelage rectangulaire Wow TERRE Chestnut Gloss 7x28 cm - Homeproject.fr<\/title>\n<meta name=\"robots\" content=\"index, follow, max-snippet:-1, max-image-preview:large, max-video-preview:-1\" \/>\n<link rel=\"canonical\" href=\"https:\/\/homeproject.fr\/fr\/produit\/carrelage-rectangulaire-wow-terre-chestnut-gloss-7x28-cm\/\" \/>\n<meta property=\"og:locale\" content=\"fr_FR\" \/>\n<meta property=\"og:type\" content=\"article\" \/>\n<meta property=\"og:title\" content=\"Carrelage rectangulaire Wow TERRE Chestnut Gloss 7x28 cm - Homeproject.fr\" \/>\n<meta property=\"og:description\" content=\"Le carrelage Wow Terre Chestnut Gloss 7x28 cm s\u00e9duit par son esth\u00e9tique artisanale et sa finition brillante aux nuances chaleureuses. Inspir\u00e9e des strates min\u00e9rales et des textures naturelles de l\u2019argile, la collection Terre joue sur les contrastes entre mati\u00e8re brute et reflets \u00e9maill\u00e9s pour cr\u00e9er des espaces contemporains au caract\u00e8re authentique. Avec son format rectangulaire allong\u00e9 7x28 cm, ce carrelage mural et sol en gr\u00e8s c\u00e9rame permet de r\u00e9aliser des compositions graphiques \u00e9l\u00e9gantes : pose verticale, horizontale, en chevrons ou en opus al\u00e9atoire. Sa teinte Chestnut Gloss r\u00e9v\u00e8le un brun terre cuite profond sublim\u00e9 par une surface brillante et irr\u00e9guli\u00e8re qui capte d\u00e9licatement la lumi\u00e8re pour apporter relief et sophistication aux int\u00e9rieurs.\" \/>\n<meta property=\"og:url\" content=\"https:\/\/homeproject.fr\/fr\/produit\/carrelage-rectangulaire-wow-terre-chestnut-gloss-7x28-cm\/\" \/>\n<meta property=\"og:site_name\" content=\"Homeproject.fr\" \/>\n<meta property=\"article:modified_time\" content=\"2026-05-11T09:16:46+00:00\" \/>\n<meta property=\"og:image\" content=\"https:\/\/homeproject.fr\/fr\/wp-content\/uploads\/2026\/05\/Carrelage-Wow-Terre-Chestnut-7x28-cm.png\" \/>\n\t<meta property=\"og:image:width\" content=\"1500\" \/>\n\t<meta property=\"og:image:height\" content=\"1500\" \/>\n\t<meta property=\"og:image:type\" content=\"image\/png\" \/>\n<meta name=\"twitter:card\" content=\"summary_large_image\" \/>\n<meta name=\"twitter:label1\" content=\"Dur\u00e9e de lecture estim\u00e9e\" \/>\n\t<meta name=\"twitter:data1\" content=\"1 minute\" \/>\n<script type=\"application\/ld+json\" class=\"yoast-schema-graph\">{\"@context\":\"https:\\\/\\\/schema.org\",\"@graph\":[{\"@type\":\"WebPage\",\"@id\":\"https:\\\/\\\/homeproject.fr\\\/fr\\\/produit\\\/carrelage-rectangulaire-wow-terre-chestnut-gloss-7x28-cm\\\/\",\"url\":\"https:\\\/\\\/homeproject.fr\\\/fr\\\/produit\\\/carrelage-rectangulaire-wow-terre-chestnut-gloss-7x28-cm\\\/\",\"name\":\"Carrelage rectangulaire Wow TERRE Chestnut Gloss 7x28 cm - Homeproject.fr\",\"isPartOf\":{\"@id\":\"https:\\\/\\\/homeproject.fr\\\/fr\\\/#website\"},\"primaryImageOfPage\":{\"@id\":\"https:\\\/\\\/homeproject.fr\\\/fr\\\/produit\\\/carrelage-rectangulaire-wow-terre-chestnut-gloss-7x28-cm\\\/#primaryimage\"},\"image\":{\"@id\":\"https:\\\/\\\/homeproject.fr\\\/fr\\\/produit\\\/carrelage-rectangulaire-wow-terre-chestnut-gloss-7x28-cm\\\/#primaryimage\"},\"thumbnailUrl\":\"https:\\\/\\\/homeproject.fr\\\/fr\\\/wp-content\\\/uploads\\\/2026\\\/05\\\/Carrelage-Wow-Terre-Chestnut-7x28-cm.png\",\"datePublished\":\"2026-05-11T07:41:18+00:00\",\"dateModified\":\"2026-05-11T09:16:46+00:00\",\"breadcrumb\":{\"@id\":\"https:\\\/\\\/homeproject.fr\\\/fr\\\/produit\\\/carrelage-rectangulaire-wow-terre-chestnut-gloss-7x28-cm\\\/#breadcrumb\"},\"inLanguage\":\"fr-FR\",\"potentialAction\":[{\"@type\":\"ReadAction\",\"target\":[\"https:\\\/\\\/homeproject.fr\\\/fr\\\/produit\\\/carrelage-rectangulaire-wow-terre-chestnut-gloss-7x28-cm\\\/\"]}]},{\"@type\":\"ImageObject\",\"inLanguage\":\"fr-FR\",\"@id\":\"https:\\\/\\\/homeproject.fr\\\/fr\\\/produit\\\/carrelage-rectangulaire-wow-terre-chestnut-gloss-7x28-cm\\\/#primaryimage\",\"url\":\"https:\\\/\\\/homeproject.fr\\\/fr\\\/wp-content\\\/uploads\\\/2026\\\/05\\\/Carrelage-Wow-Terre-Chestnut-7x28-cm.png\",\"contentUrl\":\"https:\\\/\\\/homeproject.fr\\\/fr\\\/wp-content\\\/uploads\\\/2026\\\/05\\\/Carrelage-Wow-Terre-Chestnut-7x28-cm.png\",\"width\":1500,\"height\":1500},{\"@type\":\"BreadcrumbList\",\"@id\":\"https:\\\/\\\/homeproject.fr\\\/fr\\\/produit\\\/carrelage-rectangulaire-wow-terre-chestnut-gloss-7x28-cm\\\/#breadcrumb\",\"itemListElement\":[{\"@type\":\"ListItem\",\"position\":1,\"name\":\"Accueil\",\"item\":\"https:\\\/\\\/homeproject.fr\\\/fr\\\/\"},{\"@type\":\"ListItem\",\"position\":2,\"name\":\"Boutique\",\"item\":\"https:\\\/\\\/homeproject.fr\\\/fr\\\/boutique\\\/\"},{\"@type\":\"ListItem\",\"position\":3,\"name\":\"Carrelage rectangulaire Wow TERRE Chestnut Gloss 7&#215;28 cm\"}]},{\"@type\":\"WebSite\",\"@id\":\"https:\\\/\\\/homeproject.fr\\\/fr\\\/#website\",\"url\":\"https:\\\/\\\/homeproject.fr\\\/fr\\\/\",\"name\":\"Homeproject.fr\",\"description\":\"Offrez l&#039;exceptionnel \u00e0 vos espaces \u00e0 vivre\",\"publisher\":{\"@id\":\"https:\\\/\\\/homeproject.fr\\\/fr\\\/#organization\"},\"potentialAction\":[{\"@type\":\"SearchAction\",\"target\":{\"@type\":\"EntryPoint\",\"urlTemplate\":\"https:\\\/\\\/homeproject.fr\\\/fr\\\/?s={search_term_string}\"},\"query-input\":{\"@type\":\"PropertyValueSpecification\",\"valueRequired\":true,\"valueName\":\"search_term_string\"}}],\"inLanguage\":\"fr-FR\"},{\"@type\":\"Organization\",\"@id\":\"https:\\\/\\\/homeproject.fr\\\/fr\\\/#organization\",\"name\":\"Homeproject.fr\",\"url\":\"https:\\\/\\\/homeproject.fr\\\/fr\\\/\",\"logo\":{\"@type\":\"ImageObject\",\"inLanguage\":\"fr-FR\",\"@id\":\"https:\\\/\\\/homeproject.fr\\\/fr\\\/#\\\/schema\\\/logo\\\/image\\\/\",\"url\":\"https:\\\/\\\/homeproject.fr\\\/fr\\\/wp-content\\\/uploads\\\/2024\\\/12\\\/Logo_HomeProject-noir-2.png\",\"contentUrl\":\"https:\\\/\\\/homeproject.fr\\\/fr\\\/wp-content\\\/uploads\\\/2024\\\/12\\\/Logo_HomeProject-noir-2.png\",\"width\":300,\"height\":91,\"caption\":\"Homeproject.fr\"},\"image\":{\"@id\":\"https:\\\/\\\/homeproject.fr\\\/fr\\\/#\\\/schema\\\/logo\\\/image\\\/\"}}]}<\/script>\n<!-- \/ Yoast SEO plugin. -->","yoast_head_json":{"title":"Carrelage rectangulaire Wow TERRE Chestnut Gloss 7x28 cm - Homeproject.fr","robots":{"index":"index","follow":"follow","max-snippet":"max-snippet:-1","max-image-preview":"max-image-preview:large","max-video-preview":"max-video-preview:-1"},"canonical":"https:\/\/homeproject.fr\/fr\/produit\/carrelage-rectangulaire-wow-terre-chestnut-gloss-7x28-cm\/","og_locale":"fr_FR","og_type":"article","og_title":"Carrelage rectangulaire Wow TERRE Chestnut Gloss 7x28 cm - Homeproject.fr","og_description":"Le carrelage Wow Terre Chestnut Gloss 7x28 cm s\u00e9duit par son esth\u00e9tique artisanale et sa finition brillante aux nuances chaleureuses. Inspir\u00e9e des strates min\u00e9rales et des textures naturelles de l\u2019argile, la collection Terre joue sur les contrastes entre mati\u00e8re brute et reflets \u00e9maill\u00e9s pour cr\u00e9er des espaces contemporains au caract\u00e8re authentique. Avec son format rectangulaire allong\u00e9 7x28 cm, ce carrelage mural et sol en gr\u00e8s c\u00e9rame permet de r\u00e9aliser des compositions graphiques \u00e9l\u00e9gantes : pose verticale, horizontale, en chevrons ou en opus al\u00e9atoire. Sa teinte Chestnut Gloss r\u00e9v\u00e8le un brun terre cuite profond sublim\u00e9 par une surface brillante et irr\u00e9guli\u00e8re qui capte d\u00e9licatement la lumi\u00e8re pour apporter relief et sophistication aux int\u00e9rieurs.","og_url":"https:\/\/homeproject.fr\/fr\/produit\/carrelage-rectangulaire-wow-terre-chestnut-gloss-7x28-cm\/","og_site_name":"Homeproject.fr","article_modified_time":"2026-05-11T09:16:46+00:00","og_image":[{"width":1500,"height":1500,"url":"https:\/\/homeproject.fr\/fr\/wp-content\/uploads\/2026\/05\/Carrelage-Wow-Terre-Chestnut-7x28-cm.png","type":"image\/png"}],"twitter_card":"summary_large_image","twitter_misc":{"Dur\u00e9e de lecture estim\u00e9e":"1 minute"},"schema":{"@context":"https:\/\/schema.org","@graph":[{"@type":"WebPage","@id":"https:\/\/homeproject.fr\/fr\/produit\/carrelage-rectangulaire-wow-terre-chestnut-gloss-7x28-cm\/","url":"https:\/\/homeproject.fr\/fr\/produit\/carrelage-rectangulaire-wow-terre-chestnut-gloss-7x28-cm\/","name":"Carrelage rectangulaire Wow TERRE Chestnut Gloss 7x28 cm - Homeproject.fr","isPartOf":{"@id":"https:\/\/homeproject.fr\/fr\/#website"},"primaryImageOfPage":{"@id":"https:\/\/homeproject.fr\/fr\/produit\/carrelage-rectangulaire-wow-terre-chestnut-gloss-7x28-cm\/#primaryimage"},"image":{"@id":"https:\/\/homeproject.fr\/fr\/produit\/carrelage-rectangulaire-wow-terre-chestnut-gloss-7x28-cm\/#primaryimage"},"thumbnailUrl":"https:\/\/homeproject.fr\/fr\/wp-content\/uploads\/2026\/05\/Carrelage-Wow-Terre-Chestnut-7x28-cm.png","datePublished":"2026-05-11T07:41:18+00:00","dateModified":"2026-05-11T09:16:46+00:00","breadcrumb":{"@id":"https:\/\/homeproject.fr\/fr\/produit\/carrelage-rectangulaire-wow-terre-chestnut-gloss-7x28-cm\/#breadcrumb"},"inLanguage":"fr-FR","potentialAction":[{"@type":"ReadAction","target":["https:\/\/homeproject.fr\/fr\/produit\/carrelage-rectangulaire-wow-terre-chestnut-gloss-7x28-cm\/"]}]},{"@type":"ImageObject","inLanguage":"fr-FR","@id":"https:\/\/homeproject.fr\/fr\/produit\/carrelage-rectangulaire-wow-terre-chestnut-gloss-7x28-cm\/#primaryimage","url":"https:\/\/homeproject.fr\/fr\/wp-content\/uploads\/2026\/05\/Carrelage-Wow-Terre-Chestnut-7x28-cm.png","contentUrl":"https:\/\/homeproject.fr\/fr\/wp-content\/uploads\/2026\/05\/Carrelage-Wow-Terre-Chestnut-7x28-cm.png","width":1500,"height":1500},{"@type":"BreadcrumbList","@id":"https:\/\/homeproject.fr\/fr\/produit\/carrelage-rectangulaire-wow-terre-chestnut-gloss-7x28-cm\/#breadcrumb","itemListElement":[{"@type":"ListItem","position":1,"name":"Accueil","item":"https:\/\/homeproject.fr\/fr\/"},{"@type":"ListItem","position":2,"name":"Boutique","item":"https:\/\/homeproject.fr\/fr\/boutique\/"},{"@type":"ListItem","position":3,"name":"Carrelage rectangulaire Wow TERRE Chestnut Gloss 7&#215;28 cm"}]},{"@type":"WebSite","@id":"https:\/\/homeproject.fr\/fr\/#website","url":"https:\/\/homeproject.fr\/fr\/","name":"Homeproject.fr","description":"Offrez l&#039;exceptionnel \u00e0 vos espaces \u00e0 vivre","publisher":{"@id":"https:\/\/homeproject.fr\/fr\/#organization"},"potentialAction":[{"@type":"SearchAction","target":{"@type":"EntryPoint","urlTemplate":"https:\/\/homeproject.fr\/fr\/?s={search_term_string}"},"query-input":{"@type":"PropertyValueSpecification","valueRequired":true,"valueName":"search_term_string"}}],"inLanguage":"fr-FR"},{"@type":"Organization","@id":"https:\/\/homeproject.fr\/fr\/#organization","name":"Homeproject.fr","url":"https:\/\/homeproject.fr\/fr\/","logo":{"@type":"ImageObject","inLanguage":"fr-FR","@id":"https:\/\/homeproject.fr\/fr\/#\/schema\/logo\/image\/","url":"https:\/\/homeproject.fr\/fr\/wp-content\/uploads\/2024\/12\/Logo_HomeProject-noir-2.png","contentUrl":"https:\/\/homeproject.fr\/fr\/wp-content\/uploads\/2024\/12\/Logo_HomeProject-noir-2.png","width":300,"height":91,"caption":"Homeproject.fr"},"image":{"@id":"https:\/\/homeproject.fr\/fr\/#\/schema\/logo\/image\/"}}]}},"_links":{"self":[{"href":"https:\/\/homeproject.fr\/fr\/wp-json\/wp\/v2\/product\/16539","targetHints":{"allow":["GET"]}}],"collection":[{"href":"https:\/\/homeproject.fr\/fr\/wp-json\/wp\/v2\/product"}],"about":[{"href":"https:\/\/homeproject.fr\/fr\/wp-json\/wp\/v2\/types\/product"}],"version-history":[{"count":1,"href":"https:\/\/homeproject.fr\/fr\/wp-json\/wp\/v2\/product\/16539\/revisions"}],"predecessor-version":[{"id":16565,"href":"https:\/\/homeproject.fr\/fr\/wp-json\/wp\/v2\/product\/16539\/revisions\/16565"}],"wp:featuredmedia":[{"embeddable":true,"href":"https:\/\/homeproject.fr\/fr\/wp-json\/wp\/v2\/media\/16537"}],"wp:attachment":[{"href":"https:\/\/homeproject.fr\/fr\/wp-json\/wp\/v2\/media?parent=16539"}],"wp:term":[{"taxonomy":"product_brand","embeddable":true,"href":"https:\/\/homeproject.fr\/fr\/wp-json\/wp\/v2\/product_brand?post=16539"},{"taxonomy":"product_cat","embeddable":true,"href":"https:\/\/homeproject.fr\/fr\/wp-json\/wp\/v2\/product_cat?post=16539"},{"taxonomy":"product_tag","embeddable":true,"href":"https:\/\/homeproject.fr\/fr\/wp-json\/wp\/v2\/product_tag?post=16539"}],"curies":[{"name":"wp","href":"https:\/\/api.w.org\/{rel}","templated":true}]}}