{"id":16529,"date":"2026-05-04T16:14:13","date_gmt":"2026-05-04T16:14:13","guid":{"rendered":"https:\/\/homeproject.fr\/fr\/?post_type=product&#038;p=16529"},"modified":"2026-05-04T16:48:30","modified_gmt":"2026-05-04T16:48:30","slug":"carrelage-aspect-pierre-veinee-living-ceramics-allure-sand-soft-textured-120x120","status":"publish","type":"product","link":"https:\/\/homeproject.fr\/fr\/produit\/carrelage-aspect-pierre-veinee-living-ceramics-allure-sand-soft-textured-120x120\/","title":{"rendered":"Carrelage aspect pierre vein\u00e9e Living Ceramics ALLURE SAND Soft Textured 120&#215;120"},"content":{"rendered":"<p><strong><a href=\"https:\/\/homeproject.fr\/fr\/produit\/echantillon-carrelage-living-ceramics-allure-sand-soft-textured\/\">Commander un \u00e9chantillon<\/a><\/strong><\/p>\n<div class=\"flex max-w-full flex-col flex-grow\">\n<div class=\"min-h-8 text-message flex w-full flex-col items-end gap-2 whitespace-normal break-words text-start [.text-message+&]:mt-5\" dir=\"auto\" data-message-author-role=\"assistant\" data-message-id=\"193bd993-e1d3-47ee-92c2-c4c4524f229d\" data-message-model-slug=\"gpt-4o\">\n<div class=\"flex w-full flex-col gap-1 empty:hidden first:pt-[3px]\">\n<div class=\"markdown prose w-full break-words dark:prose-invert light\">\n<h3>Un carrelage grand format pour des espaces architecturaux<\/h3>\n<p>Pens\u00e9 pour les projets les plus exigeants, le carrelage Allure Sand s\u2019int\u00e8gre parfaitement dans des int\u00e9rieurs contemporains, minimalistes ou d\u2019inspiration m\u00e9diterran\u00e9enne. Il sublime aussi bien un salon spacieux, une cuisine design qu\u2019une salle de bain \u00e9l\u00e9gante.<\/p>\n<p>Sa tonalit\u00e9 beige sable, douce et chaleureuse, capte la lumi\u00e8re naturelle et agrandit visuellement les volumes, faisant de ce carrelage un choix id\u00e9al pour les espaces ouverts et les architectures \u00e9pur\u00e9es.<\/p>\n<h3>Performance et durabilit\u00e9 du gr\u00e8s c\u00e9rame<\/h3>\n<p>Fabriqu\u00e9 en gr\u00e8s c\u00e9rame de haute qualit\u00e9, ce carrelage garantit une r\u00e9sistance optimale aux chocs, \u00e0 l\u2019usure et aux variations de temp\u00e9rature. Facile d\u2019entretien et parfaitement adapt\u00e9 \u00e0 un usage intensif, il convient aussi bien pour un usage r\u00e9sidentiel que professionnel.<\/p>\n<h3>Les atouts du carrelage Allure Sand 120\u00d7120<\/h3>\n<ul>\n<li>Format XXL 120\u00d7120 cm pour un rendu haut de gamme<\/li>\n<li>Finition Soft Textured : esth\u00e9tique + confort + antid\u00e9rapant<\/li>\n<li>Teinte sable naturelle, lumineuse et intemporelle<\/li>\n<li>Effet pierre subtilement nuanc\u00e9<\/li>\n<li>Bords rectifi\u00e9s pour des joints fins<\/li>\n<li>Adapt\u00e9 aux sols et murs, int\u00e9rieur comme ext\u00e9rieur (selon configuration)<\/li>\n<li>Entretien facile et durabilit\u00e9 exceptionnelle<\/li>\n<\/ul>\n<h3>Une signature esth\u00e9tique pour vos projets<\/h3>\n<p>Le carrelage Allure Sand 120\u00d7120 Soft Textured s\u2019adresse aux amateurs de design exigeants, aux architectes et aux projets haut de gamme souhaitant conjuguer authenticit\u00e9 min\u00e9rale et modernit\u00e9. Il s\u2019inscrit parfaitement dans une approche architecturale globale, o\u00f9 mati\u00e8re, lumi\u00e8re et volumes dialoguent avec \u00e9l\u00e9gance.<\/p>\n<\/div>\n<\/div>\n<\/div>\n<\/div>\n<p><strong style=\"font-family: inherit; font-size: 30px;\">Vous avez des questions ?<\/strong><\/p>\n<style id=\"wpforms-css-vars-3675\">\n\t\t\t\t#wpforms-3675 {\n\t\t\t\t\n\t\t\t}\n\t\t\t<\/style><div class=\"wpforms-container wpforms-container-full wpforms-render-modern\" id=\"wpforms-3675\"><form id=\"wpforms-form-3675\" class=\"wpforms-validate wpforms-form wpforms-ajax-form\" data-formid=\"3675\" method=\"post\" enctype=\"multipart\/form-data\" action=\"\/fr\/wp-json\/wp\/v2\/product\/16529\" data-token=\"2921a7ac3408d834be151983965c4ab3\" data-token-time=\"1777947072\"><noscript class=\"wpforms-error-noscript\">Veuillez activer JavaScript dans votre navigateur pour remplir ce formulaire.<\/noscript><div id=\"wpforms-error-noscript\" style=\"display: none;\">Veuillez activer JavaScript dans votre navigateur pour remplir ce formulaire.<\/div><div class=\"wpforms-field-container\"><div id=\"wpforms-3675-field_3-container\" class=\"wpforms-field wpforms-field-name\" data-field-id=\"3\"><fieldset><legend class=\"wpforms-field-label\">Nom <span class=\"wpforms-required-label\" aria-hidden=\"true\">*<\/span><\/legend><div class=\"wpforms-field-row wpforms-field-medium\"><div class=\"wpforms-field-row-block wpforms-first wpforms-one-half\"><input type=\"text\" id=\"wpforms-3675-field_3\" class=\"wpforms-field-name-first wpforms-field-required\" name=\"wpforms[fields][3][first]\" aria-errormessage=\"wpforms-3675-field_3-error\" required><label for=\"wpforms-3675-field_3\" class=\"wpforms-field-sublabel after\">Pr\u00e9nom<\/label><\/div><div class=\"wpforms-field-row-block wpforms-one-half\"><input type=\"text\" id=\"wpforms-3675-field_3-last\" class=\"wpforms-field-name-last wpforms-field-required\" name=\"wpforms[fields][3][last]\" aria-errormessage=\"wpforms-3675-field_3-last-error\" required><label for=\"wpforms-3675-field_3-last\" class=\"wpforms-field-sublabel after\">Nom<\/label><\/div><\/div><\/fieldset><\/div><div id=\"wpforms-3675-field_4-container\" class=\"wpforms-field wpforms-field-email\" data-field-id=\"4\"><label class=\"wpforms-field-label\" for=\"wpforms-3675-field_4\">E-mail <span class=\"wpforms-required-label\" aria-hidden=\"true\">*<\/span><\/label><input type=\"email\" id=\"wpforms-3675-field_4\" class=\"wpforms-field-medium wpforms-field-required\" name=\"wpforms[fields][4]\" spellcheck=\"false\" aria-errormessage=\"wpforms-3675-field_4-error\" required><\/div>\t\t<div id=\"wpforms-3675-field_1-container\"\n\t\t\tclass=\"wpforms-field wpforms-field-text\"\n\t\t\tdata-field-type=\"text\"\n\t\t\tdata-field-id=\"1\"\n\t\t\t>\n\t\t\t<label class=\"wpforms-field-label\" for=\"wpforms-3675-field_1\" >Nom E-mail Message<\/label>\n\t\t\t<input type=\"text\" id=\"wpforms-3675-field_1\" class=\"wpforms-field-medium\" name=\"wpforms[fields][1]\" >\n\t\t<\/div>\n\t\t<div id=\"wpforms-3675-field_5-container\" class=\"wpforms-field wpforms-field-textarea\" data-field-id=\"5\"><label class=\"wpforms-field-label\" for=\"wpforms-3675-field_5\">Message <span class=\"wpforms-required-label\" aria-hidden=\"true\">*<\/span><\/label><textarea id=\"wpforms-3675-field_5\" class=\"wpforms-field-medium wpforms-field-required\" name=\"wpforms[fields][5]\" aria-errormessage=\"wpforms-3675-field_5-error\" required><\/textarea><\/div><script>\n\t\t\t\t( function() {\n\t\t\t\t\tconst style = document.createElement( 'style' );\n\t\t\t\t\tstyle.appendChild( document.createTextNode( '#wpforms-3675-field_1-container { position: absolute !important; overflow: hidden !important; display: inline !important; height: 1px !important; width: 1px !important; z-index: -1000 !important; padding: 0 !important; } #wpforms-3675-field_1-container input { visibility: hidden; } #wpforms-conversational-form-page #wpforms-3675-field_1-container label { counter-increment: none; }' ) );\n\t\t\t\t\tdocument.head.appendChild( style );\n\t\t\t\t\tdocument.currentScript?.remove();\n\t\t\t\t} )();\n\t\t\t<\/script><\/div><!-- .wpforms-field-container --><div class=\"wpforms-submit-container\" ><input type=\"hidden\" name=\"wpforms[id]\" value=\"3675\"><input type=\"hidden\" name=\"page_title\" value=\"\"><input type=\"hidden\" name=\"page_url\" value=\"https:\/\/homeproject.fr\/fr\/wp-json\/wp\/v2\/product\/16529\"><input type=\"hidden\" name=\"url_referer\" value=\"\"><button type=\"submit\" name=\"wpforms[submit]\" id=\"wpforms-submit-3675\" class=\"wpforms-submit\" data-alt-text=\"Envoi...\" data-submit-text=\"Envoyer\" aria-live=\"assertive\" value=\"wpforms-submit\">Envoyer<\/button><img decoding=\"async\" src=\"https:\/\/homeproject.fr\/fr\/wp-content\/plugins\/wpforms-lite\/assets\/images\/submit-spin.svg\" class=\"wpforms-submit-spinner\" style=\"display: none;\" width=\"26\" height=\"26\" alt=\"Chargement en cours\"><\/div><\/form><\/div>  <!-- .wpforms-container -->\n","protected":false},"excerpt":{"rendered":"<p>Le carrelage Allure Sand 120&#215;120 Soft Textured incarne l\u2019\u00e9quilibre parfait entre sophistication naturelle et design contemporain. Inspir\u00e9 par la douceur des pierres calcaires patin\u00e9es, ce gr\u00e8s c\u00e9rame grand format s\u00e9duit par sa teinte sable lumineuse et ses nuances subtiles, id\u00e9ales pour cr\u00e9er des espaces raffin\u00e9s et intemporels.<\/p>\n<p>Gr\u00e2ce \u00e0 son format 120&#215;120 cm rectifi\u00e9, il offre une continuit\u00e9 visuelle exceptionnelle avec des joints r\u00e9duits, renfor\u00e7ant l\u2019effet de surface homog\u00e8ne et haut de gamme. Sa finition Soft Textured apporte une texture d\u00e9licate au toucher, combinant esth\u00e9tique et confort d\u2019usage, tout en garantissant une excellente adh\u00e9rence.<\/p>\n","protected":false},"featured_media":16527,"template":"","meta":{"_uf_show_specific_survey":0,"_uf_disable_surveys":false,"iawp_total_views":3},"product_brand":[693],"product_cat":[129,20],"product_tag":[],"class_list":{"0":"post-16529","1":"product","2":"type-product","3":"status-publish","4":"has-post-thumbnail","6":"product_brand-living-ceramics","7":"product_cat-aspect-pierre","8":"product_cat-carrelage","9":"product_shipping_class-carrelage","10":"pa_collection-allure-par-living-ceramics","11":"pa_dimensions-nominales-120x120","12":"pa_effet-pierre","13":"pa_epaisseur-9mm","14":"pa_marque-living-ceramics","15":"pa_materiau-gres-cerame-emaille","17":"first","18":"instock","19":"sale","20":"taxable","21":"shipping-taxable","22":"purchasable","23":"product-type-simple"},"yoast_head":"<!-- This site is optimized with the Yoast SEO plugin v27.5 - https:\/\/yoast.com\/product\/yoast-seo-wordpress\/ -->\n<title>Carrelage aspect pierre vein\u00e9e Living Ceramics ALLURE SAND Soft Textured 120x120 - Homeproject.fr<\/title>\n<meta name=\"robots\" content=\"index, follow, max-snippet:-1, max-image-preview:large, max-video-preview:-1\" \/>\n<link rel=\"canonical\" href=\"https:\/\/homeproject.fr\/fr\/produit\/carrelage-aspect-pierre-veinee-living-ceramics-allure-sand-soft-textured-120x120\/\" \/>\n<meta property=\"og:locale\" content=\"fr_FR\" \/>\n<meta property=\"og:type\" content=\"article\" \/>\n<meta property=\"og:title\" content=\"Carrelage aspect pierre vein\u00e9e Living Ceramics ALLURE SAND Soft Textured 120x120 - Homeproject.fr\" \/>\n<meta property=\"og:description\" content=\"Le carrelage Allure Sand 120x120 Soft Textured incarne l\u2019\u00e9quilibre parfait entre sophistication naturelle et design contemporain. Inspir\u00e9 par la douceur des pierres calcaires patin\u00e9es, ce gr\u00e8s c\u00e9rame grand format s\u00e9duit par sa teinte sable lumineuse et ses nuances subtiles, id\u00e9ales pour cr\u00e9er des espaces raffin\u00e9s et intemporels.  Gr\u00e2ce \u00e0 son format 120x120 cm rectifi\u00e9, il offre une continuit\u00e9 visuelle exceptionnelle avec des joints r\u00e9duits, renfor\u00e7ant l\u2019effet de surface homog\u00e8ne et haut de gamme. Sa finition Soft Textured apporte une texture d\u00e9licate au toucher, combinant esth\u00e9tique et confort d\u2019usage, tout en garantissant une excellente adh\u00e9rence.\" \/>\n<meta property=\"og:url\" content=\"https:\/\/homeproject.fr\/fr\/produit\/carrelage-aspect-pierre-veinee-living-ceramics-allure-sand-soft-textured-120x120\/\" \/>\n<meta property=\"og:site_name\" content=\"Homeproject.fr\" \/>\n<meta property=\"article:modified_time\" content=\"2026-05-04T16:48:30+00:00\" \/>\n<meta property=\"og:image\" content=\"https:\/\/homeproject.fr\/fr\/wp-content\/uploads\/2026\/05\/Carrelage-aspect-pierre-grand-format-sable-Living-Ceramics-Allure-Sand-1024x1024.png\" \/>\n\t<meta property=\"og:image:width\" content=\"1024\" \/>\n\t<meta property=\"og:image:height\" content=\"1024\" \/>\n\t<meta property=\"og:image:type\" content=\"image\/png\" \/>\n<meta name=\"twitter:card\" content=\"summary_large_image\" \/>\n<meta name=\"twitter:label1\" content=\"Dur\u00e9e de lecture estim\u00e9e\" \/>\n\t<meta name=\"twitter:data1\" content=\"2 minutes\" \/>\n<script type=\"application\/ld+json\" class=\"yoast-schema-graph\">{\"@context\":\"https:\\\/\\\/schema.org\",\"@graph\":[{\"@type\":\"WebPage\",\"@id\":\"https:\\\/\\\/homeproject.fr\\\/fr\\\/produit\\\/carrelage-aspect-pierre-veinee-living-ceramics-allure-sand-soft-textured-120x120\\\/\",\"url\":\"https:\\\/\\\/homeproject.fr\\\/fr\\\/produit\\\/carrelage-aspect-pierre-veinee-living-ceramics-allure-sand-soft-textured-120x120\\\/\",\"name\":\"Carrelage aspect pierre vein\u00e9e Living Ceramics ALLURE SAND Soft Textured 120x120 - Homeproject.fr\",\"isPartOf\":{\"@id\":\"https:\\\/\\\/homeproject.fr\\\/fr\\\/#website\"},\"primaryImageOfPage\":{\"@id\":\"https:\\\/\\\/homeproject.fr\\\/fr\\\/produit\\\/carrelage-aspect-pierre-veinee-living-ceramics-allure-sand-soft-textured-120x120\\\/#primaryimage\"},\"image\":{\"@id\":\"https:\\\/\\\/homeproject.fr\\\/fr\\\/produit\\\/carrelage-aspect-pierre-veinee-living-ceramics-allure-sand-soft-textured-120x120\\\/#primaryimage\"},\"thumbnailUrl\":\"https:\\\/\\\/homeproject.fr\\\/fr\\\/wp-content\\\/uploads\\\/2026\\\/05\\\/Carrelage-aspect-pierre-grand-format-sable-Living-Ceramics-Allure-Sand.png\",\"datePublished\":\"2026-05-04T16:14:13+00:00\",\"dateModified\":\"2026-05-04T16:48:30+00:00\",\"breadcrumb\":{\"@id\":\"https:\\\/\\\/homeproject.fr\\\/fr\\\/produit\\\/carrelage-aspect-pierre-veinee-living-ceramics-allure-sand-soft-textured-120x120\\\/#breadcrumb\"},\"inLanguage\":\"fr-FR\",\"potentialAction\":[{\"@type\":\"ReadAction\",\"target\":[\"https:\\\/\\\/homeproject.fr\\\/fr\\\/produit\\\/carrelage-aspect-pierre-veinee-living-ceramics-allure-sand-soft-textured-120x120\\\/\"]}]},{\"@type\":\"ImageObject\",\"inLanguage\":\"fr-FR\",\"@id\":\"https:\\\/\\\/homeproject.fr\\\/fr\\\/produit\\\/carrelage-aspect-pierre-veinee-living-ceramics-allure-sand-soft-textured-120x120\\\/#primaryimage\",\"url\":\"https:\\\/\\\/homeproject.fr\\\/fr\\\/wp-content\\\/uploads\\\/2026\\\/05\\\/Carrelage-aspect-pierre-grand-format-sable-Living-Ceramics-Allure-Sand.png\",\"contentUrl\":\"https:\\\/\\\/homeproject.fr\\\/fr\\\/wp-content\\\/uploads\\\/2026\\\/05\\\/Carrelage-aspect-pierre-grand-format-sable-Living-Ceramics-Allure-Sand.png\",\"width\":1500,\"height\":1500},{\"@type\":\"BreadcrumbList\",\"@id\":\"https:\\\/\\\/homeproject.fr\\\/fr\\\/produit\\\/carrelage-aspect-pierre-veinee-living-ceramics-allure-sand-soft-textured-120x120\\\/#breadcrumb\",\"itemListElement\":[{\"@type\":\"ListItem\",\"position\":1,\"name\":\"Accueil\",\"item\":\"https:\\\/\\\/homeproject.fr\\\/fr\\\/\"},{\"@type\":\"ListItem\",\"position\":2,\"name\":\"Boutique\",\"item\":\"https:\\\/\\\/homeproject.fr\\\/fr\\\/boutique\\\/\"},{\"@type\":\"ListItem\",\"position\":3,\"name\":\"Carrelage aspect pierre vein\u00e9e Living Ceramics ALLURE SAND Soft Textured 120&#215;120\"}]},{\"@type\":\"WebSite\",\"@id\":\"https:\\\/\\\/homeproject.fr\\\/fr\\\/#website\",\"url\":\"https:\\\/\\\/homeproject.fr\\\/fr\\\/\",\"name\":\"Homeproject.fr\",\"description\":\"Offrez l&#039;exceptionnel \u00e0 vos espaces \u00e0 vivre\",\"publisher\":{\"@id\":\"https:\\\/\\\/homeproject.fr\\\/fr\\\/#organization\"},\"potentialAction\":[{\"@type\":\"SearchAction\",\"target\":{\"@type\":\"EntryPoint\",\"urlTemplate\":\"https:\\\/\\\/homeproject.fr\\\/fr\\\/?s={search_term_string}\"},\"query-input\":{\"@type\":\"PropertyValueSpecification\",\"valueRequired\":true,\"valueName\":\"search_term_string\"}}],\"inLanguage\":\"fr-FR\"},{\"@type\":\"Organization\",\"@id\":\"https:\\\/\\\/homeproject.fr\\\/fr\\\/#organization\",\"name\":\"Homeproject.fr\",\"url\":\"https:\\\/\\\/homeproject.fr\\\/fr\\\/\",\"logo\":{\"@type\":\"ImageObject\",\"inLanguage\":\"fr-FR\",\"@id\":\"https:\\\/\\\/homeproject.fr\\\/fr\\\/#\\\/schema\\\/logo\\\/image\\\/\",\"url\":\"https:\\\/\\\/homeproject.fr\\\/fr\\\/wp-content\\\/uploads\\\/2024\\\/12\\\/Logo_HomeProject-noir-2.png\",\"contentUrl\":\"https:\\\/\\\/homeproject.fr\\\/fr\\\/wp-content\\\/uploads\\\/2024\\\/12\\\/Logo_HomeProject-noir-2.png\",\"width\":300,\"height\":91,\"caption\":\"Homeproject.fr\"},\"image\":{\"@id\":\"https:\\\/\\\/homeproject.fr\\\/fr\\\/#\\\/schema\\\/logo\\\/image\\\/\"}}]}<\/script>\n<!-- \/ Yoast SEO plugin. -->","yoast_head_json":{"title":"Carrelage aspect pierre vein\u00e9e Living Ceramics ALLURE SAND Soft Textured 120x120 - Homeproject.fr","robots":{"index":"index","follow":"follow","max-snippet":"max-snippet:-1","max-image-preview":"max-image-preview:large","max-video-preview":"max-video-preview:-1"},"canonical":"https:\/\/homeproject.fr\/fr\/produit\/carrelage-aspect-pierre-veinee-living-ceramics-allure-sand-soft-textured-120x120\/","og_locale":"fr_FR","og_type":"article","og_title":"Carrelage aspect pierre vein\u00e9e Living Ceramics ALLURE SAND Soft Textured 120x120 - Homeproject.fr","og_description":"Le carrelage Allure Sand 120x120 Soft Textured incarne l\u2019\u00e9quilibre parfait entre sophistication naturelle et design contemporain. Inspir\u00e9 par la douceur des pierres calcaires patin\u00e9es, ce gr\u00e8s c\u00e9rame grand format s\u00e9duit par sa teinte sable lumineuse et ses nuances subtiles, id\u00e9ales pour cr\u00e9er des espaces raffin\u00e9s et intemporels.  Gr\u00e2ce \u00e0 son format 120x120 cm rectifi\u00e9, il offre une continuit\u00e9 visuelle exceptionnelle avec des joints r\u00e9duits, renfor\u00e7ant l\u2019effet de surface homog\u00e8ne et haut de gamme. Sa finition Soft Textured apporte une texture d\u00e9licate au toucher, combinant esth\u00e9tique et confort d\u2019usage, tout en garantissant une excellente adh\u00e9rence.","og_url":"https:\/\/homeproject.fr\/fr\/produit\/carrelage-aspect-pierre-veinee-living-ceramics-allure-sand-soft-textured-120x120\/","og_site_name":"Homeproject.fr","article_modified_time":"2026-05-04T16:48:30+00:00","og_image":[{"width":1024,"height":1024,"url":"https:\/\/homeproject.fr\/fr\/wp-content\/uploads\/2026\/05\/Carrelage-aspect-pierre-grand-format-sable-Living-Ceramics-Allure-Sand-1024x1024.png","type":"image\/png"}],"twitter_card":"summary_large_image","twitter_misc":{"Dur\u00e9e de lecture estim\u00e9e":"2 minutes"},"schema":{"@context":"https:\/\/schema.org","@graph":[{"@type":"WebPage","@id":"https:\/\/homeproject.fr\/fr\/produit\/carrelage-aspect-pierre-veinee-living-ceramics-allure-sand-soft-textured-120x120\/","url":"https:\/\/homeproject.fr\/fr\/produit\/carrelage-aspect-pierre-veinee-living-ceramics-allure-sand-soft-textured-120x120\/","name":"Carrelage aspect pierre vein\u00e9e Living Ceramics ALLURE SAND Soft Textured 120x120 - Homeproject.fr","isPartOf":{"@id":"https:\/\/homeproject.fr\/fr\/#website"},"primaryImageOfPage":{"@id":"https:\/\/homeproject.fr\/fr\/produit\/carrelage-aspect-pierre-veinee-living-ceramics-allure-sand-soft-textured-120x120\/#primaryimage"},"image":{"@id":"https:\/\/homeproject.fr\/fr\/produit\/carrelage-aspect-pierre-veinee-living-ceramics-allure-sand-soft-textured-120x120\/#primaryimage"},"thumbnailUrl":"https:\/\/homeproject.fr\/fr\/wp-content\/uploads\/2026\/05\/Carrelage-aspect-pierre-grand-format-sable-Living-Ceramics-Allure-Sand.png","datePublished":"2026-05-04T16:14:13+00:00","dateModified":"2026-05-04T16:48:30+00:00","breadcrumb":{"@id":"https:\/\/homeproject.fr\/fr\/produit\/carrelage-aspect-pierre-veinee-living-ceramics-allure-sand-soft-textured-120x120\/#breadcrumb"},"inLanguage":"fr-FR","potentialAction":[{"@type":"ReadAction","target":["https:\/\/homeproject.fr\/fr\/produit\/carrelage-aspect-pierre-veinee-living-ceramics-allure-sand-soft-textured-120x120\/"]}]},{"@type":"ImageObject","inLanguage":"fr-FR","@id":"https:\/\/homeproject.fr\/fr\/produit\/carrelage-aspect-pierre-veinee-living-ceramics-allure-sand-soft-textured-120x120\/#primaryimage","url":"https:\/\/homeproject.fr\/fr\/wp-content\/uploads\/2026\/05\/Carrelage-aspect-pierre-grand-format-sable-Living-Ceramics-Allure-Sand.png","contentUrl":"https:\/\/homeproject.fr\/fr\/wp-content\/uploads\/2026\/05\/Carrelage-aspect-pierre-grand-format-sable-Living-Ceramics-Allure-Sand.png","width":1500,"height":1500},{"@type":"BreadcrumbList","@id":"https:\/\/homeproject.fr\/fr\/produit\/carrelage-aspect-pierre-veinee-living-ceramics-allure-sand-soft-textured-120x120\/#breadcrumb","itemListElement":[{"@type":"ListItem","position":1,"name":"Accueil","item":"https:\/\/homeproject.fr\/fr\/"},{"@type":"ListItem","position":2,"name":"Boutique","item":"https:\/\/homeproject.fr\/fr\/boutique\/"},{"@type":"ListItem","position":3,"name":"Carrelage aspect pierre vein\u00e9e Living Ceramics ALLURE SAND Soft Textured 120&#215;120"}]},{"@type":"WebSite","@id":"https:\/\/homeproject.fr\/fr\/#website","url":"https:\/\/homeproject.fr\/fr\/","name":"Homeproject.fr","description":"Offrez l&#039;exceptionnel \u00e0 vos espaces \u00e0 vivre","publisher":{"@id":"https:\/\/homeproject.fr\/fr\/#organization"},"potentialAction":[{"@type":"SearchAction","target":{"@type":"EntryPoint","urlTemplate":"https:\/\/homeproject.fr\/fr\/?s={search_term_string}"},"query-input":{"@type":"PropertyValueSpecification","valueRequired":true,"valueName":"search_term_string"}}],"inLanguage":"fr-FR"},{"@type":"Organization","@id":"https:\/\/homeproject.fr\/fr\/#organization","name":"Homeproject.fr","url":"https:\/\/homeproject.fr\/fr\/","logo":{"@type":"ImageObject","inLanguage":"fr-FR","@id":"https:\/\/homeproject.fr\/fr\/#\/schema\/logo\/image\/","url":"https:\/\/homeproject.fr\/fr\/wp-content\/uploads\/2024\/12\/Logo_HomeProject-noir-2.png","contentUrl":"https:\/\/homeproject.fr\/fr\/wp-content\/uploads\/2024\/12\/Logo_HomeProject-noir-2.png","width":300,"height":91,"caption":"Homeproject.fr"},"image":{"@id":"https:\/\/homeproject.fr\/fr\/#\/schema\/logo\/image\/"}}]}},"_links":{"self":[{"href":"https:\/\/homeproject.fr\/fr\/wp-json\/wp\/v2\/product\/16529","targetHints":{"allow":["GET"]}}],"collection":[{"href":"https:\/\/homeproject.fr\/fr\/wp-json\/wp\/v2\/product"}],"about":[{"href":"https:\/\/homeproject.fr\/fr\/wp-json\/wp\/v2\/types\/product"}],"version-history":[{"count":1,"href":"https:\/\/homeproject.fr\/fr\/wp-json\/wp\/v2\/product\/16529\/revisions"}],"predecessor-version":[{"id":16530,"href":"https:\/\/homeproject.fr\/fr\/wp-json\/wp\/v2\/product\/16529\/revisions\/16530"}],"wp:featuredmedia":[{"embeddable":true,"href":"https:\/\/homeproject.fr\/fr\/wp-json\/wp\/v2\/media\/16527"}],"wp:attachment":[{"href":"https:\/\/homeproject.fr\/fr\/wp-json\/wp\/v2\/media?parent=16529"}],"wp:term":[{"taxonomy":"product_brand","embeddable":true,"href":"https:\/\/homeproject.fr\/fr\/wp-json\/wp\/v2\/product_brand?post=16529"},{"taxonomy":"product_cat","embeddable":true,"href":"https:\/\/homeproject.fr\/fr\/wp-json\/wp\/v2\/product_cat?post=16529"},{"taxonomy":"product_tag","embeddable":true,"href":"https:\/\/homeproject.fr\/fr\/wp-json\/wp\/v2\/product_tag?post=16529"}],"curies":[{"name":"wp","href":"https:\/\/api.w.org\/{rel}","templated":true}]}}