{"id":16454,"date":"2026-05-04T09:43:54","date_gmt":"2026-05-04T09:43:54","guid":{"rendered":"https:\/\/homeproject.fr\/fr\/?post_type=product&#038;p=16454"},"modified":"2026-05-04T09:46:01","modified_gmt":"2026-05-04T09:46:01","slug":"carrelage-mural-artisanal-mutina-chamotte-mono-verde-72-x-213-cm","status":"publish","type":"product","link":"https:\/\/homeproject.fr\/fr\/produit\/carrelage-mural-artisanal-mutina-chamotte-mono-verde-72-x-213-cm\/","title":{"rendered":"Carrelage mural artisanal Mutina CHAMOTTE Mono Verde 7,2 x 21,3 cm"},"content":{"rendered":"<p><strong><a href=\"https:\/\/homeproject.fr\/fr\/produit\/echantillon-carrelage-mutina-chamotte-mono-verde\/\">Commander un \u00e9chantillon<\/a><\/strong><\/p>\n<h3 data-section-id=\"ip3zl3\" data-start=\"900\" data-end=\"945\">Une couleur verte \u00e9l\u00e9gante et naturelle<\/h3>\n<p data-start=\"946\" data-end=\"1185\">La teinte verte, profonde et nuanc\u00e9e, s\u2019inspire des pigments naturels et des paysages min\u00e9raux. Associ\u00e9e \u00e0 une <strong data-start=\"1057\" data-end=\"1104\">finition brillante issue d\u2019\u00e9maux artisanaux<\/strong>, elle apporte une touche \u00e0 la fois sophistiqu\u00e9e et organique \u00e0 tous les espaces.<\/p>\n<hr data-start=\"1187\" data-end=\"1190\" \/>\n<h3 data-section-id=\"1jev9pj\" data-start=\"1192\" data-end=\"1250\">Un format modulable pour des compositions sur mesure<\/h3>\n<p data-start=\"1251\" data-end=\"1357\">Avec son format rectangulaire <strong data-start=\"1281\" data-end=\"1298\">7,2 x 21,3 cm<\/strong>, Chamotte Mono Verde permet une grande libert\u00e9 de pose :<\/p>\n<ul data-start=\"1358\" data-end=\"1493\">\n<li data-section-id=\"1u7cuxw\" data-start=\"1358\" data-end=\"1395\">alignement horizontal ou vertical<\/li>\n<li data-section-id=\"tw36ll\" data-start=\"1396\" data-end=\"1425\">pose d\u00e9cal\u00e9e ou en damier<\/li>\n<li data-section-id=\"gkusnl\" data-start=\"1426\" data-end=\"1493\">association avec d\u2019autres textures ou couleurs de la collection<\/li>\n<\/ul>\n<p data-start=\"1495\" data-end=\"1623\">Ce format est id\u00e9al pour cr\u00e9er des <strong data-start=\"1530\" data-end=\"1584\">murs d\u00e9coratifs contemporains \u00e0 forte personnalit\u00e9<\/strong> .<\/p>\n<hr data-start=\"1625\" data-end=\"1628\" \/>\n<h3 data-section-id=\"13qop6r\" data-start=\"1630\" data-end=\"1683\">Un carrelage mural haut de gamme pour int\u00e9rieur<\/h3>\n<p data-start=\"1684\" data-end=\"1811\">Pens\u00e9 pour un usage mural en int\u00e9rieur, ce carrelage s\u2019int\u00e8gre parfaitement dans des projets r\u00e9sidentiels et professionnels :<\/p>\n<ul data-start=\"1812\" data-end=\"1943\">\n<li data-section-id=\"4nwwx1\" data-start=\"1812\" data-end=\"1849\">salle de bain design et naturelle<\/li>\n<li data-section-id=\"lko946\" data-start=\"1850\" data-end=\"1887\">cr\u00e9dence de cuisine contemporaine<\/li>\n<li data-section-id=\"1u7yp57\" data-start=\"1888\" data-end=\"1943\">mur d\u00e9coratif dans un salon ou un espace commercial<\/li>\n<\/ul>\n<p data-start=\"1945\" data-end=\"2104\">Sa surface \u00e9maill\u00e9e garantit <strong data-start=\"1974\" data-end=\"2021\">r\u00e9sistance, hygi\u00e8ne et facilit\u00e9 d\u2019entretien<\/strong>, tout en conservant son \u00e9clat dans le temps .<\/p>\n<hr data-start=\"2106\" data-end=\"2109\" \/>\n<h3 data-section-id=\"lghizk\" data-start=\"2111\" data-end=\"2156\">Les points forts du Chamotte Mono Verde<\/h3>\n<ul data-start=\"2157\" data-end=\"2433\">\n<li data-section-id=\"1b371ms\" data-start=\"2157\" data-end=\"2202\">\u2714 Effet mati\u00e8re brut avec reliefs marqu\u00e9s<\/li>\n<li data-section-id=\"1b6smkl\" data-start=\"2203\" data-end=\"2241\">\u2714 Finition brillante haut de gamme<\/li>\n<li data-section-id=\"10hdpal\" data-start=\"2242\" data-end=\"2282\">\u2714 Teinte verte profonde et naturelle<\/li>\n<li data-section-id=\"16xoqx7\" data-start=\"2283\" data-end=\"2332\">\u2714 Format \u00e9l\u00e9gant pour compositions graphiques<\/li>\n<li data-section-id=\"u8v0pv\" data-start=\"2333\" data-end=\"2385\">\u2714 Carrelage mural durable et facile \u00e0 entretenir<\/li>\n<li data-section-id=\"9fuozz\" data-start=\"2386\" data-end=\"2433\">\u2714 Id\u00e9al pour projets architecturaux premium<\/li>\n<\/ul>\n<hr data-start=\"2435\" data-end=\"2438\" \/>\n<h3 data-section-id=\"xsis4w\" data-start=\"2440\" data-end=\"2484\">Une signature d\u00e9corative contemporaine<\/h3>\n<p data-start=\"2485\" data-end=\"2711\">Le carrelage mural Chamotte Mono Verde transforme les murs en surfaces vivantes et textur\u00e9es. Il s\u2019adresse aux amateurs de design et aux professionnels recherchant un mat\u00e9riau <strong data-start=\"2661\" data-end=\"2710\">expressif, \u00e9l\u00e9gant et r\u00e9solument contemporain<\/strong>.<\/p>\n<h3 data-section-id=\"7h0diz\" data-start=\"403\" data-end=\"450\"><strong style=\"font-family: inherit; font-size: 30px;\">Vous avez des questions ?<\/strong><\/h3>\n<style id=\"wpforms-css-vars-3675\">\n\t\t\t\t#wpforms-3675 {\n\t\t\t\t\n\t\t\t}\n\t\t\t<\/style><div class=\"wpforms-container wpforms-container-full wpforms-render-modern\" id=\"wpforms-3675\"><form id=\"wpforms-form-3675\" class=\"wpforms-validate wpforms-form wpforms-ajax-form\" data-formid=\"3675\" method=\"post\" enctype=\"multipart\/form-data\" action=\"\/fr\/wp-json\/wp\/v2\/product\/16454\" data-token=\"40ada6e9151c970e4278e2da3e5409c5\" data-token-time=\"1777898025\"><noscript class=\"wpforms-error-noscript\">Veuillez activer JavaScript dans votre navigateur pour remplir ce formulaire.<\/noscript><div id=\"wpforms-error-noscript\" style=\"display: none;\">Veuillez activer JavaScript dans votre navigateur pour remplir ce formulaire.<\/div><div class=\"wpforms-field-container\"><div id=\"wpforms-3675-field_3-container\" class=\"wpforms-field wpforms-field-name\" data-field-id=\"3\"><fieldset><legend class=\"wpforms-field-label\">Nom <span class=\"wpforms-required-label\" aria-hidden=\"true\">*<\/span><\/legend><div class=\"wpforms-field-row wpforms-field-medium\"><div class=\"wpforms-field-row-block wpforms-first wpforms-one-half\"><input type=\"text\" id=\"wpforms-3675-field_3\" class=\"wpforms-field-name-first wpforms-field-required\" name=\"wpforms[fields][3][first]\" aria-errormessage=\"wpforms-3675-field_3-error\" required><label for=\"wpforms-3675-field_3\" class=\"wpforms-field-sublabel after\">Pr\u00e9nom<\/label><\/div><div class=\"wpforms-field-row-block wpforms-one-half\"><input type=\"text\" id=\"wpforms-3675-field_3-last\" class=\"wpforms-field-name-last wpforms-field-required\" name=\"wpforms[fields][3][last]\" aria-errormessage=\"wpforms-3675-field_3-last-error\" required><label for=\"wpforms-3675-field_3-last\" class=\"wpforms-field-sublabel after\">Nom<\/label><\/div><\/div><\/fieldset><\/div>\t\t<div id=\"wpforms-3675-field_1-container\"\n\t\t\tclass=\"wpforms-field wpforms-field-text\"\n\t\t\tdata-field-type=\"text\"\n\t\t\tdata-field-id=\"1\"\n\t\t\t>\n\t\t\t<label class=\"wpforms-field-label\" for=\"wpforms-3675-field_1\" >Nom E-mail Message<\/label>\n\t\t\t<input type=\"text\" id=\"wpforms-3675-field_1\" class=\"wpforms-field-medium\" name=\"wpforms[fields][1]\" >\n\t\t<\/div>\n\t\t<div id=\"wpforms-3675-field_4-container\" class=\"wpforms-field wpforms-field-email\" data-field-id=\"4\"><label class=\"wpforms-field-label\" for=\"wpforms-3675-field_4\">E-mail <span class=\"wpforms-required-label\" aria-hidden=\"true\">*<\/span><\/label><input type=\"email\" id=\"wpforms-3675-field_4\" class=\"wpforms-field-medium wpforms-field-required\" name=\"wpforms[fields][4]\" spellcheck=\"false\" aria-errormessage=\"wpforms-3675-field_4-error\" required><\/div><div id=\"wpforms-3675-field_5-container\" class=\"wpforms-field wpforms-field-textarea\" data-field-id=\"5\"><label class=\"wpforms-field-label\" for=\"wpforms-3675-field_5\">Message <span class=\"wpforms-required-label\" aria-hidden=\"true\">*<\/span><\/label><textarea id=\"wpforms-3675-field_5\" class=\"wpforms-field-medium wpforms-field-required\" name=\"wpforms[fields][5]\" aria-errormessage=\"wpforms-3675-field_5-error\" required><\/textarea><\/div><script>\n\t\t\t\t( function() {\n\t\t\t\t\tconst style = document.createElement( 'style' );\n\t\t\t\t\tstyle.appendChild( document.createTextNode( '#wpforms-3675-field_1-container { position: absolute !important; overflow: hidden !important; display: inline !important; height: 1px !important; width: 1px !important; z-index: -1000 !important; padding: 0 !important; } #wpforms-3675-field_1-container input { visibility: hidden; } #wpforms-conversational-form-page #wpforms-3675-field_1-container label { counter-increment: none; }' ) );\n\t\t\t\t\tdocument.head.appendChild( style );\n\t\t\t\t\tdocument.currentScript?.remove();\n\t\t\t\t} )();\n\t\t\t<\/script><\/div><!-- .wpforms-field-container --><div class=\"wpforms-submit-container\" ><input type=\"hidden\" name=\"wpforms[id]\" value=\"3675\"><input type=\"hidden\" name=\"page_title\" value=\"\"><input type=\"hidden\" name=\"page_url\" value=\"https:\/\/homeproject.fr\/fr\/wp-json\/wp\/v2\/product\/16454\"><input type=\"hidden\" name=\"url_referer\" value=\"\"><button type=\"submit\" name=\"wpforms[submit]\" id=\"wpforms-submit-3675\" class=\"wpforms-submit\" data-alt-text=\"Envoi...\" data-submit-text=\"Envoyer\" aria-live=\"assertive\" value=\"wpforms-submit\">Envoyer<\/button><img decoding=\"async\" src=\"https:\/\/homeproject.fr\/fr\/wp-content\/plugins\/wpforms-lite\/assets\/images\/submit-spin.svg\" class=\"wpforms-submit-spinner\" style=\"display: none;\" width=\"26\" height=\"26\" alt=\"Chargement en cours\"><\/div><\/form><\/div>  <!-- .wpforms-container -->\n","protected":false},"excerpt":{"rendered":"<p data-start=\"92\" data-end=\"400\">Le <strong data-start=\"95\" data-end=\"134\">carrelage mural Chamotte Mono Verde<\/strong> incarne une approche audacieuse et sensorielle du rev\u00eatement mural. Inspir\u00e9 des mati\u00e8res naturelles et du travail artisanal de la c\u00e9ramique, il se distingue par une <strong data-start=\"300\" data-end=\"358\">texture en relief intense et une teinte verte profonde<\/strong>, \u00e9voquant la min\u00e9ralit\u00e9 et la v\u00e9g\u00e9tation.<\/p>\n","protected":false},"featured_media":16452,"template":"","meta":{"_uf_show_specific_survey":0,"_uf_disable_surveys":false,"iawp_total_views":2},"product_brand":[620],"product_cat":[20,131,130],"product_tag":[],"class_list":{"0":"post-16454","1":"product","2":"type-product","3":"status-publish","4":"has-post-thumbnail","6":"product_brand-mutina","7":"product_cat-carrelage","8":"product_cat-carrelage-mural","9":"product_cat-relief","10":"product_shipping_class-carrelage","11":"pa_collection-chamotte-par-mutina","12":"pa_designer-patricia-urquiola","13":"pa_dimensions-nominales-72x213-cm","14":"pa_effet-artisanal","15":"pa_epaisseur-97mm","16":"pa_marque-mutina","17":"pa_materiau-gres-extrude","19":"first","20":"instock","21":"sale","22":"taxable","23":"shipping-taxable","24":"purchasable","25":"product-type-simple"},"yoast_head":"<!-- This site is optimized with the Yoast SEO plugin v27.5 - https:\/\/yoast.com\/product\/yoast-seo-wordpress\/ -->\n<title>Carrelage mural artisanal Mutina CHAMOTTE Mono Verde 7,2 x 21,3 cm - Homeproject.fr<\/title>\n<meta name=\"robots\" content=\"index, follow, max-snippet:-1, max-image-preview:large, max-video-preview:-1\" \/>\n<link rel=\"canonical\" href=\"https:\/\/homeproject.fr\/fr\/produit\/carrelage-mural-artisanal-mutina-chamotte-mono-verde-72-x-213-cm\/\" \/>\n<meta property=\"og:locale\" content=\"fr_FR\" \/>\n<meta property=\"og:type\" content=\"article\" \/>\n<meta property=\"og:title\" content=\"Carrelage mural artisanal Mutina CHAMOTTE Mono Verde 7,2 x 21,3 cm - Homeproject.fr\" \/>\n<meta property=\"og:description\" content=\"Le carrelage mural Chamotte Mono Verde incarne une approche audacieuse et sensorielle du rev\u00eatement mural. Inspir\u00e9 des mati\u00e8res naturelles et du travail artisanal de la c\u00e9ramique, il se distingue par une texture en relief intense et une teinte verte profonde, \u00e9voquant la min\u00e9ralit\u00e9 et la v\u00e9g\u00e9tation.\" \/>\n<meta property=\"og:url\" content=\"https:\/\/homeproject.fr\/fr\/produit\/carrelage-mural-artisanal-mutina-chamotte-mono-verde-72-x-213-cm\/\" \/>\n<meta property=\"og:site_name\" content=\"Homeproject.fr\" \/>\n<meta property=\"article:modified_time\" content=\"2026-05-04T09:46:01+00:00\" \/>\n<meta property=\"og:image\" content=\"https:\/\/homeproject.fr\/fr\/wp-content\/uploads\/2026\/05\/Mono-Verde.jpg\" \/>\n\t<meta property=\"og:image:width\" content=\"440\" \/>\n\t<meta property=\"og:image:height\" content=\"440\" \/>\n\t<meta property=\"og:image:type\" content=\"image\/jpeg\" \/>\n<meta name=\"twitter:card\" content=\"summary_large_image\" \/>\n<meta name=\"twitter:label1\" content=\"Dur\u00e9e de lecture estim\u00e9e\" \/>\n\t<meta name=\"twitter:data1\" content=\"2 minutes\" \/>\n<script type=\"application\/ld+json\" class=\"yoast-schema-graph\">{\"@context\":\"https:\\\/\\\/schema.org\",\"@graph\":[{\"@type\":\"WebPage\",\"@id\":\"https:\\\/\\\/homeproject.fr\\\/fr\\\/produit\\\/carrelage-mural-artisanal-mutina-chamotte-mono-verde-72-x-213-cm\\\/\",\"url\":\"https:\\\/\\\/homeproject.fr\\\/fr\\\/produit\\\/carrelage-mural-artisanal-mutina-chamotte-mono-verde-72-x-213-cm\\\/\",\"name\":\"Carrelage mural artisanal Mutina CHAMOTTE Mono Verde 7,2 x 21,3 cm - Homeproject.fr\",\"isPartOf\":{\"@id\":\"https:\\\/\\\/homeproject.fr\\\/fr\\\/#website\"},\"primaryImageOfPage\":{\"@id\":\"https:\\\/\\\/homeproject.fr\\\/fr\\\/produit\\\/carrelage-mural-artisanal-mutina-chamotte-mono-verde-72-x-213-cm\\\/#primaryimage\"},\"image\":{\"@id\":\"https:\\\/\\\/homeproject.fr\\\/fr\\\/produit\\\/carrelage-mural-artisanal-mutina-chamotte-mono-verde-72-x-213-cm\\\/#primaryimage\"},\"thumbnailUrl\":\"https:\\\/\\\/homeproject.fr\\\/fr\\\/wp-content\\\/uploads\\\/2026\\\/05\\\/Mono-Verde.jpg\",\"datePublished\":\"2026-05-04T09:43:54+00:00\",\"dateModified\":\"2026-05-04T09:46:01+00:00\",\"breadcrumb\":{\"@id\":\"https:\\\/\\\/homeproject.fr\\\/fr\\\/produit\\\/carrelage-mural-artisanal-mutina-chamotte-mono-verde-72-x-213-cm\\\/#breadcrumb\"},\"inLanguage\":\"fr-FR\",\"potentialAction\":[{\"@type\":\"ReadAction\",\"target\":[\"https:\\\/\\\/homeproject.fr\\\/fr\\\/produit\\\/carrelage-mural-artisanal-mutina-chamotte-mono-verde-72-x-213-cm\\\/\"]}]},{\"@type\":\"ImageObject\",\"inLanguage\":\"fr-FR\",\"@id\":\"https:\\\/\\\/homeproject.fr\\\/fr\\\/produit\\\/carrelage-mural-artisanal-mutina-chamotte-mono-verde-72-x-213-cm\\\/#primaryimage\",\"url\":\"https:\\\/\\\/homeproject.fr\\\/fr\\\/wp-content\\\/uploads\\\/2026\\\/05\\\/Mono-Verde.jpg\",\"contentUrl\":\"https:\\\/\\\/homeproject.fr\\\/fr\\\/wp-content\\\/uploads\\\/2026\\\/05\\\/Mono-Verde.jpg\",\"width\":440,\"height\":440},{\"@type\":\"BreadcrumbList\",\"@id\":\"https:\\\/\\\/homeproject.fr\\\/fr\\\/produit\\\/carrelage-mural-artisanal-mutina-chamotte-mono-verde-72-x-213-cm\\\/#breadcrumb\",\"itemListElement\":[{\"@type\":\"ListItem\",\"position\":1,\"name\":\"Accueil\",\"item\":\"https:\\\/\\\/homeproject.fr\\\/fr\\\/\"},{\"@type\":\"ListItem\",\"position\":2,\"name\":\"Boutique\",\"item\":\"https:\\\/\\\/homeproject.fr\\\/fr\\\/boutique\\\/\"},{\"@type\":\"ListItem\",\"position\":3,\"name\":\"Carrelage mural artisanal Mutina CHAMOTTE Mono Verde 7,2 x 21,3 cm\"}]},{\"@type\":\"WebSite\",\"@id\":\"https:\\\/\\\/homeproject.fr\\\/fr\\\/#website\",\"url\":\"https:\\\/\\\/homeproject.fr\\\/fr\\\/\",\"name\":\"Homeproject.fr\",\"description\":\"Offrez l&#039;exceptionnel \u00e0 vos espaces \u00e0 vivre\",\"publisher\":{\"@id\":\"https:\\\/\\\/homeproject.fr\\\/fr\\\/#organization\"},\"potentialAction\":[{\"@type\":\"SearchAction\",\"target\":{\"@type\":\"EntryPoint\",\"urlTemplate\":\"https:\\\/\\\/homeproject.fr\\\/fr\\\/?s={search_term_string}\"},\"query-input\":{\"@type\":\"PropertyValueSpecification\",\"valueRequired\":true,\"valueName\":\"search_term_string\"}}],\"inLanguage\":\"fr-FR\"},{\"@type\":\"Organization\",\"@id\":\"https:\\\/\\\/homeproject.fr\\\/fr\\\/#organization\",\"name\":\"Homeproject.fr\",\"url\":\"https:\\\/\\\/homeproject.fr\\\/fr\\\/\",\"logo\":{\"@type\":\"ImageObject\",\"inLanguage\":\"fr-FR\",\"@id\":\"https:\\\/\\\/homeproject.fr\\\/fr\\\/#\\\/schema\\\/logo\\\/image\\\/\",\"url\":\"https:\\\/\\\/homeproject.fr\\\/fr\\\/wp-content\\\/uploads\\\/2024\\\/12\\\/Logo_HomeProject-noir-2.png\",\"contentUrl\":\"https:\\\/\\\/homeproject.fr\\\/fr\\\/wp-content\\\/uploads\\\/2024\\\/12\\\/Logo_HomeProject-noir-2.png\",\"width\":300,\"height\":91,\"caption\":\"Homeproject.fr\"},\"image\":{\"@id\":\"https:\\\/\\\/homeproject.fr\\\/fr\\\/#\\\/schema\\\/logo\\\/image\\\/\"}}]}<\/script>\n<!-- \/ Yoast SEO plugin. -->","yoast_head_json":{"title":"Carrelage mural artisanal Mutina CHAMOTTE Mono Verde 7,2 x 21,3 cm - Homeproject.fr","robots":{"index":"index","follow":"follow","max-snippet":"max-snippet:-1","max-image-preview":"max-image-preview:large","max-video-preview":"max-video-preview:-1"},"canonical":"https:\/\/homeproject.fr\/fr\/produit\/carrelage-mural-artisanal-mutina-chamotte-mono-verde-72-x-213-cm\/","og_locale":"fr_FR","og_type":"article","og_title":"Carrelage mural artisanal Mutina CHAMOTTE Mono Verde 7,2 x 21,3 cm - Homeproject.fr","og_description":"Le carrelage mural Chamotte Mono Verde incarne une approche audacieuse et sensorielle du rev\u00eatement mural. Inspir\u00e9 des mati\u00e8res naturelles et du travail artisanal de la c\u00e9ramique, il se distingue par une texture en relief intense et une teinte verte profonde, \u00e9voquant la min\u00e9ralit\u00e9 et la v\u00e9g\u00e9tation.","og_url":"https:\/\/homeproject.fr\/fr\/produit\/carrelage-mural-artisanal-mutina-chamotte-mono-verde-72-x-213-cm\/","og_site_name":"Homeproject.fr","article_modified_time":"2026-05-04T09:46:01+00:00","og_image":[{"width":440,"height":440,"url":"https:\/\/homeproject.fr\/fr\/wp-content\/uploads\/2026\/05\/Mono-Verde.jpg","type":"image\/jpeg"}],"twitter_card":"summary_large_image","twitter_misc":{"Dur\u00e9e de lecture estim\u00e9e":"2 minutes"},"schema":{"@context":"https:\/\/schema.org","@graph":[{"@type":"WebPage","@id":"https:\/\/homeproject.fr\/fr\/produit\/carrelage-mural-artisanal-mutina-chamotte-mono-verde-72-x-213-cm\/","url":"https:\/\/homeproject.fr\/fr\/produit\/carrelage-mural-artisanal-mutina-chamotte-mono-verde-72-x-213-cm\/","name":"Carrelage mural artisanal Mutina CHAMOTTE Mono Verde 7,2 x 21,3 cm - Homeproject.fr","isPartOf":{"@id":"https:\/\/homeproject.fr\/fr\/#website"},"primaryImageOfPage":{"@id":"https:\/\/homeproject.fr\/fr\/produit\/carrelage-mural-artisanal-mutina-chamotte-mono-verde-72-x-213-cm\/#primaryimage"},"image":{"@id":"https:\/\/homeproject.fr\/fr\/produit\/carrelage-mural-artisanal-mutina-chamotte-mono-verde-72-x-213-cm\/#primaryimage"},"thumbnailUrl":"https:\/\/homeproject.fr\/fr\/wp-content\/uploads\/2026\/05\/Mono-Verde.jpg","datePublished":"2026-05-04T09:43:54+00:00","dateModified":"2026-05-04T09:46:01+00:00","breadcrumb":{"@id":"https:\/\/homeproject.fr\/fr\/produit\/carrelage-mural-artisanal-mutina-chamotte-mono-verde-72-x-213-cm\/#breadcrumb"},"inLanguage":"fr-FR","potentialAction":[{"@type":"ReadAction","target":["https:\/\/homeproject.fr\/fr\/produit\/carrelage-mural-artisanal-mutina-chamotte-mono-verde-72-x-213-cm\/"]}]},{"@type":"ImageObject","inLanguage":"fr-FR","@id":"https:\/\/homeproject.fr\/fr\/produit\/carrelage-mural-artisanal-mutina-chamotte-mono-verde-72-x-213-cm\/#primaryimage","url":"https:\/\/homeproject.fr\/fr\/wp-content\/uploads\/2026\/05\/Mono-Verde.jpg","contentUrl":"https:\/\/homeproject.fr\/fr\/wp-content\/uploads\/2026\/05\/Mono-Verde.jpg","width":440,"height":440},{"@type":"BreadcrumbList","@id":"https:\/\/homeproject.fr\/fr\/produit\/carrelage-mural-artisanal-mutina-chamotte-mono-verde-72-x-213-cm\/#breadcrumb","itemListElement":[{"@type":"ListItem","position":1,"name":"Accueil","item":"https:\/\/homeproject.fr\/fr\/"},{"@type":"ListItem","position":2,"name":"Boutique","item":"https:\/\/homeproject.fr\/fr\/boutique\/"},{"@type":"ListItem","position":3,"name":"Carrelage mural artisanal Mutina CHAMOTTE Mono Verde 7,2 x 21,3 cm"}]},{"@type":"WebSite","@id":"https:\/\/homeproject.fr\/fr\/#website","url":"https:\/\/homeproject.fr\/fr\/","name":"Homeproject.fr","description":"Offrez l&#039;exceptionnel \u00e0 vos espaces \u00e0 vivre","publisher":{"@id":"https:\/\/homeproject.fr\/fr\/#organization"},"potentialAction":[{"@type":"SearchAction","target":{"@type":"EntryPoint","urlTemplate":"https:\/\/homeproject.fr\/fr\/?s={search_term_string}"},"query-input":{"@type":"PropertyValueSpecification","valueRequired":true,"valueName":"search_term_string"}}],"inLanguage":"fr-FR"},{"@type":"Organization","@id":"https:\/\/homeproject.fr\/fr\/#organization","name":"Homeproject.fr","url":"https:\/\/homeproject.fr\/fr\/","logo":{"@type":"ImageObject","inLanguage":"fr-FR","@id":"https:\/\/homeproject.fr\/fr\/#\/schema\/logo\/image\/","url":"https:\/\/homeproject.fr\/fr\/wp-content\/uploads\/2024\/12\/Logo_HomeProject-noir-2.png","contentUrl":"https:\/\/homeproject.fr\/fr\/wp-content\/uploads\/2024\/12\/Logo_HomeProject-noir-2.png","width":300,"height":91,"caption":"Homeproject.fr"},"image":{"@id":"https:\/\/homeproject.fr\/fr\/#\/schema\/logo\/image\/"}}]}},"_links":{"self":[{"href":"https:\/\/homeproject.fr\/fr\/wp-json\/wp\/v2\/product\/16454","targetHints":{"allow":["GET"]}}],"collection":[{"href":"https:\/\/homeproject.fr\/fr\/wp-json\/wp\/v2\/product"}],"about":[{"href":"https:\/\/homeproject.fr\/fr\/wp-json\/wp\/v2\/types\/product"}],"version-history":[{"count":1,"href":"https:\/\/homeproject.fr\/fr\/wp-json\/wp\/v2\/product\/16454\/revisions"}],"predecessor-version":[{"id":16455,"href":"https:\/\/homeproject.fr\/fr\/wp-json\/wp\/v2\/product\/16454\/revisions\/16455"}],"wp:featuredmedia":[{"embeddable":true,"href":"https:\/\/homeproject.fr\/fr\/wp-json\/wp\/v2\/media\/16452"}],"wp:attachment":[{"href":"https:\/\/homeproject.fr\/fr\/wp-json\/wp\/v2\/media?parent=16454"}],"wp:term":[{"taxonomy":"product_brand","embeddable":true,"href":"https:\/\/homeproject.fr\/fr\/wp-json\/wp\/v2\/product_brand?post=16454"},{"taxonomy":"product_cat","embeddable":true,"href":"https:\/\/homeproject.fr\/fr\/wp-json\/wp\/v2\/product_cat?post=16454"},{"taxonomy":"product_tag","embeddable":true,"href":"https:\/\/homeproject.fr\/fr\/wp-json\/wp\/v2\/product_tag?post=16454"}],"curies":[{"name":"wp","href":"https:\/\/api.w.org\/{rel}","templated":true}]}}