{"id":16367,"date":"2026-05-03T18:52:14","date_gmt":"2026-05-03T18:52:14","guid":{"rendered":"https:\/\/homeproject.fr\/fr\/?post_type=product&#038;p=16367"},"modified":"2026-05-03T19:06:06","modified_gmt":"2026-05-03T19:06:06","slug":"lot-de-2-tabourets-esprit-scandinave-et-confort-premium-udine-h-65","status":"publish","type":"product","link":"https:\/\/homeproject.fr\/fr\/produit\/lot-de-2-tabourets-esprit-scandinave-et-confort-premium-udine-h-65\/","title":{"rendered":"Lot de 2 tabourets en bois et tissu gris au confort premium UDINE h 65"},"content":{"rendered":"<div class=\"flex-1 overflow-hidden @container\/thread\">\n<div class=\"h-full\">\n<div class=\"react-scroll-to-bottom--css-avwfw-79elbk h-full\">\n<div class=\"react-scroll-to-bottom--css-avwfw-1n7m0yu\">\n<div class=\"flex flex-col text-sm md:pb-9\">\n<article class=\"w-full scroll-mb-[var(--thread-trailing-height,150px)] text-token-text-primary focus-visible:outline-2 focus-visible:outline-offset-[-4px]\" dir=\"auto\" data-testid=\"conversation-turn-13\" data-scroll-anchor=\"true\">\n<div class=\"m-auto text-base py-[18px] px-3 md:px-4 w-full md:px-5 lg:px-4 xl:px-5\">\n<div class=\"mx-auto flex flex-1 gap-4 text-base md:gap-5 lg:gap-6 md:max-w-3xl lg:max-w-[40rem] xl:max-w-[48rem]\">\n<div class=\"group\/conversation-turn relative flex w-full min-w-0 flex-col agent-turn\">\n<div class=\"flex-col gap-1 md:gap-3\">\n<div class=\"flex max-w-full flex-col flex-grow\">\n<div class=\"min-h-8 text-message flex w-full flex-col items-end gap-2 whitespace-normal break-words text-start [.text-message+&]:mt-5\" dir=\"auto\" data-message-author-role=\"assistant\" data-message-id=\"dc5cab26-9697-46d2-b6fe-c8745ded277b\" data-message-model-slug=\"gpt-4o\">\n<div class=\"flex w-full flex-col gap-1 empty:hidden first:pt-[3px]\">\n<div class=\"markdown prose w-full break-words dark:prose-invert light\">\n<p>Pens\u00e9 pour offrir un confort optimal, le tabouret Udine se distingue par son dossier incurv\u00e9 et ses accoudoirs int\u00e9gr\u00e9s qui apportent un excellent maintien. Son assise large et moelleuse en polyester en fait un choix id\u00e9al pour une utilisation prolong\u00e9e, que ce soit autour d\u2019un \u00eelot de cuisine, d\u2019un bar ou d\u2019un espace de r\u00e9ception.<\/p>\n<p>Sa base en bois l\u00e9g\u00e8rement inclin\u00e9e est renforc\u00e9e par un repose-pieds en m\u00e9tal finition chrom\u00e9e, assurant stabilit\u00e9 et durabilit\u00e9 tout en ajoutant une touche contemporaine.<\/p>\n<p>Parfaitement adapt\u00e9 aux int\u00e9rieurs modernes, nordiques ou minimalistes, le tabouret Udine s\u2019int\u00e8gre naturellement dans un univers raffin\u00e9 et lumineux.<\/p>\n<h3>Points forts<\/h3>\n<ul>\n<li>Design scandinave \u00e9l\u00e9gant et enveloppant<\/li>\n<li>Assise large et confortable en tissu gris<\/li>\n<li>Dossier avec accoudoirs pour un maintien optimal<\/li>\n<li>Structure en bois robuste et chaleureuse<\/li>\n<li>Repose-pieds en m\u00e9tal pour plus de stabilit\u00e9<\/li>\n<li>Coussin d\u00e9houssable (amovible) pour un entretien facile<\/li>\n<\/ul>\n<h3>Caract\u00e9ristiques techniques<\/h3>\n<ul>\n<li>Dimensions : L58 x P56 x H95 cm<\/li>\n<li>Hauteur d\u2019assise : 64 cm<\/li>\n<li>Mat\u00e9riaux : bois, polyester<\/li>\n<li>Couleur : gris<\/li>\n<li>Poids net : 14,80 kg<\/li>\n<\/ul>\n<h3>Pourquoi choisir le tabouret Udine ?<\/h3>\n<p>Le mod\u00e8le Udine se distingue par son confort sup\u00e9rieur et son design enveloppant, rare sur un tabouret. Il apporte une vraie valeur esth\u00e9tique \u00e0 votre int\u00e9rieur tout en garantissant une assise agr\u00e9able au quotidien, id\u00e9ale pour cr\u00e9er un espace convivial et haut de gamme.<\/p>\n<p><strong style=\"font-family: inherit; font-size: 30px;\">Vous avez des questions ?<\/strong><\/p>\n<\/div>\n<\/div>\n<\/div>\n<\/div>\n<\/div>\n<\/div>\n<\/div>\n<\/div>\n<\/article>\n<\/div>\n<\/div>\n<\/div>\n<\/div>\n<\/div>\n<style id=\"wpforms-css-vars-3675\">\n\t\t\t\t#wpforms-3675 {\n\t\t\t\t\n\t\t\t}\n\t\t\t<\/style><div class=\"wpforms-container wpforms-container-full wpforms-render-modern\" id=\"wpforms-3675\"><form id=\"wpforms-form-3675\" class=\"wpforms-validate wpforms-form wpforms-ajax-form\" data-formid=\"3675\" method=\"post\" enctype=\"multipart\/form-data\" action=\"\/fr\/wp-json\/wp\/v2\/product\/16367\" data-token=\"86cfa3cd8fc4572532d762e2357ac556\" data-token-time=\"1777841450\"><noscript class=\"wpforms-error-noscript\">Veuillez activer JavaScript dans votre navigateur pour remplir ce formulaire.<\/noscript><div id=\"wpforms-error-noscript\" style=\"display: none;\">Veuillez activer JavaScript dans votre navigateur pour remplir ce formulaire.<\/div><div class=\"wpforms-field-container\"><div id=\"wpforms-3675-field_3-container\" class=\"wpforms-field wpforms-field-name\" data-field-id=\"3\"><fieldset><legend class=\"wpforms-field-label\">Nom <span class=\"wpforms-required-label\" aria-hidden=\"true\">*<\/span><\/legend><div class=\"wpforms-field-row wpforms-field-medium\"><div class=\"wpforms-field-row-block wpforms-first wpforms-one-half\"><input type=\"text\" id=\"wpforms-3675-field_3\" class=\"wpforms-field-name-first wpforms-field-required\" name=\"wpforms[fields][3][first]\" aria-errormessage=\"wpforms-3675-field_3-error\" required><label for=\"wpforms-3675-field_3\" class=\"wpforms-field-sublabel after\">Pr\u00e9nom<\/label><\/div><div class=\"wpforms-field-row-block wpforms-one-half\"><input type=\"text\" id=\"wpforms-3675-field_3-last\" class=\"wpforms-field-name-last wpforms-field-required\" name=\"wpforms[fields][3][last]\" aria-errormessage=\"wpforms-3675-field_3-last-error\" required><label for=\"wpforms-3675-field_3-last\" class=\"wpforms-field-sublabel after\">Nom<\/label><\/div><\/div><\/fieldset><\/div><div id=\"wpforms-3675-field_4-container\" class=\"wpforms-field wpforms-field-email\" data-field-id=\"4\"><label class=\"wpforms-field-label\" for=\"wpforms-3675-field_4\">E-mail <span class=\"wpforms-required-label\" aria-hidden=\"true\">*<\/span><\/label><input type=\"email\" id=\"wpforms-3675-field_4\" class=\"wpforms-field-medium wpforms-field-required\" name=\"wpforms[fields][4]\" spellcheck=\"false\" aria-errormessage=\"wpforms-3675-field_4-error\" required><\/div>\t\t<div id=\"wpforms-3675-field_1-container\"\n\t\t\tclass=\"wpforms-field wpforms-field-text\"\n\t\t\tdata-field-type=\"text\"\n\t\t\tdata-field-id=\"1\"\n\t\t\t>\n\t\t\t<label class=\"wpforms-field-label\" for=\"wpforms-3675-field_1\" >Message E-mail Nom<\/label>\n\t\t\t<input type=\"text\" id=\"wpforms-3675-field_1\" class=\"wpforms-field-medium\" name=\"wpforms[fields][1]\" >\n\t\t<\/div>\n\t\t<div id=\"wpforms-3675-field_5-container\" class=\"wpforms-field wpforms-field-textarea\" data-field-id=\"5\"><label class=\"wpforms-field-label\" for=\"wpforms-3675-field_5\">Message <span class=\"wpforms-required-label\" aria-hidden=\"true\">*<\/span><\/label><textarea id=\"wpforms-3675-field_5\" class=\"wpforms-field-medium wpforms-field-required\" name=\"wpforms[fields][5]\" aria-errormessage=\"wpforms-3675-field_5-error\" required><\/textarea><\/div><script>\n\t\t\t\t( function() {\n\t\t\t\t\tconst style = document.createElement( 'style' );\n\t\t\t\t\tstyle.appendChild( document.createTextNode( '#wpforms-3675-field_1-container { position: absolute !important; overflow: hidden !important; display: inline !important; height: 1px !important; width: 1px !important; z-index: -1000 !important; padding: 0 !important; } #wpforms-3675-field_1-container input { visibility: hidden; } #wpforms-conversational-form-page #wpforms-3675-field_1-container label { counter-increment: none; }' ) );\n\t\t\t\t\tdocument.head.appendChild( style );\n\t\t\t\t\tdocument.currentScript?.remove();\n\t\t\t\t} )();\n\t\t\t<\/script><\/div><!-- .wpforms-field-container --><div class=\"wpforms-submit-container\" ><input type=\"hidden\" name=\"wpforms[id]\" value=\"3675\"><input type=\"hidden\" name=\"page_title\" value=\"\"><input type=\"hidden\" name=\"page_url\" value=\"https:\/\/homeproject.fr\/fr\/wp-json\/wp\/v2\/product\/16367\"><input type=\"hidden\" name=\"url_referer\" value=\"\"><button type=\"submit\" name=\"wpforms[submit]\" id=\"wpforms-submit-3675\" class=\"wpforms-submit\" data-alt-text=\"Envoi...\" data-submit-text=\"Envoyer\" aria-live=\"assertive\" value=\"wpforms-submit\">Envoyer<\/button><img decoding=\"async\" src=\"https:\/\/homeproject.fr\/fr\/wp-content\/plugins\/wpforms-lite\/assets\/images\/submit-spin.svg\" class=\"wpforms-submit-spinner\" style=\"display: none;\" width=\"26\" height=\"26\" alt=\"Chargement en cours\"><\/div><\/form><\/div>  <!-- .wpforms-container -->\n","protected":false},"excerpt":{"rendered":"<p>Le tabouret Udine incarne parfaitement l\u2019\u00e9l\u00e9gance du design scandinave contemporain. Avec ses lignes douces et enveloppantes, il associe une structure en bois clair \u00e0 une assise g\u00e9n\u00e9reuse habill\u00e9e d\u2019un tissu gris textur\u00e9, pour un rendu \u00e0 la fois chaleureux et sophistiqu\u00e9.<\/p>\n","protected":false},"featured_media":16373,"template":"","meta":{"_uf_show_specific_survey":0,"_uf_disable_surveys":false,"iawp_total_views":2},"product_brand":[],"product_cat":[149],"product_tag":[],"class_list":{"0":"post-16367","1":"product","2":"type-product","3":"status-publish","4":"has-post-thumbnail","6":"product_cat-tabourets","7":"product_shipping_class-gros-colis-messagerie","8":"pa_collection-natura-line","9":"pa_materiau-bois","10":"pa_materiau-tissu","12":"first","13":"instock","14":"taxable","15":"shipping-taxable","16":"purchasable","17":"product-type-simple"},"yoast_head":"<!-- This site is optimized with the Yoast SEO plugin v27.5 - https:\/\/yoast.com\/product\/yoast-seo-wordpress\/ -->\n<title>Lot de 2 tabourets en bois et tissu gris au confort premium UDINE h 65 - Homeproject.fr<\/title>\n<meta name=\"robots\" content=\"index, follow, max-snippet:-1, max-image-preview:large, max-video-preview:-1\" \/>\n<link rel=\"canonical\" href=\"https:\/\/homeproject.fr\/fr\/produit\/lot-de-2-tabourets-esprit-scandinave-et-confort-premium-udine-h-65\/\" \/>\n<meta property=\"og:locale\" content=\"fr_FR\" \/>\n<meta property=\"og:type\" content=\"article\" \/>\n<meta property=\"og:title\" content=\"Lot de 2 tabourets en bois et tissu gris au confort premium UDINE h 65 - Homeproject.fr\" \/>\n<meta property=\"og:description\" content=\"Le tabouret Udine incarne parfaitement l\u2019\u00e9l\u00e9gance du design scandinave contemporain. Avec ses lignes douces et enveloppantes, il associe une structure en bois clair \u00e0 une assise g\u00e9n\u00e9reuse habill\u00e9e d\u2019un tissu gris textur\u00e9, pour un rendu \u00e0 la fois chaleureux et sophistiqu\u00e9.\" \/>\n<meta property=\"og:url\" content=\"https:\/\/homeproject.fr\/fr\/produit\/lot-de-2-tabourets-esprit-scandinave-et-confort-premium-udine-h-65\/\" \/>\n<meta property=\"og:site_name\" content=\"Homeproject.fr\" \/>\n<meta property=\"article:modified_time\" content=\"2026-05-03T19:06:06+00:00\" \/>\n<meta property=\"og:image\" content=\"https:\/\/homeproject.fr\/fr\/wp-content\/uploads\/2026\/05\/Tabouret-en-bois-et-tissu-gris-style-scandinave-et-confort-premium-Udine-ambiance.png\" \/>\n\t<meta property=\"og:image:width\" content=\"1254\" \/>\n\t<meta property=\"og:image:height\" content=\"1254\" \/>\n\t<meta property=\"og:image:type\" content=\"image\/png\" \/>\n<meta name=\"twitter:card\" content=\"summary_large_image\" \/>\n<meta name=\"twitter:label1\" content=\"Dur\u00e9e de lecture estim\u00e9e\" \/>\n\t<meta name=\"twitter:data1\" content=\"2 minutes\" \/>\n<script type=\"application\/ld+json\" class=\"yoast-schema-graph\">{\"@context\":\"https:\\\/\\\/schema.org\",\"@graph\":[{\"@type\":\"WebPage\",\"@id\":\"https:\\\/\\\/homeproject.fr\\\/fr\\\/produit\\\/lot-de-2-tabourets-esprit-scandinave-et-confort-premium-udine-h-65\\\/\",\"url\":\"https:\\\/\\\/homeproject.fr\\\/fr\\\/produit\\\/lot-de-2-tabourets-esprit-scandinave-et-confort-premium-udine-h-65\\\/\",\"name\":\"Lot de 2 tabourets en bois et tissu gris au confort premium UDINE h 65 - Homeproject.fr\",\"isPartOf\":{\"@id\":\"https:\\\/\\\/homeproject.fr\\\/fr\\\/#website\"},\"primaryImageOfPage\":{\"@id\":\"https:\\\/\\\/homeproject.fr\\\/fr\\\/produit\\\/lot-de-2-tabourets-esprit-scandinave-et-confort-premium-udine-h-65\\\/#primaryimage\"},\"image\":{\"@id\":\"https:\\\/\\\/homeproject.fr\\\/fr\\\/produit\\\/lot-de-2-tabourets-esprit-scandinave-et-confort-premium-udine-h-65\\\/#primaryimage\"},\"thumbnailUrl\":\"https:\\\/\\\/homeproject.fr\\\/fr\\\/wp-content\\\/uploads\\\/2026\\\/05\\\/Tabouret-en-bois-et-tissu-gris-style-scandinave-et-confort-premium-Udine-ambiance.png\",\"datePublished\":\"2026-05-03T18:52:14+00:00\",\"dateModified\":\"2026-05-03T19:06:06+00:00\",\"breadcrumb\":{\"@id\":\"https:\\\/\\\/homeproject.fr\\\/fr\\\/produit\\\/lot-de-2-tabourets-esprit-scandinave-et-confort-premium-udine-h-65\\\/#breadcrumb\"},\"inLanguage\":\"fr-FR\",\"potentialAction\":[{\"@type\":\"ReadAction\",\"target\":[\"https:\\\/\\\/homeproject.fr\\\/fr\\\/produit\\\/lot-de-2-tabourets-esprit-scandinave-et-confort-premium-udine-h-65\\\/\"]}]},{\"@type\":\"ImageObject\",\"inLanguage\":\"fr-FR\",\"@id\":\"https:\\\/\\\/homeproject.fr\\\/fr\\\/produit\\\/lot-de-2-tabourets-esprit-scandinave-et-confort-premium-udine-h-65\\\/#primaryimage\",\"url\":\"https:\\\/\\\/homeproject.fr\\\/fr\\\/wp-content\\\/uploads\\\/2026\\\/05\\\/Tabouret-en-bois-et-tissu-gris-style-scandinave-et-confort-premium-Udine-ambiance.png\",\"contentUrl\":\"https:\\\/\\\/homeproject.fr\\\/fr\\\/wp-content\\\/uploads\\\/2026\\\/05\\\/Tabouret-en-bois-et-tissu-gris-style-scandinave-et-confort-premium-Udine-ambiance.png\",\"width\":1254,\"height\":1254},{\"@type\":\"BreadcrumbList\",\"@id\":\"https:\\\/\\\/homeproject.fr\\\/fr\\\/produit\\\/lot-de-2-tabourets-esprit-scandinave-et-confort-premium-udine-h-65\\\/#breadcrumb\",\"itemListElement\":[{\"@type\":\"ListItem\",\"position\":1,\"name\":\"Accueil\",\"item\":\"https:\\\/\\\/homeproject.fr\\\/fr\\\/\"},{\"@type\":\"ListItem\",\"position\":2,\"name\":\"Boutique\",\"item\":\"https:\\\/\\\/homeproject.fr\\\/fr\\\/boutique\\\/\"},{\"@type\":\"ListItem\",\"position\":3,\"name\":\"Lot de 2 tabourets en bois et tissu gris au confort premium UDINE h 65\"}]},{\"@type\":\"WebSite\",\"@id\":\"https:\\\/\\\/homeproject.fr\\\/fr\\\/#website\",\"url\":\"https:\\\/\\\/homeproject.fr\\\/fr\\\/\",\"name\":\"Homeproject.fr\",\"description\":\"Offrez l&#039;exceptionnel \u00e0 vos espaces \u00e0 vivre\",\"publisher\":{\"@id\":\"https:\\\/\\\/homeproject.fr\\\/fr\\\/#organization\"},\"potentialAction\":[{\"@type\":\"SearchAction\",\"target\":{\"@type\":\"EntryPoint\",\"urlTemplate\":\"https:\\\/\\\/homeproject.fr\\\/fr\\\/?s={search_term_string}\"},\"query-input\":{\"@type\":\"PropertyValueSpecification\",\"valueRequired\":true,\"valueName\":\"search_term_string\"}}],\"inLanguage\":\"fr-FR\"},{\"@type\":\"Organization\",\"@id\":\"https:\\\/\\\/homeproject.fr\\\/fr\\\/#organization\",\"name\":\"Homeproject.fr\",\"url\":\"https:\\\/\\\/homeproject.fr\\\/fr\\\/\",\"logo\":{\"@type\":\"ImageObject\",\"inLanguage\":\"fr-FR\",\"@id\":\"https:\\\/\\\/homeproject.fr\\\/fr\\\/#\\\/schema\\\/logo\\\/image\\\/\",\"url\":\"https:\\\/\\\/homeproject.fr\\\/fr\\\/wp-content\\\/uploads\\\/2024\\\/12\\\/Logo_HomeProject-noir-2.png\",\"contentUrl\":\"https:\\\/\\\/homeproject.fr\\\/fr\\\/wp-content\\\/uploads\\\/2024\\\/12\\\/Logo_HomeProject-noir-2.png\",\"width\":300,\"height\":91,\"caption\":\"Homeproject.fr\"},\"image\":{\"@id\":\"https:\\\/\\\/homeproject.fr\\\/fr\\\/#\\\/schema\\\/logo\\\/image\\\/\"}}]}<\/script>\n<!-- \/ Yoast SEO plugin. -->","yoast_head_json":{"title":"Lot de 2 tabourets en bois et tissu gris au confort premium UDINE h 65 - Homeproject.fr","robots":{"index":"index","follow":"follow","max-snippet":"max-snippet:-1","max-image-preview":"max-image-preview:large","max-video-preview":"max-video-preview:-1"},"canonical":"https:\/\/homeproject.fr\/fr\/produit\/lot-de-2-tabourets-esprit-scandinave-et-confort-premium-udine-h-65\/","og_locale":"fr_FR","og_type":"article","og_title":"Lot de 2 tabourets en bois et tissu gris au confort premium UDINE h 65 - Homeproject.fr","og_description":"Le tabouret Udine incarne parfaitement l\u2019\u00e9l\u00e9gance du design scandinave contemporain. Avec ses lignes douces et enveloppantes, il associe une structure en bois clair \u00e0 une assise g\u00e9n\u00e9reuse habill\u00e9e d\u2019un tissu gris textur\u00e9, pour un rendu \u00e0 la fois chaleureux et sophistiqu\u00e9.","og_url":"https:\/\/homeproject.fr\/fr\/produit\/lot-de-2-tabourets-esprit-scandinave-et-confort-premium-udine-h-65\/","og_site_name":"Homeproject.fr","article_modified_time":"2026-05-03T19:06:06+00:00","og_image":[{"width":1254,"height":1254,"url":"https:\/\/homeproject.fr\/fr\/wp-content\/uploads\/2026\/05\/Tabouret-en-bois-et-tissu-gris-style-scandinave-et-confort-premium-Udine-ambiance.png","type":"image\/png"}],"twitter_card":"summary_large_image","twitter_misc":{"Dur\u00e9e de lecture estim\u00e9e":"2 minutes"},"schema":{"@context":"https:\/\/schema.org","@graph":[{"@type":"WebPage","@id":"https:\/\/homeproject.fr\/fr\/produit\/lot-de-2-tabourets-esprit-scandinave-et-confort-premium-udine-h-65\/","url":"https:\/\/homeproject.fr\/fr\/produit\/lot-de-2-tabourets-esprit-scandinave-et-confort-premium-udine-h-65\/","name":"Lot de 2 tabourets en bois et tissu gris au confort premium UDINE h 65 - Homeproject.fr","isPartOf":{"@id":"https:\/\/homeproject.fr\/fr\/#website"},"primaryImageOfPage":{"@id":"https:\/\/homeproject.fr\/fr\/produit\/lot-de-2-tabourets-esprit-scandinave-et-confort-premium-udine-h-65\/#primaryimage"},"image":{"@id":"https:\/\/homeproject.fr\/fr\/produit\/lot-de-2-tabourets-esprit-scandinave-et-confort-premium-udine-h-65\/#primaryimage"},"thumbnailUrl":"https:\/\/homeproject.fr\/fr\/wp-content\/uploads\/2026\/05\/Tabouret-en-bois-et-tissu-gris-style-scandinave-et-confort-premium-Udine-ambiance.png","datePublished":"2026-05-03T18:52:14+00:00","dateModified":"2026-05-03T19:06:06+00:00","breadcrumb":{"@id":"https:\/\/homeproject.fr\/fr\/produit\/lot-de-2-tabourets-esprit-scandinave-et-confort-premium-udine-h-65\/#breadcrumb"},"inLanguage":"fr-FR","potentialAction":[{"@type":"ReadAction","target":["https:\/\/homeproject.fr\/fr\/produit\/lot-de-2-tabourets-esprit-scandinave-et-confort-premium-udine-h-65\/"]}]},{"@type":"ImageObject","inLanguage":"fr-FR","@id":"https:\/\/homeproject.fr\/fr\/produit\/lot-de-2-tabourets-esprit-scandinave-et-confort-premium-udine-h-65\/#primaryimage","url":"https:\/\/homeproject.fr\/fr\/wp-content\/uploads\/2026\/05\/Tabouret-en-bois-et-tissu-gris-style-scandinave-et-confort-premium-Udine-ambiance.png","contentUrl":"https:\/\/homeproject.fr\/fr\/wp-content\/uploads\/2026\/05\/Tabouret-en-bois-et-tissu-gris-style-scandinave-et-confort-premium-Udine-ambiance.png","width":1254,"height":1254},{"@type":"BreadcrumbList","@id":"https:\/\/homeproject.fr\/fr\/produit\/lot-de-2-tabourets-esprit-scandinave-et-confort-premium-udine-h-65\/#breadcrumb","itemListElement":[{"@type":"ListItem","position":1,"name":"Accueil","item":"https:\/\/homeproject.fr\/fr\/"},{"@type":"ListItem","position":2,"name":"Boutique","item":"https:\/\/homeproject.fr\/fr\/boutique\/"},{"@type":"ListItem","position":3,"name":"Lot de 2 tabourets en bois et tissu gris au confort premium UDINE h 65"}]},{"@type":"WebSite","@id":"https:\/\/homeproject.fr\/fr\/#website","url":"https:\/\/homeproject.fr\/fr\/","name":"Homeproject.fr","description":"Offrez l&#039;exceptionnel \u00e0 vos espaces \u00e0 vivre","publisher":{"@id":"https:\/\/homeproject.fr\/fr\/#organization"},"potentialAction":[{"@type":"SearchAction","target":{"@type":"EntryPoint","urlTemplate":"https:\/\/homeproject.fr\/fr\/?s={search_term_string}"},"query-input":{"@type":"PropertyValueSpecification","valueRequired":true,"valueName":"search_term_string"}}],"inLanguage":"fr-FR"},{"@type":"Organization","@id":"https:\/\/homeproject.fr\/fr\/#organization","name":"Homeproject.fr","url":"https:\/\/homeproject.fr\/fr\/","logo":{"@type":"ImageObject","inLanguage":"fr-FR","@id":"https:\/\/homeproject.fr\/fr\/#\/schema\/logo\/image\/","url":"https:\/\/homeproject.fr\/fr\/wp-content\/uploads\/2024\/12\/Logo_HomeProject-noir-2.png","contentUrl":"https:\/\/homeproject.fr\/fr\/wp-content\/uploads\/2024\/12\/Logo_HomeProject-noir-2.png","width":300,"height":91,"caption":"Homeproject.fr"},"image":{"@id":"https:\/\/homeproject.fr\/fr\/#\/schema\/logo\/image\/"}}]}},"_links":{"self":[{"href":"https:\/\/homeproject.fr\/fr\/wp-json\/wp\/v2\/product\/16367","targetHints":{"allow":["GET"]}}],"collection":[{"href":"https:\/\/homeproject.fr\/fr\/wp-json\/wp\/v2\/product"}],"about":[{"href":"https:\/\/homeproject.fr\/fr\/wp-json\/wp\/v2\/types\/product"}],"version-history":[{"count":4,"href":"https:\/\/homeproject.fr\/fr\/wp-json\/wp\/v2\/product\/16367\/revisions"}],"predecessor-version":[{"id":16379,"href":"https:\/\/homeproject.fr\/fr\/wp-json\/wp\/v2\/product\/16367\/revisions\/16379"}],"wp:featuredmedia":[{"embeddable":true,"href":"https:\/\/homeproject.fr\/fr\/wp-json\/wp\/v2\/media\/16373"}],"wp:attachment":[{"href":"https:\/\/homeproject.fr\/fr\/wp-json\/wp\/v2\/media?parent=16367"}],"wp:term":[{"taxonomy":"product_brand","embeddable":true,"href":"https:\/\/homeproject.fr\/fr\/wp-json\/wp\/v2\/product_brand?post=16367"},{"taxonomy":"product_cat","embeddable":true,"href":"https:\/\/homeproject.fr\/fr\/wp-json\/wp\/v2\/product_cat?post=16367"},{"taxonomy":"product_tag","embeddable":true,"href":"https:\/\/homeproject.fr\/fr\/wp-json\/wp\/v2\/product_tag?post=16367"}],"curies":[{"name":"wp","href":"https:\/\/api.w.org\/{rel}","templated":true}]}}