{"id":16153,"date":"2026-04-20T12:44:53","date_gmt":"2026-04-20T12:44:53","guid":{"rendered":"https:\/\/homeproject.fr\/fr\/?post_type=product&#038;p=16153"},"modified":"2026-04-20T12:52:13","modified_gmt":"2026-04-20T12:52:13","slug":"salon-de-jardin-en-aluminium-gris-et-tissu-gris-denia","status":"publish","type":"product","link":"https:\/\/homeproject.fr\/fr\/produit\/salon-de-jardin-en-aluminium-gris-et-tissu-gris-denia\/","title":{"rendered":"Salon de jardin en aluminium gris et tissu gris DENIA"},"content":{"rendered":"<h3 data-section-id=\"lj0qso\" data-start=\"613\" data-end=\"661\">Un design moderne aux lignes architecturales<\/h3>\n<p data-start=\"663\" data-end=\"725\">Le salon D\u00e9nia s\u00e9duit par son esth\u00e9tique sobre et structur\u00e9e :<\/p>\n<ul data-start=\"727\" data-end=\"943\">\n<li data-section-id=\"103mpes\" data-start=\"727\" data-end=\"793\">Structure en <strong data-start=\"742\" data-end=\"755\">aluminium<\/strong> finition mate, r\u00e9sistante et l\u00e9g\u00e8re<\/li>\n<li data-section-id=\"kdqu7k\" data-start=\"794\" data-end=\"839\">Lignes droites et proportions \u00e9quilibr\u00e9es<\/li>\n<li data-section-id=\"bdht8s\" data-start=\"840\" data-end=\"891\">Coloris neutre et intemporel, facile \u00e0 int\u00e9grer<\/li>\n<li data-section-id=\"xuvdud\" data-start=\"892\" data-end=\"943\">Table basse assortie pour une harmonie parfaite<\/li>\n<\/ul>\n<p data-start=\"945\" data-end=\"1041\">Son design minimaliste s\u2019inspire des ambiances m\u00e9diterran\u00e9ennes et contemporaines haut de gamme.<\/p>\n<hr data-start=\"1043\" data-end=\"1046\" \/>\n<h3 data-section-id=\"1l17x8h\" data-start=\"1048\" data-end=\"1098\">Un confort optimal pour vos moments de d\u00e9tente<\/h3>\n<p data-start=\"1100\" data-end=\"1169\">Con\u00e7u pour un usage quotidien, le salon D\u00e9nia privil\u00e9gie le confort :<\/p>\n<ul data-start=\"1171\" data-end=\"1366\">\n<li data-section-id=\"16pj0nd\" data-start=\"1171\" data-end=\"1217\">Coussins \u00e9pais avec <strong data-start=\"1193\" data-end=\"1215\">mousse densit\u00e9 23D<\/strong><\/li>\n<li data-section-id=\"jf7o04\" data-start=\"1218\" data-end=\"1255\">Assises profondes et ergonomiques<\/li>\n<li data-section-id=\"lmqop9\" data-start=\"1256\" data-end=\"1304\">Dossiers confortables pour un maintien id\u00e9al<\/li>\n<li data-section-id=\"94xhh6\" data-start=\"1305\" data-end=\"1366\">Tissu <strong data-start=\"1313\" data-end=\"1324\">ol\u00e9fine<\/strong> doux au toucher et adapt\u00e9 \u00e0 l\u2019ext\u00e9rieur<\/li>\n<\/ul>\n<p data-start=\"1368\" data-end=\"1455\">Parfait pour accueillir famille et invit\u00e9s, du caf\u00e9 du matin aux longues soir\u00e9es d\u2019\u00e9t\u00e9.<\/p>\n<hr data-start=\"1457\" data-end=\"1460\" \/>\n<h3 data-section-id=\"1by2gcl\" data-start=\"1462\" data-end=\"1503\">Des mat\u00e9riaux con\u00e7us pour l\u2019ext\u00e9rieur<\/h3>\n<p data-start=\"1505\" data-end=\"1583\">Le salon de jardin D\u00e9nia est pens\u00e9 pour r\u00e9sister aux contraintes ext\u00e9rieures :<\/p>\n<ul data-start=\"1585\" data-end=\"1798\">\n<li data-section-id=\"1ynrzse\" data-start=\"1585\" data-end=\"1649\"><strong data-start=\"1587\" data-end=\"1600\">Aluminium<\/strong> : r\u00e9sistant \u00e0 la corrosion, id\u00e9al en ext\u00e9rieur<\/li>\n<li data-section-id=\"1taebf7\" data-start=\"1650\" data-end=\"1701\"><strong data-start=\"1652\" data-end=\"1669\">Tissu ol\u00e9fine<\/strong> : r\u00e9sistant \u00e0 l\u2019eau et aux UV<\/li>\n<li data-section-id=\"1kqpgg9\" data-start=\"1702\" data-end=\"1764\">Finition <strong data-start=\"1713\" data-end=\"1732\">water resistant<\/strong> pour une meilleure durabilit\u00e9<\/li>\n<li data-section-id=\"8ngg5y\" data-start=\"1765\" data-end=\"1798\">Entretien facile au quotidien<\/li>\n<\/ul>\n<p data-start=\"1800\" data-end=\"1861\">Un mobilier durable, adapt\u00e9 \u00e0 un usage intensif en ext\u00e9rieur.<\/p>\n<hr data-start=\"1863\" data-end=\"1866\" \/>\n<h3 data-section-id=\"ltm6nv\" data-start=\"1868\" data-end=\"1898\">Composition du salon D\u00e9nia<\/h3>\n<p data-start=\"1900\" data-end=\"1931\">Cet ensemble complet comprend :<\/p>\n<ul data-start=\"1933\" data-end=\"1988\">\n<li data-section-id=\"1sicc5y\" data-start=\"1933\" data-end=\"1954\">1 canap\u00e9 3 places<\/li>\n<li data-section-id=\"wa2t7e\" data-start=\"1955\" data-end=\"1970\">2 fauteuils<\/li>\n<li data-section-id=\"r9eiht\" data-start=\"1971\" data-end=\"1988\">1 table basse<\/li>\n<\/ul>\n<p data-start=\"1990\" data-end=\"2057\">Un set harmonieux pour cr\u00e9er un espace lounge \u00e9l\u00e9gant et convivial.<\/p>\n<hr data-start=\"2059\" data-end=\"2062\" \/>\n<h3 data-section-id=\"hbcyz0\" data-start=\"2064\" data-end=\"2105\">Id\u00e9al pour une terrasse contemporaine<\/h3>\n<p data-start=\"2107\" data-end=\"2151\">Le salon D\u00e9nia s\u2019int\u00e8gre parfaitement dans :<\/p>\n<ul data-start=\"2153\" data-end=\"2264\">\n<li data-section-id=\"eqpzef\" data-start=\"2153\" data-end=\"2186\">Terrasses modernes et \u00e9pur\u00e9es<\/li>\n<li data-section-id=\"hbq55z\" data-start=\"2187\" data-end=\"2213\">Jardins m\u00e9diterran\u00e9ens<\/li>\n<li data-section-id=\"qyodtu\" data-start=\"2214\" data-end=\"2243\">Espaces ext\u00e9rieurs design<\/li>\n<li data-section-id=\"fqf6za\" data-start=\"2244\" data-end=\"2264\">Balcons spacieux<\/li>\n<\/ul>\n<p data-start=\"2266\" data-end=\"2380\">Il s\u2019associe facilement \u00e0 des mat\u00e9riaux comme le carrelage effet pierre ou b\u00e9ton pour un rendu tr\u00e8s architectural.<\/p>\n<hr data-start=\"2382\" data-end=\"2385\" \/>\n<h3 data-section-id=\"u3csm9\" data-start=\"2387\" data-end=\"2418\">Caract\u00e9ristiques techniques<\/h3>\n<ul data-start=\"2420\" data-end=\"2755\">\n<li data-section-id=\"iuaqgl\" data-start=\"2420\" data-end=\"2439\"><strong data-start=\"2422\" data-end=\"2429\">Nom<\/strong> : D\u00e9nia<\/li>\n<li data-section-id=\"115zgek\" data-start=\"2440\" data-end=\"2489\"><strong data-start=\"2442\" data-end=\"2450\">Type<\/strong> : Salon de jardin \/ Canap\u00e9 ext\u00e9rieur<\/li>\n<li data-section-id=\"ovl7q0\" data-start=\"2490\" data-end=\"2524\"><strong data-start=\"2492\" data-end=\"2507\">Composition<\/strong> : Set 4 pi\u00e8ces<\/li>\n<li data-section-id=\"187mob1\" data-start=\"2525\" data-end=\"2572\"><strong data-start=\"2527\" data-end=\"2548\">Dimensions canap\u00e9<\/strong> : L188 x P75 x H67 cm<\/li>\n<li data-section-id=\"jx4z8g\" data-start=\"2573\" data-end=\"2619\"><strong data-start=\"2575\" data-end=\"2588\">Mat\u00e9riaux<\/strong> : Aluminium et tissu ol\u00e9fine<\/li>\n<li data-section-id=\"15kd7uo\" data-start=\"2620\" data-end=\"2656\"><strong data-start=\"2622\" data-end=\"2633\">Confort<\/strong> : Mousse densit\u00e9 23D<\/li>\n<li data-section-id=\"1odua3s\" data-start=\"2657\" data-end=\"2688\"><strong data-start=\"2659\" data-end=\"2674\">Utilisation<\/strong> : Ext\u00e9rieur<\/li>\n<li data-section-id=\"1417a0v\" data-start=\"2689\" data-end=\"2725\"><strong data-start=\"2691\" data-end=\"2703\">Finition<\/strong> : R\u00e9sistant \u00e0 l\u2019eau<\/li>\n<\/ul>\n<hr data-start=\"2757\" data-end=\"2760\" \/>\n<h3 data-section-id=\"98pvz4\" data-start=\"2762\" data-end=\"2809\">Pourquoi choisir le salon de jardin D\u00e9nia ?<\/h3>\n<ul data-start=\"2811\" data-end=\"2997\">\n<li data-section-id=\"187axoh\" data-start=\"2811\" data-end=\"2848\">Design contemporain et intemporel<\/li>\n<li data-section-id=\"1cl2t5u\" data-start=\"2849\" data-end=\"2893\">Mat\u00e9riaux durables adapt\u00e9s \u00e0 l\u2019ext\u00e9rieur<\/li>\n<li data-section-id=\"t4xllq\" data-start=\"2894\" data-end=\"2913\">Confort premium<\/li>\n<li data-section-id=\"qv09sl\" data-start=\"2914\" data-end=\"2951\">Ensemble complet pr\u00eat \u00e0 installer<\/li>\n<li data-section-id=\"1382fye\" data-start=\"2952\" data-end=\"2997\">Id\u00e9al pour cr\u00e9er un espace lounge \u00e9l\u00e9gant<\/li>\n<\/ul>\n<h3><strong style=\"font-family: inherit; font-size: 30px;\">Vous avez des questions ?<\/strong><\/h3>\n<style id=\"wpforms-css-vars-3675\">\n\t\t\t\t#wpforms-3675 {\n\t\t\t\t\n\t\t\t}\n\t\t\t<\/style><div class=\"wpforms-container wpforms-container-full wpforms-render-modern\" id=\"wpforms-3675\"><form id=\"wpforms-form-3675\" class=\"wpforms-validate wpforms-form wpforms-ajax-form\" data-formid=\"3675\" method=\"post\" enctype=\"multipart\/form-data\" action=\"\/fr\/wp-json\/wp\/v2\/product\/16153\" data-token=\"fc720c69f3a1985734366cd2b4a52e96\" data-token-time=\"1776701169\"><noscript class=\"wpforms-error-noscript\">Veuillez activer JavaScript dans votre navigateur pour remplir ce formulaire.<\/noscript><div id=\"wpforms-error-noscript\" style=\"display: none;\">Veuillez activer JavaScript dans votre navigateur pour remplir ce formulaire.<\/div><div class=\"wpforms-field-container\"><div id=\"wpforms-3675-field_3-container\" class=\"wpforms-field wpforms-field-name\" data-field-id=\"3\"><fieldset><legend class=\"wpforms-field-label\">Nom <span class=\"wpforms-required-label\" aria-hidden=\"true\">*<\/span><\/legend><div class=\"wpforms-field-row wpforms-field-medium\"><div class=\"wpforms-field-row-block wpforms-first wpforms-one-half\"><input type=\"text\" id=\"wpforms-3675-field_3\" class=\"wpforms-field-name-first wpforms-field-required\" name=\"wpforms[fields][3][first]\" aria-errormessage=\"wpforms-3675-field_3-error\" required><label for=\"wpforms-3675-field_3\" class=\"wpforms-field-sublabel after\">Pr\u00e9nom<\/label><\/div><div class=\"wpforms-field-row-block wpforms-one-half\"><input type=\"text\" id=\"wpforms-3675-field_3-last\" class=\"wpforms-field-name-last wpforms-field-required\" name=\"wpforms[fields][3][last]\" aria-errormessage=\"wpforms-3675-field_3-last-error\" required><label for=\"wpforms-3675-field_3-last\" class=\"wpforms-field-sublabel after\">Nom<\/label><\/div><\/div><\/fieldset><\/div>\t\t<div id=\"wpforms-3675-field_1-container\"\n\t\t\tclass=\"wpforms-field wpforms-field-text\"\n\t\t\tdata-field-type=\"text\"\n\t\t\tdata-field-id=\"1\"\n\t\t\t>\n\t\t\t<label class=\"wpforms-field-label\" for=\"wpforms-3675-field_1\" >Message E-mail Nom<\/label>\n\t\t\t<input type=\"text\" id=\"wpforms-3675-field_1\" class=\"wpforms-field-medium\" name=\"wpforms[fields][1]\" >\n\t\t<\/div>\n\t\t<div id=\"wpforms-3675-field_4-container\" class=\"wpforms-field wpforms-field-email\" data-field-id=\"4\"><label class=\"wpforms-field-label\" for=\"wpforms-3675-field_4\">E-mail <span class=\"wpforms-required-label\" aria-hidden=\"true\">*<\/span><\/label><input type=\"email\" id=\"wpforms-3675-field_4\" class=\"wpforms-field-medium wpforms-field-required\" name=\"wpforms[fields][4]\" spellcheck=\"false\" aria-errormessage=\"wpforms-3675-field_4-error\" required><\/div><div id=\"wpforms-3675-field_5-container\" class=\"wpforms-field wpforms-field-textarea\" data-field-id=\"5\"><label class=\"wpforms-field-label\" for=\"wpforms-3675-field_5\">Message <span class=\"wpforms-required-label\" aria-hidden=\"true\">*<\/span><\/label><textarea id=\"wpforms-3675-field_5\" class=\"wpforms-field-medium wpforms-field-required\" name=\"wpforms[fields][5]\" aria-errormessage=\"wpforms-3675-field_5-error\" required><\/textarea><\/div><script>\n\t\t\t\t( function() {\n\t\t\t\t\tconst style = document.createElement( 'style' );\n\t\t\t\t\tstyle.appendChild( document.createTextNode( '#wpforms-3675-field_1-container { position: absolute !important; overflow: hidden !important; display: inline !important; height: 1px !important; width: 1px !important; z-index: -1000 !important; padding: 0 !important; } #wpforms-3675-field_1-container input { visibility: hidden; } #wpforms-conversational-form-page #wpforms-3675-field_1-container label { counter-increment: none; }' ) );\n\t\t\t\t\tdocument.head.appendChild( style );\n\t\t\t\t\tdocument.currentScript?.remove();\n\t\t\t\t} )();\n\t\t\t<\/script><\/div><!-- .wpforms-field-container --><div class=\"wpforms-submit-container\" ><input type=\"hidden\" name=\"wpforms[id]\" value=\"3675\"><input type=\"hidden\" name=\"page_title\" value=\"\"><input type=\"hidden\" name=\"page_url\" value=\"https:\/\/homeproject.fr\/fr\/wp-json\/wp\/v2\/product\/16153\"><input type=\"hidden\" name=\"url_referer\" value=\"\"><button type=\"submit\" name=\"wpforms[submit]\" id=\"wpforms-submit-3675\" class=\"wpforms-submit\" data-alt-text=\"Envoi...\" data-submit-text=\"Envoyer\" aria-live=\"assertive\" value=\"wpforms-submit\">Envoyer<\/button><img decoding=\"async\" src=\"https:\/\/homeproject.fr\/fr\/wp-content\/plugins\/wpforms-lite\/assets\/images\/submit-spin.svg\" class=\"wpforms-submit-spinner\" style=\"display: none;\" width=\"26\" height=\"26\" alt=\"Chargement en cours\"><\/div><\/form><\/div>  <!-- .wpforms-container -->\n","protected":false},"excerpt":{"rendered":"<p data-section-id=\"1hinrw2\" data-start=\"123\" data-end=\"201\"><strong>Design contemporain et confort outdoor<\/strong><\/p>\n<p data-start=\"203\" data-end=\"466\">Le salon de jardin <strong data-start=\"222\" data-end=\"231\">D\u00e9nia<\/strong> incarne l\u2019\u00e9l\u00e9gance du mobilier ext\u00e9rieur contemporain. Avec sa structure en <strong data-start=\"308\" data-end=\"321\">aluminium<\/strong> aux lignes \u00e9pur\u00e9es et ses coussins g\u00e9n\u00e9reux en <strong data-start=\"369\" data-end=\"386\">tissu ol\u00e9fine<\/strong>, il offre un \u00e9quilibre parfait entre design minimaliste, confort et durabilit\u00e9.<\/p>\n<p data-start=\"468\" data-end=\"606\">Pens\u00e9 comme un v\u00e9ritable espace de vie ext\u00e9rieur, cet ensemble 4 pi\u00e8ces transforme votre terrasse ou jardin en un lieu de d\u00e9tente raffin\u00e9.<\/p>\n","protected":false},"featured_media":16154,"template":"","meta":{"_uf_show_specific_survey":0,"_uf_disable_surveys":false,"iawp_total_views":4},"product_brand":[518],"product_cat":[166],"product_tag":[],"class_list":{"0":"post-16153","1":"product","2":"type-product","3":"status-publish","4":"has-post-thumbnail","6":"product_brand-diphano","7":"product_cat-salons-de-jardin","8":"product_shipping_class-gros-colis-messagerie","9":"pa_materiau-aluminium","10":"pa_materiau-tissu","12":"first","13":"instock","14":"taxable","15":"shipping-taxable","16":"purchasable","17":"product-type-simple"},"yoast_head":"<!-- This site is optimized with the Yoast SEO plugin v27.4 - https:\/\/yoast.com\/product\/yoast-seo-wordpress\/ -->\n<title>Salon de jardin en aluminium gris et tissu gris DENIA - Homeproject.fr<\/title>\n<meta name=\"robots\" content=\"index, follow, max-snippet:-1, max-image-preview:large, max-video-preview:-1\" \/>\n<link rel=\"canonical\" href=\"https:\/\/homeproject.fr\/fr\/produit\/salon-de-jardin-en-aluminium-gris-et-tissu-gris-denia\/\" \/>\n<meta property=\"og:locale\" content=\"fr_FR\" \/>\n<meta property=\"og:type\" content=\"article\" \/>\n<meta property=\"og:title\" content=\"Salon de jardin en aluminium gris et tissu gris DENIA - Homeproject.fr\" \/>\n<meta property=\"og:description\" content=\"Design contemporain et confort outdoor Le salon de jardin D\u00e9nia incarne l\u2019\u00e9l\u00e9gance du mobilier ext\u00e9rieur contemporain. Avec sa structure en aluminium aux lignes \u00e9pur\u00e9es et ses coussins g\u00e9n\u00e9reux en tissu ol\u00e9fine, il offre un \u00e9quilibre parfait entre design minimaliste, confort et durabilit\u00e9. Pens\u00e9 comme un v\u00e9ritable espace de vie ext\u00e9rieur, cet ensemble 4 pi\u00e8ces transforme votre terrasse ou jardin en un lieu de d\u00e9tente raffin\u00e9.\" \/>\n<meta property=\"og:url\" content=\"https:\/\/homeproject.fr\/fr\/produit\/salon-de-jardin-en-aluminium-gris-et-tissu-gris-denia\/\" \/>\n<meta property=\"og:site_name\" content=\"Homeproject.fr\" \/>\n<meta property=\"article:modified_time\" content=\"2026-04-20T12:52:13+00:00\" \/>\n<meta property=\"og:image\" content=\"https:\/\/homeproject.fr\/fr\/wp-content\/uploads\/2026\/04\/Salon-de-jardin-Denia-en-aluminium-gris-et-tissu-blanc-4.png\" \/>\n\t<meta property=\"og:image:width\" content=\"1024\" \/>\n\t<meta property=\"og:image:height\" content=\"1024\" \/>\n\t<meta property=\"og:image:type\" content=\"image\/png\" \/>\n<meta name=\"twitter:card\" content=\"summary_large_image\" \/>\n<meta name=\"twitter:label1\" content=\"Dur\u00e9e de lecture estim\u00e9e\" \/>\n\t<meta name=\"twitter:data1\" content=\"2 minutes\" \/>\n<script type=\"application\/ld+json\" class=\"yoast-schema-graph\">{\"@context\":\"https:\\\/\\\/schema.org\",\"@graph\":[{\"@type\":\"WebPage\",\"@id\":\"https:\\\/\\\/homeproject.fr\\\/fr\\\/produit\\\/salon-de-jardin-en-aluminium-gris-et-tissu-gris-denia\\\/\",\"url\":\"https:\\\/\\\/homeproject.fr\\\/fr\\\/produit\\\/salon-de-jardin-en-aluminium-gris-et-tissu-gris-denia\\\/\",\"name\":\"Salon de jardin en aluminium gris et tissu gris DENIA - Homeproject.fr\",\"isPartOf\":{\"@id\":\"https:\\\/\\\/homeproject.fr\\\/fr\\\/#website\"},\"primaryImageOfPage\":{\"@id\":\"https:\\\/\\\/homeproject.fr\\\/fr\\\/produit\\\/salon-de-jardin-en-aluminium-gris-et-tissu-gris-denia\\\/#primaryimage\"},\"image\":{\"@id\":\"https:\\\/\\\/homeproject.fr\\\/fr\\\/produit\\\/salon-de-jardin-en-aluminium-gris-et-tissu-gris-denia\\\/#primaryimage\"},\"thumbnailUrl\":\"https:\\\/\\\/homeproject.fr\\\/fr\\\/wp-content\\\/uploads\\\/2026\\\/04\\\/Salon-de-jardin-Denia-en-aluminium-gris-et-tissu-blanc-4.png\",\"datePublished\":\"2026-04-20T12:44:53+00:00\",\"dateModified\":\"2026-04-20T12:52:13+00:00\",\"breadcrumb\":{\"@id\":\"https:\\\/\\\/homeproject.fr\\\/fr\\\/produit\\\/salon-de-jardin-en-aluminium-gris-et-tissu-gris-denia\\\/#breadcrumb\"},\"inLanguage\":\"fr-FR\",\"potentialAction\":[{\"@type\":\"ReadAction\",\"target\":[\"https:\\\/\\\/homeproject.fr\\\/fr\\\/produit\\\/salon-de-jardin-en-aluminium-gris-et-tissu-gris-denia\\\/\"]}]},{\"@type\":\"ImageObject\",\"inLanguage\":\"fr-FR\",\"@id\":\"https:\\\/\\\/homeproject.fr\\\/fr\\\/produit\\\/salon-de-jardin-en-aluminium-gris-et-tissu-gris-denia\\\/#primaryimage\",\"url\":\"https:\\\/\\\/homeproject.fr\\\/fr\\\/wp-content\\\/uploads\\\/2026\\\/04\\\/Salon-de-jardin-Denia-en-aluminium-gris-et-tissu-blanc-4.png\",\"contentUrl\":\"https:\\\/\\\/homeproject.fr\\\/fr\\\/wp-content\\\/uploads\\\/2026\\\/04\\\/Salon-de-jardin-Denia-en-aluminium-gris-et-tissu-blanc-4.png\",\"width\":1024,\"height\":1024},{\"@type\":\"BreadcrumbList\",\"@id\":\"https:\\\/\\\/homeproject.fr\\\/fr\\\/produit\\\/salon-de-jardin-en-aluminium-gris-et-tissu-gris-denia\\\/#breadcrumb\",\"itemListElement\":[{\"@type\":\"ListItem\",\"position\":1,\"name\":\"Accueil\",\"item\":\"https:\\\/\\\/homeproject.fr\\\/fr\\\/\"},{\"@type\":\"ListItem\",\"position\":2,\"name\":\"Boutique\",\"item\":\"https:\\\/\\\/homeproject.fr\\\/fr\\\/boutique\\\/\"},{\"@type\":\"ListItem\",\"position\":3,\"name\":\"Salon de jardin en aluminium gris et tissu gris DENIA\"}]},{\"@type\":\"WebSite\",\"@id\":\"https:\\\/\\\/homeproject.fr\\\/fr\\\/#website\",\"url\":\"https:\\\/\\\/homeproject.fr\\\/fr\\\/\",\"name\":\"Homeproject.fr\",\"description\":\"Offrez l&#039;exceptionnel \u00e0 vos espaces \u00e0 vivre\",\"publisher\":{\"@id\":\"https:\\\/\\\/homeproject.fr\\\/fr\\\/#organization\"},\"potentialAction\":[{\"@type\":\"SearchAction\",\"target\":{\"@type\":\"EntryPoint\",\"urlTemplate\":\"https:\\\/\\\/homeproject.fr\\\/fr\\\/?s={search_term_string}\"},\"query-input\":{\"@type\":\"PropertyValueSpecification\",\"valueRequired\":true,\"valueName\":\"search_term_string\"}}],\"inLanguage\":\"fr-FR\"},{\"@type\":\"Organization\",\"@id\":\"https:\\\/\\\/homeproject.fr\\\/fr\\\/#organization\",\"name\":\"Homeproject.fr\",\"url\":\"https:\\\/\\\/homeproject.fr\\\/fr\\\/\",\"logo\":{\"@type\":\"ImageObject\",\"inLanguage\":\"fr-FR\",\"@id\":\"https:\\\/\\\/homeproject.fr\\\/fr\\\/#\\\/schema\\\/logo\\\/image\\\/\",\"url\":\"https:\\\/\\\/homeproject.fr\\\/fr\\\/wp-content\\\/uploads\\\/2024\\\/12\\\/Logo_HomeProject-noir-2.png\",\"contentUrl\":\"https:\\\/\\\/homeproject.fr\\\/fr\\\/wp-content\\\/uploads\\\/2024\\\/12\\\/Logo_HomeProject-noir-2.png\",\"width\":300,\"height\":91,\"caption\":\"Homeproject.fr\"},\"image\":{\"@id\":\"https:\\\/\\\/homeproject.fr\\\/fr\\\/#\\\/schema\\\/logo\\\/image\\\/\"}}]}<\/script>\n<!-- \/ Yoast SEO plugin. -->","yoast_head_json":{"title":"Salon de jardin en aluminium gris et tissu gris DENIA - Homeproject.fr","robots":{"index":"index","follow":"follow","max-snippet":"max-snippet:-1","max-image-preview":"max-image-preview:large","max-video-preview":"max-video-preview:-1"},"canonical":"https:\/\/homeproject.fr\/fr\/produit\/salon-de-jardin-en-aluminium-gris-et-tissu-gris-denia\/","og_locale":"fr_FR","og_type":"article","og_title":"Salon de jardin en aluminium gris et tissu gris DENIA - Homeproject.fr","og_description":"Design contemporain et confort outdoor Le salon de jardin D\u00e9nia incarne l\u2019\u00e9l\u00e9gance du mobilier ext\u00e9rieur contemporain. Avec sa structure en aluminium aux lignes \u00e9pur\u00e9es et ses coussins g\u00e9n\u00e9reux en tissu ol\u00e9fine, il offre un \u00e9quilibre parfait entre design minimaliste, confort et durabilit\u00e9. Pens\u00e9 comme un v\u00e9ritable espace de vie ext\u00e9rieur, cet ensemble 4 pi\u00e8ces transforme votre terrasse ou jardin en un lieu de d\u00e9tente raffin\u00e9.","og_url":"https:\/\/homeproject.fr\/fr\/produit\/salon-de-jardin-en-aluminium-gris-et-tissu-gris-denia\/","og_site_name":"Homeproject.fr","article_modified_time":"2026-04-20T12:52:13+00:00","og_image":[{"width":1024,"height":1024,"url":"https:\/\/homeproject.fr\/fr\/wp-content\/uploads\/2026\/04\/Salon-de-jardin-Denia-en-aluminium-gris-et-tissu-blanc-4.png","type":"image\/png"}],"twitter_card":"summary_large_image","twitter_misc":{"Dur\u00e9e de lecture estim\u00e9e":"2 minutes"},"schema":{"@context":"https:\/\/schema.org","@graph":[{"@type":"WebPage","@id":"https:\/\/homeproject.fr\/fr\/produit\/salon-de-jardin-en-aluminium-gris-et-tissu-gris-denia\/","url":"https:\/\/homeproject.fr\/fr\/produit\/salon-de-jardin-en-aluminium-gris-et-tissu-gris-denia\/","name":"Salon de jardin en aluminium gris et tissu gris DENIA - Homeproject.fr","isPartOf":{"@id":"https:\/\/homeproject.fr\/fr\/#website"},"primaryImageOfPage":{"@id":"https:\/\/homeproject.fr\/fr\/produit\/salon-de-jardin-en-aluminium-gris-et-tissu-gris-denia\/#primaryimage"},"image":{"@id":"https:\/\/homeproject.fr\/fr\/produit\/salon-de-jardin-en-aluminium-gris-et-tissu-gris-denia\/#primaryimage"},"thumbnailUrl":"https:\/\/homeproject.fr\/fr\/wp-content\/uploads\/2026\/04\/Salon-de-jardin-Denia-en-aluminium-gris-et-tissu-blanc-4.png","datePublished":"2026-04-20T12:44:53+00:00","dateModified":"2026-04-20T12:52:13+00:00","breadcrumb":{"@id":"https:\/\/homeproject.fr\/fr\/produit\/salon-de-jardin-en-aluminium-gris-et-tissu-gris-denia\/#breadcrumb"},"inLanguage":"fr-FR","potentialAction":[{"@type":"ReadAction","target":["https:\/\/homeproject.fr\/fr\/produit\/salon-de-jardin-en-aluminium-gris-et-tissu-gris-denia\/"]}]},{"@type":"ImageObject","inLanguage":"fr-FR","@id":"https:\/\/homeproject.fr\/fr\/produit\/salon-de-jardin-en-aluminium-gris-et-tissu-gris-denia\/#primaryimage","url":"https:\/\/homeproject.fr\/fr\/wp-content\/uploads\/2026\/04\/Salon-de-jardin-Denia-en-aluminium-gris-et-tissu-blanc-4.png","contentUrl":"https:\/\/homeproject.fr\/fr\/wp-content\/uploads\/2026\/04\/Salon-de-jardin-Denia-en-aluminium-gris-et-tissu-blanc-4.png","width":1024,"height":1024},{"@type":"BreadcrumbList","@id":"https:\/\/homeproject.fr\/fr\/produit\/salon-de-jardin-en-aluminium-gris-et-tissu-gris-denia\/#breadcrumb","itemListElement":[{"@type":"ListItem","position":1,"name":"Accueil","item":"https:\/\/homeproject.fr\/fr\/"},{"@type":"ListItem","position":2,"name":"Boutique","item":"https:\/\/homeproject.fr\/fr\/boutique\/"},{"@type":"ListItem","position":3,"name":"Salon de jardin en aluminium gris et tissu gris DENIA"}]},{"@type":"WebSite","@id":"https:\/\/homeproject.fr\/fr\/#website","url":"https:\/\/homeproject.fr\/fr\/","name":"Homeproject.fr","description":"Offrez l&#039;exceptionnel \u00e0 vos espaces \u00e0 vivre","publisher":{"@id":"https:\/\/homeproject.fr\/fr\/#organization"},"potentialAction":[{"@type":"SearchAction","target":{"@type":"EntryPoint","urlTemplate":"https:\/\/homeproject.fr\/fr\/?s={search_term_string}"},"query-input":{"@type":"PropertyValueSpecification","valueRequired":true,"valueName":"search_term_string"}}],"inLanguage":"fr-FR"},{"@type":"Organization","@id":"https:\/\/homeproject.fr\/fr\/#organization","name":"Homeproject.fr","url":"https:\/\/homeproject.fr\/fr\/","logo":{"@type":"ImageObject","inLanguage":"fr-FR","@id":"https:\/\/homeproject.fr\/fr\/#\/schema\/logo\/image\/","url":"https:\/\/homeproject.fr\/fr\/wp-content\/uploads\/2024\/12\/Logo_HomeProject-noir-2.png","contentUrl":"https:\/\/homeproject.fr\/fr\/wp-content\/uploads\/2024\/12\/Logo_HomeProject-noir-2.png","width":300,"height":91,"caption":"Homeproject.fr"},"image":{"@id":"https:\/\/homeproject.fr\/fr\/#\/schema\/logo\/image\/"}}]}},"_links":{"self":[{"href":"https:\/\/homeproject.fr\/fr\/wp-json\/wp\/v2\/product\/16153","targetHints":{"allow":["GET"]}}],"collection":[{"href":"https:\/\/homeproject.fr\/fr\/wp-json\/wp\/v2\/product"}],"about":[{"href":"https:\/\/homeproject.fr\/fr\/wp-json\/wp\/v2\/types\/product"}],"version-history":[{"count":3,"href":"https:\/\/homeproject.fr\/fr\/wp-json\/wp\/v2\/product\/16153\/revisions"}],"predecessor-version":[{"id":16167,"href":"https:\/\/homeproject.fr\/fr\/wp-json\/wp\/v2\/product\/16153\/revisions\/16167"}],"wp:featuredmedia":[{"embeddable":true,"href":"https:\/\/homeproject.fr\/fr\/wp-json\/wp\/v2\/media\/16154"}],"wp:attachment":[{"href":"https:\/\/homeproject.fr\/fr\/wp-json\/wp\/v2\/media?parent=16153"}],"wp:term":[{"taxonomy":"product_brand","embeddable":true,"href":"https:\/\/homeproject.fr\/fr\/wp-json\/wp\/v2\/product_brand?post=16153"},{"taxonomy":"product_cat","embeddable":true,"href":"https:\/\/homeproject.fr\/fr\/wp-json\/wp\/v2\/product_cat?post=16153"},{"taxonomy":"product_tag","embeddable":true,"href":"https:\/\/homeproject.fr\/fr\/wp-json\/wp\/v2\/product_tag?post=16153"}],"curies":[{"name":"wp","href":"https:\/\/api.w.org\/{rel}","templated":true}]}}