{"id":16141,"date":"2026-04-20T12:30:03","date_gmt":"2026-04-20T12:30:03","guid":{"rendered":"https:\/\/homeproject.fr\/fr\/?post_type=product&#038;p=16141"},"modified":"2026-04-20T12:38:09","modified_gmt":"2026-04-20T12:38:09","slug":"buffet-4-portes-en-bois-dacacia-et-plateau-en-marbre-tellaro","status":"publish","type":"product","link":"https:\/\/homeproject.fr\/fr\/produit\/buffet-4-portes-en-bois-dacacia-et-plateau-en-marbre-tellaro\/","title":{"rendered":"Buffet 4 portes en bois d&rsquo;acacia et plateau en marbre TELLARO"},"content":{"rendered":"<div class=\"flex-1 overflow-hidden @container\/thread\">\n<div class=\"h-full\">\n<div class=\"react-scroll-to-bottom--css-avwfw-79elbk h-full\">\n<div class=\"react-scroll-to-bottom--css-avwfw-1n7m0yu\">\n<div class=\"flex flex-col text-sm md:pb-9\">\n<article class=\"w-full scroll-mb-[var(--thread-trailing-height,150px)] text-token-text-primary focus-visible:outline-2 focus-visible:outline-offset-[-4px]\" dir=\"auto\" data-testid=\"conversation-turn-13\" data-scroll-anchor=\"true\">\n<div class=\"m-auto text-base py-[18px] px-3 md:px-4 w-full md:px-5 lg:px-4 xl:px-5\">\n<div class=\"mx-auto flex flex-1 gap-4 text-base md:gap-5 lg:gap-6 md:max-w-3xl lg:max-w-[40rem] xl:max-w-[48rem]\">\n<div class=\"group\/conversation-turn relative flex w-full min-w-0 flex-col agent-turn\">\n<div class=\"flex-col gap-1 md:gap-3\">\n<div class=\"flex max-w-full flex-col flex-grow\">\n<div class=\"min-h-8 text-message flex w-full flex-col items-end gap-2 whitespace-normal break-words text-start [.text-message+&amp;]:mt-5\" dir=\"auto\" data-message-author-role=\"assistant\" data-message-id=\"dc5cab26-9697-46d2-b6fe-c8745ded277b\" data-message-model-slug=\"gpt-4o\">\n<div class=\"flex w-full flex-col gap-1 empty:hidden first:pt-[3px]\">\n<div class=\"markdown prose w-full break-words dark:prose-invert light\">\n<h3 data-section-id=\"1m4smhe\" data-start=\"642\" data-end=\"690\">Un design structur\u00e9 aux finitions naturelles<\/h3>\n<p data-start=\"692\" data-end=\"781\">Le buffet Tellaro se distingue par une silhouette architecturale et des d\u00e9tails soign\u00e9s :<\/p>\n<ul data-start=\"783\" data-end=\"1002\">\n<li data-section-id=\"1kcn2ie\" data-start=\"783\" data-end=\"848\">Structure en <strong data-start=\"798\" data-end=\"815\">bois d\u2019acacia<\/strong> aux nuances naturelles uniques<\/li>\n<li data-section-id=\"xzp9qd\" data-start=\"849\" data-end=\"913\">Plateau en <strong data-start=\"862\" data-end=\"872\">marbre<\/strong> pour une touche min\u00e9rale haut de gamme<\/li>\n<li data-section-id=\"kdqu7k\" data-start=\"914\" data-end=\"959\">Lignes droites et proportions \u00e9quilibr\u00e9es<\/li>\n<li data-section-id=\"66raqs\" data-start=\"960\" data-end=\"1002\">Poign\u00e9es int\u00e9gr\u00e9es pour un rendu \u00e9pur\u00e9<\/li>\n<\/ul>\n<p data-start=\"1004\" data-end=\"1093\">Ce contraste entre bois et pierre apporte profondeur et sophistication \u00e0 votre int\u00e9rieur.<\/p>\n<hr data-start=\"1095\" data-end=\"1098\" \/>\n<h3 data-section-id=\"1woxrwa\" data-start=\"1100\" data-end=\"1150\">Un meuble de rangement fonctionnel et g\u00e9n\u00e9reux<\/h3>\n<p data-start=\"1152\" data-end=\"1245\">Pens\u00e9 pour un usage quotidien, le buffet Tellaro offre une organisation int\u00e9rieure optimale :<\/p>\n<ul data-start=\"1247\" data-end=\"1503\">\n<li data-section-id=\"flgyid\" data-start=\"1247\" data-end=\"1286\"><strong data-start=\"1249\" data-end=\"1261\">4 portes<\/strong> pour un acc\u00e8s pratique<\/li>\n<li data-section-id=\"1yniutr\" data-start=\"1287\" data-end=\"1355\"><strong data-start=\"1289\" data-end=\"1315\">3 \u00e9tag\u00e8res int\u00e9rieures<\/strong> permettant de structurer le rangement<\/li>\n<li data-section-id=\"1eh6y85\" data-start=\"1356\" data-end=\"1428\">Espaces adapt\u00e9s \u00e0 la vaisselle, linge de maison ou objets d\u00e9coratifs<\/li>\n<li data-section-id=\"orpfvv\" data-start=\"1429\" data-end=\"1503\">Format compact (<strong data-start=\"1447\" data-end=\"1470\">L160 x P40 x H80 cm<\/strong>) id\u00e9al pour optimiser l\u2019espace<\/li>\n<\/ul>\n<p data-start=\"1505\" data-end=\"1582\">Son agencement permet de combiner capacit\u00e9 de rangement et \u00e9l\u00e9gance visuelle.<\/p>\n<hr data-start=\"1584\" data-end=\"1587\" \/>\n<h3 data-section-id=\"1jseb3e\" data-start=\"1589\" data-end=\"1633\">L\u2019alliance du bois d\u2019acacia et du marbre<\/h3>\n<p data-start=\"1635\" data-end=\"1701\">Le buffet Tellaro met en valeur des mat\u00e9riaux nobles et durables :<\/p>\n<ul data-start=\"1703\" data-end=\"1847\">\n<li data-section-id=\"v8g67u\" data-start=\"1703\" data-end=\"1783\"><strong data-start=\"1705\" data-end=\"1715\">Acacia<\/strong> : bois massif reconnu pour sa r\u00e9sistance et son aspect chaleureux<\/li>\n<li data-section-id=\"1xck4va\" data-start=\"1784\" data-end=\"1847\"><strong data-start=\"1786\" data-end=\"1796\">Marbre<\/strong> : mat\u00e9riau naturel \u00e9l\u00e9gant, aux veinages uniques<\/li>\n<\/ul>\n<p data-start=\"1849\" data-end=\"1947\">Chaque pi\u00e8ce est ainsi singuli\u00e8re, avec des variations naturelles qui renforcent son authenticit\u00e9.<\/p>\n<hr data-start=\"1949\" data-end=\"1952\" \/>\n<h3 data-section-id=\"cqo8im\" data-start=\"1954\" data-end=\"2005\">Id\u00e9al pour un int\u00e9rieur contemporain et naturel<\/h3>\n<p data-start=\"2007\" data-end=\"2073\">Le buffet Tellaro s\u2019int\u00e8gre parfaitement dans diff\u00e9rents univers :<\/p>\n<ul data-start=\"2075\" data-end=\"2267\">\n<li data-section-id=\"dciy5n\" data-start=\"2075\" data-end=\"2113\">Int\u00e9rieurs contemporains et \u00e9pur\u00e9s<\/li>\n<li data-section-id=\"y3lu5\" data-start=\"2114\" data-end=\"2158\">Ambiances naturelles ou m\u00e9diterran\u00e9ennes<\/li>\n<li data-section-id=\"1rwevmx\" data-start=\"2159\" data-end=\"2203\">D\u00e9cors m\u00ealant bois et mati\u00e8res min\u00e9rales<\/li>\n<li data-section-id=\"bj8q5t\" data-start=\"2204\" data-end=\"2267\">Espaces haut de gamme \u00e0 la recherche de pi\u00e8ces authentiques<\/li>\n<\/ul>\n<p data-start=\"2269\" data-end=\"2370\">Il peut \u00eatre utilis\u00e9 comme <strong data-start=\"2296\" data-end=\"2315\">buffet de salon<\/strong>, <strong data-start=\"2317\" data-end=\"2345\">meuble de salle \u00e0 manger<\/strong> ou <strong data-start=\"2349\" data-end=\"2369\">meuble TV design<\/strong>.<\/p>\n<hr data-start=\"2372\" data-end=\"2375\" \/>\n<h3 data-section-id=\"u3csm9\" data-start=\"2377\" data-end=\"2408\">Caract\u00e9ristiques techniques<\/h3>\n<ul data-start=\"2410\" data-end=\"2697\">\n<li data-section-id=\"10l311v\" data-start=\"2410\" data-end=\"2431\"><strong data-start=\"2412\" data-end=\"2419\">Nom<\/strong> : Tellaro<\/li>\n<li data-section-id=\"7u90n5\" data-start=\"2432\" data-end=\"2463\"><strong data-start=\"2434\" data-end=\"2442\">Type<\/strong> : Buffet \/ Commode<\/li>\n<li data-section-id=\"48n4q8\" data-start=\"2464\" data-end=\"2504\"><strong data-start=\"2466\" data-end=\"2480\">Dimensions<\/strong> : L160 x P40 x H80 cm<\/li>\n<li data-section-id=\"mcjlra\" data-start=\"2505\" data-end=\"2541\"><strong data-start=\"2507\" data-end=\"2520\">Mat\u00e9riaux<\/strong> : Acacia et marbre<\/li>\n<li data-section-id=\"1befghe\" data-start=\"2542\" data-end=\"2576\"><strong data-start=\"2544\" data-end=\"2555\">Couleur<\/strong> : Naturel \/ marron<\/li>\n<li data-section-id=\"bwe358\" data-start=\"2577\" data-end=\"2617\"><strong data-start=\"2579\" data-end=\"2592\">Rangement<\/strong> : 4 portes, 3 \u00e9tag\u00e8res<\/li>\n<li data-section-id=\"1e56i54\" data-start=\"2618\" data-end=\"2667\"><strong data-start=\"2620\" data-end=\"2633\">Entretien<\/strong> : Nettoyage avec chiffon humide<\/li>\n<\/ul>\n<hr data-start=\"2699\" data-end=\"2702\" \/>\n<h3 data-section-id=\"vum6ys\" data-start=\"2704\" data-end=\"2744\">Pourquoi choisir le buffet Tellaro ?<\/h3>\n<ul data-start=\"2746\" data-end=\"2901\">\n<li data-section-id=\"169hmyy\" data-start=\"2746\" data-end=\"2792\">Association \u00e9l\u00e9gante bois massif et marbre<\/li>\n<li data-section-id=\"87w5e0\" data-start=\"2793\" data-end=\"2835\">Design intemporel et facile \u00e0 int\u00e9grer<\/li>\n<li data-section-id=\"1bb5kfv\" data-start=\"2836\" data-end=\"2868\">Grande capacit\u00e9 de rangement<\/li>\n<li data-section-id=\"waz18\" data-start=\"2869\" data-end=\"2901\">Mat\u00e9riaux nobles et durables<\/li>\n<\/ul>\n<h3 data-section-id=\"1j0h80d\" data-start=\"697\" data-end=\"757\"><strong style=\"font-family: inherit; font-size: 30px;\">Vous avez des questions ?<\/strong><\/h3>\n<\/div>\n<\/div>\n<\/div>\n<\/div>\n<\/div>\n<\/div>\n<\/div>\n<\/div>\n<\/article>\n<\/div>\n<\/div>\n<\/div>\n<\/div>\n<\/div>\n<style id=\"wpforms-css-vars-3675\">\n\t\t\t\t#wpforms-3675 {\n\t\t\t\t\n\t\t\t}\n\t\t\t<\/style><div class=\"wpforms-container wpforms-container-full wpforms-render-modern\" id=\"wpforms-3675\"><form id=\"wpforms-form-3675\" class=\"wpforms-validate wpforms-form wpforms-ajax-form\" data-formid=\"3675\" method=\"post\" enctype=\"multipart\/form-data\" action=\"\/fr\/wp-json\/wp\/v2\/product\/16141\" data-token=\"fc720c69f3a1985734366cd2b4a52e96\" data-token-time=\"1776701169\"><noscript class=\"wpforms-error-noscript\">Veuillez activer JavaScript dans votre navigateur pour remplir ce formulaire.<\/noscript><div id=\"wpforms-error-noscript\" style=\"display: none;\">Veuillez activer JavaScript dans votre navigateur pour remplir ce formulaire.<\/div><div class=\"wpforms-field-container\"><div id=\"wpforms-3675-field_3-container\" class=\"wpforms-field wpforms-field-name\" data-field-id=\"3\"><fieldset><legend class=\"wpforms-field-label\">Nom <span class=\"wpforms-required-label\" aria-hidden=\"true\">*<\/span><\/legend><div class=\"wpforms-field-row wpforms-field-medium\"><div class=\"wpforms-field-row-block wpforms-first wpforms-one-half\"><input type=\"text\" id=\"wpforms-3675-field_3\" class=\"wpforms-field-name-first wpforms-field-required\" name=\"wpforms[fields][3][first]\" aria-errormessage=\"wpforms-3675-field_3-error\" required><label for=\"wpforms-3675-field_3\" class=\"wpforms-field-sublabel after\">Pr\u00e9nom<\/label><\/div><div class=\"wpforms-field-row-block wpforms-one-half\"><input type=\"text\" id=\"wpforms-3675-field_3-last\" class=\"wpforms-field-name-last wpforms-field-required\" name=\"wpforms[fields][3][last]\" aria-errormessage=\"wpforms-3675-field_3-last-error\" required><label for=\"wpforms-3675-field_3-last\" class=\"wpforms-field-sublabel after\">Nom<\/label><\/div><\/div><\/fieldset><\/div><div id=\"wpforms-3675-field_4-container\" class=\"wpforms-field wpforms-field-email\" data-field-id=\"4\"><label class=\"wpforms-field-label\" for=\"wpforms-3675-field_4\">E-mail <span class=\"wpforms-required-label\" aria-hidden=\"true\">*<\/span><\/label><input type=\"email\" id=\"wpforms-3675-field_4\" class=\"wpforms-field-medium wpforms-field-required\" name=\"wpforms[fields][4]\" spellcheck=\"false\" aria-errormessage=\"wpforms-3675-field_4-error\" required><\/div>\t\t<div id=\"wpforms-3675-field_1-container\"\n\t\t\tclass=\"wpforms-field wpforms-field-text\"\n\t\t\tdata-field-type=\"text\"\n\t\t\tdata-field-id=\"1\"\n\t\t\t>\n\t\t\t<label class=\"wpforms-field-label\" for=\"wpforms-3675-field_1\" >E-mail Nom Message<\/label>\n\t\t\t<input type=\"text\" id=\"wpforms-3675-field_1\" class=\"wpforms-field-medium\" name=\"wpforms[fields][1]\" >\n\t\t<\/div>\n\t\t<div id=\"wpforms-3675-field_5-container\" class=\"wpforms-field wpforms-field-textarea\" data-field-id=\"5\"><label class=\"wpforms-field-label\" for=\"wpforms-3675-field_5\">Message <span class=\"wpforms-required-label\" aria-hidden=\"true\">*<\/span><\/label><textarea id=\"wpforms-3675-field_5\" class=\"wpforms-field-medium wpforms-field-required\" name=\"wpforms[fields][5]\" aria-errormessage=\"wpforms-3675-field_5-error\" required><\/textarea><\/div><script>\n\t\t\t\t( function() {\n\t\t\t\t\tconst style = document.createElement( 'style' );\n\t\t\t\t\tstyle.appendChild( document.createTextNode( '#wpforms-3675-field_1-container { position: absolute !important; overflow: hidden !important; display: inline !important; height: 1px !important; width: 1px !important; z-index: -1000 !important; padding: 0 !important; } #wpforms-3675-field_1-container input { visibility: hidden; } #wpforms-conversational-form-page #wpforms-3675-field_1-container label { counter-increment: none; }' ) );\n\t\t\t\t\tdocument.head.appendChild( style );\n\t\t\t\t\tdocument.currentScript?.remove();\n\t\t\t\t} )();\n\t\t\t<\/script><\/div><!-- .wpforms-field-container --><div class=\"wpforms-submit-container\" ><input type=\"hidden\" name=\"wpforms[id]\" value=\"3675\"><input type=\"hidden\" name=\"page_title\" value=\"\"><input type=\"hidden\" name=\"page_url\" value=\"https:\/\/homeproject.fr\/fr\/wp-json\/wp\/v2\/product\/16141\"><input type=\"hidden\" name=\"url_referer\" value=\"\"><button type=\"submit\" name=\"wpforms[submit]\" id=\"wpforms-submit-3675\" class=\"wpforms-submit\" data-alt-text=\"Envoi...\" data-submit-text=\"Envoyer\" aria-live=\"assertive\" value=\"wpforms-submit\">Envoyer<\/button><img decoding=\"async\" src=\"https:\/\/homeproject.fr\/fr\/wp-content\/plugins\/wpforms-lite\/assets\/images\/submit-spin.svg\" class=\"wpforms-submit-spinner\" style=\"display: none;\" width=\"26\" height=\"26\" alt=\"Chargement en cours\"><\/div><\/form><\/div>  <!-- .wpforms-container -->\n","protected":false},"excerpt":{"rendered":"<p data-section-id=\"15z7cdg\" data-start=\"122\" data-end=\"208\"><strong>\u00c9l\u00e9gance naturelle et caract\u00e8re min\u00e9ral<\/strong><\/p>\n<p data-start=\"210\" data-end=\"500\">Le buffet <strong data-start=\"220\" data-end=\"231\">Tellaro<\/strong> incarne une esth\u00e9tique raffin\u00e9e o\u00f9 la chaleur du bois massif rencontre la noblesse du marbre. Con\u00e7u en <strong data-start=\"335\" data-end=\"353\">acacia naturel<\/strong> et sublim\u00e9 par un <strong data-start=\"372\" data-end=\"393\">plateau en marbre<\/strong>, il s\u2019impose comme une pi\u00e8ce de caract\u00e8re, id\u00e9ale pour structurer un int\u00e9rieur contemporain avec \u00e9l\u00e9gance.<\/p>\n<p data-start=\"502\" data-end=\"635\">Ses lignes sobres, associ\u00e9es \u00e0 des mat\u00e9riaux authentiques, cr\u00e9ent un \u00e9quilibre parfait entre design moderne et inspiration naturelle.<\/p>\n","protected":false},"featured_media":16142,"template":"","meta":{"_uf_show_specific_survey":0,"_uf_disable_surveys":false,"iawp_total_views":1},"product_brand":[],"product_cat":[152],"product_tag":[],"class_list":{"0":"post-16141","1":"product","2":"type-product","3":"status-publish","4":"has-post-thumbnail","6":"product_cat-buffets","7":"product_shipping_class-gros-colis-messagerie","8":"pa_collection-natura-line","9":"pa_materiau-bois","10":"pa_materiau-marbre","12":"first","13":"instock","14":"taxable","15":"shipping-taxable","16":"purchasable","17":"product-type-simple"},"yoast_head":"<!-- This site is optimized with the Yoast SEO plugin v27.4 - https:\/\/yoast.com\/product\/yoast-seo-wordpress\/ -->\n<title>Buffet 4 portes en bois d&#039;acacia et plateau en marbre TELLARO - Homeproject.fr<\/title>\n<meta name=\"robots\" content=\"index, follow, max-snippet:-1, max-image-preview:large, max-video-preview:-1\" \/>\n<link rel=\"canonical\" href=\"https:\/\/homeproject.fr\/fr\/produit\/buffet-4-portes-en-bois-dacacia-et-plateau-en-marbre-tellaro\/\" \/>\n<meta property=\"og:locale\" content=\"fr_FR\" \/>\n<meta property=\"og:type\" content=\"article\" \/>\n<meta property=\"og:title\" content=\"Buffet 4 portes en bois d&#039;acacia et plateau en marbre TELLARO - Homeproject.fr\" \/>\n<meta property=\"og:description\" content=\"\u00c9l\u00e9gance naturelle et caract\u00e8re min\u00e9ral Le buffet Tellaro incarne une esth\u00e9tique raffin\u00e9e o\u00f9 la chaleur du bois massif rencontre la noblesse du marbre. Con\u00e7u en acacia naturel et sublim\u00e9 par un plateau en marbre, il s\u2019impose comme une pi\u00e8ce de caract\u00e8re, id\u00e9ale pour structurer un int\u00e9rieur contemporain avec \u00e9l\u00e9gance. Ses lignes sobres, associ\u00e9es \u00e0 des mat\u00e9riaux authentiques, cr\u00e9ent un \u00e9quilibre parfait entre design moderne et inspiration naturelle.\" \/>\n<meta property=\"og:url\" content=\"https:\/\/homeproject.fr\/fr\/produit\/buffet-4-portes-en-bois-dacacia-et-plateau-en-marbre-tellaro\/\" \/>\n<meta property=\"og:site_name\" content=\"Homeproject.fr\" \/>\n<meta property=\"article:modified_time\" content=\"2026-04-20T12:38:09+00:00\" \/>\n<meta property=\"og:image\" content=\"https:\/\/homeproject.fr\/fr\/wp-content\/uploads\/2026\/04\/Buffet-Tellaro-en-bois-dacacia-et-marbre-3.jpg\" \/>\n\t<meta property=\"og:image:width\" content=\"1024\" \/>\n\t<meta property=\"og:image:height\" content=\"1024\" \/>\n\t<meta property=\"og:image:type\" content=\"image\/jpeg\" \/>\n<meta name=\"twitter:card\" content=\"summary_large_image\" \/>\n<meta name=\"twitter:label1\" content=\"Dur\u00e9e de lecture estim\u00e9e\" \/>\n\t<meta name=\"twitter:data1\" content=\"2 minutes\" \/>\n<script type=\"application\/ld+json\" class=\"yoast-schema-graph\">{\"@context\":\"https:\\\/\\\/schema.org\",\"@graph\":[{\"@type\":\"WebPage\",\"@id\":\"https:\\\/\\\/homeproject.fr\\\/fr\\\/produit\\\/buffet-4-portes-en-bois-dacacia-et-plateau-en-marbre-tellaro\\\/\",\"url\":\"https:\\\/\\\/homeproject.fr\\\/fr\\\/produit\\\/buffet-4-portes-en-bois-dacacia-et-plateau-en-marbre-tellaro\\\/\",\"name\":\"Buffet 4 portes en bois d'acacia et plateau en marbre TELLARO - Homeproject.fr\",\"isPartOf\":{\"@id\":\"https:\\\/\\\/homeproject.fr\\\/fr\\\/#website\"},\"primaryImageOfPage\":{\"@id\":\"https:\\\/\\\/homeproject.fr\\\/fr\\\/produit\\\/buffet-4-portes-en-bois-dacacia-et-plateau-en-marbre-tellaro\\\/#primaryimage\"},\"image\":{\"@id\":\"https:\\\/\\\/homeproject.fr\\\/fr\\\/produit\\\/buffet-4-portes-en-bois-dacacia-et-plateau-en-marbre-tellaro\\\/#primaryimage\"},\"thumbnailUrl\":\"https:\\\/\\\/homeproject.fr\\\/fr\\\/wp-content\\\/uploads\\\/2026\\\/04\\\/Buffet-Tellaro-en-bois-dacacia-et-marbre-3.jpg\",\"datePublished\":\"2026-04-20T12:30:03+00:00\",\"dateModified\":\"2026-04-20T12:38:09+00:00\",\"breadcrumb\":{\"@id\":\"https:\\\/\\\/homeproject.fr\\\/fr\\\/produit\\\/buffet-4-portes-en-bois-dacacia-et-plateau-en-marbre-tellaro\\\/#breadcrumb\"},\"inLanguage\":\"fr-FR\",\"potentialAction\":[{\"@type\":\"ReadAction\",\"target\":[\"https:\\\/\\\/homeproject.fr\\\/fr\\\/produit\\\/buffet-4-portes-en-bois-dacacia-et-plateau-en-marbre-tellaro\\\/\"]}]},{\"@type\":\"ImageObject\",\"inLanguage\":\"fr-FR\",\"@id\":\"https:\\\/\\\/homeproject.fr\\\/fr\\\/produit\\\/buffet-4-portes-en-bois-dacacia-et-plateau-en-marbre-tellaro\\\/#primaryimage\",\"url\":\"https:\\\/\\\/homeproject.fr\\\/fr\\\/wp-content\\\/uploads\\\/2026\\\/04\\\/Buffet-Tellaro-en-bois-dacacia-et-marbre-3.jpg\",\"contentUrl\":\"https:\\\/\\\/homeproject.fr\\\/fr\\\/wp-content\\\/uploads\\\/2026\\\/04\\\/Buffet-Tellaro-en-bois-dacacia-et-marbre-3.jpg\",\"width\":1024,\"height\":1024},{\"@type\":\"BreadcrumbList\",\"@id\":\"https:\\\/\\\/homeproject.fr\\\/fr\\\/produit\\\/buffet-4-portes-en-bois-dacacia-et-plateau-en-marbre-tellaro\\\/#breadcrumb\",\"itemListElement\":[{\"@type\":\"ListItem\",\"position\":1,\"name\":\"Accueil\",\"item\":\"https:\\\/\\\/homeproject.fr\\\/fr\\\/\"},{\"@type\":\"ListItem\",\"position\":2,\"name\":\"Boutique\",\"item\":\"https:\\\/\\\/homeproject.fr\\\/fr\\\/boutique\\\/\"},{\"@type\":\"ListItem\",\"position\":3,\"name\":\"Buffet 4 portes en bois d&rsquo;acacia et plateau en marbre TELLARO\"}]},{\"@type\":\"WebSite\",\"@id\":\"https:\\\/\\\/homeproject.fr\\\/fr\\\/#website\",\"url\":\"https:\\\/\\\/homeproject.fr\\\/fr\\\/\",\"name\":\"Homeproject.fr\",\"description\":\"Offrez l&#039;exceptionnel \u00e0 vos espaces \u00e0 vivre\",\"publisher\":{\"@id\":\"https:\\\/\\\/homeproject.fr\\\/fr\\\/#organization\"},\"potentialAction\":[{\"@type\":\"SearchAction\",\"target\":{\"@type\":\"EntryPoint\",\"urlTemplate\":\"https:\\\/\\\/homeproject.fr\\\/fr\\\/?s={search_term_string}\"},\"query-input\":{\"@type\":\"PropertyValueSpecification\",\"valueRequired\":true,\"valueName\":\"search_term_string\"}}],\"inLanguage\":\"fr-FR\"},{\"@type\":\"Organization\",\"@id\":\"https:\\\/\\\/homeproject.fr\\\/fr\\\/#organization\",\"name\":\"Homeproject.fr\",\"url\":\"https:\\\/\\\/homeproject.fr\\\/fr\\\/\",\"logo\":{\"@type\":\"ImageObject\",\"inLanguage\":\"fr-FR\",\"@id\":\"https:\\\/\\\/homeproject.fr\\\/fr\\\/#\\\/schema\\\/logo\\\/image\\\/\",\"url\":\"https:\\\/\\\/homeproject.fr\\\/fr\\\/wp-content\\\/uploads\\\/2024\\\/12\\\/Logo_HomeProject-noir-2.png\",\"contentUrl\":\"https:\\\/\\\/homeproject.fr\\\/fr\\\/wp-content\\\/uploads\\\/2024\\\/12\\\/Logo_HomeProject-noir-2.png\",\"width\":300,\"height\":91,\"caption\":\"Homeproject.fr\"},\"image\":{\"@id\":\"https:\\\/\\\/homeproject.fr\\\/fr\\\/#\\\/schema\\\/logo\\\/image\\\/\"}}]}<\/script>\n<!-- \/ Yoast SEO plugin. -->","yoast_head_json":{"title":"Buffet 4 portes en bois d'acacia et plateau en marbre TELLARO - Homeproject.fr","robots":{"index":"index","follow":"follow","max-snippet":"max-snippet:-1","max-image-preview":"max-image-preview:large","max-video-preview":"max-video-preview:-1"},"canonical":"https:\/\/homeproject.fr\/fr\/produit\/buffet-4-portes-en-bois-dacacia-et-plateau-en-marbre-tellaro\/","og_locale":"fr_FR","og_type":"article","og_title":"Buffet 4 portes en bois d'acacia et plateau en marbre TELLARO - Homeproject.fr","og_description":"\u00c9l\u00e9gance naturelle et caract\u00e8re min\u00e9ral Le buffet Tellaro incarne une esth\u00e9tique raffin\u00e9e o\u00f9 la chaleur du bois massif rencontre la noblesse du marbre. Con\u00e7u en acacia naturel et sublim\u00e9 par un plateau en marbre, il s\u2019impose comme une pi\u00e8ce de caract\u00e8re, id\u00e9ale pour structurer un int\u00e9rieur contemporain avec \u00e9l\u00e9gance. Ses lignes sobres, associ\u00e9es \u00e0 des mat\u00e9riaux authentiques, cr\u00e9ent un \u00e9quilibre parfait entre design moderne et inspiration naturelle.","og_url":"https:\/\/homeproject.fr\/fr\/produit\/buffet-4-portes-en-bois-dacacia-et-plateau-en-marbre-tellaro\/","og_site_name":"Homeproject.fr","article_modified_time":"2026-04-20T12:38:09+00:00","og_image":[{"width":1024,"height":1024,"url":"https:\/\/homeproject.fr\/fr\/wp-content\/uploads\/2026\/04\/Buffet-Tellaro-en-bois-dacacia-et-marbre-3.jpg","type":"image\/jpeg"}],"twitter_card":"summary_large_image","twitter_misc":{"Dur\u00e9e de lecture estim\u00e9e":"2 minutes"},"schema":{"@context":"https:\/\/schema.org","@graph":[{"@type":"WebPage","@id":"https:\/\/homeproject.fr\/fr\/produit\/buffet-4-portes-en-bois-dacacia-et-plateau-en-marbre-tellaro\/","url":"https:\/\/homeproject.fr\/fr\/produit\/buffet-4-portes-en-bois-dacacia-et-plateau-en-marbre-tellaro\/","name":"Buffet 4 portes en bois d'acacia et plateau en marbre TELLARO - Homeproject.fr","isPartOf":{"@id":"https:\/\/homeproject.fr\/fr\/#website"},"primaryImageOfPage":{"@id":"https:\/\/homeproject.fr\/fr\/produit\/buffet-4-portes-en-bois-dacacia-et-plateau-en-marbre-tellaro\/#primaryimage"},"image":{"@id":"https:\/\/homeproject.fr\/fr\/produit\/buffet-4-portes-en-bois-dacacia-et-plateau-en-marbre-tellaro\/#primaryimage"},"thumbnailUrl":"https:\/\/homeproject.fr\/fr\/wp-content\/uploads\/2026\/04\/Buffet-Tellaro-en-bois-dacacia-et-marbre-3.jpg","datePublished":"2026-04-20T12:30:03+00:00","dateModified":"2026-04-20T12:38:09+00:00","breadcrumb":{"@id":"https:\/\/homeproject.fr\/fr\/produit\/buffet-4-portes-en-bois-dacacia-et-plateau-en-marbre-tellaro\/#breadcrumb"},"inLanguage":"fr-FR","potentialAction":[{"@type":"ReadAction","target":["https:\/\/homeproject.fr\/fr\/produit\/buffet-4-portes-en-bois-dacacia-et-plateau-en-marbre-tellaro\/"]}]},{"@type":"ImageObject","inLanguage":"fr-FR","@id":"https:\/\/homeproject.fr\/fr\/produit\/buffet-4-portes-en-bois-dacacia-et-plateau-en-marbre-tellaro\/#primaryimage","url":"https:\/\/homeproject.fr\/fr\/wp-content\/uploads\/2026\/04\/Buffet-Tellaro-en-bois-dacacia-et-marbre-3.jpg","contentUrl":"https:\/\/homeproject.fr\/fr\/wp-content\/uploads\/2026\/04\/Buffet-Tellaro-en-bois-dacacia-et-marbre-3.jpg","width":1024,"height":1024},{"@type":"BreadcrumbList","@id":"https:\/\/homeproject.fr\/fr\/produit\/buffet-4-portes-en-bois-dacacia-et-plateau-en-marbre-tellaro\/#breadcrumb","itemListElement":[{"@type":"ListItem","position":1,"name":"Accueil","item":"https:\/\/homeproject.fr\/fr\/"},{"@type":"ListItem","position":2,"name":"Boutique","item":"https:\/\/homeproject.fr\/fr\/boutique\/"},{"@type":"ListItem","position":3,"name":"Buffet 4 portes en bois d&rsquo;acacia et plateau en marbre TELLARO"}]},{"@type":"WebSite","@id":"https:\/\/homeproject.fr\/fr\/#website","url":"https:\/\/homeproject.fr\/fr\/","name":"Homeproject.fr","description":"Offrez l&#039;exceptionnel \u00e0 vos espaces \u00e0 vivre","publisher":{"@id":"https:\/\/homeproject.fr\/fr\/#organization"},"potentialAction":[{"@type":"SearchAction","target":{"@type":"EntryPoint","urlTemplate":"https:\/\/homeproject.fr\/fr\/?s={search_term_string}"},"query-input":{"@type":"PropertyValueSpecification","valueRequired":true,"valueName":"search_term_string"}}],"inLanguage":"fr-FR"},{"@type":"Organization","@id":"https:\/\/homeproject.fr\/fr\/#organization","name":"Homeproject.fr","url":"https:\/\/homeproject.fr\/fr\/","logo":{"@type":"ImageObject","inLanguage":"fr-FR","@id":"https:\/\/homeproject.fr\/fr\/#\/schema\/logo\/image\/","url":"https:\/\/homeproject.fr\/fr\/wp-content\/uploads\/2024\/12\/Logo_HomeProject-noir-2.png","contentUrl":"https:\/\/homeproject.fr\/fr\/wp-content\/uploads\/2024\/12\/Logo_HomeProject-noir-2.png","width":300,"height":91,"caption":"Homeproject.fr"},"image":{"@id":"https:\/\/homeproject.fr\/fr\/#\/schema\/logo\/image\/"}}]}},"_links":{"self":[{"href":"https:\/\/homeproject.fr\/fr\/wp-json\/wp\/v2\/product\/16141","targetHints":{"allow":["GET"]}}],"collection":[{"href":"https:\/\/homeproject.fr\/fr\/wp-json\/wp\/v2\/product"}],"about":[{"href":"https:\/\/homeproject.fr\/fr\/wp-json\/wp\/v2\/types\/product"}],"version-history":[{"count":1,"href":"https:\/\/homeproject.fr\/fr\/wp-json\/wp\/v2\/product\/16141\/revisions"}],"predecessor-version":[{"id":16152,"href":"https:\/\/homeproject.fr\/fr\/wp-json\/wp\/v2\/product\/16141\/revisions\/16152"}],"wp:featuredmedia":[{"embeddable":true,"href":"https:\/\/homeproject.fr\/fr\/wp-json\/wp\/v2\/media\/16142"}],"wp:attachment":[{"href":"https:\/\/homeproject.fr\/fr\/wp-json\/wp\/v2\/media?parent=16141"}],"wp:term":[{"taxonomy":"product_brand","embeddable":true,"href":"https:\/\/homeproject.fr\/fr\/wp-json\/wp\/v2\/product_brand?post=16141"},{"taxonomy":"product_cat","embeddable":true,"href":"https:\/\/homeproject.fr\/fr\/wp-json\/wp\/v2\/product_cat?post=16141"},{"taxonomy":"product_tag","embeddable":true,"href":"https:\/\/homeproject.fr\/fr\/wp-json\/wp\/v2\/product_tag?post=16141"}],"curies":[{"name":"wp","href":"https:\/\/api.w.org\/{rel}","templated":true}]}}