{"id":16104,"date":"2026-04-20T11:25:53","date_gmt":"2026-04-20T11:25:53","guid":{"rendered":"https:\/\/homeproject.fr\/fr\/?post_type=product&#038;p=16104"},"modified":"2026-04-20T11:35:51","modified_gmt":"2026-04-20T11:35:51","slug":"buffet-nara-4-portes-en-bois-marron-fonce-l-200-cm","status":"publish","type":"product","link":"https:\/\/homeproject.fr\/fr\/produit\/buffet-nara-4-portes-en-bois-marron-fonce-l-200-cm\/","title":{"rendered":"Buffet 4 portes en bois marron fonc\u00e9 L 200 cm NARA"},"content":{"rendered":"<div class=\"flex-1 overflow-hidden @container\/thread\">\n<div class=\"h-full\">\n<div class=\"react-scroll-to-bottom--css-avwfw-79elbk h-full\">\n<div class=\"react-scroll-to-bottom--css-avwfw-1n7m0yu\">\n<div class=\"flex flex-col text-sm md:pb-9\">\n<article class=\"w-full scroll-mb-[var(--thread-trailing-height,150px)] text-token-text-primary focus-visible:outline-2 focus-visible:outline-offset-[-4px]\" dir=\"auto\" data-testid=\"conversation-turn-13\" data-scroll-anchor=\"true\">\n<div class=\"m-auto text-base py-[18px] px-3 md:px-4 w-full md:px-5 lg:px-4 xl:px-5\">\n<div class=\"mx-auto flex flex-1 gap-4 text-base md:gap-5 lg:gap-6 md:max-w-3xl lg:max-w-[40rem] xl:max-w-[48rem]\">\n<div class=\"group\/conversation-turn relative flex w-full min-w-0 flex-col agent-turn\">\n<div class=\"flex-col gap-1 md:gap-3\">\n<div class=\"flex max-w-full flex-col flex-grow\">\n<div class=\"min-h-8 text-message flex w-full flex-col items-end gap-2 whitespace-normal break-words text-start [.text-message+&amp;]:mt-5\" dir=\"auto\" data-message-author-role=\"assistant\" data-message-id=\"dc5cab26-9697-46d2-b6fe-c8745ded277b\" data-message-model-slug=\"gpt-4o\">\n<div class=\"flex w-full flex-col gap-1 empty:hidden first:pt-[3px]\">\n<div class=\"markdown prose w-full break-words dark:prose-invert light\">\n<h3 data-section-id=\"1j0h80d\" data-start=\"697\" data-end=\"757\">Un meuble de rangement g\u00e9n\u00e9reux et parfaitement organis\u00e9<\/h3>\n<p data-start=\"759\" data-end=\"926\">Avec ses proportions g\u00e9n\u00e9reuses (<strong data-start=\"792\" data-end=\"813\">200 cm de largeur<\/strong>), le buffet Nara offre une capacit\u00e9 de rangement optimale tout en conservant une silhouette fine et \u00e9quilibr\u00e9e :<\/p>\n<ul data-start=\"928\" data-end=\"1200\">\n<li data-section-id=\"ty8k75\" data-start=\"928\" data-end=\"976\"><strong data-start=\"930\" data-end=\"942\">4 portes<\/strong> pour un acc\u00e8s facile et discret<\/li>\n<li data-section-id=\"1ogc2qj\" data-start=\"977\" data-end=\"1062\"><strong data-start=\"979\" data-end=\"1005\">4 \u00e9tag\u00e8res int\u00e9rieures<\/strong> pour organiser vaisselle, linge ou objets du quotidien<\/li>\n<li data-section-id=\"aq90lt\" data-start=\"1063\" data-end=\"1132\">Compartiments spacieux avec une <strong data-start=\"1097\" data-end=\"1130\">hauteur de rangement de 32 cm<\/strong><\/li>\n<li data-section-id=\"1o7mtw9\" data-start=\"1133\" data-end=\"1200\">Structure stable et fonctionnelle, adapt\u00e9e \u00e0 un usage quotidien<\/li>\n<\/ul>\n<p data-start=\"1202\" data-end=\"1327\">Sa faible profondeur (<strong data-start=\"1224\" data-end=\"1233\">40 cm<\/strong>) en fait \u00e9galement une solution id\u00e9ale pour les espaces n\u00e9cessitant un meuble peu encombrant.<\/p>\n<hr data-start=\"1329\" data-end=\"1332\" \/>\n<h3 data-section-id=\"1n76pv0\" data-start=\"1334\" data-end=\"1383\">Une finition bois sombre au caract\u00e8re affirm\u00e9<\/h3>\n<p data-start=\"1385\" data-end=\"1485\">R\u00e9alis\u00e9 en <strong data-start=\"1396\" data-end=\"1420\">MDF de haute qualit\u00e9<\/strong>, le buffet Nara se distingue par sa finition bois marron fonc\u00e9 :<\/p>\n<ul data-start=\"1487\" data-end=\"1651\">\n<li data-section-id=\"f8oq62\" data-start=\"1487\" data-end=\"1522\">Aspect chaleureux et intemporel<\/li>\n<li data-section-id=\"pd0rk1\" data-start=\"1523\" data-end=\"1576\">Texture \u00e9l\u00e9gante qui capte subtilement la lumi\u00e8re<\/li>\n<li data-section-id=\"1kuc04z\" data-start=\"1577\" data-end=\"1651\">Facile \u00e0 associer avec des mat\u00e9riaux naturels (lin, pierre, c\u00e9ramique)<\/li>\n<\/ul>\n<p data-start=\"1653\" data-end=\"1759\">Ce coloris profond permet de cr\u00e9er des contrastes sophistiqu\u00e9s dans des int\u00e9rieurs clairs ou minimalistes.<\/p>\n<hr data-start=\"1761\" data-end=\"1764\" \/>\n<h3 data-section-id=\"1cmkwqb\" data-start=\"1766\" data-end=\"1810\">Id\u00e9al pour un int\u00e9rieur moderne et \u00e9pur\u00e9<\/h3>\n<p data-start=\"1812\" data-end=\"1886\">Le buffet Nara s\u2019int\u00e8gre parfaitement dans diff\u00e9rents univers d\u00e9coratifs :<\/p>\n<ul data-start=\"1888\" data-end=\"2026\">\n<li data-section-id=\"nl040k\" data-start=\"1888\" data-end=\"1932\">Int\u00e9rieurs contemporains et minimalistes<\/li>\n<li data-section-id=\"3z1kb\" data-start=\"1933\" data-end=\"1972\">Ambiances japonisantes ou wabi-sabi<\/li>\n<li data-section-id=\"h7570x\" data-start=\"1973\" data-end=\"2026\">D\u00e9cors haut de gamme aux tons neutres et naturels<\/li>\n<\/ul>\n<p data-start=\"2028\" data-end=\"2136\">Il peut \u00eatre utilis\u00e9 comme <strong data-start=\"2055\" data-end=\"2074\">buffet de salon<\/strong>, <strong data-start=\"2076\" data-end=\"2104\">meuble de salle \u00e0 manger<\/strong> ou encore <strong data-start=\"2115\" data-end=\"2135\">meuble TV design<\/strong>.<\/p>\n<hr data-start=\"2138\" data-end=\"2141\" \/>\n<h3 data-section-id=\"u3csm9\" data-start=\"2143\" data-end=\"2174\">Caract\u00e9ristiques techniques<\/h3>\n<ul data-start=\"2176\" data-end=\"2442\">\n<li data-section-id=\"11ajfb6\" data-start=\"2176\" data-end=\"2194\"><strong data-start=\"2178\" data-end=\"2185\">Nom<\/strong> : Nara<\/li>\n<li data-section-id=\"7u90n5\" data-start=\"2195\" data-end=\"2226\"><strong data-start=\"2197\" data-end=\"2205\">Type<\/strong> : Buffet \/ Commode<\/li>\n<li data-section-id=\"1dboa67\" data-start=\"2227\" data-end=\"2267\"><strong data-start=\"2229\" data-end=\"2243\">Dimensions<\/strong> : L200 x P40 x H75 cm<\/li>\n<li data-section-id=\"1bj3jqb\" data-start=\"2268\" data-end=\"2290\"><strong data-start=\"2270\" data-end=\"2282\">Mat\u00e9riau<\/strong> : MDF<\/li>\n<li data-section-id=\"1bzbk05\" data-start=\"2291\" data-end=\"2321\"><strong data-start=\"2293\" data-end=\"2304\">Couleur<\/strong> : Marron fonc\u00e9<\/li>\n<li data-section-id=\"az2e8b\" data-start=\"2322\" data-end=\"2362\"><strong data-start=\"2324\" data-end=\"2337\">Rangement<\/strong> : 4 portes, 4 \u00e9tag\u00e8res<\/li>\n<li data-section-id=\"1e56i54\" data-start=\"2363\" data-end=\"2412\"><strong data-start=\"2365\" data-end=\"2378\">Entretien<\/strong> : Nettoyage avec chiffon humide<\/li>\n<\/ul>\n<hr data-start=\"2444\" data-end=\"2447\" \/>\n<h3 data-section-id=\"uw74wl\" data-start=\"2449\" data-end=\"2486\">Pourquoi choisir le buffet Nara ?<\/h3>\n<ul data-start=\"2488\" data-end=\"2650\">\n<li data-section-id=\"1lud76z\" data-start=\"2488\" data-end=\"2534\">Design graphique \u00e0 forte identit\u00e9 visuelle<\/li>\n<li data-section-id=\"1bb5kfv\" data-start=\"2535\" data-end=\"2567\">Grande capacit\u00e9 de rangement<\/li>\n<li data-section-id=\"b4a1rg\" data-start=\"2568\" data-end=\"2608\">Format id\u00e9al pour optimiser l\u2019espace<\/li>\n<li data-section-id=\"396w31\" data-start=\"2609\" data-end=\"2650\">Style intemporel et facile \u00e0 int\u00e9grer<\/li>\n<\/ul>\n<h3 data-section-id=\"gkvkaj\" data-start=\"828\" data-end=\"887\"><strong style=\"font-family: inherit; font-size: 30px;\">Vous avez des questions ?<\/strong><\/h3>\n<\/div>\n<\/div>\n<\/div>\n<\/div>\n<\/div>\n<\/div>\n<\/div>\n<\/div>\n<\/article>\n<\/div>\n<\/div>\n<\/div>\n<\/div>\n<\/div>\n<style id=\"wpforms-css-vars-3675\">\n\t\t\t\t#wpforms-3675 {\n\t\t\t\t\n\t\t\t}\n\t\t\t<\/style><div class=\"wpforms-container wpforms-container-full wpforms-render-modern\" id=\"wpforms-3675\"><form id=\"wpforms-form-3675\" class=\"wpforms-validate wpforms-form wpforms-ajax-form\" data-formid=\"3675\" method=\"post\" enctype=\"multipart\/form-data\" action=\"\/fr\/wp-json\/wp\/v2\/product\/16104\" data-token=\"fc720c69f3a1985734366cd2b4a52e96\" data-token-time=\"1776716526\"><noscript class=\"wpforms-error-noscript\">Veuillez activer JavaScript dans votre navigateur pour remplir ce formulaire.<\/noscript><div id=\"wpforms-error-noscript\" style=\"display: none;\">Veuillez activer JavaScript dans votre navigateur pour remplir ce formulaire.<\/div><div class=\"wpforms-field-container\">\t\t<div id=\"wpforms-3675-field_1-container\"\n\t\t\tclass=\"wpforms-field wpforms-field-text\"\n\t\t\tdata-field-type=\"text\"\n\t\t\tdata-field-id=\"1\"\n\t\t\t>\n\t\t\t<label class=\"wpforms-field-label\" for=\"wpforms-3675-field_1\" >E-mail Nom Message<\/label>\n\t\t\t<input type=\"text\" id=\"wpforms-3675-field_1\" class=\"wpforms-field-medium\" name=\"wpforms[fields][1]\" >\n\t\t<\/div>\n\t\t<div id=\"wpforms-3675-field_3-container\" class=\"wpforms-field wpforms-field-name\" data-field-id=\"3\"><fieldset><legend class=\"wpforms-field-label\">Nom <span class=\"wpforms-required-label\" aria-hidden=\"true\">*<\/span><\/legend><div class=\"wpforms-field-row wpforms-field-medium\"><div class=\"wpforms-field-row-block wpforms-first wpforms-one-half\"><input type=\"text\" id=\"wpforms-3675-field_3\" class=\"wpforms-field-name-first wpforms-field-required\" name=\"wpforms[fields][3][first]\" aria-errormessage=\"wpforms-3675-field_3-error\" required><label for=\"wpforms-3675-field_3\" class=\"wpforms-field-sublabel after\">Pr\u00e9nom<\/label><\/div><div class=\"wpforms-field-row-block wpforms-one-half\"><input type=\"text\" id=\"wpforms-3675-field_3-last\" class=\"wpforms-field-name-last wpforms-field-required\" name=\"wpforms[fields][3][last]\" aria-errormessage=\"wpforms-3675-field_3-last-error\" required><label for=\"wpforms-3675-field_3-last\" class=\"wpforms-field-sublabel after\">Nom<\/label><\/div><\/div><\/fieldset><\/div><div id=\"wpforms-3675-field_4-container\" class=\"wpforms-field wpforms-field-email\" data-field-id=\"4\"><label class=\"wpforms-field-label\" for=\"wpforms-3675-field_4\">E-mail <span class=\"wpforms-required-label\" aria-hidden=\"true\">*<\/span><\/label><input type=\"email\" id=\"wpforms-3675-field_4\" class=\"wpforms-field-medium wpforms-field-required\" name=\"wpforms[fields][4]\" spellcheck=\"false\" aria-errormessage=\"wpforms-3675-field_4-error\" required><\/div><div id=\"wpforms-3675-field_5-container\" class=\"wpforms-field wpforms-field-textarea\" data-field-id=\"5\"><label class=\"wpforms-field-label\" for=\"wpforms-3675-field_5\">Message <span class=\"wpforms-required-label\" aria-hidden=\"true\">*<\/span><\/label><textarea id=\"wpforms-3675-field_5\" class=\"wpforms-field-medium wpforms-field-required\" name=\"wpforms[fields][5]\" aria-errormessage=\"wpforms-3675-field_5-error\" required><\/textarea><\/div><script>\n\t\t\t\t( function() {\n\t\t\t\t\tconst style = document.createElement( 'style' );\n\t\t\t\t\tstyle.appendChild( document.createTextNode( '#wpforms-3675-field_1-container { position: absolute !important; overflow: hidden !important; display: inline !important; height: 1px !important; width: 1px !important; z-index: -1000 !important; padding: 0 !important; } #wpforms-3675-field_1-container input { visibility: hidden; } #wpforms-conversational-form-page #wpforms-3675-field_1-container label { counter-increment: none; }' ) );\n\t\t\t\t\tdocument.head.appendChild( style );\n\t\t\t\t\tdocument.currentScript?.remove();\n\t\t\t\t} )();\n\t\t\t<\/script><\/div><!-- .wpforms-field-container --><div class=\"wpforms-submit-container\" ><input type=\"hidden\" name=\"wpforms[id]\" value=\"3675\"><input type=\"hidden\" name=\"page_title\" value=\"\"><input type=\"hidden\" name=\"page_url\" value=\"https:\/\/homeproject.fr\/fr\/wp-json\/wp\/v2\/product\/16104\"><input type=\"hidden\" name=\"url_referer\" value=\"\"><button type=\"submit\" name=\"wpforms[submit]\" id=\"wpforms-submit-3675\" class=\"wpforms-submit\" data-alt-text=\"Envoi...\" data-submit-text=\"Envoyer\" aria-live=\"assertive\" value=\"wpforms-submit\">Envoyer<\/button><img decoding=\"async\" src=\"https:\/\/homeproject.fr\/fr\/wp-content\/plugins\/wpforms-lite\/assets\/images\/submit-spin.svg\" class=\"wpforms-submit-spinner\" style=\"display: none;\" width=\"26\" height=\"26\" alt=\"Chargement en cours\"><\/div><\/form><\/div>  <!-- .wpforms-container -->\n","protected":false},"excerpt":{"rendered":"<p data-section-id=\"1v40boq\" data-start=\"113\" data-end=\"197\"><strong>Design graphique et \u00e9l\u00e9gance contemporaine<\/strong><\/p>\n<p data-start=\"199\" data-end=\"521\">Le buffet <strong data-start=\"209\" data-end=\"217\">Nara<\/strong> s\u00e9duit par son design architectural et son esth\u00e9tique minimaliste inspir\u00e9e des int\u00e9rieurs contemporains haut de gamme. Sa fa\u00e7ade rythm\u00e9e par des lignes verticales apporte relief et sophistication, tandis que sa finition <strong data-start=\"438\" data-end=\"462\">marron fonc\u00e9 profond<\/strong> conf\u00e8re \u00e0 l\u2019ensemble une pr\u00e9sence chaleureuse et \u00e9l\u00e9gante.<\/p>\n<p data-start=\"523\" data-end=\"690\">Pens\u00e9 comme une pi\u00e8ce forte, ce meuble structure l\u2019espace avec subtilit\u00e9, id\u00e9al dans un salon, une salle \u00e0 manger ou un univers plus \u00e9pur\u00e9 aux influences japonisantes.<\/p>\n","protected":false},"featured_media":16105,"template":"","meta":{"_uf_show_specific_survey":0,"_uf_disable_surveys":false,"iawp_total_views":1},"product_brand":[],"product_cat":[152],"product_tag":[],"class_list":{"0":"post-16104","1":"product","2":"type-product","3":"status-publish","4":"has-post-thumbnail","6":"product_cat-buffets","7":"product_shipping_class-gros-colis-messagerie","8":"pa_collection-natura-line","9":"pa_materiau-bois","11":"first","12":"instock","13":"taxable","14":"shipping-taxable","15":"purchasable","16":"product-type-simple"},"yoast_head":"<!-- This site is optimized with the Yoast SEO plugin v27.4 - https:\/\/yoast.com\/product\/yoast-seo-wordpress\/ -->\n<title>Buffet 4 portes en bois marron fonc\u00e9 L 200 cm NARA - Homeproject.fr<\/title>\n<meta name=\"robots\" content=\"index, follow, max-snippet:-1, max-image-preview:large, max-video-preview:-1\" \/>\n<link rel=\"canonical\" href=\"https:\/\/homeproject.fr\/fr\/produit\/buffet-nara-4-portes-en-bois-marron-fonce-l-200-cm\/\" \/>\n<meta property=\"og:locale\" content=\"fr_FR\" \/>\n<meta property=\"og:type\" content=\"article\" \/>\n<meta property=\"og:title\" content=\"Buffet 4 portes en bois marron fonc\u00e9 L 200 cm NARA - Homeproject.fr\" \/>\n<meta property=\"og:description\" content=\"Design graphique et \u00e9l\u00e9gance contemporaine Le buffet Nara s\u00e9duit par son design architectural et son esth\u00e9tique minimaliste inspir\u00e9e des int\u00e9rieurs contemporains haut de gamme. Sa fa\u00e7ade rythm\u00e9e par des lignes verticales apporte relief et sophistication, tandis que sa finition marron fonc\u00e9 profond conf\u00e8re \u00e0 l\u2019ensemble une pr\u00e9sence chaleureuse et \u00e9l\u00e9gante. Pens\u00e9 comme une pi\u00e8ce forte, ce meuble structure l\u2019espace avec subtilit\u00e9, id\u00e9al dans un salon, une salle \u00e0 manger ou un univers plus \u00e9pur\u00e9 aux influences japonisantes.\" \/>\n<meta property=\"og:url\" content=\"https:\/\/homeproject.fr\/fr\/produit\/buffet-nara-4-portes-en-bois-marron-fonce-l-200-cm\/\" \/>\n<meta property=\"og:site_name\" content=\"Homeproject.fr\" \/>\n<meta property=\"article:modified_time\" content=\"2026-04-20T11:35:51+00:00\" \/>\n<meta property=\"og:image\" content=\"https:\/\/homeproject.fr\/fr\/wp-content\/uploads\/2026\/04\/Buffet-Nara-en-bois-MDF-marron-fonce-ambiance.png\" \/>\n\t<meta property=\"og:image:width\" content=\"1024\" \/>\n\t<meta property=\"og:image:height\" content=\"1024\" \/>\n\t<meta property=\"og:image:type\" content=\"image\/png\" \/>\n<meta name=\"twitter:card\" content=\"summary_large_image\" \/>\n<meta name=\"twitter:label1\" content=\"Dur\u00e9e de lecture estim\u00e9e\" \/>\n\t<meta name=\"twitter:data1\" content=\"2 minutes\" \/>\n<script type=\"application\/ld+json\" class=\"yoast-schema-graph\">{\"@context\":\"https:\\\/\\\/schema.org\",\"@graph\":[{\"@type\":\"WebPage\",\"@id\":\"https:\\\/\\\/homeproject.fr\\\/fr\\\/produit\\\/buffet-nara-4-portes-en-bois-marron-fonce-l-200-cm\\\/\",\"url\":\"https:\\\/\\\/homeproject.fr\\\/fr\\\/produit\\\/buffet-nara-4-portes-en-bois-marron-fonce-l-200-cm\\\/\",\"name\":\"Buffet 4 portes en bois marron fonc\u00e9 L 200 cm NARA - Homeproject.fr\",\"isPartOf\":{\"@id\":\"https:\\\/\\\/homeproject.fr\\\/fr\\\/#website\"},\"primaryImageOfPage\":{\"@id\":\"https:\\\/\\\/homeproject.fr\\\/fr\\\/produit\\\/buffet-nara-4-portes-en-bois-marron-fonce-l-200-cm\\\/#primaryimage\"},\"image\":{\"@id\":\"https:\\\/\\\/homeproject.fr\\\/fr\\\/produit\\\/buffet-nara-4-portes-en-bois-marron-fonce-l-200-cm\\\/#primaryimage\"},\"thumbnailUrl\":\"https:\\\/\\\/homeproject.fr\\\/fr\\\/wp-content\\\/uploads\\\/2026\\\/04\\\/Buffet-Nara-en-bois-MDF-marron-fonce-ambiance.png\",\"datePublished\":\"2026-04-20T11:25:53+00:00\",\"dateModified\":\"2026-04-20T11:35:51+00:00\",\"breadcrumb\":{\"@id\":\"https:\\\/\\\/homeproject.fr\\\/fr\\\/produit\\\/buffet-nara-4-portes-en-bois-marron-fonce-l-200-cm\\\/#breadcrumb\"},\"inLanguage\":\"fr-FR\",\"potentialAction\":[{\"@type\":\"ReadAction\",\"target\":[\"https:\\\/\\\/homeproject.fr\\\/fr\\\/produit\\\/buffet-nara-4-portes-en-bois-marron-fonce-l-200-cm\\\/\"]}]},{\"@type\":\"ImageObject\",\"inLanguage\":\"fr-FR\",\"@id\":\"https:\\\/\\\/homeproject.fr\\\/fr\\\/produit\\\/buffet-nara-4-portes-en-bois-marron-fonce-l-200-cm\\\/#primaryimage\",\"url\":\"https:\\\/\\\/homeproject.fr\\\/fr\\\/wp-content\\\/uploads\\\/2026\\\/04\\\/Buffet-Nara-en-bois-MDF-marron-fonce-ambiance.png\",\"contentUrl\":\"https:\\\/\\\/homeproject.fr\\\/fr\\\/wp-content\\\/uploads\\\/2026\\\/04\\\/Buffet-Nara-en-bois-MDF-marron-fonce-ambiance.png\",\"width\":1024,\"height\":1024},{\"@type\":\"BreadcrumbList\",\"@id\":\"https:\\\/\\\/homeproject.fr\\\/fr\\\/produit\\\/buffet-nara-4-portes-en-bois-marron-fonce-l-200-cm\\\/#breadcrumb\",\"itemListElement\":[{\"@type\":\"ListItem\",\"position\":1,\"name\":\"Accueil\",\"item\":\"https:\\\/\\\/homeproject.fr\\\/fr\\\/\"},{\"@type\":\"ListItem\",\"position\":2,\"name\":\"Boutique\",\"item\":\"https:\\\/\\\/homeproject.fr\\\/fr\\\/boutique\\\/\"},{\"@type\":\"ListItem\",\"position\":3,\"name\":\"Buffet 4 portes en bois marron fonc\u00e9 L 200 cm NARA\"}]},{\"@type\":\"WebSite\",\"@id\":\"https:\\\/\\\/homeproject.fr\\\/fr\\\/#website\",\"url\":\"https:\\\/\\\/homeproject.fr\\\/fr\\\/\",\"name\":\"Homeproject.fr\",\"description\":\"Offrez l&#039;exceptionnel \u00e0 vos espaces \u00e0 vivre\",\"publisher\":{\"@id\":\"https:\\\/\\\/homeproject.fr\\\/fr\\\/#organization\"},\"potentialAction\":[{\"@type\":\"SearchAction\",\"target\":{\"@type\":\"EntryPoint\",\"urlTemplate\":\"https:\\\/\\\/homeproject.fr\\\/fr\\\/?s={search_term_string}\"},\"query-input\":{\"@type\":\"PropertyValueSpecification\",\"valueRequired\":true,\"valueName\":\"search_term_string\"}}],\"inLanguage\":\"fr-FR\"},{\"@type\":\"Organization\",\"@id\":\"https:\\\/\\\/homeproject.fr\\\/fr\\\/#organization\",\"name\":\"Homeproject.fr\",\"url\":\"https:\\\/\\\/homeproject.fr\\\/fr\\\/\",\"logo\":{\"@type\":\"ImageObject\",\"inLanguage\":\"fr-FR\",\"@id\":\"https:\\\/\\\/homeproject.fr\\\/fr\\\/#\\\/schema\\\/logo\\\/image\\\/\",\"url\":\"https:\\\/\\\/homeproject.fr\\\/fr\\\/wp-content\\\/uploads\\\/2024\\\/12\\\/Logo_HomeProject-noir-2.png\",\"contentUrl\":\"https:\\\/\\\/homeproject.fr\\\/fr\\\/wp-content\\\/uploads\\\/2024\\\/12\\\/Logo_HomeProject-noir-2.png\",\"width\":300,\"height\":91,\"caption\":\"Homeproject.fr\"},\"image\":{\"@id\":\"https:\\\/\\\/homeproject.fr\\\/fr\\\/#\\\/schema\\\/logo\\\/image\\\/\"}}]}<\/script>\n<!-- \/ Yoast SEO plugin. -->","yoast_head_json":{"title":"Buffet 4 portes en bois marron fonc\u00e9 L 200 cm NARA - Homeproject.fr","robots":{"index":"index","follow":"follow","max-snippet":"max-snippet:-1","max-image-preview":"max-image-preview:large","max-video-preview":"max-video-preview:-1"},"canonical":"https:\/\/homeproject.fr\/fr\/produit\/buffet-nara-4-portes-en-bois-marron-fonce-l-200-cm\/","og_locale":"fr_FR","og_type":"article","og_title":"Buffet 4 portes en bois marron fonc\u00e9 L 200 cm NARA - Homeproject.fr","og_description":"Design graphique et \u00e9l\u00e9gance contemporaine Le buffet Nara s\u00e9duit par son design architectural et son esth\u00e9tique minimaliste inspir\u00e9e des int\u00e9rieurs contemporains haut de gamme. Sa fa\u00e7ade rythm\u00e9e par des lignes verticales apporte relief et sophistication, tandis que sa finition marron fonc\u00e9 profond conf\u00e8re \u00e0 l\u2019ensemble une pr\u00e9sence chaleureuse et \u00e9l\u00e9gante. Pens\u00e9 comme une pi\u00e8ce forte, ce meuble structure l\u2019espace avec subtilit\u00e9, id\u00e9al dans un salon, une salle \u00e0 manger ou un univers plus \u00e9pur\u00e9 aux influences japonisantes.","og_url":"https:\/\/homeproject.fr\/fr\/produit\/buffet-nara-4-portes-en-bois-marron-fonce-l-200-cm\/","og_site_name":"Homeproject.fr","article_modified_time":"2026-04-20T11:35:51+00:00","og_image":[{"width":1024,"height":1024,"url":"https:\/\/homeproject.fr\/fr\/wp-content\/uploads\/2026\/04\/Buffet-Nara-en-bois-MDF-marron-fonce-ambiance.png","type":"image\/png"}],"twitter_card":"summary_large_image","twitter_misc":{"Dur\u00e9e de lecture estim\u00e9e":"2 minutes"},"schema":{"@context":"https:\/\/schema.org","@graph":[{"@type":"WebPage","@id":"https:\/\/homeproject.fr\/fr\/produit\/buffet-nara-4-portes-en-bois-marron-fonce-l-200-cm\/","url":"https:\/\/homeproject.fr\/fr\/produit\/buffet-nara-4-portes-en-bois-marron-fonce-l-200-cm\/","name":"Buffet 4 portes en bois marron fonc\u00e9 L 200 cm NARA - Homeproject.fr","isPartOf":{"@id":"https:\/\/homeproject.fr\/fr\/#website"},"primaryImageOfPage":{"@id":"https:\/\/homeproject.fr\/fr\/produit\/buffet-nara-4-portes-en-bois-marron-fonce-l-200-cm\/#primaryimage"},"image":{"@id":"https:\/\/homeproject.fr\/fr\/produit\/buffet-nara-4-portes-en-bois-marron-fonce-l-200-cm\/#primaryimage"},"thumbnailUrl":"https:\/\/homeproject.fr\/fr\/wp-content\/uploads\/2026\/04\/Buffet-Nara-en-bois-MDF-marron-fonce-ambiance.png","datePublished":"2026-04-20T11:25:53+00:00","dateModified":"2026-04-20T11:35:51+00:00","breadcrumb":{"@id":"https:\/\/homeproject.fr\/fr\/produit\/buffet-nara-4-portes-en-bois-marron-fonce-l-200-cm\/#breadcrumb"},"inLanguage":"fr-FR","potentialAction":[{"@type":"ReadAction","target":["https:\/\/homeproject.fr\/fr\/produit\/buffet-nara-4-portes-en-bois-marron-fonce-l-200-cm\/"]}]},{"@type":"ImageObject","inLanguage":"fr-FR","@id":"https:\/\/homeproject.fr\/fr\/produit\/buffet-nara-4-portes-en-bois-marron-fonce-l-200-cm\/#primaryimage","url":"https:\/\/homeproject.fr\/fr\/wp-content\/uploads\/2026\/04\/Buffet-Nara-en-bois-MDF-marron-fonce-ambiance.png","contentUrl":"https:\/\/homeproject.fr\/fr\/wp-content\/uploads\/2026\/04\/Buffet-Nara-en-bois-MDF-marron-fonce-ambiance.png","width":1024,"height":1024},{"@type":"BreadcrumbList","@id":"https:\/\/homeproject.fr\/fr\/produit\/buffet-nara-4-portes-en-bois-marron-fonce-l-200-cm\/#breadcrumb","itemListElement":[{"@type":"ListItem","position":1,"name":"Accueil","item":"https:\/\/homeproject.fr\/fr\/"},{"@type":"ListItem","position":2,"name":"Boutique","item":"https:\/\/homeproject.fr\/fr\/boutique\/"},{"@type":"ListItem","position":3,"name":"Buffet 4 portes en bois marron fonc\u00e9 L 200 cm NARA"}]},{"@type":"WebSite","@id":"https:\/\/homeproject.fr\/fr\/#website","url":"https:\/\/homeproject.fr\/fr\/","name":"Homeproject.fr","description":"Offrez l&#039;exceptionnel \u00e0 vos espaces \u00e0 vivre","publisher":{"@id":"https:\/\/homeproject.fr\/fr\/#organization"},"potentialAction":[{"@type":"SearchAction","target":{"@type":"EntryPoint","urlTemplate":"https:\/\/homeproject.fr\/fr\/?s={search_term_string}"},"query-input":{"@type":"PropertyValueSpecification","valueRequired":true,"valueName":"search_term_string"}}],"inLanguage":"fr-FR"},{"@type":"Organization","@id":"https:\/\/homeproject.fr\/fr\/#organization","name":"Homeproject.fr","url":"https:\/\/homeproject.fr\/fr\/","logo":{"@type":"ImageObject","inLanguage":"fr-FR","@id":"https:\/\/homeproject.fr\/fr\/#\/schema\/logo\/image\/","url":"https:\/\/homeproject.fr\/fr\/wp-content\/uploads\/2024\/12\/Logo_HomeProject-noir-2.png","contentUrl":"https:\/\/homeproject.fr\/fr\/wp-content\/uploads\/2024\/12\/Logo_HomeProject-noir-2.png","width":300,"height":91,"caption":"Homeproject.fr"},"image":{"@id":"https:\/\/homeproject.fr\/fr\/#\/schema\/logo\/image\/"}}]}},"_links":{"self":[{"href":"https:\/\/homeproject.fr\/fr\/wp-json\/wp\/v2\/product\/16104","targetHints":{"allow":["GET"]}}],"collection":[{"href":"https:\/\/homeproject.fr\/fr\/wp-json\/wp\/v2\/product"}],"about":[{"href":"https:\/\/homeproject.fr\/fr\/wp-json\/wp\/v2\/types\/product"}],"version-history":[{"count":2,"href":"https:\/\/homeproject.fr\/fr\/wp-json\/wp\/v2\/product\/16104\/revisions"}],"predecessor-version":[{"id":16116,"href":"https:\/\/homeproject.fr\/fr\/wp-json\/wp\/v2\/product\/16104\/revisions\/16116"}],"wp:featuredmedia":[{"embeddable":true,"href":"https:\/\/homeproject.fr\/fr\/wp-json\/wp\/v2\/media\/16105"}],"wp:attachment":[{"href":"https:\/\/homeproject.fr\/fr\/wp-json\/wp\/v2\/media?parent=16104"}],"wp:term":[{"taxonomy":"product_brand","embeddable":true,"href":"https:\/\/homeproject.fr\/fr\/wp-json\/wp\/v2\/product_brand?post=16104"},{"taxonomy":"product_cat","embeddable":true,"href":"https:\/\/homeproject.fr\/fr\/wp-json\/wp\/v2\/product_cat?post=16104"},{"taxonomy":"product_tag","embeddable":true,"href":"https:\/\/homeproject.fr\/fr\/wp-json\/wp\/v2\/product_tag?post=16104"}],"curies":[{"name":"wp","href":"https:\/\/api.w.org\/{rel}","templated":true}]}}