{"id":16089,"date":"2026-04-20T11:10:50","date_gmt":"2026-04-20T11:10:50","guid":{"rendered":"https:\/\/homeproject.fr\/fr\/?post_type=product&#038;p=16089"},"modified":"2026-04-20T11:20:44","modified_gmt":"2026-04-20T11:20:44","slug":"buffet-en-bois-effet-travertin-forte-dei-marmi-162-cm","status":"publish","type":"product","link":"https:\/\/homeproject.fr\/fr\/produit\/buffet-en-bois-effet-travertin-forte-dei-marmi-162-cm\/","title":{"rendered":"Buffet en bois effet travertin FORTE DEI MARMI 162 cm"},"content":{"rendered":"<div class=\"flex-1 overflow-hidden @container\/thread\">\n<div class=\"h-full\">\n<div class=\"react-scroll-to-bottom--css-avwfw-79elbk h-full\">\n<div class=\"react-scroll-to-bottom--css-avwfw-1n7m0yu\">\n<div class=\"flex flex-col text-sm md:pb-9\">\n<article class=\"w-full scroll-mb-[var(--thread-trailing-height,150px)] text-token-text-primary focus-visible:outline-2 focus-visible:outline-offset-[-4px]\" dir=\"auto\" data-testid=\"conversation-turn-13\" data-scroll-anchor=\"true\">\n<div class=\"m-auto text-base py-[18px] px-3 md:px-4 w-full md:px-5 lg:px-4 xl:px-5\">\n<div class=\"mx-auto flex flex-1 gap-4 text-base md:gap-5 lg:gap-6 md:max-w-3xl lg:max-w-[40rem] xl:max-w-[48rem]\">\n<div class=\"group\/conversation-turn relative flex w-full min-w-0 flex-col agent-turn\">\n<div class=\"flex-col gap-1 md:gap-3\">\n<div class=\"flex max-w-full flex-col flex-grow\">\n<div class=\"min-h-8 text-message flex w-full flex-col items-end gap-2 whitespace-normal break-words text-start [.text-message+&amp;]:mt-5\" dir=\"auto\" data-message-author-role=\"assistant\" data-message-id=\"dc5cab26-9697-46d2-b6fe-c8745ded277b\" data-message-model-slug=\"gpt-4o\">\n<div class=\"flex w-full flex-col gap-1 empty:hidden first:pt-[3px]\">\n<div class=\"markdown prose w-full break-words dark:prose-invert light\">\n<h3 data-section-id=\"gkvkaj\" data-start=\"828\" data-end=\"887\">Un meuble de rangement aussi esth\u00e9tique que fonctionnel<\/h3>\n<p data-start=\"889\" data-end=\"1020\">Pens\u00e9e pour un usage quotidien, la commode Forte dei Marmi allie style et praticit\u00e9 gr\u00e2ce \u00e0 une organisation int\u00e9rieure optimis\u00e9e :<\/p>\n<ul data-start=\"1022\" data-end=\"1266\">\n<li data-section-id=\"1bnsuo1\" data-start=\"1022\" data-end=\"1084\"><strong data-start=\"1024\" data-end=\"1036\">2 portes<\/strong> dissimulant des espaces de rangement g\u00e9n\u00e9reux<\/li>\n<li data-section-id=\"1b54gfc\" data-start=\"1085\" data-end=\"1142\"><strong data-start=\"1087\" data-end=\"1113\">2 \u00e9tag\u00e8res int\u00e9rieures<\/strong> pour structurer vos objets<\/li>\n<li data-section-id=\"emg9bg\" data-start=\"1143\" data-end=\"1194\"><strong data-start=\"1145\" data-end=\"1158\">2 tiroirs<\/strong> fonctionnels pour un acc\u00e8s rapide<\/li>\n<li data-section-id=\"2dcuw3\" data-start=\"1195\" data-end=\"1266\">Format id\u00e9al pour une int\u00e9gration harmonieuse dans tous les espaces<\/li>\n<\/ul>\n<p data-start=\"1268\" data-end=\"1410\">Avec ses dimensions \u00e9quilibr\u00e9es (<strong data-start=\"1301\" data-end=\"1328\">L162,6 x P45,9 x H76 cm<\/strong>), elle offre une belle capacit\u00e9 de rangement sans alourdir visuellement la pi\u00e8ce.<\/p>\n<hr data-start=\"1412\" data-end=\"1415\" \/>\n<h3 data-section-id=\"1ffgdhx\" data-start=\"1417\" data-end=\"1472\">Finition travertin : un rendu naturel et intemporel<\/h3>\n<p data-start=\"1474\" data-end=\"1694\">Le mariage du <strong data-start=\"1488\" data-end=\"1496\">bois<\/strong> et d\u2019un <strong data-start=\"1505\" data-end=\"1535\">rev\u00eatement effet travertin<\/strong> conf\u00e8re \u00e0 ce meuble une esth\u00e9tique min\u00e9rale tr\u00e8s recherch\u00e9e. Ce rendu \u00e9voque la pierre naturelle tout en conservant les avantages d\u2019un mobilier contemporain :<\/p>\n<ul data-start=\"1696\" data-end=\"1845\">\n<li data-section-id=\"tuaffp\" data-start=\"1696\" data-end=\"1729\">Aspect textur\u00e9 et authentique<\/li>\n<li data-section-id=\"79ynw0\" data-start=\"1730\" data-end=\"1776\">Teinte beige \u00e9l\u00e9gante et facile \u00e0 associer<\/li>\n<li data-section-id=\"4dlv0i\" data-start=\"1777\" data-end=\"1845\">Style intemporel, entre modernit\u00e9 et inspiration m\u00e9diterran\u00e9enne<\/li>\n<\/ul>\n<hr data-start=\"1847\" data-end=\"1850\" \/>\n<h3 data-section-id=\"1jeoovt\" data-start=\"1852\" data-end=\"1902\">Id\u00e9ale pour un int\u00e9rieur contemporain et \u00e9pur\u00e9<\/h3>\n<p data-start=\"1904\" data-end=\"1972\">La commode Forte dei Marmi s\u2019int\u00e8gre parfaitement dans des univers :<\/p>\n<ul data-start=\"1974\" data-end=\"2118\">\n<li data-section-id=\"fzys6c\" data-start=\"1974\" data-end=\"2007\">Minimalistes et contemporains<\/li>\n<li data-section-id=\"jxkhl3\" data-start=\"2008\" data-end=\"2054\">Inspirations m\u00e9diterran\u00e9ennes ou wabi-sabi<\/li>\n<li data-section-id=\"120g9iz\" data-start=\"2055\" data-end=\"2118\">Int\u00e9rieurs haut de gamme recherchant des mat\u00e9riaux naturels<\/li>\n<\/ul>\n<p data-start=\"2120\" data-end=\"2236\">Elle peut \u00eatre utilis\u00e9e comme <strong data-start=\"2150\" data-end=\"2169\">buffet de salon<\/strong>, <strong data-start=\"2171\" data-end=\"2191\">meuble TV design<\/strong> ou encore <strong data-start=\"2202\" data-end=\"2235\">commode de rangement \u00e9l\u00e9gante<\/strong>.<\/p>\n<hr data-start=\"2238\" data-end=\"2241\" \/>\n<h3 data-section-id=\"u3csm9\" data-start=\"2243\" data-end=\"2274\">Caract\u00e9ristiques techniques<\/h3>\n<ul data-start=\"2276\" data-end=\"2590\">\n<li data-section-id=\"1f904w6\" data-start=\"2276\" data-end=\"2305\"><strong data-start=\"2278\" data-end=\"2285\">Nom<\/strong> : Forte dei Marmi<\/li>\n<li data-section-id=\"4hcbj5\" data-start=\"2306\" data-end=\"2337\"><strong data-start=\"2308\" data-end=\"2316\">Type<\/strong> : Commode \/ Buffet<\/li>\n<li data-section-id=\"vbnodt\" data-start=\"2338\" data-end=\"2382\"><strong data-start=\"2340\" data-end=\"2354\">Dimensions<\/strong> : L162,6 x P45,9 x H76 cm<\/li>\n<li data-section-id=\"1onexfk\" data-start=\"2383\" data-end=\"2434\"><strong data-start=\"2385\" data-end=\"2398\">Mat\u00e9riaux<\/strong> : Bois et simili travertin<\/li>\n<li data-section-id=\"1lmurex\" data-start=\"2435\" data-end=\"2458\"><strong data-start=\"2437\" data-end=\"2448\">Couleur<\/strong> : Beige<\/li>\n<li data-section-id=\"10t4ph9\" data-start=\"2459\" data-end=\"2510\"><strong data-start=\"2461\" data-end=\"2474\">Rangement<\/strong> : 2 portes, 2 tiroirs, 2 \u00e9tag\u00e8res<\/li>\n<li data-section-id=\"1e56i54\" data-start=\"2511\" data-end=\"2560\"><strong data-start=\"2513\" data-end=\"2526\">Entretien<\/strong> : Nettoyage avec chiffon humide<\/li>\n<\/ul>\n<hr data-start=\"2592\" data-end=\"2595\" \/>\n<h3 data-section-id=\"1es1h1t\" data-start=\"2597\" data-end=\"2646\">Pourquoi choisir la commode Forte dei Marmi ?<\/h3>\n<ul data-start=\"2648\" data-end=\"2860\">\n<li data-section-id=\"11lbqn2\" data-start=\"2648\" data-end=\"2698\">Design exclusif inspir\u00e9 de la pierre naturelle<\/li>\n<li data-section-id=\"1gldvz5\" data-start=\"2699\" data-end=\"2751\">Forte pr\u00e9sence visuelle tout en restant \u00e9l\u00e9gante<\/li>\n<li data-section-id=\"c6s4f0\" data-start=\"2752\" data-end=\"2808\">Parfaite alliance entre esth\u00e9tique et fonctionnalit\u00e9<\/li>\n<li data-section-id=\"4ndyyi\" data-start=\"2809\" data-end=\"2860\">Id\u00e9ale pour valoriser un int\u00e9rieur contemporain<\/li>\n<\/ul>\n<h2><strong style=\"font-family: inherit; font-size: 30px;\">Vous avez des questions ?<\/strong><\/h2>\n<\/div>\n<\/div>\n<\/div>\n<\/div>\n<\/div>\n<\/div>\n<\/div>\n<\/div>\n<\/article>\n<\/div>\n<\/div>\n<\/div>\n<\/div>\n<\/div>\n<style id=\"wpforms-css-vars-3675\">\n\t\t\t\t#wpforms-3675 {\n\t\t\t\t\n\t\t\t}\n\t\t\t<\/style><div class=\"wpforms-container wpforms-container-full wpforms-render-modern\" id=\"wpforms-3675\"><form id=\"wpforms-form-3675\" class=\"wpforms-validate wpforms-form wpforms-ajax-form\" data-formid=\"3675\" method=\"post\" enctype=\"multipart\/form-data\" action=\"\/fr\/wp-json\/wp\/v2\/product\/16089\" data-token=\"fc720c69f3a1985734366cd2b4a52e96\" data-token-time=\"1776701167\"><noscript class=\"wpforms-error-noscript\">Veuillez activer JavaScript dans votre navigateur pour remplir ce formulaire.<\/noscript><div id=\"wpforms-error-noscript\" style=\"display: none;\">Veuillez activer JavaScript dans votre navigateur pour remplir ce formulaire.<\/div><div class=\"wpforms-field-container\"><div id=\"wpforms-3675-field_3-container\" class=\"wpforms-field wpforms-field-name\" data-field-id=\"3\"><fieldset><legend class=\"wpforms-field-label\">Nom <span class=\"wpforms-required-label\" aria-hidden=\"true\">*<\/span><\/legend><div class=\"wpforms-field-row wpforms-field-medium\"><div class=\"wpforms-field-row-block wpforms-first wpforms-one-half\"><input type=\"text\" id=\"wpforms-3675-field_3\" class=\"wpforms-field-name-first wpforms-field-required\" name=\"wpforms[fields][3][first]\" aria-errormessage=\"wpforms-3675-field_3-error\" required><label for=\"wpforms-3675-field_3\" class=\"wpforms-field-sublabel after\">Pr\u00e9nom<\/label><\/div><div class=\"wpforms-field-row-block wpforms-one-half\"><input type=\"text\" id=\"wpforms-3675-field_3-last\" class=\"wpforms-field-name-last wpforms-field-required\" name=\"wpforms[fields][3][last]\" aria-errormessage=\"wpforms-3675-field_3-last-error\" required><label for=\"wpforms-3675-field_3-last\" class=\"wpforms-field-sublabel after\">Nom<\/label><\/div><\/div><\/fieldset><\/div><div id=\"wpforms-3675-field_4-container\" class=\"wpforms-field wpforms-field-email\" data-field-id=\"4\"><label class=\"wpforms-field-label\" for=\"wpforms-3675-field_4\">E-mail <span class=\"wpforms-required-label\" aria-hidden=\"true\">*<\/span><\/label><input type=\"email\" id=\"wpforms-3675-field_4\" class=\"wpforms-field-medium wpforms-field-required\" name=\"wpforms[fields][4]\" spellcheck=\"false\" aria-errormessage=\"wpforms-3675-field_4-error\" required><\/div>\t\t<div id=\"wpforms-3675-field_1-container\"\n\t\t\tclass=\"wpforms-field wpforms-field-text\"\n\t\t\tdata-field-type=\"text\"\n\t\t\tdata-field-id=\"1\"\n\t\t\t>\n\t\t\t<label class=\"wpforms-field-label\" for=\"wpforms-3675-field_1\" >Nom Message E-mail<\/label>\n\t\t\t<input type=\"text\" id=\"wpforms-3675-field_1\" class=\"wpforms-field-medium\" name=\"wpforms[fields][1]\" >\n\t\t<\/div>\n\t\t<div id=\"wpforms-3675-field_5-container\" class=\"wpforms-field wpforms-field-textarea\" data-field-id=\"5\"><label class=\"wpforms-field-label\" for=\"wpforms-3675-field_5\">Message <span class=\"wpforms-required-label\" aria-hidden=\"true\">*<\/span><\/label><textarea id=\"wpforms-3675-field_5\" class=\"wpforms-field-medium wpforms-field-required\" name=\"wpforms[fields][5]\" aria-errormessage=\"wpforms-3675-field_5-error\" required><\/textarea><\/div><script>\n\t\t\t\t( function() {\n\t\t\t\t\tconst style = document.createElement( 'style' );\n\t\t\t\t\tstyle.appendChild( document.createTextNode( '#wpforms-3675-field_1-container { position: absolute !important; overflow: hidden !important; display: inline !important; height: 1px !important; width: 1px !important; z-index: -1000 !important; padding: 0 !important; } #wpforms-3675-field_1-container input { visibility: hidden; } #wpforms-conversational-form-page #wpforms-3675-field_1-container label { counter-increment: none; }' ) );\n\t\t\t\t\tdocument.head.appendChild( style );\n\t\t\t\t\tdocument.currentScript?.remove();\n\t\t\t\t} )();\n\t\t\t<\/script><\/div><!-- .wpforms-field-container --><div class=\"wpforms-submit-container\" ><input type=\"hidden\" name=\"wpforms[id]\" value=\"3675\"><input type=\"hidden\" name=\"page_title\" value=\"\"><input type=\"hidden\" name=\"page_url\" value=\"https:\/\/homeproject.fr\/fr\/wp-json\/wp\/v2\/product\/16089\"><input type=\"hidden\" name=\"url_referer\" value=\"\"><button type=\"submit\" name=\"wpforms[submit]\" id=\"wpforms-submit-3675\" class=\"wpforms-submit\" data-alt-text=\"Envoi...\" data-submit-text=\"Envoyer\" aria-live=\"assertive\" value=\"wpforms-submit\">Envoyer<\/button><img decoding=\"async\" src=\"https:\/\/homeproject.fr\/fr\/wp-content\/plugins\/wpforms-lite\/assets\/images\/submit-spin.svg\" class=\"wpforms-submit-spinner\" style=\"display: none;\" width=\"26\" height=\"26\" alt=\"Chargement en cours\"><\/div><\/form><\/div>  <!-- .wpforms-container -->\n","protected":false},"excerpt":{"rendered":"<p data-section-id=\"4kgf0c\" data-start=\"124\" data-end=\"217\"><strong>\u00c9l\u00e9gance min\u00e9rale et design contemporain<\/strong><\/p>\n<p data-start=\"219\" data-end=\"564\">La commode <strong data-start=\"230\" data-end=\"249\">Forte dei Marmi<\/strong> incarne une vision contemporaine du mobilier, o\u00f9 la puret\u00e9 des lignes rencontre la noblesse d\u2019un <strong data-start=\"347\" data-end=\"372\">effet travertin beige<\/strong> subtilement travaill\u00e9. Inspir\u00e9e des int\u00e9rieurs m\u00e9diterran\u00e9ens haut de gamme, elle s\u2019impose comme une pi\u00e8ce forte pour structurer un salon, une salle \u00e0 manger ou un espace nuit avec caract\u00e8re.<\/p>\n<p data-start=\"566\" data-end=\"821\">Son design minimaliste est sublim\u00e9 par des fa\u00e7ades sculpt\u00e9es aux courbes douces, apportant relief et sophistication. Le pi\u00e8tement plein renforce son allure architecturale, tandis que sa teinte beige naturelle diffuse une ambiance chaleureuse et lumineuse.<\/p>\n","protected":false},"featured_media":16090,"template":"","meta":{"_uf_show_specific_survey":0,"_uf_disable_surveys":false,"iawp_total_views":3},"product_brand":[],"product_cat":[152],"product_tag":[],"class_list":{"0":"post-16089","1":"product","2":"type-product","3":"status-publish","4":"has-post-thumbnail","6":"product_cat-buffets","7":"product_shipping_class-gros-colis-messagerie","8":"pa_collection-natura-line","9":"pa_materiau-bois","11":"first","12":"instock","13":"taxable","14":"shipping-taxable","15":"purchasable","16":"product-type-simple"},"yoast_head":"<!-- This site is optimized with the Yoast SEO plugin v27.4 - https:\/\/yoast.com\/product\/yoast-seo-wordpress\/ -->\n<title>Buffet en bois effet travertin FORTE DEI MARMI 162 cm - Homeproject.fr<\/title>\n<meta name=\"robots\" content=\"index, follow, max-snippet:-1, max-image-preview:large, max-video-preview:-1\" \/>\n<link rel=\"canonical\" href=\"https:\/\/homeproject.fr\/fr\/produit\/buffet-en-bois-effet-travertin-forte-dei-marmi-162-cm\/\" \/>\n<meta property=\"og:locale\" content=\"fr_FR\" \/>\n<meta property=\"og:type\" content=\"article\" \/>\n<meta property=\"og:title\" content=\"Buffet en bois effet travertin FORTE DEI MARMI 162 cm - Homeproject.fr\" \/>\n<meta property=\"og:description\" content=\"\u00c9l\u00e9gance min\u00e9rale et design contemporain La commode Forte dei Marmi incarne une vision contemporaine du mobilier, o\u00f9 la puret\u00e9 des lignes rencontre la noblesse d\u2019un effet travertin beige subtilement travaill\u00e9. Inspir\u00e9e des int\u00e9rieurs m\u00e9diterran\u00e9ens haut de gamme, elle s\u2019impose comme une pi\u00e8ce forte pour structurer un salon, une salle \u00e0 manger ou un espace nuit avec caract\u00e8re. Son design minimaliste est sublim\u00e9 par des fa\u00e7ades sculpt\u00e9es aux courbes douces, apportant relief et sophistication. Le pi\u00e8tement plein renforce son allure architecturale, tandis que sa teinte beige naturelle diffuse une ambiance chaleureuse et lumineuse.\" \/>\n<meta property=\"og:url\" content=\"https:\/\/homeproject.fr\/fr\/produit\/buffet-en-bois-effet-travertin-forte-dei-marmi-162-cm\/\" \/>\n<meta property=\"og:site_name\" content=\"Homeproject.fr\" \/>\n<meta property=\"article:modified_time\" content=\"2026-04-20T11:20:44+00:00\" \/>\n<meta property=\"og:image\" content=\"https:\/\/homeproject.fr\/fr\/wp-content\/uploads\/2026\/04\/Commode-Forte-dei-Marmi-en-bois-effet-travertin-\u2013-Elegance-minerale-et-design-contemporain-4-1024x1024.png\" \/>\n\t<meta property=\"og:image:width\" content=\"1024\" \/>\n\t<meta property=\"og:image:height\" content=\"1024\" \/>\n\t<meta property=\"og:image:type\" content=\"image\/png\" \/>\n<meta name=\"twitter:card\" content=\"summary_large_image\" \/>\n<meta name=\"twitter:label1\" content=\"Dur\u00e9e de lecture estim\u00e9e\" \/>\n\t<meta name=\"twitter:data1\" content=\"2 minutes\" \/>\n<script type=\"application\/ld+json\" class=\"yoast-schema-graph\">{\"@context\":\"https:\\\/\\\/schema.org\",\"@graph\":[{\"@type\":\"WebPage\",\"@id\":\"https:\\\/\\\/homeproject.fr\\\/fr\\\/produit\\\/buffet-en-bois-effet-travertin-forte-dei-marmi-162-cm\\\/\",\"url\":\"https:\\\/\\\/homeproject.fr\\\/fr\\\/produit\\\/buffet-en-bois-effet-travertin-forte-dei-marmi-162-cm\\\/\",\"name\":\"Buffet en bois effet travertin FORTE DEI MARMI 162 cm - Homeproject.fr\",\"isPartOf\":{\"@id\":\"https:\\\/\\\/homeproject.fr\\\/fr\\\/#website\"},\"primaryImageOfPage\":{\"@id\":\"https:\\\/\\\/homeproject.fr\\\/fr\\\/produit\\\/buffet-en-bois-effet-travertin-forte-dei-marmi-162-cm\\\/#primaryimage\"},\"image\":{\"@id\":\"https:\\\/\\\/homeproject.fr\\\/fr\\\/produit\\\/buffet-en-bois-effet-travertin-forte-dei-marmi-162-cm\\\/#primaryimage\"},\"thumbnailUrl\":\"https:\\\/\\\/homeproject.fr\\\/fr\\\/wp-content\\\/uploads\\\/2026\\\/04\\\/Commode-Forte-dei-Marmi-en-bois-effet-travertin-\u2013-Elegance-minerale-et-design-contemporain-4.png\",\"datePublished\":\"2026-04-20T11:10:50+00:00\",\"dateModified\":\"2026-04-20T11:20:44+00:00\",\"breadcrumb\":{\"@id\":\"https:\\\/\\\/homeproject.fr\\\/fr\\\/produit\\\/buffet-en-bois-effet-travertin-forte-dei-marmi-162-cm\\\/#breadcrumb\"},\"inLanguage\":\"fr-FR\",\"potentialAction\":[{\"@type\":\"ReadAction\",\"target\":[\"https:\\\/\\\/homeproject.fr\\\/fr\\\/produit\\\/buffet-en-bois-effet-travertin-forte-dei-marmi-162-cm\\\/\"]}]},{\"@type\":\"ImageObject\",\"inLanguage\":\"fr-FR\",\"@id\":\"https:\\\/\\\/homeproject.fr\\\/fr\\\/produit\\\/buffet-en-bois-effet-travertin-forte-dei-marmi-162-cm\\\/#primaryimage\",\"url\":\"https:\\\/\\\/homeproject.fr\\\/fr\\\/wp-content\\\/uploads\\\/2026\\\/04\\\/Commode-Forte-dei-Marmi-en-bois-effet-travertin-\u2013-Elegance-minerale-et-design-contemporain-4.png\",\"contentUrl\":\"https:\\\/\\\/homeproject.fr\\\/fr\\\/wp-content\\\/uploads\\\/2026\\\/04\\\/Commode-Forte-dei-Marmi-en-bois-effet-travertin-\u2013-Elegance-minerale-et-design-contemporain-4.png\",\"width\":1254,\"height\":1254},{\"@type\":\"BreadcrumbList\",\"@id\":\"https:\\\/\\\/homeproject.fr\\\/fr\\\/produit\\\/buffet-en-bois-effet-travertin-forte-dei-marmi-162-cm\\\/#breadcrumb\",\"itemListElement\":[{\"@type\":\"ListItem\",\"position\":1,\"name\":\"Accueil\",\"item\":\"https:\\\/\\\/homeproject.fr\\\/fr\\\/\"},{\"@type\":\"ListItem\",\"position\":2,\"name\":\"Boutique\",\"item\":\"https:\\\/\\\/homeproject.fr\\\/fr\\\/boutique\\\/\"},{\"@type\":\"ListItem\",\"position\":3,\"name\":\"Buffet en bois effet travertin FORTE DEI MARMI 162 cm\"}]},{\"@type\":\"WebSite\",\"@id\":\"https:\\\/\\\/homeproject.fr\\\/fr\\\/#website\",\"url\":\"https:\\\/\\\/homeproject.fr\\\/fr\\\/\",\"name\":\"Homeproject.fr\",\"description\":\"Offrez l&#039;exceptionnel \u00e0 vos espaces \u00e0 vivre\",\"publisher\":{\"@id\":\"https:\\\/\\\/homeproject.fr\\\/fr\\\/#organization\"},\"potentialAction\":[{\"@type\":\"SearchAction\",\"target\":{\"@type\":\"EntryPoint\",\"urlTemplate\":\"https:\\\/\\\/homeproject.fr\\\/fr\\\/?s={search_term_string}\"},\"query-input\":{\"@type\":\"PropertyValueSpecification\",\"valueRequired\":true,\"valueName\":\"search_term_string\"}}],\"inLanguage\":\"fr-FR\"},{\"@type\":\"Organization\",\"@id\":\"https:\\\/\\\/homeproject.fr\\\/fr\\\/#organization\",\"name\":\"Homeproject.fr\",\"url\":\"https:\\\/\\\/homeproject.fr\\\/fr\\\/\",\"logo\":{\"@type\":\"ImageObject\",\"inLanguage\":\"fr-FR\",\"@id\":\"https:\\\/\\\/homeproject.fr\\\/fr\\\/#\\\/schema\\\/logo\\\/image\\\/\",\"url\":\"https:\\\/\\\/homeproject.fr\\\/fr\\\/wp-content\\\/uploads\\\/2024\\\/12\\\/Logo_HomeProject-noir-2.png\",\"contentUrl\":\"https:\\\/\\\/homeproject.fr\\\/fr\\\/wp-content\\\/uploads\\\/2024\\\/12\\\/Logo_HomeProject-noir-2.png\",\"width\":300,\"height\":91,\"caption\":\"Homeproject.fr\"},\"image\":{\"@id\":\"https:\\\/\\\/homeproject.fr\\\/fr\\\/#\\\/schema\\\/logo\\\/image\\\/\"}}]}<\/script>\n<!-- \/ Yoast SEO plugin. -->","yoast_head_json":{"title":"Buffet en bois effet travertin FORTE DEI MARMI 162 cm - Homeproject.fr","robots":{"index":"index","follow":"follow","max-snippet":"max-snippet:-1","max-image-preview":"max-image-preview:large","max-video-preview":"max-video-preview:-1"},"canonical":"https:\/\/homeproject.fr\/fr\/produit\/buffet-en-bois-effet-travertin-forte-dei-marmi-162-cm\/","og_locale":"fr_FR","og_type":"article","og_title":"Buffet en bois effet travertin FORTE DEI MARMI 162 cm - Homeproject.fr","og_description":"\u00c9l\u00e9gance min\u00e9rale et design contemporain La commode Forte dei Marmi incarne une vision contemporaine du mobilier, o\u00f9 la puret\u00e9 des lignes rencontre la noblesse d\u2019un effet travertin beige subtilement travaill\u00e9. Inspir\u00e9e des int\u00e9rieurs m\u00e9diterran\u00e9ens haut de gamme, elle s\u2019impose comme une pi\u00e8ce forte pour structurer un salon, une salle \u00e0 manger ou un espace nuit avec caract\u00e8re. Son design minimaliste est sublim\u00e9 par des fa\u00e7ades sculpt\u00e9es aux courbes douces, apportant relief et sophistication. Le pi\u00e8tement plein renforce son allure architecturale, tandis que sa teinte beige naturelle diffuse une ambiance chaleureuse et lumineuse.","og_url":"https:\/\/homeproject.fr\/fr\/produit\/buffet-en-bois-effet-travertin-forte-dei-marmi-162-cm\/","og_site_name":"Homeproject.fr","article_modified_time":"2026-04-20T11:20:44+00:00","og_image":[{"width":1024,"height":1024,"url":"https:\/\/homeproject.fr\/fr\/wp-content\/uploads\/2026\/04\/Commode-Forte-dei-Marmi-en-bois-effet-travertin-\u2013-Elegance-minerale-et-design-contemporain-4-1024x1024.png","type":"image\/png"}],"twitter_card":"summary_large_image","twitter_misc":{"Dur\u00e9e de lecture estim\u00e9e":"2 minutes"},"schema":{"@context":"https:\/\/schema.org","@graph":[{"@type":"WebPage","@id":"https:\/\/homeproject.fr\/fr\/produit\/buffet-en-bois-effet-travertin-forte-dei-marmi-162-cm\/","url":"https:\/\/homeproject.fr\/fr\/produit\/buffet-en-bois-effet-travertin-forte-dei-marmi-162-cm\/","name":"Buffet en bois effet travertin FORTE DEI MARMI 162 cm - Homeproject.fr","isPartOf":{"@id":"https:\/\/homeproject.fr\/fr\/#website"},"primaryImageOfPage":{"@id":"https:\/\/homeproject.fr\/fr\/produit\/buffet-en-bois-effet-travertin-forte-dei-marmi-162-cm\/#primaryimage"},"image":{"@id":"https:\/\/homeproject.fr\/fr\/produit\/buffet-en-bois-effet-travertin-forte-dei-marmi-162-cm\/#primaryimage"},"thumbnailUrl":"https:\/\/homeproject.fr\/fr\/wp-content\/uploads\/2026\/04\/Commode-Forte-dei-Marmi-en-bois-effet-travertin-\u2013-Elegance-minerale-et-design-contemporain-4.png","datePublished":"2026-04-20T11:10:50+00:00","dateModified":"2026-04-20T11:20:44+00:00","breadcrumb":{"@id":"https:\/\/homeproject.fr\/fr\/produit\/buffet-en-bois-effet-travertin-forte-dei-marmi-162-cm\/#breadcrumb"},"inLanguage":"fr-FR","potentialAction":[{"@type":"ReadAction","target":["https:\/\/homeproject.fr\/fr\/produit\/buffet-en-bois-effet-travertin-forte-dei-marmi-162-cm\/"]}]},{"@type":"ImageObject","inLanguage":"fr-FR","@id":"https:\/\/homeproject.fr\/fr\/produit\/buffet-en-bois-effet-travertin-forte-dei-marmi-162-cm\/#primaryimage","url":"https:\/\/homeproject.fr\/fr\/wp-content\/uploads\/2026\/04\/Commode-Forte-dei-Marmi-en-bois-effet-travertin-\u2013-Elegance-minerale-et-design-contemporain-4.png","contentUrl":"https:\/\/homeproject.fr\/fr\/wp-content\/uploads\/2026\/04\/Commode-Forte-dei-Marmi-en-bois-effet-travertin-\u2013-Elegance-minerale-et-design-contemporain-4.png","width":1254,"height":1254},{"@type":"BreadcrumbList","@id":"https:\/\/homeproject.fr\/fr\/produit\/buffet-en-bois-effet-travertin-forte-dei-marmi-162-cm\/#breadcrumb","itemListElement":[{"@type":"ListItem","position":1,"name":"Accueil","item":"https:\/\/homeproject.fr\/fr\/"},{"@type":"ListItem","position":2,"name":"Boutique","item":"https:\/\/homeproject.fr\/fr\/boutique\/"},{"@type":"ListItem","position":3,"name":"Buffet en bois effet travertin FORTE DEI MARMI 162 cm"}]},{"@type":"WebSite","@id":"https:\/\/homeproject.fr\/fr\/#website","url":"https:\/\/homeproject.fr\/fr\/","name":"Homeproject.fr","description":"Offrez l&#039;exceptionnel \u00e0 vos espaces \u00e0 vivre","publisher":{"@id":"https:\/\/homeproject.fr\/fr\/#organization"},"potentialAction":[{"@type":"SearchAction","target":{"@type":"EntryPoint","urlTemplate":"https:\/\/homeproject.fr\/fr\/?s={search_term_string}"},"query-input":{"@type":"PropertyValueSpecification","valueRequired":true,"valueName":"search_term_string"}}],"inLanguage":"fr-FR"},{"@type":"Organization","@id":"https:\/\/homeproject.fr\/fr\/#organization","name":"Homeproject.fr","url":"https:\/\/homeproject.fr\/fr\/","logo":{"@type":"ImageObject","inLanguage":"fr-FR","@id":"https:\/\/homeproject.fr\/fr\/#\/schema\/logo\/image\/","url":"https:\/\/homeproject.fr\/fr\/wp-content\/uploads\/2024\/12\/Logo_HomeProject-noir-2.png","contentUrl":"https:\/\/homeproject.fr\/fr\/wp-content\/uploads\/2024\/12\/Logo_HomeProject-noir-2.png","width":300,"height":91,"caption":"Homeproject.fr"},"image":{"@id":"https:\/\/homeproject.fr\/fr\/#\/schema\/logo\/image\/"}}]}},"_links":{"self":[{"href":"https:\/\/homeproject.fr\/fr\/wp-json\/wp\/v2\/product\/16089","targetHints":{"allow":["GET"]}}],"collection":[{"href":"https:\/\/homeproject.fr\/fr\/wp-json\/wp\/v2\/product"}],"about":[{"href":"https:\/\/homeproject.fr\/fr\/wp-json\/wp\/v2\/types\/product"}],"version-history":[{"count":1,"href":"https:\/\/homeproject.fr\/fr\/wp-json\/wp\/v2\/product\/16089\/revisions"}],"predecessor-version":[{"id":16091,"href":"https:\/\/homeproject.fr\/fr\/wp-json\/wp\/v2\/product\/16089\/revisions\/16091"}],"wp:featuredmedia":[{"embeddable":true,"href":"https:\/\/homeproject.fr\/fr\/wp-json\/wp\/v2\/media\/16090"}],"wp:attachment":[{"href":"https:\/\/homeproject.fr\/fr\/wp-json\/wp\/v2\/media?parent=16089"}],"wp:term":[{"taxonomy":"product_brand","embeddable":true,"href":"https:\/\/homeproject.fr\/fr\/wp-json\/wp\/v2\/product_brand?post=16089"},{"taxonomy":"product_cat","embeddable":true,"href":"https:\/\/homeproject.fr\/fr\/wp-json\/wp\/v2\/product_cat?post=16089"},{"taxonomy":"product_tag","embeddable":true,"href":"https:\/\/homeproject.fr\/fr\/wp-json\/wp\/v2\/product_tag?post=16089"}],"curies":[{"name":"wp","href":"https:\/\/api.w.org\/{rel}","templated":true}]}}