{"id":16076,"date":"2026-04-16T19:25:07","date_gmt":"2026-04-16T19:25:07","guid":{"rendered":"https:\/\/homeproject.fr\/fr\/?post_type=product&#038;p=16076"},"modified":"2026-04-16T19:33:41","modified_gmt":"2026-04-16T19:33:41","slug":"table-a-manger-ronde-en-bois-dacacia-diametre-130-cm-marseillan","status":"publish","type":"product","link":"https:\/\/homeproject.fr\/fr\/produit\/table-a-manger-ronde-en-bois-dacacia-diametre-130-cm-marseillan\/","title":{"rendered":"Table \u00e0 manger ronde en bois d\u2019acacia diam\u00e8tre 130 cm MARSEILLAN"},"content":{"rendered":"<div class=\"flex-1 overflow-hidden @container\/thread\">\n<div class=\"h-full\">\n<div class=\"react-scroll-to-bottom--css-avwfw-79elbk h-full\">\n<div class=\"react-scroll-to-bottom--css-avwfw-1n7m0yu\">\n<div class=\"flex flex-col text-sm md:pb-9\">\n<article class=\"w-full scroll-mb-[var(--thread-trailing-height,150px)] text-token-text-primary focus-visible:outline-2 focus-visible:outline-offset-[-4px]\" dir=\"auto\" data-testid=\"conversation-turn-13\" data-scroll-anchor=\"true\">\n<div class=\"m-auto text-base py-[18px] px-3 md:px-4 w-full md:px-5 lg:px-4 xl:px-5\">\n<div class=\"mx-auto flex flex-1 gap-4 text-base md:gap-5 lg:gap-6 md:max-w-3xl lg:max-w-[40rem] xl:max-w-[48rem]\">\n<div class=\"group\/conversation-turn relative flex w-full min-w-0 flex-col agent-turn\">\n<div class=\"flex-col gap-1 md:gap-3\">\n<div class=\"flex max-w-full flex-col flex-grow\">\n<div class=\"min-h-8 text-message flex w-full flex-col items-end gap-2 whitespace-normal break-words text-start [.text-message+&amp;]:mt-5\" dir=\"auto\" data-message-author-role=\"assistant\" data-message-id=\"dc5cab26-9697-46d2-b6fe-c8745ded277b\" data-message-model-slug=\"gpt-4o\">\n<div class=\"flex w-full flex-col gap-1 empty:hidden first:pt-[3px]\">\n<div class=\"markdown prose w-full break-words dark:prose-invert light\">\n<h2>Une table ronde design au charme naturel<\/h2>\n<p>Avec son diam\u00e8tre de 130 cm, la table Marseillan offre un espace convivial id\u00e9al pour partager des moments en famille ou entre amis. Son plateau en acacia r\u00e9v\u00e8le des variations naturelles de teintes et de veinage, rendant chaque pi\u00e8ce unique.<\/p>\n<p>Son pi\u00e8tement central structur\u00e9, \u00e0 la fois graphique et stable, lib\u00e8re l\u2019espace pour les assises et renforce son allure architecturale.<\/p>\n<h3>Les atouts de la table Marseillan<\/h3>\n<ul>\n<li>Table \u00e0 manger ronde 130 cm \u2013 parfaite pour 4 \u00e0 6 personnes<\/li>\n<li>Fabrication en bois d\u2019acacia massif, robuste et durable<\/li>\n<li>Design sculptural avec pi\u00e8tement central original<\/li>\n<li>Style scandinave contemporain et chaleureux<\/li>\n<li>Id\u00e9ale pour salle \u00e0 manger, cuisine ou espace ouvert<\/li>\n<li>Finition naturelle mettant en valeur le bois<\/li>\n<\/ul>\n<h3>Dimensions<\/h3>\n<ul>\n<li>Diam\u00e8tre : 130 cm<\/li>\n<li>Hauteur : 76 cm<\/li>\n<\/ul>\n<p>Une pi\u00e8ce forte pour sublimer votre int\u00e9rieur<\/p>\n<p>La table Marseillan s\u2019impose comme une pi\u00e8ce ma\u00eetresse dans votre am\u00e9nagement int\u00e9rieur. Associ\u00e9e \u00e0 des chaises en bois, en tissu boucl\u00e9 ou en cuir, elle cr\u00e9e une ambiance \u00e9l\u00e9gante et intemporelle, fid\u00e8le \u00e0 l\u2019univers Homeproject.fr.<\/p>\n<p><strong style=\"font-family: inherit; font-size: 30px;\">Vous avez des questions ?<\/strong><\/p>\n<\/div>\n<\/div>\n<\/div>\n<\/div>\n<\/div>\n<\/div>\n<\/div>\n<\/div>\n<\/article>\n<\/div>\n<\/div>\n<\/div>\n<\/div>\n<\/div>\n<style id=\"wpforms-css-vars-3675\">\n\t\t\t\t#wpforms-3675 {\n\t\t\t\t\n\t\t\t}\n\t\t\t<\/style><div class=\"wpforms-container wpforms-container-full wpforms-render-modern\" id=\"wpforms-3675\"><form id=\"wpforms-form-3675\" class=\"wpforms-validate wpforms-form wpforms-ajax-form\" data-formid=\"3675\" method=\"post\" enctype=\"multipart\/form-data\" action=\"\/fr\/wp-json\/wp\/v2\/product\/16076\" data-token=\"c97c3351edfdaa99ca79c2fa7e900e86\" data-token-time=\"1776407356\"><noscript class=\"wpforms-error-noscript\">Veuillez activer JavaScript dans votre navigateur pour remplir ce formulaire.<\/noscript><div id=\"wpforms-error-noscript\" style=\"display: none;\">Veuillez activer JavaScript dans votre navigateur pour remplir ce formulaire.<\/div><div class=\"wpforms-field-container\"><div id=\"wpforms-3675-field_3-container\" class=\"wpforms-field wpforms-field-name\" data-field-id=\"3\"><fieldset><legend class=\"wpforms-field-label\">Nom <span class=\"wpforms-required-label\" aria-hidden=\"true\">*<\/span><\/legend><div class=\"wpforms-field-row wpforms-field-medium\"><div class=\"wpforms-field-row-block wpforms-first wpforms-one-half\"><input type=\"text\" id=\"wpforms-3675-field_3\" class=\"wpforms-field-name-first wpforms-field-required\" name=\"wpforms[fields][3][first]\" aria-errormessage=\"wpforms-3675-field_3-error\" required><label for=\"wpforms-3675-field_3\" class=\"wpforms-field-sublabel after\">Pr\u00e9nom<\/label><\/div><div class=\"wpforms-field-row-block wpforms-one-half\"><input type=\"text\" id=\"wpforms-3675-field_3-last\" class=\"wpforms-field-name-last wpforms-field-required\" name=\"wpforms[fields][3][last]\" aria-errormessage=\"wpforms-3675-field_3-last-error\" required><label for=\"wpforms-3675-field_3-last\" class=\"wpforms-field-sublabel after\">Nom<\/label><\/div><\/div><\/fieldset><\/div><div id=\"wpforms-3675-field_4-container\" class=\"wpforms-field wpforms-field-email\" data-field-id=\"4\"><label class=\"wpforms-field-label\" for=\"wpforms-3675-field_4\">E-mail <span class=\"wpforms-required-label\" aria-hidden=\"true\">*<\/span><\/label><input type=\"email\" id=\"wpforms-3675-field_4\" class=\"wpforms-field-medium wpforms-field-required\" name=\"wpforms[fields][4]\" spellcheck=\"false\" aria-errormessage=\"wpforms-3675-field_4-error\" required><\/div>\t\t<div id=\"wpforms-3675-field_1-container\"\n\t\t\tclass=\"wpforms-field wpforms-field-text\"\n\t\t\tdata-field-type=\"text\"\n\t\t\tdata-field-id=\"1\"\n\t\t\t>\n\t\t\t<label class=\"wpforms-field-label\" for=\"wpforms-3675-field_1\" >Nom E-mail Message<\/label>\n\t\t\t<input type=\"text\" id=\"wpforms-3675-field_1\" class=\"wpforms-field-medium\" name=\"wpforms[fields][1]\" >\n\t\t<\/div>\n\t\t<div id=\"wpforms-3675-field_5-container\" class=\"wpforms-field wpforms-field-textarea\" data-field-id=\"5\"><label class=\"wpforms-field-label\" for=\"wpforms-3675-field_5\">Message <span class=\"wpforms-required-label\" aria-hidden=\"true\">*<\/span><\/label><textarea id=\"wpforms-3675-field_5\" class=\"wpforms-field-medium wpforms-field-required\" name=\"wpforms[fields][5]\" aria-errormessage=\"wpforms-3675-field_5-error\" required><\/textarea><\/div><script>\n\t\t\t\t( function() {\n\t\t\t\t\tconst style = document.createElement( 'style' );\n\t\t\t\t\tstyle.appendChild( document.createTextNode( '#wpforms-3675-field_1-container { position: absolute !important; overflow: hidden !important; display: inline !important; height: 1px !important; width: 1px !important; z-index: -1000 !important; padding: 0 !important; } #wpforms-3675-field_1-container input { visibility: hidden; } #wpforms-conversational-form-page #wpforms-3675-field_1-container label { counter-increment: none; }' ) );\n\t\t\t\t\tdocument.head.appendChild( style );\n\t\t\t\t\tdocument.currentScript?.remove();\n\t\t\t\t} )();\n\t\t\t<\/script><\/div><!-- .wpforms-field-container --><div class=\"wpforms-submit-container\" ><input type=\"hidden\" name=\"wpforms[id]\" value=\"3675\"><input type=\"hidden\" name=\"page_title\" value=\"\"><input type=\"hidden\" name=\"page_url\" value=\"https:\/\/homeproject.fr\/fr\/wp-json\/wp\/v2\/product\/16076\"><input type=\"hidden\" name=\"url_referer\" value=\"\"><button type=\"submit\" name=\"wpforms[submit]\" id=\"wpforms-submit-3675\" class=\"wpforms-submit\" data-alt-text=\"Envoi...\" data-submit-text=\"Envoyer\" aria-live=\"assertive\" value=\"wpforms-submit\">Envoyer<\/button><img decoding=\"async\" src=\"https:\/\/homeproject.fr\/fr\/wp-content\/plugins\/wpforms-lite\/assets\/images\/submit-spin.svg\" class=\"wpforms-submit-spinner\" style=\"display: none;\" width=\"26\" height=\"26\" alt=\"Chargement en cours\"><\/div><\/form><\/div>  <!-- .wpforms-container -->\n","protected":false},"excerpt":{"rendered":"<p>La table Marseillan incarne l\u2019\u00e9quilibre parfait entre design contemporain et authenticit\u00e9 des mat\u00e9riaux. Con\u00e7ue en bois d\u2019acacia massif, elle s\u00e9duit par son plateau rond g\u00e9n\u00e9reux et son pi\u00e8tement sculptural au caract\u00e8re affirm\u00e9, apportant une v\u00e9ritable signature esth\u00e9tique \u00e0 votre salle \u00e0 manger.<\/p>\n<p>Inspir\u00e9e par les int\u00e9rieurs scandinaves et m\u00e9diterran\u00e9ens, cette table \u00e0 manger ronde s\u2019int\u00e8gre naturellement dans des espaces lumineux, o\u00f9 les mati\u00e8res brutes et les lignes \u00e9pur\u00e9es dialoguent avec \u00e9l\u00e9gance.<\/p>\n","protected":false},"featured_media":16077,"template":"","meta":{"_uf_show_specific_survey":0,"_uf_disable_surveys":false,"iawp_total_views":3},"product_brand":[],"product_cat":[148],"product_tag":[],"class_list":{"0":"post-16076","1":"product","2":"type-product","3":"status-publish","4":"has-post-thumbnail","6":"product_cat-tables","7":"product_shipping_class-gros-colis-messagerie","8":"pa_collection-natura-line","9":"pa_materiau-bois","11":"first","12":"instock","13":"taxable","14":"shipping-taxable","15":"purchasable","16":"product-type-simple"},"yoast_head":"<!-- This site is optimized with the Yoast SEO plugin v27.4 - https:\/\/yoast.com\/product\/yoast-seo-wordpress\/ -->\n<title>Table \u00e0 manger ronde en bois d\u2019acacia diam\u00e8tre 130 cm MARSEILLAN - Homeproject.fr<\/title>\n<meta name=\"robots\" content=\"index, follow, max-snippet:-1, max-image-preview:large, max-video-preview:-1\" \/>\n<link rel=\"canonical\" href=\"https:\/\/homeproject.fr\/fr\/produit\/table-a-manger-ronde-en-bois-dacacia-diametre-130-cm-marseillan\/\" \/>\n<meta property=\"og:locale\" content=\"fr_FR\" \/>\n<meta property=\"og:type\" content=\"article\" \/>\n<meta property=\"og:title\" content=\"Table \u00e0 manger ronde en bois d\u2019acacia diam\u00e8tre 130 cm MARSEILLAN - Homeproject.fr\" \/>\n<meta property=\"og:description\" content=\"La table Marseillan incarne l\u2019\u00e9quilibre parfait entre design contemporain et authenticit\u00e9 des mat\u00e9riaux. Con\u00e7ue en bois d\u2019acacia massif, elle s\u00e9duit par son plateau rond g\u00e9n\u00e9reux et son pi\u00e8tement sculptural au caract\u00e8re affirm\u00e9, apportant une v\u00e9ritable signature esth\u00e9tique \u00e0 votre salle \u00e0 manger.  Inspir\u00e9e par les int\u00e9rieurs scandinaves et m\u00e9diterran\u00e9ens, cette table \u00e0 manger ronde s\u2019int\u00e8gre naturellement dans des espaces lumineux, o\u00f9 les mati\u00e8res brutes et les lignes \u00e9pur\u00e9es dialoguent avec \u00e9l\u00e9gance.\" \/>\n<meta property=\"og:url\" content=\"https:\/\/homeproject.fr\/fr\/produit\/table-a-manger-ronde-en-bois-dacacia-diametre-130-cm-marseillan\/\" \/>\n<meta property=\"og:site_name\" content=\"Homeproject.fr\" \/>\n<meta property=\"article:modified_time\" content=\"2026-04-16T19:33:41+00:00\" \/>\n<meta property=\"og:image\" content=\"https:\/\/homeproject.fr\/fr\/wp-content\/uploads\/2026\/04\/CD426D6D-BAEE-4B7C-853D-FA8F88077D64.jpeg\" \/>\n\t<meta property=\"og:image:width\" content=\"1024\" \/>\n\t<meta property=\"og:image:height\" content=\"1024\" \/>\n\t<meta property=\"og:image:type\" content=\"image\/jpeg\" \/>\n<meta name=\"twitter:card\" content=\"summary_large_image\" \/>\n<meta name=\"twitter:label1\" content=\"Dur\u00e9e de lecture estim\u00e9e\" \/>\n\t<meta name=\"twitter:data1\" content=\"2 minutes\" \/>\n<script type=\"application\/ld+json\" class=\"yoast-schema-graph\">{\"@context\":\"https:\\\/\\\/schema.org\",\"@graph\":[{\"@type\":\"WebPage\",\"@id\":\"https:\\\/\\\/homeproject.fr\\\/fr\\\/produit\\\/table-a-manger-ronde-en-bois-dacacia-diametre-130-cm-marseillan\\\/\",\"url\":\"https:\\\/\\\/homeproject.fr\\\/fr\\\/produit\\\/table-a-manger-ronde-en-bois-dacacia-diametre-130-cm-marseillan\\\/\",\"name\":\"Table \u00e0 manger ronde en bois d\u2019acacia diam\u00e8tre 130 cm MARSEILLAN - Homeproject.fr\",\"isPartOf\":{\"@id\":\"https:\\\/\\\/homeproject.fr\\\/fr\\\/#website\"},\"primaryImageOfPage\":{\"@id\":\"https:\\\/\\\/homeproject.fr\\\/fr\\\/produit\\\/table-a-manger-ronde-en-bois-dacacia-diametre-130-cm-marseillan\\\/#primaryimage\"},\"image\":{\"@id\":\"https:\\\/\\\/homeproject.fr\\\/fr\\\/produit\\\/table-a-manger-ronde-en-bois-dacacia-diametre-130-cm-marseillan\\\/#primaryimage\"},\"thumbnailUrl\":\"https:\\\/\\\/homeproject.fr\\\/fr\\\/wp-content\\\/uploads\\\/2026\\\/04\\\/CD426D6D-BAEE-4B7C-853D-FA8F88077D64.jpeg\",\"datePublished\":\"2026-04-16T19:25:07+00:00\",\"dateModified\":\"2026-04-16T19:33:41+00:00\",\"breadcrumb\":{\"@id\":\"https:\\\/\\\/homeproject.fr\\\/fr\\\/produit\\\/table-a-manger-ronde-en-bois-dacacia-diametre-130-cm-marseillan\\\/#breadcrumb\"},\"inLanguage\":\"fr-FR\",\"potentialAction\":[{\"@type\":\"ReadAction\",\"target\":[\"https:\\\/\\\/homeproject.fr\\\/fr\\\/produit\\\/table-a-manger-ronde-en-bois-dacacia-diametre-130-cm-marseillan\\\/\"]}]},{\"@type\":\"ImageObject\",\"inLanguage\":\"fr-FR\",\"@id\":\"https:\\\/\\\/homeproject.fr\\\/fr\\\/produit\\\/table-a-manger-ronde-en-bois-dacacia-diametre-130-cm-marseillan\\\/#primaryimage\",\"url\":\"https:\\\/\\\/homeproject.fr\\\/fr\\\/wp-content\\\/uploads\\\/2026\\\/04\\\/CD426D6D-BAEE-4B7C-853D-FA8F88077D64.jpeg\",\"contentUrl\":\"https:\\\/\\\/homeproject.fr\\\/fr\\\/wp-content\\\/uploads\\\/2026\\\/04\\\/CD426D6D-BAEE-4B7C-853D-FA8F88077D64.jpeg\",\"width\":1024,\"height\":1024},{\"@type\":\"BreadcrumbList\",\"@id\":\"https:\\\/\\\/homeproject.fr\\\/fr\\\/produit\\\/table-a-manger-ronde-en-bois-dacacia-diametre-130-cm-marseillan\\\/#breadcrumb\",\"itemListElement\":[{\"@type\":\"ListItem\",\"position\":1,\"name\":\"Accueil\",\"item\":\"https:\\\/\\\/homeproject.fr\\\/fr\\\/\"},{\"@type\":\"ListItem\",\"position\":2,\"name\":\"Boutique\",\"item\":\"https:\\\/\\\/homeproject.fr\\\/fr\\\/boutique\\\/\"},{\"@type\":\"ListItem\",\"position\":3,\"name\":\"Table \u00e0 manger ronde en bois d\u2019acacia diam\u00e8tre 130 cm MARSEILLAN\"}]},{\"@type\":\"WebSite\",\"@id\":\"https:\\\/\\\/homeproject.fr\\\/fr\\\/#website\",\"url\":\"https:\\\/\\\/homeproject.fr\\\/fr\\\/\",\"name\":\"Homeproject.fr\",\"description\":\"Offrez l&#039;exceptionnel \u00e0 vos espaces \u00e0 vivre\",\"publisher\":{\"@id\":\"https:\\\/\\\/homeproject.fr\\\/fr\\\/#organization\"},\"potentialAction\":[{\"@type\":\"SearchAction\",\"target\":{\"@type\":\"EntryPoint\",\"urlTemplate\":\"https:\\\/\\\/homeproject.fr\\\/fr\\\/?s={search_term_string}\"},\"query-input\":{\"@type\":\"PropertyValueSpecification\",\"valueRequired\":true,\"valueName\":\"search_term_string\"}}],\"inLanguage\":\"fr-FR\"},{\"@type\":\"Organization\",\"@id\":\"https:\\\/\\\/homeproject.fr\\\/fr\\\/#organization\",\"name\":\"Homeproject.fr\",\"url\":\"https:\\\/\\\/homeproject.fr\\\/fr\\\/\",\"logo\":{\"@type\":\"ImageObject\",\"inLanguage\":\"fr-FR\",\"@id\":\"https:\\\/\\\/homeproject.fr\\\/fr\\\/#\\\/schema\\\/logo\\\/image\\\/\",\"url\":\"https:\\\/\\\/homeproject.fr\\\/fr\\\/wp-content\\\/uploads\\\/2024\\\/12\\\/Logo_HomeProject-noir-2.png\",\"contentUrl\":\"https:\\\/\\\/homeproject.fr\\\/fr\\\/wp-content\\\/uploads\\\/2024\\\/12\\\/Logo_HomeProject-noir-2.png\",\"width\":300,\"height\":91,\"caption\":\"Homeproject.fr\"},\"image\":{\"@id\":\"https:\\\/\\\/homeproject.fr\\\/fr\\\/#\\\/schema\\\/logo\\\/image\\\/\"}}]}<\/script>\n<!-- \/ Yoast SEO plugin. -->","yoast_head_json":{"title":"Table \u00e0 manger ronde en bois d\u2019acacia diam\u00e8tre 130 cm MARSEILLAN - Homeproject.fr","robots":{"index":"index","follow":"follow","max-snippet":"max-snippet:-1","max-image-preview":"max-image-preview:large","max-video-preview":"max-video-preview:-1"},"canonical":"https:\/\/homeproject.fr\/fr\/produit\/table-a-manger-ronde-en-bois-dacacia-diametre-130-cm-marseillan\/","og_locale":"fr_FR","og_type":"article","og_title":"Table \u00e0 manger ronde en bois d\u2019acacia diam\u00e8tre 130 cm MARSEILLAN - Homeproject.fr","og_description":"La table Marseillan incarne l\u2019\u00e9quilibre parfait entre design contemporain et authenticit\u00e9 des mat\u00e9riaux. Con\u00e7ue en bois d\u2019acacia massif, elle s\u00e9duit par son plateau rond g\u00e9n\u00e9reux et son pi\u00e8tement sculptural au caract\u00e8re affirm\u00e9, apportant une v\u00e9ritable signature esth\u00e9tique \u00e0 votre salle \u00e0 manger.  Inspir\u00e9e par les int\u00e9rieurs scandinaves et m\u00e9diterran\u00e9ens, cette table \u00e0 manger ronde s\u2019int\u00e8gre naturellement dans des espaces lumineux, o\u00f9 les mati\u00e8res brutes et les lignes \u00e9pur\u00e9es dialoguent avec \u00e9l\u00e9gance.","og_url":"https:\/\/homeproject.fr\/fr\/produit\/table-a-manger-ronde-en-bois-dacacia-diametre-130-cm-marseillan\/","og_site_name":"Homeproject.fr","article_modified_time":"2026-04-16T19:33:41+00:00","og_image":[{"width":1024,"height":1024,"url":"https:\/\/homeproject.fr\/fr\/wp-content\/uploads\/2026\/04\/CD426D6D-BAEE-4B7C-853D-FA8F88077D64.jpeg","type":"image\/jpeg"}],"twitter_card":"summary_large_image","twitter_misc":{"Dur\u00e9e de lecture estim\u00e9e":"2 minutes"},"schema":{"@context":"https:\/\/schema.org","@graph":[{"@type":"WebPage","@id":"https:\/\/homeproject.fr\/fr\/produit\/table-a-manger-ronde-en-bois-dacacia-diametre-130-cm-marseillan\/","url":"https:\/\/homeproject.fr\/fr\/produit\/table-a-manger-ronde-en-bois-dacacia-diametre-130-cm-marseillan\/","name":"Table \u00e0 manger ronde en bois d\u2019acacia diam\u00e8tre 130 cm MARSEILLAN - Homeproject.fr","isPartOf":{"@id":"https:\/\/homeproject.fr\/fr\/#website"},"primaryImageOfPage":{"@id":"https:\/\/homeproject.fr\/fr\/produit\/table-a-manger-ronde-en-bois-dacacia-diametre-130-cm-marseillan\/#primaryimage"},"image":{"@id":"https:\/\/homeproject.fr\/fr\/produit\/table-a-manger-ronde-en-bois-dacacia-diametre-130-cm-marseillan\/#primaryimage"},"thumbnailUrl":"https:\/\/homeproject.fr\/fr\/wp-content\/uploads\/2026\/04\/CD426D6D-BAEE-4B7C-853D-FA8F88077D64.jpeg","datePublished":"2026-04-16T19:25:07+00:00","dateModified":"2026-04-16T19:33:41+00:00","breadcrumb":{"@id":"https:\/\/homeproject.fr\/fr\/produit\/table-a-manger-ronde-en-bois-dacacia-diametre-130-cm-marseillan\/#breadcrumb"},"inLanguage":"fr-FR","potentialAction":[{"@type":"ReadAction","target":["https:\/\/homeproject.fr\/fr\/produit\/table-a-manger-ronde-en-bois-dacacia-diametre-130-cm-marseillan\/"]}]},{"@type":"ImageObject","inLanguage":"fr-FR","@id":"https:\/\/homeproject.fr\/fr\/produit\/table-a-manger-ronde-en-bois-dacacia-diametre-130-cm-marseillan\/#primaryimage","url":"https:\/\/homeproject.fr\/fr\/wp-content\/uploads\/2026\/04\/CD426D6D-BAEE-4B7C-853D-FA8F88077D64.jpeg","contentUrl":"https:\/\/homeproject.fr\/fr\/wp-content\/uploads\/2026\/04\/CD426D6D-BAEE-4B7C-853D-FA8F88077D64.jpeg","width":1024,"height":1024},{"@type":"BreadcrumbList","@id":"https:\/\/homeproject.fr\/fr\/produit\/table-a-manger-ronde-en-bois-dacacia-diametre-130-cm-marseillan\/#breadcrumb","itemListElement":[{"@type":"ListItem","position":1,"name":"Accueil","item":"https:\/\/homeproject.fr\/fr\/"},{"@type":"ListItem","position":2,"name":"Boutique","item":"https:\/\/homeproject.fr\/fr\/boutique\/"},{"@type":"ListItem","position":3,"name":"Table \u00e0 manger ronde en bois d\u2019acacia diam\u00e8tre 130 cm MARSEILLAN"}]},{"@type":"WebSite","@id":"https:\/\/homeproject.fr\/fr\/#website","url":"https:\/\/homeproject.fr\/fr\/","name":"Homeproject.fr","description":"Offrez l&#039;exceptionnel \u00e0 vos espaces \u00e0 vivre","publisher":{"@id":"https:\/\/homeproject.fr\/fr\/#organization"},"potentialAction":[{"@type":"SearchAction","target":{"@type":"EntryPoint","urlTemplate":"https:\/\/homeproject.fr\/fr\/?s={search_term_string}"},"query-input":{"@type":"PropertyValueSpecification","valueRequired":true,"valueName":"search_term_string"}}],"inLanguage":"fr-FR"},{"@type":"Organization","@id":"https:\/\/homeproject.fr\/fr\/#organization","name":"Homeproject.fr","url":"https:\/\/homeproject.fr\/fr\/","logo":{"@type":"ImageObject","inLanguage":"fr-FR","@id":"https:\/\/homeproject.fr\/fr\/#\/schema\/logo\/image\/","url":"https:\/\/homeproject.fr\/fr\/wp-content\/uploads\/2024\/12\/Logo_HomeProject-noir-2.png","contentUrl":"https:\/\/homeproject.fr\/fr\/wp-content\/uploads\/2024\/12\/Logo_HomeProject-noir-2.png","width":300,"height":91,"caption":"Homeproject.fr"},"image":{"@id":"https:\/\/homeproject.fr\/fr\/#\/schema\/logo\/image\/"}}]}},"_links":{"self":[{"href":"https:\/\/homeproject.fr\/fr\/wp-json\/wp\/v2\/product\/16076","targetHints":{"allow":["GET"]}}],"collection":[{"href":"https:\/\/homeproject.fr\/fr\/wp-json\/wp\/v2\/product"}],"about":[{"href":"https:\/\/homeproject.fr\/fr\/wp-json\/wp\/v2\/types\/product"}],"version-history":[{"count":2,"href":"https:\/\/homeproject.fr\/fr\/wp-json\/wp\/v2\/product\/16076\/revisions"}],"predecessor-version":[{"id":16085,"href":"https:\/\/homeproject.fr\/fr\/wp-json\/wp\/v2\/product\/16076\/revisions\/16085"}],"wp:featuredmedia":[{"embeddable":true,"href":"https:\/\/homeproject.fr\/fr\/wp-json\/wp\/v2\/media\/16077"}],"wp:attachment":[{"href":"https:\/\/homeproject.fr\/fr\/wp-json\/wp\/v2\/media?parent=16076"}],"wp:term":[{"taxonomy":"product_brand","embeddable":true,"href":"https:\/\/homeproject.fr\/fr\/wp-json\/wp\/v2\/product_brand?post=16076"},{"taxonomy":"product_cat","embeddable":true,"href":"https:\/\/homeproject.fr\/fr\/wp-json\/wp\/v2\/product_cat?post=16076"},{"taxonomy":"product_tag","embeddable":true,"href":"https:\/\/homeproject.fr\/fr\/wp-json\/wp\/v2\/product_tag?post=16076"}],"curies":[{"name":"wp","href":"https:\/\/api.w.org\/{rel}","templated":true}]}}