{"id":15972,"date":"2026-03-04T12:34:23","date_gmt":"2026-03-04T12:34:23","guid":{"rendered":"https:\/\/homeproject.fr\/fr\/?post_type=product&#038;p=15972"},"modified":"2026-03-04T12:40:48","modified_gmt":"2026-03-04T12:40:48","slug":"lot-de-2-chaises-en-bois-dorme-et-fibre-tressee-ueno","status":"publish","type":"product","link":"https:\/\/homeproject.fr\/fr\/produit\/lot-de-2-chaises-en-bois-dorme-et-fibre-tressee-ueno\/","title":{"rendered":"Lot de 2 chaises en bois d\u2019orme et fibre tress\u00e9e UENO"},"content":{"rendered":"<div class=\"flex-1 overflow-hidden @container\/thread\">\n<div class=\"h-full\">\n<div class=\"react-scroll-to-bottom--css-avwfw-79elbk h-full\">\n<div class=\"react-scroll-to-bottom--css-avwfw-1n7m0yu\">\n<div class=\"flex flex-col text-sm md:pb-9\">\n<article class=\"w-full scroll-mb-[var(--thread-trailing-height,150px)] text-token-text-primary focus-visible:outline-2 focus-visible:outline-offset-[-4px]\" dir=\"auto\" data-testid=\"conversation-turn-13\" data-scroll-anchor=\"true\">\n<div class=\"m-auto text-base py-[18px] px-3 md:px-4 w-full md:px-5 lg:px-4 xl:px-5\">\n<div class=\"mx-auto flex flex-1 gap-4 text-base md:gap-5 lg:gap-6 md:max-w-3xl lg:max-w-[40rem] xl:max-w-[48rem]\">\n<div class=\"group\/conversation-turn relative flex w-full min-w-0 flex-col agent-turn\">\n<div class=\"flex-col gap-1 md:gap-3\">\n<div class=\"flex max-w-full flex-col flex-grow\">\n<div class=\"min-h-8 text-message flex w-full flex-col items-end gap-2 whitespace-normal break-words text-start [.text-message+&amp;]:mt-5\" dir=\"auto\" data-message-author-role=\"assistant\" data-message-id=\"dc5cab26-9697-46d2-b6fe-c8745ded277b\" data-message-model-slug=\"gpt-4o\">\n<div class=\"flex w-full flex-col gap-1 empty:hidden first:pt-[3px]\">\n<div class=\"markdown prose w-full break-words dark:prose-invert light\">\n<h2 data-start=\"1237\" data-end=\"1273\">Pourquoi choisir la chaise Ueno ?<\/h2>\n<ul data-start=\"1275\" data-end=\"1602\">\n<li data-start=\"1275\" data-end=\"1320\">\n<p data-start=\"1277\" data-end=\"1320\">Structure robuste en <strong data-start=\"1298\" data-end=\"1320\">bois d\u2019orme massif<\/strong><\/p>\n<\/li>\n<li data-start=\"1321\" data-end=\"1369\">\n<p data-start=\"1323\" data-end=\"1369\"><strong data-start=\"1323\" data-end=\"1350\">Assise en fibre tress\u00e9e<\/strong> au style artisanal<\/p>\n<\/li>\n<li data-start=\"1370\" data-end=\"1429\">\n<p data-start=\"1372\" data-end=\"1429\">Design inspir\u00e9 de l\u2019esth\u00e9tique <strong data-start=\"1403\" data-end=\"1429\">japandi et minimaliste<\/strong><\/p>\n<\/li>\n<li data-start=\"1430\" data-end=\"1475\">\n<p data-start=\"1432\" data-end=\"1475\">Accoudoirs int\u00e9gr\u00e9s pour un confort optimal<\/p>\n<\/li>\n<li data-start=\"1476\" data-end=\"1530\">\n<p data-start=\"1478\" data-end=\"1530\">Mat\u00e9riaux naturels apportant chaleur et authenticit\u00e9<\/p>\n<\/li>\n<li data-start=\"1531\" data-end=\"1602\">\n<p data-start=\"1533\" data-end=\"1602\">Chaise id\u00e9ale pour <strong data-start=\"1552\" data-end=\"1602\">salle \u00e0 manger, bureau ou maison contemporaine<\/strong><\/p>\n<\/li>\n<\/ul>\n<hr data-start=\"1604\" data-end=\"1607\" \/>\n<h2 data-start=\"1609\" data-end=\"1639\">Caract\u00e9ristiques techniques<\/h2>\n<ul data-start=\"1641\" data-end=\"1925\">\n<li data-start=\"1641\" data-end=\"1677\">\n<p data-start=\"1643\" data-end=\"1677\"><strong data-start=\"1643\" data-end=\"1663\">Nom du produit :<\/strong> Chaise Ueno<\/p>\n<\/li>\n<li data-start=\"1678\" data-end=\"1715\">\n<p data-start=\"1680\" data-end=\"1715\"><strong data-start=\"1680\" data-end=\"1690\">Type :<\/strong> Chaise avec accoudoirs<\/p>\n<\/li>\n<li data-start=\"1716\" data-end=\"1763\">\n<p data-start=\"1718\" data-end=\"1763\"><strong data-start=\"1718\" data-end=\"1742\">Mat\u00e9riau structure :<\/strong> Bois d\u2019orme massif<\/p>\n<\/li>\n<li data-start=\"1764\" data-end=\"1803\">\n<p data-start=\"1766\" data-end=\"1803\"><strong data-start=\"1766\" data-end=\"1787\">Mat\u00e9riau assise :<\/strong> Fibre tress\u00e9e<\/p>\n<\/li>\n<li data-start=\"1804\" data-end=\"1829\">\n<p data-start=\"1806\" data-end=\"1829\"><strong data-start=\"1806\" data-end=\"1819\">Couleur :<\/strong> Naturel<\/p>\n<\/li>\n<li data-start=\"1830\" data-end=\"1853\">\n<p data-start=\"1832\" data-end=\"1853\"><strong data-start=\"1832\" data-end=\"1845\">Largeur :<\/strong> 57 cm<\/p>\n<\/li>\n<li data-start=\"1854\" data-end=\"1880\">\n<p data-start=\"1856\" data-end=\"1880\"><strong data-start=\"1856\" data-end=\"1872\">Profondeur :<\/strong> 53 cm<\/p>\n<\/li>\n<li data-start=\"1881\" data-end=\"1904\">\n<p data-start=\"1883\" data-end=\"1904\"><strong data-start=\"1883\" data-end=\"1896\">Hauteur :<\/strong> 78 cm<\/p>\n<\/li>\n<li data-start=\"1905\" data-end=\"1925\">\n<p data-start=\"1907\" data-end=\"1925\"><strong data-start=\"1907\" data-end=\"1918\">Poids :<\/strong> 7 kg<\/p>\n<\/li>\n<\/ul>\n<h4><strong style=\"font-family: inherit; font-size: 30px;\">Vous avez des questions ?<\/strong><\/h4>\n<\/div>\n<\/div>\n<\/div>\n<\/div>\n<\/div>\n<\/div>\n<\/div>\n<\/div>\n<\/article>\n<\/div>\n<\/div>\n<\/div>\n<\/div>\n<\/div>\n<style id=\"wpforms-css-vars-3675\">\n\t\t\t\t#wpforms-3675 {\n\t\t\t\t\n\t\t\t}\n\t\t\t<\/style><div class=\"wpforms-container wpforms-container-full wpforms-render-modern\" id=\"wpforms-3675\"><form id=\"wpforms-form-3675\" class=\"wpforms-validate wpforms-form wpforms-ajax-form\" data-formid=\"3675\" method=\"post\" enctype=\"multipart\/form-data\" action=\"\/fr\/wp-json\/wp\/v2\/product\/15972\" data-token=\"afc9de651a65a54d0ab77295ba63d8ad\" data-token-time=\"1776570509\"><noscript class=\"wpforms-error-noscript\">Veuillez activer JavaScript dans votre navigateur pour remplir ce formulaire.<\/noscript><div id=\"wpforms-error-noscript\" style=\"display: none;\">Veuillez activer JavaScript dans votre navigateur pour remplir ce formulaire.<\/div><div class=\"wpforms-field-container\"><div id=\"wpforms-3675-field_3-container\" class=\"wpforms-field wpforms-field-name\" data-field-id=\"3\"><fieldset><legend class=\"wpforms-field-label\">Nom <span class=\"wpforms-required-label\" aria-hidden=\"true\">*<\/span><\/legend><div class=\"wpforms-field-row wpforms-field-medium\"><div class=\"wpforms-field-row-block wpforms-first wpforms-one-half\"><input type=\"text\" id=\"wpforms-3675-field_3\" class=\"wpforms-field-name-first wpforms-field-required\" name=\"wpforms[fields][3][first]\" aria-errormessage=\"wpforms-3675-field_3-error\" required><label for=\"wpforms-3675-field_3\" class=\"wpforms-field-sublabel after\">Pr\u00e9nom<\/label><\/div><div class=\"wpforms-field-row-block wpforms-one-half\"><input type=\"text\" id=\"wpforms-3675-field_3-last\" class=\"wpforms-field-name-last wpforms-field-required\" name=\"wpforms[fields][3][last]\" aria-errormessage=\"wpforms-3675-field_3-last-error\" required><label for=\"wpforms-3675-field_3-last\" class=\"wpforms-field-sublabel after\">Nom<\/label><\/div><\/div><\/fieldset><\/div>\t\t<div id=\"wpforms-3675-field_1-container\"\n\t\t\tclass=\"wpforms-field wpforms-field-text\"\n\t\t\tdata-field-type=\"text\"\n\t\t\tdata-field-id=\"1\"\n\t\t\t>\n\t\t\t<label class=\"wpforms-field-label\" for=\"wpforms-3675-field_1\" >E-mail Message Nom<\/label>\n\t\t\t<input type=\"text\" id=\"wpforms-3675-field_1\" class=\"wpforms-field-medium\" name=\"wpforms[fields][1]\" >\n\t\t<\/div>\n\t\t<div id=\"wpforms-3675-field_4-container\" class=\"wpforms-field wpforms-field-email\" data-field-id=\"4\"><label class=\"wpforms-field-label\" for=\"wpforms-3675-field_4\">E-mail <span class=\"wpforms-required-label\" aria-hidden=\"true\">*<\/span><\/label><input type=\"email\" id=\"wpforms-3675-field_4\" class=\"wpforms-field-medium wpforms-field-required\" name=\"wpforms[fields][4]\" spellcheck=\"false\" aria-errormessage=\"wpforms-3675-field_4-error\" required><\/div><div id=\"wpforms-3675-field_5-container\" class=\"wpforms-field wpforms-field-textarea\" data-field-id=\"5\"><label class=\"wpforms-field-label\" for=\"wpforms-3675-field_5\">Message <span class=\"wpforms-required-label\" aria-hidden=\"true\">*<\/span><\/label><textarea id=\"wpforms-3675-field_5\" class=\"wpforms-field-medium wpforms-field-required\" name=\"wpforms[fields][5]\" aria-errormessage=\"wpforms-3675-field_5-error\" required><\/textarea><\/div><script>\n\t\t\t\t( function() {\n\t\t\t\t\tconst style = document.createElement( 'style' );\n\t\t\t\t\tstyle.appendChild( document.createTextNode( '#wpforms-3675-field_1-container { position: absolute !important; overflow: hidden !important; display: inline !important; height: 1px !important; width: 1px !important; z-index: -1000 !important; padding: 0 !important; } #wpforms-3675-field_1-container input { visibility: hidden; } #wpforms-conversational-form-page #wpforms-3675-field_1-container label { counter-increment: none; }' ) );\n\t\t\t\t\tdocument.head.appendChild( style );\n\t\t\t\t\tdocument.currentScript?.remove();\n\t\t\t\t} )();\n\t\t\t<\/script><\/div><!-- .wpforms-field-container --><div class=\"wpforms-submit-container\" ><input type=\"hidden\" name=\"wpforms[id]\" value=\"3675\"><input type=\"hidden\" name=\"page_title\" value=\"\"><input type=\"hidden\" name=\"page_url\" value=\"https:\/\/homeproject.fr\/fr\/wp-json\/wp\/v2\/product\/15972\"><input type=\"hidden\" name=\"url_referer\" value=\"\"><button type=\"submit\" name=\"wpforms[submit]\" id=\"wpforms-submit-3675\" class=\"wpforms-submit\" data-alt-text=\"Envoi...\" data-submit-text=\"Envoyer\" aria-live=\"assertive\" value=\"wpforms-submit\">Envoyer<\/button><img decoding=\"async\" src=\"https:\/\/homeproject.fr\/fr\/wp-content\/plugins\/wpforms-lite\/assets\/images\/submit-spin.svg\" class=\"wpforms-submit-spinner\" style=\"display: none;\" width=\"26\" height=\"26\" alt=\"Chargement en cours\"><\/div><\/form><\/div>  <!-- .wpforms-container -->\n","protected":false},"excerpt":{"rendered":"<p data-start=\"0\" data-end=\"87\"><strong>\u00c9l\u00e9gance naturelle et esprit artisanal<\/strong><\/p>\n<p data-start=\"89\" data-end=\"378\">La <strong data-start=\"92\" data-end=\"156\">chaise Ueno en bois d\u2019orme massif et assise en fibre tress\u00e9e<\/strong> incarne un design \u00e0 la fois <strong data-start=\"185\" data-end=\"226\">authentique, chaleureux et intemporel<\/strong>. Inspir\u00e9e de l\u2019esth\u00e9tique japonaise et du mobilier artisanal traditionnel, elle s\u00e9duit par ses lignes \u00e9pur\u00e9es et la noblesse de ses mat\u00e9riaux naturels.<\/p>\n<p data-start=\"380\" data-end=\"696\">Sa structure en <strong data-start=\"396\" data-end=\"437\">bois d\u2019orme massif finition naturelle<\/strong> met en valeur les veines du bois et r\u00e9v\u00e8le toute la beaut\u00e9 de cette essence reconnue pour sa robustesse et sa durabilit\u00e9. L\u2019assise en <strong data-start=\"572\" data-end=\"589\">fibre tress\u00e9e<\/strong> apporte une touche artisanale raffin\u00e9e tout en offrant un confort naturel et une grande l\u00e9g\u00e8ret\u00e9 visuelle.<\/p>\n<p data-start=\"698\" data-end=\"1057\">Le dossier l\u00e9g\u00e8rement enveloppant et les accoudoirs int\u00e9gr\u00e9s cr\u00e9ent une silhouette \u00e9l\u00e9gante et ergonomique, id\u00e9ale pour accompagner une <strong data-start=\"834\" data-end=\"896\">table de salle \u00e0 manger en bois, en pierre ou en travertin<\/strong>. Gr\u00e2ce \u00e0 son design \u00e9quilibr\u00e9 et minimaliste, la chaise Ueno s\u2019int\u00e8gre harmonieusement dans un int\u00e9rieur <strong data-start=\"1002\" data-end=\"1056\">contemporain, japandi, scandinave ou m\u00e9diterran\u00e9en<\/strong>.<\/p>\n<p data-start=\"1059\" data-end=\"1230\">\u00c0 la fois d\u00e9corative et fonctionnelle, cette chaise est parfaite pour cr\u00e9er une atmosph\u00e8re douce et naturelle dans une salle \u00e0 manger, un bureau ou une maison de vacances.<\/p>\n","protected":false},"featured_media":15973,"template":"","meta":{"_uf_show_specific_survey":0,"_uf_disable_surveys":false,"iawp_total_views":4},"product_brand":[],"product_cat":[147],"product_tag":[],"class_list":{"0":"post-15972","1":"product","2":"type-product","3":"status-publish","4":"has-post-thumbnail","6":"product_cat-chaises","7":"product_shipping_class-gros-colis-messagerie","8":"pa_materiau-bois","10":"first","11":"instock","12":"sale","13":"taxable","14":"shipping-taxable","15":"purchasable","16":"product-type-simple"},"yoast_head":"<!-- This site is optimized with the Yoast SEO plugin v27.4 - https:\/\/yoast.com\/product\/yoast-seo-wordpress\/ -->\n<title>Lot de 2 chaises en bois d\u2019orme et fibre tress\u00e9e UENO - Homeproject.fr<\/title>\n<meta name=\"robots\" content=\"index, follow, max-snippet:-1, max-image-preview:large, max-video-preview:-1\" \/>\n<link rel=\"canonical\" href=\"https:\/\/homeproject.fr\/fr\/produit\/lot-de-2-chaises-en-bois-dorme-et-fibre-tressee-ueno\/\" \/>\n<meta property=\"og:locale\" content=\"fr_FR\" \/>\n<meta property=\"og:type\" content=\"article\" \/>\n<meta property=\"og:title\" content=\"Lot de 2 chaises en bois d\u2019orme et fibre tress\u00e9e UENO - Homeproject.fr\" \/>\n<meta property=\"og:description\" content=\"\u00c9l\u00e9gance naturelle et esprit artisanal La chaise Ueno en bois d\u2019orme massif et assise en fibre tress\u00e9e incarne un design \u00e0 la fois authentique, chaleureux et intemporel. Inspir\u00e9e de l\u2019esth\u00e9tique japonaise et du mobilier artisanal traditionnel, elle s\u00e9duit par ses lignes \u00e9pur\u00e9es et la noblesse de ses mat\u00e9riaux naturels. Sa structure en bois d\u2019orme massif finition naturelle met en valeur les veines du bois et r\u00e9v\u00e8le toute la beaut\u00e9 de cette essence reconnue pour sa robustesse et sa durabilit\u00e9. L\u2019assise en fibre tress\u00e9e apporte une touche artisanale raffin\u00e9e tout en offrant un confort naturel et une grande l\u00e9g\u00e8ret\u00e9 visuelle. Le dossier l\u00e9g\u00e8rement enveloppant et les accoudoirs int\u00e9gr\u00e9s cr\u00e9ent une silhouette \u00e9l\u00e9gante et ergonomique, id\u00e9ale pour accompagner une table de salle \u00e0 manger en bois, en pierre ou en travertin. Gr\u00e2ce \u00e0 son design \u00e9quilibr\u00e9 et minimaliste, la chaise Ueno s\u2019int\u00e8gre harmonieusement dans un int\u00e9rieur contemporain, japandi, scandinave ou m\u00e9diterran\u00e9en. \u00c0 la fois d\u00e9corative et fonctionnelle, cette chaise est parfaite pour cr\u00e9er une atmosph\u00e8re douce et naturelle dans une salle \u00e0 manger, un bureau ou une maison de vacances.\" \/>\n<meta property=\"og:url\" content=\"https:\/\/homeproject.fr\/fr\/produit\/lot-de-2-chaises-en-bois-dorme-et-fibre-tressee-ueno\/\" \/>\n<meta property=\"og:site_name\" content=\"Homeproject.fr\" \/>\n<meta property=\"article:modified_time\" content=\"2026-03-04T12:40:48+00:00\" \/>\n<meta property=\"og:image\" content=\"https:\/\/homeproject.fr\/fr\/wp-content\/uploads\/2026\/03\/Chaise-en-bois-dorme-massif-et-assise-tressee-Ueno-1.jpg\" \/>\n\t<meta property=\"og:image:width\" content=\"1500\" \/>\n\t<meta property=\"og:image:height\" content=\"1500\" \/>\n\t<meta property=\"og:image:type\" content=\"image\/jpeg\" \/>\n<meta name=\"twitter:card\" content=\"summary_large_image\" \/>\n<meta name=\"twitter:label1\" content=\"Dur\u00e9e de lecture estim\u00e9e\" \/>\n\t<meta name=\"twitter:data1\" content=\"1 minute\" \/>\n<script type=\"application\/ld+json\" class=\"yoast-schema-graph\">{\"@context\":\"https:\\\/\\\/schema.org\",\"@graph\":[{\"@type\":\"WebPage\",\"@id\":\"https:\\\/\\\/homeproject.fr\\\/fr\\\/produit\\\/lot-de-2-chaises-en-bois-dorme-et-fibre-tressee-ueno\\\/\",\"url\":\"https:\\\/\\\/homeproject.fr\\\/fr\\\/produit\\\/lot-de-2-chaises-en-bois-dorme-et-fibre-tressee-ueno\\\/\",\"name\":\"Lot de 2 chaises en bois d\u2019orme et fibre tress\u00e9e UENO - Homeproject.fr\",\"isPartOf\":{\"@id\":\"https:\\\/\\\/homeproject.fr\\\/fr\\\/#website\"},\"primaryImageOfPage\":{\"@id\":\"https:\\\/\\\/homeproject.fr\\\/fr\\\/produit\\\/lot-de-2-chaises-en-bois-dorme-et-fibre-tressee-ueno\\\/#primaryimage\"},\"image\":{\"@id\":\"https:\\\/\\\/homeproject.fr\\\/fr\\\/produit\\\/lot-de-2-chaises-en-bois-dorme-et-fibre-tressee-ueno\\\/#primaryimage\"},\"thumbnailUrl\":\"https:\\\/\\\/homeproject.fr\\\/fr\\\/wp-content\\\/uploads\\\/2026\\\/03\\\/Chaise-en-bois-dorme-massif-et-assise-tressee-Ueno-1.jpg\",\"datePublished\":\"2026-03-04T12:34:23+00:00\",\"dateModified\":\"2026-03-04T12:40:48+00:00\",\"breadcrumb\":{\"@id\":\"https:\\\/\\\/homeproject.fr\\\/fr\\\/produit\\\/lot-de-2-chaises-en-bois-dorme-et-fibre-tressee-ueno\\\/#breadcrumb\"},\"inLanguage\":\"fr-FR\",\"potentialAction\":[{\"@type\":\"ReadAction\",\"target\":[\"https:\\\/\\\/homeproject.fr\\\/fr\\\/produit\\\/lot-de-2-chaises-en-bois-dorme-et-fibre-tressee-ueno\\\/\"]}]},{\"@type\":\"ImageObject\",\"inLanguage\":\"fr-FR\",\"@id\":\"https:\\\/\\\/homeproject.fr\\\/fr\\\/produit\\\/lot-de-2-chaises-en-bois-dorme-et-fibre-tressee-ueno\\\/#primaryimage\",\"url\":\"https:\\\/\\\/homeproject.fr\\\/fr\\\/wp-content\\\/uploads\\\/2026\\\/03\\\/Chaise-en-bois-dorme-massif-et-assise-tressee-Ueno-1.jpg\",\"contentUrl\":\"https:\\\/\\\/homeproject.fr\\\/fr\\\/wp-content\\\/uploads\\\/2026\\\/03\\\/Chaise-en-bois-dorme-massif-et-assise-tressee-Ueno-1.jpg\",\"width\":1500,\"height\":1500},{\"@type\":\"BreadcrumbList\",\"@id\":\"https:\\\/\\\/homeproject.fr\\\/fr\\\/produit\\\/lot-de-2-chaises-en-bois-dorme-et-fibre-tressee-ueno\\\/#breadcrumb\",\"itemListElement\":[{\"@type\":\"ListItem\",\"position\":1,\"name\":\"Accueil\",\"item\":\"https:\\\/\\\/homeproject.fr\\\/fr\\\/\"},{\"@type\":\"ListItem\",\"position\":2,\"name\":\"Boutique\",\"item\":\"https:\\\/\\\/homeproject.fr\\\/fr\\\/boutique\\\/\"},{\"@type\":\"ListItem\",\"position\":3,\"name\":\"Lot de 2 chaises en bois d\u2019orme et fibre tress\u00e9e UENO\"}]},{\"@type\":\"WebSite\",\"@id\":\"https:\\\/\\\/homeproject.fr\\\/fr\\\/#website\",\"url\":\"https:\\\/\\\/homeproject.fr\\\/fr\\\/\",\"name\":\"Homeproject.fr\",\"description\":\"Offrez l&#039;exceptionnel \u00e0 vos espaces \u00e0 vivre\",\"publisher\":{\"@id\":\"https:\\\/\\\/homeproject.fr\\\/fr\\\/#organization\"},\"potentialAction\":[{\"@type\":\"SearchAction\",\"target\":{\"@type\":\"EntryPoint\",\"urlTemplate\":\"https:\\\/\\\/homeproject.fr\\\/fr\\\/?s={search_term_string}\"},\"query-input\":{\"@type\":\"PropertyValueSpecification\",\"valueRequired\":true,\"valueName\":\"search_term_string\"}}],\"inLanguage\":\"fr-FR\"},{\"@type\":\"Organization\",\"@id\":\"https:\\\/\\\/homeproject.fr\\\/fr\\\/#organization\",\"name\":\"Homeproject.fr\",\"url\":\"https:\\\/\\\/homeproject.fr\\\/fr\\\/\",\"logo\":{\"@type\":\"ImageObject\",\"inLanguage\":\"fr-FR\",\"@id\":\"https:\\\/\\\/homeproject.fr\\\/fr\\\/#\\\/schema\\\/logo\\\/image\\\/\",\"url\":\"https:\\\/\\\/homeproject.fr\\\/fr\\\/wp-content\\\/uploads\\\/2024\\\/12\\\/Logo_HomeProject-noir-2.png\",\"contentUrl\":\"https:\\\/\\\/homeproject.fr\\\/fr\\\/wp-content\\\/uploads\\\/2024\\\/12\\\/Logo_HomeProject-noir-2.png\",\"width\":300,\"height\":91,\"caption\":\"Homeproject.fr\"},\"image\":{\"@id\":\"https:\\\/\\\/homeproject.fr\\\/fr\\\/#\\\/schema\\\/logo\\\/image\\\/\"}}]}<\/script>\n<!-- \/ Yoast SEO plugin. -->","yoast_head_json":{"title":"Lot de 2 chaises en bois d\u2019orme et fibre tress\u00e9e UENO - Homeproject.fr","robots":{"index":"index","follow":"follow","max-snippet":"max-snippet:-1","max-image-preview":"max-image-preview:large","max-video-preview":"max-video-preview:-1"},"canonical":"https:\/\/homeproject.fr\/fr\/produit\/lot-de-2-chaises-en-bois-dorme-et-fibre-tressee-ueno\/","og_locale":"fr_FR","og_type":"article","og_title":"Lot de 2 chaises en bois d\u2019orme et fibre tress\u00e9e UENO - Homeproject.fr","og_description":"\u00c9l\u00e9gance naturelle et esprit artisanal La chaise Ueno en bois d\u2019orme massif et assise en fibre tress\u00e9e incarne un design \u00e0 la fois authentique, chaleureux et intemporel. Inspir\u00e9e de l\u2019esth\u00e9tique japonaise et du mobilier artisanal traditionnel, elle s\u00e9duit par ses lignes \u00e9pur\u00e9es et la noblesse de ses mat\u00e9riaux naturels. Sa structure en bois d\u2019orme massif finition naturelle met en valeur les veines du bois et r\u00e9v\u00e8le toute la beaut\u00e9 de cette essence reconnue pour sa robustesse et sa durabilit\u00e9. L\u2019assise en fibre tress\u00e9e apporte une touche artisanale raffin\u00e9e tout en offrant un confort naturel et une grande l\u00e9g\u00e8ret\u00e9 visuelle. Le dossier l\u00e9g\u00e8rement enveloppant et les accoudoirs int\u00e9gr\u00e9s cr\u00e9ent une silhouette \u00e9l\u00e9gante et ergonomique, id\u00e9ale pour accompagner une table de salle \u00e0 manger en bois, en pierre ou en travertin. Gr\u00e2ce \u00e0 son design \u00e9quilibr\u00e9 et minimaliste, la chaise Ueno s\u2019int\u00e8gre harmonieusement dans un int\u00e9rieur contemporain, japandi, scandinave ou m\u00e9diterran\u00e9en. \u00c0 la fois d\u00e9corative et fonctionnelle, cette chaise est parfaite pour cr\u00e9er une atmosph\u00e8re douce et naturelle dans une salle \u00e0 manger, un bureau ou une maison de vacances.","og_url":"https:\/\/homeproject.fr\/fr\/produit\/lot-de-2-chaises-en-bois-dorme-et-fibre-tressee-ueno\/","og_site_name":"Homeproject.fr","article_modified_time":"2026-03-04T12:40:48+00:00","og_image":[{"width":1500,"height":1500,"url":"https:\/\/homeproject.fr\/fr\/wp-content\/uploads\/2026\/03\/Chaise-en-bois-dorme-massif-et-assise-tressee-Ueno-1.jpg","type":"image\/jpeg"}],"twitter_card":"summary_large_image","twitter_misc":{"Dur\u00e9e de lecture estim\u00e9e":"1 minute"},"schema":{"@context":"https:\/\/schema.org","@graph":[{"@type":"WebPage","@id":"https:\/\/homeproject.fr\/fr\/produit\/lot-de-2-chaises-en-bois-dorme-et-fibre-tressee-ueno\/","url":"https:\/\/homeproject.fr\/fr\/produit\/lot-de-2-chaises-en-bois-dorme-et-fibre-tressee-ueno\/","name":"Lot de 2 chaises en bois d\u2019orme et fibre tress\u00e9e UENO - Homeproject.fr","isPartOf":{"@id":"https:\/\/homeproject.fr\/fr\/#website"},"primaryImageOfPage":{"@id":"https:\/\/homeproject.fr\/fr\/produit\/lot-de-2-chaises-en-bois-dorme-et-fibre-tressee-ueno\/#primaryimage"},"image":{"@id":"https:\/\/homeproject.fr\/fr\/produit\/lot-de-2-chaises-en-bois-dorme-et-fibre-tressee-ueno\/#primaryimage"},"thumbnailUrl":"https:\/\/homeproject.fr\/fr\/wp-content\/uploads\/2026\/03\/Chaise-en-bois-dorme-massif-et-assise-tressee-Ueno-1.jpg","datePublished":"2026-03-04T12:34:23+00:00","dateModified":"2026-03-04T12:40:48+00:00","breadcrumb":{"@id":"https:\/\/homeproject.fr\/fr\/produit\/lot-de-2-chaises-en-bois-dorme-et-fibre-tressee-ueno\/#breadcrumb"},"inLanguage":"fr-FR","potentialAction":[{"@type":"ReadAction","target":["https:\/\/homeproject.fr\/fr\/produit\/lot-de-2-chaises-en-bois-dorme-et-fibre-tressee-ueno\/"]}]},{"@type":"ImageObject","inLanguage":"fr-FR","@id":"https:\/\/homeproject.fr\/fr\/produit\/lot-de-2-chaises-en-bois-dorme-et-fibre-tressee-ueno\/#primaryimage","url":"https:\/\/homeproject.fr\/fr\/wp-content\/uploads\/2026\/03\/Chaise-en-bois-dorme-massif-et-assise-tressee-Ueno-1.jpg","contentUrl":"https:\/\/homeproject.fr\/fr\/wp-content\/uploads\/2026\/03\/Chaise-en-bois-dorme-massif-et-assise-tressee-Ueno-1.jpg","width":1500,"height":1500},{"@type":"BreadcrumbList","@id":"https:\/\/homeproject.fr\/fr\/produit\/lot-de-2-chaises-en-bois-dorme-et-fibre-tressee-ueno\/#breadcrumb","itemListElement":[{"@type":"ListItem","position":1,"name":"Accueil","item":"https:\/\/homeproject.fr\/fr\/"},{"@type":"ListItem","position":2,"name":"Boutique","item":"https:\/\/homeproject.fr\/fr\/boutique\/"},{"@type":"ListItem","position":3,"name":"Lot de 2 chaises en bois d\u2019orme et fibre tress\u00e9e UENO"}]},{"@type":"WebSite","@id":"https:\/\/homeproject.fr\/fr\/#website","url":"https:\/\/homeproject.fr\/fr\/","name":"Homeproject.fr","description":"Offrez l&#039;exceptionnel \u00e0 vos espaces \u00e0 vivre","publisher":{"@id":"https:\/\/homeproject.fr\/fr\/#organization"},"potentialAction":[{"@type":"SearchAction","target":{"@type":"EntryPoint","urlTemplate":"https:\/\/homeproject.fr\/fr\/?s={search_term_string}"},"query-input":{"@type":"PropertyValueSpecification","valueRequired":true,"valueName":"search_term_string"}}],"inLanguage":"fr-FR"},{"@type":"Organization","@id":"https:\/\/homeproject.fr\/fr\/#organization","name":"Homeproject.fr","url":"https:\/\/homeproject.fr\/fr\/","logo":{"@type":"ImageObject","inLanguage":"fr-FR","@id":"https:\/\/homeproject.fr\/fr\/#\/schema\/logo\/image\/","url":"https:\/\/homeproject.fr\/fr\/wp-content\/uploads\/2024\/12\/Logo_HomeProject-noir-2.png","contentUrl":"https:\/\/homeproject.fr\/fr\/wp-content\/uploads\/2024\/12\/Logo_HomeProject-noir-2.png","width":300,"height":91,"caption":"Homeproject.fr"},"image":{"@id":"https:\/\/homeproject.fr\/fr\/#\/schema\/logo\/image\/"}}]}},"_links":{"self":[{"href":"https:\/\/homeproject.fr\/fr\/wp-json\/wp\/v2\/product\/15972","targetHints":{"allow":["GET"]}}],"collection":[{"href":"https:\/\/homeproject.fr\/fr\/wp-json\/wp\/v2\/product"}],"about":[{"href":"https:\/\/homeproject.fr\/fr\/wp-json\/wp\/v2\/types\/product"}],"version-history":[{"count":2,"href":"https:\/\/homeproject.fr\/fr\/wp-json\/wp\/v2\/product\/15972\/revisions"}],"predecessor-version":[{"id":15981,"href":"https:\/\/homeproject.fr\/fr\/wp-json\/wp\/v2\/product\/15972\/revisions\/15981"}],"wp:featuredmedia":[{"embeddable":true,"href":"https:\/\/homeproject.fr\/fr\/wp-json\/wp\/v2\/media\/15973"}],"wp:attachment":[{"href":"https:\/\/homeproject.fr\/fr\/wp-json\/wp\/v2\/media?parent=15972"}],"wp:term":[{"taxonomy":"product_brand","embeddable":true,"href":"https:\/\/homeproject.fr\/fr\/wp-json\/wp\/v2\/product_brand?post=15972"},{"taxonomy":"product_cat","embeddable":true,"href":"https:\/\/homeproject.fr\/fr\/wp-json\/wp\/v2\/product_cat?post=15972"},{"taxonomy":"product_tag","embeddable":true,"href":"https:\/\/homeproject.fr\/fr\/wp-json\/wp\/v2\/product_tag?post=15972"}],"curies":[{"name":"wp","href":"https:\/\/api.w.org\/{rel}","templated":true}]}}