{"id":15957,"date":"2026-03-04T12:17:04","date_gmt":"2026-03-04T12:17:04","guid":{"rendered":"https:\/\/homeproject.fr\/fr\/?post_type=product&#038;p=15957"},"modified":"2026-03-09T09:38:49","modified_gmt":"2026-03-09T09:38:49","slug":"lot-de-2-chaises-en-teck-massif-et-tissu-bouclette-blanche-alcudia","status":"publish","type":"product","link":"https:\/\/homeproject.fr\/fr\/produit\/lot-de-2-chaises-en-teck-massif-et-tissu-bouclette-blanche-alcudia\/","title":{"rendered":"Lot de 2 chaises en teck massif et tissu bouclette blanche PALMA"},"content":{"rendered":"<div class=\"flex-1 overflow-hidden @container\/thread\">\n<div class=\"h-full\">\n<div class=\"react-scroll-to-bottom--css-avwfw-79elbk h-full\">\n<div class=\"react-scroll-to-bottom--css-avwfw-1n7m0yu\">\n<div class=\"flex flex-col text-sm md:pb-9\">\n<article class=\"w-full scroll-mb-[var(--thread-trailing-height,150px)] text-token-text-primary focus-visible:outline-2 focus-visible:outline-offset-[-4px]\" dir=\"auto\" data-testid=\"conversation-turn-13\" data-scroll-anchor=\"true\">\n<div class=\"m-auto text-base py-[18px] px-3 md:px-4 w-full md:px-5 lg:px-4 xl:px-5\">\n<div class=\"mx-auto flex flex-1 gap-4 text-base md:gap-5 lg:gap-6 md:max-w-3xl lg:max-w-[40rem] xl:max-w-[48rem]\">\n<div class=\"group\/conversation-turn relative flex w-full min-w-0 flex-col agent-turn\">\n<div class=\"flex-col gap-1 md:gap-3\">\n<div class=\"flex max-w-full flex-col flex-grow\">\n<div class=\"min-h-8 text-message flex w-full flex-col items-end gap-2 whitespace-normal break-words text-start [.text-message+&amp;]:mt-5\" dir=\"auto\" data-message-author-role=\"assistant\" data-message-id=\"dc5cab26-9697-46d2-b6fe-c8745ded277b\" data-message-model-slug=\"gpt-4o\">\n<div class=\"flex w-full flex-col gap-1 empty:hidden first:pt-[3px]\">\n<div class=\"markdown prose w-full break-words dark:prose-invert light\">\n<p data-start=\"1031\" data-end=\"1301\">Gr\u00e2ce \u00e0 la robustesse du <strong data-start=\"1056\" data-end=\"1071\">teck massif<\/strong>, reconnu pour sa durabilit\u00e9 et sa r\u00e9sistance dans le temps, cette chaise constitue un mobilier \u00e0 la fois esth\u00e9tique et durable. Son assise d\u00e9montable permet \u00e9galement un entretien plus facile et une grande praticit\u00e9 au quotidien.<\/p>\n<p data-start=\"1303\" data-end=\"1494\">Associ\u00e9e \u00e0 une <strong data-start=\"1318\" data-end=\"1388\">table de repas en bois massif, en travertin ou en pierre naturelle<\/strong>, la chaise Palma cr\u00e9e une atmosph\u00e8re \u00e9l\u00e9gante et chaleureuse, id\u00e9ale pour les int\u00e9rieurs contemporains.<\/p>\n<hr data-start=\"1496\" data-end=\"1499\" \/>\n<h2 data-start=\"1501\" data-end=\"1540\">Pourquoi choisir la chaise Palma ?<\/h2>\n<ul data-start=\"1542\" data-end=\"1897\">\n<li data-start=\"1542\" data-end=\"1580\">\n<p data-start=\"1544\" data-end=\"1580\">Structure en <strong data-start=\"1557\" data-end=\"1580\">teck massif naturel<\/strong><\/p>\n<\/li>\n<li data-start=\"1581\" data-end=\"1630\">\n<p data-start=\"1583\" data-end=\"1630\">Assise confortable en <strong data-start=\"1605\" data-end=\"1630\">tissu bouclette blanc<\/strong><\/p>\n<\/li>\n<li data-start=\"1631\" data-end=\"1691\">\n<p data-start=\"1633\" data-end=\"1691\">Design contemporain aux <strong data-start=\"1657\" data-end=\"1691\">lignes sculpt\u00e9es et organiques<\/strong><\/p>\n<\/li>\n<li data-start=\"1692\" data-end=\"1769\">\n<p data-start=\"1694\" data-end=\"1769\">Style id\u00e9al pour <strong data-start=\"1711\" data-end=\"1769\">int\u00e9rieurs minimalistes, scandinaves ou m\u00e9diterran\u00e9ens<\/strong><\/p>\n<\/li>\n<li data-start=\"1770\" data-end=\"1799\">\n<p data-start=\"1772\" data-end=\"1799\">Mobilier robuste et durable<\/p>\n<\/li>\n<li data-start=\"1847\" data-end=\"1897\">\n<p data-start=\"1849\" data-end=\"1897\">Pi\u00e8ce \u00e9l\u00e9gante pour <strong data-start=\"1869\" data-end=\"1897\">salle \u00e0 manger ou bureau<\/strong><\/p>\n<\/li>\n<\/ul>\n<hr data-start=\"1899\" data-end=\"1902\" \/>\n<h2 data-start=\"1904\" data-end=\"1934\">Caract\u00e9ristiques techniques<\/h2>\n<ul data-start=\"1936\" data-end=\"2312\">\n<li data-start=\"1936\" data-end=\"1975\">\n<p data-start=\"1938\" data-end=\"1975\"><strong data-start=\"1938\" data-end=\"1958\">Nom du produit :<\/strong> Chaise Palma<\/p>\n<\/li>\n<li data-start=\"1976\" data-end=\"2015\">\n<p data-start=\"1978\" data-end=\"2015\"><strong data-start=\"1978\" data-end=\"1988\">Type :<\/strong> Chaise de salle \u00e0 manger<\/p>\n<\/li>\n<li data-start=\"2016\" data-end=\"2056\">\n<p data-start=\"2018\" data-end=\"2056\"><strong data-start=\"2018\" data-end=\"2042\">Mat\u00e9riau structure :<\/strong> Teck massif<\/p>\n<\/li>\n<li data-start=\"2057\" data-end=\"2104\">\n<p data-start=\"2059\" data-end=\"2104\"><strong data-start=\"2059\" data-end=\"2082\">Rev\u00eatement assise :<\/strong> Polyester bouclette<\/p>\n<\/li>\n<li data-start=\"2105\" data-end=\"2145\">\n<p data-start=\"2107\" data-end=\"2145\"><strong data-start=\"2107\" data-end=\"2130\">Couleur structure :<\/strong> Bois naturel<\/p>\n<\/li>\n<li data-start=\"2146\" data-end=\"2176\">\n<p data-start=\"2148\" data-end=\"2176\"><strong data-start=\"2148\" data-end=\"2168\">Couleur assise :<\/strong> Blanc<\/p>\n<\/li>\n<li data-start=\"2177\" data-end=\"2200\">\n<p data-start=\"2179\" data-end=\"2200\"><strong data-start=\"2179\" data-end=\"2192\">Largeur :<\/strong> 61 cm<\/p>\n<\/li>\n<li data-start=\"2201\" data-end=\"2227\">\n<p data-start=\"2203\" data-end=\"2227\"><strong data-start=\"2203\" data-end=\"2219\">Profondeur :<\/strong> 57 cm<\/p>\n<\/li>\n<li data-start=\"2228\" data-end=\"2251\">\n<p data-start=\"2230\" data-end=\"2251\"><strong data-start=\"2230\" data-end=\"2243\">Hauteur :<\/strong> 77 cm<\/p>\n<\/li>\n<li data-start=\"2252\" data-end=\"2280\">\n<p data-start=\"2254\" data-end=\"2280\"><strong data-start=\"2254\" data-end=\"2269\">Poids net :<\/strong> 9 kg<\/p>\n<\/li>\n<\/ul>\n<h4><strong style=\"font-family: inherit; font-size: 30px;\">Vous avez des questions ?<\/strong><\/h4>\n<\/div>\n<\/div>\n<\/div>\n<\/div>\n<\/div>\n<\/div>\n<\/div>\n<\/div>\n<\/article>\n<\/div>\n<\/div>\n<\/div>\n<\/div>\n<\/div>\n<style id=\"wpforms-css-vars-3675\">\n\t\t\t\t#wpforms-3675 {\n\t\t\t\t\n\t\t\t}\n\t\t\t<\/style><div class=\"wpforms-container wpforms-container-full wpforms-render-modern\" id=\"wpforms-3675\"><form id=\"wpforms-form-3675\" class=\"wpforms-validate wpforms-form wpforms-ajax-form\" data-formid=\"3675\" method=\"post\" enctype=\"multipart\/form-data\" action=\"\/fr\/wp-json\/wp\/v2\/product\/15957\" data-token=\"afc9de651a65a54d0ab77295ba63d8ad\" data-token-time=\"1776576928\"><noscript class=\"wpforms-error-noscript\">Veuillez activer JavaScript dans votre navigateur pour remplir ce formulaire.<\/noscript><div id=\"wpforms-error-noscript\" style=\"display: none;\">Veuillez activer JavaScript dans votre navigateur pour remplir ce formulaire.<\/div><div class=\"wpforms-field-container\"><div id=\"wpforms-3675-field_3-container\" class=\"wpforms-field wpforms-field-name\" data-field-id=\"3\"><fieldset><legend class=\"wpforms-field-label\">Nom <span class=\"wpforms-required-label\" aria-hidden=\"true\">*<\/span><\/legend><div class=\"wpforms-field-row wpforms-field-medium\"><div class=\"wpforms-field-row-block wpforms-first wpforms-one-half\"><input type=\"text\" id=\"wpforms-3675-field_3\" class=\"wpforms-field-name-first wpforms-field-required\" name=\"wpforms[fields][3][first]\" aria-errormessage=\"wpforms-3675-field_3-error\" required><label for=\"wpforms-3675-field_3\" class=\"wpforms-field-sublabel after\">Pr\u00e9nom<\/label><\/div><div class=\"wpforms-field-row-block wpforms-one-half\"><input type=\"text\" id=\"wpforms-3675-field_3-last\" class=\"wpforms-field-name-last wpforms-field-required\" name=\"wpforms[fields][3][last]\" aria-errormessage=\"wpforms-3675-field_3-last-error\" required><label for=\"wpforms-3675-field_3-last\" class=\"wpforms-field-sublabel after\">Nom<\/label><\/div><\/div><\/fieldset><\/div><div id=\"wpforms-3675-field_4-container\" class=\"wpforms-field wpforms-field-email\" data-field-id=\"4\"><label class=\"wpforms-field-label\" for=\"wpforms-3675-field_4\">E-mail <span class=\"wpforms-required-label\" aria-hidden=\"true\">*<\/span><\/label><input type=\"email\" id=\"wpforms-3675-field_4\" class=\"wpforms-field-medium wpforms-field-required\" name=\"wpforms[fields][4]\" spellcheck=\"false\" aria-errormessage=\"wpforms-3675-field_4-error\" required><\/div>\t\t<div id=\"wpforms-3675-field_1-container\"\n\t\t\tclass=\"wpforms-field wpforms-field-text\"\n\t\t\tdata-field-type=\"text\"\n\t\t\tdata-field-id=\"1\"\n\t\t\t>\n\t\t\t<label class=\"wpforms-field-label\" for=\"wpforms-3675-field_1\" >Nom E-mail Message<\/label>\n\t\t\t<input type=\"text\" id=\"wpforms-3675-field_1\" class=\"wpforms-field-medium\" name=\"wpforms[fields][1]\" >\n\t\t<\/div>\n\t\t<div id=\"wpforms-3675-field_5-container\" class=\"wpforms-field wpforms-field-textarea\" data-field-id=\"5\"><label class=\"wpforms-field-label\" for=\"wpforms-3675-field_5\">Message <span class=\"wpforms-required-label\" aria-hidden=\"true\">*<\/span><\/label><textarea id=\"wpforms-3675-field_5\" class=\"wpforms-field-medium wpforms-field-required\" name=\"wpforms[fields][5]\" aria-errormessage=\"wpforms-3675-field_5-error\" required><\/textarea><\/div><script>\n\t\t\t\t( function() {\n\t\t\t\t\tconst style = document.createElement( 'style' );\n\t\t\t\t\tstyle.appendChild( document.createTextNode( '#wpforms-3675-field_1-container { position: absolute !important; overflow: hidden !important; display: inline !important; height: 1px !important; width: 1px !important; z-index: -1000 !important; padding: 0 !important; } #wpforms-3675-field_1-container input { visibility: hidden; } #wpforms-conversational-form-page #wpforms-3675-field_1-container label { counter-increment: none; }' ) );\n\t\t\t\t\tdocument.head.appendChild( style );\n\t\t\t\t\tdocument.currentScript?.remove();\n\t\t\t\t} )();\n\t\t\t<\/script><\/div><!-- .wpforms-field-container --><div class=\"wpforms-submit-container\" ><input type=\"hidden\" name=\"wpforms[id]\" value=\"3675\"><input type=\"hidden\" name=\"page_title\" value=\"\"><input type=\"hidden\" name=\"page_url\" value=\"https:\/\/homeproject.fr\/fr\/wp-json\/wp\/v2\/product\/15957\"><input type=\"hidden\" name=\"url_referer\" value=\"\"><button type=\"submit\" name=\"wpforms[submit]\" id=\"wpforms-submit-3675\" class=\"wpforms-submit\" data-alt-text=\"Envoi...\" data-submit-text=\"Envoyer\" aria-live=\"assertive\" value=\"wpforms-submit\">Envoyer<\/button><img decoding=\"async\" src=\"https:\/\/homeproject.fr\/fr\/wp-content\/plugins\/wpforms-lite\/assets\/images\/submit-spin.svg\" class=\"wpforms-submit-spinner\" style=\"display: none;\" width=\"26\" height=\"26\" alt=\"Chargement en cours\"><\/div><\/form><\/div>  <!-- .wpforms-container -->\n","protected":false},"excerpt":{"rendered":"<p data-start=\"99\" data-end=\"473\">La <strong data-start=\"102\" data-end=\"162\">chaise Palma en teck massif et tissu bouclette blanche<\/strong> incarne l\u2019\u00e9quilibre parfait entre <strong data-start=\"197\" data-end=\"268\">design contemporain, confort et authenticit\u00e9 des mat\u00e9riaux naturels<\/strong>. Avec sa structure sculpt\u00e9e dans un <strong data-start=\"305\" data-end=\"329\">bois de teck naturel<\/strong> et son <strong data-start=\"337\" data-end=\"383\">assise rembourr\u00e9e en tissu bouclette blanc<\/strong>, cette chaise apporte une touche \u00e0 la fois chaleureuse et sophistiqu\u00e9e \u00e0 votre int\u00e9rieur.<\/p>\n<p data-start=\"475\" data-end=\"803\">Son dossier enveloppant aux lignes organiques met en valeur la beaut\u00e9 du teck, dont les veines naturelles et les nuances uniques font de chaque pi\u00e8ce un mobilier authentique. L\u2019assise g\u00e9n\u00e9reusement rembourr\u00e9e en <strong data-start=\"687\" data-end=\"722\">tissu bouclette polyester blanc<\/strong> offre un confort optimal et cr\u00e9e un contraste \u00e9l\u00e9gant avec la structure en bois.<\/p>\n<p data-start=\"805\" data-end=\"1029\">Inspir\u00e9e du <strong data-start=\"817\" data-end=\"856\">design minimaliste et m\u00e9diterran\u00e9en<\/strong>, la chaise Alcudia s\u2019int\u00e8gre parfaitement dans une <strong data-start=\"908\" data-end=\"1028\">salle \u00e0 manger contemporaine, un int\u00e9rieur scandinave, une maison de vacances ou un espace au style naturel et \u00e9pur\u00e9<\/strong>.<\/p>\n","protected":false},"featured_media":15959,"template":"","meta":{"_uf_show_specific_survey":0,"_uf_disable_surveys":false,"iawp_total_views":2},"product_brand":[],"product_cat":[147],"product_tag":[],"class_list":{"0":"post-15957","1":"product","2":"type-product","3":"status-publish","4":"has-post-thumbnail","6":"product_cat-chaises","7":"product_shipping_class-gros-colis-messagerie","8":"pa_materiau-bois","9":"pa_materiau-tissu","11":"first","12":"instock","13":"sale","14":"taxable","15":"shipping-taxable","16":"purchasable","17":"product-type-simple"},"yoast_head":"<!-- This site is optimized with the Yoast SEO plugin v27.4 - https:\/\/yoast.com\/product\/yoast-seo-wordpress\/ -->\n<title>Lot de 2 chaises en teck massif et tissu bouclette blanche PALMA - Homeproject.fr<\/title>\n<meta name=\"robots\" content=\"index, follow, max-snippet:-1, max-image-preview:large, max-video-preview:-1\" \/>\n<link rel=\"canonical\" href=\"https:\/\/homeproject.fr\/fr\/produit\/lot-de-2-chaises-en-teck-massif-et-tissu-bouclette-blanche-alcudia\/\" \/>\n<meta property=\"og:locale\" content=\"fr_FR\" \/>\n<meta property=\"og:type\" content=\"article\" \/>\n<meta property=\"og:title\" content=\"Lot de 2 chaises en teck massif et tissu bouclette blanche PALMA - Homeproject.fr\" \/>\n<meta property=\"og:description\" content=\"La chaise Palma en teck massif et tissu bouclette blanche incarne l\u2019\u00e9quilibre parfait entre design contemporain, confort et authenticit\u00e9 des mat\u00e9riaux naturels. Avec sa structure sculpt\u00e9e dans un bois de teck naturel et son assise rembourr\u00e9e en tissu bouclette blanc, cette chaise apporte une touche \u00e0 la fois chaleureuse et sophistiqu\u00e9e \u00e0 votre int\u00e9rieur. Son dossier enveloppant aux lignes organiques met en valeur la beaut\u00e9 du teck, dont les veines naturelles et les nuances uniques font de chaque pi\u00e8ce un mobilier authentique. L\u2019assise g\u00e9n\u00e9reusement rembourr\u00e9e en tissu bouclette polyester blanc offre un confort optimal et cr\u00e9e un contraste \u00e9l\u00e9gant avec la structure en bois. Inspir\u00e9e du design minimaliste et m\u00e9diterran\u00e9en, la chaise Alcudia s\u2019int\u00e8gre parfaitement dans une salle \u00e0 manger contemporaine, un int\u00e9rieur scandinave, une maison de vacances ou un espace au style naturel et \u00e9pur\u00e9.\" \/>\n<meta property=\"og:url\" content=\"https:\/\/homeproject.fr\/fr\/produit\/lot-de-2-chaises-en-teck-massif-et-tissu-bouclette-blanche-alcudia\/\" \/>\n<meta property=\"og:site_name\" content=\"Homeproject.fr\" \/>\n<meta property=\"article:modified_time\" content=\"2026-03-09T09:38:49+00:00\" \/>\n<meta property=\"og:image\" content=\"https:\/\/homeproject.fr\/fr\/wp-content\/uploads\/2026\/03\/Chaise-contemporaine-en-bois-massif-naturel-de-teck-et-coussin-en-tissu-blanc-Alcudia-1.jpg\" \/>\n\t<meta property=\"og:image:width\" content=\"1500\" \/>\n\t<meta property=\"og:image:height\" content=\"1500\" \/>\n\t<meta property=\"og:image:type\" content=\"image\/jpeg\" \/>\n<meta name=\"twitter:card\" content=\"summary_large_image\" \/>\n<meta name=\"twitter:label1\" content=\"Dur\u00e9e de lecture estim\u00e9e\" \/>\n\t<meta name=\"twitter:data1\" content=\"2 minutes\" \/>\n<script type=\"application\/ld+json\" class=\"yoast-schema-graph\">{\"@context\":\"https:\\\/\\\/schema.org\",\"@graph\":[{\"@type\":\"WebPage\",\"@id\":\"https:\\\/\\\/homeproject.fr\\\/fr\\\/produit\\\/lot-de-2-chaises-en-teck-massif-et-tissu-bouclette-blanche-alcudia\\\/\",\"url\":\"https:\\\/\\\/homeproject.fr\\\/fr\\\/produit\\\/lot-de-2-chaises-en-teck-massif-et-tissu-bouclette-blanche-alcudia\\\/\",\"name\":\"Lot de 2 chaises en teck massif et tissu bouclette blanche PALMA - Homeproject.fr\",\"isPartOf\":{\"@id\":\"https:\\\/\\\/homeproject.fr\\\/fr\\\/#website\"},\"primaryImageOfPage\":{\"@id\":\"https:\\\/\\\/homeproject.fr\\\/fr\\\/produit\\\/lot-de-2-chaises-en-teck-massif-et-tissu-bouclette-blanche-alcudia\\\/#primaryimage\"},\"image\":{\"@id\":\"https:\\\/\\\/homeproject.fr\\\/fr\\\/produit\\\/lot-de-2-chaises-en-teck-massif-et-tissu-bouclette-blanche-alcudia\\\/#primaryimage\"},\"thumbnailUrl\":\"https:\\\/\\\/homeproject.fr\\\/fr\\\/wp-content\\\/uploads\\\/2026\\\/03\\\/Chaise-contemporaine-en-bois-massif-naturel-de-teck-et-coussin-en-tissu-blanc-Alcudia-1.jpg\",\"datePublished\":\"2026-03-04T12:17:04+00:00\",\"dateModified\":\"2026-03-09T09:38:49+00:00\",\"breadcrumb\":{\"@id\":\"https:\\\/\\\/homeproject.fr\\\/fr\\\/produit\\\/lot-de-2-chaises-en-teck-massif-et-tissu-bouclette-blanche-alcudia\\\/#breadcrumb\"},\"inLanguage\":\"fr-FR\",\"potentialAction\":[{\"@type\":\"ReadAction\",\"target\":[\"https:\\\/\\\/homeproject.fr\\\/fr\\\/produit\\\/lot-de-2-chaises-en-teck-massif-et-tissu-bouclette-blanche-alcudia\\\/\"]}]},{\"@type\":\"ImageObject\",\"inLanguage\":\"fr-FR\",\"@id\":\"https:\\\/\\\/homeproject.fr\\\/fr\\\/produit\\\/lot-de-2-chaises-en-teck-massif-et-tissu-bouclette-blanche-alcudia\\\/#primaryimage\",\"url\":\"https:\\\/\\\/homeproject.fr\\\/fr\\\/wp-content\\\/uploads\\\/2026\\\/03\\\/Chaise-contemporaine-en-bois-massif-naturel-de-teck-et-coussin-en-tissu-blanc-Alcudia-1.jpg\",\"contentUrl\":\"https:\\\/\\\/homeproject.fr\\\/fr\\\/wp-content\\\/uploads\\\/2026\\\/03\\\/Chaise-contemporaine-en-bois-massif-naturel-de-teck-et-coussin-en-tissu-blanc-Alcudia-1.jpg\",\"width\":1500,\"height\":1500},{\"@type\":\"BreadcrumbList\",\"@id\":\"https:\\\/\\\/homeproject.fr\\\/fr\\\/produit\\\/lot-de-2-chaises-en-teck-massif-et-tissu-bouclette-blanche-alcudia\\\/#breadcrumb\",\"itemListElement\":[{\"@type\":\"ListItem\",\"position\":1,\"name\":\"Accueil\",\"item\":\"https:\\\/\\\/homeproject.fr\\\/fr\\\/\"},{\"@type\":\"ListItem\",\"position\":2,\"name\":\"Boutique\",\"item\":\"https:\\\/\\\/homeproject.fr\\\/fr\\\/boutique\\\/\"},{\"@type\":\"ListItem\",\"position\":3,\"name\":\"Lot de 2 chaises en teck massif et tissu bouclette blanche PALMA\"}]},{\"@type\":\"WebSite\",\"@id\":\"https:\\\/\\\/homeproject.fr\\\/fr\\\/#website\",\"url\":\"https:\\\/\\\/homeproject.fr\\\/fr\\\/\",\"name\":\"Homeproject.fr\",\"description\":\"Offrez l&#039;exceptionnel \u00e0 vos espaces \u00e0 vivre\",\"publisher\":{\"@id\":\"https:\\\/\\\/homeproject.fr\\\/fr\\\/#organization\"},\"potentialAction\":[{\"@type\":\"SearchAction\",\"target\":{\"@type\":\"EntryPoint\",\"urlTemplate\":\"https:\\\/\\\/homeproject.fr\\\/fr\\\/?s={search_term_string}\"},\"query-input\":{\"@type\":\"PropertyValueSpecification\",\"valueRequired\":true,\"valueName\":\"search_term_string\"}}],\"inLanguage\":\"fr-FR\"},{\"@type\":\"Organization\",\"@id\":\"https:\\\/\\\/homeproject.fr\\\/fr\\\/#organization\",\"name\":\"Homeproject.fr\",\"url\":\"https:\\\/\\\/homeproject.fr\\\/fr\\\/\",\"logo\":{\"@type\":\"ImageObject\",\"inLanguage\":\"fr-FR\",\"@id\":\"https:\\\/\\\/homeproject.fr\\\/fr\\\/#\\\/schema\\\/logo\\\/image\\\/\",\"url\":\"https:\\\/\\\/homeproject.fr\\\/fr\\\/wp-content\\\/uploads\\\/2024\\\/12\\\/Logo_HomeProject-noir-2.png\",\"contentUrl\":\"https:\\\/\\\/homeproject.fr\\\/fr\\\/wp-content\\\/uploads\\\/2024\\\/12\\\/Logo_HomeProject-noir-2.png\",\"width\":300,\"height\":91,\"caption\":\"Homeproject.fr\"},\"image\":{\"@id\":\"https:\\\/\\\/homeproject.fr\\\/fr\\\/#\\\/schema\\\/logo\\\/image\\\/\"}}]}<\/script>\n<!-- \/ Yoast SEO plugin. -->","yoast_head_json":{"title":"Lot de 2 chaises en teck massif et tissu bouclette blanche PALMA - Homeproject.fr","robots":{"index":"index","follow":"follow","max-snippet":"max-snippet:-1","max-image-preview":"max-image-preview:large","max-video-preview":"max-video-preview:-1"},"canonical":"https:\/\/homeproject.fr\/fr\/produit\/lot-de-2-chaises-en-teck-massif-et-tissu-bouclette-blanche-alcudia\/","og_locale":"fr_FR","og_type":"article","og_title":"Lot de 2 chaises en teck massif et tissu bouclette blanche PALMA - Homeproject.fr","og_description":"La chaise Palma en teck massif et tissu bouclette blanche incarne l\u2019\u00e9quilibre parfait entre design contemporain, confort et authenticit\u00e9 des mat\u00e9riaux naturels. Avec sa structure sculpt\u00e9e dans un bois de teck naturel et son assise rembourr\u00e9e en tissu bouclette blanc, cette chaise apporte une touche \u00e0 la fois chaleureuse et sophistiqu\u00e9e \u00e0 votre int\u00e9rieur. Son dossier enveloppant aux lignes organiques met en valeur la beaut\u00e9 du teck, dont les veines naturelles et les nuances uniques font de chaque pi\u00e8ce un mobilier authentique. L\u2019assise g\u00e9n\u00e9reusement rembourr\u00e9e en tissu bouclette polyester blanc offre un confort optimal et cr\u00e9e un contraste \u00e9l\u00e9gant avec la structure en bois. Inspir\u00e9e du design minimaliste et m\u00e9diterran\u00e9en, la chaise Alcudia s\u2019int\u00e8gre parfaitement dans une salle \u00e0 manger contemporaine, un int\u00e9rieur scandinave, une maison de vacances ou un espace au style naturel et \u00e9pur\u00e9.","og_url":"https:\/\/homeproject.fr\/fr\/produit\/lot-de-2-chaises-en-teck-massif-et-tissu-bouclette-blanche-alcudia\/","og_site_name":"Homeproject.fr","article_modified_time":"2026-03-09T09:38:49+00:00","og_image":[{"width":1500,"height":1500,"url":"https:\/\/homeproject.fr\/fr\/wp-content\/uploads\/2026\/03\/Chaise-contemporaine-en-bois-massif-naturel-de-teck-et-coussin-en-tissu-blanc-Alcudia-1.jpg","type":"image\/jpeg"}],"twitter_card":"summary_large_image","twitter_misc":{"Dur\u00e9e de lecture estim\u00e9e":"2 minutes"},"schema":{"@context":"https:\/\/schema.org","@graph":[{"@type":"WebPage","@id":"https:\/\/homeproject.fr\/fr\/produit\/lot-de-2-chaises-en-teck-massif-et-tissu-bouclette-blanche-alcudia\/","url":"https:\/\/homeproject.fr\/fr\/produit\/lot-de-2-chaises-en-teck-massif-et-tissu-bouclette-blanche-alcudia\/","name":"Lot de 2 chaises en teck massif et tissu bouclette blanche PALMA - Homeproject.fr","isPartOf":{"@id":"https:\/\/homeproject.fr\/fr\/#website"},"primaryImageOfPage":{"@id":"https:\/\/homeproject.fr\/fr\/produit\/lot-de-2-chaises-en-teck-massif-et-tissu-bouclette-blanche-alcudia\/#primaryimage"},"image":{"@id":"https:\/\/homeproject.fr\/fr\/produit\/lot-de-2-chaises-en-teck-massif-et-tissu-bouclette-blanche-alcudia\/#primaryimage"},"thumbnailUrl":"https:\/\/homeproject.fr\/fr\/wp-content\/uploads\/2026\/03\/Chaise-contemporaine-en-bois-massif-naturel-de-teck-et-coussin-en-tissu-blanc-Alcudia-1.jpg","datePublished":"2026-03-04T12:17:04+00:00","dateModified":"2026-03-09T09:38:49+00:00","breadcrumb":{"@id":"https:\/\/homeproject.fr\/fr\/produit\/lot-de-2-chaises-en-teck-massif-et-tissu-bouclette-blanche-alcudia\/#breadcrumb"},"inLanguage":"fr-FR","potentialAction":[{"@type":"ReadAction","target":["https:\/\/homeproject.fr\/fr\/produit\/lot-de-2-chaises-en-teck-massif-et-tissu-bouclette-blanche-alcudia\/"]}]},{"@type":"ImageObject","inLanguage":"fr-FR","@id":"https:\/\/homeproject.fr\/fr\/produit\/lot-de-2-chaises-en-teck-massif-et-tissu-bouclette-blanche-alcudia\/#primaryimage","url":"https:\/\/homeproject.fr\/fr\/wp-content\/uploads\/2026\/03\/Chaise-contemporaine-en-bois-massif-naturel-de-teck-et-coussin-en-tissu-blanc-Alcudia-1.jpg","contentUrl":"https:\/\/homeproject.fr\/fr\/wp-content\/uploads\/2026\/03\/Chaise-contemporaine-en-bois-massif-naturel-de-teck-et-coussin-en-tissu-blanc-Alcudia-1.jpg","width":1500,"height":1500},{"@type":"BreadcrumbList","@id":"https:\/\/homeproject.fr\/fr\/produit\/lot-de-2-chaises-en-teck-massif-et-tissu-bouclette-blanche-alcudia\/#breadcrumb","itemListElement":[{"@type":"ListItem","position":1,"name":"Accueil","item":"https:\/\/homeproject.fr\/fr\/"},{"@type":"ListItem","position":2,"name":"Boutique","item":"https:\/\/homeproject.fr\/fr\/boutique\/"},{"@type":"ListItem","position":3,"name":"Lot de 2 chaises en teck massif et tissu bouclette blanche PALMA"}]},{"@type":"WebSite","@id":"https:\/\/homeproject.fr\/fr\/#website","url":"https:\/\/homeproject.fr\/fr\/","name":"Homeproject.fr","description":"Offrez l&#039;exceptionnel \u00e0 vos espaces \u00e0 vivre","publisher":{"@id":"https:\/\/homeproject.fr\/fr\/#organization"},"potentialAction":[{"@type":"SearchAction","target":{"@type":"EntryPoint","urlTemplate":"https:\/\/homeproject.fr\/fr\/?s={search_term_string}"},"query-input":{"@type":"PropertyValueSpecification","valueRequired":true,"valueName":"search_term_string"}}],"inLanguage":"fr-FR"},{"@type":"Organization","@id":"https:\/\/homeproject.fr\/fr\/#organization","name":"Homeproject.fr","url":"https:\/\/homeproject.fr\/fr\/","logo":{"@type":"ImageObject","inLanguage":"fr-FR","@id":"https:\/\/homeproject.fr\/fr\/#\/schema\/logo\/image\/","url":"https:\/\/homeproject.fr\/fr\/wp-content\/uploads\/2024\/12\/Logo_HomeProject-noir-2.png","contentUrl":"https:\/\/homeproject.fr\/fr\/wp-content\/uploads\/2024\/12\/Logo_HomeProject-noir-2.png","width":300,"height":91,"caption":"Homeproject.fr"},"image":{"@id":"https:\/\/homeproject.fr\/fr\/#\/schema\/logo\/image\/"}}]}},"_links":{"self":[{"href":"https:\/\/homeproject.fr\/fr\/wp-json\/wp\/v2\/product\/15957","targetHints":{"allow":["GET"]}}],"collection":[{"href":"https:\/\/homeproject.fr\/fr\/wp-json\/wp\/v2\/product"}],"about":[{"href":"https:\/\/homeproject.fr\/fr\/wp-json\/wp\/v2\/types\/product"}],"version-history":[{"count":3,"href":"https:\/\/homeproject.fr\/fr\/wp-json\/wp\/v2\/product\/15957\/revisions"}],"predecessor-version":[{"id":16024,"href":"https:\/\/homeproject.fr\/fr\/wp-json\/wp\/v2\/product\/15957\/revisions\/16024"}],"wp:featuredmedia":[{"embeddable":true,"href":"https:\/\/homeproject.fr\/fr\/wp-json\/wp\/v2\/media\/15959"}],"wp:attachment":[{"href":"https:\/\/homeproject.fr\/fr\/wp-json\/wp\/v2\/media?parent=15957"}],"wp:term":[{"taxonomy":"product_brand","embeddable":true,"href":"https:\/\/homeproject.fr\/fr\/wp-json\/wp\/v2\/product_brand?post=15957"},{"taxonomy":"product_cat","embeddable":true,"href":"https:\/\/homeproject.fr\/fr\/wp-json\/wp\/v2\/product_cat?post=15957"},{"taxonomy":"product_tag","embeddable":true,"href":"https:\/\/homeproject.fr\/fr\/wp-json\/wp\/v2\/product_tag?post=15957"}],"curies":[{"name":"wp","href":"https:\/\/api.w.org\/{rel}","templated":true}]}}