{"id":15946,"date":"2026-03-04T11:29:07","date_gmt":"2026-03-04T11:29:07","guid":{"rendered":"https:\/\/homeproject.fr\/fr\/?post_type=product&#038;p=15946"},"modified":"2026-03-07T17:18:10","modified_gmt":"2026-03-07T17:18:10","slug":"lot-de-4-chaises-en-teck-massif-esporles","status":"publish","type":"product","link":"https:\/\/homeproject.fr\/fr\/produit\/lot-de-4-chaises-en-teck-massif-esporles\/","title":{"rendered":"Lot de 2 chaises en teck massif ESPORLES"},"content":{"rendered":"<div class=\"flex-1 overflow-hidden @container\/thread\">\n<div class=\"h-full\">\n<div class=\"react-scroll-to-bottom--css-avwfw-79elbk h-full\">\n<div class=\"react-scroll-to-bottom--css-avwfw-1n7m0yu\">\n<div class=\"flex flex-col text-sm md:pb-9\">\n<article class=\"w-full scroll-mb-[var(--thread-trailing-height,150px)] text-token-text-primary focus-visible:outline-2 focus-visible:outline-offset-[-4px]\" dir=\"auto\" data-testid=\"conversation-turn-13\" data-scroll-anchor=\"true\">\n<div class=\"m-auto text-base py-[18px] px-3 md:px-4 w-full md:px-5 lg:px-4 xl:px-5\">\n<div class=\"mx-auto flex flex-1 gap-4 text-base md:gap-5 lg:gap-6 md:max-w-3xl lg:max-w-[40rem] xl:max-w-[48rem]\">\n<div class=\"group\/conversation-turn relative flex w-full min-w-0 flex-col agent-turn\">\n<div class=\"flex-col gap-1 md:gap-3\">\n<div class=\"flex max-w-full flex-col flex-grow\">\n<div class=\"min-h-8 text-message flex w-full flex-col items-end gap-2 whitespace-normal break-words text-start [.text-message+&amp;]:mt-5\" dir=\"auto\" data-message-author-role=\"assistant\" data-message-id=\"dc5cab26-9697-46d2-b6fe-c8745ded277b\" data-message-model-slug=\"gpt-4o\">\n<div class=\"flex w-full flex-col gap-1 empty:hidden first:pt-[3px]\">\n<div class=\"markdown prose w-full break-words dark:prose-invert light\">\n<h2 data-start=\"1467\" data-end=\"1507\">Pourquoi choisir la chaise Esporles ?<\/h2>\n<ul data-start=\"1509\" data-end=\"1797\">\n<li data-start=\"1509\" data-end=\"1555\">\n<p data-start=\"1511\" data-end=\"1555\">Design contemporain aux <strong data-start=\"1535\" data-end=\"1555\">lignes sculpt\u00e9es<\/strong><\/p>\n<\/li>\n<li data-start=\"1556\" data-end=\"1596\">\n<p data-start=\"1558\" data-end=\"1596\">Fabrication en <strong data-start=\"1573\" data-end=\"1596\">teck massif naturel<\/strong><\/p>\n<\/li>\n<li data-start=\"1597\" data-end=\"1644\">\n<p data-start=\"1599\" data-end=\"1644\">Bois noble avec <strong data-start=\"1615\" data-end=\"1644\">veines et nuances uniques<\/strong><\/p>\n<\/li>\n<li data-start=\"1645\" data-end=\"1685\">\n<p data-start=\"1647\" data-end=\"1685\">Dossier ergonomique l\u00e9g\u00e8rement incurv\u00e9<\/p>\n<\/li>\n<li data-start=\"1686\" data-end=\"1767\">\n<p data-start=\"1688\" data-end=\"1767\">Style parfait pour <strong data-start=\"1707\" data-end=\"1767\">int\u00e9rieurs minimalistes, contemporains ou m\u00e9diterran\u00e9ens<\/strong><\/p>\n<\/li>\n<li data-start=\"1768\" data-end=\"1797\">\n<p data-start=\"1770\" data-end=\"1797\">Mobilier robuste et durable<\/p>\n<\/li>\n<\/ul>\n<hr data-start=\"1799\" data-end=\"1802\" \/>\n<h2 data-start=\"1804\" data-end=\"1834\">Caract\u00e9ristiques techniques<\/h2>\n<ul data-start=\"1836\" data-end=\"2146\">\n<li data-start=\"1836\" data-end=\"1876\">\n<p data-start=\"1838\" data-end=\"1876\"><strong data-start=\"1838\" data-end=\"1858\">Nom du produit :<\/strong> Chaise Esporles<\/p>\n<\/li>\n<li data-start=\"1877\" data-end=\"1916\">\n<p data-start=\"1879\" data-end=\"1916\"><strong data-start=\"1879\" data-end=\"1889\">Type :<\/strong> Chaise de salle \u00e0 manger<\/p>\n<\/li>\n<li data-start=\"1917\" data-end=\"1947\">\n<p data-start=\"1919\" data-end=\"1947\"><strong data-start=\"1919\" data-end=\"1933\">Mat\u00e9riau :<\/strong> Teck massif<\/p>\n<\/li>\n<li data-start=\"1948\" data-end=\"1980\">\n<p data-start=\"1950\" data-end=\"1980\"><strong data-start=\"1950\" data-end=\"1963\">Couleur :<\/strong> Marron naturel<\/p>\n<\/li>\n<li data-start=\"1981\" data-end=\"2004\">\n<p data-start=\"1983\" data-end=\"2004\"><strong data-start=\"1983\" data-end=\"1996\">Largeur :<\/strong> 53 cm<\/p>\n<\/li>\n<li data-start=\"2005\" data-end=\"2031\">\n<p data-start=\"2007\" data-end=\"2031\"><strong data-start=\"2007\" data-end=\"2023\">Profondeur :<\/strong> 60 cm<\/p>\n<\/li>\n<li data-start=\"2032\" data-end=\"2055\">\n<p data-start=\"2034\" data-end=\"2055\"><strong data-start=\"2034\" data-end=\"2047\">Hauteur :<\/strong> 79 cm<\/p>\n<\/li>\n<li data-start=\"2056\" data-end=\"2084\">\n<p data-start=\"2058\" data-end=\"2084\"><strong data-start=\"2058\" data-end=\"2073\">Poids :<\/strong> 7 kg<\/p>\n<\/li>\n<li data-start=\"2085\" data-end=\"2116\">\n<p data-start=\"2087\" data-end=\"2116\"><strong data-start=\"2087\" data-end=\"2102\">Structure :<\/strong> Bois massif<\/p>\n<\/li>\n<li data-start=\"2117\" data-end=\"2146\">\n<p data-start=\"2119\" data-end=\"2146\"><strong data-start=\"2119\" data-end=\"2140\">Assise amovible :<\/strong> Non<\/p>\n<\/li>\n<\/ul>\n<h4><strong style=\"font-family: inherit; font-size: 30px;\">Vous avez des questions ?<\/strong><\/h4>\n<\/div>\n<\/div>\n<\/div>\n<\/div>\n<\/div>\n<\/div>\n<\/div>\n<\/div>\n<\/article>\n<\/div>\n<\/div>\n<\/div>\n<\/div>\n<\/div>\n<style id=\"wpforms-css-vars-3675\">\n\t\t\t\t#wpforms-3675 {\n\t\t\t\t\n\t\t\t}\n\t\t\t<\/style><div class=\"wpforms-container wpforms-container-full wpforms-render-modern\" id=\"wpforms-3675\"><form id=\"wpforms-form-3675\" class=\"wpforms-validate wpforms-form wpforms-ajax-form\" data-formid=\"3675\" method=\"post\" enctype=\"multipart\/form-data\" action=\"\/fr\/wp-json\/wp\/v2\/product\/15946\" data-token=\"afc9de651a65a54d0ab77295ba63d8ad\" data-token-time=\"1776570509\"><noscript class=\"wpforms-error-noscript\">Veuillez activer JavaScript dans votre navigateur pour remplir ce formulaire.<\/noscript><div id=\"wpforms-error-noscript\" style=\"display: none;\">Veuillez activer JavaScript dans votre navigateur pour remplir ce formulaire.<\/div><div class=\"wpforms-field-container\"><div id=\"wpforms-3675-field_3-container\" class=\"wpforms-field wpforms-field-name\" data-field-id=\"3\"><fieldset><legend class=\"wpforms-field-label\">Nom <span class=\"wpforms-required-label\" aria-hidden=\"true\">*<\/span><\/legend><div class=\"wpforms-field-row wpforms-field-medium\"><div class=\"wpforms-field-row-block wpforms-first wpforms-one-half\"><input type=\"text\" id=\"wpforms-3675-field_3\" class=\"wpforms-field-name-first wpforms-field-required\" name=\"wpforms[fields][3][first]\" aria-errormessage=\"wpforms-3675-field_3-error\" required><label for=\"wpforms-3675-field_3\" class=\"wpforms-field-sublabel after\">Pr\u00e9nom<\/label><\/div><div class=\"wpforms-field-row-block wpforms-one-half\"><input type=\"text\" id=\"wpforms-3675-field_3-last\" class=\"wpforms-field-name-last wpforms-field-required\" name=\"wpforms[fields][3][last]\" aria-errormessage=\"wpforms-3675-field_3-last-error\" required><label for=\"wpforms-3675-field_3-last\" class=\"wpforms-field-sublabel after\">Nom<\/label><\/div><\/div><\/fieldset><\/div>\t\t<div id=\"wpforms-3675-field_1-container\"\n\t\t\tclass=\"wpforms-field wpforms-field-text\"\n\t\t\tdata-field-type=\"text\"\n\t\t\tdata-field-id=\"1\"\n\t\t\t>\n\t\t\t<label class=\"wpforms-field-label\" for=\"wpforms-3675-field_1\" >Message E-mail Nom<\/label>\n\t\t\t<input type=\"text\" id=\"wpforms-3675-field_1\" class=\"wpforms-field-medium\" name=\"wpforms[fields][1]\" >\n\t\t<\/div>\n\t\t<div id=\"wpforms-3675-field_4-container\" class=\"wpforms-field wpforms-field-email\" data-field-id=\"4\"><label class=\"wpforms-field-label\" for=\"wpforms-3675-field_4\">E-mail <span class=\"wpforms-required-label\" aria-hidden=\"true\">*<\/span><\/label><input type=\"email\" id=\"wpforms-3675-field_4\" class=\"wpforms-field-medium wpforms-field-required\" name=\"wpforms[fields][4]\" spellcheck=\"false\" aria-errormessage=\"wpforms-3675-field_4-error\" required><\/div><div id=\"wpforms-3675-field_5-container\" class=\"wpforms-field wpforms-field-textarea\" data-field-id=\"5\"><label class=\"wpforms-field-label\" for=\"wpforms-3675-field_5\">Message <span class=\"wpforms-required-label\" aria-hidden=\"true\">*<\/span><\/label><textarea id=\"wpforms-3675-field_5\" class=\"wpforms-field-medium wpforms-field-required\" name=\"wpforms[fields][5]\" aria-errormessage=\"wpforms-3675-field_5-error\" required><\/textarea><\/div><script>\n\t\t\t\t( function() {\n\t\t\t\t\tconst style = document.createElement( 'style' );\n\t\t\t\t\tstyle.appendChild( document.createTextNode( '#wpforms-3675-field_1-container { position: absolute !important; overflow: hidden !important; display: inline !important; height: 1px !important; width: 1px !important; z-index: -1000 !important; padding: 0 !important; } #wpforms-3675-field_1-container input { visibility: hidden; } #wpforms-conversational-form-page #wpforms-3675-field_1-container label { counter-increment: none; }' ) );\n\t\t\t\t\tdocument.head.appendChild( style );\n\t\t\t\t\tdocument.currentScript?.remove();\n\t\t\t\t} )();\n\t\t\t<\/script><\/div><!-- .wpforms-field-container --><div class=\"wpforms-submit-container\" ><input type=\"hidden\" name=\"wpforms[id]\" value=\"3675\"><input type=\"hidden\" name=\"page_title\" value=\"\"><input type=\"hidden\" name=\"page_url\" value=\"https:\/\/homeproject.fr\/fr\/wp-json\/wp\/v2\/product\/15946\"><input type=\"hidden\" name=\"url_referer\" value=\"\"><button type=\"submit\" name=\"wpforms[submit]\" id=\"wpforms-submit-3675\" class=\"wpforms-submit\" data-alt-text=\"Envoi...\" data-submit-text=\"Envoyer\" aria-live=\"assertive\" value=\"wpforms-submit\">Envoyer<\/button><img decoding=\"async\" src=\"https:\/\/homeproject.fr\/fr\/wp-content\/plugins\/wpforms-lite\/assets\/images\/submit-spin.svg\" class=\"wpforms-submit-spinner\" style=\"display: none;\" width=\"26\" height=\"26\" alt=\"Chargement en cours\"><\/div><\/form><\/div>  <!-- .wpforms-container -->\n","protected":false},"excerpt":{"rendered":"<p data-start=\"183\" data-end=\"258\"><strong>\u00c9l\u00e9gance naturelle et design sculptural<\/strong><\/p>\n<p data-start=\"260\" data-end=\"580\">La <strong data-start=\"263\" data-end=\"297\">chaise Esporles en teck massif<\/strong> s\u00e9duit par son esth\u00e9tique \u00e0 la fois <strong data-start=\"334\" data-end=\"364\">minimaliste et chaleureuse<\/strong>, o\u00f9 la noblesse du bois s\u2019exprime dans des lignes sculpt\u00e9es et organiques. Con\u00e7ue dans un <strong data-start=\"455\" data-end=\"478\">teck naturel<\/strong>, cette chaise r\u00e9v\u00e8le toute la beaut\u00e9 du mat\u00e9riau avec ses veines uniques et ses nuances authentiques.<\/p>\n<p data-start=\"582\" data-end=\"918\">Son dossier enveloppant l\u00e9g\u00e8rement incurv\u00e9 et son assise g\u00e9n\u00e9reuse offrent un confort naturel tout en conservant une silhouette \u00e9pur\u00e9e. Inspir\u00e9e du design contemporain et de l\u2019artisanat du bois, la chaise Esporles s\u2019int\u00e8gre parfaitement dans une <strong data-start=\"828\" data-end=\"917\">salle \u00e0 manger moderne, un int\u00e9rieur minimaliste ou une maison au style m\u00e9diterran\u00e9en<\/strong>.<\/p>\n<p data-start=\"920\" data-end=\"1097\">Chaque d\u00e9tail met en valeur la mati\u00e8re : le dossier sculpt\u00e9 dans la masse, les pieds fusel\u00e9s et l\u2019assise aux bords arrondis cr\u00e9ent un ensemble harmonieux, robuste et intemporel.<\/p>\n<p data-start=\"1099\" data-end=\"1313\">Gr\u00e2ce \u00e0 la solidit\u00e9 du <strong data-start=\"1122\" data-end=\"1137\">teck massif<\/strong>, reconnu pour sa durabilit\u00e9 et sa r\u00e9sistance, la chaise Esporles constitue une pi\u00e8ce de mobilier durable, pens\u00e9e pour accompagner votre int\u00e9rieur pendant de nombreuses ann\u00e9es.<\/p>\n<p data-start=\"1315\" data-end=\"1460\">Id\u00e9ale autour d\u2019une <strong data-start=\"1335\" data-end=\"1388\">table de repas en bois, en pierre ou en travertin<\/strong>, elle apporte une touche chaleureuse et authentique \u00e0 votre d\u00e9coration.<\/p>\n","protected":false},"featured_media":15947,"template":"","meta":{"_uf_show_specific_survey":0,"_uf_disable_surveys":false,"iawp_total_views":5},"product_brand":[],"product_cat":[147],"product_tag":[],"class_list":{"0":"post-15946","1":"product","2":"type-product","3":"status-publish","4":"has-post-thumbnail","6":"product_cat-chaises","7":"product_shipping_class-gros-colis-messagerie","8":"pa_materiau-bois","10":"first","11":"instock","12":"taxable","13":"shipping-taxable","14":"purchasable","15":"product-type-simple"},"yoast_head":"<!-- This site is optimized with the Yoast SEO plugin v27.4 - https:\/\/yoast.com\/product\/yoast-seo-wordpress\/ -->\n<title>Lot de 2 chaises en teck massif ESPORLES - Homeproject.fr<\/title>\n<meta name=\"robots\" content=\"index, follow, max-snippet:-1, max-image-preview:large, max-video-preview:-1\" \/>\n<link rel=\"canonical\" href=\"https:\/\/homeproject.fr\/fr\/produit\/lot-de-4-chaises-en-teck-massif-esporles\/\" \/>\n<meta property=\"og:locale\" content=\"fr_FR\" \/>\n<meta property=\"og:type\" content=\"article\" \/>\n<meta property=\"og:title\" content=\"Lot de 2 chaises en teck massif ESPORLES - Homeproject.fr\" \/>\n<meta property=\"og:description\" content=\"\u00c9l\u00e9gance naturelle et design sculptural La chaise Esporles en teck massif s\u00e9duit par son esth\u00e9tique \u00e0 la fois minimaliste et chaleureuse, o\u00f9 la noblesse du bois s\u2019exprime dans des lignes sculpt\u00e9es et organiques. Con\u00e7ue dans un teck naturel, cette chaise r\u00e9v\u00e8le toute la beaut\u00e9 du mat\u00e9riau avec ses veines uniques et ses nuances authentiques. Son dossier enveloppant l\u00e9g\u00e8rement incurv\u00e9 et son assise g\u00e9n\u00e9reuse offrent un confort naturel tout en conservant une silhouette \u00e9pur\u00e9e. Inspir\u00e9e du design contemporain et de l\u2019artisanat du bois, la chaise Esporles s\u2019int\u00e8gre parfaitement dans une salle \u00e0 manger moderne, un int\u00e9rieur minimaliste ou une maison au style m\u00e9diterran\u00e9en. Chaque d\u00e9tail met en valeur la mati\u00e8re : le dossier sculpt\u00e9 dans la masse, les pieds fusel\u00e9s et l\u2019assise aux bords arrondis cr\u00e9ent un ensemble harmonieux, robuste et intemporel. Gr\u00e2ce \u00e0 la solidit\u00e9 du teck massif, reconnu pour sa durabilit\u00e9 et sa r\u00e9sistance, la chaise Esporles constitue une pi\u00e8ce de mobilier durable, pens\u00e9e pour accompagner votre int\u00e9rieur pendant de nombreuses ann\u00e9es. Id\u00e9ale autour d\u2019une table de repas en bois, en pierre ou en travertin, elle apporte une touche chaleureuse et authentique \u00e0 votre d\u00e9coration.\" \/>\n<meta property=\"og:url\" content=\"https:\/\/homeproject.fr\/fr\/produit\/lot-de-4-chaises-en-teck-massif-esporles\/\" \/>\n<meta property=\"og:site_name\" content=\"Homeproject.fr\" \/>\n<meta property=\"article:modified_time\" content=\"2026-03-07T17:18:10+00:00\" \/>\n<meta property=\"og:image\" content=\"https:\/\/homeproject.fr\/fr\/wp-content\/uploads\/2026\/03\/Chaise-contemporaine-en-bois-de-teck-massif-Esporles-5.jpg\" \/>\n\t<meta property=\"og:image:width\" content=\"1500\" \/>\n\t<meta property=\"og:image:height\" content=\"1500\" \/>\n\t<meta property=\"og:image:type\" content=\"image\/jpeg\" \/>\n<meta name=\"twitter:card\" content=\"summary_large_image\" \/>\n<meta name=\"twitter:label1\" content=\"Dur\u00e9e de lecture estim\u00e9e\" \/>\n\t<meta name=\"twitter:data1\" content=\"1 minute\" \/>\n<script type=\"application\/ld+json\" class=\"yoast-schema-graph\">{\"@context\":\"https:\\\/\\\/schema.org\",\"@graph\":[{\"@type\":\"WebPage\",\"@id\":\"https:\\\/\\\/homeproject.fr\\\/fr\\\/produit\\\/lot-de-4-chaises-en-teck-massif-esporles\\\/\",\"url\":\"https:\\\/\\\/homeproject.fr\\\/fr\\\/produit\\\/lot-de-4-chaises-en-teck-massif-esporles\\\/\",\"name\":\"Lot de 2 chaises en teck massif ESPORLES - Homeproject.fr\",\"isPartOf\":{\"@id\":\"https:\\\/\\\/homeproject.fr\\\/fr\\\/#website\"},\"primaryImageOfPage\":{\"@id\":\"https:\\\/\\\/homeproject.fr\\\/fr\\\/produit\\\/lot-de-4-chaises-en-teck-massif-esporles\\\/#primaryimage\"},\"image\":{\"@id\":\"https:\\\/\\\/homeproject.fr\\\/fr\\\/produit\\\/lot-de-4-chaises-en-teck-massif-esporles\\\/#primaryimage\"},\"thumbnailUrl\":\"https:\\\/\\\/homeproject.fr\\\/fr\\\/wp-content\\\/uploads\\\/2026\\\/03\\\/Chaise-contemporaine-en-bois-de-teck-massif-Esporles-5.jpg\",\"datePublished\":\"2026-03-04T11:29:07+00:00\",\"dateModified\":\"2026-03-07T17:18:10+00:00\",\"breadcrumb\":{\"@id\":\"https:\\\/\\\/homeproject.fr\\\/fr\\\/produit\\\/lot-de-4-chaises-en-teck-massif-esporles\\\/#breadcrumb\"},\"inLanguage\":\"fr-FR\",\"potentialAction\":[{\"@type\":\"ReadAction\",\"target\":[\"https:\\\/\\\/homeproject.fr\\\/fr\\\/produit\\\/lot-de-4-chaises-en-teck-massif-esporles\\\/\"]}]},{\"@type\":\"ImageObject\",\"inLanguage\":\"fr-FR\",\"@id\":\"https:\\\/\\\/homeproject.fr\\\/fr\\\/produit\\\/lot-de-4-chaises-en-teck-massif-esporles\\\/#primaryimage\",\"url\":\"https:\\\/\\\/homeproject.fr\\\/fr\\\/wp-content\\\/uploads\\\/2026\\\/03\\\/Chaise-contemporaine-en-bois-de-teck-massif-Esporles-5.jpg\",\"contentUrl\":\"https:\\\/\\\/homeproject.fr\\\/fr\\\/wp-content\\\/uploads\\\/2026\\\/03\\\/Chaise-contemporaine-en-bois-de-teck-massif-Esporles-5.jpg\",\"width\":1500,\"height\":1500},{\"@type\":\"BreadcrumbList\",\"@id\":\"https:\\\/\\\/homeproject.fr\\\/fr\\\/produit\\\/lot-de-4-chaises-en-teck-massif-esporles\\\/#breadcrumb\",\"itemListElement\":[{\"@type\":\"ListItem\",\"position\":1,\"name\":\"Accueil\",\"item\":\"https:\\\/\\\/homeproject.fr\\\/fr\\\/\"},{\"@type\":\"ListItem\",\"position\":2,\"name\":\"Boutique\",\"item\":\"https:\\\/\\\/homeproject.fr\\\/fr\\\/boutique\\\/\"},{\"@type\":\"ListItem\",\"position\":3,\"name\":\"Lot de 2 chaises en teck massif ESPORLES\"}]},{\"@type\":\"WebSite\",\"@id\":\"https:\\\/\\\/homeproject.fr\\\/fr\\\/#website\",\"url\":\"https:\\\/\\\/homeproject.fr\\\/fr\\\/\",\"name\":\"Homeproject.fr\",\"description\":\"Offrez l&#039;exceptionnel \u00e0 vos espaces \u00e0 vivre\",\"publisher\":{\"@id\":\"https:\\\/\\\/homeproject.fr\\\/fr\\\/#organization\"},\"potentialAction\":[{\"@type\":\"SearchAction\",\"target\":{\"@type\":\"EntryPoint\",\"urlTemplate\":\"https:\\\/\\\/homeproject.fr\\\/fr\\\/?s={search_term_string}\"},\"query-input\":{\"@type\":\"PropertyValueSpecification\",\"valueRequired\":true,\"valueName\":\"search_term_string\"}}],\"inLanguage\":\"fr-FR\"},{\"@type\":\"Organization\",\"@id\":\"https:\\\/\\\/homeproject.fr\\\/fr\\\/#organization\",\"name\":\"Homeproject.fr\",\"url\":\"https:\\\/\\\/homeproject.fr\\\/fr\\\/\",\"logo\":{\"@type\":\"ImageObject\",\"inLanguage\":\"fr-FR\",\"@id\":\"https:\\\/\\\/homeproject.fr\\\/fr\\\/#\\\/schema\\\/logo\\\/image\\\/\",\"url\":\"https:\\\/\\\/homeproject.fr\\\/fr\\\/wp-content\\\/uploads\\\/2024\\\/12\\\/Logo_HomeProject-noir-2.png\",\"contentUrl\":\"https:\\\/\\\/homeproject.fr\\\/fr\\\/wp-content\\\/uploads\\\/2024\\\/12\\\/Logo_HomeProject-noir-2.png\",\"width\":300,\"height\":91,\"caption\":\"Homeproject.fr\"},\"image\":{\"@id\":\"https:\\\/\\\/homeproject.fr\\\/fr\\\/#\\\/schema\\\/logo\\\/image\\\/\"}}]}<\/script>\n<!-- \/ Yoast SEO plugin. -->","yoast_head_json":{"title":"Lot de 2 chaises en teck massif ESPORLES - Homeproject.fr","robots":{"index":"index","follow":"follow","max-snippet":"max-snippet:-1","max-image-preview":"max-image-preview:large","max-video-preview":"max-video-preview:-1"},"canonical":"https:\/\/homeproject.fr\/fr\/produit\/lot-de-4-chaises-en-teck-massif-esporles\/","og_locale":"fr_FR","og_type":"article","og_title":"Lot de 2 chaises en teck massif ESPORLES - Homeproject.fr","og_description":"\u00c9l\u00e9gance naturelle et design sculptural La chaise Esporles en teck massif s\u00e9duit par son esth\u00e9tique \u00e0 la fois minimaliste et chaleureuse, o\u00f9 la noblesse du bois s\u2019exprime dans des lignes sculpt\u00e9es et organiques. Con\u00e7ue dans un teck naturel, cette chaise r\u00e9v\u00e8le toute la beaut\u00e9 du mat\u00e9riau avec ses veines uniques et ses nuances authentiques. Son dossier enveloppant l\u00e9g\u00e8rement incurv\u00e9 et son assise g\u00e9n\u00e9reuse offrent un confort naturel tout en conservant une silhouette \u00e9pur\u00e9e. Inspir\u00e9e du design contemporain et de l\u2019artisanat du bois, la chaise Esporles s\u2019int\u00e8gre parfaitement dans une salle \u00e0 manger moderne, un int\u00e9rieur minimaliste ou une maison au style m\u00e9diterran\u00e9en. Chaque d\u00e9tail met en valeur la mati\u00e8re : le dossier sculpt\u00e9 dans la masse, les pieds fusel\u00e9s et l\u2019assise aux bords arrondis cr\u00e9ent un ensemble harmonieux, robuste et intemporel. Gr\u00e2ce \u00e0 la solidit\u00e9 du teck massif, reconnu pour sa durabilit\u00e9 et sa r\u00e9sistance, la chaise Esporles constitue une pi\u00e8ce de mobilier durable, pens\u00e9e pour accompagner votre int\u00e9rieur pendant de nombreuses ann\u00e9es. Id\u00e9ale autour d\u2019une table de repas en bois, en pierre ou en travertin, elle apporte une touche chaleureuse et authentique \u00e0 votre d\u00e9coration.","og_url":"https:\/\/homeproject.fr\/fr\/produit\/lot-de-4-chaises-en-teck-massif-esporles\/","og_site_name":"Homeproject.fr","article_modified_time":"2026-03-07T17:18:10+00:00","og_image":[{"width":1500,"height":1500,"url":"https:\/\/homeproject.fr\/fr\/wp-content\/uploads\/2026\/03\/Chaise-contemporaine-en-bois-de-teck-massif-Esporles-5.jpg","type":"image\/jpeg"}],"twitter_card":"summary_large_image","twitter_misc":{"Dur\u00e9e de lecture estim\u00e9e":"1 minute"},"schema":{"@context":"https:\/\/schema.org","@graph":[{"@type":"WebPage","@id":"https:\/\/homeproject.fr\/fr\/produit\/lot-de-4-chaises-en-teck-massif-esporles\/","url":"https:\/\/homeproject.fr\/fr\/produit\/lot-de-4-chaises-en-teck-massif-esporles\/","name":"Lot de 2 chaises en teck massif ESPORLES - Homeproject.fr","isPartOf":{"@id":"https:\/\/homeproject.fr\/fr\/#website"},"primaryImageOfPage":{"@id":"https:\/\/homeproject.fr\/fr\/produit\/lot-de-4-chaises-en-teck-massif-esporles\/#primaryimage"},"image":{"@id":"https:\/\/homeproject.fr\/fr\/produit\/lot-de-4-chaises-en-teck-massif-esporles\/#primaryimage"},"thumbnailUrl":"https:\/\/homeproject.fr\/fr\/wp-content\/uploads\/2026\/03\/Chaise-contemporaine-en-bois-de-teck-massif-Esporles-5.jpg","datePublished":"2026-03-04T11:29:07+00:00","dateModified":"2026-03-07T17:18:10+00:00","breadcrumb":{"@id":"https:\/\/homeproject.fr\/fr\/produit\/lot-de-4-chaises-en-teck-massif-esporles\/#breadcrumb"},"inLanguage":"fr-FR","potentialAction":[{"@type":"ReadAction","target":["https:\/\/homeproject.fr\/fr\/produit\/lot-de-4-chaises-en-teck-massif-esporles\/"]}]},{"@type":"ImageObject","inLanguage":"fr-FR","@id":"https:\/\/homeproject.fr\/fr\/produit\/lot-de-4-chaises-en-teck-massif-esporles\/#primaryimage","url":"https:\/\/homeproject.fr\/fr\/wp-content\/uploads\/2026\/03\/Chaise-contemporaine-en-bois-de-teck-massif-Esporles-5.jpg","contentUrl":"https:\/\/homeproject.fr\/fr\/wp-content\/uploads\/2026\/03\/Chaise-contemporaine-en-bois-de-teck-massif-Esporles-5.jpg","width":1500,"height":1500},{"@type":"BreadcrumbList","@id":"https:\/\/homeproject.fr\/fr\/produit\/lot-de-4-chaises-en-teck-massif-esporles\/#breadcrumb","itemListElement":[{"@type":"ListItem","position":1,"name":"Accueil","item":"https:\/\/homeproject.fr\/fr\/"},{"@type":"ListItem","position":2,"name":"Boutique","item":"https:\/\/homeproject.fr\/fr\/boutique\/"},{"@type":"ListItem","position":3,"name":"Lot de 2 chaises en teck massif ESPORLES"}]},{"@type":"WebSite","@id":"https:\/\/homeproject.fr\/fr\/#website","url":"https:\/\/homeproject.fr\/fr\/","name":"Homeproject.fr","description":"Offrez l&#039;exceptionnel \u00e0 vos espaces \u00e0 vivre","publisher":{"@id":"https:\/\/homeproject.fr\/fr\/#organization"},"potentialAction":[{"@type":"SearchAction","target":{"@type":"EntryPoint","urlTemplate":"https:\/\/homeproject.fr\/fr\/?s={search_term_string}"},"query-input":{"@type":"PropertyValueSpecification","valueRequired":true,"valueName":"search_term_string"}}],"inLanguage":"fr-FR"},{"@type":"Organization","@id":"https:\/\/homeproject.fr\/fr\/#organization","name":"Homeproject.fr","url":"https:\/\/homeproject.fr\/fr\/","logo":{"@type":"ImageObject","inLanguage":"fr-FR","@id":"https:\/\/homeproject.fr\/fr\/#\/schema\/logo\/image\/","url":"https:\/\/homeproject.fr\/fr\/wp-content\/uploads\/2024\/12\/Logo_HomeProject-noir-2.png","contentUrl":"https:\/\/homeproject.fr\/fr\/wp-content\/uploads\/2024\/12\/Logo_HomeProject-noir-2.png","width":300,"height":91,"caption":"Homeproject.fr"},"image":{"@id":"https:\/\/homeproject.fr\/fr\/#\/schema\/logo\/image\/"}}]}},"_links":{"self":[{"href":"https:\/\/homeproject.fr\/fr\/wp-json\/wp\/v2\/product\/15946","targetHints":{"allow":["GET"]}}],"collection":[{"href":"https:\/\/homeproject.fr\/fr\/wp-json\/wp\/v2\/product"}],"about":[{"href":"https:\/\/homeproject.fr\/fr\/wp-json\/wp\/v2\/types\/product"}],"version-history":[{"count":4,"href":"https:\/\/homeproject.fr\/fr\/wp-json\/wp\/v2\/product\/15946\/revisions"}],"predecessor-version":[{"id":16008,"href":"https:\/\/homeproject.fr\/fr\/wp-json\/wp\/v2\/product\/15946\/revisions\/16008"}],"wp:featuredmedia":[{"embeddable":true,"href":"https:\/\/homeproject.fr\/fr\/wp-json\/wp\/v2\/media\/15947"}],"wp:attachment":[{"href":"https:\/\/homeproject.fr\/fr\/wp-json\/wp\/v2\/media?parent=15946"}],"wp:term":[{"taxonomy":"product_brand","embeddable":true,"href":"https:\/\/homeproject.fr\/fr\/wp-json\/wp\/v2\/product_brand?post=15946"},{"taxonomy":"product_cat","embeddable":true,"href":"https:\/\/homeproject.fr\/fr\/wp-json\/wp\/v2\/product_cat?post=15946"},{"taxonomy":"product_tag","embeddable":true,"href":"https:\/\/homeproject.fr\/fr\/wp-json\/wp\/v2\/product_tag?post=15946"}],"curies":[{"name":"wp","href":"https:\/\/api.w.org\/{rel}","templated":true}]}}