{"id":15940,"date":"2026-02-28T17:11:18","date_gmt":"2026-02-28T17:11:18","guid":{"rendered":"https:\/\/homeproject.fr\/fr\/?post_type=product&#038;p=15940"},"modified":"2026-02-28T17:33:05","modified_gmt":"2026-02-28T17:33:05","slug":"canape-dangle-design-matelasse-en-tissu-beige-avec-meridienne-saint-germain","status":"publish","type":"product","link":"https:\/\/homeproject.fr\/fr\/produit\/canape-dangle-design-matelasse-en-tissu-beige-avec-meridienne-saint-germain\/","title":{"rendered":"Canap\u00e9 d\u2019angle design matelass\u00e9 en tissu beige avec m\u00e9ridienne SAINT GERMAIN"},"content":{"rendered":"<div class=\"flex-1 overflow-hidden @container\/thread\">\n<div class=\"h-full\">\n<div class=\"react-scroll-to-bottom--css-avwfw-79elbk h-full\">\n<div class=\"react-scroll-to-bottom--css-avwfw-1n7m0yu\">\n<div class=\"flex flex-col text-sm md:pb-9\">\n<article class=\"w-full scroll-mb-[var(--thread-trailing-height,150px)] text-token-text-primary focus-visible:outline-2 focus-visible:outline-offset-[-4px]\" dir=\"auto\" data-testid=\"conversation-turn-13\" data-scroll-anchor=\"true\">\n<div class=\"m-auto text-base py-[18px] px-3 md:px-4 w-full md:px-5 lg:px-4 xl:px-5\">\n<div class=\"mx-auto flex flex-1 gap-4 text-base md:gap-5 lg:gap-6 md:max-w-3xl lg:max-w-[40rem] xl:max-w-[48rem]\">\n<div class=\"group\/conversation-turn relative flex w-full min-w-0 flex-col agent-turn\">\n<div class=\"flex-col gap-1 md:gap-3\">\n<div class=\"flex max-w-full flex-col flex-grow\">\n<div class=\"min-h-8 text-message flex w-full flex-col items-end gap-2 whitespace-normal break-words text-start [.text-message+&amp;]:mt-5\" dir=\"auto\" data-message-author-role=\"assistant\" data-message-id=\"dc5cab26-9697-46d2-b6fe-c8745ded277b\" data-message-model-slug=\"gpt-4o\">\n<div class=\"flex w-full flex-col gap-1 empty:hidden first:pt-[3px]\">\n<div class=\"markdown prose w-full break-words dark:prose-invert light\">\n<h3 data-start=\"444\" data-end=\"491\">\u2726 Un design sculptural et ultra confortable<\/h3>\n<p data-start=\"492\" data-end=\"730\">Inspir\u00e9 des codes du mobilier contemporain, le canap\u00e9 Saint Germain s\u00e9duit par son <strong data-start=\"583\" data-end=\"613\">aspect capitonn\u00e9 graphique<\/strong> et ses volumes \u00e9quilibr\u00e9s. Sa silhouette basse et ses formes enveloppantes cr\u00e9ent une sensation de confort imm\u00e9diat.<\/p>\n<p data-start=\"732\" data-end=\"901\">Sa <strong data-start=\"735\" data-end=\"774\">m\u00e9ridienne int\u00e9gr\u00e9e (chaise longue)<\/strong> invite \u00e0 la d\u00e9tente et permet de structurer \u00e9l\u00e9gamment votre espace de vie, tout en offrant une assise profonde et conviviale.<\/p>\n<hr data-start=\"903\" data-end=\"906\" \/>\n<h3 data-start=\"908\" data-end=\"962\">\u2726 Un tissu beige textur\u00e9, chaleureux et intemporel<\/h3>\n<p data-start=\"963\" data-end=\"1144\">Habill\u00e9 d\u2019un <strong data-start=\"976\" data-end=\"1001\">tissu polyester beige<\/strong>, ce canap\u00e9 offre une texture subtile et raffin\u00e9e qui capte la lumi\u00e8re naturelle. Cette teinte neutre s\u2019int\u00e8gre parfaitement dans des univers :<\/p>\n<ul data-start=\"1145\" data-end=\"1222\">\n<li data-start=\"1145\" data-end=\"1162\">\n<p data-start=\"1147\" data-end=\"1162\">contemporains<\/p>\n<\/li>\n<li data-start=\"1163\" data-end=\"1179\">\n<p data-start=\"1165\" data-end=\"1179\">minimalistes<\/p>\n<\/li>\n<li data-start=\"1180\" data-end=\"1198\">\n<p data-start=\"1182\" data-end=\"1198\">m\u00e9diterran\u00e9ens<\/p>\n<\/li>\n<li data-start=\"1199\" data-end=\"1222\">\n<p data-start=\"1201\" data-end=\"1222\">ou encore wabi-sabi<\/p>\n<\/li>\n<\/ul>\n<p data-start=\"1224\" data-end=\"1305\">Le rendu visuel, \u00e0 la fois doux et textur\u00e9, renforce l\u2019aspect premium du produit.<\/p>\n<hr data-start=\"1307\" data-end=\"1310\" \/>\n<h3 data-start=\"1312\" data-end=\"1363\">\u2726 Dimensions g\u00e9n\u00e9reuses pour un confort optimal<\/h3>\n<ul data-start=\"1364\" data-end=\"1536\">\n<li data-start=\"1364\" data-end=\"1410\">\n<p data-start=\"1366\" data-end=\"1410\"><strong data-start=\"1366\" data-end=\"1390\">Dimensions totales :<\/strong> 272 x 168 x 76 cm<\/p>\n<\/li>\n<li data-start=\"1411\" data-end=\"1435\">\n<p data-start=\"1413\" data-end=\"1435\"><strong data-start=\"1413\" data-end=\"1426\">Largeur :<\/strong> 272 cm<\/p>\n<\/li>\n<li data-start=\"1436\" data-end=\"1463\">\n<p data-start=\"1438\" data-end=\"1463\"><strong data-start=\"1438\" data-end=\"1454\">Profondeur :<\/strong> 168 cm<\/p>\n<\/li>\n<li data-start=\"1464\" data-end=\"1487\">\n<p data-start=\"1466\" data-end=\"1487\"><strong data-start=\"1466\" data-end=\"1479\">Hauteur :<\/strong> 76 cm<\/p>\n<\/li>\n<\/ul>\n<p data-start=\"1538\" data-end=\"1661\">Son format spacieux en fait un <strong data-start=\"1569\" data-end=\"1616\">canap\u00e9 d\u2019angle id\u00e9al pour les grands salons<\/strong>, parfait pour accueillir famille et invit\u00e9s.<\/p>\n<hr data-start=\"1663\" data-end=\"1666\" \/>\n<h3 data-start=\"1668\" data-end=\"1701\">\u2726 Caract\u00e9ristiques techniques<\/h3>\n<ul data-start=\"1702\" data-end=\"1925\">\n<li data-start=\"1702\" data-end=\"1729\">\n<p data-start=\"1704\" data-end=\"1729\"><strong data-start=\"1704\" data-end=\"1713\">Nom :<\/strong> Saint Germain<\/p>\n<\/li>\n<li data-start=\"1760\" data-end=\"1805\">\n<p data-start=\"1762\" data-end=\"1805\"><strong data-start=\"1762\" data-end=\"1772\">Type :<\/strong> canap\u00e9 d\u2019angle avec m\u00e9ridienne<\/p>\n<\/li>\n<li data-start=\"1806\" data-end=\"1836\">\n<p data-start=\"1808\" data-end=\"1836\"><strong data-start=\"1808\" data-end=\"1824\">Rev\u00eatement :<\/strong> polyester<\/p>\n<\/li>\n<li data-start=\"1837\" data-end=\"1860\">\n<p data-start=\"1839\" data-end=\"1860\"><strong data-start=\"1839\" data-end=\"1852\">Couleur :<\/strong> beige<\/p>\n<\/li>\n<li data-start=\"1888\" data-end=\"1925\">\n<p data-start=\"1890\" data-end=\"1925\"><strong data-start=\"1890\" data-end=\"1901\">Style :<\/strong> contemporain \/ design<\/p>\n<\/li>\n<\/ul>\n<hr data-start=\"1927\" data-end=\"1930\" \/>\n<h3 data-start=\"1932\" data-end=\"1980\">\u2726 Pourquoi choisir le canap\u00e9 Saint Germain ?<\/h3>\n<ul data-start=\"1981\" data-end=\"2215\">\n<li data-start=\"1981\" data-end=\"2023\">\n<p data-start=\"1983\" data-end=\"2023\">\u2714 Design capitonn\u00e9 moderne et tendance<\/p>\n<\/li>\n<li data-start=\"2024\" data-end=\"2073\">\n<p data-start=\"2026\" data-end=\"2073\">\u2714 Grand format id\u00e9al pour les espaces ouverts<\/p>\n<\/li>\n<li data-start=\"2074\" data-end=\"2120\">\n<p data-start=\"2076\" data-end=\"2120\">\u2714 M\u00e9ridienne int\u00e9gr\u00e9e pour plus de confort<\/p>\n<\/li>\n<li data-start=\"2121\" data-end=\"2160\">\n<p data-start=\"2123\" data-end=\"2160\">\u2714 Tissu r\u00e9sistant et facile \u00e0 vivre<\/p>\n<\/li>\n<li data-start=\"2161\" data-end=\"2215\">\n<p data-start=\"2163\" data-end=\"2215\">\u2714 Parfait pour une ambiance premium et chaleureuse<\/p>\n<\/li>\n<\/ul>\n<hr data-start=\"2217\" data-end=\"2220\" \/>\n<p data-start=\"2222\" data-end=\"2424\" data-is-last-node=\"\" data-is-only-node=\"\">Le <strong data-start=\"2225\" data-end=\"2249\">canap\u00e9 Saint Germain<\/strong>, disponible sur <strong data-start=\"2266\" data-end=\"2284\">HomeProject.fr<\/strong>, est une pi\u00e8ce forte qui allie <strong data-start=\"2316\" data-end=\"2360\">confort, design et \u00e9l\u00e9gance intemporelle<\/strong>, id\u00e9ale pour sublimer un int\u00e9rieur contemporain avec caract\u00e8re.<\/p>\n<h4><strong style=\"font-family: inherit; font-size: 30px;\">Vous avez des questions ?<\/strong><\/h4>\n<\/div>\n<\/div>\n<\/div>\n<\/div>\n<\/div>\n<\/div>\n<\/div>\n<\/div>\n<\/article>\n<\/div>\n<\/div>\n<\/div>\n<\/div>\n<\/div>\n<style id=\"wpforms-css-vars-3675\">\n\t\t\t\t#wpforms-3675 {\n\t\t\t\t\n\t\t\t}\n\t\t\t<\/style><div class=\"wpforms-container wpforms-container-full wpforms-render-modern\" id=\"wpforms-3675\"><form id=\"wpforms-form-3675\" class=\"wpforms-validate wpforms-form wpforms-ajax-form\" data-formid=\"3675\" method=\"post\" enctype=\"multipart\/form-data\" action=\"\/fr\/wp-json\/wp\/v2\/product\/15940\" data-token=\"c97c3351edfdaa99ca79c2fa7e900e86\" data-token-time=\"1776419712\"><noscript class=\"wpforms-error-noscript\">Veuillez activer JavaScript dans votre navigateur pour remplir ce formulaire.<\/noscript><div id=\"wpforms-error-noscript\" style=\"display: none;\">Veuillez activer JavaScript dans votre navigateur pour remplir ce formulaire.<\/div><div class=\"wpforms-field-container\"><div id=\"wpforms-3675-field_3-container\" class=\"wpforms-field wpforms-field-name\" data-field-id=\"3\"><fieldset><legend class=\"wpforms-field-label\">Nom <span class=\"wpforms-required-label\" aria-hidden=\"true\">*<\/span><\/legend><div class=\"wpforms-field-row wpforms-field-medium\"><div class=\"wpforms-field-row-block wpforms-first wpforms-one-half\"><input type=\"text\" id=\"wpforms-3675-field_3\" class=\"wpforms-field-name-first wpforms-field-required\" name=\"wpforms[fields][3][first]\" aria-errormessage=\"wpforms-3675-field_3-error\" required><label for=\"wpforms-3675-field_3\" class=\"wpforms-field-sublabel after\">Pr\u00e9nom<\/label><\/div><div class=\"wpforms-field-row-block wpforms-one-half\"><input type=\"text\" id=\"wpforms-3675-field_3-last\" class=\"wpforms-field-name-last wpforms-field-required\" name=\"wpforms[fields][3][last]\" aria-errormessage=\"wpforms-3675-field_3-last-error\" required><label for=\"wpforms-3675-field_3-last\" class=\"wpforms-field-sublabel after\">Nom<\/label><\/div><\/div><\/fieldset><\/div>\t\t<div id=\"wpforms-3675-field_1-container\"\n\t\t\tclass=\"wpforms-field wpforms-field-text\"\n\t\t\tdata-field-type=\"text\"\n\t\t\tdata-field-id=\"1\"\n\t\t\t>\n\t\t\t<label class=\"wpforms-field-label\" for=\"wpforms-3675-field_1\" >Message Nom E-mail<\/label>\n\t\t\t<input type=\"text\" id=\"wpforms-3675-field_1\" class=\"wpforms-field-medium\" name=\"wpforms[fields][1]\" >\n\t\t<\/div>\n\t\t<div id=\"wpforms-3675-field_4-container\" class=\"wpforms-field wpforms-field-email\" data-field-id=\"4\"><label class=\"wpforms-field-label\" for=\"wpforms-3675-field_4\">E-mail <span class=\"wpforms-required-label\" aria-hidden=\"true\">*<\/span><\/label><input type=\"email\" id=\"wpforms-3675-field_4\" class=\"wpforms-field-medium wpforms-field-required\" name=\"wpforms[fields][4]\" spellcheck=\"false\" aria-errormessage=\"wpforms-3675-field_4-error\" required><\/div><div id=\"wpforms-3675-field_5-container\" class=\"wpforms-field wpforms-field-textarea\" data-field-id=\"5\"><label class=\"wpforms-field-label\" for=\"wpforms-3675-field_5\">Message <span class=\"wpforms-required-label\" aria-hidden=\"true\">*<\/span><\/label><textarea id=\"wpforms-3675-field_5\" class=\"wpforms-field-medium wpforms-field-required\" name=\"wpforms[fields][5]\" aria-errormessage=\"wpforms-3675-field_5-error\" required><\/textarea><\/div><script>\n\t\t\t\t( function() {\n\t\t\t\t\tconst style = document.createElement( 'style' );\n\t\t\t\t\tstyle.appendChild( document.createTextNode( '#wpforms-3675-field_1-container { position: absolute !important; overflow: hidden !important; display: inline !important; height: 1px !important; width: 1px !important; z-index: -1000 !important; padding: 0 !important; } #wpforms-3675-field_1-container input { visibility: hidden; } #wpforms-conversational-form-page #wpforms-3675-field_1-container label { counter-increment: none; }' ) );\n\t\t\t\t\tdocument.head.appendChild( style );\n\t\t\t\t\tdocument.currentScript?.remove();\n\t\t\t\t} )();\n\t\t\t<\/script><\/div><!-- .wpforms-field-container --><div class=\"wpforms-submit-container\" ><input type=\"hidden\" name=\"wpforms[id]\" value=\"3675\"><input type=\"hidden\" name=\"page_title\" value=\"\"><input type=\"hidden\" name=\"page_url\" value=\"https:\/\/homeproject.fr\/fr\/wp-json\/wp\/v2\/product\/15940\"><input type=\"hidden\" name=\"url_referer\" value=\"\"><button type=\"submit\" name=\"wpforms[submit]\" id=\"wpforms-submit-3675\" class=\"wpforms-submit\" data-alt-text=\"Envoi...\" data-submit-text=\"Envoyer\" aria-live=\"assertive\" value=\"wpforms-submit\">Envoyer<\/button><img decoding=\"async\" src=\"https:\/\/homeproject.fr\/fr\/wp-content\/plugins\/wpforms-lite\/assets\/images\/submit-spin.svg\" class=\"wpforms-submit-spinner\" style=\"display: none;\" width=\"26\" height=\"26\" alt=\"Chargement en cours\"><\/div><\/form><\/div>  <!-- .wpforms-container -->\n","protected":false},"excerpt":{"rendered":"<p data-start=\"53\" data-end=\"97\">Le <strong data-start=\"126\" data-end=\"150\">canap\u00e9 Saint Germain<\/strong> incarne l\u2019\u00e9l\u00e9gance contemporaine dans sa forme la plus pure. Avec ses lignes g\u00e9n\u00e9reuses, son <strong data-start=\"244\" data-end=\"283\">rev\u00eatement en tissu polyester beige<\/strong> et son design matelass\u00e9 structur\u00e9, il s\u2019impose comme une pi\u00e8ce ma\u00eetresse id\u00e9ale pour un salon haut de gamme, dans un esprit minimaliste ou m\u00e9diterran\u00e9en.<\/p>\n","protected":false},"featured_media":15941,"template":"","meta":{"_uf_show_specific_survey":0,"_uf_disable_surveys":false,"iawp_total_views":2},"product_brand":[],"product_cat":[153],"product_tag":[],"class_list":{"0":"post-15940","1":"product","2":"type-product","3":"status-publish","4":"has-post-thumbnail","6":"product_cat-canapes","7":"product_shipping_class-gros-colis-messagerie","8":"pa_materiau-tissu","10":"first","11":"instock","12":"taxable","13":"shipping-taxable","14":"purchasable","15":"product-type-simple"},"yoast_head":"<!-- This site is optimized with the Yoast SEO plugin v27.4 - https:\/\/yoast.com\/product\/yoast-seo-wordpress\/ -->\n<title>Canap\u00e9 d\u2019angle design matelass\u00e9 en tissu beige avec m\u00e9ridienne SAINT GERMAIN - Homeproject.fr<\/title>\n<meta name=\"robots\" content=\"index, follow, max-snippet:-1, max-image-preview:large, max-video-preview:-1\" \/>\n<link rel=\"canonical\" href=\"https:\/\/homeproject.fr\/fr\/produit\/canape-dangle-design-matelasse-en-tissu-beige-avec-meridienne-saint-germain\/\" \/>\n<meta property=\"og:locale\" content=\"fr_FR\" \/>\n<meta property=\"og:type\" content=\"article\" \/>\n<meta property=\"og:title\" content=\"Canap\u00e9 d\u2019angle design matelass\u00e9 en tissu beige avec m\u00e9ridienne SAINT GERMAIN - Homeproject.fr\" \/>\n<meta property=\"og:description\" content=\"Le canap\u00e9 Saint Germain incarne l\u2019\u00e9l\u00e9gance contemporaine dans sa forme la plus pure. Avec ses lignes g\u00e9n\u00e9reuses, son rev\u00eatement en tissu polyester beige et son design matelass\u00e9 structur\u00e9, il s\u2019impose comme une pi\u00e8ce ma\u00eetresse id\u00e9ale pour un salon haut de gamme, dans un esprit minimaliste ou m\u00e9diterran\u00e9en.\" \/>\n<meta property=\"og:url\" content=\"https:\/\/homeproject.fr\/fr\/produit\/canape-dangle-design-matelasse-en-tissu-beige-avec-meridienne-saint-germain\/\" \/>\n<meta property=\"og:site_name\" content=\"Homeproject.fr\" \/>\n<meta property=\"article:modified_time\" content=\"2026-02-28T17:33:05+00:00\" \/>\n<meta property=\"og:image\" content=\"https:\/\/homeproject.fr\/fr\/wp-content\/uploads\/2026\/02\/Canape-contemporain-matelasse-en-tissu-beige-avec-meridienne-Saint-Germain-1.jpg\" \/>\n\t<meta property=\"og:image:width\" content=\"1500\" \/>\n\t<meta property=\"og:image:height\" content=\"1500\" \/>\n\t<meta property=\"og:image:type\" content=\"image\/jpeg\" \/>\n<meta name=\"twitter:card\" content=\"summary_large_image\" \/>\n<meta name=\"twitter:label1\" content=\"Dur\u00e9e de lecture estim\u00e9e\" \/>\n\t<meta name=\"twitter:data1\" content=\"2 minutes\" \/>\n<script type=\"application\/ld+json\" class=\"yoast-schema-graph\">{\"@context\":\"https:\\\/\\\/schema.org\",\"@graph\":[{\"@type\":\"WebPage\",\"@id\":\"https:\\\/\\\/homeproject.fr\\\/fr\\\/produit\\\/canape-dangle-design-matelasse-en-tissu-beige-avec-meridienne-saint-germain\\\/\",\"url\":\"https:\\\/\\\/homeproject.fr\\\/fr\\\/produit\\\/canape-dangle-design-matelasse-en-tissu-beige-avec-meridienne-saint-germain\\\/\",\"name\":\"Canap\u00e9 d\u2019angle design matelass\u00e9 en tissu beige avec m\u00e9ridienne SAINT GERMAIN - Homeproject.fr\",\"isPartOf\":{\"@id\":\"https:\\\/\\\/homeproject.fr\\\/fr\\\/#website\"},\"primaryImageOfPage\":{\"@id\":\"https:\\\/\\\/homeproject.fr\\\/fr\\\/produit\\\/canape-dangle-design-matelasse-en-tissu-beige-avec-meridienne-saint-germain\\\/#primaryimage\"},\"image\":{\"@id\":\"https:\\\/\\\/homeproject.fr\\\/fr\\\/produit\\\/canape-dangle-design-matelasse-en-tissu-beige-avec-meridienne-saint-germain\\\/#primaryimage\"},\"thumbnailUrl\":\"https:\\\/\\\/homeproject.fr\\\/fr\\\/wp-content\\\/uploads\\\/2026\\\/02\\\/Canape-contemporain-matelasse-en-tissu-beige-avec-meridienne-Saint-Germain-1.jpg\",\"datePublished\":\"2026-02-28T17:11:18+00:00\",\"dateModified\":\"2026-02-28T17:33:05+00:00\",\"breadcrumb\":{\"@id\":\"https:\\\/\\\/homeproject.fr\\\/fr\\\/produit\\\/canape-dangle-design-matelasse-en-tissu-beige-avec-meridienne-saint-germain\\\/#breadcrumb\"},\"inLanguage\":\"fr-FR\",\"potentialAction\":[{\"@type\":\"ReadAction\",\"target\":[\"https:\\\/\\\/homeproject.fr\\\/fr\\\/produit\\\/canape-dangle-design-matelasse-en-tissu-beige-avec-meridienne-saint-germain\\\/\"]}]},{\"@type\":\"ImageObject\",\"inLanguage\":\"fr-FR\",\"@id\":\"https:\\\/\\\/homeproject.fr\\\/fr\\\/produit\\\/canape-dangle-design-matelasse-en-tissu-beige-avec-meridienne-saint-germain\\\/#primaryimage\",\"url\":\"https:\\\/\\\/homeproject.fr\\\/fr\\\/wp-content\\\/uploads\\\/2026\\\/02\\\/Canape-contemporain-matelasse-en-tissu-beige-avec-meridienne-Saint-Germain-1.jpg\",\"contentUrl\":\"https:\\\/\\\/homeproject.fr\\\/fr\\\/wp-content\\\/uploads\\\/2026\\\/02\\\/Canape-contemporain-matelasse-en-tissu-beige-avec-meridienne-Saint-Germain-1.jpg\",\"width\":1500,\"height\":1500},{\"@type\":\"BreadcrumbList\",\"@id\":\"https:\\\/\\\/homeproject.fr\\\/fr\\\/produit\\\/canape-dangle-design-matelasse-en-tissu-beige-avec-meridienne-saint-germain\\\/#breadcrumb\",\"itemListElement\":[{\"@type\":\"ListItem\",\"position\":1,\"name\":\"Accueil\",\"item\":\"https:\\\/\\\/homeproject.fr\\\/fr\\\/\"},{\"@type\":\"ListItem\",\"position\":2,\"name\":\"Boutique\",\"item\":\"https:\\\/\\\/homeproject.fr\\\/fr\\\/boutique\\\/\"},{\"@type\":\"ListItem\",\"position\":3,\"name\":\"Canap\u00e9 d\u2019angle design matelass\u00e9 en tissu beige avec m\u00e9ridienne SAINT GERMAIN\"}]},{\"@type\":\"WebSite\",\"@id\":\"https:\\\/\\\/homeproject.fr\\\/fr\\\/#website\",\"url\":\"https:\\\/\\\/homeproject.fr\\\/fr\\\/\",\"name\":\"Homeproject.fr\",\"description\":\"Offrez l&#039;exceptionnel \u00e0 vos espaces \u00e0 vivre\",\"publisher\":{\"@id\":\"https:\\\/\\\/homeproject.fr\\\/fr\\\/#organization\"},\"potentialAction\":[{\"@type\":\"SearchAction\",\"target\":{\"@type\":\"EntryPoint\",\"urlTemplate\":\"https:\\\/\\\/homeproject.fr\\\/fr\\\/?s={search_term_string}\"},\"query-input\":{\"@type\":\"PropertyValueSpecification\",\"valueRequired\":true,\"valueName\":\"search_term_string\"}}],\"inLanguage\":\"fr-FR\"},{\"@type\":\"Organization\",\"@id\":\"https:\\\/\\\/homeproject.fr\\\/fr\\\/#organization\",\"name\":\"Homeproject.fr\",\"url\":\"https:\\\/\\\/homeproject.fr\\\/fr\\\/\",\"logo\":{\"@type\":\"ImageObject\",\"inLanguage\":\"fr-FR\",\"@id\":\"https:\\\/\\\/homeproject.fr\\\/fr\\\/#\\\/schema\\\/logo\\\/image\\\/\",\"url\":\"https:\\\/\\\/homeproject.fr\\\/fr\\\/wp-content\\\/uploads\\\/2024\\\/12\\\/Logo_HomeProject-noir-2.png\",\"contentUrl\":\"https:\\\/\\\/homeproject.fr\\\/fr\\\/wp-content\\\/uploads\\\/2024\\\/12\\\/Logo_HomeProject-noir-2.png\",\"width\":300,\"height\":91,\"caption\":\"Homeproject.fr\"},\"image\":{\"@id\":\"https:\\\/\\\/homeproject.fr\\\/fr\\\/#\\\/schema\\\/logo\\\/image\\\/\"}}]}<\/script>\n<!-- \/ Yoast SEO plugin. -->","yoast_head_json":{"title":"Canap\u00e9 d\u2019angle design matelass\u00e9 en tissu beige avec m\u00e9ridienne SAINT GERMAIN - Homeproject.fr","robots":{"index":"index","follow":"follow","max-snippet":"max-snippet:-1","max-image-preview":"max-image-preview:large","max-video-preview":"max-video-preview:-1"},"canonical":"https:\/\/homeproject.fr\/fr\/produit\/canape-dangle-design-matelasse-en-tissu-beige-avec-meridienne-saint-germain\/","og_locale":"fr_FR","og_type":"article","og_title":"Canap\u00e9 d\u2019angle design matelass\u00e9 en tissu beige avec m\u00e9ridienne SAINT GERMAIN - Homeproject.fr","og_description":"Le canap\u00e9 Saint Germain incarne l\u2019\u00e9l\u00e9gance contemporaine dans sa forme la plus pure. Avec ses lignes g\u00e9n\u00e9reuses, son rev\u00eatement en tissu polyester beige et son design matelass\u00e9 structur\u00e9, il s\u2019impose comme une pi\u00e8ce ma\u00eetresse id\u00e9ale pour un salon haut de gamme, dans un esprit minimaliste ou m\u00e9diterran\u00e9en.","og_url":"https:\/\/homeproject.fr\/fr\/produit\/canape-dangle-design-matelasse-en-tissu-beige-avec-meridienne-saint-germain\/","og_site_name":"Homeproject.fr","article_modified_time":"2026-02-28T17:33:05+00:00","og_image":[{"width":1500,"height":1500,"url":"https:\/\/homeproject.fr\/fr\/wp-content\/uploads\/2026\/02\/Canape-contemporain-matelasse-en-tissu-beige-avec-meridienne-Saint-Germain-1.jpg","type":"image\/jpeg"}],"twitter_card":"summary_large_image","twitter_misc":{"Dur\u00e9e de lecture estim\u00e9e":"2 minutes"},"schema":{"@context":"https:\/\/schema.org","@graph":[{"@type":"WebPage","@id":"https:\/\/homeproject.fr\/fr\/produit\/canape-dangle-design-matelasse-en-tissu-beige-avec-meridienne-saint-germain\/","url":"https:\/\/homeproject.fr\/fr\/produit\/canape-dangle-design-matelasse-en-tissu-beige-avec-meridienne-saint-germain\/","name":"Canap\u00e9 d\u2019angle design matelass\u00e9 en tissu beige avec m\u00e9ridienne SAINT GERMAIN - Homeproject.fr","isPartOf":{"@id":"https:\/\/homeproject.fr\/fr\/#website"},"primaryImageOfPage":{"@id":"https:\/\/homeproject.fr\/fr\/produit\/canape-dangle-design-matelasse-en-tissu-beige-avec-meridienne-saint-germain\/#primaryimage"},"image":{"@id":"https:\/\/homeproject.fr\/fr\/produit\/canape-dangle-design-matelasse-en-tissu-beige-avec-meridienne-saint-germain\/#primaryimage"},"thumbnailUrl":"https:\/\/homeproject.fr\/fr\/wp-content\/uploads\/2026\/02\/Canape-contemporain-matelasse-en-tissu-beige-avec-meridienne-Saint-Germain-1.jpg","datePublished":"2026-02-28T17:11:18+00:00","dateModified":"2026-02-28T17:33:05+00:00","breadcrumb":{"@id":"https:\/\/homeproject.fr\/fr\/produit\/canape-dangle-design-matelasse-en-tissu-beige-avec-meridienne-saint-germain\/#breadcrumb"},"inLanguage":"fr-FR","potentialAction":[{"@type":"ReadAction","target":["https:\/\/homeproject.fr\/fr\/produit\/canape-dangle-design-matelasse-en-tissu-beige-avec-meridienne-saint-germain\/"]}]},{"@type":"ImageObject","inLanguage":"fr-FR","@id":"https:\/\/homeproject.fr\/fr\/produit\/canape-dangle-design-matelasse-en-tissu-beige-avec-meridienne-saint-germain\/#primaryimage","url":"https:\/\/homeproject.fr\/fr\/wp-content\/uploads\/2026\/02\/Canape-contemporain-matelasse-en-tissu-beige-avec-meridienne-Saint-Germain-1.jpg","contentUrl":"https:\/\/homeproject.fr\/fr\/wp-content\/uploads\/2026\/02\/Canape-contemporain-matelasse-en-tissu-beige-avec-meridienne-Saint-Germain-1.jpg","width":1500,"height":1500},{"@type":"BreadcrumbList","@id":"https:\/\/homeproject.fr\/fr\/produit\/canape-dangle-design-matelasse-en-tissu-beige-avec-meridienne-saint-germain\/#breadcrumb","itemListElement":[{"@type":"ListItem","position":1,"name":"Accueil","item":"https:\/\/homeproject.fr\/fr\/"},{"@type":"ListItem","position":2,"name":"Boutique","item":"https:\/\/homeproject.fr\/fr\/boutique\/"},{"@type":"ListItem","position":3,"name":"Canap\u00e9 d\u2019angle design matelass\u00e9 en tissu beige avec m\u00e9ridienne SAINT GERMAIN"}]},{"@type":"WebSite","@id":"https:\/\/homeproject.fr\/fr\/#website","url":"https:\/\/homeproject.fr\/fr\/","name":"Homeproject.fr","description":"Offrez l&#039;exceptionnel \u00e0 vos espaces \u00e0 vivre","publisher":{"@id":"https:\/\/homeproject.fr\/fr\/#organization"},"potentialAction":[{"@type":"SearchAction","target":{"@type":"EntryPoint","urlTemplate":"https:\/\/homeproject.fr\/fr\/?s={search_term_string}"},"query-input":{"@type":"PropertyValueSpecification","valueRequired":true,"valueName":"search_term_string"}}],"inLanguage":"fr-FR"},{"@type":"Organization","@id":"https:\/\/homeproject.fr\/fr\/#organization","name":"Homeproject.fr","url":"https:\/\/homeproject.fr\/fr\/","logo":{"@type":"ImageObject","inLanguage":"fr-FR","@id":"https:\/\/homeproject.fr\/fr\/#\/schema\/logo\/image\/","url":"https:\/\/homeproject.fr\/fr\/wp-content\/uploads\/2024\/12\/Logo_HomeProject-noir-2.png","contentUrl":"https:\/\/homeproject.fr\/fr\/wp-content\/uploads\/2024\/12\/Logo_HomeProject-noir-2.png","width":300,"height":91,"caption":"Homeproject.fr"},"image":{"@id":"https:\/\/homeproject.fr\/fr\/#\/schema\/logo\/image\/"}}]}},"_links":{"self":[{"href":"https:\/\/homeproject.fr\/fr\/wp-json\/wp\/v2\/product\/15940","targetHints":{"allow":["GET"]}}],"collection":[{"href":"https:\/\/homeproject.fr\/fr\/wp-json\/wp\/v2\/product"}],"about":[{"href":"https:\/\/homeproject.fr\/fr\/wp-json\/wp\/v2\/types\/product"}],"version-history":[{"count":1,"href":"https:\/\/homeproject.fr\/fr\/wp-json\/wp\/v2\/product\/15940\/revisions"}],"predecessor-version":[{"id":15945,"href":"https:\/\/homeproject.fr\/fr\/wp-json\/wp\/v2\/product\/15940\/revisions\/15945"}],"wp:featuredmedia":[{"embeddable":true,"href":"https:\/\/homeproject.fr\/fr\/wp-json\/wp\/v2\/media\/15941"}],"wp:attachment":[{"href":"https:\/\/homeproject.fr\/fr\/wp-json\/wp\/v2\/media?parent=15940"}],"wp:term":[{"taxonomy":"product_brand","embeddable":true,"href":"https:\/\/homeproject.fr\/fr\/wp-json\/wp\/v2\/product_brand?post=15940"},{"taxonomy":"product_cat","embeddable":true,"href":"https:\/\/homeproject.fr\/fr\/wp-json\/wp\/v2\/product_cat?post=15940"},{"taxonomy":"product_tag","embeddable":true,"href":"https:\/\/homeproject.fr\/fr\/wp-json\/wp\/v2\/product_tag?post=15940"}],"curies":[{"name":"wp","href":"https:\/\/api.w.org\/{rel}","templated":true}]}}