{"id":15933,"date":"2026-02-28T15:43:14","date_gmt":"2026-02-28T15:43:14","guid":{"rendered":"https:\/\/homeproject.fr\/fr\/?post_type=product&#038;p=15933"},"modified":"2026-02-28T15:51:20","modified_gmt":"2026-02-28T15:51:20","slug":"table-basse-extensible-en-ceramique-argile-et-acier-noir-albenga","status":"publish","type":"product","link":"https:\/\/homeproject.fr\/fr\/produit\/table-basse-extensible-en-ceramique-argile-et-acier-noir-albenga\/","title":{"rendered":"Table basse extensible en c\u00e9ramique argile et acier noir ALBENGA"},"content":{"rendered":"<div class=\"flex-1 overflow-hidden @container\/thread\">\n<div class=\"h-full\">\n<div class=\"react-scroll-to-bottom--css-avwfw-79elbk h-full\">\n<div class=\"react-scroll-to-bottom--css-avwfw-1n7m0yu\">\n<div class=\"flex flex-col text-sm md:pb-9\">\n<article class=\"w-full scroll-mb-[var(--thread-trailing-height,150px)] text-token-text-primary focus-visible:outline-2 focus-visible:outline-offset-[-4px]\" dir=\"auto\" data-testid=\"conversation-turn-13\" data-scroll-anchor=\"true\">\n<div class=\"m-auto text-base py-[18px] px-3 md:px-4 w-full md:px-5 lg:px-4 xl:px-5\">\n<div class=\"mx-auto flex flex-1 gap-4 text-base md:gap-5 lg:gap-6 md:max-w-3xl lg:max-w-[40rem] xl:max-w-[48rem]\">\n<div class=\"group\/conversation-turn relative flex w-full min-w-0 flex-col agent-turn\">\n<div class=\"flex-col gap-1 md:gap-3\">\n<div class=\"flex max-w-full flex-col flex-grow\">\n<div class=\"min-h-8 text-message flex w-full flex-col items-end gap-2 whitespace-normal break-words text-start [.text-message+&amp;]:mt-5\" dir=\"auto\" data-message-author-role=\"assistant\" data-message-id=\"dc5cab26-9697-46d2-b6fe-c8745ded277b\" data-message-model-slug=\"gpt-4o\">\n<div class=\"flex w-full flex-col gap-1 empty:hidden first:pt-[3px]\">\n<div class=\"markdown prose w-full break-words dark:prose-invert light\">\n<h3 data-start=\"522\" data-end=\"562\">\u2726 Un design intelligent et modulable<\/h3>\n<p data-start=\"563\" data-end=\"917\">La table basse Albenga se distingue par son <strong data-start=\"607\" data-end=\"632\">m\u00e9canisme synchronis\u00e9<\/strong> permettant une transformation fluide et \u00e9l\u00e9gante. En position ferm\u00e9e, elle conserve une silhouette compacte et minimaliste. En quelques secondes, elle s\u2019ouvre pour offrir une surface g\u00e9n\u00e9reuse jusqu\u2019\u00e0 <strong data-start=\"834\" data-end=\"856\">150 cm de longueur<\/strong>, id\u00e9ale pour recevoir ou moduler l\u2019espace selon vos besoins.<\/p>\n<p data-start=\"919\" data-end=\"1085\">Son <strong data-start=\"923\" data-end=\"956\">double plateau ovale pivotant<\/strong> cr\u00e9e un jeu de volumes subtil et architectural, apportant du rythme \u00e0 votre d\u00e9coration tout en restant parfaitement fonctionnel.<\/p>\n<hr data-start=\"1087\" data-end=\"1090\" \/>\n<h3 data-start=\"1092\" data-end=\"1141\">\u2726 Mat\u00e9riaux premium &amp; finitions haut de gamme<\/h3>\n<p data-start=\"1142\" data-end=\"1408\">Le plateau en <strong data-start=\"1156\" data-end=\"1185\">c\u00e9ramique finition argile<\/strong>, coll\u00e9 sur un verre de 8 mm, garantit une excellente r\u00e9sistance aux rayures, \u00e0 la chaleur et aux usages du quotidien. Cette teinte min\u00e9rale chaleureuse s\u2019int\u00e8gre parfaitement dans des univers naturels, beiges ou travertin.<\/p>\n<p data-start=\"1410\" data-end=\"1555\">Le pi\u00e9tement en <strong data-start=\"1426\" data-end=\"1450\">acier laqu\u00e9 noir mat<\/strong> renforce le contraste et apporte une touche graphique \u00e9l\u00e9gante, tout en assurant une parfaite stabilit\u00e9.<\/p>\n<hr data-start=\"1557\" data-end=\"1560\" \/>\n<h3 data-start=\"1562\" data-end=\"1608\">\u2726 Dimensions &amp; caract\u00e9ristiques techniques<\/h3>\n<ul data-start=\"1609\" data-end=\"1931\">\n<li data-start=\"1609\" data-end=\"1652\">\n<p data-start=\"1611\" data-end=\"1652\"><strong data-start=\"1611\" data-end=\"1634\">Dimensions ferm\u00e9e :<\/strong> 90 x 60 x 42 cm<\/p>\n<\/li>\n<li data-start=\"1653\" data-end=\"1698\">\n<p data-start=\"1655\" data-end=\"1698\"><strong data-start=\"1655\" data-end=\"1679\">Dimensions ouverte :<\/strong> 150 x 60 x 42 cm<\/p>\n<\/li>\n<li data-start=\"1699\" data-end=\"1722\">\n<p data-start=\"1701\" data-end=\"1722\"><strong data-start=\"1701\" data-end=\"1714\">Hauteur :<\/strong> 42 cm<\/p>\n<\/li>\n<li data-start=\"1723\" data-end=\"1748\">\n<p data-start=\"1725\" data-end=\"1748\"><strong data-start=\"1725\" data-end=\"1740\">Poids net :<\/strong> 43 kg<\/p>\n<\/li>\n<li data-start=\"1749\" data-end=\"1796\">\n<p data-start=\"1751\" data-end=\"1796\"><strong data-start=\"1751\" data-end=\"1764\">Plateau :<\/strong> c\u00e9ramique 3 mm sur verre 8 mm<\/p>\n<\/li>\n<li data-start=\"1797\" data-end=\"1831\">\n<p data-start=\"1799\" data-end=\"1831\"><strong data-start=\"1799\" data-end=\"1814\">Pi\u00e9tement :<\/strong> acier noir mat<\/p>\n<\/li>\n<li data-start=\"1832\" data-end=\"1863\">\n<p data-start=\"1834\" data-end=\"1863\"><strong data-start=\"1834\" data-end=\"1849\">M\u00e9canisme :<\/strong> synchronis\u00e9<\/p>\n<\/li>\n<li data-start=\"1864\" data-end=\"1906\">\n<p data-start=\"1866\" data-end=\"1906\"><strong data-start=\"1866\" data-end=\"1880\">Fonction :<\/strong> plateau pivotant \u00e0 360\u00b0<\/p>\n<\/li>\n<li data-start=\"1907\" data-end=\"1931\">\n<p data-start=\"1909\" data-end=\"1931\"><strong data-start=\"1909\" data-end=\"1922\">Couleur :<\/strong> Argile<\/p>\n<\/li>\n<\/ul>\n<hr data-start=\"1933\" data-end=\"1936\" \/>\n<h3 data-start=\"1938\" data-end=\"1993\">\u2726 Une table basse id\u00e9ale pour un salon contemporain<\/h3>\n<p data-start=\"1994\" data-end=\"2200\">Gr\u00e2ce \u00e0 son <strong data-start=\"2006\" data-end=\"2026\">format modulable<\/strong>, la table basse Albenga s\u2019adapte aussi bien aux petits espaces qu\u2019aux grands s\u00e9jours. Elle devient une solution parfaite pour optimiser l\u2019espace sans compromis sur le style.<\/p>\n<p data-start=\"2202\" data-end=\"2277\">Son design sobre et architectural s\u2019int\u00e8gre naturellement dans un univers :<\/p>\n<ul data-start=\"2278\" data-end=\"2350\">\n<li data-start=\"2278\" data-end=\"2293\">\n<p data-start=\"2280\" data-end=\"2293\">minimaliste<\/p>\n<\/li>\n<li data-start=\"2294\" data-end=\"2310\">\n<p data-start=\"2296\" data-end=\"2310\">contemporain<\/p>\n<\/li>\n<li data-start=\"2311\" data-end=\"2328\">\n<p data-start=\"2313\" data-end=\"2328\">m\u00e9diterran\u00e9en<\/p>\n<\/li>\n<li data-start=\"2329\" data-end=\"2350\">\n<p data-start=\"2331\" data-end=\"2350\">ou encore japandi<\/p>\n<\/li>\n<\/ul>\n<hr data-start=\"2352\" data-end=\"2355\" \/>\n<h3 data-start=\"2357\" data-end=\"2404\">\u2726 Pourquoi choisir la table basse Albenga ?<\/h3>\n<ul data-start=\"2405\" data-end=\"2650\">\n<li data-start=\"2405\" data-end=\"2448\">\n<p data-start=\"2407\" data-end=\"2448\">\u2714 Design pivotant unique et fonctionnel<\/p>\n<\/li>\n<li data-start=\"2449\" data-end=\"2507\">\n<p data-start=\"2451\" data-end=\"2507\">\u2714 Mat\u00e9riaux durables et r\u00e9sistants (c\u00e9ramique + verre)<\/p>\n<\/li>\n<li data-start=\"2508\" data-end=\"2546\">\n<p data-start=\"2510\" data-end=\"2546\">\u2714 Format extensible jusqu\u2019\u00e0 150 cm<\/p>\n<\/li>\n<li data-start=\"2547\" data-end=\"2596\">\n<p data-start=\"2549\" data-end=\"2596\">\u2714 Esth\u00e9tique haut de gamme pour salon moderne<\/p>\n<\/li>\n<li data-start=\"2597\" data-end=\"2650\">\n<p data-start=\"2599\" data-end=\"2650\">\u2714 Parfaite pour les projets d\u2019am\u00e9nagement premium<\/p>\n<\/li>\n<\/ul>\n<hr data-start=\"2652\" data-end=\"2655\" \/>\n<p data-start=\"2657\" data-end=\"2844\" data-is-last-node=\"\" data-is-only-node=\"\"><strong data-start=\"2657\" data-end=\"2690\">Disponible sur HomeProject.fr<\/strong>, la table basse Albenga est une pi\u00e8ce signature qui allie <strong data-start=\"2749\" data-end=\"2787\">innovation, \u00e9l\u00e9gance et modularit\u00e9<\/strong>, id\u00e9ale pour sublimer vos espaces de vie avec caract\u00e8re.<\/p>\n<h4><strong style=\"font-family: inherit; font-size: 30px;\">Vous avez des questions ?<\/strong><\/h4>\n<\/div>\n<\/div>\n<\/div>\n<\/div>\n<\/div>\n<\/div>\n<\/div>\n<\/div>\n<\/article>\n<\/div>\n<\/div>\n<\/div>\n<\/div>\n<\/div>\n<style id=\"wpforms-css-vars-3675\">\n\t\t\t\t#wpforms-3675 {\n\t\t\t\t\n\t\t\t}\n\t\t\t<\/style><div class=\"wpforms-container wpforms-container-full wpforms-render-modern\" id=\"wpforms-3675\"><form id=\"wpforms-form-3675\" class=\"wpforms-validate wpforms-form wpforms-ajax-form\" data-formid=\"3675\" method=\"post\" enctype=\"multipart\/form-data\" action=\"\/fr\/wp-json\/wp\/v2\/product\/15933\" data-token=\"629e9ab3b3d34f70c76e5ebf2dd45a54\" data-token-time=\"1776771768\"><noscript class=\"wpforms-error-noscript\">Veuillez activer JavaScript dans votre navigateur pour remplir ce formulaire.<\/noscript><div id=\"wpforms-error-noscript\" style=\"display: none;\">Veuillez activer JavaScript dans votre navigateur pour remplir ce formulaire.<\/div><div class=\"wpforms-field-container\"><div id=\"wpforms-3675-field_3-container\" class=\"wpforms-field wpforms-field-name\" data-field-id=\"3\"><fieldset><legend class=\"wpforms-field-label\">Nom <span class=\"wpforms-required-label\" aria-hidden=\"true\">*<\/span><\/legend><div class=\"wpforms-field-row wpforms-field-medium\"><div class=\"wpforms-field-row-block wpforms-first wpforms-one-half\"><input type=\"text\" id=\"wpforms-3675-field_3\" class=\"wpforms-field-name-first wpforms-field-required\" name=\"wpforms[fields][3][first]\" aria-errormessage=\"wpforms-3675-field_3-error\" required><label for=\"wpforms-3675-field_3\" class=\"wpforms-field-sublabel after\">Pr\u00e9nom<\/label><\/div><div class=\"wpforms-field-row-block wpforms-one-half\"><input type=\"text\" id=\"wpforms-3675-field_3-last\" class=\"wpforms-field-name-last wpforms-field-required\" name=\"wpforms[fields][3][last]\" aria-errormessage=\"wpforms-3675-field_3-last-error\" required><label for=\"wpforms-3675-field_3-last\" class=\"wpforms-field-sublabel after\">Nom<\/label><\/div><\/div><\/fieldset><\/div><div id=\"wpforms-3675-field_4-container\" class=\"wpforms-field wpforms-field-email\" data-field-id=\"4\"><label class=\"wpforms-field-label\" for=\"wpforms-3675-field_4\">E-mail <span class=\"wpforms-required-label\" aria-hidden=\"true\">*<\/span><\/label><input type=\"email\" id=\"wpforms-3675-field_4\" class=\"wpforms-field-medium wpforms-field-required\" name=\"wpforms[fields][4]\" spellcheck=\"false\" aria-errormessage=\"wpforms-3675-field_4-error\" required><\/div>\t\t<div id=\"wpforms-3675-field_1-container\"\n\t\t\tclass=\"wpforms-field wpforms-field-text\"\n\t\t\tdata-field-type=\"text\"\n\t\t\tdata-field-id=\"1\"\n\t\t\t>\n\t\t\t<label class=\"wpforms-field-label\" for=\"wpforms-3675-field_1\" >Nom Message E-mail<\/label>\n\t\t\t<input type=\"text\" id=\"wpforms-3675-field_1\" class=\"wpforms-field-medium\" name=\"wpforms[fields][1]\" >\n\t\t<\/div>\n\t\t<div id=\"wpforms-3675-field_5-container\" class=\"wpforms-field wpforms-field-textarea\" data-field-id=\"5\"><label class=\"wpforms-field-label\" for=\"wpforms-3675-field_5\">Message <span class=\"wpforms-required-label\" aria-hidden=\"true\">*<\/span><\/label><textarea id=\"wpforms-3675-field_5\" class=\"wpforms-field-medium wpforms-field-required\" name=\"wpforms[fields][5]\" aria-errormessage=\"wpforms-3675-field_5-error\" required><\/textarea><\/div><script>\n\t\t\t\t( function() {\n\t\t\t\t\tconst style = document.createElement( 'style' );\n\t\t\t\t\tstyle.appendChild( document.createTextNode( '#wpforms-3675-field_1-container { position: absolute !important; overflow: hidden !important; display: inline !important; height: 1px !important; width: 1px !important; z-index: -1000 !important; padding: 0 !important; } #wpforms-3675-field_1-container input { visibility: hidden; } #wpforms-conversational-form-page #wpforms-3675-field_1-container label { counter-increment: none; }' ) );\n\t\t\t\t\tdocument.head.appendChild( style );\n\t\t\t\t\tdocument.currentScript?.remove();\n\t\t\t\t} )();\n\t\t\t<\/script><\/div><!-- .wpforms-field-container --><div class=\"wpforms-submit-container\" ><input type=\"hidden\" name=\"wpforms[id]\" value=\"3675\"><input type=\"hidden\" name=\"page_title\" value=\"\"><input type=\"hidden\" name=\"page_url\" value=\"https:\/\/homeproject.fr\/fr\/wp-json\/wp\/v2\/product\/15933\"><input type=\"hidden\" name=\"url_referer\" value=\"\"><button type=\"submit\" name=\"wpforms[submit]\" id=\"wpforms-submit-3675\" class=\"wpforms-submit\" data-alt-text=\"Envoi...\" data-submit-text=\"Envoyer\" aria-live=\"assertive\" value=\"wpforms-submit\">Envoyer<\/button><img decoding=\"async\" src=\"https:\/\/homeproject.fr\/fr\/wp-content\/plugins\/wpforms-lite\/assets\/images\/submit-spin.svg\" class=\"wpforms-submit-spinner\" style=\"display: none;\" width=\"26\" height=\"26\" alt=\"Chargement en cours\"><\/div><\/form><\/div>  <!-- .wpforms-container -->\n","protected":false},"excerpt":{"rendered":"<p data-start=\"53\" data-end=\"97\">Pens\u00e9e pour les int\u00e9rieurs contemporains haut de gamme, la <strong data-start=\"179\" data-end=\"202\">table basse Albenga<\/strong> incarne un \u00e9quilibre parfait entre <strong data-start=\"238\" data-end=\"260\">design minimaliste<\/strong>, innovation technique et mat\u00e9riaux premium. Son esth\u00e9tique \u00e9pur\u00e9e, associ\u00e9e \u00e0 un ing\u00e9nieux <strong data-start=\"352\" data-end=\"379\">plateau pivotant \u00e0 360\u00b0<\/strong>, en fait une pi\u00e8ce centrale id\u00e9ale pour un salon moderne, notamment dans une ambiance de villa m\u00e9diterran\u00e9enne ou d\u2019appartement design.<\/p>\n","protected":false},"featured_media":15934,"template":"","meta":{"_uf_show_specific_survey":0,"_uf_disable_surveys":false,"iawp_total_views":7},"product_brand":[],"product_cat":[151],"product_tag":[],"class_list":{"0":"post-15933","1":"product","2":"type-product","3":"status-publish","4":"has-post-thumbnail","6":"product_cat-tables-basses","7":"product_shipping_class-gros-colis-messagerie","8":"pa_materiau-ceramique","9":"pa_materiau-metal","11":"first","12":"instock","13":"taxable","14":"shipping-taxable","15":"purchasable","16":"product-type-simple"},"yoast_head":"<!-- This site is optimized with the Yoast SEO plugin v27.4 - https:\/\/yoast.com\/product\/yoast-seo-wordpress\/ -->\n<title>Table basse extensible en c\u00e9ramique argile et acier noir ALBENGA - Homeproject.fr<\/title>\n<meta name=\"robots\" content=\"index, follow, max-snippet:-1, max-image-preview:large, max-video-preview:-1\" \/>\n<link rel=\"canonical\" href=\"https:\/\/homeproject.fr\/fr\/produit\/table-basse-extensible-en-ceramique-argile-et-acier-noir-albenga\/\" \/>\n<meta property=\"og:locale\" content=\"fr_FR\" \/>\n<meta property=\"og:type\" content=\"article\" \/>\n<meta property=\"og:title\" content=\"Table basse extensible en c\u00e9ramique argile et acier noir ALBENGA - Homeproject.fr\" \/>\n<meta property=\"og:description\" content=\"Pens\u00e9e pour les int\u00e9rieurs contemporains haut de gamme, la table basse Albenga incarne un \u00e9quilibre parfait entre design minimaliste, innovation technique et mat\u00e9riaux premium. Son esth\u00e9tique \u00e9pur\u00e9e, associ\u00e9e \u00e0 un ing\u00e9nieux plateau pivotant \u00e0 360\u00b0, en fait une pi\u00e8ce centrale id\u00e9ale pour un salon moderne, notamment dans une ambiance de villa m\u00e9diterran\u00e9enne ou d\u2019appartement design.\" \/>\n<meta property=\"og:url\" content=\"https:\/\/homeproject.fr\/fr\/produit\/table-basse-extensible-en-ceramique-argile-et-acier-noir-albenga\/\" \/>\n<meta property=\"og:site_name\" content=\"Homeproject.fr\" \/>\n<meta property=\"article:modified_time\" content=\"2026-02-28T15:51:20+00:00\" \/>\n<meta property=\"og:image\" content=\"https:\/\/homeproject.fr\/fr\/wp-content\/uploads\/2026\/02\/Table-basse-pivotante-en-metal-noir-et-plateaux-ovales-en-ceramique-Argile.jpg\" \/>\n\t<meta property=\"og:image:width\" content=\"1500\" \/>\n\t<meta property=\"og:image:height\" content=\"1500\" \/>\n\t<meta property=\"og:image:type\" content=\"image\/jpeg\" \/>\n<meta name=\"twitter:card\" content=\"summary_large_image\" \/>\n<meta name=\"twitter:label1\" content=\"Dur\u00e9e de lecture estim\u00e9e\" \/>\n\t<meta name=\"twitter:data1\" content=\"2 minutes\" \/>\n<script type=\"application\/ld+json\" class=\"yoast-schema-graph\">{\"@context\":\"https:\\\/\\\/schema.org\",\"@graph\":[{\"@type\":\"WebPage\",\"@id\":\"https:\\\/\\\/homeproject.fr\\\/fr\\\/produit\\\/table-basse-extensible-en-ceramique-argile-et-acier-noir-albenga\\\/\",\"url\":\"https:\\\/\\\/homeproject.fr\\\/fr\\\/produit\\\/table-basse-extensible-en-ceramique-argile-et-acier-noir-albenga\\\/\",\"name\":\"Table basse extensible en c\u00e9ramique argile et acier noir ALBENGA - Homeproject.fr\",\"isPartOf\":{\"@id\":\"https:\\\/\\\/homeproject.fr\\\/fr\\\/#website\"},\"primaryImageOfPage\":{\"@id\":\"https:\\\/\\\/homeproject.fr\\\/fr\\\/produit\\\/table-basse-extensible-en-ceramique-argile-et-acier-noir-albenga\\\/#primaryimage\"},\"image\":{\"@id\":\"https:\\\/\\\/homeproject.fr\\\/fr\\\/produit\\\/table-basse-extensible-en-ceramique-argile-et-acier-noir-albenga\\\/#primaryimage\"},\"thumbnailUrl\":\"https:\\\/\\\/homeproject.fr\\\/fr\\\/wp-content\\\/uploads\\\/2026\\\/02\\\/Table-basse-pivotante-en-metal-noir-et-plateaux-ovales-en-ceramique-Argile.jpg\",\"datePublished\":\"2026-02-28T15:43:14+00:00\",\"dateModified\":\"2026-02-28T15:51:20+00:00\",\"breadcrumb\":{\"@id\":\"https:\\\/\\\/homeproject.fr\\\/fr\\\/produit\\\/table-basse-extensible-en-ceramique-argile-et-acier-noir-albenga\\\/#breadcrumb\"},\"inLanguage\":\"fr-FR\",\"potentialAction\":[{\"@type\":\"ReadAction\",\"target\":[\"https:\\\/\\\/homeproject.fr\\\/fr\\\/produit\\\/table-basse-extensible-en-ceramique-argile-et-acier-noir-albenga\\\/\"]}]},{\"@type\":\"ImageObject\",\"inLanguage\":\"fr-FR\",\"@id\":\"https:\\\/\\\/homeproject.fr\\\/fr\\\/produit\\\/table-basse-extensible-en-ceramique-argile-et-acier-noir-albenga\\\/#primaryimage\",\"url\":\"https:\\\/\\\/homeproject.fr\\\/fr\\\/wp-content\\\/uploads\\\/2026\\\/02\\\/Table-basse-pivotante-en-metal-noir-et-plateaux-ovales-en-ceramique-Argile.jpg\",\"contentUrl\":\"https:\\\/\\\/homeproject.fr\\\/fr\\\/wp-content\\\/uploads\\\/2026\\\/02\\\/Table-basse-pivotante-en-metal-noir-et-plateaux-ovales-en-ceramique-Argile.jpg\",\"width\":1500,\"height\":1500},{\"@type\":\"BreadcrumbList\",\"@id\":\"https:\\\/\\\/homeproject.fr\\\/fr\\\/produit\\\/table-basse-extensible-en-ceramique-argile-et-acier-noir-albenga\\\/#breadcrumb\",\"itemListElement\":[{\"@type\":\"ListItem\",\"position\":1,\"name\":\"Accueil\",\"item\":\"https:\\\/\\\/homeproject.fr\\\/fr\\\/\"},{\"@type\":\"ListItem\",\"position\":2,\"name\":\"Boutique\",\"item\":\"https:\\\/\\\/homeproject.fr\\\/fr\\\/boutique\\\/\"},{\"@type\":\"ListItem\",\"position\":3,\"name\":\"Table basse extensible en c\u00e9ramique argile et acier noir ALBENGA\"}]},{\"@type\":\"WebSite\",\"@id\":\"https:\\\/\\\/homeproject.fr\\\/fr\\\/#website\",\"url\":\"https:\\\/\\\/homeproject.fr\\\/fr\\\/\",\"name\":\"Homeproject.fr\",\"description\":\"Offrez l&#039;exceptionnel \u00e0 vos espaces \u00e0 vivre\",\"publisher\":{\"@id\":\"https:\\\/\\\/homeproject.fr\\\/fr\\\/#organization\"},\"potentialAction\":[{\"@type\":\"SearchAction\",\"target\":{\"@type\":\"EntryPoint\",\"urlTemplate\":\"https:\\\/\\\/homeproject.fr\\\/fr\\\/?s={search_term_string}\"},\"query-input\":{\"@type\":\"PropertyValueSpecification\",\"valueRequired\":true,\"valueName\":\"search_term_string\"}}],\"inLanguage\":\"fr-FR\"},{\"@type\":\"Organization\",\"@id\":\"https:\\\/\\\/homeproject.fr\\\/fr\\\/#organization\",\"name\":\"Homeproject.fr\",\"url\":\"https:\\\/\\\/homeproject.fr\\\/fr\\\/\",\"logo\":{\"@type\":\"ImageObject\",\"inLanguage\":\"fr-FR\",\"@id\":\"https:\\\/\\\/homeproject.fr\\\/fr\\\/#\\\/schema\\\/logo\\\/image\\\/\",\"url\":\"https:\\\/\\\/homeproject.fr\\\/fr\\\/wp-content\\\/uploads\\\/2024\\\/12\\\/Logo_HomeProject-noir-2.png\",\"contentUrl\":\"https:\\\/\\\/homeproject.fr\\\/fr\\\/wp-content\\\/uploads\\\/2024\\\/12\\\/Logo_HomeProject-noir-2.png\",\"width\":300,\"height\":91,\"caption\":\"Homeproject.fr\"},\"image\":{\"@id\":\"https:\\\/\\\/homeproject.fr\\\/fr\\\/#\\\/schema\\\/logo\\\/image\\\/\"}}]}<\/script>\n<!-- \/ Yoast SEO plugin. -->","yoast_head_json":{"title":"Table basse extensible en c\u00e9ramique argile et acier noir ALBENGA - Homeproject.fr","robots":{"index":"index","follow":"follow","max-snippet":"max-snippet:-1","max-image-preview":"max-image-preview:large","max-video-preview":"max-video-preview:-1"},"canonical":"https:\/\/homeproject.fr\/fr\/produit\/table-basse-extensible-en-ceramique-argile-et-acier-noir-albenga\/","og_locale":"fr_FR","og_type":"article","og_title":"Table basse extensible en c\u00e9ramique argile et acier noir ALBENGA - Homeproject.fr","og_description":"Pens\u00e9e pour les int\u00e9rieurs contemporains haut de gamme, la table basse Albenga incarne un \u00e9quilibre parfait entre design minimaliste, innovation technique et mat\u00e9riaux premium. Son esth\u00e9tique \u00e9pur\u00e9e, associ\u00e9e \u00e0 un ing\u00e9nieux plateau pivotant \u00e0 360\u00b0, en fait une pi\u00e8ce centrale id\u00e9ale pour un salon moderne, notamment dans une ambiance de villa m\u00e9diterran\u00e9enne ou d\u2019appartement design.","og_url":"https:\/\/homeproject.fr\/fr\/produit\/table-basse-extensible-en-ceramique-argile-et-acier-noir-albenga\/","og_site_name":"Homeproject.fr","article_modified_time":"2026-02-28T15:51:20+00:00","og_image":[{"width":1500,"height":1500,"url":"https:\/\/homeproject.fr\/fr\/wp-content\/uploads\/2026\/02\/Table-basse-pivotante-en-metal-noir-et-plateaux-ovales-en-ceramique-Argile.jpg","type":"image\/jpeg"}],"twitter_card":"summary_large_image","twitter_misc":{"Dur\u00e9e de lecture estim\u00e9e":"2 minutes"},"schema":{"@context":"https:\/\/schema.org","@graph":[{"@type":"WebPage","@id":"https:\/\/homeproject.fr\/fr\/produit\/table-basse-extensible-en-ceramique-argile-et-acier-noir-albenga\/","url":"https:\/\/homeproject.fr\/fr\/produit\/table-basse-extensible-en-ceramique-argile-et-acier-noir-albenga\/","name":"Table basse extensible en c\u00e9ramique argile et acier noir ALBENGA - Homeproject.fr","isPartOf":{"@id":"https:\/\/homeproject.fr\/fr\/#website"},"primaryImageOfPage":{"@id":"https:\/\/homeproject.fr\/fr\/produit\/table-basse-extensible-en-ceramique-argile-et-acier-noir-albenga\/#primaryimage"},"image":{"@id":"https:\/\/homeproject.fr\/fr\/produit\/table-basse-extensible-en-ceramique-argile-et-acier-noir-albenga\/#primaryimage"},"thumbnailUrl":"https:\/\/homeproject.fr\/fr\/wp-content\/uploads\/2026\/02\/Table-basse-pivotante-en-metal-noir-et-plateaux-ovales-en-ceramique-Argile.jpg","datePublished":"2026-02-28T15:43:14+00:00","dateModified":"2026-02-28T15:51:20+00:00","breadcrumb":{"@id":"https:\/\/homeproject.fr\/fr\/produit\/table-basse-extensible-en-ceramique-argile-et-acier-noir-albenga\/#breadcrumb"},"inLanguage":"fr-FR","potentialAction":[{"@type":"ReadAction","target":["https:\/\/homeproject.fr\/fr\/produit\/table-basse-extensible-en-ceramique-argile-et-acier-noir-albenga\/"]}]},{"@type":"ImageObject","inLanguage":"fr-FR","@id":"https:\/\/homeproject.fr\/fr\/produit\/table-basse-extensible-en-ceramique-argile-et-acier-noir-albenga\/#primaryimage","url":"https:\/\/homeproject.fr\/fr\/wp-content\/uploads\/2026\/02\/Table-basse-pivotante-en-metal-noir-et-plateaux-ovales-en-ceramique-Argile.jpg","contentUrl":"https:\/\/homeproject.fr\/fr\/wp-content\/uploads\/2026\/02\/Table-basse-pivotante-en-metal-noir-et-plateaux-ovales-en-ceramique-Argile.jpg","width":1500,"height":1500},{"@type":"BreadcrumbList","@id":"https:\/\/homeproject.fr\/fr\/produit\/table-basse-extensible-en-ceramique-argile-et-acier-noir-albenga\/#breadcrumb","itemListElement":[{"@type":"ListItem","position":1,"name":"Accueil","item":"https:\/\/homeproject.fr\/fr\/"},{"@type":"ListItem","position":2,"name":"Boutique","item":"https:\/\/homeproject.fr\/fr\/boutique\/"},{"@type":"ListItem","position":3,"name":"Table basse extensible en c\u00e9ramique argile et acier noir ALBENGA"}]},{"@type":"WebSite","@id":"https:\/\/homeproject.fr\/fr\/#website","url":"https:\/\/homeproject.fr\/fr\/","name":"Homeproject.fr","description":"Offrez l&#039;exceptionnel \u00e0 vos espaces \u00e0 vivre","publisher":{"@id":"https:\/\/homeproject.fr\/fr\/#organization"},"potentialAction":[{"@type":"SearchAction","target":{"@type":"EntryPoint","urlTemplate":"https:\/\/homeproject.fr\/fr\/?s={search_term_string}"},"query-input":{"@type":"PropertyValueSpecification","valueRequired":true,"valueName":"search_term_string"}}],"inLanguage":"fr-FR"},{"@type":"Organization","@id":"https:\/\/homeproject.fr\/fr\/#organization","name":"Homeproject.fr","url":"https:\/\/homeproject.fr\/fr\/","logo":{"@type":"ImageObject","inLanguage":"fr-FR","@id":"https:\/\/homeproject.fr\/fr\/#\/schema\/logo\/image\/","url":"https:\/\/homeproject.fr\/fr\/wp-content\/uploads\/2024\/12\/Logo_HomeProject-noir-2.png","contentUrl":"https:\/\/homeproject.fr\/fr\/wp-content\/uploads\/2024\/12\/Logo_HomeProject-noir-2.png","width":300,"height":91,"caption":"Homeproject.fr"},"image":{"@id":"https:\/\/homeproject.fr\/fr\/#\/schema\/logo\/image\/"}}]}},"_links":{"self":[{"href":"https:\/\/homeproject.fr\/fr\/wp-json\/wp\/v2\/product\/15933","targetHints":{"allow":["GET"]}}],"collection":[{"href":"https:\/\/homeproject.fr\/fr\/wp-json\/wp\/v2\/product"}],"about":[{"href":"https:\/\/homeproject.fr\/fr\/wp-json\/wp\/v2\/types\/product"}],"version-history":[{"count":1,"href":"https:\/\/homeproject.fr\/fr\/wp-json\/wp\/v2\/product\/15933\/revisions"}],"predecessor-version":[{"id":15939,"href":"https:\/\/homeproject.fr\/fr\/wp-json\/wp\/v2\/product\/15933\/revisions\/15939"}],"wp:featuredmedia":[{"embeddable":true,"href":"https:\/\/homeproject.fr\/fr\/wp-json\/wp\/v2\/media\/15934"}],"wp:attachment":[{"href":"https:\/\/homeproject.fr\/fr\/wp-json\/wp\/v2\/media?parent=15933"}],"wp:term":[{"taxonomy":"product_brand","embeddable":true,"href":"https:\/\/homeproject.fr\/fr\/wp-json\/wp\/v2\/product_brand?post=15933"},{"taxonomy":"product_cat","embeddable":true,"href":"https:\/\/homeproject.fr\/fr\/wp-json\/wp\/v2\/product_cat?post=15933"},{"taxonomy":"product_tag","embeddable":true,"href":"https:\/\/homeproject.fr\/fr\/wp-json\/wp\/v2\/product_tag?post=15933"}],"curies":[{"name":"wp","href":"https:\/\/api.w.org\/{rel}","templated":true}]}}