{"id":15849,"date":"2026-02-13T13:22:29","date_gmt":"2026-02-13T13:22:29","guid":{"rendered":"https:\/\/homeproject.fr\/fr\/?post_type=product&#038;p=15849"},"modified":"2026-02-13T14:26:40","modified_gmt":"2026-02-13T14:26:40","slug":"coupe-carreaux-professionnel-siripro-160-art-20160f","status":"publish","type":"product","link":"https:\/\/homeproject.fr\/fr\/produit\/coupe-carreaux-professionnel-siripro-160-art-20160f\/","title":{"rendered":"Coupe-carreaux professionnel SiriPro 160 \u2013 Art. 20160F"},"content":{"rendered":"<p><iframe title=\"SIRIPRO 130\" width=\"1400\" height=\"788\" src=\"https:\/\/www.youtube.com\/embed\/SDWgW1XGgAw?feature=oembed\" frameborder=\"0\" allow=\"accelerometer; autoplay; clipboard-write; encrypted-media; gyroscope; picture-in-picture; web-share\" referrerpolicy=\"strict-origin-when-cross-origin\" allowfullscreen><\/iframe><\/p>\n<h3 data-start=\"695\" data-end=\"729\">Caract\u00e9ristiques techniques<\/h3>\n<ul data-start=\"731\" data-end=\"1109\">\n<li data-start=\"731\" data-end=\"774\">\n<p data-start=\"733\" data-end=\"774\"><strong data-start=\"733\" data-end=\"765\">Longueur de coupe lin\u00e9aire :<\/strong> 160 cm<\/p>\n<\/li>\n<li data-start=\"775\" data-end=\"813\">\n<p data-start=\"777\" data-end=\"813\"><strong data-start=\"777\" data-end=\"798\">Coupe diagonale :<\/strong> 113 x 113 cm<\/p>\n<\/li>\n<li data-start=\"814\" data-end=\"857\">\n<p data-start=\"816\" data-end=\"857\"><strong data-start=\"816\" data-end=\"849\">\u00c9paisseur de coupe maximale :<\/strong> 15 mm<\/p>\n<\/li>\n<li data-start=\"858\" data-end=\"920\">\n<p data-start=\"860\" data-end=\"920\"><strong data-start=\"860\" data-end=\"882\">Molette de coupe :<\/strong> \u00d8 22 mm avec axe \u2013 r\u00e9f. art. 105023<\/p>\n<\/li>\n<li data-start=\"921\" data-end=\"978\">\n<p data-start=\"923\" data-end=\"978\"><strong data-start=\"923\" data-end=\"938\">Structure :<\/strong> ch\u00e2ssis en aluminium haute r\u00e9sistance<\/p>\n<\/li>\n<li data-start=\"979\" data-end=\"1000\">\n<p data-start=\"981\" data-end=\"1000\"><strong data-start=\"981\" data-end=\"992\">Poids :<\/strong> 45 kg<\/p>\n<\/li>\n<li data-start=\"1001\" data-end=\"1048\">\n<p data-start=\"1003\" data-end=\"1048\"><strong data-start=\"1003\" data-end=\"1029\">Dimensions emballage :<\/strong> 195 x 45 x 30 cm<\/p>\n<\/li>\n<\/ul>\n<hr data-start=\"1111\" data-end=\"1114\" \/>\n<h3 data-start=\"1116\" data-end=\"1162\">Performance & pr\u00e9cision professionnelle<\/h3>\n<p data-start=\"1164\" data-end=\"1432\">Le <strong data-start=\"1167\" data-end=\"1182\">SiriPro 160<\/strong> est \u00e9quip\u00e9 d\u2019un <strong data-start=\"1199\" data-end=\"1256\">chariot en aluminium mont\u00e9 sur 11 roulements \u00e0 billes<\/strong>, garantissant une glisse fluide et r\u00e9guli\u00e8re. La ligne de coupe reste parfaitement visible, assurant un tra\u00e7age net et pr\u00e9cis, m\u00eame sur les surfaces techniques ou structur\u00e9es.<\/p>\n<p data-start=\"1434\" data-end=\"1653\">Les <strong data-start=\"1438\" data-end=\"1468\">plans de travail \u00e0 ressort<\/strong> facilitent la s\u00e9paration du carreau apr\u00e8s incision, tandis que les <strong data-start=\"1536\" data-end=\"1572\">4 s\u00e9parateurs int\u00e9gr\u00e9s au manche<\/strong>, prot\u00e9g\u00e9s par du t\u00e9flon, assurent une pression uniforme sans marquer la surface.<\/p>\n<hr data-start=\"1655\" data-end=\"1658\" \/>\n<h3 data-start=\"1660\" data-end=\"1697\">Coupe d\u2019angle & grands formats<\/h3>\n<p data-start=\"1699\" data-end=\"1803\">Le <strong data-start=\"1702\" data-end=\"1745\">guide d\u2019angle orientable des deux c\u00f4t\u00e9s<\/strong> permet des coupes pr\u00e9cises jusqu\u2019\u00e0 <strong data-start=\"1781\" data-end=\"1789\">\u00b145\u00b0<\/strong>. Il int\u00e8gre :<\/p>\n<ul data-start=\"1805\" data-end=\"1962\">\n<li data-start=\"1805\" data-end=\"1857\">\n<p data-start=\"1807\" data-end=\"1857\">Une double graduation en <strong data-start=\"1832\" data-end=\"1857\">centim\u00e8tres et pouces<\/strong><\/p>\n<\/li>\n<li data-start=\"1858\" data-end=\"1911\">\n<p data-start=\"1860\" data-end=\"1911\">Une \u00e9chelle sp\u00e9cifique pour la <strong data-start=\"1891\" data-end=\"1911\">mesure diagonale<\/strong><\/p>\n<\/li>\n<li data-start=\"1912\" data-end=\"1962\">\n<p data-start=\"1914\" data-end=\"1962\">Une rallonge rabattable pour les grands carreaux<\/p>\n<\/li>\n<\/ul>\n<p data-start=\"1964\" data-end=\"2114\">Les <strong data-start=\"1968\" data-end=\"2002\">supports lat\u00e9raux escamotables<\/strong> offrent un maintien optimal des carreaux grand format, am\u00e9liorant la stabilit\u00e9 et la s\u00e9curit\u00e9 pendant la coupe.<\/p>\n<hr data-start=\"2116\" data-end=\"2119\" \/>\n<h3 data-start=\"2121\" data-end=\"2162\">Conception robuste et ergonomique<\/h3>\n<ul data-start=\"2164\" data-end=\"2337\">\n<li data-start=\"2164\" data-end=\"2227\">\n<p data-start=\"2166\" data-end=\"2227\"><strong data-start=\"2166\" data-end=\"2190\">Ch\u00e2ssis en aluminium<\/strong> : solidit\u00e9, l\u00e9g\u00e8ret\u00e9 et durabilit\u00e9<\/p>\n<\/li>\n<li data-start=\"2228\" data-end=\"2285\">\n<p data-start=\"2230\" data-end=\"2285\"><strong data-start=\"2230\" data-end=\"2283\">Pieds en caoutchouc antid\u00e9rapants et anti-rayures<\/strong><\/p>\n<\/li>\n<li data-start=\"2286\" data-end=\"2337\">\n<p data-start=\"2288\" data-end=\"2337\">Manipulation stable et confortable sur chantier<\/p>\n<\/li>\n<\/ul>\n<p data-start=\"2339\" data-end=\"2366\">En option (sur demande) :<\/p>\n<ul data-start=\"2367\" data-end=\"2452\">\n<li data-start=\"2367\" data-end=\"2399\">\n<p data-start=\"2369\" data-end=\"2399\">Valises et sacs de transport<\/p>\n<\/li>\n<li data-start=\"2400\" data-end=\"2452\">\n<p data-start=\"2402\" data-end=\"2452\">Tapis en caoutchouc pour la d\u00e9coupe de mosa\u00efques<\/p>\n<\/li>\n<\/ul>\n<hr data-start=\"2454\" data-end=\"2457\" \/>\n<h2 data-start=\"2459\" data-end=\"2510\">Pourquoi choisir le coupe-carreaux SiriPro 160 ?<\/h2>\n<p data-start=\"2512\" data-end=\"2795\">\u2714 Id\u00e9al pour la <strong data-start=\"2528\" data-end=\"2562\">pose de carrelage grand format<\/strong><br data-start=\"2562\" data-end=\"2565\" \/>\u2714 Parfait pour le <strong data-start=\"2583\" data-end=\"2624\">gr\u00e8s c\u00e9rame jusqu\u2019\u00e0 15 mm d\u2019\u00e9paisseur<\/strong><br data-start=\"2624\" data-end=\"2627\" \/>\u2714 Pr\u00e9cision professionnelle gr\u00e2ce aux 11 roulements \u00e0 billes<br data-start=\"2687\" data-end=\"2690\" \/>\u2714 Structure robuste adapt\u00e9e aux chantiers intensifs<br data-start=\"2741\" data-end=\"2744\" \/>\u2714 Coupe lin\u00e9aire 160 cm et diagonale 113 x 113 cm<\/p>\n<p data-start=\"2797\" data-end=\"2999\">Le <strong data-start=\"2800\" data-end=\"2827\">SiriPro 160 art. 20160F<\/strong> est l\u2019outil incontournable pour les carreleurs professionnels, artisans et entreprises sp\u00e9cialis\u00e9es recherchant <strong data-start=\"2940\" data-end=\"2998\">fiabilit\u00e9, pr\u00e9cision et performance sur grands formats<\/strong>.<\/p>\n","protected":false},"excerpt":{"rendered":"<p data-start=\"64\" data-end=\"142\"><strong data-start=\"64\" data-end=\"142\">Syst\u00e8me \u00e0 pouss\u00e9e | Coupe jusqu\u2019\u00e0 160 cm | Sp\u00e9cial gr\u00e8s c\u00e9rame &amp; c\u00e9ramique<\/strong><\/p>\n<p data-start=\"144\" data-end=\"484\">Le <strong data-start=\"147\" data-end=\"174\">SiriPro 160 art. 20160F<\/strong> est un coupe-carreaux professionnel \u00e0 syst\u00e8me \u00e0 pouss\u00e9e, con\u00e7u pour les carreleurs exigeants et les chantiers de grande envergure. Id\u00e9al pour la <strong data-start=\"320\" data-end=\"371\">d\u00e9coupe de carreaux en c\u00e9ramique et gr\u00e8s c\u00e9rame<\/strong>, il offre une pr\u00e9cision remarquable, une grande capacit\u00e9 de coupe et une robustesse adapt\u00e9e \u00e0 un usage intensif.<\/p>\n<p data-start=\"486\" data-end=\"688\">Gr\u00e2ce \u00e0 sa <strong data-start=\"497\" data-end=\"537\">longueur de coupe lin\u00e9aire de 160 cm<\/strong>, il permet de travailler facilement les <strong data-start=\"578\" data-end=\"596\">grands formats<\/strong>, devenus incontournables dans les projets contemporains (120&#215;120, 120&#215;60, 150&#215;75 cm, etc.).<\/p>\n","protected":false},"featured_media":15850,"template":"","meta":{"_uf_show_specific_survey":0,"_uf_disable_surveys":false,"iawp_total_views":10},"product_brand":[],"product_cat":[671],"product_tag":[],"class_list":{"0":"post-15849","1":"product","2":"type-product","3":"status-publish","4":"has-post-thumbnail","6":"product_cat-outillage","7":"product_shipping_class-gros-colis-messagerie","9":"first","10":"instock","11":"taxable","12":"shipping-taxable","13":"purchasable","14":"product-type-simple"},"yoast_head":"<!-- This site is optimized with the Yoast SEO plugin v27.6 - https:\/\/yoast.com\/product\/yoast-seo-wordpress\/ -->\n<title>Coupe-carreaux professionnel SiriPro 160 \u2013 Art. 20160F - Homeproject.fr<\/title>\n<meta name=\"robots\" content=\"index, follow, max-snippet:-1, max-image-preview:large, max-video-preview:-1\" \/>\n<link rel=\"canonical\" href=\"https:\/\/homeproject.fr\/fr\/produit\/coupe-carreaux-professionnel-siripro-160-art-20160f\/\" \/>\n<meta property=\"og:locale\" content=\"fr_FR\" \/>\n<meta property=\"og:type\" content=\"article\" \/>\n<meta property=\"og:title\" content=\"Coupe-carreaux professionnel SiriPro 160 \u2013 Art. 20160F - Homeproject.fr\" \/>\n<meta property=\"og:description\" content=\"Syst\u00e8me \u00e0 pouss\u00e9e | Coupe jusqu\u2019\u00e0 160 cm | Sp\u00e9cial gr\u00e8s c\u00e9rame &amp; c\u00e9ramique Le SiriPro 160 art. 20160F est un coupe-carreaux professionnel \u00e0 syst\u00e8me \u00e0 pouss\u00e9e, con\u00e7u pour les carreleurs exigeants et les chantiers de grande envergure. Id\u00e9al pour la d\u00e9coupe de carreaux en c\u00e9ramique et gr\u00e8s c\u00e9rame, il offre une pr\u00e9cision remarquable, une grande capacit\u00e9 de coupe et une robustesse adapt\u00e9e \u00e0 un usage intensif. Gr\u00e2ce \u00e0 sa longueur de coupe lin\u00e9aire de 160 cm, il permet de travailler facilement les grands formats, devenus incontournables dans les projets contemporains (120x120, 120x60, 150x75 cm, etc.).\" \/>\n<meta property=\"og:url\" content=\"https:\/\/homeproject.fr\/fr\/produit\/coupe-carreaux-professionnel-siripro-160-art-20160f\/\" \/>\n<meta property=\"og:site_name\" content=\"Homeproject.fr\" \/>\n<meta property=\"article:modified_time\" content=\"2026-02-13T14:26:40+00:00\" \/>\n<meta property=\"og:image\" content=\"https:\/\/homeproject.fr\/fr\/wp-content\/uploads\/2026\/02\/Coupe-carreau-carrelette-Siri-Pro-160-art-20160F.jpg\" \/>\n\t<meta property=\"og:image:width\" content=\"1500\" \/>\n\t<meta property=\"og:image:height\" content=\"1500\" \/>\n\t<meta property=\"og:image:type\" content=\"image\/jpeg\" \/>\n<meta name=\"twitter:card\" content=\"summary_large_image\" \/>\n<meta name=\"twitter:label1\" content=\"Dur\u00e9e de lecture estim\u00e9e\" \/>\n\t<meta name=\"twitter:data1\" content=\"2 minutes\" \/>\n<script type=\"application\/ld+json\" class=\"yoast-schema-graph\">{\"@context\":\"https:\\\/\\\/schema.org\",\"@graph\":[{\"@type\":\"WebPage\",\"@id\":\"https:\\\/\\\/homeproject.fr\\\/fr\\\/produit\\\/coupe-carreaux-professionnel-siripro-160-art-20160f\\\/\",\"url\":\"https:\\\/\\\/homeproject.fr\\\/fr\\\/produit\\\/coupe-carreaux-professionnel-siripro-160-art-20160f\\\/\",\"name\":\"Coupe-carreaux professionnel SiriPro 160 \u2013 Art. 20160F - Homeproject.fr\",\"isPartOf\":{\"@id\":\"https:\\\/\\\/homeproject.fr\\\/fr\\\/#website\"},\"primaryImageOfPage\":{\"@id\":\"https:\\\/\\\/homeproject.fr\\\/fr\\\/produit\\\/coupe-carreaux-professionnel-siripro-160-art-20160f\\\/#primaryimage\"},\"image\":{\"@id\":\"https:\\\/\\\/homeproject.fr\\\/fr\\\/produit\\\/coupe-carreaux-professionnel-siripro-160-art-20160f\\\/#primaryimage\"},\"thumbnailUrl\":\"https:\\\/\\\/homeproject.fr\\\/fr\\\/wp-content\\\/uploads\\\/2026\\\/02\\\/Coupe-carreau-carrelette-Siri-Pro-160-art-20160F.jpg\",\"datePublished\":\"2026-02-13T13:22:29+00:00\",\"dateModified\":\"2026-02-13T14:26:40+00:00\",\"breadcrumb\":{\"@id\":\"https:\\\/\\\/homeproject.fr\\\/fr\\\/produit\\\/coupe-carreaux-professionnel-siripro-160-art-20160f\\\/#breadcrumb\"},\"inLanguage\":\"fr-FR\",\"potentialAction\":[{\"@type\":\"ReadAction\",\"target\":[\"https:\\\/\\\/homeproject.fr\\\/fr\\\/produit\\\/coupe-carreaux-professionnel-siripro-160-art-20160f\\\/\"]}]},{\"@type\":\"ImageObject\",\"inLanguage\":\"fr-FR\",\"@id\":\"https:\\\/\\\/homeproject.fr\\\/fr\\\/produit\\\/coupe-carreaux-professionnel-siripro-160-art-20160f\\\/#primaryimage\",\"url\":\"https:\\\/\\\/homeproject.fr\\\/fr\\\/wp-content\\\/uploads\\\/2026\\\/02\\\/Coupe-carreau-carrelette-Siri-Pro-160-art-20160F.jpg\",\"contentUrl\":\"https:\\\/\\\/homeproject.fr\\\/fr\\\/wp-content\\\/uploads\\\/2026\\\/02\\\/Coupe-carreau-carrelette-Siri-Pro-160-art-20160F.jpg\",\"width\":1500,\"height\":1500},{\"@type\":\"BreadcrumbList\",\"@id\":\"https:\\\/\\\/homeproject.fr\\\/fr\\\/produit\\\/coupe-carreaux-professionnel-siripro-160-art-20160f\\\/#breadcrumb\",\"itemListElement\":[{\"@type\":\"ListItem\",\"position\":1,\"name\":\"Accueil\",\"item\":\"https:\\\/\\\/homeproject.fr\\\/fr\\\/\"},{\"@type\":\"ListItem\",\"position\":2,\"name\":\"Boutique\",\"item\":\"https:\\\/\\\/homeproject.fr\\\/fr\\\/boutique\\\/\"},{\"@type\":\"ListItem\",\"position\":3,\"name\":\"Coupe-carreaux professionnel SiriPro 160 \u2013 Art. 20160F\"}]},{\"@type\":\"WebSite\",\"@id\":\"https:\\\/\\\/homeproject.fr\\\/fr\\\/#website\",\"url\":\"https:\\\/\\\/homeproject.fr\\\/fr\\\/\",\"name\":\"Homeproject.fr\",\"description\":\"Offrez l&#039;exceptionnel \u00e0 vos espaces \u00e0 vivre\",\"publisher\":{\"@id\":\"https:\\\/\\\/homeproject.fr\\\/fr\\\/#organization\"},\"potentialAction\":[{\"@type\":\"SearchAction\",\"target\":{\"@type\":\"EntryPoint\",\"urlTemplate\":\"https:\\\/\\\/homeproject.fr\\\/fr\\\/?s={search_term_string}\"},\"query-input\":{\"@type\":\"PropertyValueSpecification\",\"valueRequired\":true,\"valueName\":\"search_term_string\"}}],\"inLanguage\":\"fr-FR\"},{\"@type\":\"Organization\",\"@id\":\"https:\\\/\\\/homeproject.fr\\\/fr\\\/#organization\",\"name\":\"Homeproject.fr\",\"url\":\"https:\\\/\\\/homeproject.fr\\\/fr\\\/\",\"logo\":{\"@type\":\"ImageObject\",\"inLanguage\":\"fr-FR\",\"@id\":\"https:\\\/\\\/homeproject.fr\\\/fr\\\/#\\\/schema\\\/logo\\\/image\\\/\",\"url\":\"https:\\\/\\\/homeproject.fr\\\/fr\\\/wp-content\\\/uploads\\\/2024\\\/12\\\/Logo_HomeProject-noir-2.png\",\"contentUrl\":\"https:\\\/\\\/homeproject.fr\\\/fr\\\/wp-content\\\/uploads\\\/2024\\\/12\\\/Logo_HomeProject-noir-2.png\",\"width\":300,\"height\":91,\"caption\":\"Homeproject.fr\"},\"image\":{\"@id\":\"https:\\\/\\\/homeproject.fr\\\/fr\\\/#\\\/schema\\\/logo\\\/image\\\/\"}}]}<\/script>\n<!-- \/ Yoast SEO plugin. -->","yoast_head_json":{"title":"Coupe-carreaux professionnel SiriPro 160 \u2013 Art. 20160F - Homeproject.fr","robots":{"index":"index","follow":"follow","max-snippet":"max-snippet:-1","max-image-preview":"max-image-preview:large","max-video-preview":"max-video-preview:-1"},"canonical":"https:\/\/homeproject.fr\/fr\/produit\/coupe-carreaux-professionnel-siripro-160-art-20160f\/","og_locale":"fr_FR","og_type":"article","og_title":"Coupe-carreaux professionnel SiriPro 160 \u2013 Art. 20160F - Homeproject.fr","og_description":"Syst\u00e8me \u00e0 pouss\u00e9e | Coupe jusqu\u2019\u00e0 160 cm | Sp\u00e9cial gr\u00e8s c\u00e9rame &amp; c\u00e9ramique Le SiriPro 160 art. 20160F est un coupe-carreaux professionnel \u00e0 syst\u00e8me \u00e0 pouss\u00e9e, con\u00e7u pour les carreleurs exigeants et les chantiers de grande envergure. Id\u00e9al pour la d\u00e9coupe de carreaux en c\u00e9ramique et gr\u00e8s c\u00e9rame, il offre une pr\u00e9cision remarquable, une grande capacit\u00e9 de coupe et une robustesse adapt\u00e9e \u00e0 un usage intensif. Gr\u00e2ce \u00e0 sa longueur de coupe lin\u00e9aire de 160 cm, il permet de travailler facilement les grands formats, devenus incontournables dans les projets contemporains (120x120, 120x60, 150x75 cm, etc.).","og_url":"https:\/\/homeproject.fr\/fr\/produit\/coupe-carreaux-professionnel-siripro-160-art-20160f\/","og_site_name":"Homeproject.fr","article_modified_time":"2026-02-13T14:26:40+00:00","og_image":[{"width":1500,"height":1500,"url":"https:\/\/homeproject.fr\/fr\/wp-content\/uploads\/2026\/02\/Coupe-carreau-carrelette-Siri-Pro-160-art-20160F.jpg","type":"image\/jpeg"}],"twitter_card":"summary_large_image","twitter_misc":{"Dur\u00e9e de lecture estim\u00e9e":"2 minutes"},"schema":{"@context":"https:\/\/schema.org","@graph":[{"@type":"WebPage","@id":"https:\/\/homeproject.fr\/fr\/produit\/coupe-carreaux-professionnel-siripro-160-art-20160f\/","url":"https:\/\/homeproject.fr\/fr\/produit\/coupe-carreaux-professionnel-siripro-160-art-20160f\/","name":"Coupe-carreaux professionnel SiriPro 160 \u2013 Art. 20160F - Homeproject.fr","isPartOf":{"@id":"https:\/\/homeproject.fr\/fr\/#website"},"primaryImageOfPage":{"@id":"https:\/\/homeproject.fr\/fr\/produit\/coupe-carreaux-professionnel-siripro-160-art-20160f\/#primaryimage"},"image":{"@id":"https:\/\/homeproject.fr\/fr\/produit\/coupe-carreaux-professionnel-siripro-160-art-20160f\/#primaryimage"},"thumbnailUrl":"https:\/\/homeproject.fr\/fr\/wp-content\/uploads\/2026\/02\/Coupe-carreau-carrelette-Siri-Pro-160-art-20160F.jpg","datePublished":"2026-02-13T13:22:29+00:00","dateModified":"2026-02-13T14:26:40+00:00","breadcrumb":{"@id":"https:\/\/homeproject.fr\/fr\/produit\/coupe-carreaux-professionnel-siripro-160-art-20160f\/#breadcrumb"},"inLanguage":"fr-FR","potentialAction":[{"@type":"ReadAction","target":["https:\/\/homeproject.fr\/fr\/produit\/coupe-carreaux-professionnel-siripro-160-art-20160f\/"]}]},{"@type":"ImageObject","inLanguage":"fr-FR","@id":"https:\/\/homeproject.fr\/fr\/produit\/coupe-carreaux-professionnel-siripro-160-art-20160f\/#primaryimage","url":"https:\/\/homeproject.fr\/fr\/wp-content\/uploads\/2026\/02\/Coupe-carreau-carrelette-Siri-Pro-160-art-20160F.jpg","contentUrl":"https:\/\/homeproject.fr\/fr\/wp-content\/uploads\/2026\/02\/Coupe-carreau-carrelette-Siri-Pro-160-art-20160F.jpg","width":1500,"height":1500},{"@type":"BreadcrumbList","@id":"https:\/\/homeproject.fr\/fr\/produit\/coupe-carreaux-professionnel-siripro-160-art-20160f\/#breadcrumb","itemListElement":[{"@type":"ListItem","position":1,"name":"Accueil","item":"https:\/\/homeproject.fr\/fr\/"},{"@type":"ListItem","position":2,"name":"Boutique","item":"https:\/\/homeproject.fr\/fr\/boutique\/"},{"@type":"ListItem","position":3,"name":"Coupe-carreaux professionnel SiriPro 160 \u2013 Art. 20160F"}]},{"@type":"WebSite","@id":"https:\/\/homeproject.fr\/fr\/#website","url":"https:\/\/homeproject.fr\/fr\/","name":"Homeproject.fr","description":"Offrez l&#039;exceptionnel \u00e0 vos espaces \u00e0 vivre","publisher":{"@id":"https:\/\/homeproject.fr\/fr\/#organization"},"potentialAction":[{"@type":"SearchAction","target":{"@type":"EntryPoint","urlTemplate":"https:\/\/homeproject.fr\/fr\/?s={search_term_string}"},"query-input":{"@type":"PropertyValueSpecification","valueRequired":true,"valueName":"search_term_string"}}],"inLanguage":"fr-FR"},{"@type":"Organization","@id":"https:\/\/homeproject.fr\/fr\/#organization","name":"Homeproject.fr","url":"https:\/\/homeproject.fr\/fr\/","logo":{"@type":"ImageObject","inLanguage":"fr-FR","@id":"https:\/\/homeproject.fr\/fr\/#\/schema\/logo\/image\/","url":"https:\/\/homeproject.fr\/fr\/wp-content\/uploads\/2024\/12\/Logo_HomeProject-noir-2.png","contentUrl":"https:\/\/homeproject.fr\/fr\/wp-content\/uploads\/2024\/12\/Logo_HomeProject-noir-2.png","width":300,"height":91,"caption":"Homeproject.fr"},"image":{"@id":"https:\/\/homeproject.fr\/fr\/#\/schema\/logo\/image\/"}}]}},"_links":{"self":[{"href":"https:\/\/homeproject.fr\/fr\/wp-json\/wp\/v2\/product\/15849","targetHints":{"allow":["GET"]}}],"collection":[{"href":"https:\/\/homeproject.fr\/fr\/wp-json\/wp\/v2\/product"}],"about":[{"href":"https:\/\/homeproject.fr\/fr\/wp-json\/wp\/v2\/types\/product"}],"version-history":[{"count":5,"href":"https:\/\/homeproject.fr\/fr\/wp-json\/wp\/v2\/product\/15849\/revisions"}],"predecessor-version":[{"id":15856,"href":"https:\/\/homeproject.fr\/fr\/wp-json\/wp\/v2\/product\/15849\/revisions\/15856"}],"wp:featuredmedia":[{"embeddable":true,"href":"https:\/\/homeproject.fr\/fr\/wp-json\/wp\/v2\/media\/15850"}],"wp:attachment":[{"href":"https:\/\/homeproject.fr\/fr\/wp-json\/wp\/v2\/media?parent=15849"}],"wp:term":[{"taxonomy":"product_brand","embeddable":true,"href":"https:\/\/homeproject.fr\/fr\/wp-json\/wp\/v2\/product_brand?post=15849"},{"taxonomy":"product_cat","embeddable":true,"href":"https:\/\/homeproject.fr\/fr\/wp-json\/wp\/v2\/product_cat?post=15849"},{"taxonomy":"product_tag","embeddable":true,"href":"https:\/\/homeproject.fr\/fr\/wp-json\/wp\/v2\/product_tag?post=15849"}],"curies":[{"name":"wp","href":"https:\/\/api.w.org\/{rel}","templated":true}]}}