{"id":15832,"date":"2026-02-02T16:07:55","date_gmt":"2026-02-02T16:07:55","guid":{"rendered":"https:\/\/homeproject.fr\/fr\/?post_type=product&#038;p=15832"},"modified":"2026-02-02T16:13:55","modified_gmt":"2026-02-02T16:13:55","slug":"suspension-design-en-metal-noir-globes-en-verre-fume-galaxie","status":"publish","type":"product","link":"https:\/\/homeproject.fr\/fr\/produit\/suspension-design-en-metal-noir-globes-en-verre-fume-galaxie\/","title":{"rendered":"Suspension design en m\u00e9tal noir &#038; globes en verre fum\u00e9 GALAXIE"},"content":{"rendered":"<h2 data-start=\"892\" data-end=\"1024\"><strong>Caract\u00e9ristiques techniques<\/strong><\/h2>\n<ul class=\"ul1\">\n<li class=\"li1\"><b>Type<\/b>\u00a0: Suspension design<\/li>\n<li class=\"li1\"><b>Structure<\/b>\u00a0: M\u00e9tal \/ fer<\/li>\n<li class=\"li1\"><b>Finition<\/b>\u00a0: Noir mat<\/li>\n<li class=\"li1\"><b>Diffuseurs<\/b>\u00a0: Verre souffl\u00e9 fum\u00e9<\/li>\n<li class=\"li1\"><b>Nombre de sources lumineuses<\/b>\u00a0: 16<\/li>\n<li class=\"li1\"><b>Type d\u2019ampoules<\/b>\u00a0: G9 LED (non fournies)<\/li>\n<li class=\"li1\"><b>Alimentation<\/b>\u00a0: 220\u2013240 V | 50\/60 Hz<\/li>\n<li class=\"li1\"><b>Classe \u00e9lectrique<\/b>\u00a0: Classe I<\/li>\n<li class=\"li1\"><b>Indice de protection<\/b>\u00a0: IP20 (usage int\u00e9rieur)<\/li>\n<li class=\"li1\"><b>C\u00e2bles<\/b>\u00a0: R\u00e9glables jusqu\u2019\u00e0 110 cm<\/li>\n<li class=\"li1\"><b>Diam\u00e8tre total<\/b>\u00a0: env. \u00d8 82 cm<\/li>\n<li class=\"li1\"><b>Hauteur maximale<\/b>\u00a0: env. 161 cm<\/li>\n<li class=\"li1\"><b>Installation<\/b>\u00a0: Plafond, rosace centrale<\/li>\n<li class=\"li1\"><b>Garantie fabricant<\/b>\u00a0: 5 ans<\/li>\n<\/ul>\n<p><a href=\"https:\/\/homeproject.fr\/fr\/wp-content\/uploads\/2026\/02\/Suspension-design-en-metal-noir-globes-en-verre-fume-GALAXIE-schema.png\"><img fetchpriority=\"high\" decoding=\"async\" class=\"alignnone size-full wp-image-15835\" src=\"https:\/\/homeproject.fr\/fr\/wp-content\/uploads\/2026\/02\/Suspension-design-en-metal-noir-globes-en-verre-fume-GALAXIE-schema.png\" alt=\"\" width=\"291\" height=\"296\" srcset=\"https:\/\/homeproject.fr\/fr\/wp-content\/uploads\/2026\/02\/Suspension-design-en-metal-noir-globes-en-verre-fume-GALAXIE-schema.png 291w, https:\/\/homeproject.fr\/fr\/wp-content\/uploads\/2026\/02\/Suspension-design-en-metal-noir-globes-en-verre-fume-GALAXIE-schema-12x12.png 12w\" sizes=\"(max-width: 291px) 100vw, 291px\" \/><\/a><\/p>\n<p><span style=\"font-size: 40px; color: #000000;\"><b>Pourquoi choisir la suspension Galaxie?<\/b><\/span><\/p>\n<ul class=\"ul1\">\n<li class=\"li1\">Design spectaculaire inspir\u00e9 des constellations<\/li>\n<li class=\"li1\">Globes en verre souffl\u00e9 fum\u00e9 pour une lumi\u00e8re douce et raffin\u00e9e<\/li>\n<li class=\"li1\">Structure circulaire \u00e9l\u00e9gante en m\u00e9tal noir mat<\/li>\n<li class=\"li1\">Parfaite pour grands volumes et pi\u00e8ces de r\u00e9ception<\/li>\n<li class=\"li1\">Id\u00e9ale pour salle \u00e0 manger, cuisine, s\u00e9jour ou espace professionnel<\/li>\n<\/ul>\n<h2 data-start=\"509\" data-end=\"546\"><strong style=\"font-family: inherit;\">Vous avez des questions ?<\/strong><\/h2>\n<style id=\"wpforms-css-vars-3675\">\n\t\t\t\t#wpforms-3675 {\n\t\t\t\t\n\t\t\t}\n\t\t\t<\/style><div class=\"wpforms-container wpforms-container-full wpforms-render-modern\" id=\"wpforms-3675\"><form id=\"wpforms-form-3675\" class=\"wpforms-validate wpforms-form wpforms-ajax-form\" data-formid=\"3675\" method=\"post\" enctype=\"multipart\/form-data\" action=\"\/fr\/wp-json\/wp\/v2\/product\/15832\" data-token=\"2921a7ac3408d834be151983965c4ab3\" data-token-time=\"1777944598\"><noscript class=\"wpforms-error-noscript\">Veuillez activer JavaScript dans votre navigateur pour remplir ce formulaire.<\/noscript><div id=\"wpforms-error-noscript\" style=\"display: none;\">Veuillez activer JavaScript dans votre navigateur pour remplir ce formulaire.<\/div><div class=\"wpforms-field-container\">\t\t<div id=\"wpforms-3675-field_1-container\"\n\t\t\tclass=\"wpforms-field wpforms-field-text\"\n\t\t\tdata-field-type=\"text\"\n\t\t\tdata-field-id=\"1\"\n\t\t\t>\n\t\t\t<label class=\"wpforms-field-label\" for=\"wpforms-3675-field_1\" >Nom E-mail Message<\/label>\n\t\t\t<input type=\"text\" id=\"wpforms-3675-field_1\" class=\"wpforms-field-medium\" name=\"wpforms[fields][1]\" >\n\t\t<\/div>\n\t\t<div id=\"wpforms-3675-field_3-container\" class=\"wpforms-field wpforms-field-name\" data-field-id=\"3\"><fieldset><legend class=\"wpforms-field-label\">Nom <span class=\"wpforms-required-label\" aria-hidden=\"true\">*<\/span><\/legend><div class=\"wpforms-field-row wpforms-field-medium\"><div class=\"wpforms-field-row-block wpforms-first wpforms-one-half\"><input type=\"text\" id=\"wpforms-3675-field_3\" class=\"wpforms-field-name-first wpforms-field-required\" name=\"wpforms[fields][3][first]\" aria-errormessage=\"wpforms-3675-field_3-error\" required><label for=\"wpforms-3675-field_3\" class=\"wpforms-field-sublabel after\">Pr\u00e9nom<\/label><\/div><div class=\"wpforms-field-row-block wpforms-one-half\"><input type=\"text\" id=\"wpforms-3675-field_3-last\" class=\"wpforms-field-name-last wpforms-field-required\" name=\"wpforms[fields][3][last]\" aria-errormessage=\"wpforms-3675-field_3-last-error\" required><label for=\"wpforms-3675-field_3-last\" class=\"wpforms-field-sublabel after\">Nom<\/label><\/div><\/div><\/fieldset><\/div><div id=\"wpforms-3675-field_4-container\" class=\"wpforms-field wpforms-field-email\" data-field-id=\"4\"><label class=\"wpforms-field-label\" for=\"wpforms-3675-field_4\">E-mail <span class=\"wpforms-required-label\" aria-hidden=\"true\">*<\/span><\/label><input type=\"email\" id=\"wpforms-3675-field_4\" class=\"wpforms-field-medium wpforms-field-required\" name=\"wpforms[fields][4]\" spellcheck=\"false\" aria-errormessage=\"wpforms-3675-field_4-error\" required><\/div><div id=\"wpforms-3675-field_5-container\" class=\"wpforms-field wpforms-field-textarea\" data-field-id=\"5\"><label class=\"wpforms-field-label\" for=\"wpforms-3675-field_5\">Message <span class=\"wpforms-required-label\" aria-hidden=\"true\">*<\/span><\/label><textarea id=\"wpforms-3675-field_5\" class=\"wpforms-field-medium wpforms-field-required\" name=\"wpforms[fields][5]\" aria-errormessage=\"wpforms-3675-field_5-error\" required><\/textarea><\/div><script>\n\t\t\t\t( function() {\n\t\t\t\t\tconst style = document.createElement( 'style' );\n\t\t\t\t\tstyle.appendChild( document.createTextNode( '#wpforms-3675-field_1-container { position: absolute !important; overflow: hidden !important; display: inline !important; height: 1px !important; width: 1px !important; z-index: -1000 !important; padding: 0 !important; } #wpforms-3675-field_1-container input { visibility: hidden; } #wpforms-conversational-form-page #wpforms-3675-field_1-container label { counter-increment: none; }' ) );\n\t\t\t\t\tdocument.head.appendChild( style );\n\t\t\t\t\tdocument.currentScript?.remove();\n\t\t\t\t} )();\n\t\t\t<\/script><\/div><!-- .wpforms-field-container --><div class=\"wpforms-submit-container\" ><input type=\"hidden\" name=\"wpforms[id]\" value=\"3675\"><input type=\"hidden\" name=\"page_title\" value=\"\"><input type=\"hidden\" name=\"page_url\" value=\"https:\/\/homeproject.fr\/fr\/wp-json\/wp\/v2\/product\/15832\"><input type=\"hidden\" name=\"url_referer\" value=\"\"><button type=\"submit\" name=\"wpforms[submit]\" id=\"wpforms-submit-3675\" class=\"wpforms-submit\" data-alt-text=\"Envoi...\" data-submit-text=\"Envoyer\" aria-live=\"assertive\" value=\"wpforms-submit\">Envoyer<\/button><img decoding=\"async\" src=\"https:\/\/homeproject.fr\/fr\/wp-content\/plugins\/wpforms-lite\/assets\/images\/submit-spin.svg\" class=\"wpforms-submit-spinner\" style=\"display: none;\" width=\"26\" height=\"26\" alt=\"Chargement en cours\"><\/div><\/form><\/div>  <!-- .wpforms-container -->\n","protected":false},"excerpt":{"rendered":"<p data-start=\"264\" data-end=\"751\">La\u00a0<strong data-start=\"267\" data-end=\"289\">suspension Galaxie<\/strong>\u00a0est une pi\u00e8ce ma\u00eetresse d\u2019\u00e9clairage d\u00e9coratif, pens\u00e9e comme une constellation lumineuse flottant dans l\u2019espace. Sa structure circulaire en m\u00e9tal noir mat accueille une multitude de globes en verre souffl\u00e9 fum\u00e9, diffusant une lumi\u00e8re chaleureuse et enveloppante.<br data-start=\"551\" data-end=\"554\" \/>Id\u00e9ale au-dessus d\u2019une\u00a0<strong data-start=\"577\" data-end=\"604\">table de salle \u00e0 manger<\/strong>, d\u2019un\u00a0<strong data-start=\"611\" data-end=\"630\">\u00eelot de cuisine<\/strong>\u00a0ou dans un\u00a0<strong data-start=\"642\" data-end=\"664\">salon contemporain<\/strong>, Galaxie conjugue esth\u00e9tique graphique, volume spectaculaire et \u00e9l\u00e9gance intemporelle.<\/p>\n<p data-start=\"753\" data-end=\"998\">Son design sculptural s\u2019inspire des formes orbitales et cr\u00e9e un v\u00e9ritable impact visuel, de jour comme de nuit. Associ\u00e9e \u00e0 des ampoules G9 LED, elle offre un \u00e9clairage homog\u00e8ne tout en sublimant l\u2019espace avec une ambiance chic et architecturale<\/p>\n","protected":false},"featured_media":15833,"template":"","meta":{"_uf_show_specific_survey":0,"_uf_disable_surveys":false,"iawp_total_views":4},"product_brand":[],"product_cat":[172],"product_tag":[],"class_list":{"0":"post-15832","1":"product","2":"type-product","3":"status-publish","4":"has-post-thumbnail","6":"product_cat-suspensions","7":"product_shipping_class-petit-colis","8":"pa_materiau-metal","9":"pa_materiau-verre","11":"first","12":"instock","13":"taxable","14":"shipping-taxable","15":"purchasable","16":"product-type-simple"},"yoast_head":"<!-- This site is optimized with the Yoast SEO plugin v27.5 - https:\/\/yoast.com\/product\/yoast-seo-wordpress\/ -->\n<title>Suspension design en m\u00e9tal noir &amp; globes en verre fum\u00e9 GALAXIE - Homeproject.fr<\/title>\n<meta name=\"robots\" content=\"index, follow, max-snippet:-1, max-image-preview:large, max-video-preview:-1\" \/>\n<link rel=\"canonical\" href=\"https:\/\/homeproject.fr\/fr\/produit\/suspension-design-en-metal-noir-globes-en-verre-fume-galaxie\/\" \/>\n<meta property=\"og:locale\" content=\"fr_FR\" \/>\n<meta property=\"og:type\" content=\"article\" \/>\n<meta property=\"og:title\" content=\"Suspension design en m\u00e9tal noir &amp; globes en verre fum\u00e9 GALAXIE - Homeproject.fr\" \/>\n<meta property=\"og:description\" content=\"La\u00a0suspension Galaxie\u00a0est une pi\u00e8ce ma\u00eetresse d\u2019\u00e9clairage d\u00e9coratif, pens\u00e9e comme une constellation lumineuse flottant dans l\u2019espace. Sa structure circulaire en m\u00e9tal noir mat accueille une multitude de globes en verre souffl\u00e9 fum\u00e9, diffusant une lumi\u00e8re chaleureuse et enveloppante.Id\u00e9ale au-dessus d\u2019une\u00a0table de salle \u00e0 manger, d\u2019un\u00a0\u00eelot de cuisine\u00a0ou dans un\u00a0salon contemporain, Galaxie conjugue esth\u00e9tique graphique, volume spectaculaire et \u00e9l\u00e9gance intemporelle. Son design sculptural s\u2019inspire des formes orbitales et cr\u00e9e un v\u00e9ritable impact visuel, de jour comme de nuit. Associ\u00e9e \u00e0 des ampoules G9 LED, elle offre un \u00e9clairage homog\u00e8ne tout en sublimant l\u2019espace avec une ambiance chic et architecturale\" \/>\n<meta property=\"og:url\" content=\"https:\/\/homeproject.fr\/fr\/produit\/suspension-design-en-metal-noir-globes-en-verre-fume-galaxie\/\" \/>\n<meta property=\"og:site_name\" content=\"Homeproject.fr\" \/>\n<meta property=\"article:modified_time\" content=\"2026-02-02T16:13:55+00:00\" \/>\n<meta property=\"og:image\" content=\"https:\/\/homeproject.fr\/fr\/wp-content\/uploads\/2026\/02\/Suspension-design-en-metal-noir-globes-en-verre-fume-GALAXIE-2-e1770048564951.png\" \/>\n\t<meta property=\"og:image:width\" content=\"1024\" \/>\n\t<meta property=\"og:image:height\" content=\"1024\" \/>\n\t<meta property=\"og:image:type\" content=\"image\/png\" \/>\n<meta name=\"twitter:card\" content=\"summary_large_image\" \/>\n<meta name=\"twitter:label1\" content=\"Dur\u00e9e de lecture estim\u00e9e\" \/>\n\t<meta name=\"twitter:data1\" content=\"2 minutes\" \/>\n<script type=\"application\/ld+json\" class=\"yoast-schema-graph\">{\"@context\":\"https:\\\/\\\/schema.org\",\"@graph\":[{\"@type\":\"WebPage\",\"@id\":\"https:\\\/\\\/homeproject.fr\\\/fr\\\/produit\\\/suspension-design-en-metal-noir-globes-en-verre-fume-galaxie\\\/\",\"url\":\"https:\\\/\\\/homeproject.fr\\\/fr\\\/produit\\\/suspension-design-en-metal-noir-globes-en-verre-fume-galaxie\\\/\",\"name\":\"Suspension design en m\u00e9tal noir & globes en verre fum\u00e9 GALAXIE - Homeproject.fr\",\"isPartOf\":{\"@id\":\"https:\\\/\\\/homeproject.fr\\\/fr\\\/#website\"},\"primaryImageOfPage\":{\"@id\":\"https:\\\/\\\/homeproject.fr\\\/fr\\\/produit\\\/suspension-design-en-metal-noir-globes-en-verre-fume-galaxie\\\/#primaryimage\"},\"image\":{\"@id\":\"https:\\\/\\\/homeproject.fr\\\/fr\\\/produit\\\/suspension-design-en-metal-noir-globes-en-verre-fume-galaxie\\\/#primaryimage\"},\"thumbnailUrl\":\"https:\\\/\\\/homeproject.fr\\\/fr\\\/wp-content\\\/uploads\\\/2026\\\/02\\\/Suspension-design-en-metal-noir-globes-en-verre-fume-GALAXIE-2-e1770048564951.png\",\"datePublished\":\"2026-02-02T16:07:55+00:00\",\"dateModified\":\"2026-02-02T16:13:55+00:00\",\"breadcrumb\":{\"@id\":\"https:\\\/\\\/homeproject.fr\\\/fr\\\/produit\\\/suspension-design-en-metal-noir-globes-en-verre-fume-galaxie\\\/#breadcrumb\"},\"inLanguage\":\"fr-FR\",\"potentialAction\":[{\"@type\":\"ReadAction\",\"target\":[\"https:\\\/\\\/homeproject.fr\\\/fr\\\/produit\\\/suspension-design-en-metal-noir-globes-en-verre-fume-galaxie\\\/\"]}]},{\"@type\":\"ImageObject\",\"inLanguage\":\"fr-FR\",\"@id\":\"https:\\\/\\\/homeproject.fr\\\/fr\\\/produit\\\/suspension-design-en-metal-noir-globes-en-verre-fume-galaxie\\\/#primaryimage\",\"url\":\"https:\\\/\\\/homeproject.fr\\\/fr\\\/wp-content\\\/uploads\\\/2026\\\/02\\\/Suspension-design-en-metal-noir-globes-en-verre-fume-GALAXIE-2-e1770048564951.png\",\"contentUrl\":\"https:\\\/\\\/homeproject.fr\\\/fr\\\/wp-content\\\/uploads\\\/2026\\\/02\\\/Suspension-design-en-metal-noir-globes-en-verre-fume-GALAXIE-2-e1770048564951.png\",\"width\":1024,\"height\":1024},{\"@type\":\"BreadcrumbList\",\"@id\":\"https:\\\/\\\/homeproject.fr\\\/fr\\\/produit\\\/suspension-design-en-metal-noir-globes-en-verre-fume-galaxie\\\/#breadcrumb\",\"itemListElement\":[{\"@type\":\"ListItem\",\"position\":1,\"name\":\"Accueil\",\"item\":\"https:\\\/\\\/homeproject.fr\\\/fr\\\/\"},{\"@type\":\"ListItem\",\"position\":2,\"name\":\"Boutique\",\"item\":\"https:\\\/\\\/homeproject.fr\\\/fr\\\/boutique\\\/\"},{\"@type\":\"ListItem\",\"position\":3,\"name\":\"Suspension design en m\u00e9tal noir &#038; globes en verre fum\u00e9 GALAXIE\"}]},{\"@type\":\"WebSite\",\"@id\":\"https:\\\/\\\/homeproject.fr\\\/fr\\\/#website\",\"url\":\"https:\\\/\\\/homeproject.fr\\\/fr\\\/\",\"name\":\"Homeproject.fr\",\"description\":\"Offrez l&#039;exceptionnel \u00e0 vos espaces \u00e0 vivre\",\"publisher\":{\"@id\":\"https:\\\/\\\/homeproject.fr\\\/fr\\\/#organization\"},\"potentialAction\":[{\"@type\":\"SearchAction\",\"target\":{\"@type\":\"EntryPoint\",\"urlTemplate\":\"https:\\\/\\\/homeproject.fr\\\/fr\\\/?s={search_term_string}\"},\"query-input\":{\"@type\":\"PropertyValueSpecification\",\"valueRequired\":true,\"valueName\":\"search_term_string\"}}],\"inLanguage\":\"fr-FR\"},{\"@type\":\"Organization\",\"@id\":\"https:\\\/\\\/homeproject.fr\\\/fr\\\/#organization\",\"name\":\"Homeproject.fr\",\"url\":\"https:\\\/\\\/homeproject.fr\\\/fr\\\/\",\"logo\":{\"@type\":\"ImageObject\",\"inLanguage\":\"fr-FR\",\"@id\":\"https:\\\/\\\/homeproject.fr\\\/fr\\\/#\\\/schema\\\/logo\\\/image\\\/\",\"url\":\"https:\\\/\\\/homeproject.fr\\\/fr\\\/wp-content\\\/uploads\\\/2024\\\/12\\\/Logo_HomeProject-noir-2.png\",\"contentUrl\":\"https:\\\/\\\/homeproject.fr\\\/fr\\\/wp-content\\\/uploads\\\/2024\\\/12\\\/Logo_HomeProject-noir-2.png\",\"width\":300,\"height\":91,\"caption\":\"Homeproject.fr\"},\"image\":{\"@id\":\"https:\\\/\\\/homeproject.fr\\\/fr\\\/#\\\/schema\\\/logo\\\/image\\\/\"}}]}<\/script>\n<!-- \/ Yoast SEO plugin. -->","yoast_head_json":{"title":"Suspension design en m\u00e9tal noir & globes en verre fum\u00e9 GALAXIE - Homeproject.fr","robots":{"index":"index","follow":"follow","max-snippet":"max-snippet:-1","max-image-preview":"max-image-preview:large","max-video-preview":"max-video-preview:-1"},"canonical":"https:\/\/homeproject.fr\/fr\/produit\/suspension-design-en-metal-noir-globes-en-verre-fume-galaxie\/","og_locale":"fr_FR","og_type":"article","og_title":"Suspension design en m\u00e9tal noir & globes en verre fum\u00e9 GALAXIE - Homeproject.fr","og_description":"La\u00a0suspension Galaxie\u00a0est une pi\u00e8ce ma\u00eetresse d\u2019\u00e9clairage d\u00e9coratif, pens\u00e9e comme une constellation lumineuse flottant dans l\u2019espace. Sa structure circulaire en m\u00e9tal noir mat accueille une multitude de globes en verre souffl\u00e9 fum\u00e9, diffusant une lumi\u00e8re chaleureuse et enveloppante.Id\u00e9ale au-dessus d\u2019une\u00a0table de salle \u00e0 manger, d\u2019un\u00a0\u00eelot de cuisine\u00a0ou dans un\u00a0salon contemporain, Galaxie conjugue esth\u00e9tique graphique, volume spectaculaire et \u00e9l\u00e9gance intemporelle. Son design sculptural s\u2019inspire des formes orbitales et cr\u00e9e un v\u00e9ritable impact visuel, de jour comme de nuit. Associ\u00e9e \u00e0 des ampoules G9 LED, elle offre un \u00e9clairage homog\u00e8ne tout en sublimant l\u2019espace avec une ambiance chic et architecturale","og_url":"https:\/\/homeproject.fr\/fr\/produit\/suspension-design-en-metal-noir-globes-en-verre-fume-galaxie\/","og_site_name":"Homeproject.fr","article_modified_time":"2026-02-02T16:13:55+00:00","og_image":[{"width":1024,"height":1024,"url":"https:\/\/homeproject.fr\/fr\/wp-content\/uploads\/2026\/02\/Suspension-design-en-metal-noir-globes-en-verre-fume-GALAXIE-2-e1770048564951.png","type":"image\/png"}],"twitter_card":"summary_large_image","twitter_misc":{"Dur\u00e9e de lecture estim\u00e9e":"2 minutes"},"schema":{"@context":"https:\/\/schema.org","@graph":[{"@type":"WebPage","@id":"https:\/\/homeproject.fr\/fr\/produit\/suspension-design-en-metal-noir-globes-en-verre-fume-galaxie\/","url":"https:\/\/homeproject.fr\/fr\/produit\/suspension-design-en-metal-noir-globes-en-verre-fume-galaxie\/","name":"Suspension design en m\u00e9tal noir & globes en verre fum\u00e9 GALAXIE - Homeproject.fr","isPartOf":{"@id":"https:\/\/homeproject.fr\/fr\/#website"},"primaryImageOfPage":{"@id":"https:\/\/homeproject.fr\/fr\/produit\/suspension-design-en-metal-noir-globes-en-verre-fume-galaxie\/#primaryimage"},"image":{"@id":"https:\/\/homeproject.fr\/fr\/produit\/suspension-design-en-metal-noir-globes-en-verre-fume-galaxie\/#primaryimage"},"thumbnailUrl":"https:\/\/homeproject.fr\/fr\/wp-content\/uploads\/2026\/02\/Suspension-design-en-metal-noir-globes-en-verre-fume-GALAXIE-2-e1770048564951.png","datePublished":"2026-02-02T16:07:55+00:00","dateModified":"2026-02-02T16:13:55+00:00","breadcrumb":{"@id":"https:\/\/homeproject.fr\/fr\/produit\/suspension-design-en-metal-noir-globes-en-verre-fume-galaxie\/#breadcrumb"},"inLanguage":"fr-FR","potentialAction":[{"@type":"ReadAction","target":["https:\/\/homeproject.fr\/fr\/produit\/suspension-design-en-metal-noir-globes-en-verre-fume-galaxie\/"]}]},{"@type":"ImageObject","inLanguage":"fr-FR","@id":"https:\/\/homeproject.fr\/fr\/produit\/suspension-design-en-metal-noir-globes-en-verre-fume-galaxie\/#primaryimage","url":"https:\/\/homeproject.fr\/fr\/wp-content\/uploads\/2026\/02\/Suspension-design-en-metal-noir-globes-en-verre-fume-GALAXIE-2-e1770048564951.png","contentUrl":"https:\/\/homeproject.fr\/fr\/wp-content\/uploads\/2026\/02\/Suspension-design-en-metal-noir-globes-en-verre-fume-GALAXIE-2-e1770048564951.png","width":1024,"height":1024},{"@type":"BreadcrumbList","@id":"https:\/\/homeproject.fr\/fr\/produit\/suspension-design-en-metal-noir-globes-en-verre-fume-galaxie\/#breadcrumb","itemListElement":[{"@type":"ListItem","position":1,"name":"Accueil","item":"https:\/\/homeproject.fr\/fr\/"},{"@type":"ListItem","position":2,"name":"Boutique","item":"https:\/\/homeproject.fr\/fr\/boutique\/"},{"@type":"ListItem","position":3,"name":"Suspension design en m\u00e9tal noir &#038; globes en verre fum\u00e9 GALAXIE"}]},{"@type":"WebSite","@id":"https:\/\/homeproject.fr\/fr\/#website","url":"https:\/\/homeproject.fr\/fr\/","name":"Homeproject.fr","description":"Offrez l&#039;exceptionnel \u00e0 vos espaces \u00e0 vivre","publisher":{"@id":"https:\/\/homeproject.fr\/fr\/#organization"},"potentialAction":[{"@type":"SearchAction","target":{"@type":"EntryPoint","urlTemplate":"https:\/\/homeproject.fr\/fr\/?s={search_term_string}"},"query-input":{"@type":"PropertyValueSpecification","valueRequired":true,"valueName":"search_term_string"}}],"inLanguage":"fr-FR"},{"@type":"Organization","@id":"https:\/\/homeproject.fr\/fr\/#organization","name":"Homeproject.fr","url":"https:\/\/homeproject.fr\/fr\/","logo":{"@type":"ImageObject","inLanguage":"fr-FR","@id":"https:\/\/homeproject.fr\/fr\/#\/schema\/logo\/image\/","url":"https:\/\/homeproject.fr\/fr\/wp-content\/uploads\/2024\/12\/Logo_HomeProject-noir-2.png","contentUrl":"https:\/\/homeproject.fr\/fr\/wp-content\/uploads\/2024\/12\/Logo_HomeProject-noir-2.png","width":300,"height":91,"caption":"Homeproject.fr"},"image":{"@id":"https:\/\/homeproject.fr\/fr\/#\/schema\/logo\/image\/"}}]}},"_links":{"self":[{"href":"https:\/\/homeproject.fr\/fr\/wp-json\/wp\/v2\/product\/15832","targetHints":{"allow":["GET"]}}],"collection":[{"href":"https:\/\/homeproject.fr\/fr\/wp-json\/wp\/v2\/product"}],"about":[{"href":"https:\/\/homeproject.fr\/fr\/wp-json\/wp\/v2\/types\/product"}],"version-history":[{"count":1,"href":"https:\/\/homeproject.fr\/fr\/wp-json\/wp\/v2\/product\/15832\/revisions"}],"predecessor-version":[{"id":15836,"href":"https:\/\/homeproject.fr\/fr\/wp-json\/wp\/v2\/product\/15832\/revisions\/15836"}],"wp:featuredmedia":[{"embeddable":true,"href":"https:\/\/homeproject.fr\/fr\/wp-json\/wp\/v2\/media\/15833"}],"wp:attachment":[{"href":"https:\/\/homeproject.fr\/fr\/wp-json\/wp\/v2\/media?parent=15832"}],"wp:term":[{"taxonomy":"product_brand","embeddable":true,"href":"https:\/\/homeproject.fr\/fr\/wp-json\/wp\/v2\/product_brand?post=15832"},{"taxonomy":"product_cat","embeddable":true,"href":"https:\/\/homeproject.fr\/fr\/wp-json\/wp\/v2\/product_cat?post=15832"},{"taxonomy":"product_tag","embeddable":true,"href":"https:\/\/homeproject.fr\/fr\/wp-json\/wp\/v2\/product_tag?post=15832"}],"curies":[{"name":"wp","href":"https:\/\/api.w.org\/{rel}","templated":true}]}}