{"id":15827,"date":"2026-02-02T15:57:52","date_gmt":"2026-02-02T15:57:52","guid":{"rendered":"https:\/\/homeproject.fr\/fr\/?post_type=product&#038;p=15827"},"modified":"2026-02-02T16:03:06","modified_gmt":"2026-02-02T16:03:06","slug":"suspension-design-en-metal-dore-globes-en-verre-champagne-novara","status":"publish","type":"product","link":"https:\/\/homeproject.fr\/fr\/produit\/suspension-design-en-metal-dore-globes-en-verre-champagne-novara\/","title":{"rendered":"Suspension design en m\u00e9tal dor\u00e9 &#038; globes en verre champagne NOVARA"},"content":{"rendered":"<h2 data-start=\"892\" data-end=\"1024\"><strong>Caract\u00e9ristiques techniques<\/strong><\/h2>\n<ul class=\"ul1\">\n<li class=\"li1\"><b>Type<\/b>\u00a0: Suspension design<\/li>\n<li class=\"li1\"><b>Nombre de sources lumineuses<\/b>\u00a0: 9<\/li>\n<li class=\"li1\"><b>Type d\u2019ampoule<\/b>\u00a0: 9 x G9 LED (ampoules non incluses)<\/li>\n<li class=\"li1\"><b>Mat\u00e9riaux<\/b>\u00a0:\n<ul class=\"ul1\">\n<li class=\"li1\">Structure : m\u00e9tal \/ fer<\/li>\n<li class=\"li1\">Diffuseurs : verre souffl\u00e9<\/li>\n<\/ul>\n<\/li>\n<li class=\"li1\"><b>Finition de la structure<\/b>\u00a0: Or<\/li>\n<li class=\"li1\"><b>Couleur des diffuseurs<\/b>\u00a0: Champagne<\/li>\n<li class=\"li1\"><b>Diam\u00e8tre total<\/b>\u00a0:\u00a0 83,4 cm<\/li>\n<li class=\"li1\"><b>Hauteur du corps lumineux<\/b>\u00a0: 16 cm<\/li>\n<li class=\"li1\"><b>Diam\u00e8tre des globes<\/b>\u00a0: 15 cm<\/li>\n<li class=\"li1\"><b>Rosace plafond<\/b>\u00a0: \u00d8 12 cm<\/li>\n<li class=\"li1\"><b>C\u00e2ble<\/b>\u00a0: r\u00e9glable jusqu\u2019\u00e0 110 cm<\/li>\n<li class=\"li1\"><b>Tension<\/b>\u00a0: 220\u2013240 V<\/li>\n<li class=\"li1\"><b>Fr\u00e9quence<\/b>\u00a0: 50\/60 Hz<\/li>\n<li class=\"li1\"><b>Indice de protection<\/b>\u00a0: IP20 (usage int\u00e9rieur)<\/li>\n<li class=\"li1\"><b>Classe d\u2019isolation<\/b>\u00a0: Classe I<\/li>\n<li class=\"li1\"><b>Dimmable<\/b>\u00a0: selon ampoules utilis\u00e9es<\/li>\n<li class=\"li1\"><b>Style<\/b> : contemporain, chic, design italien<\/li>\n<li class=\"li1\"><b>Garantie<\/b>\u00a0: 5 ans<\/li>\n<\/ul>\n<p><span style=\"font-size: 40px; color: #000000;\"><b>Pourquoi choisir la suspension Novara?<\/b><\/span><\/p>\n<ul class=\"ul1\">\n<li class=\"li1\">Design sculptural haut de gamme<\/li>\n<li class=\"li1\">Lumi\u00e8re douce et chaleureuse gr\u00e2ce au verre souffl\u00e9<\/li>\n<li class=\"li1\">Id\u00e9ale pour table de salle \u00e0 manger ou salon contemporain<\/li>\n<li class=\"li1\">Finitions premium or & champagne<\/li>\n<li class=\"li1\">Compatible ampoules LED G9<\/li>\n<\/ul>\n<h2 data-start=\"509\" data-end=\"546\"><strong style=\"font-family: inherit;\">Vous avez des questions ?<\/strong><\/h2>\n<style id=\"wpforms-css-vars-3675\">\n\t\t\t\t#wpforms-3675 {\n\t\t\t\t\n\t\t\t}\n\t\t\t<\/style><div class=\"wpforms-container wpforms-container-full wpforms-render-modern\" id=\"wpforms-3675\"><form id=\"wpforms-form-3675\" class=\"wpforms-validate wpforms-form wpforms-ajax-form\" data-formid=\"3675\" method=\"post\" enctype=\"multipart\/form-data\" action=\"\/fr\/wp-json\/wp\/v2\/product\/15827\" data-token=\"40ada6e9151c970e4278e2da3e5409c5\" data-token-time=\"1777910985\"><noscript class=\"wpforms-error-noscript\">Veuillez activer JavaScript dans votre navigateur pour remplir ce formulaire.<\/noscript><div id=\"wpforms-error-noscript\" style=\"display: none;\">Veuillez activer JavaScript dans votre navigateur pour remplir ce formulaire.<\/div><div class=\"wpforms-field-container\">\t\t<div id=\"wpforms-3675-field_1-container\"\n\t\t\tclass=\"wpforms-field wpforms-field-text\"\n\t\t\tdata-field-type=\"text\"\n\t\t\tdata-field-id=\"1\"\n\t\t\t>\n\t\t\t<label class=\"wpforms-field-label\" for=\"wpforms-3675-field_1\" >Message Nom E-mail<\/label>\n\t\t\t<input type=\"text\" id=\"wpforms-3675-field_1\" class=\"wpforms-field-medium\" name=\"wpforms[fields][1]\" >\n\t\t<\/div>\n\t\t<div id=\"wpforms-3675-field_3-container\" class=\"wpforms-field wpforms-field-name\" data-field-id=\"3\"><fieldset><legend class=\"wpforms-field-label\">Nom <span class=\"wpforms-required-label\" aria-hidden=\"true\">*<\/span><\/legend><div class=\"wpforms-field-row wpforms-field-medium\"><div class=\"wpforms-field-row-block wpforms-first wpforms-one-half\"><input type=\"text\" id=\"wpforms-3675-field_3\" class=\"wpforms-field-name-first wpforms-field-required\" name=\"wpforms[fields][3][first]\" aria-errormessage=\"wpforms-3675-field_3-error\" required><label for=\"wpforms-3675-field_3\" class=\"wpforms-field-sublabel after\">Pr\u00e9nom<\/label><\/div><div class=\"wpforms-field-row-block wpforms-one-half\"><input type=\"text\" id=\"wpforms-3675-field_3-last\" class=\"wpforms-field-name-last wpforms-field-required\" name=\"wpforms[fields][3][last]\" aria-errormessage=\"wpforms-3675-field_3-last-error\" required><label for=\"wpforms-3675-field_3-last\" class=\"wpforms-field-sublabel after\">Nom<\/label><\/div><\/div><\/fieldset><\/div><div id=\"wpforms-3675-field_4-container\" class=\"wpforms-field wpforms-field-email\" data-field-id=\"4\"><label class=\"wpforms-field-label\" for=\"wpforms-3675-field_4\">E-mail <span class=\"wpforms-required-label\" aria-hidden=\"true\">*<\/span><\/label><input type=\"email\" id=\"wpforms-3675-field_4\" class=\"wpforms-field-medium wpforms-field-required\" name=\"wpforms[fields][4]\" spellcheck=\"false\" aria-errormessage=\"wpforms-3675-field_4-error\" required><\/div><div id=\"wpforms-3675-field_5-container\" class=\"wpforms-field wpforms-field-textarea\" data-field-id=\"5\"><label class=\"wpforms-field-label\" for=\"wpforms-3675-field_5\">Message <span class=\"wpforms-required-label\" aria-hidden=\"true\">*<\/span><\/label><textarea id=\"wpforms-3675-field_5\" class=\"wpforms-field-medium wpforms-field-required\" name=\"wpforms[fields][5]\" aria-errormessage=\"wpforms-3675-field_5-error\" required><\/textarea><\/div><script>\n\t\t\t\t( function() {\n\t\t\t\t\tconst style = document.createElement( 'style' );\n\t\t\t\t\tstyle.appendChild( document.createTextNode( '#wpforms-3675-field_1-container { position: absolute !important; overflow: hidden !important; display: inline !important; height: 1px !important; width: 1px !important; z-index: -1000 !important; padding: 0 !important; } #wpforms-3675-field_1-container input { visibility: hidden; } #wpforms-conversational-form-page #wpforms-3675-field_1-container label { counter-increment: none; }' ) );\n\t\t\t\t\tdocument.head.appendChild( style );\n\t\t\t\t\tdocument.currentScript?.remove();\n\t\t\t\t} )();\n\t\t\t<\/script><\/div><!-- .wpforms-field-container --><div class=\"wpforms-submit-container\" ><input type=\"hidden\" name=\"wpforms[id]\" value=\"3675\"><input type=\"hidden\" name=\"page_title\" value=\"\"><input type=\"hidden\" name=\"page_url\" value=\"https:\/\/homeproject.fr\/fr\/wp-json\/wp\/v2\/product\/15827\"><input type=\"hidden\" name=\"url_referer\" value=\"\"><button type=\"submit\" name=\"wpforms[submit]\" id=\"wpforms-submit-3675\" class=\"wpforms-submit\" data-alt-text=\"Envoi...\" data-submit-text=\"Envoyer\" aria-live=\"assertive\" value=\"wpforms-submit\">Envoyer<\/button><img decoding=\"async\" src=\"https:\/\/homeproject.fr\/fr\/wp-content\/plugins\/wpforms-lite\/assets\/images\/submit-spin.svg\" class=\"wpforms-submit-spinner\" style=\"display: none;\" width=\"26\" height=\"26\" alt=\"Chargement en cours\"><\/div><\/form><\/div>  <!-- .wpforms-container -->\n","protected":false},"excerpt":{"rendered":"<p data-start=\"316\" data-end=\"656\">La\u00a0<strong data-start=\"319\" data-end=\"340\">suspension Novara<\/strong>\u00a0incarne une vision raffin\u00e9e du luminaire d\u00e9coratif contemporain. Avec sa structure graphique en\u00a0<strong data-start=\"437\" data-end=\"458\">m\u00e9tal finition or<\/strong>\u00a0et ses\u00a0<strong data-start=\"466\" data-end=\"515\">diffuseurs en verre souffl\u00e9 couleur champagne<\/strong>, elle diffuse une lumi\u00e8re chaleureuse et enveloppante, id\u00e9ale pour sublimer une salle \u00e0 manger, un s\u00e9jour ou un espace de r\u00e9ception \u00e9l\u00e9gant.<\/p>\n<p data-start=\"658\" data-end=\"954\">Son design a\u00e9rien, compos\u00e9 de\u00a0<strong data-start=\"688\" data-end=\"728\">neuf globes harmonieusement r\u00e9partis<\/strong>, cr\u00e9e un jeu de volumes sophistiqu\u00e9 tout en assurant un \u00e9clairage \u00e9quilibr\u00e9. V\u00e9ritable pi\u00e8ce ma\u00eetresse, la suspension Novara apporte une signature d\u00e9corative forte, entre modernit\u00e9 italienne et inspiration art d\u00e9co revisit\u00e9e.<\/p>\n<p data-start=\"956\" data-end=\"1124\">Pens\u00e9e pour les int\u00e9rieurs contemporains, minimalistes ou haut de gamme, Novara s\u2019impose aussi bien au-dessus d\u2019une table de repas qu\u2019au c\u0153ur d\u2019un espace de vie ouvert.<\/p>\n","protected":false},"featured_media":15828,"template":"","meta":{"_uf_show_specific_survey":0,"_uf_disable_surveys":false,"iawp_total_views":1},"product_brand":[],"product_cat":[172],"product_tag":[],"class_list":{"0":"post-15827","1":"product","2":"type-product","3":"status-publish","4":"has-post-thumbnail","6":"product_cat-suspensions","7":"product_shipping_class-petit-colis","8":"pa_materiau-metal","9":"pa_materiau-verre","11":"first","12":"instock","13":"taxable","14":"shipping-taxable","15":"purchasable","16":"product-type-simple"},"yoast_head":"<!-- This site is optimized with the Yoast SEO plugin v27.5 - https:\/\/yoast.com\/product\/yoast-seo-wordpress\/ -->\n<title>Suspension design en m\u00e9tal dor\u00e9 &amp; globes en verre champagne NOVARA - Homeproject.fr<\/title>\n<meta name=\"robots\" content=\"index, follow, max-snippet:-1, max-image-preview:large, max-video-preview:-1\" \/>\n<link rel=\"canonical\" href=\"https:\/\/homeproject.fr\/fr\/produit\/suspension-design-en-metal-dore-globes-en-verre-champagne-novara\/\" \/>\n<meta property=\"og:locale\" content=\"fr_FR\" \/>\n<meta property=\"og:type\" content=\"article\" \/>\n<meta property=\"og:title\" content=\"Suspension design en m\u00e9tal dor\u00e9 &amp; globes en verre champagne NOVARA - Homeproject.fr\" \/>\n<meta property=\"og:description\" content=\"La\u00a0suspension Novara\u00a0incarne une vision raffin\u00e9e du luminaire d\u00e9coratif contemporain. Avec sa structure graphique en\u00a0m\u00e9tal finition or\u00a0et ses\u00a0diffuseurs en verre souffl\u00e9 couleur champagne, elle diffuse une lumi\u00e8re chaleureuse et enveloppante, id\u00e9ale pour sublimer une salle \u00e0 manger, un s\u00e9jour ou un espace de r\u00e9ception \u00e9l\u00e9gant. Son design a\u00e9rien, compos\u00e9 de\u00a0neuf globes harmonieusement r\u00e9partis, cr\u00e9e un jeu de volumes sophistiqu\u00e9 tout en assurant un \u00e9clairage \u00e9quilibr\u00e9. V\u00e9ritable pi\u00e8ce ma\u00eetresse, la suspension Novara apporte une signature d\u00e9corative forte, entre modernit\u00e9 italienne et inspiration art d\u00e9co revisit\u00e9e. Pens\u00e9e pour les int\u00e9rieurs contemporains, minimalistes ou haut de gamme, Novara s\u2019impose aussi bien au-dessus d\u2019une table de repas qu\u2019au c\u0153ur d\u2019un espace de vie ouvert.\" \/>\n<meta property=\"og:url\" content=\"https:\/\/homeproject.fr\/fr\/produit\/suspension-design-en-metal-dore-globes-en-verre-champagne-novara\/\" \/>\n<meta property=\"og:site_name\" content=\"Homeproject.fr\" \/>\n<meta property=\"article:modified_time\" content=\"2026-02-02T16:03:06+00:00\" \/>\n<meta property=\"og:image\" content=\"https:\/\/homeproject.fr\/fr\/wp-content\/uploads\/2026\/02\/Suspension-design-en-metal-dore-globes-en-verre-champagne-NOVARA.png\" \/>\n\t<meta property=\"og:image:width\" content=\"1024\" \/>\n\t<meta property=\"og:image:height\" content=\"1024\" \/>\n\t<meta property=\"og:image:type\" content=\"image\/png\" \/>\n<meta name=\"twitter:card\" content=\"summary_large_image\" \/>\n<meta name=\"twitter:label1\" content=\"Dur\u00e9e de lecture estim\u00e9e\" \/>\n\t<meta name=\"twitter:data1\" content=\"1 minute\" \/>\n<script type=\"application\/ld+json\" class=\"yoast-schema-graph\">{\"@context\":\"https:\\\/\\\/schema.org\",\"@graph\":[{\"@type\":\"WebPage\",\"@id\":\"https:\\\/\\\/homeproject.fr\\\/fr\\\/produit\\\/suspension-design-en-metal-dore-globes-en-verre-champagne-novara\\\/\",\"url\":\"https:\\\/\\\/homeproject.fr\\\/fr\\\/produit\\\/suspension-design-en-metal-dore-globes-en-verre-champagne-novara\\\/\",\"name\":\"Suspension design en m\u00e9tal dor\u00e9 & globes en verre champagne NOVARA - Homeproject.fr\",\"isPartOf\":{\"@id\":\"https:\\\/\\\/homeproject.fr\\\/fr\\\/#website\"},\"primaryImageOfPage\":{\"@id\":\"https:\\\/\\\/homeproject.fr\\\/fr\\\/produit\\\/suspension-design-en-metal-dore-globes-en-verre-champagne-novara\\\/#primaryimage\"},\"image\":{\"@id\":\"https:\\\/\\\/homeproject.fr\\\/fr\\\/produit\\\/suspension-design-en-metal-dore-globes-en-verre-champagne-novara\\\/#primaryimage\"},\"thumbnailUrl\":\"https:\\\/\\\/homeproject.fr\\\/fr\\\/wp-content\\\/uploads\\\/2026\\\/02\\\/Suspension-design-en-metal-dore-globes-en-verre-champagne-NOVARA.png\",\"datePublished\":\"2026-02-02T15:57:52+00:00\",\"dateModified\":\"2026-02-02T16:03:06+00:00\",\"breadcrumb\":{\"@id\":\"https:\\\/\\\/homeproject.fr\\\/fr\\\/produit\\\/suspension-design-en-metal-dore-globes-en-verre-champagne-novara\\\/#breadcrumb\"},\"inLanguage\":\"fr-FR\",\"potentialAction\":[{\"@type\":\"ReadAction\",\"target\":[\"https:\\\/\\\/homeproject.fr\\\/fr\\\/produit\\\/suspension-design-en-metal-dore-globes-en-verre-champagne-novara\\\/\"]}]},{\"@type\":\"ImageObject\",\"inLanguage\":\"fr-FR\",\"@id\":\"https:\\\/\\\/homeproject.fr\\\/fr\\\/produit\\\/suspension-design-en-metal-dore-globes-en-verre-champagne-novara\\\/#primaryimage\",\"url\":\"https:\\\/\\\/homeproject.fr\\\/fr\\\/wp-content\\\/uploads\\\/2026\\\/02\\\/Suspension-design-en-metal-dore-globes-en-verre-champagne-NOVARA.png\",\"contentUrl\":\"https:\\\/\\\/homeproject.fr\\\/fr\\\/wp-content\\\/uploads\\\/2026\\\/02\\\/Suspension-design-en-metal-dore-globes-en-verre-champagne-NOVARA.png\",\"width\":1024,\"height\":1024},{\"@type\":\"BreadcrumbList\",\"@id\":\"https:\\\/\\\/homeproject.fr\\\/fr\\\/produit\\\/suspension-design-en-metal-dore-globes-en-verre-champagne-novara\\\/#breadcrumb\",\"itemListElement\":[{\"@type\":\"ListItem\",\"position\":1,\"name\":\"Accueil\",\"item\":\"https:\\\/\\\/homeproject.fr\\\/fr\\\/\"},{\"@type\":\"ListItem\",\"position\":2,\"name\":\"Boutique\",\"item\":\"https:\\\/\\\/homeproject.fr\\\/fr\\\/boutique\\\/\"},{\"@type\":\"ListItem\",\"position\":3,\"name\":\"Suspension design en m\u00e9tal dor\u00e9 &#038; globes en verre champagne NOVARA\"}]},{\"@type\":\"WebSite\",\"@id\":\"https:\\\/\\\/homeproject.fr\\\/fr\\\/#website\",\"url\":\"https:\\\/\\\/homeproject.fr\\\/fr\\\/\",\"name\":\"Homeproject.fr\",\"description\":\"Offrez l&#039;exceptionnel \u00e0 vos espaces \u00e0 vivre\",\"publisher\":{\"@id\":\"https:\\\/\\\/homeproject.fr\\\/fr\\\/#organization\"},\"potentialAction\":[{\"@type\":\"SearchAction\",\"target\":{\"@type\":\"EntryPoint\",\"urlTemplate\":\"https:\\\/\\\/homeproject.fr\\\/fr\\\/?s={search_term_string}\"},\"query-input\":{\"@type\":\"PropertyValueSpecification\",\"valueRequired\":true,\"valueName\":\"search_term_string\"}}],\"inLanguage\":\"fr-FR\"},{\"@type\":\"Organization\",\"@id\":\"https:\\\/\\\/homeproject.fr\\\/fr\\\/#organization\",\"name\":\"Homeproject.fr\",\"url\":\"https:\\\/\\\/homeproject.fr\\\/fr\\\/\",\"logo\":{\"@type\":\"ImageObject\",\"inLanguage\":\"fr-FR\",\"@id\":\"https:\\\/\\\/homeproject.fr\\\/fr\\\/#\\\/schema\\\/logo\\\/image\\\/\",\"url\":\"https:\\\/\\\/homeproject.fr\\\/fr\\\/wp-content\\\/uploads\\\/2024\\\/12\\\/Logo_HomeProject-noir-2.png\",\"contentUrl\":\"https:\\\/\\\/homeproject.fr\\\/fr\\\/wp-content\\\/uploads\\\/2024\\\/12\\\/Logo_HomeProject-noir-2.png\",\"width\":300,\"height\":91,\"caption\":\"Homeproject.fr\"},\"image\":{\"@id\":\"https:\\\/\\\/homeproject.fr\\\/fr\\\/#\\\/schema\\\/logo\\\/image\\\/\"}}]}<\/script>\n<!-- \/ Yoast SEO plugin. -->","yoast_head_json":{"title":"Suspension design en m\u00e9tal dor\u00e9 & globes en verre champagne NOVARA - Homeproject.fr","robots":{"index":"index","follow":"follow","max-snippet":"max-snippet:-1","max-image-preview":"max-image-preview:large","max-video-preview":"max-video-preview:-1"},"canonical":"https:\/\/homeproject.fr\/fr\/produit\/suspension-design-en-metal-dore-globes-en-verre-champagne-novara\/","og_locale":"fr_FR","og_type":"article","og_title":"Suspension design en m\u00e9tal dor\u00e9 & globes en verre champagne NOVARA - Homeproject.fr","og_description":"La\u00a0suspension Novara\u00a0incarne une vision raffin\u00e9e du luminaire d\u00e9coratif contemporain. Avec sa structure graphique en\u00a0m\u00e9tal finition or\u00a0et ses\u00a0diffuseurs en verre souffl\u00e9 couleur champagne, elle diffuse une lumi\u00e8re chaleureuse et enveloppante, id\u00e9ale pour sublimer une salle \u00e0 manger, un s\u00e9jour ou un espace de r\u00e9ception \u00e9l\u00e9gant. Son design a\u00e9rien, compos\u00e9 de\u00a0neuf globes harmonieusement r\u00e9partis, cr\u00e9e un jeu de volumes sophistiqu\u00e9 tout en assurant un \u00e9clairage \u00e9quilibr\u00e9. V\u00e9ritable pi\u00e8ce ma\u00eetresse, la suspension Novara apporte une signature d\u00e9corative forte, entre modernit\u00e9 italienne et inspiration art d\u00e9co revisit\u00e9e. Pens\u00e9e pour les int\u00e9rieurs contemporains, minimalistes ou haut de gamme, Novara s\u2019impose aussi bien au-dessus d\u2019une table de repas qu\u2019au c\u0153ur d\u2019un espace de vie ouvert.","og_url":"https:\/\/homeproject.fr\/fr\/produit\/suspension-design-en-metal-dore-globes-en-verre-champagne-novara\/","og_site_name":"Homeproject.fr","article_modified_time":"2026-02-02T16:03:06+00:00","og_image":[{"width":1024,"height":1024,"url":"https:\/\/homeproject.fr\/fr\/wp-content\/uploads\/2026\/02\/Suspension-design-en-metal-dore-globes-en-verre-champagne-NOVARA.png","type":"image\/png"}],"twitter_card":"summary_large_image","twitter_misc":{"Dur\u00e9e de lecture estim\u00e9e":"1 minute"},"schema":{"@context":"https:\/\/schema.org","@graph":[{"@type":"WebPage","@id":"https:\/\/homeproject.fr\/fr\/produit\/suspension-design-en-metal-dore-globes-en-verre-champagne-novara\/","url":"https:\/\/homeproject.fr\/fr\/produit\/suspension-design-en-metal-dore-globes-en-verre-champagne-novara\/","name":"Suspension design en m\u00e9tal dor\u00e9 & globes en verre champagne NOVARA - Homeproject.fr","isPartOf":{"@id":"https:\/\/homeproject.fr\/fr\/#website"},"primaryImageOfPage":{"@id":"https:\/\/homeproject.fr\/fr\/produit\/suspension-design-en-metal-dore-globes-en-verre-champagne-novara\/#primaryimage"},"image":{"@id":"https:\/\/homeproject.fr\/fr\/produit\/suspension-design-en-metal-dore-globes-en-verre-champagne-novara\/#primaryimage"},"thumbnailUrl":"https:\/\/homeproject.fr\/fr\/wp-content\/uploads\/2026\/02\/Suspension-design-en-metal-dore-globes-en-verre-champagne-NOVARA.png","datePublished":"2026-02-02T15:57:52+00:00","dateModified":"2026-02-02T16:03:06+00:00","breadcrumb":{"@id":"https:\/\/homeproject.fr\/fr\/produit\/suspension-design-en-metal-dore-globes-en-verre-champagne-novara\/#breadcrumb"},"inLanguage":"fr-FR","potentialAction":[{"@type":"ReadAction","target":["https:\/\/homeproject.fr\/fr\/produit\/suspension-design-en-metal-dore-globes-en-verre-champagne-novara\/"]}]},{"@type":"ImageObject","inLanguage":"fr-FR","@id":"https:\/\/homeproject.fr\/fr\/produit\/suspension-design-en-metal-dore-globes-en-verre-champagne-novara\/#primaryimage","url":"https:\/\/homeproject.fr\/fr\/wp-content\/uploads\/2026\/02\/Suspension-design-en-metal-dore-globes-en-verre-champagne-NOVARA.png","contentUrl":"https:\/\/homeproject.fr\/fr\/wp-content\/uploads\/2026\/02\/Suspension-design-en-metal-dore-globes-en-verre-champagne-NOVARA.png","width":1024,"height":1024},{"@type":"BreadcrumbList","@id":"https:\/\/homeproject.fr\/fr\/produit\/suspension-design-en-metal-dore-globes-en-verre-champagne-novara\/#breadcrumb","itemListElement":[{"@type":"ListItem","position":1,"name":"Accueil","item":"https:\/\/homeproject.fr\/fr\/"},{"@type":"ListItem","position":2,"name":"Boutique","item":"https:\/\/homeproject.fr\/fr\/boutique\/"},{"@type":"ListItem","position":3,"name":"Suspension design en m\u00e9tal dor\u00e9 &#038; globes en verre champagne NOVARA"}]},{"@type":"WebSite","@id":"https:\/\/homeproject.fr\/fr\/#website","url":"https:\/\/homeproject.fr\/fr\/","name":"Homeproject.fr","description":"Offrez l&#039;exceptionnel \u00e0 vos espaces \u00e0 vivre","publisher":{"@id":"https:\/\/homeproject.fr\/fr\/#organization"},"potentialAction":[{"@type":"SearchAction","target":{"@type":"EntryPoint","urlTemplate":"https:\/\/homeproject.fr\/fr\/?s={search_term_string}"},"query-input":{"@type":"PropertyValueSpecification","valueRequired":true,"valueName":"search_term_string"}}],"inLanguage":"fr-FR"},{"@type":"Organization","@id":"https:\/\/homeproject.fr\/fr\/#organization","name":"Homeproject.fr","url":"https:\/\/homeproject.fr\/fr\/","logo":{"@type":"ImageObject","inLanguage":"fr-FR","@id":"https:\/\/homeproject.fr\/fr\/#\/schema\/logo\/image\/","url":"https:\/\/homeproject.fr\/fr\/wp-content\/uploads\/2024\/12\/Logo_HomeProject-noir-2.png","contentUrl":"https:\/\/homeproject.fr\/fr\/wp-content\/uploads\/2024\/12\/Logo_HomeProject-noir-2.png","width":300,"height":91,"caption":"Homeproject.fr"},"image":{"@id":"https:\/\/homeproject.fr\/fr\/#\/schema\/logo\/image\/"}}]}},"_links":{"self":[{"href":"https:\/\/homeproject.fr\/fr\/wp-json\/wp\/v2\/product\/15827","targetHints":{"allow":["GET"]}}],"collection":[{"href":"https:\/\/homeproject.fr\/fr\/wp-json\/wp\/v2\/product"}],"about":[{"href":"https:\/\/homeproject.fr\/fr\/wp-json\/wp\/v2\/types\/product"}],"version-history":[{"count":2,"href":"https:\/\/homeproject.fr\/fr\/wp-json\/wp\/v2\/product\/15827\/revisions"}],"predecessor-version":[{"id":15831,"href":"https:\/\/homeproject.fr\/fr\/wp-json\/wp\/v2\/product\/15827\/revisions\/15831"}],"wp:featuredmedia":[{"embeddable":true,"href":"https:\/\/homeproject.fr\/fr\/wp-json\/wp\/v2\/media\/15828"}],"wp:attachment":[{"href":"https:\/\/homeproject.fr\/fr\/wp-json\/wp\/v2\/media?parent=15827"}],"wp:term":[{"taxonomy":"product_brand","embeddable":true,"href":"https:\/\/homeproject.fr\/fr\/wp-json\/wp\/v2\/product_brand?post=15827"},{"taxonomy":"product_cat","embeddable":true,"href":"https:\/\/homeproject.fr\/fr\/wp-json\/wp\/v2\/product_cat?post=15827"},{"taxonomy":"product_tag","embeddable":true,"href":"https:\/\/homeproject.fr\/fr\/wp-json\/wp\/v2\/product_tag?post=15827"}],"curies":[{"name":"wp","href":"https:\/\/api.w.org\/{rel}","templated":true}]}}