{"id":15807,"date":"2026-02-02T15:11:46","date_gmt":"2026-02-02T15:11:46","guid":{"rendered":"https:\/\/homeproject.fr\/fr\/?post_type=product&#038;p=15807"},"modified":"2026-02-02T15:17:57","modified_gmt":"2026-02-02T15:17:57","slug":"suspension-design-a-6-pieces-en-verre-chrome-structure-noire-liquida","status":"publish","type":"product","link":"https:\/\/homeproject.fr\/fr\/produit\/suspension-design-a-6-pieces-en-verre-chrome-structure-noire-liquida\/","title":{"rendered":"Suspension design \u00e0 6 pi\u00e8ces en verre chrom\u00e9 &#038; structure noire LIQUIDA"},"content":{"rendered":"<h2 data-start=\"892\" data-end=\"1024\"><strong>Caract\u00e9ristiques techniques<\/strong><\/h2>\n<ul class=\"ul1\">\n<li class=\"li1\"><b>Type<\/b>\u00a0: Suspension<\/li>\n<li class=\"li1\"><b>Structure<\/b>\u00a0: M\u00e9tal (fer) finition noir mat<\/li>\n<li class=\"li1\"><b>Diffuseurs<\/b>\u00a0: Verre chrom\u00e9<\/li>\n<li class=\"li1\"><b>Nombre de sources lumineuses<\/b>\u00a0: 6<\/li>\n<li class=\"li1\"><b>Type de culot<\/b>\u00a0: E14<\/li>\n<li class=\"li1\"><b>Ampoules incluses<\/b>\u00a0: Non<\/li>\n<li class=\"li1\"><b>Compatibilit\u00e9 ampoules LED<\/b>\u00a0: Oui<\/li>\n<li class=\"li1\"><b>Alimentation<\/b>\u00a0: 220\u2013240 V \/ 50\u201360 Hz<\/li>\n<li class=\"li1\"><b>Indice de protection<\/b>\u00a0: IP20<\/li>\n<li class=\"li1\"><b>Classe d\u2019isolation<\/b>\u00a0: Classe I<\/li>\n<li class=\"li1\"><b>C\u00e2bles<\/b>\u00a0: R\u00e9glables jusqu\u2019\u00e0 130 cm<\/li>\n<li class=\"li1\"><b>Installation<\/b>\u00a0: Plafonnier avec platine ovale<\/li>\n<li class=\"li1\"><b>Utilisation<\/b> : Int\u00e9rieur uniquement<\/li>\n<li class=\"li1\"><b>Garantie fabricant<\/b>\u00a0: 5 ans<\/li>\n<\/ul>\n<h2><strong>Pourquoi choisir la suspension Liquida?<\/strong><\/h2>\n<ul class=\"ul1\">\n<li class=\"li1\">\n<p class=\"p2\">Design sculptural et \u00e9quilibr\u00e9<\/p>\n<\/li>\n<li class=\"li1\">\n<p class=\"p2\">Verre chrom\u00e9 \u00e0 fort impact visuel<\/p>\n<\/li>\n<li class=\"li1\">\n<p class=\"p2\">Id\u00e9ale pour table, cuisine ou salle \u00e0 manger<\/p>\n<\/li>\n<li class=\"li1\">\n<p class=\"p2\">Hauteurs ajustables pour une composition sur mesure<\/p>\n<p class=\"p2\">\n<\/li>\n<li class=\"li1\">\n<p class=\"p2\">Finition haut de gamme et durable<\/p>\n<p class=\"p2\">\n<p>La\u00a0<b>suspension Liquida<\/b>\u00a0est un choix affirm\u00e9 pour ceux qui recherchent un\u00a0<b>luminaire design contemporain<\/b>, capable de structurer l\u2019espace tout en diffusant une lumi\u00e8re \u00e9l\u00e9gante et chaleureuse<\/li>\n<\/ul>\n<h2 data-start=\"509\" data-end=\"546\"><strong style=\"font-family: inherit;\">Vous avez des questions ?<\/strong><\/h2>\n<style id=\"wpforms-css-vars-3675\">\n\t\t\t\t#wpforms-3675 {\n\t\t\t\t\n\t\t\t}\n\t\t\t<\/style><div class=\"wpforms-container wpforms-container-full wpforms-render-modern\" id=\"wpforms-3675\"><form id=\"wpforms-form-3675\" class=\"wpforms-validate wpforms-form wpforms-ajax-form\" data-formid=\"3675\" method=\"post\" enctype=\"multipart\/form-data\" action=\"\/fr\/wp-json\/wp\/v2\/product\/15807\" data-token=\"40ada6e9151c970e4278e2da3e5409c5\" data-token-time=\"1777914046\"><noscript class=\"wpforms-error-noscript\">Veuillez activer JavaScript dans votre navigateur pour remplir ce formulaire.<\/noscript><div id=\"wpforms-error-noscript\" style=\"display: none;\">Veuillez activer JavaScript dans votre navigateur pour remplir ce formulaire.<\/div><div class=\"wpforms-field-container\"><div id=\"wpforms-3675-field_3-container\" class=\"wpforms-field wpforms-field-name\" data-field-id=\"3\"><fieldset><legend class=\"wpforms-field-label\">Nom <span class=\"wpforms-required-label\" aria-hidden=\"true\">*<\/span><\/legend><div class=\"wpforms-field-row wpforms-field-medium\"><div class=\"wpforms-field-row-block wpforms-first wpforms-one-half\"><input type=\"text\" id=\"wpforms-3675-field_3\" class=\"wpforms-field-name-first wpforms-field-required\" name=\"wpforms[fields][3][first]\" aria-errormessage=\"wpforms-3675-field_3-error\" required><label for=\"wpforms-3675-field_3\" class=\"wpforms-field-sublabel after\">Pr\u00e9nom<\/label><\/div><div class=\"wpforms-field-row-block wpforms-one-half\"><input type=\"text\" id=\"wpforms-3675-field_3-last\" class=\"wpforms-field-name-last wpforms-field-required\" name=\"wpforms[fields][3][last]\" aria-errormessage=\"wpforms-3675-field_3-last-error\" required><label for=\"wpforms-3675-field_3-last\" class=\"wpforms-field-sublabel after\">Nom<\/label><\/div><\/div><\/fieldset><\/div>\t\t<div id=\"wpforms-3675-field_1-container\"\n\t\t\tclass=\"wpforms-field wpforms-field-text\"\n\t\t\tdata-field-type=\"text\"\n\t\t\tdata-field-id=\"1\"\n\t\t\t>\n\t\t\t<label class=\"wpforms-field-label\" for=\"wpforms-3675-field_1\" >E-mail Nom Message<\/label>\n\t\t\t<input type=\"text\" id=\"wpforms-3675-field_1\" class=\"wpforms-field-medium\" name=\"wpforms[fields][1]\" >\n\t\t<\/div>\n\t\t<div id=\"wpforms-3675-field_4-container\" class=\"wpforms-field wpforms-field-email\" data-field-id=\"4\"><label class=\"wpforms-field-label\" for=\"wpforms-3675-field_4\">E-mail <span class=\"wpforms-required-label\" aria-hidden=\"true\">*<\/span><\/label><input type=\"email\" id=\"wpforms-3675-field_4\" class=\"wpforms-field-medium wpforms-field-required\" name=\"wpforms[fields][4]\" spellcheck=\"false\" aria-errormessage=\"wpforms-3675-field_4-error\" required><\/div><div id=\"wpforms-3675-field_5-container\" class=\"wpforms-field wpforms-field-textarea\" data-field-id=\"5\"><label class=\"wpforms-field-label\" for=\"wpforms-3675-field_5\">Message <span class=\"wpforms-required-label\" aria-hidden=\"true\">*<\/span><\/label><textarea id=\"wpforms-3675-field_5\" class=\"wpforms-field-medium wpforms-field-required\" name=\"wpforms[fields][5]\" aria-errormessage=\"wpforms-3675-field_5-error\" required><\/textarea><\/div><script>\n\t\t\t\t( function() {\n\t\t\t\t\tconst style = document.createElement( 'style' );\n\t\t\t\t\tstyle.appendChild( document.createTextNode( '#wpforms-3675-field_1-container { position: absolute !important; overflow: hidden !important; display: inline !important; height: 1px !important; width: 1px !important; z-index: -1000 !important; padding: 0 !important; } #wpforms-3675-field_1-container input { visibility: hidden; } #wpforms-conversational-form-page #wpforms-3675-field_1-container label { counter-increment: none; }' ) );\n\t\t\t\t\tdocument.head.appendChild( style );\n\t\t\t\t\tdocument.currentScript?.remove();\n\t\t\t\t} )();\n\t\t\t<\/script><\/div><!-- .wpforms-field-container --><div class=\"wpforms-submit-container\" ><input type=\"hidden\" name=\"wpforms[id]\" value=\"3675\"><input type=\"hidden\" name=\"page_title\" value=\"\"><input type=\"hidden\" name=\"page_url\" value=\"https:\/\/homeproject.fr\/fr\/wp-json\/wp\/v2\/product\/15807\"><input type=\"hidden\" name=\"url_referer\" value=\"\"><button type=\"submit\" name=\"wpforms[submit]\" id=\"wpforms-submit-3675\" class=\"wpforms-submit\" data-alt-text=\"Envoi...\" data-submit-text=\"Envoyer\" aria-live=\"assertive\" value=\"wpforms-submit\">Envoyer<\/button><img decoding=\"async\" src=\"https:\/\/homeproject.fr\/fr\/wp-content\/plugins\/wpforms-lite\/assets\/images\/submit-spin.svg\" class=\"wpforms-submit-spinner\" style=\"display: none;\" width=\"26\" height=\"26\" alt=\"Chargement en cours\"><\/div><\/form><\/div>  <!-- .wpforms-container -->\n","protected":false},"excerpt":{"rendered":"<p data-start=\"232\" data-end=\"579\">La\u00a0<strong data-start=\"235\" data-end=\"257\">suspension Liquida<\/strong>\u00a0incarne une vision contemporaine du luminaire d\u00e9coratif, m\u00ealant\u00a0<strong data-start=\"322\" data-end=\"347\">\u00e9l\u00e9gance industrielle<\/strong>\u00a0et\u00a0<strong data-start=\"351\" data-end=\"374\">raffinement vintage<\/strong>. Sa composition graphique de\u00a0<strong data-start=\"404\" data-end=\"439\">six suspensions en verre chrom\u00e9<\/strong>, suspendues \u00e0 diff\u00e9rentes hauteurs sur une\u00a0<strong data-start=\"483\" data-end=\"506\">platine ovale noire<\/strong>, cr\u00e9e un jeu de volumes et de reflets qui capte imm\u00e9diatement le regard.<\/p>\n<p data-start=\"581\" data-end=\"967\">Les\u00a0<strong data-start=\"585\" data-end=\"627\">diffuseurs en verre finement travaill\u00e9<\/strong>\u00a0offrent une transparence miroir subtile, r\u00e9v\u00e9lant la source lumineuse tout en diffusant une lumi\u00e8re chaleureuse et sophistiqu\u00e9e. Parfaite au-dessus d\u2019une\u00a0<strong data-start=\"782\" data-end=\"809\">table de salle \u00e0 manger<\/strong>, d\u2019un\u00a0<strong data-start=\"816\" data-end=\"835\">\u00eelot de cuisine<\/strong>\u00a0ou dans un\u00a0<strong data-start=\"847\" data-end=\"870\">espace de r\u00e9ception<\/strong>, Liquida apporte une signature d\u00e9corative forte tout en conservant une grande l\u00e9g\u00e8ret\u00e9 visuelle.<\/p>\n<p data-start=\"969\" data-end=\"1184\">Gr\u00e2ce \u00e0 ses\u00a0<strong data-start=\"981\" data-end=\"1001\">c\u00e2bles r\u00e9glables<\/strong>, cette suspension s\u2019adapte facilement \u00e0 la hauteur sous plafond et permet une mise en sc\u00e8ne personnalis\u00e9e, id\u00e9ale pour les int\u00e9rieurs contemporains, industriels ou minimalistes chic<\/p>\n","protected":false},"featured_media":15808,"template":"","meta":{"_uf_show_specific_survey":0,"_uf_disable_surveys":false,"iawp_total_views":1},"product_brand":[],"product_cat":[172],"product_tag":[],"class_list":{"0":"post-15807","1":"product","2":"type-product","3":"status-publish","4":"has-post-thumbnail","6":"product_cat-suspensions","7":"product_shipping_class-petit-colis","8":"pa_materiau-metal","9":"pa_materiau-verre","11":"first","12":"instock","13":"taxable","14":"shipping-taxable","15":"purchasable","16":"product-type-simple"},"yoast_head":"<!-- This site is optimized with the Yoast SEO plugin v27.5 - https:\/\/yoast.com\/product\/yoast-seo-wordpress\/ -->\n<title>Suspension design \u00e0 6 pi\u00e8ces en verre chrom\u00e9 &amp; structure noire LIQUIDA - Homeproject.fr<\/title>\n<meta name=\"robots\" content=\"index, follow, max-snippet:-1, max-image-preview:large, max-video-preview:-1\" \/>\n<link rel=\"canonical\" href=\"https:\/\/homeproject.fr\/fr\/produit\/suspension-design-a-6-pieces-en-verre-chrome-structure-noire-liquida\/\" \/>\n<meta property=\"og:locale\" content=\"fr_FR\" \/>\n<meta property=\"og:type\" content=\"article\" \/>\n<meta property=\"og:title\" content=\"Suspension design \u00e0 6 pi\u00e8ces en verre chrom\u00e9 &amp; structure noire LIQUIDA - Homeproject.fr\" \/>\n<meta property=\"og:description\" content=\"La\u00a0suspension Liquida\u00a0incarne une vision contemporaine du luminaire d\u00e9coratif, m\u00ealant\u00a0\u00e9l\u00e9gance industrielle\u00a0et\u00a0raffinement vintage. Sa composition graphique de\u00a0six suspensions en verre chrom\u00e9, suspendues \u00e0 diff\u00e9rentes hauteurs sur une\u00a0platine ovale noire, cr\u00e9e un jeu de volumes et de reflets qui capte imm\u00e9diatement le regard. Les\u00a0diffuseurs en verre finement travaill\u00e9\u00a0offrent une transparence miroir subtile, r\u00e9v\u00e9lant la source lumineuse tout en diffusant une lumi\u00e8re chaleureuse et sophistiqu\u00e9e. Parfaite au-dessus d\u2019une\u00a0table de salle \u00e0 manger, d\u2019un\u00a0\u00eelot de cuisine\u00a0ou dans un\u00a0espace de r\u00e9ception, Liquida apporte une signature d\u00e9corative forte tout en conservant une grande l\u00e9g\u00e8ret\u00e9 visuelle. Gr\u00e2ce \u00e0 ses\u00a0c\u00e2bles r\u00e9glables, cette suspension s\u2019adapte facilement \u00e0 la hauteur sous plafond et permet une mise en sc\u00e8ne personnalis\u00e9e, id\u00e9ale pour les int\u00e9rieurs contemporains, industriels ou minimalistes chic\" \/>\n<meta property=\"og:url\" content=\"https:\/\/homeproject.fr\/fr\/produit\/suspension-design-a-6-pieces-en-verre-chrome-structure-noire-liquida\/\" \/>\n<meta property=\"og:site_name\" content=\"Homeproject.fr\" \/>\n<meta property=\"article:modified_time\" content=\"2026-02-02T15:17:57+00:00\" \/>\n<meta property=\"og:image\" content=\"https:\/\/homeproject.fr\/fr\/wp-content\/uploads\/2026\/02\/Suspension-design-a-6-pieces-en-verre-chrome-structure-noire-LIQUIDA-1.png\" \/>\n\t<meta property=\"og:image:width\" content=\"1024\" \/>\n\t<meta property=\"og:image:height\" content=\"1024\" \/>\n\t<meta property=\"og:image:type\" content=\"image\/png\" \/>\n<meta name=\"twitter:card\" content=\"summary_large_image\" \/>\n<meta name=\"twitter:label1\" content=\"Dur\u00e9e de lecture estim\u00e9e\" \/>\n\t<meta name=\"twitter:data1\" content=\"1 minute\" \/>\n<script type=\"application\/ld+json\" class=\"yoast-schema-graph\">{\"@context\":\"https:\\\/\\\/schema.org\",\"@graph\":[{\"@type\":\"WebPage\",\"@id\":\"https:\\\/\\\/homeproject.fr\\\/fr\\\/produit\\\/suspension-design-a-6-pieces-en-verre-chrome-structure-noire-liquida\\\/\",\"url\":\"https:\\\/\\\/homeproject.fr\\\/fr\\\/produit\\\/suspension-design-a-6-pieces-en-verre-chrome-structure-noire-liquida\\\/\",\"name\":\"Suspension design \u00e0 6 pi\u00e8ces en verre chrom\u00e9 & structure noire LIQUIDA - Homeproject.fr\",\"isPartOf\":{\"@id\":\"https:\\\/\\\/homeproject.fr\\\/fr\\\/#website\"},\"primaryImageOfPage\":{\"@id\":\"https:\\\/\\\/homeproject.fr\\\/fr\\\/produit\\\/suspension-design-a-6-pieces-en-verre-chrome-structure-noire-liquida\\\/#primaryimage\"},\"image\":{\"@id\":\"https:\\\/\\\/homeproject.fr\\\/fr\\\/produit\\\/suspension-design-a-6-pieces-en-verre-chrome-structure-noire-liquida\\\/#primaryimage\"},\"thumbnailUrl\":\"https:\\\/\\\/homeproject.fr\\\/fr\\\/wp-content\\\/uploads\\\/2026\\\/02\\\/Suspension-design-a-6-pieces-en-verre-chrome-structure-noire-LIQUIDA-1.png\",\"datePublished\":\"2026-02-02T15:11:46+00:00\",\"dateModified\":\"2026-02-02T15:17:57+00:00\",\"breadcrumb\":{\"@id\":\"https:\\\/\\\/homeproject.fr\\\/fr\\\/produit\\\/suspension-design-a-6-pieces-en-verre-chrome-structure-noire-liquida\\\/#breadcrumb\"},\"inLanguage\":\"fr-FR\",\"potentialAction\":[{\"@type\":\"ReadAction\",\"target\":[\"https:\\\/\\\/homeproject.fr\\\/fr\\\/produit\\\/suspension-design-a-6-pieces-en-verre-chrome-structure-noire-liquida\\\/\"]}]},{\"@type\":\"ImageObject\",\"inLanguage\":\"fr-FR\",\"@id\":\"https:\\\/\\\/homeproject.fr\\\/fr\\\/produit\\\/suspension-design-a-6-pieces-en-verre-chrome-structure-noire-liquida\\\/#primaryimage\",\"url\":\"https:\\\/\\\/homeproject.fr\\\/fr\\\/wp-content\\\/uploads\\\/2026\\\/02\\\/Suspension-design-a-6-pieces-en-verre-chrome-structure-noire-LIQUIDA-1.png\",\"contentUrl\":\"https:\\\/\\\/homeproject.fr\\\/fr\\\/wp-content\\\/uploads\\\/2026\\\/02\\\/Suspension-design-a-6-pieces-en-verre-chrome-structure-noire-LIQUIDA-1.png\",\"width\":1024,\"height\":1024},{\"@type\":\"BreadcrumbList\",\"@id\":\"https:\\\/\\\/homeproject.fr\\\/fr\\\/produit\\\/suspension-design-a-6-pieces-en-verre-chrome-structure-noire-liquida\\\/#breadcrumb\",\"itemListElement\":[{\"@type\":\"ListItem\",\"position\":1,\"name\":\"Accueil\",\"item\":\"https:\\\/\\\/homeproject.fr\\\/fr\\\/\"},{\"@type\":\"ListItem\",\"position\":2,\"name\":\"Boutique\",\"item\":\"https:\\\/\\\/homeproject.fr\\\/fr\\\/boutique\\\/\"},{\"@type\":\"ListItem\",\"position\":3,\"name\":\"Suspension design \u00e0 6 pi\u00e8ces en verre chrom\u00e9 &#038; structure noire LIQUIDA\"}]},{\"@type\":\"WebSite\",\"@id\":\"https:\\\/\\\/homeproject.fr\\\/fr\\\/#website\",\"url\":\"https:\\\/\\\/homeproject.fr\\\/fr\\\/\",\"name\":\"Homeproject.fr\",\"description\":\"Offrez l&#039;exceptionnel \u00e0 vos espaces \u00e0 vivre\",\"publisher\":{\"@id\":\"https:\\\/\\\/homeproject.fr\\\/fr\\\/#organization\"},\"potentialAction\":[{\"@type\":\"SearchAction\",\"target\":{\"@type\":\"EntryPoint\",\"urlTemplate\":\"https:\\\/\\\/homeproject.fr\\\/fr\\\/?s={search_term_string}\"},\"query-input\":{\"@type\":\"PropertyValueSpecification\",\"valueRequired\":true,\"valueName\":\"search_term_string\"}}],\"inLanguage\":\"fr-FR\"},{\"@type\":\"Organization\",\"@id\":\"https:\\\/\\\/homeproject.fr\\\/fr\\\/#organization\",\"name\":\"Homeproject.fr\",\"url\":\"https:\\\/\\\/homeproject.fr\\\/fr\\\/\",\"logo\":{\"@type\":\"ImageObject\",\"inLanguage\":\"fr-FR\",\"@id\":\"https:\\\/\\\/homeproject.fr\\\/fr\\\/#\\\/schema\\\/logo\\\/image\\\/\",\"url\":\"https:\\\/\\\/homeproject.fr\\\/fr\\\/wp-content\\\/uploads\\\/2024\\\/12\\\/Logo_HomeProject-noir-2.png\",\"contentUrl\":\"https:\\\/\\\/homeproject.fr\\\/fr\\\/wp-content\\\/uploads\\\/2024\\\/12\\\/Logo_HomeProject-noir-2.png\",\"width\":300,\"height\":91,\"caption\":\"Homeproject.fr\"},\"image\":{\"@id\":\"https:\\\/\\\/homeproject.fr\\\/fr\\\/#\\\/schema\\\/logo\\\/image\\\/\"}}]}<\/script>\n<!-- \/ Yoast SEO plugin. -->","yoast_head_json":{"title":"Suspension design \u00e0 6 pi\u00e8ces en verre chrom\u00e9 & structure noire LIQUIDA - Homeproject.fr","robots":{"index":"index","follow":"follow","max-snippet":"max-snippet:-1","max-image-preview":"max-image-preview:large","max-video-preview":"max-video-preview:-1"},"canonical":"https:\/\/homeproject.fr\/fr\/produit\/suspension-design-a-6-pieces-en-verre-chrome-structure-noire-liquida\/","og_locale":"fr_FR","og_type":"article","og_title":"Suspension design \u00e0 6 pi\u00e8ces en verre chrom\u00e9 & structure noire LIQUIDA - Homeproject.fr","og_description":"La\u00a0suspension Liquida\u00a0incarne une vision contemporaine du luminaire d\u00e9coratif, m\u00ealant\u00a0\u00e9l\u00e9gance industrielle\u00a0et\u00a0raffinement vintage. Sa composition graphique de\u00a0six suspensions en verre chrom\u00e9, suspendues \u00e0 diff\u00e9rentes hauteurs sur une\u00a0platine ovale noire, cr\u00e9e un jeu de volumes et de reflets qui capte imm\u00e9diatement le regard. Les\u00a0diffuseurs en verre finement travaill\u00e9\u00a0offrent une transparence miroir subtile, r\u00e9v\u00e9lant la source lumineuse tout en diffusant une lumi\u00e8re chaleureuse et sophistiqu\u00e9e. Parfaite au-dessus d\u2019une\u00a0table de salle \u00e0 manger, d\u2019un\u00a0\u00eelot de cuisine\u00a0ou dans un\u00a0espace de r\u00e9ception, Liquida apporte une signature d\u00e9corative forte tout en conservant une grande l\u00e9g\u00e8ret\u00e9 visuelle. Gr\u00e2ce \u00e0 ses\u00a0c\u00e2bles r\u00e9glables, cette suspension s\u2019adapte facilement \u00e0 la hauteur sous plafond et permet une mise en sc\u00e8ne personnalis\u00e9e, id\u00e9ale pour les int\u00e9rieurs contemporains, industriels ou minimalistes chic","og_url":"https:\/\/homeproject.fr\/fr\/produit\/suspension-design-a-6-pieces-en-verre-chrome-structure-noire-liquida\/","og_site_name":"Homeproject.fr","article_modified_time":"2026-02-02T15:17:57+00:00","og_image":[{"width":1024,"height":1024,"url":"https:\/\/homeproject.fr\/fr\/wp-content\/uploads\/2026\/02\/Suspension-design-a-6-pieces-en-verre-chrome-structure-noire-LIQUIDA-1.png","type":"image\/png"}],"twitter_card":"summary_large_image","twitter_misc":{"Dur\u00e9e de lecture estim\u00e9e":"1 minute"},"schema":{"@context":"https:\/\/schema.org","@graph":[{"@type":"WebPage","@id":"https:\/\/homeproject.fr\/fr\/produit\/suspension-design-a-6-pieces-en-verre-chrome-structure-noire-liquida\/","url":"https:\/\/homeproject.fr\/fr\/produit\/suspension-design-a-6-pieces-en-verre-chrome-structure-noire-liquida\/","name":"Suspension design \u00e0 6 pi\u00e8ces en verre chrom\u00e9 & structure noire LIQUIDA - Homeproject.fr","isPartOf":{"@id":"https:\/\/homeproject.fr\/fr\/#website"},"primaryImageOfPage":{"@id":"https:\/\/homeproject.fr\/fr\/produit\/suspension-design-a-6-pieces-en-verre-chrome-structure-noire-liquida\/#primaryimage"},"image":{"@id":"https:\/\/homeproject.fr\/fr\/produit\/suspension-design-a-6-pieces-en-verre-chrome-structure-noire-liquida\/#primaryimage"},"thumbnailUrl":"https:\/\/homeproject.fr\/fr\/wp-content\/uploads\/2026\/02\/Suspension-design-a-6-pieces-en-verre-chrome-structure-noire-LIQUIDA-1.png","datePublished":"2026-02-02T15:11:46+00:00","dateModified":"2026-02-02T15:17:57+00:00","breadcrumb":{"@id":"https:\/\/homeproject.fr\/fr\/produit\/suspension-design-a-6-pieces-en-verre-chrome-structure-noire-liquida\/#breadcrumb"},"inLanguage":"fr-FR","potentialAction":[{"@type":"ReadAction","target":["https:\/\/homeproject.fr\/fr\/produit\/suspension-design-a-6-pieces-en-verre-chrome-structure-noire-liquida\/"]}]},{"@type":"ImageObject","inLanguage":"fr-FR","@id":"https:\/\/homeproject.fr\/fr\/produit\/suspension-design-a-6-pieces-en-verre-chrome-structure-noire-liquida\/#primaryimage","url":"https:\/\/homeproject.fr\/fr\/wp-content\/uploads\/2026\/02\/Suspension-design-a-6-pieces-en-verre-chrome-structure-noire-LIQUIDA-1.png","contentUrl":"https:\/\/homeproject.fr\/fr\/wp-content\/uploads\/2026\/02\/Suspension-design-a-6-pieces-en-verre-chrome-structure-noire-LIQUIDA-1.png","width":1024,"height":1024},{"@type":"BreadcrumbList","@id":"https:\/\/homeproject.fr\/fr\/produit\/suspension-design-a-6-pieces-en-verre-chrome-structure-noire-liquida\/#breadcrumb","itemListElement":[{"@type":"ListItem","position":1,"name":"Accueil","item":"https:\/\/homeproject.fr\/fr\/"},{"@type":"ListItem","position":2,"name":"Boutique","item":"https:\/\/homeproject.fr\/fr\/boutique\/"},{"@type":"ListItem","position":3,"name":"Suspension design \u00e0 6 pi\u00e8ces en verre chrom\u00e9 &#038; structure noire LIQUIDA"}]},{"@type":"WebSite","@id":"https:\/\/homeproject.fr\/fr\/#website","url":"https:\/\/homeproject.fr\/fr\/","name":"Homeproject.fr","description":"Offrez l&#039;exceptionnel \u00e0 vos espaces \u00e0 vivre","publisher":{"@id":"https:\/\/homeproject.fr\/fr\/#organization"},"potentialAction":[{"@type":"SearchAction","target":{"@type":"EntryPoint","urlTemplate":"https:\/\/homeproject.fr\/fr\/?s={search_term_string}"},"query-input":{"@type":"PropertyValueSpecification","valueRequired":true,"valueName":"search_term_string"}}],"inLanguage":"fr-FR"},{"@type":"Organization","@id":"https:\/\/homeproject.fr\/fr\/#organization","name":"Homeproject.fr","url":"https:\/\/homeproject.fr\/fr\/","logo":{"@type":"ImageObject","inLanguage":"fr-FR","@id":"https:\/\/homeproject.fr\/fr\/#\/schema\/logo\/image\/","url":"https:\/\/homeproject.fr\/fr\/wp-content\/uploads\/2024\/12\/Logo_HomeProject-noir-2.png","contentUrl":"https:\/\/homeproject.fr\/fr\/wp-content\/uploads\/2024\/12\/Logo_HomeProject-noir-2.png","width":300,"height":91,"caption":"Homeproject.fr"},"image":{"@id":"https:\/\/homeproject.fr\/fr\/#\/schema\/logo\/image\/"}}]}},"_links":{"self":[{"href":"https:\/\/homeproject.fr\/fr\/wp-json\/wp\/v2\/product\/15807","targetHints":{"allow":["GET"]}}],"collection":[{"href":"https:\/\/homeproject.fr\/fr\/wp-json\/wp\/v2\/product"}],"about":[{"href":"https:\/\/homeproject.fr\/fr\/wp-json\/wp\/v2\/types\/product"}],"version-history":[{"count":2,"href":"https:\/\/homeproject.fr\/fr\/wp-json\/wp\/v2\/product\/15807\/revisions"}],"predecessor-version":[{"id":15811,"href":"https:\/\/homeproject.fr\/fr\/wp-json\/wp\/v2\/product\/15807\/revisions\/15811"}],"wp:featuredmedia":[{"embeddable":true,"href":"https:\/\/homeproject.fr\/fr\/wp-json\/wp\/v2\/media\/15808"}],"wp:attachment":[{"href":"https:\/\/homeproject.fr\/fr\/wp-json\/wp\/v2\/media?parent=15807"}],"wp:term":[{"taxonomy":"product_brand","embeddable":true,"href":"https:\/\/homeproject.fr\/fr\/wp-json\/wp\/v2\/product_brand?post=15807"},{"taxonomy":"product_cat","embeddable":true,"href":"https:\/\/homeproject.fr\/fr\/wp-json\/wp\/v2\/product_cat?post=15807"},{"taxonomy":"product_tag","embeddable":true,"href":"https:\/\/homeproject.fr\/fr\/wp-json\/wp\/v2\/product_tag?post=15807"}],"curies":[{"name":"wp","href":"https:\/\/api.w.org\/{rel}","templated":true}]}}