{"id":15779,"date":"2026-02-02T14:42:56","date_gmt":"2026-02-02T14:42:56","guid":{"rendered":"https:\/\/homeproject.fr\/fr\/?post_type=product&#038;p=15779"},"modified":"2026-02-02T14:54:40","modified_gmt":"2026-02-02T14:54:40","slug":"suspension-au-design-vintage-en-metal-et-verre-retro-30-noire","status":"publish","type":"product","link":"https:\/\/homeproject.fr\/fr\/produit\/suspension-au-design-vintage-en-metal-et-verre-retro-30-noire\/","title":{"rendered":"Suspension au design vintage en m\u00e9tal et verre RETRO 30 Noire"},"content":{"rendered":"<h2 data-start=\"892\" data-end=\"1024\"><strong>Caract\u00e9ristiques techniques<\/strong><\/h2>\n<ul class=\"ul1\">\n<li class=\"li1\"><b>Type<\/b>\u00a0: Suspension<\/li>\n<li class=\"li1\"><b>Structure<\/b>\u00a0: M\u00e9tal \/ fer<\/li>\n<li class=\"li1\"><b>Finition<\/b>\u00a0: Noir mat<\/li>\n<li class=\"li1\"><b>Diffuseur<\/b>\u00a0: Verre blanc opale d\u00e9poli<\/li>\n<li class=\"li1\"><b>Forme du diffuseur<\/b>\u00a0: Sph\u00e9rique<\/li>\n<li class=\"li1\"><b>Source lumineuse<\/b>\u00a0: 1 \u00d7 G9 LED (ampoule non fournie)<\/li>\n<li class=\"li1\"><b>Tension<\/b>\u00a0: 220\u2013240 V<\/li>\n<li class=\"li1\"><b>Fr\u00e9quence<\/b>\u00a0: 50\/60 Hz<\/li>\n<li class=\"li1\"><b>Classe d\u2019isolation<\/b>\u00a0: Classe I<\/li>\n<li class=\"li1\"><b>Indice de protection<\/b>\u00a0: IP20 (usage int\u00e9rieur)<\/li>\n<li class=\"li1\"><b>C\u00e2ble<\/b>\u00a0: R\u00e9glable \u2013 longueur max. 130 cm<\/li>\n<li class=\"li1\"><b>Dimensions<\/b>\u00a0: \u00d8 30 cm (diffuseur \u00d8 15 cm)<\/li>\n<li class=\"li1\"><b>Couleur du c\u00e2ble \/ pavillon<\/b>\u00a0: Noir<\/li>\n<li class=\"li1\"><b>Installation<\/b> : Plafond<\/li>\n<li class=\"li1\"><b>Garantie <\/b>: 5 ans<\/li>\n<\/ul>\n<p><a href=\"https:\/\/homeproject.fr\/fr\/wp-content\/uploads\/2026\/02\/Suspension-au-design-vintage-en-metal-et-verre-RETRO-30-Doree-schema.png\"><img fetchpriority=\"high\" decoding=\"async\" class=\"alignnone wp-image-15777 size-large\" src=\"https:\/\/homeproject.fr\/fr\/wp-content\/uploads\/2026\/02\/Suspension-au-design-vintage-en-metal-et-verre-RETRO-30-Doree-schema-390x1024.png\" alt=\"\" width=\"390\" height=\"1024\" srcset=\"https:\/\/homeproject.fr\/fr\/wp-content\/uploads\/2026\/02\/Suspension-au-design-vintage-en-metal-et-verre-RETRO-30-Doree-schema-390x1024.png 390w, https:\/\/homeproject.fr\/fr\/wp-content\/uploads\/2026\/02\/Suspension-au-design-vintage-en-metal-et-verre-RETRO-30-Doree-schema-114x300.png 114w, https:\/\/homeproject.fr\/fr\/wp-content\/uploads\/2026\/02\/Suspension-au-design-vintage-en-metal-et-verre-RETRO-30-Doree-schema-585x1536.png 585w, https:\/\/homeproject.fr\/fr\/wp-content\/uploads\/2026\/02\/Suspension-au-design-vintage-en-metal-et-verre-RETRO-30-Doree-schema-5x12.png 5w, https:\/\/homeproject.fr\/fr\/wp-content\/uploads\/2026\/02\/Suspension-au-design-vintage-en-metal-et-verre-RETRO-30-Doree-schema.png 724w\" sizes=\"(max-width: 390px) 100vw, 390px\" \/><\/a><\/p>\n<ul>\n<li style=\"list-style-type: none;\"><\/li>\n<\/ul>\n<h2><strong>Pourquoi choisir la suspension Retro 30 Dor\u00e9e?<\/strong><\/h2>\n<p class=\"p1\">Avec la\u00a0<b>suspension Retro 30 noire<\/b>, Homeproject.fr propose un luminaire au <b>design iconique<\/b>, pens\u00e9 pour durer, tant par son esth\u00e9tique que par la qualit\u00e9 de ses mat\u00e9riaux. Un choix s\u00fbr pour cr\u00e9er une ambiance chaleureuse, \u00e9l\u00e9gante et parfaitement ma\u00eetris\u00e9e.<\/p>\n<p class=\"p2\"><b>Points forts<\/b><\/p>\n<ul class=\"ul1\">\n<li class=\"li1\">Design r\u00e9tro chic revisit\u00e9<\/li>\n<li class=\"li1\">Diffuseur en verre opale pour une lumi\u00e8re douce et non \u00e9blouissante<\/li>\n<li class=\"li1\">Finition noire mate \u00e9l\u00e9gante et intemporelle<\/li>\n<li class=\"li1\">Parfaite au-dessus d\u2019un \u00eelot, d\u2019une table ou en enfilade<\/li>\n<li class=\"li1\">C\u00e2ble r\u00e9glable pour une installation sur mesure<\/li>\n<\/ul>\n<h2 data-start=\"509\" data-end=\"546\"><strong style=\"font-family: inherit;\">Vous avez des questions ?<\/strong><\/h2>\n<style id=\"wpforms-css-vars-3675\">\n\t\t\t\t#wpforms-3675 {\n\t\t\t\t\n\t\t\t}\n\t\t\t<\/style><div class=\"wpforms-container wpforms-container-full wpforms-render-modern\" id=\"wpforms-3675\"><form id=\"wpforms-form-3675\" class=\"wpforms-validate wpforms-form wpforms-ajax-form\" data-formid=\"3675\" method=\"post\" enctype=\"multipart\/form-data\" action=\"\/fr\/wp-json\/wp\/v2\/product\/15779\" data-token=\"40ada6e9151c970e4278e2da3e5409c5\" data-token-time=\"1777911271\"><noscript class=\"wpforms-error-noscript\">Veuillez activer JavaScript dans votre navigateur pour remplir ce formulaire.<\/noscript><div id=\"wpforms-error-noscript\" style=\"display: none;\">Veuillez activer JavaScript dans votre navigateur pour remplir ce formulaire.<\/div><div class=\"wpforms-field-container\"><div id=\"wpforms-3675-field_3-container\" class=\"wpforms-field wpforms-field-name\" data-field-id=\"3\"><fieldset><legend class=\"wpforms-field-label\">Nom <span class=\"wpforms-required-label\" aria-hidden=\"true\">*<\/span><\/legend><div class=\"wpforms-field-row wpforms-field-medium\"><div class=\"wpforms-field-row-block wpforms-first wpforms-one-half\"><input type=\"text\" id=\"wpforms-3675-field_3\" class=\"wpforms-field-name-first wpforms-field-required\" name=\"wpforms[fields][3][first]\" aria-errormessage=\"wpforms-3675-field_3-error\" required><label for=\"wpforms-3675-field_3\" class=\"wpforms-field-sublabel after\">Pr\u00e9nom<\/label><\/div><div class=\"wpforms-field-row-block wpforms-one-half\"><input type=\"text\" id=\"wpforms-3675-field_3-last\" class=\"wpforms-field-name-last wpforms-field-required\" name=\"wpforms[fields][3][last]\" aria-errormessage=\"wpforms-3675-field_3-last-error\" required><label for=\"wpforms-3675-field_3-last\" class=\"wpforms-field-sublabel after\">Nom<\/label><\/div><\/div><\/fieldset><\/div><div id=\"wpforms-3675-field_4-container\" class=\"wpforms-field wpforms-field-email\" data-field-id=\"4\"><label class=\"wpforms-field-label\" for=\"wpforms-3675-field_4\">E-mail <span class=\"wpforms-required-label\" aria-hidden=\"true\">*<\/span><\/label><input type=\"email\" id=\"wpforms-3675-field_4\" class=\"wpforms-field-medium wpforms-field-required\" name=\"wpforms[fields][4]\" spellcheck=\"false\" aria-errormessage=\"wpforms-3675-field_4-error\" required><\/div>\t\t<div id=\"wpforms-3675-field_1-container\"\n\t\t\tclass=\"wpforms-field wpforms-field-text\"\n\t\t\tdata-field-type=\"text\"\n\t\t\tdata-field-id=\"1\"\n\t\t\t>\n\t\t\t<label class=\"wpforms-field-label\" for=\"wpforms-3675-field_1\" >Nom E-mail Message<\/label>\n\t\t\t<input type=\"text\" id=\"wpforms-3675-field_1\" class=\"wpforms-field-medium\" name=\"wpforms[fields][1]\" >\n\t\t<\/div>\n\t\t<div id=\"wpforms-3675-field_5-container\" class=\"wpforms-field wpforms-field-textarea\" data-field-id=\"5\"><label class=\"wpforms-field-label\" for=\"wpforms-3675-field_5\">Message <span class=\"wpforms-required-label\" aria-hidden=\"true\">*<\/span><\/label><textarea id=\"wpforms-3675-field_5\" class=\"wpforms-field-medium wpforms-field-required\" name=\"wpforms[fields][5]\" aria-errormessage=\"wpforms-3675-field_5-error\" required><\/textarea><\/div><script>\n\t\t\t\t( function() {\n\t\t\t\t\tconst style = document.createElement( 'style' );\n\t\t\t\t\tstyle.appendChild( document.createTextNode( '#wpforms-3675-field_1-container { position: absolute !important; overflow: hidden !important; display: inline !important; height: 1px !important; width: 1px !important; z-index: -1000 !important; padding: 0 !important; } #wpforms-3675-field_1-container input { visibility: hidden; } #wpforms-conversational-form-page #wpforms-3675-field_1-container label { counter-increment: none; }' ) );\n\t\t\t\t\tdocument.head.appendChild( style );\n\t\t\t\t\tdocument.currentScript?.remove();\n\t\t\t\t} )();\n\t\t\t<\/script><\/div><!-- .wpforms-field-container --><div class=\"wpforms-submit-container\" ><input type=\"hidden\" name=\"wpforms[id]\" value=\"3675\"><input type=\"hidden\" name=\"page_title\" value=\"\"><input type=\"hidden\" name=\"page_url\" value=\"https:\/\/homeproject.fr\/fr\/wp-json\/wp\/v2\/product\/15779\"><input type=\"hidden\" name=\"url_referer\" value=\"\"><button type=\"submit\" name=\"wpforms[submit]\" id=\"wpforms-submit-3675\" class=\"wpforms-submit\" data-alt-text=\"Envoi...\" data-submit-text=\"Envoyer\" aria-live=\"assertive\" value=\"wpforms-submit\">Envoyer<\/button><img decoding=\"async\" src=\"https:\/\/homeproject.fr\/fr\/wp-content\/plugins\/wpforms-lite\/assets\/images\/submit-spin.svg\" class=\"wpforms-submit-spinner\" style=\"display: none;\" width=\"26\" height=\"26\" alt=\"Chargement en cours\"><\/div><\/form><\/div>  <!-- .wpforms-container -->\n","protected":false},"excerpt":{"rendered":"<p data-start=\"366\" data-end=\"716\">La\u00a0<strong data-start=\"369\" data-end=\"398\">suspension Retro 30 noire<\/strong>\u00a0incarne un \u00e9quilibre parfait entre\u00a0<strong data-start=\"434\" data-end=\"455\">esprit r\u00e9tro chic<\/strong>\u00a0et\u00a0<strong data-start=\"459\" data-end=\"487\">minimalisme contemporain<\/strong>. Son design graphique associe une\u00a0<strong data-start=\"522\" data-end=\"553\">structure en m\u00e9tal noir mat<\/strong>\u00a0\u00e0 un\u00a0<strong data-start=\"559\" data-end=\"604\">diffuseur sph\u00e9rique en verre opalin blanc<\/strong>, cr\u00e9ant une lumi\u00e8re douce et homog\u00e8ne, id\u00e9ale pour sublimer une cuisine, une salle \u00e0 manger ou un \u00eelot central.<\/p>\n<p data-start=\"718\" data-end=\"1058\">Inspir\u00e9e des luminaires iconiques des ann\u00e9es 50, Retro 30 s\u2019int\u00e8gre naturellement dans les\u00a0<strong data-start=\"809\" data-end=\"863\">int\u00e9rieurs contemporains, m\u00e9diterran\u00e9ens ou design<\/strong>, tout en apportant une touche intemporelle et raffin\u00e9e. Son format compact et ses proportions \u00e9l\u00e9gantes en font un choix id\u00e9al aussi bien en\u00a0<strong data-start=\"1005\" data-end=\"1026\">suspension unique<\/strong>\u00a0qu\u2019en\u00a0<strong data-start=\"1033\" data-end=\"1057\">composition multiple<\/strong>.<\/p>\n<p data-start=\"1060\" data-end=\"1248\">Gr\u00e2ce \u00e0 son\u00a0<strong data-start=\"1072\" data-end=\"1090\">c\u00e2ble r\u00e9glable<\/strong>, la suspension Retro 30 s\u2019adapte facilement \u00e0 la hauteur de votre plafond et aux contraintes de votre espace, pour un rendu aussi esth\u00e9tique que fonctionnel.<\/p>\n","protected":false},"featured_media":15780,"template":"","meta":{"_uf_show_specific_survey":0,"_uf_disable_surveys":false,"iawp_total_views":2},"product_brand":[],"product_cat":[172],"product_tag":[],"class_list":{"0":"post-15779","1":"product","2":"type-product","3":"status-publish","4":"has-post-thumbnail","6":"product_cat-suspensions","7":"product_shipping_class-petit-colis","8":"pa_materiau-metal","9":"pa_materiau-verre","11":"first","12":"instock","13":"taxable","14":"shipping-taxable","15":"purchasable","16":"product-type-simple"},"yoast_head":"<!-- This site is optimized with the Yoast SEO plugin v27.5 - https:\/\/yoast.com\/product\/yoast-seo-wordpress\/ -->\n<title>Suspension au design vintage en m\u00e9tal et verre RETRO 30 Noire - Homeproject.fr<\/title>\n<meta name=\"robots\" content=\"index, follow, max-snippet:-1, max-image-preview:large, max-video-preview:-1\" \/>\n<link rel=\"canonical\" href=\"https:\/\/homeproject.fr\/fr\/produit\/suspension-au-design-vintage-en-metal-et-verre-retro-30-noire\/\" \/>\n<meta property=\"og:locale\" content=\"fr_FR\" \/>\n<meta property=\"og:type\" content=\"article\" \/>\n<meta property=\"og:title\" content=\"Suspension au design vintage en m\u00e9tal et verre RETRO 30 Noire - Homeproject.fr\" \/>\n<meta property=\"og:description\" content=\"La\u00a0suspension Retro 30 noire\u00a0incarne un \u00e9quilibre parfait entre\u00a0esprit r\u00e9tro chic\u00a0et\u00a0minimalisme contemporain. Son design graphique associe une\u00a0structure en m\u00e9tal noir mat\u00a0\u00e0 un\u00a0diffuseur sph\u00e9rique en verre opalin blanc, cr\u00e9ant une lumi\u00e8re douce et homog\u00e8ne, id\u00e9ale pour sublimer une cuisine, une salle \u00e0 manger ou un \u00eelot central. Inspir\u00e9e des luminaires iconiques des ann\u00e9es 50, Retro 30 s\u2019int\u00e8gre naturellement dans les\u00a0int\u00e9rieurs contemporains, m\u00e9diterran\u00e9ens ou design, tout en apportant une touche intemporelle et raffin\u00e9e. Son format compact et ses proportions \u00e9l\u00e9gantes en font un choix id\u00e9al aussi bien en\u00a0suspension unique\u00a0qu\u2019en\u00a0composition multiple. Gr\u00e2ce \u00e0 son\u00a0c\u00e2ble r\u00e9glable, la suspension Retro 30 s\u2019adapte facilement \u00e0 la hauteur de votre plafond et aux contraintes de votre espace, pour un rendu aussi esth\u00e9tique que fonctionnel.\" \/>\n<meta property=\"og:url\" content=\"https:\/\/homeproject.fr\/fr\/produit\/suspension-au-design-vintage-en-metal-et-verre-retro-30-noire\/\" \/>\n<meta property=\"og:site_name\" content=\"Homeproject.fr\" \/>\n<meta property=\"article:modified_time\" content=\"2026-02-02T14:54:40+00:00\" \/>\n<meta property=\"og:image\" content=\"https:\/\/homeproject.fr\/fr\/wp-content\/uploads\/2026\/02\/Suspension-au-design-vintage-en-metal-et-verre-RETRO-30-Noire-2.png\" \/>\n\t<meta property=\"og:image:width\" content=\"1024\" \/>\n\t<meta property=\"og:image:height\" content=\"1024\" \/>\n\t<meta property=\"og:image:type\" content=\"image\/png\" \/>\n<meta name=\"twitter:card\" content=\"summary_large_image\" \/>\n<meta name=\"twitter:label1\" content=\"Dur\u00e9e de lecture estim\u00e9e\" \/>\n\t<meta name=\"twitter:data1\" content=\"2 minutes\" \/>\n<script type=\"application\/ld+json\" class=\"yoast-schema-graph\">{\"@context\":\"https:\\\/\\\/schema.org\",\"@graph\":[{\"@type\":\"WebPage\",\"@id\":\"https:\\\/\\\/homeproject.fr\\\/fr\\\/produit\\\/suspension-au-design-vintage-en-metal-et-verre-retro-30-noire\\\/\",\"url\":\"https:\\\/\\\/homeproject.fr\\\/fr\\\/produit\\\/suspension-au-design-vintage-en-metal-et-verre-retro-30-noire\\\/\",\"name\":\"Suspension au design vintage en m\u00e9tal et verre RETRO 30 Noire - Homeproject.fr\",\"isPartOf\":{\"@id\":\"https:\\\/\\\/homeproject.fr\\\/fr\\\/#website\"},\"primaryImageOfPage\":{\"@id\":\"https:\\\/\\\/homeproject.fr\\\/fr\\\/produit\\\/suspension-au-design-vintage-en-metal-et-verre-retro-30-noire\\\/#primaryimage\"},\"image\":{\"@id\":\"https:\\\/\\\/homeproject.fr\\\/fr\\\/produit\\\/suspension-au-design-vintage-en-metal-et-verre-retro-30-noire\\\/#primaryimage\"},\"thumbnailUrl\":\"https:\\\/\\\/homeproject.fr\\\/fr\\\/wp-content\\\/uploads\\\/2026\\\/02\\\/Suspension-au-design-vintage-en-metal-et-verre-RETRO-30-Noire-2.png\",\"datePublished\":\"2026-02-02T14:42:56+00:00\",\"dateModified\":\"2026-02-02T14:54:40+00:00\",\"breadcrumb\":{\"@id\":\"https:\\\/\\\/homeproject.fr\\\/fr\\\/produit\\\/suspension-au-design-vintage-en-metal-et-verre-retro-30-noire\\\/#breadcrumb\"},\"inLanguage\":\"fr-FR\",\"potentialAction\":[{\"@type\":\"ReadAction\",\"target\":[\"https:\\\/\\\/homeproject.fr\\\/fr\\\/produit\\\/suspension-au-design-vintage-en-metal-et-verre-retro-30-noire\\\/\"]}]},{\"@type\":\"ImageObject\",\"inLanguage\":\"fr-FR\",\"@id\":\"https:\\\/\\\/homeproject.fr\\\/fr\\\/produit\\\/suspension-au-design-vintage-en-metal-et-verre-retro-30-noire\\\/#primaryimage\",\"url\":\"https:\\\/\\\/homeproject.fr\\\/fr\\\/wp-content\\\/uploads\\\/2026\\\/02\\\/Suspension-au-design-vintage-en-metal-et-verre-RETRO-30-Noire-2.png\",\"contentUrl\":\"https:\\\/\\\/homeproject.fr\\\/fr\\\/wp-content\\\/uploads\\\/2026\\\/02\\\/Suspension-au-design-vintage-en-metal-et-verre-RETRO-30-Noire-2.png\",\"width\":1024,\"height\":1024},{\"@type\":\"BreadcrumbList\",\"@id\":\"https:\\\/\\\/homeproject.fr\\\/fr\\\/produit\\\/suspension-au-design-vintage-en-metal-et-verre-retro-30-noire\\\/#breadcrumb\",\"itemListElement\":[{\"@type\":\"ListItem\",\"position\":1,\"name\":\"Accueil\",\"item\":\"https:\\\/\\\/homeproject.fr\\\/fr\\\/\"},{\"@type\":\"ListItem\",\"position\":2,\"name\":\"Boutique\",\"item\":\"https:\\\/\\\/homeproject.fr\\\/fr\\\/boutique\\\/\"},{\"@type\":\"ListItem\",\"position\":3,\"name\":\"Suspension au design vintage en m\u00e9tal et verre RETRO 30 Noire\"}]},{\"@type\":\"WebSite\",\"@id\":\"https:\\\/\\\/homeproject.fr\\\/fr\\\/#website\",\"url\":\"https:\\\/\\\/homeproject.fr\\\/fr\\\/\",\"name\":\"Homeproject.fr\",\"description\":\"Offrez l&#039;exceptionnel \u00e0 vos espaces \u00e0 vivre\",\"publisher\":{\"@id\":\"https:\\\/\\\/homeproject.fr\\\/fr\\\/#organization\"},\"potentialAction\":[{\"@type\":\"SearchAction\",\"target\":{\"@type\":\"EntryPoint\",\"urlTemplate\":\"https:\\\/\\\/homeproject.fr\\\/fr\\\/?s={search_term_string}\"},\"query-input\":{\"@type\":\"PropertyValueSpecification\",\"valueRequired\":true,\"valueName\":\"search_term_string\"}}],\"inLanguage\":\"fr-FR\"},{\"@type\":\"Organization\",\"@id\":\"https:\\\/\\\/homeproject.fr\\\/fr\\\/#organization\",\"name\":\"Homeproject.fr\",\"url\":\"https:\\\/\\\/homeproject.fr\\\/fr\\\/\",\"logo\":{\"@type\":\"ImageObject\",\"inLanguage\":\"fr-FR\",\"@id\":\"https:\\\/\\\/homeproject.fr\\\/fr\\\/#\\\/schema\\\/logo\\\/image\\\/\",\"url\":\"https:\\\/\\\/homeproject.fr\\\/fr\\\/wp-content\\\/uploads\\\/2024\\\/12\\\/Logo_HomeProject-noir-2.png\",\"contentUrl\":\"https:\\\/\\\/homeproject.fr\\\/fr\\\/wp-content\\\/uploads\\\/2024\\\/12\\\/Logo_HomeProject-noir-2.png\",\"width\":300,\"height\":91,\"caption\":\"Homeproject.fr\"},\"image\":{\"@id\":\"https:\\\/\\\/homeproject.fr\\\/fr\\\/#\\\/schema\\\/logo\\\/image\\\/\"}}]}<\/script>\n<!-- \/ Yoast SEO plugin. -->","yoast_head_json":{"title":"Suspension au design vintage en m\u00e9tal et verre RETRO 30 Noire - Homeproject.fr","robots":{"index":"index","follow":"follow","max-snippet":"max-snippet:-1","max-image-preview":"max-image-preview:large","max-video-preview":"max-video-preview:-1"},"canonical":"https:\/\/homeproject.fr\/fr\/produit\/suspension-au-design-vintage-en-metal-et-verre-retro-30-noire\/","og_locale":"fr_FR","og_type":"article","og_title":"Suspension au design vintage en m\u00e9tal et verre RETRO 30 Noire - Homeproject.fr","og_description":"La\u00a0suspension Retro 30 noire\u00a0incarne un \u00e9quilibre parfait entre\u00a0esprit r\u00e9tro chic\u00a0et\u00a0minimalisme contemporain. Son design graphique associe une\u00a0structure en m\u00e9tal noir mat\u00a0\u00e0 un\u00a0diffuseur sph\u00e9rique en verre opalin blanc, cr\u00e9ant une lumi\u00e8re douce et homog\u00e8ne, id\u00e9ale pour sublimer une cuisine, une salle \u00e0 manger ou un \u00eelot central. Inspir\u00e9e des luminaires iconiques des ann\u00e9es 50, Retro 30 s\u2019int\u00e8gre naturellement dans les\u00a0int\u00e9rieurs contemporains, m\u00e9diterran\u00e9ens ou design, tout en apportant une touche intemporelle et raffin\u00e9e. Son format compact et ses proportions \u00e9l\u00e9gantes en font un choix id\u00e9al aussi bien en\u00a0suspension unique\u00a0qu\u2019en\u00a0composition multiple. Gr\u00e2ce \u00e0 son\u00a0c\u00e2ble r\u00e9glable, la suspension Retro 30 s\u2019adapte facilement \u00e0 la hauteur de votre plafond et aux contraintes de votre espace, pour un rendu aussi esth\u00e9tique que fonctionnel.","og_url":"https:\/\/homeproject.fr\/fr\/produit\/suspension-au-design-vintage-en-metal-et-verre-retro-30-noire\/","og_site_name":"Homeproject.fr","article_modified_time":"2026-02-02T14:54:40+00:00","og_image":[{"width":1024,"height":1024,"url":"https:\/\/homeproject.fr\/fr\/wp-content\/uploads\/2026\/02\/Suspension-au-design-vintage-en-metal-et-verre-RETRO-30-Noire-2.png","type":"image\/png"}],"twitter_card":"summary_large_image","twitter_misc":{"Dur\u00e9e de lecture estim\u00e9e":"2 minutes"},"schema":{"@context":"https:\/\/schema.org","@graph":[{"@type":"WebPage","@id":"https:\/\/homeproject.fr\/fr\/produit\/suspension-au-design-vintage-en-metal-et-verre-retro-30-noire\/","url":"https:\/\/homeproject.fr\/fr\/produit\/suspension-au-design-vintage-en-metal-et-verre-retro-30-noire\/","name":"Suspension au design vintage en m\u00e9tal et verre RETRO 30 Noire - Homeproject.fr","isPartOf":{"@id":"https:\/\/homeproject.fr\/fr\/#website"},"primaryImageOfPage":{"@id":"https:\/\/homeproject.fr\/fr\/produit\/suspension-au-design-vintage-en-metal-et-verre-retro-30-noire\/#primaryimage"},"image":{"@id":"https:\/\/homeproject.fr\/fr\/produit\/suspension-au-design-vintage-en-metal-et-verre-retro-30-noire\/#primaryimage"},"thumbnailUrl":"https:\/\/homeproject.fr\/fr\/wp-content\/uploads\/2026\/02\/Suspension-au-design-vintage-en-metal-et-verre-RETRO-30-Noire-2.png","datePublished":"2026-02-02T14:42:56+00:00","dateModified":"2026-02-02T14:54:40+00:00","breadcrumb":{"@id":"https:\/\/homeproject.fr\/fr\/produit\/suspension-au-design-vintage-en-metal-et-verre-retro-30-noire\/#breadcrumb"},"inLanguage":"fr-FR","potentialAction":[{"@type":"ReadAction","target":["https:\/\/homeproject.fr\/fr\/produit\/suspension-au-design-vintage-en-metal-et-verre-retro-30-noire\/"]}]},{"@type":"ImageObject","inLanguage":"fr-FR","@id":"https:\/\/homeproject.fr\/fr\/produit\/suspension-au-design-vintage-en-metal-et-verre-retro-30-noire\/#primaryimage","url":"https:\/\/homeproject.fr\/fr\/wp-content\/uploads\/2026\/02\/Suspension-au-design-vintage-en-metal-et-verre-RETRO-30-Noire-2.png","contentUrl":"https:\/\/homeproject.fr\/fr\/wp-content\/uploads\/2026\/02\/Suspension-au-design-vintage-en-metal-et-verre-RETRO-30-Noire-2.png","width":1024,"height":1024},{"@type":"BreadcrumbList","@id":"https:\/\/homeproject.fr\/fr\/produit\/suspension-au-design-vintage-en-metal-et-verre-retro-30-noire\/#breadcrumb","itemListElement":[{"@type":"ListItem","position":1,"name":"Accueil","item":"https:\/\/homeproject.fr\/fr\/"},{"@type":"ListItem","position":2,"name":"Boutique","item":"https:\/\/homeproject.fr\/fr\/boutique\/"},{"@type":"ListItem","position":3,"name":"Suspension au design vintage en m\u00e9tal et verre RETRO 30 Noire"}]},{"@type":"WebSite","@id":"https:\/\/homeproject.fr\/fr\/#website","url":"https:\/\/homeproject.fr\/fr\/","name":"Homeproject.fr","description":"Offrez l&#039;exceptionnel \u00e0 vos espaces \u00e0 vivre","publisher":{"@id":"https:\/\/homeproject.fr\/fr\/#organization"},"potentialAction":[{"@type":"SearchAction","target":{"@type":"EntryPoint","urlTemplate":"https:\/\/homeproject.fr\/fr\/?s={search_term_string}"},"query-input":{"@type":"PropertyValueSpecification","valueRequired":true,"valueName":"search_term_string"}}],"inLanguage":"fr-FR"},{"@type":"Organization","@id":"https:\/\/homeproject.fr\/fr\/#organization","name":"Homeproject.fr","url":"https:\/\/homeproject.fr\/fr\/","logo":{"@type":"ImageObject","inLanguage":"fr-FR","@id":"https:\/\/homeproject.fr\/fr\/#\/schema\/logo\/image\/","url":"https:\/\/homeproject.fr\/fr\/wp-content\/uploads\/2024\/12\/Logo_HomeProject-noir-2.png","contentUrl":"https:\/\/homeproject.fr\/fr\/wp-content\/uploads\/2024\/12\/Logo_HomeProject-noir-2.png","width":300,"height":91,"caption":"Homeproject.fr"},"image":{"@id":"https:\/\/homeproject.fr\/fr\/#\/schema\/logo\/image\/"}}]}},"_links":{"self":[{"href":"https:\/\/homeproject.fr\/fr\/wp-json\/wp\/v2\/product\/15779","targetHints":{"allow":["GET"]}}],"collection":[{"href":"https:\/\/homeproject.fr\/fr\/wp-json\/wp\/v2\/product"}],"about":[{"href":"https:\/\/homeproject.fr\/fr\/wp-json\/wp\/v2\/types\/product"}],"version-history":[{"count":2,"href":"https:\/\/homeproject.fr\/fr\/wp-json\/wp\/v2\/product\/15779\/revisions"}],"predecessor-version":[{"id":15792,"href":"https:\/\/homeproject.fr\/fr\/wp-json\/wp\/v2\/product\/15779\/revisions\/15792"}],"wp:featuredmedia":[{"embeddable":true,"href":"https:\/\/homeproject.fr\/fr\/wp-json\/wp\/v2\/media\/15780"}],"wp:attachment":[{"href":"https:\/\/homeproject.fr\/fr\/wp-json\/wp\/v2\/media?parent=15779"}],"wp:term":[{"taxonomy":"product_brand","embeddable":true,"href":"https:\/\/homeproject.fr\/fr\/wp-json\/wp\/v2\/product_brand?post=15779"},{"taxonomy":"product_cat","embeddable":true,"href":"https:\/\/homeproject.fr\/fr\/wp-json\/wp\/v2\/product_cat?post=15779"},{"taxonomy":"product_tag","embeddable":true,"href":"https:\/\/homeproject.fr\/fr\/wp-json\/wp\/v2\/product_tag?post=15779"}],"curies":[{"name":"wp","href":"https:\/\/api.w.org\/{rel}","templated":true}]}}