{"id":15774,"date":"2026-02-02T14:34:12","date_gmt":"2026-02-02T14:34:12","guid":{"rendered":"https:\/\/homeproject.fr\/fr\/?post_type=product&#038;p=15774"},"modified":"2026-02-02T14:54:55","modified_gmt":"2026-02-02T14:54:55","slug":"suspension-au-design-vintage-en-metal-et-verre-retro-30-doree","status":"publish","type":"product","link":"https:\/\/homeproject.fr\/fr\/produit\/suspension-au-design-vintage-en-metal-et-verre-retro-30-doree\/","title":{"rendered":"Suspension au design vintage en m\u00e9tal et verre RETRO 30 Dor\u00e9e"},"content":{"rendered":"<h2 data-start=\"892\" data-end=\"1024\"><strong>Caract\u00e9ristiques techniques<\/strong><\/h2>\n<ul class=\"ul1\">\n<li class=\"li1\"><b>Type<\/b>\u00a0: Suspension<\/li>\n<li class=\"li1\"><b>Structure<\/b>\u00a0: M\u00e9tal \/ fer<\/li>\n<li class=\"li1\"><b>Finition<\/b>\u00a0: Dor\u00e9 mat<\/li>\n<li class=\"li1\"><b>Diffuseur<\/b>\u00a0: Verre blanc opale d\u00e9poli<\/li>\n<li class=\"li1\"><b>Forme du diffuseur<\/b>\u00a0: Sph\u00e9rique<\/li>\n<li class=\"li1\"><b>Source lumineuse<\/b>\u00a0: 1 \u00d7 G9 LED (ampoule non fournie)<\/li>\n<li class=\"li1\"><b>Tension<\/b>\u00a0: 220\u2013240 V<\/li>\n<li class=\"li1\"><b>Fr\u00e9quence<\/b>\u00a0: 50\/60 Hz<\/li>\n<li class=\"li1\"><b>Classe d\u2019isolation<\/b>\u00a0: Classe I<\/li>\n<li class=\"li1\"><b>Indice de protection<\/b>\u00a0: IP20 (usage int\u00e9rieur)<\/li>\n<li class=\"li1\"><b>C\u00e2ble<\/b>\u00a0: R\u00e9glable \u2013 longueur max. 130 cm<\/li>\n<li class=\"li1\"><b>Dimensions<\/b>\u00a0: \u00d8 30 cm (diffuseur \u00d8 15 cm)<\/li>\n<li class=\"li1\"><b>Couleur du c\u00e2ble \/ pavillon<\/b>\u00a0: Noir<\/li>\n<li class=\"li1\"><b>Installation<\/b> : Plafond<\/li>\n<li class=\"li1\"><b>Garantie <\/b>: 5 ans<\/li>\n<\/ul>\n<p><a href=\"https:\/\/homeproject.fr\/fr\/wp-content\/uploads\/2026\/02\/Suspension-au-design-vintage-en-metal-et-verre-RETRO-30-Doree-schema.png\"><img fetchpriority=\"high\" decoding=\"async\" class=\"alignnone wp-image-15777 size-large\" src=\"https:\/\/homeproject.fr\/fr\/wp-content\/uploads\/2026\/02\/Suspension-au-design-vintage-en-metal-et-verre-RETRO-30-Doree-schema-390x1024.png\" alt=\"\" width=\"390\" height=\"1024\" srcset=\"https:\/\/homeproject.fr\/fr\/wp-content\/uploads\/2026\/02\/Suspension-au-design-vintage-en-metal-et-verre-RETRO-30-Doree-schema-390x1024.png 390w, https:\/\/homeproject.fr\/fr\/wp-content\/uploads\/2026\/02\/Suspension-au-design-vintage-en-metal-et-verre-RETRO-30-Doree-schema-114x300.png 114w, https:\/\/homeproject.fr\/fr\/wp-content\/uploads\/2026\/02\/Suspension-au-design-vintage-en-metal-et-verre-RETRO-30-Doree-schema-585x1536.png 585w, https:\/\/homeproject.fr\/fr\/wp-content\/uploads\/2026\/02\/Suspension-au-design-vintage-en-metal-et-verre-RETRO-30-Doree-schema-5x12.png 5w, https:\/\/homeproject.fr\/fr\/wp-content\/uploads\/2026\/02\/Suspension-au-design-vintage-en-metal-et-verre-RETRO-30-Doree-schema.png 724w\" sizes=\"(max-width: 390px) 100vw, 390px\" \/><\/a><\/p>\n<ul>\n<li style=\"list-style-type: none;\"><\/li>\n<\/ul>\n<h2><strong>Pourquoi choisir la suspension Retro 30 Dor\u00e9e?<\/strong><\/h2>\n<p class=\"p1\">Avec la\u00a0<b>suspension Retro 30 dor\u00e9e<\/b>, Homeproject.fr propose un luminaire au <b>design iconique<\/b>, pens\u00e9 pour durer, tant par son esth\u00e9tique que par la qualit\u00e9 de ses mat\u00e9riaux. Un choix s\u00fbr pour cr\u00e9er une ambiance chaleureuse, \u00e9l\u00e9gante et parfaitement ma\u00eetris\u00e9e.<\/p>\n<p class=\"p1\"><b>Points forts<\/b><\/p>\n<ul class=\"ul1\">\n<li class=\"li1\">Design r\u00e9tro chic revisit\u00e9<\/li>\n<li class=\"li1\">Diffuseur en verre opale pour une lumi\u00e8re douce et non \u00e9blouissante<\/li>\n<li class=\"li1\">Finition dor\u00e9e mate \u00e9l\u00e9gante et luxueuse<\/li>\n<li class=\"li1\">Parfaite au-dessus d\u2019un \u00eelot, d\u2019une table ou en enfilade<\/li>\n<li class=\"li1\">C\u00e2ble r\u00e9glable pour une installation sur mesure<\/li>\n<\/ul>\n<h2 data-start=\"509\" data-end=\"546\"><strong style=\"font-family: inherit;\">Vous avez des questions ?<\/strong><\/h2>\n<style id=\"wpforms-css-vars-3675\">\n\t\t\t\t#wpforms-3675 {\n\t\t\t\t\n\t\t\t}\n\t\t\t<\/style><div class=\"wpforms-container wpforms-container-full wpforms-render-modern\" id=\"wpforms-3675\"><form id=\"wpforms-form-3675\" class=\"wpforms-validate wpforms-form wpforms-ajax-form\" data-formid=\"3675\" method=\"post\" enctype=\"multipart\/form-data\" action=\"\/fr\/wp-json\/wp\/v2\/product\/15774\" data-token=\"40ada6e9151c970e4278e2da3e5409c5\" data-token-time=\"1777914327\"><noscript class=\"wpforms-error-noscript\">Veuillez activer JavaScript dans votre navigateur pour remplir ce formulaire.<\/noscript><div id=\"wpforms-error-noscript\" style=\"display: none;\">Veuillez activer JavaScript dans votre navigateur pour remplir ce formulaire.<\/div><div class=\"wpforms-field-container\"><div id=\"wpforms-3675-field_3-container\" class=\"wpforms-field wpforms-field-name\" data-field-id=\"3\"><fieldset><legend class=\"wpforms-field-label\">Nom <span class=\"wpforms-required-label\" aria-hidden=\"true\">*<\/span><\/legend><div class=\"wpforms-field-row wpforms-field-medium\"><div class=\"wpforms-field-row-block wpforms-first wpforms-one-half\"><input type=\"text\" id=\"wpforms-3675-field_3\" class=\"wpforms-field-name-first wpforms-field-required\" name=\"wpforms[fields][3][first]\" aria-errormessage=\"wpforms-3675-field_3-error\" required><label for=\"wpforms-3675-field_3\" class=\"wpforms-field-sublabel after\">Pr\u00e9nom<\/label><\/div><div class=\"wpforms-field-row-block wpforms-one-half\"><input type=\"text\" id=\"wpforms-3675-field_3-last\" class=\"wpforms-field-name-last wpforms-field-required\" name=\"wpforms[fields][3][last]\" aria-errormessage=\"wpforms-3675-field_3-last-error\" required><label for=\"wpforms-3675-field_3-last\" class=\"wpforms-field-sublabel after\">Nom<\/label><\/div><\/div><\/fieldset><\/div><div id=\"wpforms-3675-field_4-container\" class=\"wpforms-field wpforms-field-email\" data-field-id=\"4\"><label class=\"wpforms-field-label\" for=\"wpforms-3675-field_4\">E-mail <span class=\"wpforms-required-label\" aria-hidden=\"true\">*<\/span><\/label><input type=\"email\" id=\"wpforms-3675-field_4\" class=\"wpforms-field-medium wpforms-field-required\" name=\"wpforms[fields][4]\" spellcheck=\"false\" aria-errormessage=\"wpforms-3675-field_4-error\" required><\/div>\t\t<div id=\"wpforms-3675-field_1-container\"\n\t\t\tclass=\"wpforms-field wpforms-field-text\"\n\t\t\tdata-field-type=\"text\"\n\t\t\tdata-field-id=\"1\"\n\t\t\t>\n\t\t\t<label class=\"wpforms-field-label\" for=\"wpforms-3675-field_1\" >Nom Message E-mail<\/label>\n\t\t\t<input type=\"text\" id=\"wpforms-3675-field_1\" class=\"wpforms-field-medium\" name=\"wpforms[fields][1]\" >\n\t\t<\/div>\n\t\t<div id=\"wpforms-3675-field_5-container\" class=\"wpforms-field wpforms-field-textarea\" data-field-id=\"5\"><label class=\"wpforms-field-label\" for=\"wpforms-3675-field_5\">Message <span class=\"wpforms-required-label\" aria-hidden=\"true\">*<\/span><\/label><textarea id=\"wpforms-3675-field_5\" class=\"wpforms-field-medium wpforms-field-required\" name=\"wpforms[fields][5]\" aria-errormessage=\"wpforms-3675-field_5-error\" required><\/textarea><\/div><script>\n\t\t\t\t( function() {\n\t\t\t\t\tconst style = document.createElement( 'style' );\n\t\t\t\t\tstyle.appendChild( document.createTextNode( '#wpforms-3675-field_1-container { position: absolute !important; overflow: hidden !important; display: inline !important; height: 1px !important; width: 1px !important; z-index: -1000 !important; padding: 0 !important; } #wpforms-3675-field_1-container input { visibility: hidden; } #wpforms-conversational-form-page #wpforms-3675-field_1-container label { counter-increment: none; }' ) );\n\t\t\t\t\tdocument.head.appendChild( style );\n\t\t\t\t\tdocument.currentScript?.remove();\n\t\t\t\t} )();\n\t\t\t<\/script><\/div><!-- .wpforms-field-container --><div class=\"wpforms-submit-container\" ><input type=\"hidden\" name=\"wpforms[id]\" value=\"3675\"><input type=\"hidden\" name=\"page_title\" value=\"\"><input type=\"hidden\" name=\"page_url\" value=\"https:\/\/homeproject.fr\/fr\/wp-json\/wp\/v2\/product\/15774\"><input type=\"hidden\" name=\"url_referer\" value=\"\"><button type=\"submit\" name=\"wpforms[submit]\" id=\"wpforms-submit-3675\" class=\"wpforms-submit\" data-alt-text=\"Envoi...\" data-submit-text=\"Envoyer\" aria-live=\"assertive\" value=\"wpforms-submit\">Envoyer<\/button><img decoding=\"async\" src=\"https:\/\/homeproject.fr\/fr\/wp-content\/plugins\/wpforms-lite\/assets\/images\/submit-spin.svg\" class=\"wpforms-submit-spinner\" style=\"display: none;\" width=\"26\" height=\"26\" alt=\"Chargement en cours\"><\/div><\/form><\/div>  <!-- .wpforms-container -->\n","protected":false},"excerpt":{"rendered":"<p data-start=\"398\" data-end=\"708\">La suspension\u00a0<strong data-start=\"412\" data-end=\"437\">Retro 30 Or<\/strong>\u00a0incarne un \u00e9quilibre parfait entre inspiration vintage et design contemporain. Sa silhouette a\u00e9rienne associe un\u00a0<strong data-start=\"551\" data-end=\"608\">disque en m\u00e9tal finement travaill\u00e9 finition or satin\u00e9<\/strong>\u00a0\u00e0 un\u00a0<strong data-start=\"614\" data-end=\"652\">diffuseur sph\u00e9rique en verre opale<\/strong>, cr\u00e9ant une lumi\u00e8re douce, chaleureuse et enveloppante.<\/p>\n<p data-start=\"710\" data-end=\"959\">Pens\u00e9e pour sublimer un \u00eelot de cuisine, une table \u00e0 manger ou un espace de r\u00e9ception, la suspension Retro 30 apporte une touche d\u00e9corative chic et intemporelle, id\u00e9ale pour les int\u00e9rieurs m\u00e9diterran\u00e9ens, minimalistes ou contemporains haut de gamme.<\/p>\n<p data-start=\"961\" data-end=\"1110\">Gr\u00e2ce \u00e0 son\u00a0<strong data-start=\"973\" data-end=\"991\">c\u00e2ble r\u00e9glable<\/strong>, elle s\u2019adapte facilement \u00e0 diff\u00e9rentes hauteurs sous plafond et peut \u00eatre install\u00e9e seule ou en composition lin\u00e9aire.<\/p>\n","protected":false},"featured_media":15775,"template":"","meta":{"_uf_show_specific_survey":0,"_uf_disable_surveys":false,"iawp_total_views":3},"product_brand":[],"product_cat":[172],"product_tag":[],"class_list":{"0":"post-15774","1":"product","2":"type-product","3":"status-publish","4":"has-post-thumbnail","6":"product_cat-suspensions","7":"product_shipping_class-petit-colis","8":"pa_materiau-metal","9":"pa_materiau-verre","11":"first","12":"instock","13":"taxable","14":"shipping-taxable","15":"purchasable","16":"product-type-simple"},"yoast_head":"<!-- This site is optimized with the Yoast SEO plugin v27.5 - https:\/\/yoast.com\/product\/yoast-seo-wordpress\/ -->\n<title>Suspension au design vintage en m\u00e9tal et verre RETRO 30 Dor\u00e9e - Homeproject.fr<\/title>\n<meta name=\"robots\" content=\"index, follow, max-snippet:-1, max-image-preview:large, max-video-preview:-1\" \/>\n<link rel=\"canonical\" href=\"https:\/\/homeproject.fr\/fr\/produit\/suspension-au-design-vintage-en-metal-et-verre-retro-30-doree\/\" \/>\n<meta property=\"og:locale\" content=\"fr_FR\" \/>\n<meta property=\"og:type\" content=\"article\" \/>\n<meta property=\"og:title\" content=\"Suspension au design vintage en m\u00e9tal et verre RETRO 30 Dor\u00e9e - Homeproject.fr\" \/>\n<meta property=\"og:description\" content=\"La suspension\u00a0Retro 30 Or\u00a0incarne un \u00e9quilibre parfait entre inspiration vintage et design contemporain. Sa silhouette a\u00e9rienne associe un\u00a0disque en m\u00e9tal finement travaill\u00e9 finition or satin\u00e9\u00a0\u00e0 un\u00a0diffuseur sph\u00e9rique en verre opale, cr\u00e9ant une lumi\u00e8re douce, chaleureuse et enveloppante. Pens\u00e9e pour sublimer un \u00eelot de cuisine, une table \u00e0 manger ou un espace de r\u00e9ception, la suspension Retro 30 apporte une touche d\u00e9corative chic et intemporelle, id\u00e9ale pour les int\u00e9rieurs m\u00e9diterran\u00e9ens, minimalistes ou contemporains haut de gamme. Gr\u00e2ce \u00e0 son\u00a0c\u00e2ble r\u00e9glable, elle s\u2019adapte facilement \u00e0 diff\u00e9rentes hauteurs sous plafond et peut \u00eatre install\u00e9e seule ou en composition lin\u00e9aire.\" \/>\n<meta property=\"og:url\" content=\"https:\/\/homeproject.fr\/fr\/produit\/suspension-au-design-vintage-en-metal-et-verre-retro-30-doree\/\" \/>\n<meta property=\"og:site_name\" content=\"Homeproject.fr\" \/>\n<meta property=\"article:modified_time\" content=\"2026-02-02T14:54:55+00:00\" \/>\n<meta property=\"og:image\" content=\"https:\/\/homeproject.fr\/fr\/wp-content\/uploads\/2026\/02\/Suspension-au-design-vintage-en-metal-et-verre-RETRO-30-Doree-2.png\" \/>\n\t<meta property=\"og:image:width\" content=\"1024\" \/>\n\t<meta property=\"og:image:height\" content=\"1024\" \/>\n\t<meta property=\"og:image:type\" content=\"image\/png\" \/>\n<meta name=\"twitter:card\" content=\"summary_large_image\" \/>\n<meta name=\"twitter:label1\" content=\"Dur\u00e9e de lecture estim\u00e9e\" \/>\n\t<meta name=\"twitter:data1\" content=\"2 minutes\" \/>\n<script type=\"application\/ld+json\" class=\"yoast-schema-graph\">{\"@context\":\"https:\\\/\\\/schema.org\",\"@graph\":[{\"@type\":\"WebPage\",\"@id\":\"https:\\\/\\\/homeproject.fr\\\/fr\\\/produit\\\/suspension-au-design-vintage-en-metal-et-verre-retro-30-doree\\\/\",\"url\":\"https:\\\/\\\/homeproject.fr\\\/fr\\\/produit\\\/suspension-au-design-vintage-en-metal-et-verre-retro-30-doree\\\/\",\"name\":\"Suspension au design vintage en m\u00e9tal et verre RETRO 30 Dor\u00e9e - Homeproject.fr\",\"isPartOf\":{\"@id\":\"https:\\\/\\\/homeproject.fr\\\/fr\\\/#website\"},\"primaryImageOfPage\":{\"@id\":\"https:\\\/\\\/homeproject.fr\\\/fr\\\/produit\\\/suspension-au-design-vintage-en-metal-et-verre-retro-30-doree\\\/#primaryimage\"},\"image\":{\"@id\":\"https:\\\/\\\/homeproject.fr\\\/fr\\\/produit\\\/suspension-au-design-vintage-en-metal-et-verre-retro-30-doree\\\/#primaryimage\"},\"thumbnailUrl\":\"https:\\\/\\\/homeproject.fr\\\/fr\\\/wp-content\\\/uploads\\\/2026\\\/02\\\/Suspension-au-design-vintage-en-metal-et-verre-RETRO-30-Doree-2.png\",\"datePublished\":\"2026-02-02T14:34:12+00:00\",\"dateModified\":\"2026-02-02T14:54:55+00:00\",\"breadcrumb\":{\"@id\":\"https:\\\/\\\/homeproject.fr\\\/fr\\\/produit\\\/suspension-au-design-vintage-en-metal-et-verre-retro-30-doree\\\/#breadcrumb\"},\"inLanguage\":\"fr-FR\",\"potentialAction\":[{\"@type\":\"ReadAction\",\"target\":[\"https:\\\/\\\/homeproject.fr\\\/fr\\\/produit\\\/suspension-au-design-vintage-en-metal-et-verre-retro-30-doree\\\/\"]}]},{\"@type\":\"ImageObject\",\"inLanguage\":\"fr-FR\",\"@id\":\"https:\\\/\\\/homeproject.fr\\\/fr\\\/produit\\\/suspension-au-design-vintage-en-metal-et-verre-retro-30-doree\\\/#primaryimage\",\"url\":\"https:\\\/\\\/homeproject.fr\\\/fr\\\/wp-content\\\/uploads\\\/2026\\\/02\\\/Suspension-au-design-vintage-en-metal-et-verre-RETRO-30-Doree-2.png\",\"contentUrl\":\"https:\\\/\\\/homeproject.fr\\\/fr\\\/wp-content\\\/uploads\\\/2026\\\/02\\\/Suspension-au-design-vintage-en-metal-et-verre-RETRO-30-Doree-2.png\",\"width\":1024,\"height\":1024},{\"@type\":\"BreadcrumbList\",\"@id\":\"https:\\\/\\\/homeproject.fr\\\/fr\\\/produit\\\/suspension-au-design-vintage-en-metal-et-verre-retro-30-doree\\\/#breadcrumb\",\"itemListElement\":[{\"@type\":\"ListItem\",\"position\":1,\"name\":\"Accueil\",\"item\":\"https:\\\/\\\/homeproject.fr\\\/fr\\\/\"},{\"@type\":\"ListItem\",\"position\":2,\"name\":\"Boutique\",\"item\":\"https:\\\/\\\/homeproject.fr\\\/fr\\\/boutique\\\/\"},{\"@type\":\"ListItem\",\"position\":3,\"name\":\"Suspension au design vintage en m\u00e9tal et verre RETRO 30 Dor\u00e9e\"}]},{\"@type\":\"WebSite\",\"@id\":\"https:\\\/\\\/homeproject.fr\\\/fr\\\/#website\",\"url\":\"https:\\\/\\\/homeproject.fr\\\/fr\\\/\",\"name\":\"Homeproject.fr\",\"description\":\"Offrez l&#039;exceptionnel \u00e0 vos espaces \u00e0 vivre\",\"publisher\":{\"@id\":\"https:\\\/\\\/homeproject.fr\\\/fr\\\/#organization\"},\"potentialAction\":[{\"@type\":\"SearchAction\",\"target\":{\"@type\":\"EntryPoint\",\"urlTemplate\":\"https:\\\/\\\/homeproject.fr\\\/fr\\\/?s={search_term_string}\"},\"query-input\":{\"@type\":\"PropertyValueSpecification\",\"valueRequired\":true,\"valueName\":\"search_term_string\"}}],\"inLanguage\":\"fr-FR\"},{\"@type\":\"Organization\",\"@id\":\"https:\\\/\\\/homeproject.fr\\\/fr\\\/#organization\",\"name\":\"Homeproject.fr\",\"url\":\"https:\\\/\\\/homeproject.fr\\\/fr\\\/\",\"logo\":{\"@type\":\"ImageObject\",\"inLanguage\":\"fr-FR\",\"@id\":\"https:\\\/\\\/homeproject.fr\\\/fr\\\/#\\\/schema\\\/logo\\\/image\\\/\",\"url\":\"https:\\\/\\\/homeproject.fr\\\/fr\\\/wp-content\\\/uploads\\\/2024\\\/12\\\/Logo_HomeProject-noir-2.png\",\"contentUrl\":\"https:\\\/\\\/homeproject.fr\\\/fr\\\/wp-content\\\/uploads\\\/2024\\\/12\\\/Logo_HomeProject-noir-2.png\",\"width\":300,\"height\":91,\"caption\":\"Homeproject.fr\"},\"image\":{\"@id\":\"https:\\\/\\\/homeproject.fr\\\/fr\\\/#\\\/schema\\\/logo\\\/image\\\/\"}}]}<\/script>\n<!-- \/ Yoast SEO plugin. -->","yoast_head_json":{"title":"Suspension au design vintage en m\u00e9tal et verre RETRO 30 Dor\u00e9e - Homeproject.fr","robots":{"index":"index","follow":"follow","max-snippet":"max-snippet:-1","max-image-preview":"max-image-preview:large","max-video-preview":"max-video-preview:-1"},"canonical":"https:\/\/homeproject.fr\/fr\/produit\/suspension-au-design-vintage-en-metal-et-verre-retro-30-doree\/","og_locale":"fr_FR","og_type":"article","og_title":"Suspension au design vintage en m\u00e9tal et verre RETRO 30 Dor\u00e9e - Homeproject.fr","og_description":"La suspension\u00a0Retro 30 Or\u00a0incarne un \u00e9quilibre parfait entre inspiration vintage et design contemporain. Sa silhouette a\u00e9rienne associe un\u00a0disque en m\u00e9tal finement travaill\u00e9 finition or satin\u00e9\u00a0\u00e0 un\u00a0diffuseur sph\u00e9rique en verre opale, cr\u00e9ant une lumi\u00e8re douce, chaleureuse et enveloppante. Pens\u00e9e pour sublimer un \u00eelot de cuisine, une table \u00e0 manger ou un espace de r\u00e9ception, la suspension Retro 30 apporte une touche d\u00e9corative chic et intemporelle, id\u00e9ale pour les int\u00e9rieurs m\u00e9diterran\u00e9ens, minimalistes ou contemporains haut de gamme. Gr\u00e2ce \u00e0 son\u00a0c\u00e2ble r\u00e9glable, elle s\u2019adapte facilement \u00e0 diff\u00e9rentes hauteurs sous plafond et peut \u00eatre install\u00e9e seule ou en composition lin\u00e9aire.","og_url":"https:\/\/homeproject.fr\/fr\/produit\/suspension-au-design-vintage-en-metal-et-verre-retro-30-doree\/","og_site_name":"Homeproject.fr","article_modified_time":"2026-02-02T14:54:55+00:00","og_image":[{"width":1024,"height":1024,"url":"https:\/\/homeproject.fr\/fr\/wp-content\/uploads\/2026\/02\/Suspension-au-design-vintage-en-metal-et-verre-RETRO-30-Doree-2.png","type":"image\/png"}],"twitter_card":"summary_large_image","twitter_misc":{"Dur\u00e9e de lecture estim\u00e9e":"2 minutes"},"schema":{"@context":"https:\/\/schema.org","@graph":[{"@type":"WebPage","@id":"https:\/\/homeproject.fr\/fr\/produit\/suspension-au-design-vintage-en-metal-et-verre-retro-30-doree\/","url":"https:\/\/homeproject.fr\/fr\/produit\/suspension-au-design-vintage-en-metal-et-verre-retro-30-doree\/","name":"Suspension au design vintage en m\u00e9tal et verre RETRO 30 Dor\u00e9e - Homeproject.fr","isPartOf":{"@id":"https:\/\/homeproject.fr\/fr\/#website"},"primaryImageOfPage":{"@id":"https:\/\/homeproject.fr\/fr\/produit\/suspension-au-design-vintage-en-metal-et-verre-retro-30-doree\/#primaryimage"},"image":{"@id":"https:\/\/homeproject.fr\/fr\/produit\/suspension-au-design-vintage-en-metal-et-verre-retro-30-doree\/#primaryimage"},"thumbnailUrl":"https:\/\/homeproject.fr\/fr\/wp-content\/uploads\/2026\/02\/Suspension-au-design-vintage-en-metal-et-verre-RETRO-30-Doree-2.png","datePublished":"2026-02-02T14:34:12+00:00","dateModified":"2026-02-02T14:54:55+00:00","breadcrumb":{"@id":"https:\/\/homeproject.fr\/fr\/produit\/suspension-au-design-vintage-en-metal-et-verre-retro-30-doree\/#breadcrumb"},"inLanguage":"fr-FR","potentialAction":[{"@type":"ReadAction","target":["https:\/\/homeproject.fr\/fr\/produit\/suspension-au-design-vintage-en-metal-et-verre-retro-30-doree\/"]}]},{"@type":"ImageObject","inLanguage":"fr-FR","@id":"https:\/\/homeproject.fr\/fr\/produit\/suspension-au-design-vintage-en-metal-et-verre-retro-30-doree\/#primaryimage","url":"https:\/\/homeproject.fr\/fr\/wp-content\/uploads\/2026\/02\/Suspension-au-design-vintage-en-metal-et-verre-RETRO-30-Doree-2.png","contentUrl":"https:\/\/homeproject.fr\/fr\/wp-content\/uploads\/2026\/02\/Suspension-au-design-vintage-en-metal-et-verre-RETRO-30-Doree-2.png","width":1024,"height":1024},{"@type":"BreadcrumbList","@id":"https:\/\/homeproject.fr\/fr\/produit\/suspension-au-design-vintage-en-metal-et-verre-retro-30-doree\/#breadcrumb","itemListElement":[{"@type":"ListItem","position":1,"name":"Accueil","item":"https:\/\/homeproject.fr\/fr\/"},{"@type":"ListItem","position":2,"name":"Boutique","item":"https:\/\/homeproject.fr\/fr\/boutique\/"},{"@type":"ListItem","position":3,"name":"Suspension au design vintage en m\u00e9tal et verre RETRO 30 Dor\u00e9e"}]},{"@type":"WebSite","@id":"https:\/\/homeproject.fr\/fr\/#website","url":"https:\/\/homeproject.fr\/fr\/","name":"Homeproject.fr","description":"Offrez l&#039;exceptionnel \u00e0 vos espaces \u00e0 vivre","publisher":{"@id":"https:\/\/homeproject.fr\/fr\/#organization"},"potentialAction":[{"@type":"SearchAction","target":{"@type":"EntryPoint","urlTemplate":"https:\/\/homeproject.fr\/fr\/?s={search_term_string}"},"query-input":{"@type":"PropertyValueSpecification","valueRequired":true,"valueName":"search_term_string"}}],"inLanguage":"fr-FR"},{"@type":"Organization","@id":"https:\/\/homeproject.fr\/fr\/#organization","name":"Homeproject.fr","url":"https:\/\/homeproject.fr\/fr\/","logo":{"@type":"ImageObject","inLanguage":"fr-FR","@id":"https:\/\/homeproject.fr\/fr\/#\/schema\/logo\/image\/","url":"https:\/\/homeproject.fr\/fr\/wp-content\/uploads\/2024\/12\/Logo_HomeProject-noir-2.png","contentUrl":"https:\/\/homeproject.fr\/fr\/wp-content\/uploads\/2024\/12\/Logo_HomeProject-noir-2.png","width":300,"height":91,"caption":"Homeproject.fr"},"image":{"@id":"https:\/\/homeproject.fr\/fr\/#\/schema\/logo\/image\/"}}]}},"_links":{"self":[{"href":"https:\/\/homeproject.fr\/fr\/wp-json\/wp\/v2\/product\/15774","targetHints":{"allow":["GET"]}}],"collection":[{"href":"https:\/\/homeproject.fr\/fr\/wp-json\/wp\/v2\/product"}],"about":[{"href":"https:\/\/homeproject.fr\/fr\/wp-json\/wp\/v2\/types\/product"}],"version-history":[{"count":2,"href":"https:\/\/homeproject.fr\/fr\/wp-json\/wp\/v2\/product\/15774\/revisions"}],"predecessor-version":[{"id":15793,"href":"https:\/\/homeproject.fr\/fr\/wp-json\/wp\/v2\/product\/15774\/revisions\/15793"}],"wp:featuredmedia":[{"embeddable":true,"href":"https:\/\/homeproject.fr\/fr\/wp-json\/wp\/v2\/media\/15775"}],"wp:attachment":[{"href":"https:\/\/homeproject.fr\/fr\/wp-json\/wp\/v2\/media?parent=15774"}],"wp:term":[{"taxonomy":"product_brand","embeddable":true,"href":"https:\/\/homeproject.fr\/fr\/wp-json\/wp\/v2\/product_brand?post=15774"},{"taxonomy":"product_cat","embeddable":true,"href":"https:\/\/homeproject.fr\/fr\/wp-json\/wp\/v2\/product_cat?post=15774"},{"taxonomy":"product_tag","embeddable":true,"href":"https:\/\/homeproject.fr\/fr\/wp-json\/wp\/v2\/product_tag?post=15774"}],"curies":[{"name":"wp","href":"https:\/\/api.w.org\/{rel}","templated":true}]}}