{"id":15770,"date":"2026-02-02T14:25:54","date_gmt":"2026-02-02T14:25:54","guid":{"rendered":"https:\/\/homeproject.fr\/fr\/?post_type=product&#038;p=15770"},"modified":"2026-02-02T14:53:22","modified_gmt":"2026-02-02T14:53:22","slug":"suspension-au-design-sculptural-et-legerete-graphique-miss","status":"publish","type":"product","link":"https:\/\/homeproject.fr\/fr\/produit\/suspension-au-design-sculptural-et-legerete-graphique-miss\/","title":{"rendered":"Suspension au design sculptural et l\u00e9g\u00e8ret\u00e9 graphique MISS"},"content":{"rendered":"<h2 data-start=\"892\" data-end=\"1024\"><strong>Caract\u00e9ristiques techniques<\/strong><\/h2>\n<ul>\n<li><b>Type de luminaire<\/b> : Suspension<\/li>\n<li><b>Nom du mod\u00e8le<\/b> : Miss<\/li>\n<li><b>Source lumineuse<\/b> : 1 \u00d7 ampoule E27<\/li>\n<li><b>Ampoule incluse<\/b> : Non<\/li>\n<li><b>Puissance<\/b> : N\/A (selon ampoule choisie)<\/li>\n<li><b>Indice de protection<\/b> : IP20 (usage int\u00e9rieur)<\/li>\n<li><b>Classe d\u2019isolation<\/b> : Classe I<\/li>\n<li><b>Tension<\/b> : 220\u2013240 V<\/li>\n<li><b>Fr\u00e9quence<\/b> : 50 \/ 60 Hz<\/li>\n<li><b>Dimmable<\/b> : Selon l\u2019ampoule install\u00e9e<\/li>\n<li><b>Mat\u00e9riau de la structure<\/b> : M\u00e9tal \/ fer<\/li>\n<li><b>Mat\u00e9riau du diffuseur<\/b> : M\u00e9tal ajour\u00e9<\/li>\n<li><b>Finition \/ couleur<\/b> : Blanc<\/li>\n<li><b>C\u00e2ble<\/b> : R\u00e9glable \u2013 longueur max. 130 cm<\/li>\n<li><b>Dimensions du luminaire<\/b> : Longueur 60 x Profondeur 33 cm x Hauteur totale max. 150 cm<\/li>\n<\/ul>\n<ul>\n<li style=\"list-style-type: none;\">\n<ul class=\"ul1\">\n<li style=\"list-style-type: none;\"><\/li>\n<\/ul>\n<\/li>\n<\/ul>\n<h2><strong>Pourquoi choisir la suspension Miss?<\/strong><\/h2>\n<ul class=\"ul1\">\n<li class=\"li1\">Design graphique et contemporain<\/li>\n<li class=\"li1\">Diffusion lumineuse douce et d\u00e9corative<\/li>\n<li class=\"li1\">Fabrication soign\u00e9e en m\u00e9tal ajour\u00e9<\/li>\n<li class=\"li1\">Compatible ampoules E27 (LED recommand\u00e9e)<\/li>\n<li class=\"li1\">Id\u00e9ale pour cuisines, salles \u00e0 manger et s\u00e9jours design<\/li>\n<\/ul>\n<h2 data-start=\"509\" data-end=\"546\"><strong style=\"font-family: inherit;\">Vous avez des questions ?<\/strong><\/h2>\n<style id=\"wpforms-css-vars-3675\">\n\t\t\t\t#wpforms-3675 {\n\t\t\t\t\n\t\t\t}\n\t\t\t<\/style><div class=\"wpforms-container wpforms-container-full wpforms-render-modern\" id=\"wpforms-3675\"><form id=\"wpforms-form-3675\" class=\"wpforms-validate wpforms-form wpforms-ajax-form\" data-formid=\"3675\" method=\"post\" enctype=\"multipart\/form-data\" action=\"\/fr\/wp-json\/wp\/v2\/product\/15770\" data-token=\"40ada6e9151c970e4278e2da3e5409c5\" data-token-time=\"1777921750\"><noscript class=\"wpforms-error-noscript\">Veuillez activer JavaScript dans votre navigateur pour remplir ce formulaire.<\/noscript><div id=\"wpforms-error-noscript\" style=\"display: none;\">Veuillez activer JavaScript dans votre navigateur pour remplir ce formulaire.<\/div><div class=\"wpforms-field-container\"><div id=\"wpforms-3675-field_3-container\" class=\"wpforms-field wpforms-field-name\" data-field-id=\"3\"><fieldset><legend class=\"wpforms-field-label\">Nom <span class=\"wpforms-required-label\" aria-hidden=\"true\">*<\/span><\/legend><div class=\"wpforms-field-row wpforms-field-medium\"><div class=\"wpforms-field-row-block wpforms-first wpforms-one-half\"><input type=\"text\" id=\"wpforms-3675-field_3\" class=\"wpforms-field-name-first wpforms-field-required\" name=\"wpforms[fields][3][first]\" aria-errormessage=\"wpforms-3675-field_3-error\" required><label for=\"wpforms-3675-field_3\" class=\"wpforms-field-sublabel after\">Pr\u00e9nom<\/label><\/div><div class=\"wpforms-field-row-block wpforms-one-half\"><input type=\"text\" id=\"wpforms-3675-field_3-last\" class=\"wpforms-field-name-last wpforms-field-required\" name=\"wpforms[fields][3][last]\" aria-errormessage=\"wpforms-3675-field_3-last-error\" required><label for=\"wpforms-3675-field_3-last\" class=\"wpforms-field-sublabel after\">Nom<\/label><\/div><\/div><\/fieldset><\/div><div id=\"wpforms-3675-field_4-container\" class=\"wpforms-field wpforms-field-email\" data-field-id=\"4\"><label class=\"wpforms-field-label\" for=\"wpforms-3675-field_4\">E-mail <span class=\"wpforms-required-label\" aria-hidden=\"true\">*<\/span><\/label><input type=\"email\" id=\"wpforms-3675-field_4\" class=\"wpforms-field-medium wpforms-field-required\" name=\"wpforms[fields][4]\" spellcheck=\"false\" aria-errormessage=\"wpforms-3675-field_4-error\" required><\/div>\t\t<div id=\"wpforms-3675-field_1-container\"\n\t\t\tclass=\"wpforms-field wpforms-field-text\"\n\t\t\tdata-field-type=\"text\"\n\t\t\tdata-field-id=\"1\"\n\t\t\t>\n\t\t\t<label class=\"wpforms-field-label\" for=\"wpforms-3675-field_1\" >Nom Message E-mail<\/label>\n\t\t\t<input type=\"text\" id=\"wpforms-3675-field_1\" class=\"wpforms-field-medium\" name=\"wpforms[fields][1]\" >\n\t\t<\/div>\n\t\t<div id=\"wpforms-3675-field_5-container\" class=\"wpforms-field wpforms-field-textarea\" data-field-id=\"5\"><label class=\"wpforms-field-label\" for=\"wpforms-3675-field_5\">Message <span class=\"wpforms-required-label\" aria-hidden=\"true\">*<\/span><\/label><textarea id=\"wpforms-3675-field_5\" class=\"wpforms-field-medium wpforms-field-required\" name=\"wpforms[fields][5]\" aria-errormessage=\"wpforms-3675-field_5-error\" required><\/textarea><\/div><script>\n\t\t\t\t( function() {\n\t\t\t\t\tconst style = document.createElement( 'style' );\n\t\t\t\t\tstyle.appendChild( document.createTextNode( '#wpforms-3675-field_1-container { position: absolute !important; overflow: hidden !important; display: inline !important; height: 1px !important; width: 1px !important; z-index: -1000 !important; padding: 0 !important; } #wpforms-3675-field_1-container input { visibility: hidden; } #wpforms-conversational-form-page #wpforms-3675-field_1-container label { counter-increment: none; }' ) );\n\t\t\t\t\tdocument.head.appendChild( style );\n\t\t\t\t\tdocument.currentScript?.remove();\n\t\t\t\t} )();\n\t\t\t<\/script><\/div><!-- .wpforms-field-container --><div class=\"wpforms-submit-container\" ><input type=\"hidden\" name=\"wpforms[id]\" value=\"3675\"><input type=\"hidden\" name=\"page_title\" value=\"\"><input type=\"hidden\" name=\"page_url\" value=\"https:\/\/homeproject.fr\/fr\/wp-json\/wp\/v2\/product\/15770\"><input type=\"hidden\" name=\"url_referer\" value=\"\"><button type=\"submit\" name=\"wpforms[submit]\" id=\"wpforms-submit-3675\" class=\"wpforms-submit\" data-alt-text=\"Envoi...\" data-submit-text=\"Envoyer\" aria-live=\"assertive\" value=\"wpforms-submit\">Envoyer<\/button><img decoding=\"async\" src=\"https:\/\/homeproject.fr\/fr\/wp-content\/plugins\/wpforms-lite\/assets\/images\/submit-spin.svg\" class=\"wpforms-submit-spinner\" style=\"display: none;\" width=\"26\" height=\"26\" alt=\"Chargement en cours\"><\/div><\/form><\/div>  <!-- .wpforms-container -->\n","protected":false},"excerpt":{"rendered":"<p data-start=\"310\" data-end=\"604\">La suspension\u00a0<strong data-start=\"324\" data-end=\"332\">Miss<\/strong>\u00a0s\u00e9duit par son design a\u00e9rien et organique, inspir\u00e9 de la nature et du mouvement des feuillages. Sa structure en m\u00e9tal finement ajour\u00e9 dessine une silhouette ondulante d\u2019une grande \u00e9l\u00e9gance, diffusant une lumi\u00e8re douce et enveloppante qui sublime les volumes sans \u00e9blouir.<\/p>\n<p data-start=\"606\" data-end=\"937\">Pens\u00e9e comme un v\u00e9ritable objet d\u00e9coratif,\u00a0<strong data-start=\"649\" data-end=\"657\">Miss<\/strong> trouve naturellement sa place au-dessus d\u2019un \u00eelot de cuisine, d\u2019une table \u00e0 manger ou dans un espace de vie contemporain. Son esth\u00e9tique minimaliste et raffin\u00e9e s\u2019inscrit parfaitement dans les univers m\u00e9diterran\u00e9ens, wabi-sabi ou contemporains \u00e9pur\u00e9s, chers \u00e0 l\u2019esprit Homeproject.fr.<\/p>\n<p data-start=\"939\" data-end=\"1115\">Gr\u00e2ce \u00e0 son c\u00e2ble r\u00e9glable, cette suspension s\u2019adapte facilement \u00e0 diff\u00e9rentes hauteurs sous plafond, offrant une mise en sc\u00e8ne lumineuse \u00e0 la fois fonctionnelle et d\u00e9corative.<\/p>\n","protected":false},"featured_media":15771,"template":"","meta":{"_uf_show_specific_survey":0,"_uf_disable_surveys":false,"iawp_total_views":2},"product_brand":[],"product_cat":[172],"product_tag":[],"class_list":{"0":"post-15770","1":"product","2":"type-product","3":"status-publish","4":"has-post-thumbnail","6":"product_cat-suspensions","7":"product_shipping_class-petit-colis","8":"pa_materiau-metal","10":"first","11":"instock","12":"taxable","13":"shipping-taxable","14":"purchasable","15":"product-type-simple"},"yoast_head":"<!-- This site is optimized with the Yoast SEO plugin v27.5 - https:\/\/yoast.com\/product\/yoast-seo-wordpress\/ -->\n<title>Suspension au design sculptural et l\u00e9g\u00e8ret\u00e9 graphique MISS - Homeproject.fr<\/title>\n<meta name=\"robots\" content=\"index, follow, max-snippet:-1, max-image-preview:large, max-video-preview:-1\" \/>\n<link rel=\"canonical\" href=\"https:\/\/homeproject.fr\/fr\/produit\/suspension-au-design-sculptural-et-legerete-graphique-miss\/\" \/>\n<meta property=\"og:locale\" content=\"fr_FR\" \/>\n<meta property=\"og:type\" content=\"article\" \/>\n<meta property=\"og:title\" content=\"Suspension au design sculptural et l\u00e9g\u00e8ret\u00e9 graphique MISS - Homeproject.fr\" \/>\n<meta property=\"og:description\" content=\"La suspension\u00a0Miss\u00a0s\u00e9duit par son design a\u00e9rien et organique, inspir\u00e9 de la nature et du mouvement des feuillages. Sa structure en m\u00e9tal finement ajour\u00e9 dessine une silhouette ondulante d\u2019une grande \u00e9l\u00e9gance, diffusant une lumi\u00e8re douce et enveloppante qui sublime les volumes sans \u00e9blouir. Pens\u00e9e comme un v\u00e9ritable objet d\u00e9coratif,\u00a0Miss trouve naturellement sa place au-dessus d\u2019un \u00eelot de cuisine, d\u2019une table \u00e0 manger ou dans un espace de vie contemporain. Son esth\u00e9tique minimaliste et raffin\u00e9e s\u2019inscrit parfaitement dans les univers m\u00e9diterran\u00e9ens, wabi-sabi ou contemporains \u00e9pur\u00e9s, chers \u00e0 l\u2019esprit Homeproject.fr. Gr\u00e2ce \u00e0 son c\u00e2ble r\u00e9glable, cette suspension s\u2019adapte facilement \u00e0 diff\u00e9rentes hauteurs sous plafond, offrant une mise en sc\u00e8ne lumineuse \u00e0 la fois fonctionnelle et d\u00e9corative.\" \/>\n<meta property=\"og:url\" content=\"https:\/\/homeproject.fr\/fr\/produit\/suspension-au-design-sculptural-et-legerete-graphique-miss\/\" \/>\n<meta property=\"og:site_name\" content=\"Homeproject.fr\" \/>\n<meta property=\"article:modified_time\" content=\"2026-02-02T14:53:22+00:00\" \/>\n<meta property=\"og:image\" content=\"https:\/\/homeproject.fr\/fr\/wp-content\/uploads\/2026\/02\/Suspension-au-design-sculptural-et-legerete-graphique-MISS.png\" \/>\n\t<meta property=\"og:image:width\" content=\"1024\" \/>\n\t<meta property=\"og:image:height\" content=\"1024\" \/>\n\t<meta property=\"og:image:type\" content=\"image\/png\" \/>\n<meta name=\"twitter:card\" content=\"summary_large_image\" \/>\n<meta name=\"twitter:label1\" content=\"Dur\u00e9e de lecture estim\u00e9e\" \/>\n\t<meta name=\"twitter:data1\" content=\"1 minute\" \/>\n<script type=\"application\/ld+json\" class=\"yoast-schema-graph\">{\"@context\":\"https:\\\/\\\/schema.org\",\"@graph\":[{\"@type\":\"WebPage\",\"@id\":\"https:\\\/\\\/homeproject.fr\\\/fr\\\/produit\\\/suspension-au-design-sculptural-et-legerete-graphique-miss\\\/\",\"url\":\"https:\\\/\\\/homeproject.fr\\\/fr\\\/produit\\\/suspension-au-design-sculptural-et-legerete-graphique-miss\\\/\",\"name\":\"Suspension au design sculptural et l\u00e9g\u00e8ret\u00e9 graphique MISS - Homeproject.fr\",\"isPartOf\":{\"@id\":\"https:\\\/\\\/homeproject.fr\\\/fr\\\/#website\"},\"primaryImageOfPage\":{\"@id\":\"https:\\\/\\\/homeproject.fr\\\/fr\\\/produit\\\/suspension-au-design-sculptural-et-legerete-graphique-miss\\\/#primaryimage\"},\"image\":{\"@id\":\"https:\\\/\\\/homeproject.fr\\\/fr\\\/produit\\\/suspension-au-design-sculptural-et-legerete-graphique-miss\\\/#primaryimage\"},\"thumbnailUrl\":\"https:\\\/\\\/homeproject.fr\\\/fr\\\/wp-content\\\/uploads\\\/2026\\\/02\\\/Suspension-au-design-sculptural-et-legerete-graphique-MISS.png\",\"datePublished\":\"2026-02-02T14:25:54+00:00\",\"dateModified\":\"2026-02-02T14:53:22+00:00\",\"breadcrumb\":{\"@id\":\"https:\\\/\\\/homeproject.fr\\\/fr\\\/produit\\\/suspension-au-design-sculptural-et-legerete-graphique-miss\\\/#breadcrumb\"},\"inLanguage\":\"fr-FR\",\"potentialAction\":[{\"@type\":\"ReadAction\",\"target\":[\"https:\\\/\\\/homeproject.fr\\\/fr\\\/produit\\\/suspension-au-design-sculptural-et-legerete-graphique-miss\\\/\"]}]},{\"@type\":\"ImageObject\",\"inLanguage\":\"fr-FR\",\"@id\":\"https:\\\/\\\/homeproject.fr\\\/fr\\\/produit\\\/suspension-au-design-sculptural-et-legerete-graphique-miss\\\/#primaryimage\",\"url\":\"https:\\\/\\\/homeproject.fr\\\/fr\\\/wp-content\\\/uploads\\\/2026\\\/02\\\/Suspension-au-design-sculptural-et-legerete-graphique-MISS.png\",\"contentUrl\":\"https:\\\/\\\/homeproject.fr\\\/fr\\\/wp-content\\\/uploads\\\/2026\\\/02\\\/Suspension-au-design-sculptural-et-legerete-graphique-MISS.png\",\"width\":1024,\"height\":1024},{\"@type\":\"BreadcrumbList\",\"@id\":\"https:\\\/\\\/homeproject.fr\\\/fr\\\/produit\\\/suspension-au-design-sculptural-et-legerete-graphique-miss\\\/#breadcrumb\",\"itemListElement\":[{\"@type\":\"ListItem\",\"position\":1,\"name\":\"Accueil\",\"item\":\"https:\\\/\\\/homeproject.fr\\\/fr\\\/\"},{\"@type\":\"ListItem\",\"position\":2,\"name\":\"Boutique\",\"item\":\"https:\\\/\\\/homeproject.fr\\\/fr\\\/boutique\\\/\"},{\"@type\":\"ListItem\",\"position\":3,\"name\":\"Suspension au design sculptural et l\u00e9g\u00e8ret\u00e9 graphique MISS\"}]},{\"@type\":\"WebSite\",\"@id\":\"https:\\\/\\\/homeproject.fr\\\/fr\\\/#website\",\"url\":\"https:\\\/\\\/homeproject.fr\\\/fr\\\/\",\"name\":\"Homeproject.fr\",\"description\":\"Offrez l&#039;exceptionnel \u00e0 vos espaces \u00e0 vivre\",\"publisher\":{\"@id\":\"https:\\\/\\\/homeproject.fr\\\/fr\\\/#organization\"},\"potentialAction\":[{\"@type\":\"SearchAction\",\"target\":{\"@type\":\"EntryPoint\",\"urlTemplate\":\"https:\\\/\\\/homeproject.fr\\\/fr\\\/?s={search_term_string}\"},\"query-input\":{\"@type\":\"PropertyValueSpecification\",\"valueRequired\":true,\"valueName\":\"search_term_string\"}}],\"inLanguage\":\"fr-FR\"},{\"@type\":\"Organization\",\"@id\":\"https:\\\/\\\/homeproject.fr\\\/fr\\\/#organization\",\"name\":\"Homeproject.fr\",\"url\":\"https:\\\/\\\/homeproject.fr\\\/fr\\\/\",\"logo\":{\"@type\":\"ImageObject\",\"inLanguage\":\"fr-FR\",\"@id\":\"https:\\\/\\\/homeproject.fr\\\/fr\\\/#\\\/schema\\\/logo\\\/image\\\/\",\"url\":\"https:\\\/\\\/homeproject.fr\\\/fr\\\/wp-content\\\/uploads\\\/2024\\\/12\\\/Logo_HomeProject-noir-2.png\",\"contentUrl\":\"https:\\\/\\\/homeproject.fr\\\/fr\\\/wp-content\\\/uploads\\\/2024\\\/12\\\/Logo_HomeProject-noir-2.png\",\"width\":300,\"height\":91,\"caption\":\"Homeproject.fr\"},\"image\":{\"@id\":\"https:\\\/\\\/homeproject.fr\\\/fr\\\/#\\\/schema\\\/logo\\\/image\\\/\"}}]}<\/script>\n<!-- \/ Yoast SEO plugin. -->","yoast_head_json":{"title":"Suspension au design sculptural et l\u00e9g\u00e8ret\u00e9 graphique MISS - Homeproject.fr","robots":{"index":"index","follow":"follow","max-snippet":"max-snippet:-1","max-image-preview":"max-image-preview:large","max-video-preview":"max-video-preview:-1"},"canonical":"https:\/\/homeproject.fr\/fr\/produit\/suspension-au-design-sculptural-et-legerete-graphique-miss\/","og_locale":"fr_FR","og_type":"article","og_title":"Suspension au design sculptural et l\u00e9g\u00e8ret\u00e9 graphique MISS - Homeproject.fr","og_description":"La suspension\u00a0Miss\u00a0s\u00e9duit par son design a\u00e9rien et organique, inspir\u00e9 de la nature et du mouvement des feuillages. Sa structure en m\u00e9tal finement ajour\u00e9 dessine une silhouette ondulante d\u2019une grande \u00e9l\u00e9gance, diffusant une lumi\u00e8re douce et enveloppante qui sublime les volumes sans \u00e9blouir. Pens\u00e9e comme un v\u00e9ritable objet d\u00e9coratif,\u00a0Miss trouve naturellement sa place au-dessus d\u2019un \u00eelot de cuisine, d\u2019une table \u00e0 manger ou dans un espace de vie contemporain. Son esth\u00e9tique minimaliste et raffin\u00e9e s\u2019inscrit parfaitement dans les univers m\u00e9diterran\u00e9ens, wabi-sabi ou contemporains \u00e9pur\u00e9s, chers \u00e0 l\u2019esprit Homeproject.fr. Gr\u00e2ce \u00e0 son c\u00e2ble r\u00e9glable, cette suspension s\u2019adapte facilement \u00e0 diff\u00e9rentes hauteurs sous plafond, offrant une mise en sc\u00e8ne lumineuse \u00e0 la fois fonctionnelle et d\u00e9corative.","og_url":"https:\/\/homeproject.fr\/fr\/produit\/suspension-au-design-sculptural-et-legerete-graphique-miss\/","og_site_name":"Homeproject.fr","article_modified_time":"2026-02-02T14:53:22+00:00","og_image":[{"width":1024,"height":1024,"url":"https:\/\/homeproject.fr\/fr\/wp-content\/uploads\/2026\/02\/Suspension-au-design-sculptural-et-legerete-graphique-MISS.png","type":"image\/png"}],"twitter_card":"summary_large_image","twitter_misc":{"Dur\u00e9e de lecture estim\u00e9e":"1 minute"},"schema":{"@context":"https:\/\/schema.org","@graph":[{"@type":"WebPage","@id":"https:\/\/homeproject.fr\/fr\/produit\/suspension-au-design-sculptural-et-legerete-graphique-miss\/","url":"https:\/\/homeproject.fr\/fr\/produit\/suspension-au-design-sculptural-et-legerete-graphique-miss\/","name":"Suspension au design sculptural et l\u00e9g\u00e8ret\u00e9 graphique MISS - Homeproject.fr","isPartOf":{"@id":"https:\/\/homeproject.fr\/fr\/#website"},"primaryImageOfPage":{"@id":"https:\/\/homeproject.fr\/fr\/produit\/suspension-au-design-sculptural-et-legerete-graphique-miss\/#primaryimage"},"image":{"@id":"https:\/\/homeproject.fr\/fr\/produit\/suspension-au-design-sculptural-et-legerete-graphique-miss\/#primaryimage"},"thumbnailUrl":"https:\/\/homeproject.fr\/fr\/wp-content\/uploads\/2026\/02\/Suspension-au-design-sculptural-et-legerete-graphique-MISS.png","datePublished":"2026-02-02T14:25:54+00:00","dateModified":"2026-02-02T14:53:22+00:00","breadcrumb":{"@id":"https:\/\/homeproject.fr\/fr\/produit\/suspension-au-design-sculptural-et-legerete-graphique-miss\/#breadcrumb"},"inLanguage":"fr-FR","potentialAction":[{"@type":"ReadAction","target":["https:\/\/homeproject.fr\/fr\/produit\/suspension-au-design-sculptural-et-legerete-graphique-miss\/"]}]},{"@type":"ImageObject","inLanguage":"fr-FR","@id":"https:\/\/homeproject.fr\/fr\/produit\/suspension-au-design-sculptural-et-legerete-graphique-miss\/#primaryimage","url":"https:\/\/homeproject.fr\/fr\/wp-content\/uploads\/2026\/02\/Suspension-au-design-sculptural-et-legerete-graphique-MISS.png","contentUrl":"https:\/\/homeproject.fr\/fr\/wp-content\/uploads\/2026\/02\/Suspension-au-design-sculptural-et-legerete-graphique-MISS.png","width":1024,"height":1024},{"@type":"BreadcrumbList","@id":"https:\/\/homeproject.fr\/fr\/produit\/suspension-au-design-sculptural-et-legerete-graphique-miss\/#breadcrumb","itemListElement":[{"@type":"ListItem","position":1,"name":"Accueil","item":"https:\/\/homeproject.fr\/fr\/"},{"@type":"ListItem","position":2,"name":"Boutique","item":"https:\/\/homeproject.fr\/fr\/boutique\/"},{"@type":"ListItem","position":3,"name":"Suspension au design sculptural et l\u00e9g\u00e8ret\u00e9 graphique MISS"}]},{"@type":"WebSite","@id":"https:\/\/homeproject.fr\/fr\/#website","url":"https:\/\/homeproject.fr\/fr\/","name":"Homeproject.fr","description":"Offrez l&#039;exceptionnel \u00e0 vos espaces \u00e0 vivre","publisher":{"@id":"https:\/\/homeproject.fr\/fr\/#organization"},"potentialAction":[{"@type":"SearchAction","target":{"@type":"EntryPoint","urlTemplate":"https:\/\/homeproject.fr\/fr\/?s={search_term_string}"},"query-input":{"@type":"PropertyValueSpecification","valueRequired":true,"valueName":"search_term_string"}}],"inLanguage":"fr-FR"},{"@type":"Organization","@id":"https:\/\/homeproject.fr\/fr\/#organization","name":"Homeproject.fr","url":"https:\/\/homeproject.fr\/fr\/","logo":{"@type":"ImageObject","inLanguage":"fr-FR","@id":"https:\/\/homeproject.fr\/fr\/#\/schema\/logo\/image\/","url":"https:\/\/homeproject.fr\/fr\/wp-content\/uploads\/2024\/12\/Logo_HomeProject-noir-2.png","contentUrl":"https:\/\/homeproject.fr\/fr\/wp-content\/uploads\/2024\/12\/Logo_HomeProject-noir-2.png","width":300,"height":91,"caption":"Homeproject.fr"},"image":{"@id":"https:\/\/homeproject.fr\/fr\/#\/schema\/logo\/image\/"}}]}},"_links":{"self":[{"href":"https:\/\/homeproject.fr\/fr\/wp-json\/wp\/v2\/product\/15770","targetHints":{"allow":["GET"]}}],"collection":[{"href":"https:\/\/homeproject.fr\/fr\/wp-json\/wp\/v2\/product"}],"about":[{"href":"https:\/\/homeproject.fr\/fr\/wp-json\/wp\/v2\/types\/product"}],"version-history":[{"count":2,"href":"https:\/\/homeproject.fr\/fr\/wp-json\/wp\/v2\/product\/15770\/revisions"}],"predecessor-version":[{"id":15788,"href":"https:\/\/homeproject.fr\/fr\/wp-json\/wp\/v2\/product\/15770\/revisions\/15788"}],"wp:featuredmedia":[{"embeddable":true,"href":"https:\/\/homeproject.fr\/fr\/wp-json\/wp\/v2\/media\/15771"}],"wp:attachment":[{"href":"https:\/\/homeproject.fr\/fr\/wp-json\/wp\/v2\/media?parent=15770"}],"wp:term":[{"taxonomy":"product_brand","embeddable":true,"href":"https:\/\/homeproject.fr\/fr\/wp-json\/wp\/v2\/product_brand?post=15770"},{"taxonomy":"product_cat","embeddable":true,"href":"https:\/\/homeproject.fr\/fr\/wp-json\/wp\/v2\/product_cat?post=15770"},{"taxonomy":"product_tag","embeddable":true,"href":"https:\/\/homeproject.fr\/fr\/wp-json\/wp\/v2\/product_tag?post=15770"}],"curies":[{"name":"wp","href":"https:\/\/api.w.org\/{rel}","templated":true}]}}