{"id":15764,"date":"2026-02-02T14:18:30","date_gmt":"2026-02-02T14:18:30","guid":{"rendered":"https:\/\/homeproject.fr\/fr\/?post_type=product&#038;p=15764"},"modified":"2026-02-02T14:53:40","modified_gmt":"2026-02-02T14:53:40","slug":"suspension-boheme-au-design-naturel-esprit-mediterraneen-paillote","status":"publish","type":"product","link":"https:\/\/homeproject.fr\/fr\/produit\/suspension-boheme-au-design-naturel-esprit-mediterraneen-paillote\/","title":{"rendered":"Suspension boh\u00e8me au design naturel &#038; esprit m\u00e9diterran\u00e9en PAILLOTE"},"content":{"rendered":"<h2 data-start=\"892\" data-end=\"1024\"><strong>Caract\u00e9ristiques techniques<\/strong><\/h2>\n<ul class=\"ul1\">\n<li class=\"li1\"><b>Type<\/b>\u00a0: Suspension d\u00e9corative<\/li>\n<li class=\"li1\"><b>Source lumineuse<\/b>\u00a0: 1 \u00d7 ampoule\u00a0<b>E27<\/b>\u00a0(non fournie)<\/li>\n<li class=\"li1\"><b>Tension<\/b>\u00a0: 220\u2013240 V<\/li>\n<li class=\"li1\"><b>Fr\u00e9quence<\/b>\u00a0: 50 \/ 60 Hz<\/li>\n<li class=\"li1\"><b>Classe d\u2019isolation<\/b>\u00a0: Classe I<\/li>\n<li class=\"li1\"><b>Indice de protection<\/b>\u00a0: IP20 (usage int\u00e9rieur)<\/li>\n<li class=\"li1\"><b>Structure<\/b>\u00a0: M\u00e9tal \/ fer<\/li>\n<li class=\"li1\"><b>Diffusion<\/b>\u00a0: fibres naturelles ajour\u00e9es<\/li>\n<li class=\"li1\"><b>Couleur structure<\/b>\u00a0: Noir<\/li>\n<li class=\"li1\"><b>Couleur diffuseur<\/b>\u00a0: Naturel \/ Havana<\/li>\n<li class=\"li1\"><b>C\u00e2ble<\/b>\u00a0: r\u00e9glable jusqu\u2019\u00e0\u00a0<b>120 cm<\/b><b><\/b><\/li>\n<li class=\"li1\"><b>Installation<\/b>\u00a0: plafond<\/li>\n<li class=\"li1\"><b>Style<\/b>\u00a0: Naturel, boh\u00e8me, m\u00e9diterran\u00e9en<\/li>\n<li class=\"li1\"><b>Garantie fabricant<\/b>\u00a0: 5 ans<\/li>\n<\/ul>\n<p><img fetchpriority=\"high\" decoding=\"async\" class=\"alignnone wp-image-15765 size-full\" src=\"https:\/\/homeproject.fr\/fr\/wp-content\/uploads\/2026\/02\/Suspension-au-design-naturel-esprit-mediterraneen-PAILLOTE-schema.png\" alt=\"\" width=\"319\" height=\"383\" srcset=\"https:\/\/homeproject.fr\/fr\/wp-content\/uploads\/2026\/02\/Suspension-au-design-naturel-esprit-mediterraneen-PAILLOTE-schema.png 319w, https:\/\/homeproject.fr\/fr\/wp-content\/uploads\/2026\/02\/Suspension-au-design-naturel-esprit-mediterraneen-PAILLOTE-schema-250x300.png 250w, https:\/\/homeproject.fr\/fr\/wp-content\/uploads\/2026\/02\/Suspension-au-design-naturel-esprit-mediterraneen-PAILLOTE-schema-10x12.png 10w\" sizes=\"(max-width: 319px) 100vw, 319px\" \/><\/p>\n<h2><strong>Pourquoi choisir la suspension Paillote?<\/strong><\/h2>\n<ul class=\"ul1\">\n<li class=\"li1\">Diffusion lumineuse douce et d\u00e9corative<\/li>\n<li class=\"li1\">Design naturel inspir\u00e9 des paillotes m\u00e9diterran\u00e9ennes<\/li>\n<li class=\"li1\">Compatible avec ampoule LED E27<\/li>\n<li class=\"li1\">Id\u00e9ale pour salle \u00e0 manger, cuisine ou salon<\/li>\n<li class=\"li1\">Parfaite pour une d\u00e9coration chaleureuse et intemporelle<\/li>\n<\/ul>\n<h2 data-start=\"509\" data-end=\"546\"><strong style=\"font-family: inherit;\">Vous avez des questions ?<\/strong><\/h2>\n<style id=\"wpforms-css-vars-3675\">\n\t\t\t\t#wpforms-3675 {\n\t\t\t\t\n\t\t\t}\n\t\t\t<\/style><div class=\"wpforms-container wpforms-container-full wpforms-render-modern\" id=\"wpforms-3675\"><form id=\"wpforms-form-3675\" class=\"wpforms-validate wpforms-form wpforms-ajax-form\" data-formid=\"3675\" method=\"post\" enctype=\"multipart\/form-data\" action=\"\/fr\/wp-json\/wp\/v2\/product\/15764\" data-token=\"40ada6e9151c970e4278e2da3e5409c5\" data-token-time=\"1777911271\"><noscript class=\"wpforms-error-noscript\">Veuillez activer JavaScript dans votre navigateur pour remplir ce formulaire.<\/noscript><div id=\"wpforms-error-noscript\" style=\"display: none;\">Veuillez activer JavaScript dans votre navigateur pour remplir ce formulaire.<\/div><div class=\"wpforms-field-container\">\t\t<div id=\"wpforms-3675-field_1-container\"\n\t\t\tclass=\"wpforms-field wpforms-field-text\"\n\t\t\tdata-field-type=\"text\"\n\t\t\tdata-field-id=\"1\"\n\t\t\t>\n\t\t\t<label class=\"wpforms-field-label\" for=\"wpforms-3675-field_1\" >Message Nom E-mail<\/label>\n\t\t\t<input type=\"text\" id=\"wpforms-3675-field_1\" class=\"wpforms-field-medium\" name=\"wpforms[fields][1]\" >\n\t\t<\/div>\n\t\t<div id=\"wpforms-3675-field_3-container\" class=\"wpforms-field wpforms-field-name\" data-field-id=\"3\"><fieldset><legend class=\"wpforms-field-label\">Nom <span class=\"wpforms-required-label\" aria-hidden=\"true\">*<\/span><\/legend><div class=\"wpforms-field-row wpforms-field-medium\"><div class=\"wpforms-field-row-block wpforms-first wpforms-one-half\"><input type=\"text\" id=\"wpforms-3675-field_3\" class=\"wpforms-field-name-first wpforms-field-required\" name=\"wpforms[fields][3][first]\" aria-errormessage=\"wpforms-3675-field_3-error\" required><label for=\"wpforms-3675-field_3\" class=\"wpforms-field-sublabel after\">Pr\u00e9nom<\/label><\/div><div class=\"wpforms-field-row-block wpforms-one-half\"><input type=\"text\" id=\"wpforms-3675-field_3-last\" class=\"wpforms-field-name-last wpforms-field-required\" name=\"wpforms[fields][3][last]\" aria-errormessage=\"wpforms-3675-field_3-last-error\" required><label for=\"wpforms-3675-field_3-last\" class=\"wpforms-field-sublabel after\">Nom<\/label><\/div><\/div><\/fieldset><\/div><div id=\"wpforms-3675-field_4-container\" class=\"wpforms-field wpforms-field-email\" data-field-id=\"4\"><label class=\"wpforms-field-label\" for=\"wpforms-3675-field_4\">E-mail <span class=\"wpforms-required-label\" aria-hidden=\"true\">*<\/span><\/label><input type=\"email\" id=\"wpforms-3675-field_4\" class=\"wpforms-field-medium wpforms-field-required\" name=\"wpforms[fields][4]\" spellcheck=\"false\" aria-errormessage=\"wpforms-3675-field_4-error\" required><\/div><div id=\"wpforms-3675-field_5-container\" class=\"wpforms-field wpforms-field-textarea\" data-field-id=\"5\"><label class=\"wpforms-field-label\" for=\"wpforms-3675-field_5\">Message <span class=\"wpforms-required-label\" aria-hidden=\"true\">*<\/span><\/label><textarea id=\"wpforms-3675-field_5\" class=\"wpforms-field-medium wpforms-field-required\" name=\"wpforms[fields][5]\" aria-errormessage=\"wpforms-3675-field_5-error\" required><\/textarea><\/div><script>\n\t\t\t\t( function() {\n\t\t\t\t\tconst style = document.createElement( 'style' );\n\t\t\t\t\tstyle.appendChild( document.createTextNode( '#wpforms-3675-field_1-container { position: absolute !important; overflow: hidden !important; display: inline !important; height: 1px !important; width: 1px !important; z-index: -1000 !important; padding: 0 !important; } #wpforms-3675-field_1-container input { visibility: hidden; } #wpforms-conversational-form-page #wpforms-3675-field_1-container label { counter-increment: none; }' ) );\n\t\t\t\t\tdocument.head.appendChild( style );\n\t\t\t\t\tdocument.currentScript?.remove();\n\t\t\t\t} )();\n\t\t\t<\/script><\/div><!-- .wpforms-field-container --><div class=\"wpforms-submit-container\" ><input type=\"hidden\" name=\"wpforms[id]\" value=\"3675\"><input type=\"hidden\" name=\"page_title\" value=\"\"><input type=\"hidden\" name=\"page_url\" value=\"https:\/\/homeproject.fr\/fr\/wp-json\/wp\/v2\/product\/15764\"><input type=\"hidden\" name=\"url_referer\" value=\"\"><button type=\"submit\" name=\"wpforms[submit]\" id=\"wpforms-submit-3675\" class=\"wpforms-submit\" data-alt-text=\"Envoi...\" data-submit-text=\"Envoyer\" aria-live=\"assertive\" value=\"wpforms-submit\">Envoyer<\/button><img decoding=\"async\" src=\"https:\/\/homeproject.fr\/fr\/wp-content\/plugins\/wpforms-lite\/assets\/images\/submit-spin.svg\" class=\"wpforms-submit-spinner\" style=\"display: none;\" width=\"26\" height=\"26\" alt=\"Chargement en cours\"><\/div><\/form><\/div>  <!-- .wpforms-container -->\n","protected":false},"excerpt":{"rendered":"<p data-start=\"293\" data-end=\"607\">Inspir\u00e9e de l\u2019univers des maisons de bord de mer et des int\u00e9rieurs solaires, la suspension\u00a0<strong data-start=\"384\" data-end=\"396\">Paillote<\/strong>\u00a0incarne une \u00e9l\u00e9gance naturelle au caract\u00e8re affirm\u00e9. Son abat-jour ajour\u00e9 en fibres naturelles diffuse une lumi\u00e8re chaleureuse et d\u00e9corative, cr\u00e9ant de subtils jeux d\u2019ombres qui habillent l\u2019espace avec douceur.<\/p>\n<p data-start=\"609\" data-end=\"944\">Parfaite au-dessus d\u2019une table \u00e0 manger, dans une cuisine conviviale ou un salon au style boh\u00e8me chic, Paillote s\u2019int\u00e8gre harmonieusement dans les int\u00e9rieurs contemporains, m\u00e9diterran\u00e9ens ou wabi-sabi. Son design a\u00e9rien apporte une touche artisanale tout en conservant une ligne sobre et intemporelle, signature de l\u2019univers Homeproject.fr.<\/p>\n<p data-start=\"946\" data-end=\"1130\">Gr\u00e2ce \u00e0 son c\u00e2ble r\u00e9glable, cette suspension s\u2019adapte facilement \u00e0 diff\u00e9rentes hauteurs sous plafond et devient un v\u00e9ritable \u00e9l\u00e9ment de d\u00e9coration, aussi esth\u00e9tique \u00e9teinte qu\u2019allum\u00e9e.<\/p>\n","protected":false},"featured_media":15766,"template":"","meta":{"_uf_show_specific_survey":0,"_uf_disable_surveys":false,"iawp_total_views":1},"product_brand":[],"product_cat":[172],"product_tag":[],"class_list":{"0":"post-15764","1":"product","2":"type-product","3":"status-publish","4":"has-post-thumbnail","6":"product_cat-suspensions","7":"product_shipping_class-petit-colis","8":"pa_materiau-metal","9":"pa_materiau-papier","11":"first","12":"instock","13":"taxable","14":"shipping-taxable","15":"purchasable","16":"product-type-simple"},"yoast_head":"<!-- This site is optimized with the Yoast SEO plugin v27.5 - https:\/\/yoast.com\/product\/yoast-seo-wordpress\/ -->\n<title>Suspension boh\u00e8me au design naturel &amp; esprit m\u00e9diterran\u00e9en PAILLOTE - Homeproject.fr<\/title>\n<meta name=\"robots\" content=\"index, follow, max-snippet:-1, max-image-preview:large, max-video-preview:-1\" \/>\n<link rel=\"canonical\" href=\"https:\/\/homeproject.fr\/fr\/produit\/suspension-boheme-au-design-naturel-esprit-mediterraneen-paillote\/\" \/>\n<meta property=\"og:locale\" content=\"fr_FR\" \/>\n<meta property=\"og:type\" content=\"article\" \/>\n<meta property=\"og:title\" content=\"Suspension boh\u00e8me au design naturel &amp; esprit m\u00e9diterran\u00e9en PAILLOTE - Homeproject.fr\" \/>\n<meta property=\"og:description\" content=\"Inspir\u00e9e de l\u2019univers des maisons de bord de mer et des int\u00e9rieurs solaires, la suspension\u00a0Paillote\u00a0incarne une \u00e9l\u00e9gance naturelle au caract\u00e8re affirm\u00e9. Son abat-jour ajour\u00e9 en fibres naturelles diffuse une lumi\u00e8re chaleureuse et d\u00e9corative, cr\u00e9ant de subtils jeux d\u2019ombres qui habillent l\u2019espace avec douceur. Parfaite au-dessus d\u2019une table \u00e0 manger, dans une cuisine conviviale ou un salon au style boh\u00e8me chic, Paillote s\u2019int\u00e8gre harmonieusement dans les int\u00e9rieurs contemporains, m\u00e9diterran\u00e9ens ou wabi-sabi. Son design a\u00e9rien apporte une touche artisanale tout en conservant une ligne sobre et intemporelle, signature de l\u2019univers Homeproject.fr. Gr\u00e2ce \u00e0 son c\u00e2ble r\u00e9glable, cette suspension s\u2019adapte facilement \u00e0 diff\u00e9rentes hauteurs sous plafond et devient un v\u00e9ritable \u00e9l\u00e9ment de d\u00e9coration, aussi esth\u00e9tique \u00e9teinte qu\u2019allum\u00e9e.\" \/>\n<meta property=\"og:url\" content=\"https:\/\/homeproject.fr\/fr\/produit\/suspension-boheme-au-design-naturel-esprit-mediterraneen-paillote\/\" \/>\n<meta property=\"og:site_name\" content=\"Homeproject.fr\" \/>\n<meta property=\"article:modified_time\" content=\"2026-02-02T14:53:40+00:00\" \/>\n<meta property=\"og:image\" content=\"https:\/\/homeproject.fr\/fr\/wp-content\/uploads\/2026\/02\/Suspension-au-design-naturel-esprit-mediterraneen-PAILLOTE.png\" \/>\n\t<meta property=\"og:image:width\" content=\"1024\" \/>\n\t<meta property=\"og:image:height\" content=\"1024\" \/>\n\t<meta property=\"og:image:type\" content=\"image\/png\" \/>\n<meta name=\"twitter:card\" content=\"summary_large_image\" \/>\n<meta name=\"twitter:label1\" content=\"Dur\u00e9e de lecture estim\u00e9e\" \/>\n\t<meta name=\"twitter:data1\" content=\"1 minute\" \/>\n<script type=\"application\/ld+json\" class=\"yoast-schema-graph\">{\"@context\":\"https:\\\/\\\/schema.org\",\"@graph\":[{\"@type\":\"WebPage\",\"@id\":\"https:\\\/\\\/homeproject.fr\\\/fr\\\/produit\\\/suspension-boheme-au-design-naturel-esprit-mediterraneen-paillote\\\/\",\"url\":\"https:\\\/\\\/homeproject.fr\\\/fr\\\/produit\\\/suspension-boheme-au-design-naturel-esprit-mediterraneen-paillote\\\/\",\"name\":\"Suspension boh\u00e8me au design naturel & esprit m\u00e9diterran\u00e9en PAILLOTE - Homeproject.fr\",\"isPartOf\":{\"@id\":\"https:\\\/\\\/homeproject.fr\\\/fr\\\/#website\"},\"primaryImageOfPage\":{\"@id\":\"https:\\\/\\\/homeproject.fr\\\/fr\\\/produit\\\/suspension-boheme-au-design-naturel-esprit-mediterraneen-paillote\\\/#primaryimage\"},\"image\":{\"@id\":\"https:\\\/\\\/homeproject.fr\\\/fr\\\/produit\\\/suspension-boheme-au-design-naturel-esprit-mediterraneen-paillote\\\/#primaryimage\"},\"thumbnailUrl\":\"https:\\\/\\\/homeproject.fr\\\/fr\\\/wp-content\\\/uploads\\\/2026\\\/02\\\/Suspension-au-design-naturel-esprit-mediterraneen-PAILLOTE.png\",\"datePublished\":\"2026-02-02T14:18:30+00:00\",\"dateModified\":\"2026-02-02T14:53:40+00:00\",\"breadcrumb\":{\"@id\":\"https:\\\/\\\/homeproject.fr\\\/fr\\\/produit\\\/suspension-boheme-au-design-naturel-esprit-mediterraneen-paillote\\\/#breadcrumb\"},\"inLanguage\":\"fr-FR\",\"potentialAction\":[{\"@type\":\"ReadAction\",\"target\":[\"https:\\\/\\\/homeproject.fr\\\/fr\\\/produit\\\/suspension-boheme-au-design-naturel-esprit-mediterraneen-paillote\\\/\"]}]},{\"@type\":\"ImageObject\",\"inLanguage\":\"fr-FR\",\"@id\":\"https:\\\/\\\/homeproject.fr\\\/fr\\\/produit\\\/suspension-boheme-au-design-naturel-esprit-mediterraneen-paillote\\\/#primaryimage\",\"url\":\"https:\\\/\\\/homeproject.fr\\\/fr\\\/wp-content\\\/uploads\\\/2026\\\/02\\\/Suspension-au-design-naturel-esprit-mediterraneen-PAILLOTE.png\",\"contentUrl\":\"https:\\\/\\\/homeproject.fr\\\/fr\\\/wp-content\\\/uploads\\\/2026\\\/02\\\/Suspension-au-design-naturel-esprit-mediterraneen-PAILLOTE.png\",\"width\":1024,\"height\":1024},{\"@type\":\"BreadcrumbList\",\"@id\":\"https:\\\/\\\/homeproject.fr\\\/fr\\\/produit\\\/suspension-boheme-au-design-naturel-esprit-mediterraneen-paillote\\\/#breadcrumb\",\"itemListElement\":[{\"@type\":\"ListItem\",\"position\":1,\"name\":\"Accueil\",\"item\":\"https:\\\/\\\/homeproject.fr\\\/fr\\\/\"},{\"@type\":\"ListItem\",\"position\":2,\"name\":\"Boutique\",\"item\":\"https:\\\/\\\/homeproject.fr\\\/fr\\\/boutique\\\/\"},{\"@type\":\"ListItem\",\"position\":3,\"name\":\"Suspension boh\u00e8me au design naturel &#038; esprit m\u00e9diterran\u00e9en PAILLOTE\"}]},{\"@type\":\"WebSite\",\"@id\":\"https:\\\/\\\/homeproject.fr\\\/fr\\\/#website\",\"url\":\"https:\\\/\\\/homeproject.fr\\\/fr\\\/\",\"name\":\"Homeproject.fr\",\"description\":\"Offrez l&#039;exceptionnel \u00e0 vos espaces \u00e0 vivre\",\"publisher\":{\"@id\":\"https:\\\/\\\/homeproject.fr\\\/fr\\\/#organization\"},\"potentialAction\":[{\"@type\":\"SearchAction\",\"target\":{\"@type\":\"EntryPoint\",\"urlTemplate\":\"https:\\\/\\\/homeproject.fr\\\/fr\\\/?s={search_term_string}\"},\"query-input\":{\"@type\":\"PropertyValueSpecification\",\"valueRequired\":true,\"valueName\":\"search_term_string\"}}],\"inLanguage\":\"fr-FR\"},{\"@type\":\"Organization\",\"@id\":\"https:\\\/\\\/homeproject.fr\\\/fr\\\/#organization\",\"name\":\"Homeproject.fr\",\"url\":\"https:\\\/\\\/homeproject.fr\\\/fr\\\/\",\"logo\":{\"@type\":\"ImageObject\",\"inLanguage\":\"fr-FR\",\"@id\":\"https:\\\/\\\/homeproject.fr\\\/fr\\\/#\\\/schema\\\/logo\\\/image\\\/\",\"url\":\"https:\\\/\\\/homeproject.fr\\\/fr\\\/wp-content\\\/uploads\\\/2024\\\/12\\\/Logo_HomeProject-noir-2.png\",\"contentUrl\":\"https:\\\/\\\/homeproject.fr\\\/fr\\\/wp-content\\\/uploads\\\/2024\\\/12\\\/Logo_HomeProject-noir-2.png\",\"width\":300,\"height\":91,\"caption\":\"Homeproject.fr\"},\"image\":{\"@id\":\"https:\\\/\\\/homeproject.fr\\\/fr\\\/#\\\/schema\\\/logo\\\/image\\\/\"}}]}<\/script>\n<!-- \/ Yoast SEO plugin. -->","yoast_head_json":{"title":"Suspension boh\u00e8me au design naturel & esprit m\u00e9diterran\u00e9en PAILLOTE - Homeproject.fr","robots":{"index":"index","follow":"follow","max-snippet":"max-snippet:-1","max-image-preview":"max-image-preview:large","max-video-preview":"max-video-preview:-1"},"canonical":"https:\/\/homeproject.fr\/fr\/produit\/suspension-boheme-au-design-naturel-esprit-mediterraneen-paillote\/","og_locale":"fr_FR","og_type":"article","og_title":"Suspension boh\u00e8me au design naturel & esprit m\u00e9diterran\u00e9en PAILLOTE - Homeproject.fr","og_description":"Inspir\u00e9e de l\u2019univers des maisons de bord de mer et des int\u00e9rieurs solaires, la suspension\u00a0Paillote\u00a0incarne une \u00e9l\u00e9gance naturelle au caract\u00e8re affirm\u00e9. Son abat-jour ajour\u00e9 en fibres naturelles diffuse une lumi\u00e8re chaleureuse et d\u00e9corative, cr\u00e9ant de subtils jeux d\u2019ombres qui habillent l\u2019espace avec douceur. Parfaite au-dessus d\u2019une table \u00e0 manger, dans une cuisine conviviale ou un salon au style boh\u00e8me chic, Paillote s\u2019int\u00e8gre harmonieusement dans les int\u00e9rieurs contemporains, m\u00e9diterran\u00e9ens ou wabi-sabi. Son design a\u00e9rien apporte une touche artisanale tout en conservant une ligne sobre et intemporelle, signature de l\u2019univers Homeproject.fr. Gr\u00e2ce \u00e0 son c\u00e2ble r\u00e9glable, cette suspension s\u2019adapte facilement \u00e0 diff\u00e9rentes hauteurs sous plafond et devient un v\u00e9ritable \u00e9l\u00e9ment de d\u00e9coration, aussi esth\u00e9tique \u00e9teinte qu\u2019allum\u00e9e.","og_url":"https:\/\/homeproject.fr\/fr\/produit\/suspension-boheme-au-design-naturel-esprit-mediterraneen-paillote\/","og_site_name":"Homeproject.fr","article_modified_time":"2026-02-02T14:53:40+00:00","og_image":[{"width":1024,"height":1024,"url":"https:\/\/homeproject.fr\/fr\/wp-content\/uploads\/2026\/02\/Suspension-au-design-naturel-esprit-mediterraneen-PAILLOTE.png","type":"image\/png"}],"twitter_card":"summary_large_image","twitter_misc":{"Dur\u00e9e de lecture estim\u00e9e":"1 minute"},"schema":{"@context":"https:\/\/schema.org","@graph":[{"@type":"WebPage","@id":"https:\/\/homeproject.fr\/fr\/produit\/suspension-boheme-au-design-naturel-esprit-mediterraneen-paillote\/","url":"https:\/\/homeproject.fr\/fr\/produit\/suspension-boheme-au-design-naturel-esprit-mediterraneen-paillote\/","name":"Suspension boh\u00e8me au design naturel & esprit m\u00e9diterran\u00e9en PAILLOTE - Homeproject.fr","isPartOf":{"@id":"https:\/\/homeproject.fr\/fr\/#website"},"primaryImageOfPage":{"@id":"https:\/\/homeproject.fr\/fr\/produit\/suspension-boheme-au-design-naturel-esprit-mediterraneen-paillote\/#primaryimage"},"image":{"@id":"https:\/\/homeproject.fr\/fr\/produit\/suspension-boheme-au-design-naturel-esprit-mediterraneen-paillote\/#primaryimage"},"thumbnailUrl":"https:\/\/homeproject.fr\/fr\/wp-content\/uploads\/2026\/02\/Suspension-au-design-naturel-esprit-mediterraneen-PAILLOTE.png","datePublished":"2026-02-02T14:18:30+00:00","dateModified":"2026-02-02T14:53:40+00:00","breadcrumb":{"@id":"https:\/\/homeproject.fr\/fr\/produit\/suspension-boheme-au-design-naturel-esprit-mediterraneen-paillote\/#breadcrumb"},"inLanguage":"fr-FR","potentialAction":[{"@type":"ReadAction","target":["https:\/\/homeproject.fr\/fr\/produit\/suspension-boheme-au-design-naturel-esprit-mediterraneen-paillote\/"]}]},{"@type":"ImageObject","inLanguage":"fr-FR","@id":"https:\/\/homeproject.fr\/fr\/produit\/suspension-boheme-au-design-naturel-esprit-mediterraneen-paillote\/#primaryimage","url":"https:\/\/homeproject.fr\/fr\/wp-content\/uploads\/2026\/02\/Suspension-au-design-naturel-esprit-mediterraneen-PAILLOTE.png","contentUrl":"https:\/\/homeproject.fr\/fr\/wp-content\/uploads\/2026\/02\/Suspension-au-design-naturel-esprit-mediterraneen-PAILLOTE.png","width":1024,"height":1024},{"@type":"BreadcrumbList","@id":"https:\/\/homeproject.fr\/fr\/produit\/suspension-boheme-au-design-naturel-esprit-mediterraneen-paillote\/#breadcrumb","itemListElement":[{"@type":"ListItem","position":1,"name":"Accueil","item":"https:\/\/homeproject.fr\/fr\/"},{"@type":"ListItem","position":2,"name":"Boutique","item":"https:\/\/homeproject.fr\/fr\/boutique\/"},{"@type":"ListItem","position":3,"name":"Suspension boh\u00e8me au design naturel &#038; esprit m\u00e9diterran\u00e9en PAILLOTE"}]},{"@type":"WebSite","@id":"https:\/\/homeproject.fr\/fr\/#website","url":"https:\/\/homeproject.fr\/fr\/","name":"Homeproject.fr","description":"Offrez l&#039;exceptionnel \u00e0 vos espaces \u00e0 vivre","publisher":{"@id":"https:\/\/homeproject.fr\/fr\/#organization"},"potentialAction":[{"@type":"SearchAction","target":{"@type":"EntryPoint","urlTemplate":"https:\/\/homeproject.fr\/fr\/?s={search_term_string}"},"query-input":{"@type":"PropertyValueSpecification","valueRequired":true,"valueName":"search_term_string"}}],"inLanguage":"fr-FR"},{"@type":"Organization","@id":"https:\/\/homeproject.fr\/fr\/#organization","name":"Homeproject.fr","url":"https:\/\/homeproject.fr\/fr\/","logo":{"@type":"ImageObject","inLanguage":"fr-FR","@id":"https:\/\/homeproject.fr\/fr\/#\/schema\/logo\/image\/","url":"https:\/\/homeproject.fr\/fr\/wp-content\/uploads\/2024\/12\/Logo_HomeProject-noir-2.png","contentUrl":"https:\/\/homeproject.fr\/fr\/wp-content\/uploads\/2024\/12\/Logo_HomeProject-noir-2.png","width":300,"height":91,"caption":"Homeproject.fr"},"image":{"@id":"https:\/\/homeproject.fr\/fr\/#\/schema\/logo\/image\/"}}]}},"_links":{"self":[{"href":"https:\/\/homeproject.fr\/fr\/wp-json\/wp\/v2\/product\/15764","targetHints":{"allow":["GET"]}}],"collection":[{"href":"https:\/\/homeproject.fr\/fr\/wp-json\/wp\/v2\/product"}],"about":[{"href":"https:\/\/homeproject.fr\/fr\/wp-json\/wp\/v2\/types\/product"}],"version-history":[{"count":3,"href":"https:\/\/homeproject.fr\/fr\/wp-json\/wp\/v2\/product\/15764\/revisions"}],"predecessor-version":[{"id":15789,"href":"https:\/\/homeproject.fr\/fr\/wp-json\/wp\/v2\/product\/15764\/revisions\/15789"}],"wp:featuredmedia":[{"embeddable":true,"href":"https:\/\/homeproject.fr\/fr\/wp-json\/wp\/v2\/media\/15766"}],"wp:attachment":[{"href":"https:\/\/homeproject.fr\/fr\/wp-json\/wp\/v2\/media?parent=15764"}],"wp:term":[{"taxonomy":"product_brand","embeddable":true,"href":"https:\/\/homeproject.fr\/fr\/wp-json\/wp\/v2\/product_brand?post=15764"},{"taxonomy":"product_cat","embeddable":true,"href":"https:\/\/homeproject.fr\/fr\/wp-json\/wp\/v2\/product_cat?post=15764"},{"taxonomy":"product_tag","embeddable":true,"href":"https:\/\/homeproject.fr\/fr\/wp-json\/wp\/v2\/product_tag?post=15764"}],"curies":[{"name":"wp","href":"https:\/\/api.w.org\/{rel}","templated":true}]}}